{"id":3,"date":"2025-02-06T10:50:38","date_gmt":"2025-02-06T09:50:38","guid":{"rendered":"https:\/\/kirkensbymisjon.no\/tilbud-berort-av-rus\/forside\/"},"modified":"2026-01-29T08:38:25","modified_gmt":"2026-01-29T07:38:25","slug":"forside","status":"publish","type":"page","link":"https:\/\/kirkensbymisjon.no\/tilbud-berort-av-rus\/","title":{"rendered":"Forside"},"content":{"rendered":"\n<h2 class=\"wp-block-heading\" id=\"h-foler-du-at-andres-rusbruk-gar-utover-deg\">F\u00f8ler du at andres rusbruk g\u00e5r utover deg?<\/h2>\n\n\n\n<p>Ber\u00f8rt av rus er et p\u00e5r\u00f8rendeprosjekt som tilbyr informasjon og r\u00e5dgivning til mennesker som opplever seg ber\u00f8rt av andres rusbruk. Prosjektet er et samarbeid mellom Kirkens Bymisjon, Drammen Kommune og <a href=\"https:\/\/www.blakors.no\/drammen\/berort-av-rus\/\" target=\"_blank\" rel=\"noreferrer noopener\">Bl\u00e5 Kors<\/a>, og er et gratistilbud som retter seg mot b\u00e5de voksne og barn.<\/p>\n\n\n\n<p><em>Ber\u00f8rt av rus<\/em>&nbsp;\u00f8nsker \u00e5 gj\u00f8re det lettere for p\u00e5r\u00f8rende \u00e5 komme i kontakt med andre i tilsvarende situasjon, og finne st\u00f8tte og glede i b\u00e5de andre ber\u00f8rte og prosjektets ansatte.<\/p>\n\n\n\n<p><a href=\"https:\/\/kirkensbymisjon.no\/content\/uploads\/sites\/172\/2025\/02\/Tilbud_Berort-av-rus_Informasjonsbrosjyre.pdf\">Last ned v\u00e5r informasjonsbrosjyre<\/a>, og <a href=\"https:\/\/www.facebook.com\/profile.php?id=61557031311346\">f\u00f8lg oss gjerne p\u00e5 Facebook<\/a> for oppdatert informasjon om v\u00e5re arrangementer. <\/p>\n\n\n\t<div class=\"alignwide wp-block-kbm-link-list\">\n\t\t<div class=\"kbm-link-list__items\">\n\t\t\t\n<div class=\"wp-block-kbm-link-list-item\">\t<svg xmlns=\"http:\/\/www.w3.org\/2000\/svg\" viewBox=\"0 0 48 48\" height=\"24\" width=\"24\" class=\"t2-icon t2-icon-cafeactivitycenter\" aria-hidden=\"true\" focusable=\"false\"><path d=\"M7.327 4.126a2.014 2.014 0 0 0-1.065.897L6.04 5.4l-.022 14.16c-.024 15.444-.037 14.942.428 16.566.112.393.398 1.119.635 1.614 1.505 3.15 4.26 5.295 7.799 6.071.626.137 1.109.149 6.12.149 5.007 0 5.494-.012 6.12-.149 4.2-.919 7.34-3.844 8.479-7.899.199-.709.4-1.962.401-2.501 0-.367.011-.386.18-.336 1.492.443 3.284.482 4.42.094a6.22 6.22 0 0 0 2.331-1.43c.975-.926 1.553-1.919 1.893-3.251.174-.682.176-.749.176-7.488 0-6.739-.002-6.806-.176-7.488-.346-1.358-.927-2.34-1.953-3.306-.77-.724-1.91-1.334-2.871-1.536-.798-.168-2.423-.107-3.313.125a17.55 17.55 0 0 1-.66.165c-.015 0-.027-.732-.027-1.626 0-1.897-.067-2.206-.598-2.736-.647-.647.53-.599-14.436-.592-11.357.004-13.372.022-13.639.12m32.568 8.038c.583.284 1.117.84 1.441 1.501l.224.455V27.8l-.214.457c-.301.641-.844 1.194-1.447 1.473-.446.205-.584.23-1.299.228-1.005-.002-1.768-.218-2.262-.641L36 29.028V12.991l.26-.251c.347-.335 1.202-.725 1.786-.816.71-.11 1.285-.035 1.849.24\"\/><\/svg>\t<div class=\"kbm-link-list-item__content\">\n\t\t<p class=\"kbm-link-list-item__title\">\u00c5pen kaf\u00e9 og temakvelder<\/p>\n\t\t\t\t\t<p class=\"kbm-link-list-item__description\">Vi holder til i Aktivitetskaf\u00e9en i Drammen, og arrangerer blant annet temakvelder.<\/p>\n\t\t\t<\/div>\n\t<\/div>\n\n<div class=\"wp-block-kbm-link-list-item\">\t<svg xmlns=\"http:\/\/www.w3.org\/2000\/svg\" viewBox=\"0 0 48 48\" height=\"24\" width=\"24\" class=\"t2-icon t2-icon-volunteering\" aria-hidden=\"true\" focusable=\"false\"><path d=\"M23.33 1.157c-.459.164-.862.527-1.11 1.001l-.22.42v9.211c0 10.395.045 9.659-.603 9.883-.286.098-.356.096-.601-.02-.55-.261-.512.307-.556-8.212-.044-8.585-.004-7.999-.593-8.588-.506-.505-.872-.65-1.647-.65-.55 0-.744.034-1.015.178-.412.219-.843.653-1.039 1.046-.139.28-.148.907-.186 13.494l-.04 13.2-2.888-4.321c-3.002-4.493-3.036-4.536-3.788-4.84-.357-.145-1.245-.13-1.604.026-.899.391-1.4 1.126-1.4 2.055 0 .605.105.842.971 2.201.826 1.295 1.75 3.04 2.71 5.119 1.268 2.745 2.467 5.172 2.981 6.034 2.373 3.98 5.378 5.888 10.151 6.446 1.014.119 3.559.163 4.113.071l.286-.047-3.126-3.048c-1.719-1.675-3.315-3.265-3.546-3.531-.922-1.066-1.411-2.4-1.407-3.845.005-2.62 1.651-4.838 4.227-5.698.58-.193.756-.214 1.88-.218 1.081-.003 1.317.02 1.84.182 1.024.318 1.849.825 2.736 1.681l.456.441.595-.565c1.254-1.192 2.72-1.781 4.436-1.782 1.081-.002 2.292.349 3.19.924l.427.273v-9.73c0-7.226-.024-9.81-.094-10.043-.12-.402-.632-.984-1.056-1.201-.398-.204-1.304-.281-1.783-.152a2.142 2.142 0 0 0-1.345 1.082l-.242.474-.04 6.593-.04 6.593-.19.154c-.427.346-.973.276-1.269-.162l-.181-.27-.001-9.088-.001-9.088-.188-.404c-.611-1.312-2.534-1.66-3.624-.655-.682.629-.621-.199-.666 9.099-.044 9.138-.004 8.51-.556 8.772-.245.116-.315.118-.601.02-.648-.224-.603.512-.603-9.883V2.578l-.223-.427c-.25-.478-.743-.901-1.199-1.027-.418-.116-1.359-.098-1.728.033m1.372 28.611c-1.11.121-2.023.574-2.869 1.423-1.568 1.572-1.855 3.79-.735 5.679.296.499.462.666 7.001 7.043l.698.681.542-.142c3.486-.919 6.794-3.671 8.386-6.979.723-1.504 1.098-2.941 1.243-4.77.11-1.383.113-1.375-.672-1.957-1.021-.758-1.887-1.019-3.21-.968-1.505.057-2.308.439-3.687 1.75-1.07 1.018-1.083 1.019-1.983.172-.928-.873-1.305-1.166-1.862-1.445a5.097 5.097 0 0 0-2.852-.487\"\/><\/svg>\t<div class=\"kbm-link-list-item__content\">\n\t\t<p class=\"kbm-link-list-item__title\">Individuelle samtaler<\/p>\n\t\t\t\t\t<p class=\"kbm-link-list-item__description\">Vi er til stede for den enkelte, enten man \u00f8nsker r\u00e5dgivning eller bare noen \u00e5 snakke med.<\/p>\n\t\t\t<\/div>\n\t<\/div>\n\n<div class=\"wp-block-kbm-link-list-item\">\t<svg xmlns=\"http:\/\/www.w3.org\/2000\/svg\" viewBox=\"0 0 48 48\" height=\"24\" width=\"24\" class=\"t2-icon t2-icon-conversations\" aria-hidden=\"true\" focusable=\"false\"><path d=\"M17.32 3.094c-5.657.702-10.128 3.89-11.592 8.266-.429 1.281-.554 2.15-.503 3.48.091 2.359.84 4.177 2.637 6.4l.194.24-1.547 2.48a1047.26 1047.26 0 0 0-2.025 3.256l-.477.776 2.297-.788c1.263-.433 3.316-1.138 4.562-1.568l2.266-.78.934.293c1.466.46 1.347.473 1.814-.197 2.253-3.232 6.618-5.596 11.23-6.078.871-.091 3.664-.057 4.456.054l.326.046.22-.49c.601-1.341.867-2.55.87-3.964.003-1.161-.111-1.889-.471-3-.548-1.693-1.441-3.086-2.858-4.456-2.194-2.121-5.095-3.478-8.345-3.904-.83-.109-3.313-.15-3.988-.066m9.974 16.986c-4.999.527-9.314 3.225-11.195 7-1.41 2.83-1.427 5.935-.047 8.712 2.876 5.789 10.846 8.631 17.838 6.361l.97-.315 4.51 1.553c2.481.855 4.521 1.543 4.534 1.53.014-.013-.878-1.472-1.981-3.242l-2.005-3.219.429-.53c1.19-1.471 1.904-2.945 2.27-4.685.168-.797.184-2.557.031-3.405-.236-1.313-.826-2.755-1.62-3.96-.612-.929-2.306-2.599-3.308-3.26-1.897-1.254-4.01-2.062-6.32-2.418-.979-.151-3.203-.217-4.106-.122\"\/><\/svg>\t<div class=\"kbm-link-list-item__content\">\n\t\t<p class=\"kbm-link-list-item__title\">Nettverks- og samtalegrupper<\/p>\n\t\t\t\t\t<p class=\"kbm-link-list-item__description\">Vi gj\u00f8r det lettere for p\u00e5r\u00f8rende \u00e5 komme i kontakt med andre i tilsvarende situasjon.<\/p>\n\t\t\t<\/div>\n\t<\/div>\n\t\t<\/div>\n\t<\/div>\n\t\n\n\n<div class=\"wp-block-media-text alignwide is-stacked-on-mobile is-style-filled\"><figure class=\"wp-block-media-text__media\"><img loading=\"lazy\" decoding=\"async\" width=\"1024\" height=\"771\" src=\"https:\/\/kirkensbymisjon.no\/content\/uploads\/sites\/172\/2025\/02\/Tilbud_Berort-av-rus_02-1024x771.jpg\" alt=\"\" class=\"wp-image-22 size-full\" srcset=\"https:\/\/kirkensbymisjon.no\/content\/uploads\/sites\/172\/2025\/02\/Tilbud_Berort-av-rus_02-1024x771.jpg 1024w, https:\/\/kirkensbymisjon.no\/content\/uploads\/sites\/172\/2025\/02\/Tilbud_Berort-av-rus_02-300x226.jpg 300w, https:\/\/kirkensbymisjon.no\/content\/uploads\/sites\/172\/2025\/02\/Tilbud_Berort-av-rus_02-768x578.jpg 768w, https:\/\/kirkensbymisjon.no\/content\/uploads\/sites\/172\/2025\/02\/Tilbud_Berort-av-rus_02.jpg 1417w\" sizes=\"auto, (max-width: 1024px) 100vw, 1024px\" \/><\/figure><div class=\"wp-block-media-text__content\">\n<h3 class=\"wp-block-heading\" id=\"h-apningstider-apen-kafe\">\u00c5pningstider, \u00e5pen kaf\u00e9<\/h3>\n\n\n\n<p><strong>\u00c5pen kaf\u00e9 hver tirsdag og torsdag kl. 12.00\u201314.00<\/strong> i Aktivitetskafeen i Thornegata 26 i Drammen. En uformell m\u00f8teplass for ber\u00f8rte og p\u00e5r\u00f8rende av rusavhengige, eller om du tidligere har v\u00e6rt ber\u00f8rt av andres rusbruk.<\/p>\n\n\n\n<p><strong>Vi har ogs\u00e5 \u00e5pen kveldskaf\u00e9 f\u00f8rste mandag i m\u00e5neden<\/strong>, kl. 18.00\u201320.00, i Aktivitetskaf\u00e9en\u00a0i Thornegata 26 i Drammen. Dette er en kveld hvor vi har kaf\u00e9en for oss selv. Her har vi \u00e5pne samtaler og inviterer inn lignende organisasjoner.<\/p>\n<\/div><\/div>\n","protected":false},"excerpt":{"rendered":"<p>F\u00f8ler du at andres rusbruk g\u00e5r utover deg? Ber\u00f8rt av rus er et p\u00e5r\u00f8rendeprosjekt som&hellip;<\/p>\n","protected":false},"author":4,"featured_media":18,"parent":0,"menu_order":0,"comment_status":"closed","ping_status":"closed","template":"","meta":{"_relevanssi_hide_post":"","_relevanssi_hide_content":"","_relevanssi_pin_for_all":"","_relevanssi_pin_keywords":"","_relevanssi_unpin_keywords":"","_relevanssi_related_keywords":"","_relevanssi_related_include_ids":"","_relevanssi_related_exclude_ids":"","_relevanssi_related_no_append":"","_relevanssi_related_not_related":"","_relevanssi_related_posts":"1","_relevanssi_noindex_reason":"","editor_notices":[],"footnotes":""},"class_list":["post-3","page","type-page","status-publish","has-post-thumbnail","hentry"],"yoast_head":"<!-- This site is optimized with the Yoast SEO Premium plugin v27.2 (Yoast SEO v27.2) - https:\/\/yoast.com\/product\/yoast-seo-premium-wordpress\/ -->\n<title>Kirkens Bymisjon - Ber\u00f8rt av rus<\/title>\n<meta name=\"description\" content=\"Ber\u00f8rt av rus er et p\u00e5r\u00f8rendeprosjekt som tilbyr informasjon og r\u00e5dgivning til mennesker som opplever seg ber\u00f8rt av andres rusbruk.\" \/>\n<meta name=\"robots\" content=\"index, follow, max-snippet:-1, max-image-preview:large, max-video-preview:-1\" \/>\n<link rel=\"canonical\" href=\"https:\/\/kirkensbymisjon.no\/tilbud-berort-av-rus\/\" \/>\n<meta property=\"og:locale\" content=\"nb_NO\" \/>\n<meta property=\"og:type\" content=\"article\" \/>\n<meta property=\"og:title\" content=\"Kirkens Bymisjon - Ber\u00f8rt av rus\" \/>\n<meta property=\"og:description\" content=\"Ber\u00f8rt av rus er et p\u00e5r\u00f8rendeprosjekt som tilbyr informasjon og r\u00e5dgivning til mennesker som opplever seg ber\u00f8rt av andres rusbruk.\" \/>\n<meta property=\"og:url\" content=\"https:\/\/kirkensbymisjon.no\/tilbud-berort-av-rus\/\" \/>\n<meta property=\"og:site_name\" content=\"Ber\u00f8rt av rus\" \/>\n<meta property=\"article:modified_time\" content=\"2026-01-29T07:38:25+00:00\" \/>\n<meta property=\"og:image\" content=\"https:\/\/kirkensbymisjon.no\/content\/uploads\/sites\/172\/2025\/02\/Tilbud_Berort-av-rus_01-scaled.jpg\" \/>\n\t<meta property=\"og:image:width\" content=\"2560\" \/>\n\t<meta property=\"og:image:height\" content=\"1707\" \/>\n\t<meta property=\"og:image:type\" content=\"image\/jpeg\" \/>\n<meta name=\"twitter:card\" content=\"summary_large_image\" \/>\n<meta name=\"twitter:title\" content=\"Forside\" \/>\n<meta name=\"twitter:label1\" content=\"Ansl. lesetid\" \/>\n\t<meta name=\"twitter:data1\" content=\"2 minutter\" \/>\n<script type=\"application\/ld+json\" class=\"yoast-schema-graph\">{\"@context\":\"https:\/\/schema.org\",\"@graph\":[{\"@type\":\"WebPage\",\"@id\":\"https:\/\/kirkensbymisjon.no\/tilbud-berort-av-rus\/\",\"url\":\"https:\/\/kirkensbymisjon.no\/tilbud-berort-av-rus\/\",\"name\":\"Kirkens Bymisjon - Ber\u00f8rt av rus\",\"isPartOf\":{\"@id\":\"https:\/\/kirkensbymisjon.no\/tilbud-berort-av-rus\/#website\"},\"primaryImageOfPage\":{\"@id\":\"https:\/\/kirkensbymisjon.no\/tilbud-berort-av-rus\/#primaryimage\"},\"image\":{\"@id\":\"https:\/\/kirkensbymisjon.no\/tilbud-berort-av-rus\/#primaryimage\"},\"thumbnailUrl\":\"https:\/\/kirkensbymisjon.no\/content\/uploads\/sites\/172\/2025\/02\/Tilbud_Berort-av-rus_01-scaled.jpg\",\"datePublished\":\"2025-02-06T09:50:38+00:00\",\"dateModified\":\"2026-01-29T07:38:25+00:00\",\"description\":\"Ber\u00f8rt av rus er et p\u00e5r\u00f8rendeprosjekt som tilbyr informasjon og r\u00e5dgivning til mennesker som opplever seg ber\u00f8rt av andres rusbruk.\",\"breadcrumb\":{\"@id\":\"https:\/\/kirkensbymisjon.no\/tilbud-berort-av-rus\/#breadcrumb\"},\"inLanguage\":\"nb-NO\",\"potentialAction\":[{\"@type\":\"ReadAction\",\"target\":[\"https:\/\/kirkensbymisjon.no\/tilbud-berort-av-rus\/\"]}]},{\"@type\":\"ImageObject\",\"inLanguage\":\"nb-NO\",\"@id\":\"https:\/\/kirkensbymisjon.no\/tilbud-berort-av-rus\/#primaryimage\",\"url\":\"https:\/\/kirkensbymisjon.no\/content\/uploads\/sites\/172\/2025\/02\/Tilbud_Berort-av-rus_01-scaled.jpg\",\"contentUrl\":\"https:\/\/kirkensbymisjon.no\/content\/uploads\/sites\/172\/2025\/02\/Tilbud_Berort-av-rus_01-scaled.jpg\",\"width\":2560,\"height\":1707},{\"@type\":\"BreadcrumbList\",\"@id\":\"https:\/\/kirkensbymisjon.no\/tilbud-berort-av-rus\/#breadcrumb\",\"itemListElement\":[{\"@type\":\"ListItem\",\"position\":1,\"name\":\"Hjem\",\"item\":\"https:\/\/kirkensbymisjon.no\/tilbud-berort-av-rus\/\"},{\"@type\":\"ListItem\",\"position\":2,\"name\":\"Forside\"}]},{\"@type\":\"WebSite\",\"@id\":\"https:\/\/kirkensbymisjon.no\/tilbud-berort-av-rus\/#website\",\"url\":\"https:\/\/kirkensbymisjon.no\/tilbud-berort-av-rus\/\",\"name\":\"Ber\u00f8rt av rus\",\"description\":\"\",\"potentialAction\":[{\"@type\":\"SearchAction\",\"target\":{\"@type\":\"EntryPoint\",\"urlTemplate\":\"https:\/\/kirkensbymisjon.no\/tilbud-berort-av-rus\/?s={search_term_string}\"},\"query-input\":{\"@type\":\"PropertyValueSpecification\",\"valueRequired\":true,\"valueName\":\"search_term_string\"}}],\"inLanguage\":\"nb-NO\"}]}<\/script>\n<!-- \/ Yoast SEO Premium plugin. -->","yoast_head_json":{"title":"Kirkens Bymisjon - Ber\u00f8rt av rus","description":"Ber\u00f8rt av rus er et p\u00e5r\u00f8rendeprosjekt som tilbyr informasjon og r\u00e5dgivning til mennesker som opplever seg ber\u00f8rt av andres rusbruk.","robots":{"index":"index","follow":"follow","max-snippet":"max-snippet:-1","max-image-preview":"max-image-preview:large","max-video-preview":"max-video-preview:-1"},"canonical":"https:\/\/kirkensbymisjon.no\/tilbud-berort-av-rus\/","og_locale":"nb_NO","og_type":"article","og_title":"Kirkens Bymisjon - Ber\u00f8rt av rus","og_description":"Ber\u00f8rt av rus er et p\u00e5r\u00f8rendeprosjekt som tilbyr informasjon og r\u00e5dgivning til mennesker som opplever seg ber\u00f8rt av andres rusbruk.","og_url":"https:\/\/kirkensbymisjon.no\/tilbud-berort-av-rus\/","og_site_name":"Ber\u00f8rt av rus","article_modified_time":"2026-01-29T07:38:25+00:00","og_image":[{"width":2560,"height":1707,"url":"https:\/\/kirkensbymisjon.no\/content\/uploads\/sites\/172\/2025\/02\/Tilbud_Berort-av-rus_01-scaled.jpg","type":"image\/jpeg"}],"twitter_card":"summary_large_image","twitter_title":"Forside","twitter_misc":{"Ansl. lesetid":"2 minutter"},"schema":{"@context":"https:\/\/schema.org","@graph":[{"@type":"WebPage","@id":"https:\/\/kirkensbymisjon.no\/tilbud-berort-av-rus\/","url":"https:\/\/kirkensbymisjon.no\/tilbud-berort-av-rus\/","name":"Kirkens Bymisjon - Ber\u00f8rt av rus","isPartOf":{"@id":"https:\/\/kirkensbymisjon.no\/tilbud-berort-av-rus\/#website"},"primaryImageOfPage":{"@id":"https:\/\/kirkensbymisjon.no\/tilbud-berort-av-rus\/#primaryimage"},"image":{"@id":"https:\/\/kirkensbymisjon.no\/tilbud-berort-av-rus\/#primaryimage"},"thumbnailUrl":"https:\/\/kirkensbymisjon.no\/content\/uploads\/sites\/172\/2025\/02\/Tilbud_Berort-av-rus_01-scaled.jpg","datePublished":"2025-02-06T09:50:38+00:00","dateModified":"2026-01-29T07:38:25+00:00","description":"Ber\u00f8rt av rus er et p\u00e5r\u00f8rendeprosjekt som tilbyr informasjon og r\u00e5dgivning til mennesker som opplever seg ber\u00f8rt av andres rusbruk.","breadcrumb":{"@id":"https:\/\/kirkensbymisjon.no\/tilbud-berort-av-rus\/#breadcrumb"},"inLanguage":"nb-NO","potentialAction":[{"@type":"ReadAction","target":["https:\/\/kirkensbymisjon.no\/tilbud-berort-av-rus\/"]}]},{"@type":"ImageObject","inLanguage":"nb-NO","@id":"https:\/\/kirkensbymisjon.no\/tilbud-berort-av-rus\/#primaryimage","url":"https:\/\/kirkensbymisjon.no\/content\/uploads\/sites\/172\/2025\/02\/Tilbud_Berort-av-rus_01-scaled.jpg","contentUrl":"https:\/\/kirkensbymisjon.no\/content\/uploads\/sites\/172\/2025\/02\/Tilbud_Berort-av-rus_01-scaled.jpg","width":2560,"height":1707},{"@type":"BreadcrumbList","@id":"https:\/\/kirkensbymisjon.no\/tilbud-berort-av-rus\/#breadcrumb","itemListElement":[{"@type":"ListItem","position":1,"name":"Hjem","item":"https:\/\/kirkensbymisjon.no\/tilbud-berort-av-rus\/"},{"@type":"ListItem","position":2,"name":"Forside"}]},{"@type":"WebSite","@id":"https:\/\/kirkensbymisjon.no\/tilbud-berort-av-rus\/#website","url":"https:\/\/kirkensbymisjon.no\/tilbud-berort-av-rus\/","name":"Ber\u00f8rt av rus","description":"","potentialAction":[{"@type":"SearchAction","target":{"@type":"EntryPoint","urlTemplate":"https:\/\/kirkensbymisjon.no\/tilbud-berort-av-rus\/?s={search_term_string}"},"query-input":{"@type":"PropertyValueSpecification","valueRequired":true,"valueName":"search_term_string"}}],"inLanguage":"nb-NO"}]}},"_links":{"self":[{"href":"https:\/\/kirkensbymisjon.no\/tilbud-berort-av-rus\/wp-json\/wp\/v2\/pages\/3","targetHints":{"allow":["GET"]}}],"collection":[{"href":"https:\/\/kirkensbymisjon.no\/tilbud-berort-av-rus\/wp-json\/wp\/v2\/pages"}],"about":[{"href":"https:\/\/kirkensbymisjon.no\/tilbud-berort-av-rus\/wp-json\/wp\/v2\/types\/page"}],"author":[{"embeddable":true,"href":"https:\/\/kirkensbymisjon.no\/tilbud-berort-av-rus\/wp-json\/wp\/v2\/users\/4"}],"replies":[{"embeddable":true,"href":"https:\/\/kirkensbymisjon.no\/tilbud-berort-av-rus\/wp-json\/wp\/v2\/comments?post=3"}],"version-history":[{"count":4,"href":"https:\/\/kirkensbymisjon.no\/tilbud-berort-av-rus\/wp-json\/wp\/v2\/pages\/3\/revisions"}],"predecessor-version":[{"id":34,"href":"https:\/\/kirkensbymisjon.no\/tilbud-berort-av-rus\/wp-json\/wp\/v2\/pages\/3\/revisions\/34"}],"wp:featuredmedia":[{"embeddable":true,"href":"https:\/\/kirkensbymisjon.no\/tilbud-berort-av-rus\/wp-json\/wp\/v2\/media\/18"}],"wp:attachment":[{"href":"https:\/\/kirkensbymisjon.no\/tilbud-berort-av-rus\/wp-json\/wp\/v2\/media?parent=3"}],"curies":[{"name":"wp","href":"https:\/\/api.w.org\/{rel}","templated":true}]}}