{"id":3,"date":"2024-10-03T14:14:18","date_gmt":"2024-10-03T12:14:18","guid":{"rendered":"https:\/\/kirkensbymisjon.no\/tilbud-blomsterbua\/forside\/"},"modified":"2024-10-03T14:39:46","modified_gmt":"2024-10-03T12:39:46","slug":"forside","status":"publish","type":"page","link":"https:\/\/kirkensbymisjon.no\/tilbud-blomsterbua\/","title":{"rendered":"Forside"},"content":{"rendered":"\n<div class=\"wp-block-media-text alignwide is-stacked-on-mobile is-style-filled\"><figure class=\"wp-block-media-text__media\"><img loading=\"lazy\" decoding=\"async\" width=\"1024\" height=\"810\" src=\"https:\/\/kirkensbymisjon.no\/content\/uploads\/sites\/164\/2024\/10\/tilbud_blomsterbua_03-1024x810.jpg\" alt=\"Bukett blomsterbinderi\" class=\"wp-image-9 size-full\" srcset=\"https:\/\/kirkensbymisjon.no\/content\/uploads\/sites\/164\/2024\/10\/tilbud_blomsterbua_03-1024x810.jpg 1024w, https:\/\/kirkensbymisjon.no\/content\/uploads\/sites\/164\/2024\/10\/tilbud_blomsterbua_03-300x237.jpg 300w, https:\/\/kirkensbymisjon.no\/content\/uploads\/sites\/164\/2024\/10\/tilbud_blomsterbua_03-768x607.jpg 768w, https:\/\/kirkensbymisjon.no\/content\/uploads\/sites\/164\/2024\/10\/tilbud_blomsterbua_03-1536x1215.jpg 1536w, https:\/\/kirkensbymisjon.no\/content\/uploads\/sites\/164\/2024\/10\/tilbud_blomsterbua_03.jpg 1701w\" sizes=\"auto, (max-width: 1024px) 100vw, 1024px\" \/><\/figure><div class=\"wp-block-media-text__content\">\n<h2 class=\"wp-block-heading\" id=\"h-blomsterbua-pa-bragernes-torg\">Blomsterbua p\u00e5 Bragernes torg <\/h2>\n\n\n\n<p>Vi er en faghandel som leverer alt innen blomsterbinderi og beplantning. Vi tilbyr bl.a.:<\/p>\n\n\n\n<ul class=\"wp-block-list\">\n<li>Buketter<\/li>\n\n\n\n<li>Dekorasjoner<\/li>\n\n\n\n<li>Kranser<\/li>\n\n\n\n<li>Sorgbinderi<\/li>\n\n\n\n<li>Brudebinderi<\/li>\n\n\n\n<li>Konfirmasjoner<\/li>\n\n\n\n<li>Beplantning<\/li>\n<\/ul>\n<\/div><\/div>\n\n\n\n<h2 class=\"wp-block-heading\" id=\"h-onsker-du-a-bli-bedrifts-eller-privatkunde\"><strong>\u00d8nsker du \u00e5 bli bedrifts- eller privatkunde?<\/strong><\/h2>\n\n\n\n<p>Bestill dine blomster hos oss, da st\u00f8tter du en\u00a0b\u00e6rekraftig bedrift og bidrar samtidig til\u00a0et varmere samfunn. Vi leverer blomster i\u00a0Drammen og omegn, med egne fraktpriser. <\/p>\n\n\n\n<h2 class=\"wp-block-heading\" id=\"h-sorgbinderi\"><strong>Sorgbinderi<\/strong><\/h2>\n\n\n\n<p>Vi er ogs\u00e5 stolt hovedleverand\u00f8r av sorgbinderi\u00a0til\u00a0<a href=\"https:\/\/personliggravferd.no\/\" target=\"_blank\" rel=\"noreferrer noopener\">Personlig gravferd<\/a>.<\/p>\n\n\n\n<div class=\"wp-block-media-text alignwide is-stacked-on-mobile is-style-filled\"><figure class=\"wp-block-media-text__media\"><img loading=\"lazy\" decoding=\"async\" width=\"1024\" height=\"576\" src=\"https:\/\/kirkensbymisjon.no\/content\/uploads\/sites\/164\/2024\/10\/arbeidsfelt_arbeidsinkludering_02-1024x576.jpg\" alt=\"\" class=\"wp-image-18 size-full\" srcset=\"https:\/\/kirkensbymisjon.no\/content\/uploads\/sites\/164\/2024\/10\/arbeidsfelt_arbeidsinkludering_02-1024x576.jpg 1024w, https:\/\/kirkensbymisjon.no\/content\/uploads\/sites\/164\/2024\/10\/arbeidsfelt_arbeidsinkludering_02-300x169.jpg 300w, https:\/\/kirkensbymisjon.no\/content\/uploads\/sites\/164\/2024\/10\/arbeidsfelt_arbeidsinkludering_02-768x432.jpg 768w, https:\/\/kirkensbymisjon.no\/content\/uploads\/sites\/164\/2024\/10\/arbeidsfelt_arbeidsinkludering_02-1536x864.jpg 1536w, https:\/\/kirkensbymisjon.no\/content\/uploads\/sites\/164\/2024\/10\/arbeidsfelt_arbeidsinkludering_02.jpg 1984w\" sizes=\"auto, (max-width: 1024px) 100vw, 1024px\" \/><\/figure><div class=\"wp-block-media-text__content\">\n<h2 class=\"wp-block-heading\" id=\"h-arbeidsinkludering\">Arbeidsinkludering<\/h2>\n\n\n\n<p>N\u00e5r du handler hos oss, st\u00f8tter du samtidig v\u00e5rt viktige samfunnsoppdrag, som er \u00e5 f\u00e5 mennesker i s\u00e5rbare situasjoner tilbake til arbeidslivet. Vi har en egen produksjon hvor vi aktivt jobber med livs- og arbeidsmestring.<\/p>\n<\/div><\/div>\n\n\n\n<p><\/p>\n","protected":false},"excerpt":{"rendered":"<p>\u00d8nsker du \u00e5 bli bedrifts- eller privatkunde? Bestill dine blomster hos oss, da st\u00f8tter du&hellip;<\/p>\n","protected":false},"author":5,"featured_media":0,"parent":0,"menu_order":0,"comment_status":"closed","ping_status":"closed","template":"","meta":{"_relevanssi_hide_post":"","_relevanssi_hide_content":"","_relevanssi_pin_for_all":"","_relevanssi_pin_keywords":"","_relevanssi_unpin_keywords":"","_relevanssi_related_keywords":"","_relevanssi_related_include_ids":"","_relevanssi_related_exclude_ids":"","_relevanssi_related_no_append":"","_relevanssi_related_not_related":"","_relevanssi_related_posts":"1","_relevanssi_noindex_reason":"","editor_notices":[],"footnotes":""},"class_list":["post-3","page","type-page","status-publish","hentry"],"yoast_head":"<!-- This site is optimized with the Yoast SEO Premium plugin v27.2 (Yoast SEO v27.2) - https:\/\/yoast.com\/product\/yoast-seo-premium-wordpress\/ -->\n<title>Kirkens Bymisjon - Blomsterbua<\/title>\n<meta name=\"description\" content=\"Blomster med mening \u2013 midt i hjertet av Drammen.\" \/>\n<meta name=\"robots\" content=\"index, follow, max-snippet:-1, max-image-preview:large, max-video-preview:-1\" \/>\n<link rel=\"canonical\" href=\"https:\/\/kirkensbymisjon.no\/tilbud-blomsterbua\/\" \/>\n<meta property=\"og:locale\" content=\"nb_NO\" \/>\n<meta property=\"og:type\" content=\"article\" \/>\n<meta property=\"og:title\" content=\"Forside\" \/>\n<meta property=\"og:description\" content=\"Blomster med mening \u2013 midt i hjertet av Drammen.\" \/>\n<meta property=\"og:url\" content=\"https:\/\/kirkensbymisjon.no\/tilbud-blomsterbua\/\" \/>\n<meta property=\"og:site_name\" content=\"Blomsterbua\" \/>\n<meta property=\"article:modified_time\" content=\"2024-10-03T12:39:46+00:00\" \/>\n<meta property=\"og:image\" content=\"https:\/\/kirkensbymisjon.no\/content\/uploads\/sites\/164\/2024\/10\/tilbud_blomsterbua_03-1024x810.jpg\" \/>\n<meta name=\"twitter:card\" content=\"summary_large_image\" \/>\n<meta name=\"twitter:label1\" content=\"Ansl. lesetid\" \/>\n\t<meta name=\"twitter:data1\" content=\"1 minutt\" \/>\n<script type=\"application\/ld+json\" class=\"yoast-schema-graph\">{\"@context\":\"https:\/\/schema.org\",\"@graph\":[{\"@type\":\"WebPage\",\"@id\":\"https:\/\/kirkensbymisjon.no\/tilbud-blomsterbua\/\",\"url\":\"https:\/\/kirkensbymisjon.no\/tilbud-blomsterbua\/\",\"name\":\"Kirkens Bymisjon - Blomsterbua\",\"isPartOf\":{\"@id\":\"https:\/\/kirkensbymisjon.no\/tilbud-blomsterbua\/#website\"},\"primaryImageOfPage\":{\"@id\":\"https:\/\/kirkensbymisjon.no\/tilbud-blomsterbua\/#primaryimage\"},\"image\":{\"@id\":\"https:\/\/kirkensbymisjon.no\/tilbud-blomsterbua\/#primaryimage\"},\"thumbnailUrl\":\"https:\/\/kirkensbymisjon.no\/content\/uploads\/sites\/164\/2024\/10\/tilbud_blomsterbua_03-1024x810.jpg\",\"datePublished\":\"2024-10-03T12:14:18+00:00\",\"dateModified\":\"2024-10-03T12:39:46+00:00\",\"description\":\"Blomster med mening \u2013 midt i hjertet av Drammen.\",\"breadcrumb\":{\"@id\":\"https:\/\/kirkensbymisjon.no\/tilbud-blomsterbua\/#breadcrumb\"},\"inLanguage\":\"nb-NO\",\"potentialAction\":[{\"@type\":\"ReadAction\",\"target\":[\"https:\/\/kirkensbymisjon.no\/tilbud-blomsterbua\/\"]}]},{\"@type\":\"ImageObject\",\"inLanguage\":\"nb-NO\",\"@id\":\"https:\/\/kirkensbymisjon.no\/tilbud-blomsterbua\/#primaryimage\",\"url\":\"https:\/\/kirkensbymisjon.no\/content\/uploads\/sites\/164\/2024\/10\/tilbud_blomsterbua_03-1024x810.jpg\",\"contentUrl\":\"https:\/\/kirkensbymisjon.no\/content\/uploads\/sites\/164\/2024\/10\/tilbud_blomsterbua_03-1024x810.jpg\"},{\"@type\":\"BreadcrumbList\",\"@id\":\"https:\/\/kirkensbymisjon.no\/tilbud-blomsterbua\/#breadcrumb\",\"itemListElement\":[{\"@type\":\"ListItem\",\"position\":1,\"name\":\"Hjem\",\"item\":\"https:\/\/kirkensbymisjon.no\/tilbud-blomsterbua\/\"},{\"@type\":\"ListItem\",\"position\":2,\"name\":\"Forside\"}]},{\"@type\":\"WebSite\",\"@id\":\"https:\/\/kirkensbymisjon.no\/tilbud-blomsterbua\/#website\",\"url\":\"https:\/\/kirkensbymisjon.no\/tilbud-blomsterbua\/\",\"name\":\"Blomsterbua\",\"description\":\"\",\"potentialAction\":[{\"@type\":\"SearchAction\",\"target\":{\"@type\":\"EntryPoint\",\"urlTemplate\":\"https:\/\/kirkensbymisjon.no\/tilbud-blomsterbua\/?s={search_term_string}\"},\"query-input\":{\"@type\":\"PropertyValueSpecification\",\"valueRequired\":true,\"valueName\":\"search_term_string\"}}],\"inLanguage\":\"nb-NO\"}]}<\/script>\n<!-- \/ Yoast SEO Premium plugin. -->","yoast_head_json":{"title":"Kirkens Bymisjon - Blomsterbua","description":"Blomster med mening \u2013 midt i hjertet av Drammen.","robots":{"index":"index","follow":"follow","max-snippet":"max-snippet:-1","max-image-preview":"max-image-preview:large","max-video-preview":"max-video-preview:-1"},"canonical":"https:\/\/kirkensbymisjon.no\/tilbud-blomsterbua\/","og_locale":"nb_NO","og_type":"article","og_title":"Forside","og_description":"Blomster med mening \u2013 midt i hjertet av Drammen.","og_url":"https:\/\/kirkensbymisjon.no\/tilbud-blomsterbua\/","og_site_name":"Blomsterbua","article_modified_time":"2024-10-03T12:39:46+00:00","og_image":[{"url":"https:\/\/kirkensbymisjon.no\/content\/uploads\/sites\/164\/2024\/10\/tilbud_blomsterbua_03-1024x810.jpg","type":"","width":"","height":""}],"twitter_card":"summary_large_image","twitter_misc":{"Ansl. lesetid":"1 minutt"},"schema":{"@context":"https:\/\/schema.org","@graph":[{"@type":"WebPage","@id":"https:\/\/kirkensbymisjon.no\/tilbud-blomsterbua\/","url":"https:\/\/kirkensbymisjon.no\/tilbud-blomsterbua\/","name":"Kirkens Bymisjon - Blomsterbua","isPartOf":{"@id":"https:\/\/kirkensbymisjon.no\/tilbud-blomsterbua\/#website"},"primaryImageOfPage":{"@id":"https:\/\/kirkensbymisjon.no\/tilbud-blomsterbua\/#primaryimage"},"image":{"@id":"https:\/\/kirkensbymisjon.no\/tilbud-blomsterbua\/#primaryimage"},"thumbnailUrl":"https:\/\/kirkensbymisjon.no\/content\/uploads\/sites\/164\/2024\/10\/tilbud_blomsterbua_03-1024x810.jpg","datePublished":"2024-10-03T12:14:18+00:00","dateModified":"2024-10-03T12:39:46+00:00","description":"Blomster med mening \u2013 midt i hjertet av Drammen.","breadcrumb":{"@id":"https:\/\/kirkensbymisjon.no\/tilbud-blomsterbua\/#breadcrumb"},"inLanguage":"nb-NO","potentialAction":[{"@type":"ReadAction","target":["https:\/\/kirkensbymisjon.no\/tilbud-blomsterbua\/"]}]},{"@type":"ImageObject","inLanguage":"nb-NO","@id":"https:\/\/kirkensbymisjon.no\/tilbud-blomsterbua\/#primaryimage","url":"https:\/\/kirkensbymisjon.no\/content\/uploads\/sites\/164\/2024\/10\/tilbud_blomsterbua_03-1024x810.jpg","contentUrl":"https:\/\/kirkensbymisjon.no\/content\/uploads\/sites\/164\/2024\/10\/tilbud_blomsterbua_03-1024x810.jpg"},{"@type":"BreadcrumbList","@id":"https:\/\/kirkensbymisjon.no\/tilbud-blomsterbua\/#breadcrumb","itemListElement":[{"@type":"ListItem","position":1,"name":"Hjem","item":"https:\/\/kirkensbymisjon.no\/tilbud-blomsterbua\/"},{"@type":"ListItem","position":2,"name":"Forside"}]},{"@type":"WebSite","@id":"https:\/\/kirkensbymisjon.no\/tilbud-blomsterbua\/#website","url":"https:\/\/kirkensbymisjon.no\/tilbud-blomsterbua\/","name":"Blomsterbua","description":"","potentialAction":[{"@type":"SearchAction","target":{"@type":"EntryPoint","urlTemplate":"https:\/\/kirkensbymisjon.no\/tilbud-blomsterbua\/?s={search_term_string}"},"query-input":{"@type":"PropertyValueSpecification","valueRequired":true,"valueName":"search_term_string"}}],"inLanguage":"nb-NO"}]}},"_links":{"self":[{"href":"https:\/\/kirkensbymisjon.no\/tilbud-blomsterbua\/wp-json\/wp\/v2\/pages\/3","targetHints":{"allow":["GET"]}}],"collection":[{"href":"https:\/\/kirkensbymisjon.no\/tilbud-blomsterbua\/wp-json\/wp\/v2\/pages"}],"about":[{"href":"https:\/\/kirkensbymisjon.no\/tilbud-blomsterbua\/wp-json\/wp\/v2\/types\/page"}],"author":[{"embeddable":true,"href":"https:\/\/kirkensbymisjon.no\/tilbud-blomsterbua\/wp-json\/wp\/v2\/users\/5"}],"replies":[{"embeddable":true,"href":"https:\/\/kirkensbymisjon.no\/tilbud-blomsterbua\/wp-json\/wp\/v2\/comments?post=3"}],"version-history":[{"count":5,"href":"https:\/\/kirkensbymisjon.no\/tilbud-blomsterbua\/wp-json\/wp\/v2\/pages\/3\/revisions"}],"predecessor-version":[{"id":24,"href":"https:\/\/kirkensbymisjon.no\/tilbud-blomsterbua\/wp-json\/wp\/v2\/pages\/3\/revisions\/24"}],"wp:attachment":[{"href":"https:\/\/kirkensbymisjon.no\/tilbud-blomsterbua\/wp-json\/wp\/v2\/media?parent=3"}],"curies":[{"name":"wp","href":"https:\/\/api.w.org\/{rel}","templated":true}]}}