{"id":10,"date":"2024-07-24T11:48:20","date_gmt":"2024-07-24T09:48:20","guid":{"rendered":"https:\/\/kirkensbymisjon.no\/tilbud-bo-team\/?page_id=10"},"modified":"2024-10-17T11:51:54","modified_gmt":"2024-10-17T09:51:54","slug":"hva-vi-tilbyr","status":"publish","type":"page","link":"https:\/\/kirkensbymisjon.no\/tilbud-bo-team\/hva-vi-tilbyr\/","title":{"rendered":"Hva vi tilbyr"},"content":{"rendered":"\n<p>Det er mange tanker som kommer opp n\u00e5r man er uten fast bolig eller er i ferd med \u00e5 miste boligen. Dersom man er avhengig av bistand fra NAV, kan situasjonen oppleves enda mer komplisert. <strong>Alle v\u00e5re ansatte har taushetsplikt.<\/strong><\/p>\n\n\n\n<h2 class=\"wp-block-heading\" id=\"h-vanlige-problemstillinger\">Vanlige problemstillinger<\/h2>\n\n\n\n<p>Noen av sp\u00f8rsm\u00e5lene vi ofte f\u00e5r i m\u00f8te med den enkelte er:<\/p>\n\n\n\n<ul class=\"wp-block-list\">\n<li>Hvordan ordner jeg depositum?<\/li>\n\n\n\n<li>Hvordan skal jeg g\u00e5 frem ovenfor huseier?<\/li>\n\n\n\n<li>Hva b\u00f8r jeg tenke p\u00e5 n\u00e5r jeg inng\u00e5r et nytt leieforhold?<\/li>\n\n\n\n<li>Hvordan skal jeg s\u00f8rge for at jeg ikke blir st\u00e5ende i samme situasjon igjen?<\/li>\n<\/ul>\n\n\n\n<h2 class=\"wp-block-heading\">Vi bidrar med veiledning og praktisk bistand<\/h2>\n\n\n\n<p>I slike situasjoner \u00f8nsker vi \u00e5 v\u00e6re til hjelp og st\u00f8tte, samtidig som vi kan gi gode verkt\u00f8y, veiledning og praktisk bistand for \u00e5 sikre egnet bolig og en trygg hverdag. Vi kan:<\/p>\n\n\n\n<ul class=\"wp-block-list\">\n<li>Bist\u00e5 med \u00e5 finne egnet og varig bolig.<\/li>\n\n\n\n<li>Sammen med deg kartlegge dine ressurser og ditt eventuelle behov for hjelp.<\/li>\n\n\n\n<li>Gi \u00f8konomisk veiledning, dersom du \u00f8nsker \u00e5 sikre gode hverdagsrutiner og f\u00e5 oversikt over egen \u00f8konomi.<\/li>\n\n\n\n<li>Gi hjelp til utfylling av s\u00f8knader og lignende.<\/li>\n\n\n\n<li>Bist\u00e5 deg med kontakt opp mot offentlige kontorer og \u00f8vrige hjelpeapparat.<\/li>\n\n\n\n<li>F\u00f8lge opp din bosituasjon med hjemmebes\u00f8k; gi veiledning til \u00e5 mestre et boforhold.<\/li>\n\n\n\n<li>Sammen med deg ha dialog opp mot utleiere og p\u00e5 visninger.<\/li>\n<\/ul>\n\n\n\n<h2 class=\"wp-block-heading\" id=\"h-vare-prosjekter\">V\u00e5re prosjekter<\/h2>\n\n\n<div class=\"t2-accordion wp-block-t2-accordion\" data-allow-multiple=\"1\" role=\"list\">\n<div class=\"t2-accordion-item wp-block-t2-accordion-item\" role=\"listitem\">\n\t\t\t<h4 class=\"t2-accordion-title\">\n\t\t\t\t<button type=\"button\" class=\"t2-accordion-trigger\" id=\"boligskolen\" aria-controls=\"accordion-panel\" aria-expanded=\"false\">\n\t\t\t\t\tBoligskolen\n\t\t\t\t\t<span class=\"t2-accordion-icon is-closed-icon\"><svg xmlns=\"http:\/\/www.w3.org\/2000\/svg\" viewBox=\"0 0 24 24\" height=\"24\" width=\"24\" class=\"t2-icon t2-icon-plus\" aria-hidden=\"true\" focusable=\"false\"><path d=\"M11.8 5.037a1.088 1.088 0 0 0-.722.566c-.075.148-.078.25-.078 2.772v2.619l-2.61.016c-1.867.012-2.652.03-2.756.064-.168.055-.438.301-.54.494-.049.092-.07.223-.07.432 0 .34.054.476.282.704.289.289.14.275 3.064.288l2.63.012v2.619c0 2.544.002 2.625.08 2.778.191.372.516.577.92.577s.729-.205.92-.577c.078-.153.08-.234.08-2.778v-2.619l2.63-.012c2.924-.013 2.775.001 3.064-.288.228-.228.282-.364.282-.704 0-.209-.021-.34-.07-.432-.102-.193-.372-.439-.54-.494-.104-.034-.889-.052-2.756-.064L13 10.994V8.375c0-2.522-.003-2.624-.078-2.772-.214-.418-.685-.656-1.122-.566\"\/><\/svg><\/span>\n\t\t\t\t\t<span class=\"t2-accordion-icon is-open-icon\"><svg xmlns=\"http:\/\/www.w3.org\/2000\/svg\" viewBox=\"0 0 24 24\" height=\"24\" width=\"24\" class=\"t2-icon t2-icon-chevronup\" aria-hidden=\"true\" focusable=\"false\"><path d=\"M6.7 14.7c-.2-.2-.3-.4-.3-.7s.1-.5.3-.7l4.6-4.6c.1-.1.2-.2.3-.2.1 0 .2-.1.4-.1.1 0 .3 0 .4.1.1 0 .2.1.3.2l4.6 4.6c.2.2.3.4.3.7s-.1.5-.3.7c-.2.2-.4.3-.7.3s-.5-.1-.7-.3L12 10.8l-3.9 3.9c-.2.2-.4.3-.7.3s-.5-.1-.7-.3z\" fill=\"currentColor\" \/><\/svg><\/span>\n\t\t\t\t<\/button>\n\t\t\t<\/h4>\n\t\t\t<div class=\"t2-accordion-item__inner-container is-layout-flow\" id=\"accordion-panel\" aria-labelledby=\"boligskolen\" role=\"region\" hidden>\n\t\t\t\t\n\n<p>Boligskolen er et kurstilbud til deg over 18 \u00e5r som opplever utfordringer i egen hverdag, s\u00e6rlig knyttet til det \u00e5 bo.<br><a href=\"\/tilbud-bo-team\/hva-vi-tilbyr\/boligskolen\">Her kan du lese mer om prosjektet.<\/a><\/p>\n\n\n\t\t\t<\/div>\n\t\t<\/div>\n\n<div class=\"t2-accordion-item wp-block-t2-accordion-item\" role=\"listitem\">\n\t\t\t<h4 class=\"t2-accordion-title\">\n\t\t\t\t<button type=\"button\" class=\"t2-accordion-trigger\" id=\"ung-i-bolig\" aria-controls=\"accordion-panel-1\" aria-expanded=\"false\">\n\t\t\t\t\tUng i bolig\n\t\t\t\t\t<span class=\"t2-accordion-icon is-closed-icon\"><svg xmlns=\"http:\/\/www.w3.org\/2000\/svg\" viewBox=\"0 0 24 24\" height=\"24\" width=\"24\" class=\"t2-icon t2-icon-plus\" aria-hidden=\"true\" focusable=\"false\"><path d=\"M11.8 5.037a1.088 1.088 0 0 0-.722.566c-.075.148-.078.25-.078 2.772v2.619l-2.61.016c-1.867.012-2.652.03-2.756.064-.168.055-.438.301-.54.494-.049.092-.07.223-.07.432 0 .34.054.476.282.704.289.289.14.275 3.064.288l2.63.012v2.619c0 2.544.002 2.625.08 2.778.191.372.516.577.92.577s.729-.205.92-.577c.078-.153.08-.234.08-2.778v-2.619l2.63-.012c2.924-.013 2.775.001 3.064-.288.228-.228.282-.364.282-.704 0-.209-.021-.34-.07-.432-.102-.193-.372-.439-.54-.494-.104-.034-.889-.052-2.756-.064L13 10.994V8.375c0-2.522-.003-2.624-.078-2.772-.214-.418-.685-.656-1.122-.566\"\/><\/svg><\/span>\n\t\t\t\t\t<span class=\"t2-accordion-icon is-open-icon\"><svg xmlns=\"http:\/\/www.w3.org\/2000\/svg\" viewBox=\"0 0 24 24\" height=\"24\" width=\"24\" class=\"t2-icon t2-icon-chevronup\" aria-hidden=\"true\" focusable=\"false\"><path d=\"M6.7 14.7c-.2-.2-.3-.4-.3-.7s.1-.5.3-.7l4.6-4.6c.1-.1.2-.2.3-.2.1 0 .2-.1.4-.1.1 0 .3 0 .4.1.1 0 .2.1.3.2l4.6 4.6c.2.2.3.4.3.7s-.1.5-.3.7c-.2.2-.4.3-.7.3s-.5-.1-.7-.3L12 10.8l-3.9 3.9c-.2.2-.4.3-.7.3s-.5-.1-.7-.3z\" fill=\"currentColor\" \/><\/svg><\/span>\n\t\t\t\t<\/button>\n\t\t\t<\/h4>\n\t\t\t<div class=\"t2-accordion-item__inner-container is-layout-flow\" id=\"accordion-panel-1\" aria-labelledby=\"ung-i-bolig\" role=\"region\" hidden>\n\t\t\t\t\n\n<p>Ung i bolig er et prosjekt hvor vi n\u00e5 jobber med \u00e5 utvikle et boligkonsept for unge mellom 18\u201325 \u00e5r. Prosjektet har spesielt fokus p\u00e5 brukermedvirkning og involvering. I prosjektert er det ansatt 3 prosjektmedarbeidere som har egenerfaring med boligsosiale utfordringer av ulik art.<\/p>\n\n\n\n<p><strong>Prosjektets hovedm\u00e5l:<\/strong><\/p>\n\n\n\n<ul class=\"wp-block-list\">\n<li>Gjennom brukermedvirkning og samarbeid p\u00e5 tvers av kommunal, statlig og ideell sektor, skal vi styrke og spisse det boligsosiale arbeidet rettet mot unge voksne mellom 18\u201325 \u00e5r.<\/li>\n<\/ul>\n\n\n\n<ul class=\"wp-block-list\">\n<li>Finne konkrete boligl\u00f8sninger som kan gi unge voksne som opplever utenforskap, et bedre utgangspunkt til \u00e5 mestre sin fremtid.<\/li>\n<\/ul>\n\n\n\n<ul class=\"wp-block-list\">\n<li>Innhente data som deles og kan benyttes nasjonalt for samme m\u00e5lgruppe, slik at det boligsosiale arbeidet mot unge voksne f\u00e5r st\u00f8rre fokus.<\/li>\n<\/ul>\n\n\n\n<ul class=\"wp-block-list\">\n<li>Styrke samarbeid p\u00e5 tvers av sektorer med samskapende prosesser, der brukerne st\u00e5r i sentrum av arbeidet.<\/li>\n<\/ul>\n\n\n\n<p>Prosjektet er finansiert av tilskudd fra <a href=\"https:\/\/www.husbanken.no\/person\/\" target=\"_blank\" rel=\"noreferrer noopener\">Husbanken<\/a> og har varighet frem til 01.11.2025.<\/p>\n\n\n\t\t\t<\/div>\n\t\t<\/div>\n\n<div class=\"t2-accordion-item wp-block-t2-accordion-item\" role=\"listitem\">\n\t\t\t<h4 class=\"t2-accordion-title\">\n\t\t\t\t<button type=\"button\" class=\"t2-accordion-trigger\" id=\"tillitsperson\" aria-controls=\"accordion-panel-2\" aria-expanded=\"false\">\n\t\t\t\t\tTillitsperson\n\t\t\t\t\t<span class=\"t2-accordion-icon is-closed-icon\"><svg xmlns=\"http:\/\/www.w3.org\/2000\/svg\" viewBox=\"0 0 24 24\" height=\"24\" width=\"24\" class=\"t2-icon t2-icon-plus\" aria-hidden=\"true\" focusable=\"false\"><path d=\"M11.8 5.037a1.088 1.088 0 0 0-.722.566c-.075.148-.078.25-.078 2.772v2.619l-2.61.016c-1.867.012-2.652.03-2.756.064-.168.055-.438.301-.54.494-.049.092-.07.223-.07.432 0 .34.054.476.282.704.289.289.14.275 3.064.288l2.63.012v2.619c0 2.544.002 2.625.08 2.778.191.372.516.577.92.577s.729-.205.92-.577c.078-.153.08-.234.08-2.778v-2.619l2.63-.012c2.924-.013 2.775.001 3.064-.288.228-.228.282-.364.282-.704 0-.209-.021-.34-.07-.432-.102-.193-.372-.439-.54-.494-.104-.034-.889-.052-2.756-.064L13 10.994V8.375c0-2.522-.003-2.624-.078-2.772-.214-.418-.685-.656-1.122-.566\"\/><\/svg><\/span>\n\t\t\t\t\t<span class=\"t2-accordion-icon is-open-icon\"><svg xmlns=\"http:\/\/www.w3.org\/2000\/svg\" viewBox=\"0 0 24 24\" height=\"24\" width=\"24\" class=\"t2-icon t2-icon-chevronup\" aria-hidden=\"true\" focusable=\"false\"><path d=\"M6.7 14.7c-.2-.2-.3-.4-.3-.7s.1-.5.3-.7l4.6-4.6c.1-.1.2-.2.3-.2.1 0 .2-.1.4-.1.1 0 .3 0 .4.1.1 0 .2.1.3.2l4.6 4.6c.2.2.3.4.3.7s-.1.5-.3.7c-.2.2-.4.3-.7.3s-.5-.1-.7-.3L12 10.8l-3.9 3.9c-.2.2-.4.3-.7.3s-.5-.1-.7-.3z\" fill=\"currentColor\" \/><\/svg><\/span>\n\t\t\t\t<\/button>\n\t\t\t<\/h4>\n\t\t\t<div class=\"t2-accordion-item__inner-container is-layout-flow\" id=\"accordion-panel-2\" aria-labelledby=\"tillitsperson\" role=\"region\" hidden>\n\t\t\t\t\n\n<p>M\u00e5lgruppen er hovedsakelig knyttet til personer som avslutter soning i fengsel og som skal etablere en ny tilv\u00e6relse. Videre vil vi f\u00f8lge opp personer med rusproblematikk og psykisk uhelse i m\u00f8te med det offentlige.<\/p>\n\n\n\n<p>Felles for de vi hjelper videre tilbake inn i samfunnet er at de opplever det vanskelig \u00e5 ivareta sine rettigheter og \u00e5 orientere seg i det offentlige systemet og samfunnet for \u00f8vrig. En tillitsperson hos oss er en frivillige som vill bist\u00e5 med ulike oppgaver, det vil kunne v\u00e6re \u00e5 bist\u00e5 i m\u00f8ter med det offentlige, for eksempel NAV, samt \u00e5 forberede slike m\u00f8ter. Mange av de vi treffer har behov for \u00f8konomisk veiledning, derav hjelp med \u00e5 f\u00e5 til minnelige gjeldsl\u00f8sninger.<\/p>\n\n\n\n<p>Som tillitsperson vil det viktigste v\u00e6re at du er engasjert og \u00f8nsker \u00e5 bidra til \u00e5 trygge hverdagen for noen som trenger din st\u00f8tte. Det vil bli gitt oppl\u00e6ring og kursing i forbindelse med en rolle som tillitsperson. <br>Vi \u00f8nsker oss stadig flere tillitspersoner.<\/p>\n\n\n\n<p>Prosjektet er finansiert av <a href=\"https:\/\/dam.no\/\" target=\"_blank\" rel=\"noreferrer noopener\">stiftelsen DAM<\/a> og har varighet til mai 2025.<\/p>\n\n\n\t\t\t<\/div>\n\t\t<\/div>\n<\/div>\n\n\n<h2 class=\"wp-block-heading\"><strong>For p\u00e5r\u00f8rende<\/strong><\/h2>\n\n\n\n<p>Noen ganger kan man oppleve at et familiemedlem eller en venn st\u00e5r i en vanskelig livssituasjon. Dersom dette dreier seg om en bosituasjon, kan du som p\u00e5r\u00f8rende kontakte Bo-team for veiledning. Du kan ringe anonymt for en uformell prat med en av v\u00e5re ansatte.&nbsp;For kontakt og dialog utover dette, m\u00e5 det fylles ut samtykke fra den personen saken gjelder.<\/p>\n","protected":false},"excerpt":{"rendered":"<p>Det er mange tanker som kommer opp n\u00e5r man er uten fast bolig eller er&hellip;<\/p>\n","protected":false},"author":6,"featured_media":0,"parent":0,"menu_order":0,"comment_status":"closed","ping_status":"closed","template":"","meta":{"_relevanssi_hide_post":"","_relevanssi_hide_content":"","_relevanssi_pin_for_all":"","_relevanssi_pin_keywords":"","_relevanssi_unpin_keywords":"","_relevanssi_related_keywords":"","_relevanssi_related_include_ids":"","_relevanssi_related_exclude_ids":"","_relevanssi_related_no_append":"","_relevanssi_related_not_related":"","_relevanssi_related_posts":"1","_relevanssi_noindex_reason":"","editor_notices":[],"footnotes":""},"class_list":["post-10","page","type-page","status-publish","hentry"],"yoast_head":"<!-- This site is optimized with the Yoast SEO Premium plugin v27.2 (Yoast SEO v27.2) - https:\/\/yoast.com\/product\/yoast-seo-premium-wordpress\/ -->\n<title>Hva vi tilbyr - Bo-team<\/title>\n<meta name=\"robots\" content=\"index, follow, max-snippet:-1, max-image-preview:large, max-video-preview:-1\" \/>\n<link rel=\"canonical\" href=\"https:\/\/kirkensbymisjon.no\/tilbud-bo-team\/hva-vi-tilbyr\/\" \/>\n<meta property=\"og:locale\" content=\"nb_NO\" \/>\n<meta property=\"og:type\" content=\"article\" \/>\n<meta property=\"og:title\" content=\"Hva vi tilbyr\" \/>\n<meta property=\"og:description\" content=\"Det er mange tanker som kommer opp n\u00e5r man er uten fast bolig eller er&hellip;\" \/>\n<meta property=\"og:url\" content=\"https:\/\/kirkensbymisjon.no\/tilbud-bo-team\/hva-vi-tilbyr\/\" \/>\n<meta property=\"og:site_name\" content=\"Bo-team\" \/>\n<meta property=\"article:modified_time\" content=\"2024-10-17T09:51:54+00:00\" \/>\n<meta name=\"twitter:card\" content=\"summary_large_image\" \/>\n<meta name=\"twitter:label1\" content=\"Ansl. lesetid\" \/>\n\t<meta name=\"twitter:data1\" content=\"4 minutter\" \/>\n<script type=\"application\/ld+json\" class=\"yoast-schema-graph\">{\"@context\":\"https:\/\/schema.org\",\"@graph\":[{\"@type\":\"WebPage\",\"@id\":\"https:\/\/kirkensbymisjon.no\/tilbud-bo-team\/hva-vi-tilbyr\/\",\"url\":\"https:\/\/kirkensbymisjon.no\/tilbud-bo-team\/hva-vi-tilbyr\/\",\"name\":\"Hva vi tilbyr - Bo-team\",\"isPartOf\":{\"@id\":\"https:\/\/kirkensbymisjon.no\/tilbud-bo-team\/#website\"},\"datePublished\":\"2024-07-24T09:48:20+00:00\",\"dateModified\":\"2024-10-17T09:51:54+00:00\",\"breadcrumb\":{\"@id\":\"https:\/\/kirkensbymisjon.no\/tilbud-bo-team\/hva-vi-tilbyr\/#breadcrumb\"},\"inLanguage\":\"nb-NO\",\"potentialAction\":[{\"@type\":\"ReadAction\",\"target\":[\"https:\/\/kirkensbymisjon.no\/tilbud-bo-team\/hva-vi-tilbyr\/\"]}]},{\"@type\":\"BreadcrumbList\",\"@id\":\"https:\/\/kirkensbymisjon.no\/tilbud-bo-team\/hva-vi-tilbyr\/#breadcrumb\",\"itemListElement\":[{\"@type\":\"ListItem\",\"position\":1,\"name\":\"Hjem\",\"item\":\"https:\/\/kirkensbymisjon.no\/tilbud-bo-team\/\"},{\"@type\":\"ListItem\",\"position\":2,\"name\":\"Hva vi tilbyr\"}]},{\"@type\":\"WebSite\",\"@id\":\"https:\/\/kirkensbymisjon.no\/tilbud-bo-team\/#website\",\"url\":\"https:\/\/kirkensbymisjon.no\/tilbud-bo-team\/\",\"name\":\"Bo-team\",\"description\":\"\",\"potentialAction\":[{\"@type\":\"SearchAction\",\"target\":{\"@type\":\"EntryPoint\",\"urlTemplate\":\"https:\/\/kirkensbymisjon.no\/tilbud-bo-team\/?s={search_term_string}\"},\"query-input\":{\"@type\":\"PropertyValueSpecification\",\"valueRequired\":true,\"valueName\":\"search_term_string\"}}],\"inLanguage\":\"nb-NO\"}]}<\/script>\n<!-- \/ Yoast SEO Premium plugin. -->","yoast_head_json":{"title":"Hva vi tilbyr - Bo-team","robots":{"index":"index","follow":"follow","max-snippet":"max-snippet:-1","max-image-preview":"max-image-preview:large","max-video-preview":"max-video-preview:-1"},"canonical":"https:\/\/kirkensbymisjon.no\/tilbud-bo-team\/hva-vi-tilbyr\/","og_locale":"nb_NO","og_type":"article","og_title":"Hva vi tilbyr","og_description":"Det er mange tanker som kommer opp n\u00e5r man er uten fast bolig eller er&hellip;","og_url":"https:\/\/kirkensbymisjon.no\/tilbud-bo-team\/hva-vi-tilbyr\/","og_site_name":"Bo-team","article_modified_time":"2024-10-17T09:51:54+00:00","twitter_card":"summary_large_image","twitter_misc":{"Ansl. lesetid":"4 minutter"},"schema":{"@context":"https:\/\/schema.org","@graph":[{"@type":"WebPage","@id":"https:\/\/kirkensbymisjon.no\/tilbud-bo-team\/hva-vi-tilbyr\/","url":"https:\/\/kirkensbymisjon.no\/tilbud-bo-team\/hva-vi-tilbyr\/","name":"Hva vi tilbyr - Bo-team","isPartOf":{"@id":"https:\/\/kirkensbymisjon.no\/tilbud-bo-team\/#website"},"datePublished":"2024-07-24T09:48:20+00:00","dateModified":"2024-10-17T09:51:54+00:00","breadcrumb":{"@id":"https:\/\/kirkensbymisjon.no\/tilbud-bo-team\/hva-vi-tilbyr\/#breadcrumb"},"inLanguage":"nb-NO","potentialAction":[{"@type":"ReadAction","target":["https:\/\/kirkensbymisjon.no\/tilbud-bo-team\/hva-vi-tilbyr\/"]}]},{"@type":"BreadcrumbList","@id":"https:\/\/kirkensbymisjon.no\/tilbud-bo-team\/hva-vi-tilbyr\/#breadcrumb","itemListElement":[{"@type":"ListItem","position":1,"name":"Hjem","item":"https:\/\/kirkensbymisjon.no\/tilbud-bo-team\/"},{"@type":"ListItem","position":2,"name":"Hva vi tilbyr"}]},{"@type":"WebSite","@id":"https:\/\/kirkensbymisjon.no\/tilbud-bo-team\/#website","url":"https:\/\/kirkensbymisjon.no\/tilbud-bo-team\/","name":"Bo-team","description":"","potentialAction":[{"@type":"SearchAction","target":{"@type":"EntryPoint","urlTemplate":"https:\/\/kirkensbymisjon.no\/tilbud-bo-team\/?s={search_term_string}"},"query-input":{"@type":"PropertyValueSpecification","valueRequired":true,"valueName":"search_term_string"}}],"inLanguage":"nb-NO"}]}},"_links":{"self":[{"href":"https:\/\/kirkensbymisjon.no\/tilbud-bo-team\/wp-json\/wp\/v2\/pages\/10","targetHints":{"allow":["GET"]}}],"collection":[{"href":"https:\/\/kirkensbymisjon.no\/tilbud-bo-team\/wp-json\/wp\/v2\/pages"}],"about":[{"href":"https:\/\/kirkensbymisjon.no\/tilbud-bo-team\/wp-json\/wp\/v2\/types\/page"}],"author":[{"embeddable":true,"href":"https:\/\/kirkensbymisjon.no\/tilbud-bo-team\/wp-json\/wp\/v2\/users\/6"}],"replies":[{"embeddable":true,"href":"https:\/\/kirkensbymisjon.no\/tilbud-bo-team\/wp-json\/wp\/v2\/comments?post=10"}],"version-history":[{"count":4,"href":"https:\/\/kirkensbymisjon.no\/tilbud-bo-team\/wp-json\/wp\/v2\/pages\/10\/revisions"}],"predecessor-version":[{"id":125,"href":"https:\/\/kirkensbymisjon.no\/tilbud-bo-team\/wp-json\/wp\/v2\/pages\/10\/revisions\/125"}],"wp:attachment":[{"href":"https:\/\/kirkensbymisjon.no\/tilbud-bo-team\/wp-json\/wp\/v2\/media?parent=10"}],"curies":[{"name":"wp","href":"https:\/\/api.w.org\/{rel}","templated":true}]}}