{"id":16,"date":"2024-07-30T18:35:49","date_gmt":"2024-07-30T16:35:49","guid":{"rendered":"https:\/\/kirkensbymisjon.no\/tilbud-bo-team\/?page_id=16"},"modified":"2024-08-16T14:02:44","modified_gmt":"2024-08-16T12:02:44","slug":"boligskolen","status":"publish","type":"page","link":"https:\/\/kirkensbymisjon.no\/tilbud-bo-team\/hva-vi-tilbyr\/boligskolen\/","title":{"rendered":"Boligskolen"},"content":{"rendered":"\n<h2 class=\"wp-block-heading\" id=\"h-boligskolen-i-tonsberg\">Boligskolen i T\u00f8nsberg<\/h2>\n\n\n\n<p>Boligskolen er et kurstilbud til deg som er over 18 \u00e5r som opplever utfordringer i egen hverdag, s\u00e6rlig knyttet til det \u00e5 bo.<\/p>\n\n\n\n<p>Vi holder ett kurs per halv\u00e5r. Kurset strekker seg over til sammen 12 uker, og vi holder p\u00e5 i omtrent 2,5 time hver kursdag. Kursprogrammet oppdateres fortl\u00f8pende og endres ved behov.<\/p>\n\n\n\n<p>Gjennom teoretisk og praktisk undervisning fra b\u00e5de interne og eksterne kursholdere tar vi opp temaer knyttet til blant annet \u00f8konomi, matlaging, boligpraktiske l\u00f8sninger og veien til egen bolig. Tilbudet er gratis og alle kursdager starter med et m\u00e5ltid.<\/p>\n\n\n\n<p>Vi har tro p\u00e5 at vi alle kan bidra med egenerfaring og dermed dra nytte av hverandres erfaringer p\u00e5 omr\u00e5det.<\/p>\n\n\n\n<p>M\u00e5let v\u00e5rt er at du som deltaker skal mestre dine boforhold i en varig bolig, og at du gjennom \u00e5 delta p\u00e5 Boligskolen kan se at det er mulig \u00e5 l\u00e6re deg metoder, strategier og l\u00f8sninger for \u00e5 m\u00f8te dine hverdagsutfordringer.<\/p>\n\n\n\n<blockquote class=\"wp-block-quote is-layout-flow wp-block-quote-is-layout-flow\">\n<p>Et hjem for meg er et sted jeg trives, et sted jeg kan f\u00f8le meg trygg. Et sted jeg vet det er plass for meg og alle jeg er glad i.<\/p>\n<cite>Deltaker 35 \u00e5r<\/cite><\/blockquote>\n\n\n\n<h3 class=\"wp-block-heading\"><strong>Hva vi tilbyr<\/strong><\/h3>\n\n\n\n<p>Du l\u00e6rer blant annet om smart \u00f8konomi, smart mat, gode vaner i hjemmet; praktiske gj\u00f8rem\u00e5l i hjemmet og hvordan finne egen bolig.<\/p>\n\n\n\n<ul class=\"wp-block-list\">\n<li><strong>Kurset er gratis og livssynsn\u00f8ytralt<\/strong>.<br>Du betaler ikke for \u00e5 delta og du trenger ikke \u00e5 tilh\u00f8re en bestemt religions- eller livssynsgruppe.<\/li>\n\n\n\n<li><strong>Kurset foreg\u00e5r i sm\u00e5 grupper i en uformell setting<\/strong>.<br>Boligskolen \u00f8nsker at l\u00e6ringen skal foreg\u00e5 p\u00e5 en m\u00e5te som gj\u00f8r at alle opplever mestring og at de kan delta aktivt og komme med innspill. Vi vektlegger en trygg og inkluderende atmosf\u00e6re uten krav til prestasjoner.<\/li>\n\n\n\n<li><strong>Boligskolen benytter b\u00e5de interne og eksterne kursholdere<\/strong>.<br>Interne kursholdere best\u00e5r av Bo-team og Boligskolens egen ressursgruppe. I tillegg benytter vi eksterne bidragsytere.<\/li>\n\n\n\n<li><strong>Vi har en egen ressursgruppe knyttet til Boligskolen.<\/strong><br>Ressursgruppa best\u00e5r av tidligere deltakere p\u00e5 Boligskolen. De er med p\u00e5 \u00e5 utvikle og holde kurset sammen med Bo-team.<\/li>\n\n\n\n<li><strong>Alle kursdager starter med et m\u00e5ltid og hygge.<\/strong><\/li>\n<\/ul>\n\n\n<div class=\"t2-accordion wp-block-t2-accordion\" data-allow-multiple=\"1\" role=\"list\">\n<div class=\"t2-accordion-item wp-block-t2-accordion-item\" role=\"listitem\">\n\t\t\t<h2 class=\"t2-accordion-title\">\n\t\t\t\t<button type=\"button\" class=\"t2-accordion-trigger\" id=\"eksempel-p\u00e5-hvordan-et-kursprogram-kan-se-ut.\" aria-controls=\"accordion-panel\" aria-expanded=\"false\">\n\t\t\t\t\tEksempel p\u00e5 hvordan et kursprogram kan se ut.\n\t\t\t\t\t<span class=\"t2-accordion-icon is-closed-icon\"><svg xmlns=\"http:\/\/www.w3.org\/2000\/svg\" viewBox=\"0 0 24 24\" height=\"24\" width=\"24\" class=\"t2-icon t2-icon-plus\" aria-hidden=\"true\" focusable=\"false\"><path d=\"M11.8 5.037a1.088 1.088 0 0 0-.722.566c-.075.148-.078.25-.078 2.772v2.619l-2.61.016c-1.867.012-2.652.03-2.756.064-.168.055-.438.301-.54.494-.049.092-.07.223-.07.432 0 .34.054.476.282.704.289.289.14.275 3.064.288l2.63.012v2.619c0 2.544.002 2.625.08 2.778.191.372.516.577.92.577s.729-.205.92-.577c.078-.153.08-.234.08-2.778v-2.619l2.63-.012c2.924-.013 2.775.001 3.064-.288.228-.228.282-.364.282-.704 0-.209-.021-.34-.07-.432-.102-.193-.372-.439-.54-.494-.104-.034-.889-.052-2.756-.064L13 10.994V8.375c0-2.522-.003-2.624-.078-2.772-.214-.418-.685-.656-1.122-.566\"\/><\/svg><\/span>\n\t\t\t\t\t<span class=\"t2-accordion-icon is-open-icon\"><svg xmlns=\"http:\/\/www.w3.org\/2000\/svg\" viewBox=\"0 0 24 24\" height=\"24\" width=\"24\" class=\"t2-icon t2-icon-chevronup\" aria-hidden=\"true\" focusable=\"false\"><path d=\"M6.7 14.7c-.2-.2-.3-.4-.3-.7s.1-.5.3-.7l4.6-4.6c.1-.1.2-.2.3-.2.1 0 .2-.1.4-.1.1 0 .3 0 .4.1.1 0 .2.1.3.2l4.6 4.6c.2.2.3.4.3.7s-.1.5-.3.7c-.2.2-.4.3-.7.3s-.5-.1-.7-.3L12 10.8l-3.9 3.9c-.2.2-.4.3-.7.3s-.5-.1-.7-.3z\" fill=\"currentColor\" \/><\/svg><\/span>\n\t\t\t\t<\/button>\n\t\t\t<\/h2>\n\t\t\t<div class=\"t2-accordion-item__inner-container is-layout-flow\" id=\"accordion-panel\" aria-labelledby=\"eksempel-p\u00e5-hvordan-et-kursprogram-kan-se-ut.\" role=\"region\" hidden>\n\t\t\t\t\n\n<ol class=\"wp-block-list\">\n<li><strong>Kickoff:&nbsp;<\/strong>Velkommen med mat. Hva er Boligskolen og sosial hygge.<\/li>\n\n\n\n<li><strong>Smart lat med mat i fokus:\u00a0<\/strong>Hvordan v\u00e6re lat med mat og samtidig v\u00e6re\u00a0\u00f8konomisk. Vi drar p\u00e5 tokt!<\/li>\n\n\n\n<li><strong>Gode vaner:\u00a0<\/strong>Betydning av rutiner, s\u00f8vn og aktivitet. Hvordan sette m\u00e5l, ukeplan m.m.<\/li>\n\n\n\n<li><strong>Kron eller mynt:&nbsp;<\/strong>Hvordan f\u00e5 pengene til \u00e5 strekke til.<\/li>\n\n\n\n<li><strong>Praktisk i hjemmet:\u00a0<\/strong>Lure grep for gode rutiner i hjemmet.\u00a0Vi drar ogs\u00e5 p\u00e5 bes\u00f8k til Sidebygningen.<\/li>\n\n\n\n<li><strong>Veien til egen bolig:&nbsp;<\/strong>Hvordan finne bolig og&nbsp; beholde den.<\/li>\n\n\n\n<li><strong>Matkurs med Kokke-Lise:&nbsp;<\/strong>Lise Finckenhagen kommer og har matkurs med oss!<\/li>\n\n\n\n<li><strong>Refleksjon og presentasjon:&nbsp;<\/strong>Hvordan kan du presentere deg selv p\u00e5 best mulig m\u00e5te? Vi finner din suksesshistorie.<\/li>\n\n\n\n<li><strong>Nettverksdag:&nbsp;<\/strong>Vi inviterer inn til \u00e5pen dag med info og nettverksbygging i fokus.<\/li>\n\n\n\n<li><strong>\u00c5pen dag:&nbsp;<\/strong>Vi tar opp tema som \u00f8nskes av gruppa.<\/li>\n\n\n\n<li><strong>Turdag:&nbsp;<\/strong>Vi drar ut i naturen og l\u00e6rer skogsvett.<\/li>\n\n\n\n<li><strong>Avslutning:&nbsp;<\/strong>Avslutning med mat, kos og prat. Utdeling av kursbevis og evaluering.<\/li>\n<\/ol>\n\n\n\t\t\t<\/div>\n\t\t<\/div>\n<\/div>\n\n\n<h3 class=\"wp-block-heading\"><strong>V\u00e5r fagkompetanse<\/strong><\/h3>\n\n\n\n<p>Boligskolen driftes av Bo-team, som bist\u00e5r vanskeligstilte p\u00e5 boligmarkedet med \u00e5 finne egnet og varig bolig.<\/p>\n\n\n\n<p>I teamet v\u00e5rt p\u00e5 Boligskolen har vi to sosionomer med ulik bakgrunn fra offentlig forvaltning og helsetjeneste, samt en ressursgruppe best\u00e5ende av tidligere deltakere i Boligskolen. Ressursgruppen har viktig personlig erfaring med boligsosiale problemstillinger, og er delaktige i utformingen, gjennomf\u00f8ringen og evalueringen av kurset.<\/p>\n\n\n\n<p>For den som \u00f8nsker enda tettere bistand i forhold til boligsosiale sp\u00f8rsm\u00e5l og problemstillinger, vil&nbsp;Bo-team&nbsp;v\u00e6re et godt alternativ.<\/p>\n\n\n\n<h3 class=\"wp-block-heading\"><strong>V\u00e5r historie<\/strong><\/h3>\n\n\n\n<p>Boligskolen ble lansert som et pilotprosjekt i 2016, i samarbeid med T\u00f8nsberg kommune, for \u00e5 forebygge bostedsl\u00f8shet og gi oppf\u00f8lging slik at personer kan bo trygt og godt over tid.<\/p>\n\n\n\n<p>Boligskolen arbeider etter Kirkens Bymisjons tiln\u00e6rming om at \u00abingen er bare det du ser\u00bb. I denne tiln\u00e6rmingen ligger det en erkjennelse av styrke s\u00e5 vel som s\u00e5rbarhet, og dette er med p\u00e5 \u00e5 synliggj\u00f8re at mennesker er sammensatte individer og et resultat av ulike forutsetninger og livserfaringer. Dette er en viktig erkjennelse for oss i v\u00e5rt boligsosiale arbeid.<\/p>\n\n\n\n<blockquote class=\"wp-block-quote is-layout-flow wp-block-quote-is-layout-flow\">\n<p>Boligskolen har gitt meg en snarvei i livet.<\/p>\n<cite>Deltaker, 23 \u00e5r<\/cite><\/blockquote>\n\n\n\n<h3 class=\"wp-block-heading\" id=\"h-kontaktpersoner\">Kontaktpersoner<\/h3>\n\n\n\t<div class=\"wp-block-kbm-byline\">\n\t\t\t\t\t<p class=\"kbm-byline__role\">Tiltakskoordinator<\/p>\n\t\t\t\t<p class=\"kbm-byline__name\">Anette Kinn S\u00f8rum<\/p>\n\t\t\t\t\t<ul>\n\t\t\t\t\t\t\t\t\t<li><a href=\"tel:45519742\">455 19 742<\/a><\/li>\n\t\t\t\t\t\t\t\t\t<li><a href=\"mailto:&#097;n&#101;&#116;&#116;&#101;.&#107;&#105;n&#110;&#046;sor&#117;m&#064;&#098;&#121;&#109;&#105;sj&#111;&#110;.n&#111;\">&#097;n&#101;&#116;&#116;&#101;.&#107;&#105;n&#110;&#046;sor&#117;m&#064;&#098;&#121;&#109;&#105;sj&#111;&#110;.n&#111;<\/a><\/li>\n\t\t\t\t\t\t\t<\/ul>\n\t\t\t<\/div>\n\t\n\n\t<div class=\"wp-block-kbm-byline\">\n\t\t\t\t\t<p class=\"kbm-byline__role\">Virksomhetsleder boligsosial-s\u00f8r<\/p>\n\t\t\t\t<p class=\"kbm-byline__name\">Juliane Herzog<\/p>\n\t\t\t\t\t<ul>\n\t\t\t\t\t\t\t\t\t<li><a href=\"tel:97585944\">975 85 944<\/a><\/li>\n\t\t\t\t\t\t\t\t\t<li><a href=\"mailto:&#106;u&#108;i&#097;&#110;e.&#104;e&#114;zo&#103;&#064;by&#109;&#105;&#115;&#106;&#111;n.&#110;&#111;\">&#106;u&#108;i&#097;&#110;e.&#104;e&#114;zo&#103;&#064;by&#109;&#105;&#115;&#106;&#111;n.&#110;&#111;<\/a><\/li>\n\t\t\t\t\t\t\t<\/ul>\n\t\t\t<\/div>\n\t","protected":false},"excerpt":{"rendered":"<p>Boligskolen i T\u00f8nsberg Boligskolen er et kurstilbud til deg som er over 18 \u00e5r som&hellip;<\/p>\n","protected":false},"author":4,"featured_media":0,"parent":10,"menu_order":0,"comment_status":"closed","ping_status":"closed","template":"","meta":{"_relevanssi_hide_post":"","_relevanssi_hide_content":"","_relevanssi_pin_for_all":"","_relevanssi_pin_keywords":"","_relevanssi_unpin_keywords":"","_relevanssi_related_keywords":"","_relevanssi_related_include_ids":"","_relevanssi_related_exclude_ids":"","_relevanssi_related_no_append":"","_relevanssi_related_not_related":"","_relevanssi_related_posts":"1","_relevanssi_noindex_reason":"","editor_notices":[],"footnotes":""},"class_list":["post-16","page","type-page","status-publish","hentry"],"yoast_head":"<!-- This site is optimized with the Yoast SEO Premium plugin v27.2 (Yoast SEO v27.2) - https:\/\/yoast.com\/product\/yoast-seo-premium-wordpress\/ -->\n<title>Boligskolen - Bo-team<\/title>\n<meta name=\"robots\" content=\"index, follow, max-snippet:-1, max-image-preview:large, max-video-preview:-1\" \/>\n<link rel=\"canonical\" href=\"https:\/\/kirkensbymisjon.no\/tilbud-bo-team\/hva-vi-tilbyr\/boligskolen\/\" \/>\n<meta property=\"og:locale\" content=\"nb_NO\" \/>\n<meta property=\"og:type\" content=\"article\" \/>\n<meta property=\"og:title\" content=\"Boligskolen\" \/>\n<meta property=\"og:description\" content=\"Boligskolen i T\u00f8nsberg Boligskolen er et kurstilbud til deg som er over 18 \u00e5r som&hellip;\" \/>\n<meta property=\"og:url\" content=\"https:\/\/kirkensbymisjon.no\/tilbud-bo-team\/hva-vi-tilbyr\/boligskolen\/\" \/>\n<meta property=\"og:site_name\" content=\"Bo-team\" \/>\n<meta property=\"article:modified_time\" content=\"2024-08-16T12:02:44+00:00\" \/>\n<meta name=\"twitter:card\" content=\"summary_large_image\" \/>\n<meta name=\"twitter:label1\" content=\"Ansl. lesetid\" \/>\n\t<meta name=\"twitter:data1\" content=\"4 minutter\" \/>\n<script type=\"application\/ld+json\" class=\"yoast-schema-graph\">{\"@context\":\"https:\/\/schema.org\",\"@graph\":[{\"@type\":\"WebPage\",\"@id\":\"https:\/\/kirkensbymisjon.no\/tilbud-bo-team\/hva-vi-tilbyr\/boligskolen\/\",\"url\":\"https:\/\/kirkensbymisjon.no\/tilbud-bo-team\/hva-vi-tilbyr\/boligskolen\/\",\"name\":\"Boligskolen - Bo-team\",\"isPartOf\":{\"@id\":\"https:\/\/kirkensbymisjon.no\/tilbud-bo-team\/#website\"},\"datePublished\":\"2024-07-30T16:35:49+00:00\",\"dateModified\":\"2024-08-16T12:02:44+00:00\",\"breadcrumb\":{\"@id\":\"https:\/\/kirkensbymisjon.no\/tilbud-bo-team\/hva-vi-tilbyr\/boligskolen\/#breadcrumb\"},\"inLanguage\":\"nb-NO\",\"potentialAction\":[{\"@type\":\"ReadAction\",\"target\":[\"https:\/\/kirkensbymisjon.no\/tilbud-bo-team\/hva-vi-tilbyr\/boligskolen\/\"]}]},{\"@type\":\"BreadcrumbList\",\"@id\":\"https:\/\/kirkensbymisjon.no\/tilbud-bo-team\/hva-vi-tilbyr\/boligskolen\/#breadcrumb\",\"itemListElement\":[{\"@type\":\"ListItem\",\"position\":1,\"name\":\"Hjem\",\"item\":\"https:\/\/kirkensbymisjon.no\/tilbud-bo-team\/\"},{\"@type\":\"ListItem\",\"position\":2,\"name\":\"Hva vi tilbyr\",\"item\":\"https:\/\/kirkensbymisjon.no\/tilbud-bo-team\/hva-vi-tilbyr\/\"},{\"@type\":\"ListItem\",\"position\":3,\"name\":\"Boligskolen\"}]},{\"@type\":\"WebSite\",\"@id\":\"https:\/\/kirkensbymisjon.no\/tilbud-bo-team\/#website\",\"url\":\"https:\/\/kirkensbymisjon.no\/tilbud-bo-team\/\",\"name\":\"Bo-team\",\"description\":\"\",\"potentialAction\":[{\"@type\":\"SearchAction\",\"target\":{\"@type\":\"EntryPoint\",\"urlTemplate\":\"https:\/\/kirkensbymisjon.no\/tilbud-bo-team\/?s={search_term_string}\"},\"query-input\":{\"@type\":\"PropertyValueSpecification\",\"valueRequired\":true,\"valueName\":\"search_term_string\"}}],\"inLanguage\":\"nb-NO\"}]}<\/script>\n<!-- \/ Yoast SEO Premium plugin. -->","yoast_head_json":{"title":"Boligskolen - Bo-team","robots":{"index":"index","follow":"follow","max-snippet":"max-snippet:-1","max-image-preview":"max-image-preview:large","max-video-preview":"max-video-preview:-1"},"canonical":"https:\/\/kirkensbymisjon.no\/tilbud-bo-team\/hva-vi-tilbyr\/boligskolen\/","og_locale":"nb_NO","og_type":"article","og_title":"Boligskolen","og_description":"Boligskolen i T\u00f8nsberg Boligskolen er et kurstilbud til deg som er over 18 \u00e5r som&hellip;","og_url":"https:\/\/kirkensbymisjon.no\/tilbud-bo-team\/hva-vi-tilbyr\/boligskolen\/","og_site_name":"Bo-team","article_modified_time":"2024-08-16T12:02:44+00:00","twitter_card":"summary_large_image","twitter_misc":{"Ansl. lesetid":"4 minutter"},"schema":{"@context":"https:\/\/schema.org","@graph":[{"@type":"WebPage","@id":"https:\/\/kirkensbymisjon.no\/tilbud-bo-team\/hva-vi-tilbyr\/boligskolen\/","url":"https:\/\/kirkensbymisjon.no\/tilbud-bo-team\/hva-vi-tilbyr\/boligskolen\/","name":"Boligskolen - Bo-team","isPartOf":{"@id":"https:\/\/kirkensbymisjon.no\/tilbud-bo-team\/#website"},"datePublished":"2024-07-30T16:35:49+00:00","dateModified":"2024-08-16T12:02:44+00:00","breadcrumb":{"@id":"https:\/\/kirkensbymisjon.no\/tilbud-bo-team\/hva-vi-tilbyr\/boligskolen\/#breadcrumb"},"inLanguage":"nb-NO","potentialAction":[{"@type":"ReadAction","target":["https:\/\/kirkensbymisjon.no\/tilbud-bo-team\/hva-vi-tilbyr\/boligskolen\/"]}]},{"@type":"BreadcrumbList","@id":"https:\/\/kirkensbymisjon.no\/tilbud-bo-team\/hva-vi-tilbyr\/boligskolen\/#breadcrumb","itemListElement":[{"@type":"ListItem","position":1,"name":"Hjem","item":"https:\/\/kirkensbymisjon.no\/tilbud-bo-team\/"},{"@type":"ListItem","position":2,"name":"Hva vi tilbyr","item":"https:\/\/kirkensbymisjon.no\/tilbud-bo-team\/hva-vi-tilbyr\/"},{"@type":"ListItem","position":3,"name":"Boligskolen"}]},{"@type":"WebSite","@id":"https:\/\/kirkensbymisjon.no\/tilbud-bo-team\/#website","url":"https:\/\/kirkensbymisjon.no\/tilbud-bo-team\/","name":"Bo-team","description":"","potentialAction":[{"@type":"SearchAction","target":{"@type":"EntryPoint","urlTemplate":"https:\/\/kirkensbymisjon.no\/tilbud-bo-team\/?s={search_term_string}"},"query-input":{"@type":"PropertyValueSpecification","valueRequired":true,"valueName":"search_term_string"}}],"inLanguage":"nb-NO"}]}},"_links":{"self":[{"href":"https:\/\/kirkensbymisjon.no\/tilbud-bo-team\/wp-json\/wp\/v2\/pages\/16","targetHints":{"allow":["GET"]}}],"collection":[{"href":"https:\/\/kirkensbymisjon.no\/tilbud-bo-team\/wp-json\/wp\/v2\/pages"}],"about":[{"href":"https:\/\/kirkensbymisjon.no\/tilbud-bo-team\/wp-json\/wp\/v2\/types\/page"}],"author":[{"embeddable":true,"href":"https:\/\/kirkensbymisjon.no\/tilbud-bo-team\/wp-json\/wp\/v2\/users\/4"}],"replies":[{"embeddable":true,"href":"https:\/\/kirkensbymisjon.no\/tilbud-bo-team\/wp-json\/wp\/v2\/comments?post=16"}],"version-history":[{"count":4,"href":"https:\/\/kirkensbymisjon.no\/tilbud-bo-team\/wp-json\/wp\/v2\/pages\/16\/revisions"}],"predecessor-version":[{"id":84,"href":"https:\/\/kirkensbymisjon.no\/tilbud-bo-team\/wp-json\/wp\/v2\/pages\/16\/revisions\/84"}],"up":[{"embeddable":true,"href":"https:\/\/kirkensbymisjon.no\/tilbud-bo-team\/wp-json\/wp\/v2\/pages\/10"}],"wp:attachment":[{"href":"https:\/\/kirkensbymisjon.no\/tilbud-bo-team\/wp-json\/wp\/v2\/media?parent=16"}],"curies":[{"name":"wp","href":"https:\/\/api.w.org\/{rel}","templated":true}]}}