{"id":8,"date":"2024-07-24T11:48:04","date_gmt":"2024-07-24T09:48:04","guid":{"rendered":"https:\/\/kirkensbymisjon.no\/tilbud-bo-team\/?page_id=8"},"modified":"2024-10-17T12:15:48","modified_gmt":"2024-10-17T10:15:48","slug":"om-teamet","status":"publish","type":"page","link":"https:\/\/kirkensbymisjon.no\/tilbud-bo-team\/om-teamet\/","title":{"rendered":"Om teamet"},"content":{"rendered":"\n<p>Bo-team bist\u00e5r vanskeligstilte p\u00e5 boligmarkedet med \u00e5 finne egnet og varig bolig. Vi arbeider for \u00e5 bekjempe bostedsl\u00f8shet, redusere og forhindre utkastelse, og \u00f8ke treffsikkerheten og effektiviteten i bolig-hjelpetilbudet.<\/p>\n\n\n\n<p>M\u00e5lgruppen v\u00e5r er mennesker med rusproblemer, psykiske lidelser eller sosiale problemer som, grunnet ulike utfordringer,\u00a0er uten fast bolig eller som st\u00e5r i fare for \u00e5 miste boligen de allerede bor i.<\/p>\n\n\n\n<p>Du kan ta direkte kontakt med oss for kartlegging av hjelpebehovet ditt. Du kan ogs\u00e5 f\u00e5 informasjon om v\u00e5rt arbeid gjennom NAV eller andre oppf\u00f8lgingstjenester i kommunen.<\/p>\n\n\n\n<p>Bo-team samarbeider med deg om \u00e5 finne den best egnete boligen for deg. Etter det kartlegger vi sammen dine behov for oppf\u00f8lging, og setter opp en plan slik at du kan mestre din hverdag i egen bolig.<\/p>\n\n\n\n<blockquote class=\"wp-block-quote is-layout-flow wp-block-quote-is-layout-flow\">\n<p>Da jeg fikk leilighet etter flere \u00e5r, ville jeg helst mure meg inne der. <br>Jeg kunne ikke fatte at det var sant.<\/p>\n<cite>Person som har f\u00e5tt hjelp av Bo-team<\/cite><\/blockquote>\n\n\n\n<h2 class=\"wp-block-heading\" id=\"h-vare-verdier\"><strong>V\u00e5re verdier<\/strong><\/h2>\n\n\n\n<p>Fokuset for v\u00e5rt arbeid er at alle skal kunne bo trygt og godt i egen bolig. Vi tror at med riktig hjelp kan alle bo i eget hjem, og vi \u00f8nsker \u00e5 se den enkeltes behov for individuell bistand ut fra det.<\/p>\n\n\n\n<blockquote class=\"wp-block-quote is-layout-flow wp-block-quote-is-layout-flow\">\n<p>Det var ikke lenger en stol, det var MIN stol, selv om det bare var en loppemarkedstol.<\/p>\n<cite>Person som har f\u00e5tt hjelp av Bo-team<\/cite><\/blockquote>\n\n\n\n<p>Boligarbeid og boligutvikling har igjennom \u00e5rene v\u00e6rt en sentral del av Kirkens Bymisjons visjon om et bedre liv for den enkelte. Vi har lang erfaring og kompetanse p\u00e5 \u00e5 gi mennesker bistand knyttet til bolig og oppf\u00f8lging. Vi jobber ut ifra en tiln\u00e6rming om at ingen er bare det du ser, og at det er \u00abrom for alle\u00bb.<\/p>\n\n\n\n<p>Bo-team er et samarbeid med T\u00f8nsberg kommune. Vi samarbeider med NAV og andre oppf\u00f8lgingstjenester, og er prim\u00e6rt rettet mot personer som h\u00f8rer til T\u00f8nsberg kommune.<\/p>\n\n\n\n<h2 class=\"wp-block-heading\" id=\"h-var-fagkompetanse\"><strong>V\u00e5r fagkompetanse<\/strong><\/h2>\n\n\n\n<p>De ansatte i Bo-team har pedagogikk, helse- og sosialfaglig kompetanse, samt arbeidserfaring fra offentlig forvaltning, rus- og psykiatri. Bo-team har dessuten mange \u00e5rs erfaring i \u00e5 jobbe med boligsosialt arbeid.<\/p>\n\n\n\n<blockquote class=\"wp-block-quote is-layout-flow wp-block-quote-is-layout-flow\">\n<p>Du mister aldri s\u00e5 mye av deg sj\u00f8l, at du ikke f\u00e5r behov for \u00e5 skjule at du er bostedsl\u00f8s.<\/p>\n<cite>Person som har f\u00e5tt hjelp av Bo-team<\/cite><\/blockquote>\n","protected":false},"excerpt":{"rendered":"<p>Bo-team bist\u00e5r vanskeligstilte p\u00e5 boligmarkedet med \u00e5 finne egnet og varig bolig. Vi arbeider for&hellip;<\/p>\n","protected":false},"author":6,"featured_media":0,"parent":0,"menu_order":0,"comment_status":"closed","ping_status":"closed","template":"","meta":{"_relevanssi_hide_post":"","_relevanssi_hide_content":"","_relevanssi_pin_for_all":"","_relevanssi_pin_keywords":"","_relevanssi_unpin_keywords":"","_relevanssi_related_keywords":"","_relevanssi_related_include_ids":"","_relevanssi_related_exclude_ids":"","_relevanssi_related_no_append":"","_relevanssi_related_not_related":"","_relevanssi_related_posts":"1","_relevanssi_noindex_reason":"","editor_notices":[],"footnotes":""},"class_list":["post-8","page","type-page","status-publish","hentry"],"yoast_head":"<!-- This site is optimized with the Yoast SEO Premium plugin v27.2 (Yoast SEO v27.2) - https:\/\/yoast.com\/product\/yoast-seo-premium-wordpress\/ -->\n<title>Om teamet - Bo-team<\/title>\n<meta name=\"robots\" content=\"index, follow, max-snippet:-1, max-image-preview:large, max-video-preview:-1\" \/>\n<link rel=\"canonical\" href=\"https:\/\/kirkensbymisjon.no\/tilbud-bo-team\/om-teamet\/\" \/>\n<meta property=\"og:locale\" content=\"nb_NO\" \/>\n<meta property=\"og:type\" content=\"article\" \/>\n<meta property=\"og:title\" content=\"Om teamet\" \/>\n<meta property=\"og:description\" content=\"Bo-team bist\u00e5r vanskeligstilte p\u00e5 boligmarkedet med \u00e5 finne egnet og varig bolig. Vi arbeider for&hellip;\" \/>\n<meta property=\"og:url\" content=\"https:\/\/kirkensbymisjon.no\/tilbud-bo-team\/om-teamet\/\" \/>\n<meta property=\"og:site_name\" content=\"Bo-team\" \/>\n<meta property=\"article:modified_time\" content=\"2024-10-17T10:15:48+00:00\" \/>\n<meta name=\"twitter:card\" content=\"summary_large_image\" \/>\n<meta name=\"twitter:label1\" content=\"Ansl. lesetid\" \/>\n\t<meta name=\"twitter:data1\" content=\"2 minutter\" \/>\n<script type=\"application\/ld+json\" class=\"yoast-schema-graph\">{\"@context\":\"https:\/\/schema.org\",\"@graph\":[{\"@type\":\"WebPage\",\"@id\":\"https:\/\/kirkensbymisjon.no\/tilbud-bo-team\/om-teamet\/\",\"url\":\"https:\/\/kirkensbymisjon.no\/tilbud-bo-team\/om-teamet\/\",\"name\":\"Om teamet - Bo-team\",\"isPartOf\":{\"@id\":\"https:\/\/kirkensbymisjon.no\/tilbud-bo-team\/#website\"},\"datePublished\":\"2024-07-24T09:48:04+00:00\",\"dateModified\":\"2024-10-17T10:15:48+00:00\",\"breadcrumb\":{\"@id\":\"https:\/\/kirkensbymisjon.no\/tilbud-bo-team\/om-teamet\/#breadcrumb\"},\"inLanguage\":\"nb-NO\",\"potentialAction\":[{\"@type\":\"ReadAction\",\"target\":[\"https:\/\/kirkensbymisjon.no\/tilbud-bo-team\/om-teamet\/\"]}]},{\"@type\":\"BreadcrumbList\",\"@id\":\"https:\/\/kirkensbymisjon.no\/tilbud-bo-team\/om-teamet\/#breadcrumb\",\"itemListElement\":[{\"@type\":\"ListItem\",\"position\":1,\"name\":\"Hjem\",\"item\":\"https:\/\/kirkensbymisjon.no\/tilbud-bo-team\/\"},{\"@type\":\"ListItem\",\"position\":2,\"name\":\"Om teamet\"}]},{\"@type\":\"WebSite\",\"@id\":\"https:\/\/kirkensbymisjon.no\/tilbud-bo-team\/#website\",\"url\":\"https:\/\/kirkensbymisjon.no\/tilbud-bo-team\/\",\"name\":\"Bo-team\",\"description\":\"\",\"potentialAction\":[{\"@type\":\"SearchAction\",\"target\":{\"@type\":\"EntryPoint\",\"urlTemplate\":\"https:\/\/kirkensbymisjon.no\/tilbud-bo-team\/?s={search_term_string}\"},\"query-input\":{\"@type\":\"PropertyValueSpecification\",\"valueRequired\":true,\"valueName\":\"search_term_string\"}}],\"inLanguage\":\"nb-NO\"}]}<\/script>\n<!-- \/ Yoast SEO Premium plugin. -->","yoast_head_json":{"title":"Om teamet - Bo-team","robots":{"index":"index","follow":"follow","max-snippet":"max-snippet:-1","max-image-preview":"max-image-preview:large","max-video-preview":"max-video-preview:-1"},"canonical":"https:\/\/kirkensbymisjon.no\/tilbud-bo-team\/om-teamet\/","og_locale":"nb_NO","og_type":"article","og_title":"Om teamet","og_description":"Bo-team bist\u00e5r vanskeligstilte p\u00e5 boligmarkedet med \u00e5 finne egnet og varig bolig. Vi arbeider for&hellip;","og_url":"https:\/\/kirkensbymisjon.no\/tilbud-bo-team\/om-teamet\/","og_site_name":"Bo-team","article_modified_time":"2024-10-17T10:15:48+00:00","twitter_card":"summary_large_image","twitter_misc":{"Ansl. lesetid":"2 minutter"},"schema":{"@context":"https:\/\/schema.org","@graph":[{"@type":"WebPage","@id":"https:\/\/kirkensbymisjon.no\/tilbud-bo-team\/om-teamet\/","url":"https:\/\/kirkensbymisjon.no\/tilbud-bo-team\/om-teamet\/","name":"Om teamet - Bo-team","isPartOf":{"@id":"https:\/\/kirkensbymisjon.no\/tilbud-bo-team\/#website"},"datePublished":"2024-07-24T09:48:04+00:00","dateModified":"2024-10-17T10:15:48+00:00","breadcrumb":{"@id":"https:\/\/kirkensbymisjon.no\/tilbud-bo-team\/om-teamet\/#breadcrumb"},"inLanguage":"nb-NO","potentialAction":[{"@type":"ReadAction","target":["https:\/\/kirkensbymisjon.no\/tilbud-bo-team\/om-teamet\/"]}]},{"@type":"BreadcrumbList","@id":"https:\/\/kirkensbymisjon.no\/tilbud-bo-team\/om-teamet\/#breadcrumb","itemListElement":[{"@type":"ListItem","position":1,"name":"Hjem","item":"https:\/\/kirkensbymisjon.no\/tilbud-bo-team\/"},{"@type":"ListItem","position":2,"name":"Om teamet"}]},{"@type":"WebSite","@id":"https:\/\/kirkensbymisjon.no\/tilbud-bo-team\/#website","url":"https:\/\/kirkensbymisjon.no\/tilbud-bo-team\/","name":"Bo-team","description":"","potentialAction":[{"@type":"SearchAction","target":{"@type":"EntryPoint","urlTemplate":"https:\/\/kirkensbymisjon.no\/tilbud-bo-team\/?s={search_term_string}"},"query-input":{"@type":"PropertyValueSpecification","valueRequired":true,"valueName":"search_term_string"}}],"inLanguage":"nb-NO"}]}},"_links":{"self":[{"href":"https:\/\/kirkensbymisjon.no\/tilbud-bo-team\/wp-json\/wp\/v2\/pages\/8","targetHints":{"allow":["GET"]}}],"collection":[{"href":"https:\/\/kirkensbymisjon.no\/tilbud-bo-team\/wp-json\/wp\/v2\/pages"}],"about":[{"href":"https:\/\/kirkensbymisjon.no\/tilbud-bo-team\/wp-json\/wp\/v2\/types\/page"}],"author":[{"embeddable":true,"href":"https:\/\/kirkensbymisjon.no\/tilbud-bo-team\/wp-json\/wp\/v2\/users\/6"}],"replies":[{"embeddable":true,"href":"https:\/\/kirkensbymisjon.no\/tilbud-bo-team\/wp-json\/wp\/v2\/comments?post=8"}],"version-history":[{"count":4,"href":"https:\/\/kirkensbymisjon.no\/tilbud-bo-team\/wp-json\/wp\/v2\/pages\/8\/revisions"}],"predecessor-version":[{"id":136,"href":"https:\/\/kirkensbymisjon.no\/tilbud-bo-team\/wp-json\/wp\/v2\/pages\/8\/revisions\/136"}],"wp:attachment":[{"href":"https:\/\/kirkensbymisjon.no\/tilbud-bo-team\/wp-json\/wp\/v2\/media?parent=8"}],"curies":[{"name":"wp","href":"https:\/\/api.w.org\/{rel}","templated":true}]}}