{"id":103,"date":"2024-09-04T13:18:11","date_gmt":"2024-09-04T11:18:11","guid":{"rendered":"https:\/\/kirkensbymisjon.no\/tilbud-bruktbutikk\/?page_id=103"},"modified":"2024-10-09T13:18:46","modified_gmt":"2024-10-09T11:18:46","slug":"redesign-verkstedet","status":"publish","type":"page","link":"https:\/\/kirkensbymisjon.no\/tilbud-bruktbutikk\/redesign-verkstedet\/","title":{"rendered":"Redesign verkstedet"},"content":{"rendered":"\n<p>Redesign verkstedet tilbyr tilrettelagt aktivitet og arbeidstrening knyttet til bruktbutikken i Sem, for mennesker som av ulike \u00e5rsaker st\u00e5r utenfor det ordin\u00e6re arbeidslivet.\u00a0Form\u00e5let er \u00e5 fremme mestring og arbeidsglede, og bidrar til \u00f8kt livssituasjon for mange mennesker.<\/p>\n\n\n\n<p>Vi er opptatt av b\u00e6rekraft og bruker rest- og overskuddsmateriell fra bruktbutikken og det ordin\u00e6re n\u00e6ringslivet for \u00e5 skape noe nytt. Av overskuddsmateriell som stoffrester, gamle noteark, slanger fra traktordekk, brukte ullpledd osv. produserer vi spennende og praktiske produkter som selges i bruktbutikken.<\/p>\n\n\n\t<div class=\"alignwide wp-block-kbm-link-list\">\n\t\t<div class=\"kbm-link-list__items\">\n\t\t\t\n<div class=\"wp-block-kbm-link-list-item\">\t<svg xmlns=\"http:\/\/www.w3.org\/2000\/svg\" viewBox=\"0 0 48 48\" height=\"24\" width=\"24\" class=\"t2-icon t2-icon-substanceabuse\" aria-hidden=\"true\" focusable=\"false\"><path d=\"M12.56 9.154c-1.341.298-2.645 1.02-3.574 1.979C7.697 12.465 7.02 14.139 7.02 16c0 1.434.389 2.738 1.147 3.847 1.839 2.689 5.013 3.786 8.045 2.781 2.343-.777 4.141-2.82 4.672-5.308.157-.736.12-2.2-.074-2.939-.374-1.42-.887-2.311-1.927-3.341-.989-.98-2.132-1.604-3.441-1.88-.683-.143-2.248-.147-2.882-.006m19.96.013c-.635.139-1.595.533-2.262.927-.582.343-1.821 1.582-2.164 2.164-.801 1.355-1.097 2.524-1.03 4.056.053 1.203.179 1.707.694 2.766a6.659 6.659 0 0 0 3.162 3.162c1.198.583 1.617.675 3.08.675s1.882-.092 3.08-.675a6.878 6.878 0 0 0 2.325-1.823c.5-.602 1.152-1.869 1.369-2.659.108-.395.143-.818.143-1.76 0-1.463-.092-1.882-.675-3.08a6.878 6.878 0 0 0-1.823-2.325c-.59-.49-1.865-1.151-2.619-1.357-.694-.191-2.555-.231-3.28-.071M8.438 28.079c-2.389.351-4.344 1.951-5.133 4.201l-.225.64-.024 3.02-.025 3.02h17.586l.048-1.06c.071-1.592.431-2.97 1.156-4.42.413-.828 1.123-1.894 1.7-2.553.219-.251.399-.497.399-.548 0-.149-.879-.956-1.44-1.322a7.39 7.39 0 0 0-1.133-.577c-1.197-.462-1.483-.481-7.257-.47-2.888.005-5.431.037-5.652.069m24.251.006c-1.748.203-3.4.813-4.929 1.82-.842.555-2.146 1.809-2.743 2.638-1.226 1.702-1.977 3.887-1.977 5.747v.67h21.92v-.67c0-1.861-.751-4.045-1.978-5.748-.523-.727-1.755-1.947-2.502-2.478-2.187-1.554-5.092-2.292-7.791-1.979\"\/><\/svg>\t<div class=\"kbm-link-list-item__content\">\n\t\t<p class=\"kbm-link-list-item__title\">Meningsfull hverdag<\/p>\n\t\t\t\t\t<p class=\"kbm-link-list-item__description\">V\u00e5rt tilbud skaper arbeidsplasser til flere og bidrar til sosiale fellesskap.<\/p>\n\t\t\t<\/div>\n\t<\/div>\n\n<div class=\"wp-block-kbm-link-list-item\">\t<svg xmlns=\"http:\/\/www.w3.org\/2000\/svg\" viewBox=\"0 0 48 48\" height=\"24\" width=\"24\" class=\"t2-icon t2-icon-heart\" aria-hidden=\"true\" focusable=\"false\"><path d=\"M12.608 7.169c-1.695.306-3.132.959-4.579 2.081-1.894 1.468-3.293 3.755-3.79 6.194-.689 3.382.232 7.499 2.57 11.489 2.339 3.991 6.459 8.359 11.511 12.202 1.924 1.463 5.432 3.825 5.682 3.825.244 0 3.789-2.389 5.678-3.826 3.507-2.666 6.767-5.781 9.058-8.654 4.107-5.151 5.927-10.598 5.023-15.036-.867-4.255-4.231-7.559-8.431-8.282-.908-.156-2.546-.157-3.46-.001-3.228.55-6.151 2.758-7.548 5.699-.151.319-.296.58-.32.58-.025 0-.212-.333-.416-.74-1.452-2.905-4.266-4.995-7.456-5.539-.885-.151-2.667-.147-3.522.008\"\/><\/svg>\t<div class=\"kbm-link-list-item__content\">\n\t\t<p class=\"kbm-link-list-item__title\">Gave med mening<\/p>\n\t\t\t\t\t<p class=\"kbm-link-list-item__description\">V\u00e5re produkter bidrar til glede hos b\u00e5de arbeider, kj\u00f8per og mottaker.<\/p>\n\t\t\t<\/div>\n\t<\/div>\n\n<div class=\"wp-block-kbm-link-list-item\">\t<svg xmlns=\"http:\/\/www.w3.org\/2000\/svg\" viewBox=\"0 0 48 48\" height=\"24\" width=\"24\" class=\"t2-icon t2-icon-eco\" aria-hidden=\"true\" focusable=\"false\"><path d=\"M35.08 6.091c-2.869.362-5.372 1.869-6.939 4.177-.789 1.162-1.373 2.843-1.325 3.811l.024.474.48-.306c3.121-1.986 7.201-3.356 12.16-4.082.616-.09 1.246-.159 1.4-.153.267.011.269.013.04.044-.132.018-.87.158-1.64.31-4.457.885-7.798 2.205-10.128 4.004-1.139.879-1.754 1.674-2.518 3.258-.831 1.723-1.141 2.909-1.873 7.172-.349 2.031-.698 3.68-.779 3.68-.034 0-.062-.031-.062-.07 0-.038-.088-.497-.197-1.02-.108-.522-.324-1.677-.481-2.565-.346-1.963-.581-2.802-1.05-3.745-1.562-3.139-4.348-5.186-9.312-6.843-1.801-.602-4.247-1.213-6.16-1.541-.559-.096.403-.044 1.293.07 4.833.618 9.276 2.043 12.426 3.987.69.426.721.437.782.273.081-.22-.066-1.297-.264-1.933A8.677 8.677 0 0 0 20.5 14c-1.268-2.508-3.46-4.254-6.248-4.976-.786-.204-1.133-.248-2.212-.283-2.049-.064-3.777.265-6.6 1.259-3.312 1.166-3.896 1.34-4.981 1.481l-.382.049.416.313c.873.655 1.813 1.532 3.325 3.102 2.317 2.404 3.555 3.375 5.729 4.496 1.644.847 3.154 1.397 4.373 1.594.743.12 2.106.102 2.758-.036.648-.137 1.576-.558 2.137-.97.216-.158.405-.275.419-.259.015.017.191.336.392.71.694 1.293 1.51 3.505 1.974 5.35.36 1.429.867 4.29.777 4.38-.019.019-.356.086-.748.15-1.559.252-3.036.812-4.522 1.715-2.588 1.573-4.68 4.003-5.495 6.383-.197.577-.412 1.732-.412 2.218 0 .99.696 1.825 2.087 2.504 1.61.786 3.439 1.244 6.368 1.595 1.707.204 6.983.204 8.69 0 3.907-.468 6.492-1.304 7.695-2.488.753-.743.88-1.259.643-2.617-.222-1.267-.711-2.409-1.589-3.71-.593-.878-2.308-2.612-3.214-3.25-1.795-1.264-3.631-2.047-5.509-2.35-.392-.064-.728-.13-.745-.147-.05-.05.35-2.603.66-4.213.554-2.877 1.23-5.393 1.997-7.431.238-.633.452-1.17.475-1.194.023-.023.204.074.402.217 1.524 1.094 3.714 1.264 6.181.479 2.284-.727 4.844-2.119 6.539-3.556.352-.298 1.473-1.392 2.491-2.43 1.019-1.038 2.232-2.193 2.697-2.566l.846-.679-.537-.06c-.723-.081-1.555-.326-3.728-1.096a80.54 80.54 0 0 0-2.739-.925c-2.163-.656-4.136-.882-5.83-.668m6.38 3.882a.311.311 0 0 1-.2 0c-.055-.022-.01-.04.1-.04s.155.018.1.04\"\/><\/svg>\t<div class=\"kbm-link-list-item__content\">\n\t\t<p class=\"kbm-link-list-item__title\">Gr\u00f8nn produksjon<\/p>\n\t\t\t\t\t<p class=\"kbm-link-list-item__description\">B\u00e6rekraft og gjenbruksmaterialer er en viktig del av v\u00e5r produksjon.<\/p>\n\t\t\t<\/div>\n\t<\/div>\n\t\t<\/div>\n\t<\/div>\n\t\n\n\n<div class=\"wp-block-media-text alignwide is-stacked-on-mobile is-style-filled\"><figure class=\"wp-block-media-text__media\"><img loading=\"lazy\" decoding=\"async\" width=\"1000\" height=\"1000\" src=\"https:\/\/kirkensbymisjon.no\/content\/uploads\/sites\/82\/2024\/09\/tilbud_verksted_redesign_01.jpg\" alt=\"Produkter fra Redesign verkstedet\" class=\"wp-image-121 size-full\" srcset=\"https:\/\/kirkensbymisjon.no\/content\/uploads\/sites\/82\/2024\/09\/tilbud_verksted_redesign_01.jpg 1000w, https:\/\/kirkensbymisjon.no\/content\/uploads\/sites\/82\/2024\/09\/tilbud_verksted_redesign_01-300x300.jpg 300w, https:\/\/kirkensbymisjon.no\/content\/uploads\/sites\/82\/2024\/09\/tilbud_verksted_redesign_01-150x150.jpg 150w, https:\/\/kirkensbymisjon.no\/content\/uploads\/sites\/82\/2024\/09\/tilbud_verksted_redesign_01-768x768.jpg 768w\" sizes=\"auto, (max-width: 1000px) 100vw, 1000px\" \/><\/figure><div class=\"wp-block-media-text__content\">\n<h2 class=\"wp-block-heading\" id=\"h-handlagde-produkter-nbsp\"><strong>H\u00e5ndlagde produkter<\/strong>&nbsp;<\/h2>\n\n\n\n<p>Alle produktene i v\u00e5r nettbutikk er h\u00e5ndlagde p\u00e5 v\u00e5re verksteder, av mennesker som av ulike grunner faller utenfor det ordin\u00e6re arbeidsmarkedet. En&nbsp;gave fra nettbutikken er&nbsp;en gave med mening&nbsp;som gir ekstra glede hos b\u00e5de arbeider, kj\u00f8per og mottaker.&nbsp;<\/p>\n\n\n\n<p><a href=\"\/nettbutikk\/produktkategori\/verksteder\/redesign-tonsberg\/\">G\u00e5 til nettbutikken<\/a><\/p>\n<\/div><\/div>\n\n\n\n<h2 class=\"wp-block-heading has-text-align-left\" id=\"h-se-vare-produkter-i-nettbutikken\">Se v\u00e5re produkter i <a href=\"\/nettbutikk\/produktkategori\/verksteder\/redesign-tonsberg\/\">nettbutikken<\/a><\/h2>\n\n\n\t<div class=\"alignwide wp-block-kbm-products\">\n\t\t<div class=\"kbm-products__inner\">\n\t\t\t<div class=\"t2-featured-content-layout alignwide alignwide handpicked-products col-4 wp-block-t2-featured-content-layout\" role=\"list\">\n\t\t\t\t\t\t\t\t<div class=\"wp-block-kbm-featured-product\">\n\t\t<div class=\"wc-product-card\">\n\t\t\t<div class=\"wc-product-card__inner\">\n\t\t\t\t<div class=\"wc-product-card__front\">\n\t\t\t\t\t<div>\n\t\t\t\t\t\t<a href=\"https:\/\/kirkensbymisjon.no\/nettbutikk\/?p=3930\" class=\"wc-product-card__thumbnail\">\n\t\t\t\t\t\t\t<img decoding=\"async\" src=\"https:\/\/kirkensbymisjon.no\/content\/uploads\/sites\/123\/2024\/10\/Gryteunderlag-traktor.ny_-scaled-e1760439970169.jpg\" alt=\"Gryteunderlag\">\n\t\t\t\t\t\t<\/a>\n\t\t\t\t\t\t<h2 class=\"wc-product-card__name\">\n\t\t\t\t\t\t\t<a href=\"https:\/\/kirkensbymisjon.no\/nettbutikk\/?p=3930\">Gryteunderlag<\/a>\n\t\t\t\t\t\t<\/h2>\n\t\t\t\t\t\t\t\t\t\t\t\t\t<div class=\"wc-product-card__description\">\n\t\t\t\t\t\t\t\tR\u00f8ffe og slitesterke gryteunderlag som er redesign og gjenbruk av slanger av traktordekk. Fungerer ogs\u00e5&hellip;\t\t\t\t\t\t\t<\/div>\n\t\t\t\t\t\t\t\t\t\t\t<\/div>\n\t\t\t\t\t<div class=\"wc-product-card__footer\">\n\t\t\t\t\t\t<span class=\"amount\">Kr 245,&ndash;<\/span>\n\t\t\t\t\t\t<a href=\"https:\/\/kirkensbymisjon.no\/nettbutikk\/?p=3930\">\n\t\t\t\t\t\t\t<span>Se<\/span>\n\t\t\t\t\t\t\t<span>Se detaljer<\/span>\n\t\t\t\t\t\t\t<svg xmlns=\"http:\/\/www.w3.org\/2000\/svg\" viewBox=\"0 0 24 24\" height=\"24\" width=\"24\" class=\"t2-icon t2-icon-plus\" aria-hidden=\"true\" focusable=\"false\"><path d=\"M11.8 5.037a1.088 1.088 0 0 0-.722.566c-.075.148-.078.25-.078 2.772v2.619l-2.61.016c-1.867.012-2.652.03-2.756.064-.168.055-.438.301-.54.494-.049.092-.07.223-.07.432 0 .34.054.476.282.704.289.289.14.275 3.064.288l2.63.012v2.619c0 2.544.002 2.625.08 2.778.191.372.516.577.92.577s.729-.205.92-.577c.078-.153.08-.234.08-2.778v-2.619l2.63-.012c2.924-.013 2.775.001 3.064-.288.228-.228.282-.364.282-.704 0-.209-.021-.34-.07-.432-.102-.193-.372-.439-.54-.494-.104-.034-.889-.052-2.756-.064L13 10.994V8.375c0-2.522-.003-2.624-.078-2.772-.214-.418-.685-.656-1.122-.566\"\/><\/svg>\t\t\t\t\t\t<\/a>\n\t\t\t\t\t<\/div>\n\t\t\t\t<\/div>\n\t\t\t<\/div>\n\t\t<\/div>\n\t<\/div>\n\t\n\t\t\t\t\t\t\t\t<div class=\"wp-block-kbm-featured-product\">\n\t\t<div class=\"wc-product-card\">\n\t\t\t<div class=\"wc-product-card__inner\">\n\t\t\t\t<div class=\"wc-product-card__front\">\n\t\t\t\t\t<div>\n\t\t\t\t\t\t<a href=\"https:\/\/kirkensbymisjon.no\/nettbutikk\/?p=40503\" class=\"wc-product-card__thumbnail\">\n\t\t\t\t\t\t\t<img decoding=\"async\" src=\"https:\/\/kirkensbymisjon.no\/content\/uploads\/sites\/123\/2026\/02\/ullsaaler.jpg\" alt=\"Ulls\u00e5ler\">\n\t\t\t\t\t\t<\/a>\n\t\t\t\t\t\t<h2 class=\"wc-product-card__name\">\n\t\t\t\t\t\t\t<a href=\"https:\/\/kirkensbymisjon.no\/nettbutikk\/?p=40503\">Ulls\u00e5ler<\/a>\n\t\t\t\t\t\t<\/h2>\n\t\t\t\t\t\t\t\t\t\t\t\t\t<div class=\"wc-product-card__description\">\n\t\t\t\t\t\t\t\tEt praktisk og varmende gjenbruksprodukt; gamle ullpledd som er vasket, tovet og sydd om til&hellip;\t\t\t\t\t\t\t<\/div>\n\t\t\t\t\t\t\t\t\t\t\t<\/div>\n\t\t\t\t\t<div class=\"wc-product-card__footer\">\n\t\t\t\t\t\t<span class=\"amount\">Kr 125,&ndash;<\/span>\n\t\t\t\t\t\t<a href=\"https:\/\/kirkensbymisjon.no\/nettbutikk\/?p=40503\">\n\t\t\t\t\t\t\t<span>Se<\/span>\n\t\t\t\t\t\t\t<span>Se detaljer<\/span>\n\t\t\t\t\t\t\t<svg xmlns=\"http:\/\/www.w3.org\/2000\/svg\" viewBox=\"0 0 24 24\" height=\"24\" width=\"24\" class=\"t2-icon t2-icon-plus\" aria-hidden=\"true\" focusable=\"false\"><path d=\"M11.8 5.037a1.088 1.088 0 0 0-.722.566c-.075.148-.078.25-.078 2.772v2.619l-2.61.016c-1.867.012-2.652.03-2.756.064-.168.055-.438.301-.54.494-.049.092-.07.223-.07.432 0 .34.054.476.282.704.289.289.14.275 3.064.288l2.63.012v2.619c0 2.544.002 2.625.08 2.778.191.372.516.577.92.577s.729-.205.92-.577c.078-.153.08-.234.08-2.778v-2.619l2.63-.012c2.924-.013 2.775.001 3.064-.288.228-.228.282-.364.282-.704 0-.209-.021-.34-.07-.432-.102-.193-.372-.439-.54-.494-.104-.034-.889-.052-2.756-.064L13 10.994V8.375c0-2.522-.003-2.624-.078-2.772-.214-.418-.685-.656-1.122-.566\"\/><\/svg>\t\t\t\t\t\t<\/a>\n\t\t\t\t\t<\/div>\n\t\t\t\t<\/div>\n\t\t\t<\/div>\n\t\t<\/div>\n\t<\/div>\n\t\n\t\t\t\t\t\t<\/div>\n\t\t<\/div>\n\t<\/div>\n\t","protected":false},"excerpt":{"rendered":"<p>Redesign verkstedet tilbyr tilrettelagt aktivitet og arbeidstrening knyttet til bruktbutikken i Sem, for mennesker som&hellip;<\/p>\n","protected":false},"author":5,"featured_media":0,"parent":0,"menu_order":0,"comment_status":"closed","ping_status":"closed","template":"","meta":{"_relevanssi_hide_post":"","_relevanssi_hide_content":"","_relevanssi_pin_for_all":"","_relevanssi_pin_keywords":"","_relevanssi_unpin_keywords":"","_relevanssi_related_keywords":"","_relevanssi_related_include_ids":"","_relevanssi_related_exclude_ids":"","_relevanssi_related_no_append":"","_relevanssi_related_not_related":"","_relevanssi_related_posts":"1","_relevanssi_noindex_reason":"","editor_notices":[],"footnotes":""},"class_list":["post-103","page","type-page","status-publish","hentry"],"yoast_head":"<!-- This site is optimized with the Yoast SEO Premium plugin v27.2 (Yoast SEO v27.2) - https:\/\/yoast.com\/product\/yoast-seo-premium-wordpress\/ -->\n<title>Redesign verkstedet - Bruktbutikk<\/title>\n<meta name=\"robots\" content=\"index, follow, max-snippet:-1, max-image-preview:large, max-video-preview:-1\" \/>\n<link rel=\"canonical\" href=\"https:\/\/kirkensbymisjon.no\/tilbud-bruktbutikk\/redesign-verkstedet\/\" \/>\n<meta property=\"og:locale\" content=\"nb_NO\" \/>\n<meta property=\"og:type\" content=\"article\" \/>\n<meta property=\"og:title\" content=\"Redesign verkstedet\" \/>\n<meta property=\"og:description\" content=\"Redesign verkstedet tilbyr tilrettelagt aktivitet og arbeidstrening knyttet til bruktbutikken i Sem, for mennesker som&hellip;\" \/>\n<meta property=\"og:url\" content=\"https:\/\/kirkensbymisjon.no\/tilbud-bruktbutikk\/redesign-verkstedet\/\" \/>\n<meta property=\"og:site_name\" content=\"Bruktbutikk\" \/>\n<meta property=\"article:modified_time\" content=\"2024-10-09T11:18:46+00:00\" \/>\n<meta property=\"og:image\" content=\"https:\/\/kirkensbymisjon.no\/content\/uploads\/sites\/82\/2024\/09\/tilbud_verksted_redesign_01.jpg\" \/>\n<meta name=\"twitter:card\" content=\"summary_large_image\" \/>\n<meta name=\"twitter:label1\" content=\"Ansl. lesetid\" \/>\n\t<meta name=\"twitter:data1\" content=\"1 minutt\" \/>\n<script type=\"application\/ld+json\" class=\"yoast-schema-graph\">{\"@context\":\"https:\/\/schema.org\",\"@graph\":[{\"@type\":\"WebPage\",\"@id\":\"https:\/\/kirkensbymisjon.no\/tilbud-bruktbutikk\/redesign-verkstedet\/\",\"url\":\"https:\/\/kirkensbymisjon.no\/tilbud-bruktbutikk\/redesign-verkstedet\/\",\"name\":\"Redesign verkstedet - Bruktbutikk\",\"isPartOf\":{\"@id\":\"https:\/\/kirkensbymisjon.no\/tilbud-bruktbutikk\/#website\"},\"primaryImageOfPage\":{\"@id\":\"https:\/\/kirkensbymisjon.no\/tilbud-bruktbutikk\/redesign-verkstedet\/#primaryimage\"},\"image\":{\"@id\":\"https:\/\/kirkensbymisjon.no\/tilbud-bruktbutikk\/redesign-verkstedet\/#primaryimage\"},\"thumbnailUrl\":\"https:\/\/kirkensbymisjon.no\/content\/uploads\/sites\/82\/2024\/09\/tilbud_verksted_redesign_01.jpg\",\"datePublished\":\"2024-09-04T11:18:11+00:00\",\"dateModified\":\"2024-10-09T11:18:46+00:00\",\"breadcrumb\":{\"@id\":\"https:\/\/kirkensbymisjon.no\/tilbud-bruktbutikk\/redesign-verkstedet\/#breadcrumb\"},\"inLanguage\":\"nb-NO\",\"potentialAction\":[{\"@type\":\"ReadAction\",\"target\":[\"https:\/\/kirkensbymisjon.no\/tilbud-bruktbutikk\/redesign-verkstedet\/\"]}]},{\"@type\":\"ImageObject\",\"inLanguage\":\"nb-NO\",\"@id\":\"https:\/\/kirkensbymisjon.no\/tilbud-bruktbutikk\/redesign-verkstedet\/#primaryimage\",\"url\":\"https:\/\/kirkensbymisjon.no\/content\/uploads\/sites\/82\/2024\/09\/tilbud_verksted_redesign_01.jpg\",\"contentUrl\":\"https:\/\/kirkensbymisjon.no\/content\/uploads\/sites\/82\/2024\/09\/tilbud_verksted_redesign_01.jpg\"},{\"@type\":\"BreadcrumbList\",\"@id\":\"https:\/\/kirkensbymisjon.no\/tilbud-bruktbutikk\/redesign-verkstedet\/#breadcrumb\",\"itemListElement\":[{\"@type\":\"ListItem\",\"position\":1,\"name\":\"Hjem\",\"item\":\"https:\/\/kirkensbymisjon.no\/tilbud-bruktbutikk\/\"},{\"@type\":\"ListItem\",\"position\":2,\"name\":\"Redesign verkstedet\"}]},{\"@type\":\"WebSite\",\"@id\":\"https:\/\/kirkensbymisjon.no\/tilbud-bruktbutikk\/#website\",\"url\":\"https:\/\/kirkensbymisjon.no\/tilbud-bruktbutikk\/\",\"name\":\"Bruktbutikk\",\"description\":\"\",\"potentialAction\":[{\"@type\":\"SearchAction\",\"target\":{\"@type\":\"EntryPoint\",\"urlTemplate\":\"https:\/\/kirkensbymisjon.no\/tilbud-bruktbutikk\/?s={search_term_string}\"},\"query-input\":{\"@type\":\"PropertyValueSpecification\",\"valueRequired\":true,\"valueName\":\"search_term_string\"}}],\"inLanguage\":\"nb-NO\"}]}<\/script>\n<!-- \/ Yoast SEO Premium plugin. -->","yoast_head_json":{"title":"Redesign verkstedet - Bruktbutikk","robots":{"index":"index","follow":"follow","max-snippet":"max-snippet:-1","max-image-preview":"max-image-preview:large","max-video-preview":"max-video-preview:-1"},"canonical":"https:\/\/kirkensbymisjon.no\/tilbud-bruktbutikk\/redesign-verkstedet\/","og_locale":"nb_NO","og_type":"article","og_title":"Redesign verkstedet","og_description":"Redesign verkstedet tilbyr tilrettelagt aktivitet og arbeidstrening knyttet til bruktbutikken i Sem, for mennesker som&hellip;","og_url":"https:\/\/kirkensbymisjon.no\/tilbud-bruktbutikk\/redesign-verkstedet\/","og_site_name":"Bruktbutikk","article_modified_time":"2024-10-09T11:18:46+00:00","og_image":[{"url":"https:\/\/kirkensbymisjon.no\/content\/uploads\/sites\/82\/2024\/09\/tilbud_verksted_redesign_01.jpg","type":"","width":"","height":""}],"twitter_card":"summary_large_image","twitter_misc":{"Ansl. lesetid":"1 minutt"},"schema":{"@context":"https:\/\/schema.org","@graph":[{"@type":"WebPage","@id":"https:\/\/kirkensbymisjon.no\/tilbud-bruktbutikk\/redesign-verkstedet\/","url":"https:\/\/kirkensbymisjon.no\/tilbud-bruktbutikk\/redesign-verkstedet\/","name":"Redesign verkstedet - Bruktbutikk","isPartOf":{"@id":"https:\/\/kirkensbymisjon.no\/tilbud-bruktbutikk\/#website"},"primaryImageOfPage":{"@id":"https:\/\/kirkensbymisjon.no\/tilbud-bruktbutikk\/redesign-verkstedet\/#primaryimage"},"image":{"@id":"https:\/\/kirkensbymisjon.no\/tilbud-bruktbutikk\/redesign-verkstedet\/#primaryimage"},"thumbnailUrl":"https:\/\/kirkensbymisjon.no\/content\/uploads\/sites\/82\/2024\/09\/tilbud_verksted_redesign_01.jpg","datePublished":"2024-09-04T11:18:11+00:00","dateModified":"2024-10-09T11:18:46+00:00","breadcrumb":{"@id":"https:\/\/kirkensbymisjon.no\/tilbud-bruktbutikk\/redesign-verkstedet\/#breadcrumb"},"inLanguage":"nb-NO","potentialAction":[{"@type":"ReadAction","target":["https:\/\/kirkensbymisjon.no\/tilbud-bruktbutikk\/redesign-verkstedet\/"]}]},{"@type":"ImageObject","inLanguage":"nb-NO","@id":"https:\/\/kirkensbymisjon.no\/tilbud-bruktbutikk\/redesign-verkstedet\/#primaryimage","url":"https:\/\/kirkensbymisjon.no\/content\/uploads\/sites\/82\/2024\/09\/tilbud_verksted_redesign_01.jpg","contentUrl":"https:\/\/kirkensbymisjon.no\/content\/uploads\/sites\/82\/2024\/09\/tilbud_verksted_redesign_01.jpg"},{"@type":"BreadcrumbList","@id":"https:\/\/kirkensbymisjon.no\/tilbud-bruktbutikk\/redesign-verkstedet\/#breadcrumb","itemListElement":[{"@type":"ListItem","position":1,"name":"Hjem","item":"https:\/\/kirkensbymisjon.no\/tilbud-bruktbutikk\/"},{"@type":"ListItem","position":2,"name":"Redesign verkstedet"}]},{"@type":"WebSite","@id":"https:\/\/kirkensbymisjon.no\/tilbud-bruktbutikk\/#website","url":"https:\/\/kirkensbymisjon.no\/tilbud-bruktbutikk\/","name":"Bruktbutikk","description":"","potentialAction":[{"@type":"SearchAction","target":{"@type":"EntryPoint","urlTemplate":"https:\/\/kirkensbymisjon.no\/tilbud-bruktbutikk\/?s={search_term_string}"},"query-input":{"@type":"PropertyValueSpecification","valueRequired":true,"valueName":"search_term_string"}}],"inLanguage":"nb-NO"}]}},"_links":{"self":[{"href":"https:\/\/kirkensbymisjon.no\/tilbud-bruktbutikk\/wp-json\/wp\/v2\/pages\/103","targetHints":{"allow":["GET"]}}],"collection":[{"href":"https:\/\/kirkensbymisjon.no\/tilbud-bruktbutikk\/wp-json\/wp\/v2\/pages"}],"about":[{"href":"https:\/\/kirkensbymisjon.no\/tilbud-bruktbutikk\/wp-json\/wp\/v2\/types\/page"}],"author":[{"embeddable":true,"href":"https:\/\/kirkensbymisjon.no\/tilbud-bruktbutikk\/wp-json\/wp\/v2\/users\/5"}],"replies":[{"embeddable":true,"href":"https:\/\/kirkensbymisjon.no\/tilbud-bruktbutikk\/wp-json\/wp\/v2\/comments?post=103"}],"version-history":[{"count":5,"href":"https:\/\/kirkensbymisjon.no\/tilbud-bruktbutikk\/wp-json\/wp\/v2\/pages\/103\/revisions"}],"predecessor-version":[{"id":133,"href":"https:\/\/kirkensbymisjon.no\/tilbud-bruktbutikk\/wp-json\/wp\/v2\/pages\/103\/revisions\/133"}],"wp:attachment":[{"href":"https:\/\/kirkensbymisjon.no\/tilbud-bruktbutikk\/wp-json\/wp\/v2\/media?parent=103"}],"curies":[{"name":"wp","href":"https:\/\/api.w.org\/{rel}","templated":true}]}}