{"id":3,"date":"2024-06-26T20:30:35","date_gmt":"2024-06-26T18:30:35","guid":{"rendered":"https:\/\/kirkensbymisjon.no\/tilbud-bruktbutikk\/forside\/"},"modified":"2025-03-18T10:59:26","modified_gmt":"2025-03-18T09:59:26","slug":"forside","status":"publish","type":"page","link":"https:\/\/kirkensbymisjon.no\/tilbud-bruktbutikk\/","title":{"rendered":"Forside"},"content":{"rendered":"\n<h2 class=\"wp-block-heading\" id=\"h-hvorfor-skal-du-handle-hos-oss\">Hvorfor skal du handle hos oss?<\/h2>\n\n\n\n<p>\u00c5 kj\u00f8pe brukt er bra, b\u00e5de for milj\u00f8et og lommeboka. Ved \u00e5 handle hos v\u00e5re bruktbutikker bidrar du ogs\u00e5 til \u00e5 skape sosial b\u00e6rekraft, fordi du hjelper oss \u00e5 skape arbeidsplasser for v\u00e5re deltakere i arbeidstrening.<\/p>\n\n\n\n<p>Overskuddet fra kundene v\u00e5re gj\u00f8r at vi kan tilby deltakere i arbeidstrening en meningsfull hverdag med gode kolleger, hyggelige kunder og reelle arbeidsoppgaver. Slik f\u00e5r mennesker med ulik bakgrunn en lettere vei tilbake til det ordin\u00e6re arbeidsmarkedet.<\/p>\n\n\n\n<p>Vi har bruktbutikker over hele landet. Finn butikken <a href=\"\/tilbud-bruktbutikk\/kontaktinformasjon\/\">n\u00e6rmest deg<\/a> \u2013 velkommen innom!<\/p>\n\n\n\t<div class=\"layout-1 wp-block-kbm-testimonials\">\n\t\t<div class=\"kbm-testimonials__inner\">\n\t\t\t<div class=\"swiper\">\n\t\t\t\t<div class=\"swiper-wrapper\">\n\t\t\t\t\t\n\t<div class=\"wp-block-kbm-testimonial-item swiper-slide\">\n\t\t\t\t\t<div class=\"kbm-testimonial-item__image\" style=\"background-position: 50% 50%; background-image: url(https:\/\/kirkensbymisjon.no\/content\/uploads\/sites\/82\/2024\/08\/Tilbud_Bruktbutikk_Testamonial-300x200.jpg);\">\n\t\t\t\t<svg xmlns=\"http:\/\/www.w3.org\/2000\/svg\" viewBox=\"0 0 24 24\" height=\"48\" width=\"48\" class=\"t2-icon t2-icon-quote\" aria-hidden=\"true\" focusable=\"false\"><path d=\"M20 13.7843c0 .4445-.0894.8628-.2682 1.2549-.1651.3791-.3989.719-.7015 1.0196-.3027.2876-.6603.5164-1.0729.6863-.3989.1699-.8322.2549-1.2999.2549-.5915 0-1.1142-.1242-1.5681-.3725-.4402-.2484-.8184-.5687-1.1348-.9608-.3026-.4053-.5364-.8628-.7015-1.3726-.1513-.5229-.227-1.0523-.227-1.5882 0-.5883.0826-1.17.2476-1.7451.1651-.5752.3989-1.11113.7015-1.60786.3164-.49673.7016-.94771 1.1555-1.35294.4539-.40523.9628-.73856 1.5268-1l1.8157.92157c-.3577.33987-.6671.73202-.9285 1.17647-.2476.44444-.3714.90846-.3714 1.39216v.1765c.3989.0653.7703.1895 1.1142.3725.3439.183.6396.4118.8872.6863.2613.2745.4608.5882.5983.9412.1513.3529.227.7255.227 1.1176Zm-8.0261 0c0 .4445-.0894.8628-.2683 1.2549-.165.3791-.3989.719-.7015 1.0196-.3026.2876-.6602.5164-1.07288.6863-.3989.1699-.83218.2549-1.29986.2549-.59147 0-1.11417-.1242-1.56809-.3725-.44016-.2484-.81843-.5687-1.1348-.9608-.30261-.4053-.53645-.8628-.70151-1.3726C5.07565 13.7712 5 13.2418 5 12.7059c0-.5883.08253-1.17.24759-1.7451.16506-.5752.3989-1.11113.70152-1.60786.31636-.49673.70151-.94771 1.15543-1.35294s.96286-.73856 1.52682-1l1.81564.92157c-.3576.33987-.66708.73202-.92843 1.17647-.24759.44444-.37139.90846-.37139 1.39216v.1765c.3989.0653.77029.1895 1.11412.3725.3439.183.6397.4118.8873.6863.2613.2745.4608.5882.5983.9412.1513.3529.227.7255.227 1.1176Z\"\/><\/svg>\t\t\t<\/div>\n\t\t\t\t\n\n<blockquote class=\"wp-block-quote is-layout-flow wp-block-quote-is-layout-flow\">\n<p>Bruktbutikken har v\u00e6rt, og er, det beste som har hendt meg. Uten jobben og gjengen der s\u00e5 er ikke dagen min den samme.<\/p>\n<cite>Lars Cato, deltaker ved bruktbutikken i Drammen.<\/cite><\/blockquote>\n\n\t<\/div>\n\t\n\t\t\t\t<\/div>\n\t\t\t\t\t<div class=\"swiper-navigation\">\n\t\t<div class=\"swiper-button-prev\"><svg xmlns=\"http:\/\/www.w3.org\/2000\/svg\" viewBox=\"0 0 24 24\" height=\"24\" width=\"24\" class=\"t2-icon t2-icon-arrowforward\" aria-hidden=\"true\" focusable=\"false\"><path d=\"M12.78 5.036a1.099 1.099 0 0 0-.497.287c-.208.208-.259.344-.258.684.001.264.016.33.105.465.058.087 1.079 1.14 2.27 2.341l2.165 2.182-5.913.013-5.912.012-.165.088c-.391.209-.551.469-.551.892 0 .34.054.476.282.704.3.299-.236.275 6.347.287l5.913.012-2.167 2.185c-1.191 1.202-2.213 2.255-2.27 2.341-.088.134-.103.201-.104.464-.001.34.05.475.258.684.284.284.676.383 1.038.263.198-.066.423-.281 3.655-3.503l3.444-3.433-2.58-2.585c-2.816-2.822-4.255-4.224-4.433-4.315a1.155 1.155 0 0 0-.627-.068\"\/><\/svg><\/div>\n\t\t<div class=\"swiper-pagination\"><\/div>\n\t\t<div class=\"swiper-button-next\"><svg xmlns=\"http:\/\/www.w3.org\/2000\/svg\" viewBox=\"0 0 24 24\" height=\"24\" width=\"24\" class=\"t2-icon t2-icon-arrowforward\" aria-hidden=\"true\" focusable=\"false\"><path d=\"M12.78 5.036a1.099 1.099 0 0 0-.497.287c-.208.208-.259.344-.258.684.001.264.016.33.105.465.058.087 1.079 1.14 2.27 2.341l2.165 2.182-5.913.013-5.912.012-.165.088c-.391.209-.551.469-.551.892 0 .34.054.476.282.704.3.299-.236.275 6.347.287l5.913.012-2.167 2.185c-1.191 1.202-2.213 2.255-2.27 2.341-.088.134-.103.201-.104.464-.001.34.05.475.258.684.284.284.676.383 1.038.263.198-.066.423-.281 3.655-3.503l3.444-3.433-2.58-2.585c-2.816-2.822-4.255-4.224-4.433-4.315a1.155 1.155 0 0 0-.627-.068\"\/><\/svg><\/div>\n\t<\/div>\n\t\t\t\t<\/div>\n\t\t<\/div>\n\t<\/div>\n\t","protected":false},"excerpt":{"rendered":"<p>Hvorfor skal du handle hos oss? \u00c5 kj\u00f8pe brukt er bra, b\u00e5de for milj\u00f8et og&hellip;<\/p>\n","protected":false},"author":5,"featured_media":0,"parent":0,"menu_order":0,"comment_status":"closed","ping_status":"closed","template":"","meta":{"_relevanssi_hide_post":"","_relevanssi_hide_content":"","_relevanssi_pin_for_all":"","_relevanssi_pin_keywords":"","_relevanssi_unpin_keywords":"","_relevanssi_related_keywords":"","_relevanssi_related_include_ids":"","_relevanssi_related_exclude_ids":"","_relevanssi_related_no_append":"","_relevanssi_related_not_related":"","_relevanssi_related_posts":"1","_relevanssi_noindex_reason":"","editor_notices":[],"footnotes":""},"class_list":["post-3","page","type-page","status-publish","hentry"],"yoast_head":"<!-- This site is optimized with the Yoast SEO Premium plugin v27.2 (Yoast SEO v27.2) - https:\/\/yoast.com\/product\/yoast-seo-premium-wordpress\/ -->\n<title>Kirkens Bymisjon - Bruktbutikk<\/title>\n<meta name=\"description\" content=\"En b\u00e6rekraftig arena der b\u00e5de kundene, v\u00e5re deltakere og frivillige kan trives og bli ivaretatt p\u00e5 beste m\u00e5te.\" \/>\n<meta name=\"robots\" content=\"index, follow, max-snippet:-1, max-image-preview:large, max-video-preview:-1\" \/>\n<link rel=\"canonical\" href=\"https:\/\/kirkensbymisjon.no\/tilbud-bruktbutikk\/\" \/>\n<meta property=\"og:locale\" content=\"nb_NO\" \/>\n<meta property=\"og:type\" content=\"article\" \/>\n<meta property=\"og:title\" content=\"Forside\" \/>\n<meta property=\"og:description\" content=\"En b\u00e6rekraftig arena der b\u00e5de kundene, v\u00e5re deltakere og frivillige kan trives og bli ivaretatt p\u00e5 beste m\u00e5te.\" \/>\n<meta property=\"og:url\" content=\"https:\/\/kirkensbymisjon.no\/tilbud-bruktbutikk\/\" \/>\n<meta property=\"og:site_name\" content=\"Bruktbutikk\" \/>\n<meta property=\"article:modified_time\" content=\"2025-03-18T09:59:26+00:00\" \/>\n<meta name=\"twitter:card\" content=\"summary_large_image\" \/>\n<meta name=\"twitter:label1\" content=\"Ansl. lesetid\" \/>\n\t<meta name=\"twitter:data1\" content=\"1 minutt\" \/>\n<script type=\"application\/ld+json\" class=\"yoast-schema-graph\">{\"@context\":\"https:\/\/schema.org\",\"@graph\":[{\"@type\":\"WebPage\",\"@id\":\"https:\/\/kirkensbymisjon.no\/tilbud-bruktbutikk\/\",\"url\":\"https:\/\/kirkensbymisjon.no\/tilbud-bruktbutikk\/\",\"name\":\"Kirkens Bymisjon - Bruktbutikk\",\"isPartOf\":{\"@id\":\"https:\/\/kirkensbymisjon.no\/tilbud-bruktbutikk\/#website\"},\"datePublished\":\"2024-06-26T18:30:35+00:00\",\"dateModified\":\"2025-03-18T09:59:26+00:00\",\"description\":\"En b\u00e6rekraftig arena der b\u00e5de kundene, v\u00e5re deltakere og frivillige kan trives og bli ivaretatt p\u00e5 beste m\u00e5te.\",\"breadcrumb\":{\"@id\":\"https:\/\/kirkensbymisjon.no\/tilbud-bruktbutikk\/#breadcrumb\"},\"inLanguage\":\"nb-NO\",\"potentialAction\":[{\"@type\":\"ReadAction\",\"target\":[\"https:\/\/kirkensbymisjon.no\/tilbud-bruktbutikk\/\"]}]},{\"@type\":\"BreadcrumbList\",\"@id\":\"https:\/\/kirkensbymisjon.no\/tilbud-bruktbutikk\/#breadcrumb\",\"itemListElement\":[{\"@type\":\"ListItem\",\"position\":1,\"name\":\"Hjem\",\"item\":\"https:\/\/kirkensbymisjon.no\/tilbud-bruktbutikk\/\"},{\"@type\":\"ListItem\",\"position\":2,\"name\":\"Forside\"}]},{\"@type\":\"WebSite\",\"@id\":\"https:\/\/kirkensbymisjon.no\/tilbud-bruktbutikk\/#website\",\"url\":\"https:\/\/kirkensbymisjon.no\/tilbud-bruktbutikk\/\",\"name\":\"Bruktbutikk\",\"description\":\"\",\"potentialAction\":[{\"@type\":\"SearchAction\",\"target\":{\"@type\":\"EntryPoint\",\"urlTemplate\":\"https:\/\/kirkensbymisjon.no\/tilbud-bruktbutikk\/?s={search_term_string}\"},\"query-input\":{\"@type\":\"PropertyValueSpecification\",\"valueRequired\":true,\"valueName\":\"search_term_string\"}}],\"inLanguage\":\"nb-NO\"}]}<\/script>\n<!-- \/ Yoast SEO Premium plugin. -->","yoast_head_json":{"title":"Kirkens Bymisjon - Bruktbutikk","description":"En b\u00e6rekraftig arena der b\u00e5de kundene, v\u00e5re deltakere og frivillige kan trives og bli ivaretatt p\u00e5 beste m\u00e5te.","robots":{"index":"index","follow":"follow","max-snippet":"max-snippet:-1","max-image-preview":"max-image-preview:large","max-video-preview":"max-video-preview:-1"},"canonical":"https:\/\/kirkensbymisjon.no\/tilbud-bruktbutikk\/","og_locale":"nb_NO","og_type":"article","og_title":"Forside","og_description":"En b\u00e6rekraftig arena der b\u00e5de kundene, v\u00e5re deltakere og frivillige kan trives og bli ivaretatt p\u00e5 beste m\u00e5te.","og_url":"https:\/\/kirkensbymisjon.no\/tilbud-bruktbutikk\/","og_site_name":"Bruktbutikk","article_modified_time":"2025-03-18T09:59:26+00:00","twitter_card":"summary_large_image","twitter_misc":{"Ansl. lesetid":"1 minutt"},"schema":{"@context":"https:\/\/schema.org","@graph":[{"@type":"WebPage","@id":"https:\/\/kirkensbymisjon.no\/tilbud-bruktbutikk\/","url":"https:\/\/kirkensbymisjon.no\/tilbud-bruktbutikk\/","name":"Kirkens Bymisjon - Bruktbutikk","isPartOf":{"@id":"https:\/\/kirkensbymisjon.no\/tilbud-bruktbutikk\/#website"},"datePublished":"2024-06-26T18:30:35+00:00","dateModified":"2025-03-18T09:59:26+00:00","description":"En b\u00e6rekraftig arena der b\u00e5de kundene, v\u00e5re deltakere og frivillige kan trives og bli ivaretatt p\u00e5 beste m\u00e5te.","breadcrumb":{"@id":"https:\/\/kirkensbymisjon.no\/tilbud-bruktbutikk\/#breadcrumb"},"inLanguage":"nb-NO","potentialAction":[{"@type":"ReadAction","target":["https:\/\/kirkensbymisjon.no\/tilbud-bruktbutikk\/"]}]},{"@type":"BreadcrumbList","@id":"https:\/\/kirkensbymisjon.no\/tilbud-bruktbutikk\/#breadcrumb","itemListElement":[{"@type":"ListItem","position":1,"name":"Hjem","item":"https:\/\/kirkensbymisjon.no\/tilbud-bruktbutikk\/"},{"@type":"ListItem","position":2,"name":"Forside"}]},{"@type":"WebSite","@id":"https:\/\/kirkensbymisjon.no\/tilbud-bruktbutikk\/#website","url":"https:\/\/kirkensbymisjon.no\/tilbud-bruktbutikk\/","name":"Bruktbutikk","description":"","potentialAction":[{"@type":"SearchAction","target":{"@type":"EntryPoint","urlTemplate":"https:\/\/kirkensbymisjon.no\/tilbud-bruktbutikk\/?s={search_term_string}"},"query-input":{"@type":"PropertyValueSpecification","valueRequired":true,"valueName":"search_term_string"}}],"inLanguage":"nb-NO"}]}},"_links":{"self":[{"href":"https:\/\/kirkensbymisjon.no\/tilbud-bruktbutikk\/wp-json\/wp\/v2\/pages\/3","targetHints":{"allow":["GET"]}}],"collection":[{"href":"https:\/\/kirkensbymisjon.no\/tilbud-bruktbutikk\/wp-json\/wp\/v2\/pages"}],"about":[{"href":"https:\/\/kirkensbymisjon.no\/tilbud-bruktbutikk\/wp-json\/wp\/v2\/types\/page"}],"author":[{"embeddable":true,"href":"https:\/\/kirkensbymisjon.no\/tilbud-bruktbutikk\/wp-json\/wp\/v2\/users\/5"}],"replies":[{"embeddable":true,"href":"https:\/\/kirkensbymisjon.no\/tilbud-bruktbutikk\/wp-json\/wp\/v2\/comments?post=3"}],"version-history":[{"count":5,"href":"https:\/\/kirkensbymisjon.no\/tilbud-bruktbutikk\/wp-json\/wp\/v2\/pages\/3\/revisions"}],"predecessor-version":[{"id":107,"href":"https:\/\/kirkensbymisjon.no\/tilbud-bruktbutikk\/wp-json\/wp\/v2\/pages\/3\/revisions\/107"}],"wp:attachment":[{"href":"https:\/\/kirkensbymisjon.no\/tilbud-bruktbutikk\/wp-json\/wp\/v2\/media?parent=3"}],"curies":[{"name":"wp","href":"https:\/\/api.w.org\/{rel}","templated":true}]}}