{"id":12,"date":"2024-07-24T11:50:58","date_gmt":"2024-07-24T09:50:58","guid":{"rendered":"https:\/\/kirkensbymisjon.no\/tilbud-bybo-oslo\/?page_id=12"},"modified":"2025-08-20T17:17:30","modified_gmt":"2025-08-20T15:17:30","slug":"om-tilbudet","status":"publish","type":"page","link":"https:\/\/kirkensbymisjon.no\/tilbud-bybo-oslo\/om-tilbudet\/","title":{"rendered":"Om tilbudet"},"content":{"rendered":"\n<p>I Bybo jobber vi for tanken om \u00abrom for alle\u00bb.&nbsp;Vi \u00f8nsker at alle v\u00e5re beboere kan oppleve rause og inkluderende fellesskap, og vi m\u00f8ter alle med holdningen om at \u00abingen er bare det du ser\u00bb.<\/p>\n\n\n\n<p>Vi leier ut 22 boliger i Oslo. Noen er ett- og toromsleiligheter, andre er hybler i bofellesskap. Alle boligene holder moderne standard, og v\u00e5re beboere har vanlige\/standard leiekontrakter.<\/p>\n\n\n\n<p>I tillegg har alle v\u00e5re beboere sosial og helsefaglig oppf\u00f8lging, gjennom enkeltavtaler med de ulike bydeler i Oslo kommune. Vi \u00e5pner ogs\u00e5 for samarbeid med andre kommuner.<\/p>\n\n\n\n<blockquote class=\"wp-block-quote is-layout-flow wp-block-quote-is-layout-flow\">\n<p><em>Botilbudet deres bosetter mange som har sammensatte problemer, og som trenger mye hjelp. Tjenestetilbudet tilpasses den enkelte, og mange bor n\u00e5 mer stabilt og lenger gjennom Bybo enn de har gjort tidligere.<\/em><\/p>\n<cite>Fra Husbankens begrunnelse da Statens pris for boligsosialt arbeid ble tildelt Bybo i 2014<\/cite><\/blockquote>\n\n\n\n<h2 class=\"wp-block-heading\" id=\"h-vare-avdelinger\">V\u00e5re avdelinger<\/h2>\n\n\n<div class=\"t2-accordion wp-block-t2-accordion\" data-allow-multiple=\"1\" role=\"list\">\n<div class=\"t2-accordion-item wp-block-t2-accordion-item\" role=\"listitem\">\n\t\t\t<h2 class=\"t2-accordion-title\">\n\t\t\t\t<button type=\"button\" class=\"t2-accordion-trigger\" id=\"pilestredet\" aria-controls=\"accordion-panel\" aria-expanded=\"false\">\n\t\t\t\t\tPilestredet\n\t\t\t\t\t<span class=\"t2-accordion-icon is-closed-icon\"><svg xmlns=\"http:\/\/www.w3.org\/2000\/svg\" viewBox=\"0 0 24 24\" height=\"24\" width=\"24\" class=\"t2-icon t2-icon-plus\" aria-hidden=\"true\" focusable=\"false\"><path d=\"M11.8 5.037a1.088 1.088 0 0 0-.722.566c-.075.148-.078.25-.078 2.772v2.619l-2.61.016c-1.867.012-2.652.03-2.756.064-.168.055-.438.301-.54.494-.049.092-.07.223-.07.432 0 .34.054.476.282.704.289.289.14.275 3.064.288l2.63.012v2.619c0 2.544.002 2.625.08 2.778.191.372.516.577.92.577s.729-.205.92-.577c.078-.153.08-.234.08-2.778v-2.619l2.63-.012c2.924-.013 2.775.001 3.064-.288.228-.228.282-.364.282-.704 0-.209-.021-.34-.07-.432-.102-.193-.372-.439-.54-.494-.104-.034-.889-.052-2.756-.064L13 10.994V8.375c0-2.522-.003-2.624-.078-2.772-.214-.418-.685-.656-1.122-.566\"\/><\/svg><\/span>\n\t\t\t\t\t<span class=\"t2-accordion-icon is-open-icon\"><svg xmlns=\"http:\/\/www.w3.org\/2000\/svg\" viewBox=\"0 0 24 24\" height=\"24\" width=\"24\" class=\"t2-icon t2-icon-chevronup\" aria-hidden=\"true\" focusable=\"false\"><path d=\"M6.7 14.7c-.2-.2-.3-.4-.3-.7s.1-.5.3-.7l4.6-4.6c.1-.1.2-.2.3-.2.1 0 .2-.1.4-.1.1 0 .3 0 .4.1.1 0 .2.1.3.2l4.6 4.6c.2.2.3.4.3.7s-.1.5-.3.7c-.2.2-.4.3-.7.3s-.5-.1-.7-.3L12 10.8l-3.9 3.9c-.2.2-.4.3-.7.3s-.5-.1-.7-.3z\" fill=\"currentColor\" \/><\/svg><\/span>\n\t\t\t\t<\/button>\n\t\t\t<\/h2>\n\t\t\t<div class=\"t2-accordion-item__inner-container is-layout-flow\" id=\"accordion-panel\" aria-labelledby=\"pilestredet\" role=\"region\" hidden>\n\t\t\t\t\n\n<p><em>Pilestredet 30<\/em> ligger sentralt i sentrum og er en byg\u00e5rd med 16 boenheter. Byg\u00e5rden har b\u00e5de en romslig bakg\u00e5rd og en felles base i f\u00f8rste etasje som fungerer som en m\u00f8teplass for beboerne. Her blir det blant annet servert frokost og middag. Ansatte er tilgjengelige dag og kveld p\u00e5 ukedager og har mellomvakt i helger.<\/p>\n\n\n\t\t\t<\/div>\n\t\t<\/div>\n\n<div class=\"t2-accordion-item wp-block-t2-accordion-item\" role=\"listitem\">\n\t\t\t<h2 class=\"t2-accordion-title\">\n\t\t\t\t<button type=\"button\" class=\"t2-accordion-trigger\" id=\"&lt;strong&gt;thaulows-vei&lt;\/strong&gt;\" aria-controls=\"accordion-panel-1\" aria-expanded=\"false\">\n\t\t\t\t\tThaulows vei\n\t\t\t\t\t<span class=\"t2-accordion-icon is-closed-icon\"><svg xmlns=\"http:\/\/www.w3.org\/2000\/svg\" viewBox=\"0 0 24 24\" height=\"24\" width=\"24\" class=\"t2-icon t2-icon-plus\" aria-hidden=\"true\" focusable=\"false\"><path d=\"M11.8 5.037a1.088 1.088 0 0 0-.722.566c-.075.148-.078.25-.078 2.772v2.619l-2.61.016c-1.867.012-2.652.03-2.756.064-.168.055-.438.301-.54.494-.049.092-.07.223-.07.432 0 .34.054.476.282.704.289.289.14.275 3.064.288l2.63.012v2.619c0 2.544.002 2.625.08 2.778.191.372.516.577.92.577s.729-.205.92-.577c.078-.153.08-.234.08-2.778v-2.619l2.63-.012c2.924-.013 2.775.001 3.064-.288.228-.228.282-.364.282-.704 0-.209-.021-.34-.07-.432-.102-.193-.372-.439-.54-.494-.104-.034-.889-.052-2.756-.064L13 10.994V8.375c0-2.522-.003-2.624-.078-2.772-.214-.418-.685-.656-1.122-.566\"\/><\/svg><\/span>\n\t\t\t\t\t<span class=\"t2-accordion-icon is-open-icon\"><svg xmlns=\"http:\/\/www.w3.org\/2000\/svg\" viewBox=\"0 0 24 24\" height=\"24\" width=\"24\" class=\"t2-icon t2-icon-chevronup\" aria-hidden=\"true\" focusable=\"false\"><path d=\"M6.7 14.7c-.2-.2-.3-.4-.3-.7s.1-.5.3-.7l4.6-4.6c.1-.1.2-.2.3-.2.1 0 .2-.1.4-.1.1 0 .3 0 .4.1.1 0 .2.1.3.2l4.6 4.6c.2.2.3.4.3.7s-.1.5-.3.7c-.2.2-.4.3-.7.3s-.5-.1-.7-.3L12 10.8l-3.9 3.9c-.2.2-.4.3-.7.3s-.5-.1-.7-.3z\" fill=\"currentColor\" \/><\/svg><\/span>\n\t\t\t\t<\/button>\n\t\t\t<\/h2>\n\t\t\t<div class=\"t2-accordion-item__inner-container is-layout-flow\" id=\"accordion-panel-1\" aria-labelledby=\"&lt;strong&gt;thaulows-vei&lt;\/strong&gt;\" role=\"region\" hidden>\n\t\t\t\t\n\n<p><em>Thaulows vei 4<\/em> er en sveitservilla med stor hage sentralt beliggende p\u00e5 Majorstua. Villaen har seks leiligheter, av disse er to hybelleiligheter tilknyttet felles stue og kj\u00f8kken. Ansatte er tilgjengelig p\u00e5 dagtid fra mandag til fredag.<\/p>\n\n\n\t\t\t<\/div>\n\t\t<\/div>\n<\/div>\n\n\t<div class=\"alignfull wp-block-kbm-gallery\" data-scroll=\"1\">\n\t\t<div class=\"kbm-gallery__scroll\">\n\t\t\t<div class=\"kbm-gallery__wrapper\">\n\t\t\t\t\n\n<figure class=\"wp-block-gallery has-nested-images columns-default is-cropped wp-block-gallery-1 is-layout-flex wp-block-gallery-is-layout-flex\">\n<figure class=\"wp-block-image size-large\"><img loading=\"lazy\" decoding=\"async\" width=\"586\" height=\"1024\" data-id=\"41\" src=\"https:\/\/kirkensbymisjon.no\/content\/uploads\/sites\/83\/2024\/08\/tilbud_bybo_oslo_11-586x1024.jpg\" alt=\"Leiligheter\" class=\"wp-image-41\" srcset=\"https:\/\/kirkensbymisjon.no\/content\/uploads\/sites\/83\/2024\/08\/tilbud_bybo_oslo_11-586x1024.jpg 586w, https:\/\/kirkensbymisjon.no\/content\/uploads\/sites\/83\/2024\/08\/tilbud_bybo_oslo_11-172x300.jpg 172w, https:\/\/kirkensbymisjon.no\/content\/uploads\/sites\/83\/2024\/08\/tilbud_bybo_oslo_11-768x1343.jpg 768w, https:\/\/kirkensbymisjon.no\/content\/uploads\/sites\/83\/2024\/08\/tilbud_bybo_oslo_11-879x1536.jpg 879w, https:\/\/kirkensbymisjon.no\/content\/uploads\/sites\/83\/2024\/08\/tilbud_bybo_oslo_11.jpg 973w\" sizes=\"auto, (max-width: 586px) 100vw, 586px\" \/><\/figure>\n\n\n\n<figure class=\"wp-block-image size-large\"><img loading=\"lazy\" decoding=\"async\" width=\"681\" height=\"1024\" data-id=\"42\" src=\"https:\/\/kirkensbymisjon.no\/content\/uploads\/sites\/83\/2024\/08\/tilbud_bybo_oslo_10-681x1024.jpg\" alt=\"Leiligheter\" class=\"wp-image-42\" srcset=\"https:\/\/kirkensbymisjon.no\/content\/uploads\/sites\/83\/2024\/08\/tilbud_bybo_oslo_10-681x1024.jpg 681w, https:\/\/kirkensbymisjon.no\/content\/uploads\/sites\/83\/2024\/08\/tilbud_bybo_oslo_10-200x300.jpg 200w, https:\/\/kirkensbymisjon.no\/content\/uploads\/sites\/83\/2024\/08\/tilbud_bybo_oslo_10-768x1154.jpg 768w, https:\/\/kirkensbymisjon.no\/content\/uploads\/sites\/83\/2024\/08\/tilbud_bybo_oslo_10.jpg 973w\" sizes=\"auto, (max-width: 681px) 100vw, 681px\" \/><\/figure>\n\n\n\n<figure class=\"wp-block-image size-large\"><img loading=\"lazy\" decoding=\"async\" width=\"973\" height=\"647\" data-id=\"43\" src=\"https:\/\/kirkensbymisjon.no\/content\/uploads\/sites\/83\/2024\/08\/tilbud_bybo_oslo_9.jpg\" alt=\"Leiligheter\" class=\"wp-image-43\" srcset=\"https:\/\/kirkensbymisjon.no\/content\/uploads\/sites\/83\/2024\/08\/tilbud_bybo_oslo_9.jpg 973w, https:\/\/kirkensbymisjon.no\/content\/uploads\/sites\/83\/2024\/08\/tilbud_bybo_oslo_9-300x199.jpg 300w, https:\/\/kirkensbymisjon.no\/content\/uploads\/sites\/83\/2024\/08\/tilbud_bybo_oslo_9-768x511.jpg 768w\" sizes=\"auto, (max-width: 973px) 100vw, 973px\" \/><\/figure>\n\n\n\n<figure class=\"wp-block-image size-large\"><img loading=\"lazy\" decoding=\"async\" width=\"973\" height=\"647\" data-id=\"44\" src=\"https:\/\/kirkensbymisjon.no\/content\/uploads\/sites\/83\/2024\/08\/tilbud_bybo_oslo_8.jpg\" alt=\"Leiligheter\" class=\"wp-image-44\" srcset=\"https:\/\/kirkensbymisjon.no\/content\/uploads\/sites\/83\/2024\/08\/tilbud_bybo_oslo_8.jpg 973w, https:\/\/kirkensbymisjon.no\/content\/uploads\/sites\/83\/2024\/08\/tilbud_bybo_oslo_8-300x199.jpg 300w, https:\/\/kirkensbymisjon.no\/content\/uploads\/sites\/83\/2024\/08\/tilbud_bybo_oslo_8-768x511.jpg 768w\" sizes=\"auto, (max-width: 973px) 100vw, 973px\" \/><\/figure>\n\n\n\n<figure class=\"wp-block-image size-large\"><img loading=\"lazy\" decoding=\"async\" width=\"677\" height=\"1024\" data-id=\"45\" src=\"https:\/\/kirkensbymisjon.no\/content\/uploads\/sites\/83\/2024\/08\/tilbud_bybo_oslo_7-677x1024.jpg\" alt=\"Leiligheter\" class=\"wp-image-45\" srcset=\"https:\/\/kirkensbymisjon.no\/content\/uploads\/sites\/83\/2024\/08\/tilbud_bybo_oslo_7-677x1024.jpg 677w, https:\/\/kirkensbymisjon.no\/content\/uploads\/sites\/83\/2024\/08\/tilbud_bybo_oslo_7-198x300.jpg 198w, https:\/\/kirkensbymisjon.no\/content\/uploads\/sites\/83\/2024\/08\/tilbud_bybo_oslo_7-768x1162.jpg 768w, https:\/\/kirkensbymisjon.no\/content\/uploads\/sites\/83\/2024\/08\/tilbud_bybo_oslo_7.jpg 973w\" sizes=\"auto, (max-width: 677px) 100vw, 677px\" \/><\/figure>\n\n\n\n<figure class=\"wp-block-image size-large\"><img loading=\"lazy\" decoding=\"async\" width=\"973\" height=\"647\" data-id=\"46\" src=\"https:\/\/kirkensbymisjon.no\/content\/uploads\/sites\/83\/2024\/08\/tilbud_bybo_oslo_6.jpg\" alt=\"Leiligheter\" class=\"wp-image-46\" srcset=\"https:\/\/kirkensbymisjon.no\/content\/uploads\/sites\/83\/2024\/08\/tilbud_bybo_oslo_6.jpg 973w, https:\/\/kirkensbymisjon.no\/content\/uploads\/sites\/83\/2024\/08\/tilbud_bybo_oslo_6-300x199.jpg 300w, https:\/\/kirkensbymisjon.no\/content\/uploads\/sites\/83\/2024\/08\/tilbud_bybo_oslo_6-768x511.jpg 768w\" sizes=\"auto, (max-width: 973px) 100vw, 973px\" \/><\/figure>\n\n\n\n<figure class=\"wp-block-image size-large\"><img loading=\"lazy\" decoding=\"async\" width=\"973\" height=\"647\" data-id=\"47\" src=\"https:\/\/kirkensbymisjon.no\/content\/uploads\/sites\/83\/2024\/08\/tilbud_bybo_oslo_5.jpg\" alt=\"Leiligheter\" class=\"wp-image-47\" srcset=\"https:\/\/kirkensbymisjon.no\/content\/uploads\/sites\/83\/2024\/08\/tilbud_bybo_oslo_5.jpg 973w, https:\/\/kirkensbymisjon.no\/content\/uploads\/sites\/83\/2024\/08\/tilbud_bybo_oslo_5-300x199.jpg 300w, https:\/\/kirkensbymisjon.no\/content\/uploads\/sites\/83\/2024\/08\/tilbud_bybo_oslo_5-768x511.jpg 768w\" sizes=\"auto, (max-width: 973px) 100vw, 973px\" \/><\/figure>\n\n\n\n<figure class=\"wp-block-image size-large\"><img loading=\"lazy\" decoding=\"async\" width=\"973\" height=\"647\" data-id=\"48\" src=\"https:\/\/kirkensbymisjon.no\/content\/uploads\/sites\/83\/2024\/08\/tilbud_bybo_oslo_4.jpg\" alt=\"Leiligheter\" class=\"wp-image-48\" srcset=\"https:\/\/kirkensbymisjon.no\/content\/uploads\/sites\/83\/2024\/08\/tilbud_bybo_oslo_4.jpg 973w, https:\/\/kirkensbymisjon.no\/content\/uploads\/sites\/83\/2024\/08\/tilbud_bybo_oslo_4-300x199.jpg 300w, https:\/\/kirkensbymisjon.no\/content\/uploads\/sites\/83\/2024\/08\/tilbud_bybo_oslo_4-768x511.jpg 768w\" sizes=\"auto, (max-width: 973px) 100vw, 973px\" \/><\/figure>\n\n\n\n<figure class=\"wp-block-image size-large\"><img loading=\"lazy\" decoding=\"async\" width=\"973\" height=\"647\" data-id=\"49\" src=\"https:\/\/kirkensbymisjon.no\/content\/uploads\/sites\/83\/2024\/08\/tilbud_bybo_oslo_3.jpg\" alt=\"Leiligheter\" class=\"wp-image-49\" srcset=\"https:\/\/kirkensbymisjon.no\/content\/uploads\/sites\/83\/2024\/08\/tilbud_bybo_oslo_3.jpg 973w, https:\/\/kirkensbymisjon.no\/content\/uploads\/sites\/83\/2024\/08\/tilbud_bybo_oslo_3-300x199.jpg 300w, https:\/\/kirkensbymisjon.no\/content\/uploads\/sites\/83\/2024\/08\/tilbud_bybo_oslo_3-768x511.jpg 768w\" sizes=\"auto, (max-width: 973px) 100vw, 973px\" \/><\/figure>\n\n\n\n<figure class=\"wp-block-image size-large\"><img loading=\"lazy\" decoding=\"async\" width=\"973\" height=\"647\" data-id=\"50\" src=\"https:\/\/kirkensbymisjon.no\/content\/uploads\/sites\/83\/2024\/08\/tilbud_bybo_oslo_2.jpg\" alt=\"Leiligheter\" class=\"wp-image-50\" srcset=\"https:\/\/kirkensbymisjon.no\/content\/uploads\/sites\/83\/2024\/08\/tilbud_bybo_oslo_2.jpg 973w, https:\/\/kirkensbymisjon.no\/content\/uploads\/sites\/83\/2024\/08\/tilbud_bybo_oslo_2-300x199.jpg 300w, https:\/\/kirkensbymisjon.no\/content\/uploads\/sites\/83\/2024\/08\/tilbud_bybo_oslo_2-768x511.jpg 768w\" sizes=\"auto, (max-width: 973px) 100vw, 973px\" \/><\/figure>\n\n\n\n<figure class=\"wp-block-image size-large\"><img loading=\"lazy\" decoding=\"async\" width=\"973\" height=\"647\" data-id=\"51\" src=\"https:\/\/kirkensbymisjon.no\/content\/uploads\/sites\/83\/2024\/08\/tilbud_bybo_oslo_1.jpg\" alt=\"Leiligheter\" class=\"wp-image-51\" srcset=\"https:\/\/kirkensbymisjon.no\/content\/uploads\/sites\/83\/2024\/08\/tilbud_bybo_oslo_1.jpg 973w, https:\/\/kirkensbymisjon.no\/content\/uploads\/sites\/83\/2024\/08\/tilbud_bybo_oslo_1-300x199.jpg 300w, https:\/\/kirkensbymisjon.no\/content\/uploads\/sites\/83\/2024\/08\/tilbud_bybo_oslo_1-768x511.jpg 768w\" sizes=\"auto, (max-width: 973px) 100vw, 973px\" \/><\/figure>\n\n\n\n<figure class=\"wp-block-image size-large\"><img loading=\"lazy\" decoding=\"async\" width=\"1024\" height=\"687\" data-id=\"6\" src=\"https:\/\/kirkensbymisjon.no\/content\/uploads\/sites\/83\/2024\/06\/Tilbud_bybo-oslo_01-1024x687.jpg\" alt=\"Kvinne i trappeoppgang\" class=\"wp-image-6\" srcset=\"https:\/\/kirkensbymisjon.no\/content\/uploads\/sites\/83\/2024\/06\/Tilbud_bybo-oslo_01-1024x687.jpg 1024w, https:\/\/kirkensbymisjon.no\/content\/uploads\/sites\/83\/2024\/06\/Tilbud_bybo-oslo_01-300x201.jpg 300w, https:\/\/kirkensbymisjon.no\/content\/uploads\/sites\/83\/2024\/06\/Tilbud_bybo-oslo_01-768x516.jpg 768w, https:\/\/kirkensbymisjon.no\/content\/uploads\/sites\/83\/2024\/06\/Tilbud_bybo-oslo_01-1536x1031.jpg 1536w, https:\/\/kirkensbymisjon.no\/content\/uploads\/sites\/83\/2024\/06\/Tilbud_bybo-oslo_01.jpg 1701w\" sizes=\"auto, (max-width: 1024px) 100vw, 1024px\" \/><\/figure>\n\n\n\n<figure class=\"wp-block-image size-large\"><img loading=\"lazy\" decoding=\"async\" width=\"1000\" height=\"500\" data-id=\"33\" src=\"https:\/\/kirkensbymisjon.no\/content\/uploads\/sites\/83\/2024\/08\/Tilbud_bybo_02.jpeg\" alt=\"Boliger\" class=\"wp-image-33\" srcset=\"https:\/\/kirkensbymisjon.no\/content\/uploads\/sites\/83\/2024\/08\/Tilbud_bybo_02.jpeg 1000w, https:\/\/kirkensbymisjon.no\/content\/uploads\/sites\/83\/2024\/08\/Tilbud_bybo_02-300x150.jpeg 300w, https:\/\/kirkensbymisjon.no\/content\/uploads\/sites\/83\/2024\/08\/Tilbud_bybo_02-768x384.jpeg 768w\" sizes=\"auto, (max-width: 1000px) 100vw, 1000px\" \/><\/figure>\n<\/figure>\n\n\t\t\t<\/div>\n\t\t<\/div>\n\t<\/div>\n\t","protected":false},"excerpt":{"rendered":"<p>I Bybo jobber vi for tanken om \u00abrom for alle\u00bb.&nbsp;Vi \u00f8nsker at alle v\u00e5re beboere&hellip;<\/p>\n","protected":false},"author":6,"featured_media":0,"parent":0,"menu_order":0,"comment_status":"closed","ping_status":"closed","template":"","meta":{"_relevanssi_hide_post":"","_relevanssi_hide_content":"","_relevanssi_pin_for_all":"","_relevanssi_pin_keywords":"","_relevanssi_unpin_keywords":"","_relevanssi_related_keywords":"","_relevanssi_related_include_ids":"","_relevanssi_related_exclude_ids":"","_relevanssi_related_no_append":"","_relevanssi_related_not_related":"","_relevanssi_related_posts":"1","_relevanssi_noindex_reason":"","editor_notices":[],"footnotes":""},"class_list":["post-12","page","type-page","status-publish","hentry"],"yoast_head":"<!-- This site is optimized with the Yoast SEO Premium plugin v27.2 (Yoast SEO v27.4) - https:\/\/yoast.com\/product\/yoast-seo-premium-wordpress\/ -->\n<title>Om tilbudet - Bybo, Oslo<\/title>\n<meta name=\"robots\" content=\"index, follow, max-snippet:-1, max-image-preview:large, max-video-preview:-1\" \/>\n<link rel=\"canonical\" href=\"https:\/\/kirkensbymisjon.no\/tilbud-bybo-oslo\/om-tilbudet\/\" \/>\n<meta property=\"og:locale\" content=\"nb_NO\" \/>\n<meta property=\"og:type\" content=\"article\" \/>\n<meta property=\"og:title\" content=\"Om tilbudet\" \/>\n<meta property=\"og:description\" content=\"I Bybo jobber vi for tanken om \u00abrom for alle\u00bb.&nbsp;Vi \u00f8nsker at alle v\u00e5re beboere&hellip;\" \/>\n<meta property=\"og:url\" content=\"https:\/\/kirkensbymisjon.no\/tilbud-bybo-oslo\/om-tilbudet\/\" \/>\n<meta property=\"og:site_name\" content=\"Bybo, Oslo\" \/>\n<meta property=\"article:modified_time\" content=\"2025-08-20T15:17:30+00:00\" \/>\n<meta property=\"og:image\" content=\"https:\/\/kirkensbymisjon.no\/content\/uploads\/sites\/83\/2024\/08\/tilbud_bybo_oslo_11.jpg\" \/>\n\t<meta property=\"og:image:width\" content=\"973\" \/>\n\t<meta property=\"og:image:height\" content=\"1701\" \/>\n\t<meta property=\"og:image:type\" content=\"image\/jpeg\" \/>\n<meta name=\"twitter:card\" content=\"summary_large_image\" \/>\n<meta name=\"twitter:label1\" content=\"Ansl. lesetid\" \/>\n\t<meta name=\"twitter:data1\" content=\"4 minutter\" \/>\n<script type=\"application\/ld+json\" class=\"yoast-schema-graph\">{\"@context\":\"https:\\\/\\\/schema.org\",\"@graph\":[{\"@type\":\"WebPage\",\"@id\":\"https:\\\/\\\/kirkensbymisjon.no\\\/tilbud-bybo-oslo\\\/om-tilbudet\\\/\",\"url\":\"https:\\\/\\\/kirkensbymisjon.no\\\/tilbud-bybo-oslo\\\/om-tilbudet\\\/\",\"name\":\"Om tilbudet - Bybo, Oslo\",\"isPartOf\":{\"@id\":\"https:\\\/\\\/kirkensbymisjon.no\\\/tilbud-bybo-oslo\\\/#website\"},\"primaryImageOfPage\":{\"@id\":\"https:\\\/\\\/kirkensbymisjon.no\\\/tilbud-bybo-oslo\\\/om-tilbudet\\\/#primaryimage\"},\"image\":{\"@id\":\"https:\\\/\\\/kirkensbymisjon.no\\\/tilbud-bybo-oslo\\\/om-tilbudet\\\/#primaryimage\"},\"thumbnailUrl\":\"https:\\\/\\\/kirkensbymisjon.no\\\/content\\\/uploads\\\/sites\\\/83\\\/2024\\\/08\\\/tilbud_bybo_oslo_11-586x1024.jpg\",\"datePublished\":\"2024-07-24T09:50:58+00:00\",\"dateModified\":\"2025-08-20T15:17:30+00:00\",\"breadcrumb\":{\"@id\":\"https:\\\/\\\/kirkensbymisjon.no\\\/tilbud-bybo-oslo\\\/om-tilbudet\\\/#breadcrumb\"},\"inLanguage\":\"nb-NO\",\"potentialAction\":[{\"@type\":\"ReadAction\",\"target\":[\"https:\\\/\\\/kirkensbymisjon.no\\\/tilbud-bybo-oslo\\\/om-tilbudet\\\/\"]}]},{\"@type\":\"ImageObject\",\"inLanguage\":\"nb-NO\",\"@id\":\"https:\\\/\\\/kirkensbymisjon.no\\\/tilbud-bybo-oslo\\\/om-tilbudet\\\/#primaryimage\",\"url\":\"https:\\\/\\\/kirkensbymisjon.no\\\/content\\\/uploads\\\/sites\\\/83\\\/2024\\\/08\\\/tilbud_bybo_oslo_11-586x1024.jpg\",\"contentUrl\":\"https:\\\/\\\/kirkensbymisjon.no\\\/content\\\/uploads\\\/sites\\\/83\\\/2024\\\/08\\\/tilbud_bybo_oslo_11-586x1024.jpg\"},{\"@type\":\"BreadcrumbList\",\"@id\":\"https:\\\/\\\/kirkensbymisjon.no\\\/tilbud-bybo-oslo\\\/om-tilbudet\\\/#breadcrumb\",\"itemListElement\":[{\"@type\":\"ListItem\",\"position\":1,\"name\":\"Hjem\",\"item\":\"https:\\\/\\\/kirkensbymisjon.no\\\/tilbud-bybo-oslo\\\/\"},{\"@type\":\"ListItem\",\"position\":2,\"name\":\"Om tilbudet\"}]},{\"@type\":\"WebSite\",\"@id\":\"https:\\\/\\\/kirkensbymisjon.no\\\/tilbud-bybo-oslo\\\/#website\",\"url\":\"https:\\\/\\\/kirkensbymisjon.no\\\/tilbud-bybo-oslo\\\/\",\"name\":\"Bybo, Oslo\",\"description\":\"\",\"potentialAction\":[{\"@type\":\"SearchAction\",\"target\":{\"@type\":\"EntryPoint\",\"urlTemplate\":\"https:\\\/\\\/kirkensbymisjon.no\\\/tilbud-bybo-oslo\\\/?s={search_term_string}\"},\"query-input\":{\"@type\":\"PropertyValueSpecification\",\"valueRequired\":true,\"valueName\":\"search_term_string\"}}],\"inLanguage\":\"nb-NO\"}]}<\/script>\n<!-- \/ Yoast SEO Premium plugin. -->","yoast_head_json":{"title":"Om tilbudet - Bybo, Oslo","robots":{"index":"index","follow":"follow","max-snippet":"max-snippet:-1","max-image-preview":"max-image-preview:large","max-video-preview":"max-video-preview:-1"},"canonical":"https:\/\/kirkensbymisjon.no\/tilbud-bybo-oslo\/om-tilbudet\/","og_locale":"nb_NO","og_type":"article","og_title":"Om tilbudet","og_description":"I Bybo jobber vi for tanken om \u00abrom for alle\u00bb.&nbsp;Vi \u00f8nsker at alle v\u00e5re beboere&hellip;","og_url":"https:\/\/kirkensbymisjon.no\/tilbud-bybo-oslo\/om-tilbudet\/","og_site_name":"Bybo, Oslo","article_modified_time":"2025-08-20T15:17:30+00:00","og_image":[{"width":973,"height":1701,"url":"https:\/\/kirkensbymisjon.no\/content\/uploads\/sites\/83\/2024\/08\/tilbud_bybo_oslo_11.jpg","type":"image\/jpeg"}],"twitter_card":"summary_large_image","twitter_misc":{"Ansl. lesetid":"4 minutter"},"schema":{"@context":"https:\/\/schema.org","@graph":[{"@type":"WebPage","@id":"https:\/\/kirkensbymisjon.no\/tilbud-bybo-oslo\/om-tilbudet\/","url":"https:\/\/kirkensbymisjon.no\/tilbud-bybo-oslo\/om-tilbudet\/","name":"Om tilbudet - Bybo, Oslo","isPartOf":{"@id":"https:\/\/kirkensbymisjon.no\/tilbud-bybo-oslo\/#website"},"primaryImageOfPage":{"@id":"https:\/\/kirkensbymisjon.no\/tilbud-bybo-oslo\/om-tilbudet\/#primaryimage"},"image":{"@id":"https:\/\/kirkensbymisjon.no\/tilbud-bybo-oslo\/om-tilbudet\/#primaryimage"},"thumbnailUrl":"https:\/\/kirkensbymisjon.no\/content\/uploads\/sites\/83\/2024\/08\/tilbud_bybo_oslo_11-586x1024.jpg","datePublished":"2024-07-24T09:50:58+00:00","dateModified":"2025-08-20T15:17:30+00:00","breadcrumb":{"@id":"https:\/\/kirkensbymisjon.no\/tilbud-bybo-oslo\/om-tilbudet\/#breadcrumb"},"inLanguage":"nb-NO","potentialAction":[{"@type":"ReadAction","target":["https:\/\/kirkensbymisjon.no\/tilbud-bybo-oslo\/om-tilbudet\/"]}]},{"@type":"ImageObject","inLanguage":"nb-NO","@id":"https:\/\/kirkensbymisjon.no\/tilbud-bybo-oslo\/om-tilbudet\/#primaryimage","url":"https:\/\/kirkensbymisjon.no\/content\/uploads\/sites\/83\/2024\/08\/tilbud_bybo_oslo_11-586x1024.jpg","contentUrl":"https:\/\/kirkensbymisjon.no\/content\/uploads\/sites\/83\/2024\/08\/tilbud_bybo_oslo_11-586x1024.jpg"},{"@type":"BreadcrumbList","@id":"https:\/\/kirkensbymisjon.no\/tilbud-bybo-oslo\/om-tilbudet\/#breadcrumb","itemListElement":[{"@type":"ListItem","position":1,"name":"Hjem","item":"https:\/\/kirkensbymisjon.no\/tilbud-bybo-oslo\/"},{"@type":"ListItem","position":2,"name":"Om tilbudet"}]},{"@type":"WebSite","@id":"https:\/\/kirkensbymisjon.no\/tilbud-bybo-oslo\/#website","url":"https:\/\/kirkensbymisjon.no\/tilbud-bybo-oslo\/","name":"Bybo, Oslo","description":"","potentialAction":[{"@type":"SearchAction","target":{"@type":"EntryPoint","urlTemplate":"https:\/\/kirkensbymisjon.no\/tilbud-bybo-oslo\/?s={search_term_string}"},"query-input":{"@type":"PropertyValueSpecification","valueRequired":true,"valueName":"search_term_string"}}],"inLanguage":"nb-NO"}]}},"_links":{"self":[{"href":"https:\/\/kirkensbymisjon.no\/tilbud-bybo-oslo\/wp-json\/wp\/v2\/pages\/12","targetHints":{"allow":["GET"]}}],"collection":[{"href":"https:\/\/kirkensbymisjon.no\/tilbud-bybo-oslo\/wp-json\/wp\/v2\/pages"}],"about":[{"href":"https:\/\/kirkensbymisjon.no\/tilbud-bybo-oslo\/wp-json\/wp\/v2\/types\/page"}],"author":[{"embeddable":true,"href":"https:\/\/kirkensbymisjon.no\/tilbud-bybo-oslo\/wp-json\/wp\/v2\/users\/6"}],"replies":[{"embeddable":true,"href":"https:\/\/kirkensbymisjon.no\/tilbud-bybo-oslo\/wp-json\/wp\/v2\/comments?post=12"}],"version-history":[{"count":5,"href":"https:\/\/kirkensbymisjon.no\/tilbud-bybo-oslo\/wp-json\/wp\/v2\/pages\/12\/revisions"}],"predecessor-version":[{"id":165,"href":"https:\/\/kirkensbymisjon.no\/tilbud-bybo-oslo\/wp-json\/wp\/v2\/pages\/12\/revisions\/165"}],"wp:attachment":[{"href":"https:\/\/kirkensbymisjon.no\/tilbud-bybo-oslo\/wp-json\/wp\/v2\/media?parent=12"}],"curies":[{"name":"wp","href":"https:\/\/api.w.org\/{rel}","templated":true}]}}