{"id":8,"date":"2024-07-24T11:50:31","date_gmt":"2024-07-24T09:50:31","guid":{"rendered":"https:\/\/kirkensbymisjon.no\/tilbud-bybo-oslo\/?page_id=8"},"modified":"2024-10-17T12:29:32","modified_gmt":"2024-10-17T10:29:32","slug":"bli-beboer","status":"publish","type":"page","link":"https:\/\/kirkensbymisjon.no\/tilbud-bybo-oslo\/bli-beboer\/","title":{"rendered":"Bli beboer"},"content":{"rendered":"\n<h2 class=\"wp-block-heading\" id=\"h-slik-soker-du-plass\">Slik s\u00f8ker du plass<\/h2>\n\n\n\n<ol class=\"wp-block-list\">\n<li>Ta kontakt med ditt NAV-kontor (s\u00f8knadskontoret\/boligkontoret\/ruskonsulent\/saksbehandler). <br>Er du usikker, ta kontakt med oss, og vi hjelper deg videre. <br>Hvis NAV-kontoret ikke kjenner til v\u00e5rt tilbud, kan du be din saksbehandler ringe oss.<\/li>\n\n\n\n<li>Deretter vil vi samarbeide med NAV for \u00e5 finne ut om vi har en bolig som passer for deg.<\/li>\n\n\n\n<li>Hvis ledig, avtaler vi hva du trenger av oppf\u00f8lging.<\/li>\n\n\n\n<li>Du kan komme og se boligen og hilse p\u00e5 de ansatte.<\/li>\n\n\n\n<li>Hvis du og NAV er enige og \u00f8nsker \u00e5 ta imot tilbudet, skriver vi en husleiekontrakt med deg \u2013 og en kontrakt om oppf\u00f8lging med NAV. <br>Det m\u00e5 vi gj\u00f8re f\u00f8r du kan flytte inn.<\/li>\n\n\n\n<li>Det er mulig \u00e5 st\u00e5 p\u00e5 venteliste hvis vi ikke har noen ledige boliger for tiden.<\/li>\n<\/ol>\n","protected":false},"excerpt":{"rendered":"<p>Slik s\u00f8ker du plass<\/p>\n","protected":false},"author":6,"featured_media":0,"parent":0,"menu_order":0,"comment_status":"closed","ping_status":"closed","template":"","meta":{"_relevanssi_hide_post":"","_relevanssi_hide_content":"","_relevanssi_pin_for_all":"","_relevanssi_pin_keywords":"","_relevanssi_unpin_keywords":"","_relevanssi_related_keywords":"","_relevanssi_related_include_ids":"","_relevanssi_related_exclude_ids":"","_relevanssi_related_no_append":"","_relevanssi_related_not_related":"","_relevanssi_related_posts":"1","_relevanssi_noindex_reason":"","editor_notices":[],"footnotes":""},"class_list":["post-8","page","type-page","status-publish","hentry"],"yoast_head":"<!-- This site is optimized with the Yoast SEO Premium plugin v27.2 (Yoast SEO v27.2) - https:\/\/yoast.com\/product\/yoast-seo-premium-wordpress\/ -->\n<title>Bli beboer - Bybo, Oslo<\/title>\n<meta name=\"robots\" content=\"index, follow, max-snippet:-1, max-image-preview:large, max-video-preview:-1\" \/>\n<link rel=\"canonical\" href=\"https:\/\/kirkensbymisjon.no\/tilbud-bybo-oslo\/bli-beboer\/\" \/>\n<meta property=\"og:locale\" content=\"nb_NO\" \/>\n<meta property=\"og:type\" content=\"article\" \/>\n<meta property=\"og:title\" content=\"Bli beboer\" \/>\n<meta property=\"og:description\" content=\"Slik s\u00f8ker du plass\" \/>\n<meta property=\"og:url\" content=\"https:\/\/kirkensbymisjon.no\/tilbud-bybo-oslo\/bli-beboer\/\" \/>\n<meta property=\"og:site_name\" content=\"Bybo, Oslo\" \/>\n<meta property=\"article:modified_time\" content=\"2024-10-17T10:29:32+00:00\" \/>\n<meta name=\"twitter:card\" content=\"summary_large_image\" \/>\n<meta name=\"twitter:label1\" content=\"Ansl. lesetid\" \/>\n\t<meta name=\"twitter:data1\" content=\"1 minutt\" \/>\n<script type=\"application\/ld+json\" class=\"yoast-schema-graph\">{\"@context\":\"https:\/\/schema.org\",\"@graph\":[{\"@type\":\"WebPage\",\"@id\":\"https:\/\/kirkensbymisjon.no\/tilbud-bybo-oslo\/bli-beboer\/\",\"url\":\"https:\/\/kirkensbymisjon.no\/tilbud-bybo-oslo\/bli-beboer\/\",\"name\":\"Bli beboer - Bybo, Oslo\",\"isPartOf\":{\"@id\":\"https:\/\/kirkensbymisjon.no\/tilbud-bybo-oslo\/#website\"},\"datePublished\":\"2024-07-24T09:50:31+00:00\",\"dateModified\":\"2024-10-17T10:29:32+00:00\",\"breadcrumb\":{\"@id\":\"https:\/\/kirkensbymisjon.no\/tilbud-bybo-oslo\/bli-beboer\/#breadcrumb\"},\"inLanguage\":\"nb-NO\",\"potentialAction\":[{\"@type\":\"ReadAction\",\"target\":[\"https:\/\/kirkensbymisjon.no\/tilbud-bybo-oslo\/bli-beboer\/\"]}]},{\"@type\":\"BreadcrumbList\",\"@id\":\"https:\/\/kirkensbymisjon.no\/tilbud-bybo-oslo\/bli-beboer\/#breadcrumb\",\"itemListElement\":[{\"@type\":\"ListItem\",\"position\":1,\"name\":\"Hjem\",\"item\":\"https:\/\/kirkensbymisjon.no\/tilbud-bybo-oslo\/\"},{\"@type\":\"ListItem\",\"position\":2,\"name\":\"Bli beboer\"}]},{\"@type\":\"WebSite\",\"@id\":\"https:\/\/kirkensbymisjon.no\/tilbud-bybo-oslo\/#website\",\"url\":\"https:\/\/kirkensbymisjon.no\/tilbud-bybo-oslo\/\",\"name\":\"Bybo, Oslo\",\"description\":\"\",\"potentialAction\":[{\"@type\":\"SearchAction\",\"target\":{\"@type\":\"EntryPoint\",\"urlTemplate\":\"https:\/\/kirkensbymisjon.no\/tilbud-bybo-oslo\/?s={search_term_string}\"},\"query-input\":{\"@type\":\"PropertyValueSpecification\",\"valueRequired\":true,\"valueName\":\"search_term_string\"}}],\"inLanguage\":\"nb-NO\"}]}<\/script>\n<!-- \/ Yoast SEO Premium plugin. -->","yoast_head_json":{"title":"Bli beboer - Bybo, Oslo","robots":{"index":"index","follow":"follow","max-snippet":"max-snippet:-1","max-image-preview":"max-image-preview:large","max-video-preview":"max-video-preview:-1"},"canonical":"https:\/\/kirkensbymisjon.no\/tilbud-bybo-oslo\/bli-beboer\/","og_locale":"nb_NO","og_type":"article","og_title":"Bli beboer","og_description":"Slik s\u00f8ker du plass","og_url":"https:\/\/kirkensbymisjon.no\/tilbud-bybo-oslo\/bli-beboer\/","og_site_name":"Bybo, Oslo","article_modified_time":"2024-10-17T10:29:32+00:00","twitter_card":"summary_large_image","twitter_misc":{"Ansl. lesetid":"1 minutt"},"schema":{"@context":"https:\/\/schema.org","@graph":[{"@type":"WebPage","@id":"https:\/\/kirkensbymisjon.no\/tilbud-bybo-oslo\/bli-beboer\/","url":"https:\/\/kirkensbymisjon.no\/tilbud-bybo-oslo\/bli-beboer\/","name":"Bli beboer - Bybo, Oslo","isPartOf":{"@id":"https:\/\/kirkensbymisjon.no\/tilbud-bybo-oslo\/#website"},"datePublished":"2024-07-24T09:50:31+00:00","dateModified":"2024-10-17T10:29:32+00:00","breadcrumb":{"@id":"https:\/\/kirkensbymisjon.no\/tilbud-bybo-oslo\/bli-beboer\/#breadcrumb"},"inLanguage":"nb-NO","potentialAction":[{"@type":"ReadAction","target":["https:\/\/kirkensbymisjon.no\/tilbud-bybo-oslo\/bli-beboer\/"]}]},{"@type":"BreadcrumbList","@id":"https:\/\/kirkensbymisjon.no\/tilbud-bybo-oslo\/bli-beboer\/#breadcrumb","itemListElement":[{"@type":"ListItem","position":1,"name":"Hjem","item":"https:\/\/kirkensbymisjon.no\/tilbud-bybo-oslo\/"},{"@type":"ListItem","position":2,"name":"Bli beboer"}]},{"@type":"WebSite","@id":"https:\/\/kirkensbymisjon.no\/tilbud-bybo-oslo\/#website","url":"https:\/\/kirkensbymisjon.no\/tilbud-bybo-oslo\/","name":"Bybo, Oslo","description":"","potentialAction":[{"@type":"SearchAction","target":{"@type":"EntryPoint","urlTemplate":"https:\/\/kirkensbymisjon.no\/tilbud-bybo-oslo\/?s={search_term_string}"},"query-input":{"@type":"PropertyValueSpecification","valueRequired":true,"valueName":"search_term_string"}}],"inLanguage":"nb-NO"}]}},"_links":{"self":[{"href":"https:\/\/kirkensbymisjon.no\/tilbud-bybo-oslo\/wp-json\/wp\/v2\/pages\/8","targetHints":{"allow":["GET"]}}],"collection":[{"href":"https:\/\/kirkensbymisjon.no\/tilbud-bybo-oslo\/wp-json\/wp\/v2\/pages"}],"about":[{"href":"https:\/\/kirkensbymisjon.no\/tilbud-bybo-oslo\/wp-json\/wp\/v2\/types\/page"}],"author":[{"embeddable":true,"href":"https:\/\/kirkensbymisjon.no\/tilbud-bybo-oslo\/wp-json\/wp\/v2\/users\/6"}],"replies":[{"embeddable":true,"href":"https:\/\/kirkensbymisjon.no\/tilbud-bybo-oslo\/wp-json\/wp\/v2\/comments?post=8"}],"version-history":[{"count":5,"href":"https:\/\/kirkensbymisjon.no\/tilbud-bybo-oslo\/wp-json\/wp\/v2\/pages\/8\/revisions"}],"predecessor-version":[{"id":106,"href":"https:\/\/kirkensbymisjon.no\/tilbud-bybo-oslo\/wp-json\/wp\/v2\/pages\/8\/revisions\/106"}],"wp:attachment":[{"href":"https:\/\/kirkensbymisjon.no\/tilbud-bybo-oslo\/wp-json\/wp\/v2\/media?parent=8"}],"curies":[{"name":"wp","href":"https:\/\/api.w.org\/{rel}","templated":true}]}}