{"id":3,"date":"2024-06-19T11:59:55","date_gmt":"2024-06-19T09:59:55","guid":{"rendered":"https:\/\/kirkensbymisjon.no\/tilbud-bymisjonskapellet\/forside\/"},"modified":"2024-12-15T20:29:24","modified_gmt":"2024-12-15T19:29:24","slug":"bymisjonskapellet","status":"publish","type":"page","link":"https:\/\/kirkensbymisjon.no\/tilbud-bymisjonskapellet\/","title":{"rendered":"Forside"},"content":{"rendered":"\n<p>Alle er velkomne til kapellet for \u00e5 tenne lys, sette seg ned, synge en salme, be en b\u00f8nn eller \u00e5 bare v\u00e6re stille i fellesskapet.&nbsp;&nbsp;<\/p>\n\n\n\n<p>Hver tirsdag kl. 14.00 er det hverdagsb\u00f8nn i Bymisjonskapellet. <a href=\"\/tilbud-bymisjonskapellet\/kontaktinformasjon\">Ta kontakt<\/a> dersom du er interessert i mer informasjon om \u00e5 avholde gudstjeneste i kapellet.&nbsp;<\/p>\n\n\n\n<div class=\"wp-block-media-text alignwide is-stacked-on-mobile is-style-filled\"><figure class=\"wp-block-media-text__media\"><img decoding=\"async\" src=\"https:\/\/kirkensbymisjon.no\/content\/uploads\/2024\/08\/arbeidsfelt_narmiljo_04-1024x723.jpg\" alt=\"Frivillige i samtale med gjest i kafeen\" class=\"wp-image-1303 size-full\" \/><\/figure><div class=\"wp-block-media-text__content\">\n<h2 class=\"wp-block-heading\" id=\"h-naermiljo\">N\u00e6rmilj\u00f8<\/h2>\n\n\n\n<p>Lokale og \u00e5pne fellesskap er viktige for \u00e5 forebygge utenforskap og ensomhet. Vi har tilbud for b\u00e5de unge, eldre, familier og personer med rus- og helseutfordringer, som skal bidra til trivsel og sosiale m\u00f8teplasser i n\u00e6rmilj\u00f8et.<\/p>\n\n\n\n<p><a href=\"\/naermiljo\">Les mer om v\u00e5re tilbud<\/a><\/p>\n<\/div><\/div>\n","protected":false},"excerpt":{"rendered":"<p>Alle er velkomne til kapellet for \u00e5 tenne lys, sette seg ned, synge en salme,&hellip;<\/p>\n","protected":false},"author":2,"featured_media":5,"parent":0,"menu_order":0,"comment_status":"closed","ping_status":"closed","template":"","meta":{"_relevanssi_hide_post":"","_relevanssi_hide_content":"","_relevanssi_pin_for_all":"","_relevanssi_pin_keywords":"","_relevanssi_unpin_keywords":"","_relevanssi_related_keywords":"","_relevanssi_related_include_ids":"","_relevanssi_related_exclude_ids":"","_relevanssi_related_no_append":"","_relevanssi_related_not_related":"","_relevanssi_related_posts":"1","_relevanssi_noindex_reason":"","editor_notices":[],"footnotes":""},"class_list":["post-3","page","type-page","status-publish","has-post-thumbnail","hentry"],"yoast_head":"<!-- This site is optimized with the Yoast SEO Premium plugin v27.2 (Yoast SEO v27.2) - https:\/\/yoast.com\/product\/yoast-seo-premium-wordpress\/ -->\n<title>Kirkens Bymisjon - Bymisjonskapellet<\/title>\n<meta name=\"description\" content=\"\u00c5pent kapell i Troms\u00f8 med rom for alle og tilknytning til v\u00e5r kaf\u00e9.\" \/>\n<meta name=\"robots\" content=\"index, follow, max-snippet:-1, max-image-preview:large, max-video-preview:-1\" \/>\n<link rel=\"canonical\" href=\"https:\/\/kirkensbymisjon.no\/tilbud-bymisjonskapellet\/\" \/>\n<meta property=\"og:locale\" content=\"nb_NO\" \/>\n<meta property=\"og:type\" content=\"article\" \/>\n<meta property=\"og:title\" content=\"Forside\" \/>\n<meta property=\"og:description\" content=\"\u00c5pent kapell i Troms\u00f8 med rom for alle og tilknytning til v\u00e5r kaf\u00e9.\" \/>\n<meta property=\"og:url\" content=\"https:\/\/kirkensbymisjon.no\/tilbud-bymisjonskapellet\/\" \/>\n<meta property=\"og:site_name\" content=\"Bymisjonskapellet\" \/>\n<meta property=\"article:modified_time\" content=\"2024-12-15T19:29:24+00:00\" \/>\n<meta property=\"og:image\" content=\"https:\/\/kirkensbymisjon.no\/content\/uploads\/sites\/48\/2024\/06\/Tilbud_Bymisjonskapellet_01.jpg\" \/>\n\t<meta property=\"og:image:width\" content=\"777\" \/>\n\t<meta property=\"og:image:height\" content=\"525\" \/>\n\t<meta property=\"og:image:type\" content=\"image\/jpeg\" \/>\n<meta name=\"twitter:card\" content=\"summary_large_image\" \/>\n<meta name=\"twitter:label1\" content=\"Ansl. lesetid\" \/>\n\t<meta name=\"twitter:data1\" content=\"1 minutt\" \/>\n<script type=\"application\/ld+json\" class=\"yoast-schema-graph\">{\"@context\":\"https:\/\/schema.org\",\"@graph\":[{\"@type\":\"WebPage\",\"@id\":\"https:\/\/kirkensbymisjon.no\/tilbud-bymisjonskapellet\/\",\"url\":\"https:\/\/kirkensbymisjon.no\/tilbud-bymisjonskapellet\/\",\"name\":\"Kirkens Bymisjon - Bymisjonskapellet\",\"isPartOf\":{\"@id\":\"https:\/\/kirkensbymisjon.no\/tilbud-bymisjonskapellet\/#website\"},\"primaryImageOfPage\":{\"@id\":\"https:\/\/kirkensbymisjon.no\/tilbud-bymisjonskapellet\/#primaryimage\"},\"image\":{\"@id\":\"https:\/\/kirkensbymisjon.no\/tilbud-bymisjonskapellet\/#primaryimage\"},\"thumbnailUrl\":\"https:\/\/kirkensbymisjon.no\/content\/uploads\/sites\/48\/2024\/06\/Tilbud_Bymisjonskapellet_01.jpg\",\"datePublished\":\"2024-06-19T09:59:55+00:00\",\"dateModified\":\"2024-12-15T19:29:24+00:00\",\"description\":\"\u00c5pent kapell i Troms\u00f8 med rom for alle og tilknytning til v\u00e5r kaf\u00e9.\",\"breadcrumb\":{\"@id\":\"https:\/\/kirkensbymisjon.no\/tilbud-bymisjonskapellet\/#breadcrumb\"},\"inLanguage\":\"nb-NO\",\"potentialAction\":[{\"@type\":\"ReadAction\",\"target\":[\"https:\/\/kirkensbymisjon.no\/tilbud-bymisjonskapellet\/\"]}]},{\"@type\":\"ImageObject\",\"inLanguage\":\"nb-NO\",\"@id\":\"https:\/\/kirkensbymisjon.no\/tilbud-bymisjonskapellet\/#primaryimage\",\"url\":\"https:\/\/kirkensbymisjon.no\/content\/uploads\/sites\/48\/2024\/06\/Tilbud_Bymisjonskapellet_01.jpg\",\"contentUrl\":\"https:\/\/kirkensbymisjon.no\/content\/uploads\/sites\/48\/2024\/06\/Tilbud_Bymisjonskapellet_01.jpg\",\"width\":777,\"height\":525,\"caption\":\"Lystenning.\"},{\"@type\":\"BreadcrumbList\",\"@id\":\"https:\/\/kirkensbymisjon.no\/tilbud-bymisjonskapellet\/#breadcrumb\",\"itemListElement\":[{\"@type\":\"ListItem\",\"position\":1,\"name\":\"Hjem\",\"item\":\"https:\/\/kirkensbymisjon.no\/tilbud-bymisjonskapellet\/\"},{\"@type\":\"ListItem\",\"position\":2,\"name\":\"Forside\"}]},{\"@type\":\"WebSite\",\"@id\":\"https:\/\/kirkensbymisjon.no\/tilbud-bymisjonskapellet\/#website\",\"url\":\"https:\/\/kirkensbymisjon.no\/tilbud-bymisjonskapellet\/\",\"name\":\"Bymisjonskapellet\",\"description\":\"\",\"potentialAction\":[{\"@type\":\"SearchAction\",\"target\":{\"@type\":\"EntryPoint\",\"urlTemplate\":\"https:\/\/kirkensbymisjon.no\/tilbud-bymisjonskapellet\/?s={search_term_string}\"},\"query-input\":{\"@type\":\"PropertyValueSpecification\",\"valueRequired\":true,\"valueName\":\"search_term_string\"}}],\"inLanguage\":\"nb-NO\"}]}<\/script>\n<!-- \/ Yoast SEO Premium plugin. -->","yoast_head_json":{"title":"Kirkens Bymisjon - Bymisjonskapellet","description":"\u00c5pent kapell i Troms\u00f8 med rom for alle og tilknytning til v\u00e5r kaf\u00e9.","robots":{"index":"index","follow":"follow","max-snippet":"max-snippet:-1","max-image-preview":"max-image-preview:large","max-video-preview":"max-video-preview:-1"},"canonical":"https:\/\/kirkensbymisjon.no\/tilbud-bymisjonskapellet\/","og_locale":"nb_NO","og_type":"article","og_title":"Forside","og_description":"\u00c5pent kapell i Troms\u00f8 med rom for alle og tilknytning til v\u00e5r kaf\u00e9.","og_url":"https:\/\/kirkensbymisjon.no\/tilbud-bymisjonskapellet\/","og_site_name":"Bymisjonskapellet","article_modified_time":"2024-12-15T19:29:24+00:00","og_image":[{"width":777,"height":525,"url":"https:\/\/kirkensbymisjon.no\/content\/uploads\/sites\/48\/2024\/06\/Tilbud_Bymisjonskapellet_01.jpg","type":"image\/jpeg"}],"twitter_card":"summary_large_image","twitter_misc":{"Ansl. lesetid":"1 minutt"},"schema":{"@context":"https:\/\/schema.org","@graph":[{"@type":"WebPage","@id":"https:\/\/kirkensbymisjon.no\/tilbud-bymisjonskapellet\/","url":"https:\/\/kirkensbymisjon.no\/tilbud-bymisjonskapellet\/","name":"Kirkens Bymisjon - Bymisjonskapellet","isPartOf":{"@id":"https:\/\/kirkensbymisjon.no\/tilbud-bymisjonskapellet\/#website"},"primaryImageOfPage":{"@id":"https:\/\/kirkensbymisjon.no\/tilbud-bymisjonskapellet\/#primaryimage"},"image":{"@id":"https:\/\/kirkensbymisjon.no\/tilbud-bymisjonskapellet\/#primaryimage"},"thumbnailUrl":"https:\/\/kirkensbymisjon.no\/content\/uploads\/sites\/48\/2024\/06\/Tilbud_Bymisjonskapellet_01.jpg","datePublished":"2024-06-19T09:59:55+00:00","dateModified":"2024-12-15T19:29:24+00:00","description":"\u00c5pent kapell i Troms\u00f8 med rom for alle og tilknytning til v\u00e5r kaf\u00e9.","breadcrumb":{"@id":"https:\/\/kirkensbymisjon.no\/tilbud-bymisjonskapellet\/#breadcrumb"},"inLanguage":"nb-NO","potentialAction":[{"@type":"ReadAction","target":["https:\/\/kirkensbymisjon.no\/tilbud-bymisjonskapellet\/"]}]},{"@type":"ImageObject","inLanguage":"nb-NO","@id":"https:\/\/kirkensbymisjon.no\/tilbud-bymisjonskapellet\/#primaryimage","url":"https:\/\/kirkensbymisjon.no\/content\/uploads\/sites\/48\/2024\/06\/Tilbud_Bymisjonskapellet_01.jpg","contentUrl":"https:\/\/kirkensbymisjon.no\/content\/uploads\/sites\/48\/2024\/06\/Tilbud_Bymisjonskapellet_01.jpg","width":777,"height":525,"caption":"Lystenning."},{"@type":"BreadcrumbList","@id":"https:\/\/kirkensbymisjon.no\/tilbud-bymisjonskapellet\/#breadcrumb","itemListElement":[{"@type":"ListItem","position":1,"name":"Hjem","item":"https:\/\/kirkensbymisjon.no\/tilbud-bymisjonskapellet\/"},{"@type":"ListItem","position":2,"name":"Forside"}]},{"@type":"WebSite","@id":"https:\/\/kirkensbymisjon.no\/tilbud-bymisjonskapellet\/#website","url":"https:\/\/kirkensbymisjon.no\/tilbud-bymisjonskapellet\/","name":"Bymisjonskapellet","description":"","potentialAction":[{"@type":"SearchAction","target":{"@type":"EntryPoint","urlTemplate":"https:\/\/kirkensbymisjon.no\/tilbud-bymisjonskapellet\/?s={search_term_string}"},"query-input":{"@type":"PropertyValueSpecification","valueRequired":true,"valueName":"search_term_string"}}],"inLanguage":"nb-NO"}]}},"_links":{"self":[{"href":"https:\/\/kirkensbymisjon.no\/tilbud-bymisjonskapellet\/wp-json\/wp\/v2\/pages\/3","targetHints":{"allow":["GET"]}}],"collection":[{"href":"https:\/\/kirkensbymisjon.no\/tilbud-bymisjonskapellet\/wp-json\/wp\/v2\/pages"}],"about":[{"href":"https:\/\/kirkensbymisjon.no\/tilbud-bymisjonskapellet\/wp-json\/wp\/v2\/types\/page"}],"author":[{"embeddable":true,"href":"https:\/\/kirkensbymisjon.no\/tilbud-bymisjonskapellet\/wp-json\/wp\/v2\/users\/2"}],"replies":[{"embeddable":true,"href":"https:\/\/kirkensbymisjon.no\/tilbud-bymisjonskapellet\/wp-json\/wp\/v2\/comments?post=3"}],"version-history":[{"count":5,"href":"https:\/\/kirkensbymisjon.no\/tilbud-bymisjonskapellet\/wp-json\/wp\/v2\/pages\/3\/revisions"}],"predecessor-version":[{"id":32,"href":"https:\/\/kirkensbymisjon.no\/tilbud-bymisjonskapellet\/wp-json\/wp\/v2\/pages\/3\/revisions\/32"}],"wp:featuredmedia":[{"embeddable":true,"href":"https:\/\/kirkensbymisjon.no\/tilbud-bymisjonskapellet\/wp-json\/wp\/v2\/media\/5"}],"wp:attachment":[{"href":"https:\/\/kirkensbymisjon.no\/tilbud-bymisjonskapellet\/wp-json\/wp\/v2\/media?parent=3"}],"curies":[{"name":"wp","href":"https:\/\/api.w.org\/{rel}","templated":true}]}}