{"id":3,"date":"2024-07-04T10:55:12","date_gmt":"2024-07-04T08:55:12","guid":{"rendered":"https:\/\/kirkensbymisjon.no\/tilbud-bymisjonssenteret-alesund\/forside\/"},"modified":"2024-09-06T14:43:25","modified_gmt":"2024-09-06T12:43:25","slug":"forside","status":"publish","type":"page","link":"https:\/\/kirkensbymisjon.no\/tilbud-bymisjonssenteret-alesund\/","title":{"rendered":"Forside"},"content":{"rendered":"\n<p>Bymisjonssenteret i \u00c5lesund er en \u00e5pen m\u00f8teplass for alle som ser etter et fellesskap. Vi har en rekke sosiale treff, arrangementer og aktiviteter. <\/p>\n\n\n\n<p>I kaf\u00e9en v\u00e5r kan mennesker i byen m\u00f8tes p\u00e5 tvers, uavhengig av livssituasjon eller bakgrunn. Vi \u00f8nsker \u00e5 gi \u00c5lesunds innbyggere anledning til \u00e5 dra p\u00e5 kaf\u00e9 og spise rimelig, n\u00e6ringsrik og hjemmelaget mat i et varmt og inkluderende fellesskap. Personalet best\u00e5r av ansatte og frivillige medarbeidere.<\/p>\n\n\n\t<div class=\"alignwide wp-block-kbm-link-list\">\n\t\t<div class=\"kbm-link-list__items\">\n\t\t\t\n<div class=\"wp-block-kbm-link-list-item\">\t<svg xmlns=\"http:\/\/www.w3.org\/2000\/svg\" viewBox=\"0 0 48 48\" height=\"24\" width=\"24\" class=\"t2-icon t2-icon-training\" aria-hidden=\"true\" focusable=\"false\"><path d=\"M35.6 4.126c-3.41.481-6.585 1.803-9.071 3.777-.736.584-1.97 1.815-2.582 2.577-.809 1.006-2.803 4.024-3.723 5.636-1.546 2.708-3.41 6.521-4.402 9.003a35.19 35.19 0 0 1-.991 2.178C13.137 30.681 11.222 35.365 9.639 40c-.744 2.18-.784 2.548-.368 3.393.655 1.332 2.212 1.956 3.413 1.368.673-.329.889-.688 1.516-2.517 1.425-4.162 3.96-10.521 4.125-10.348.033.035.553 1.162 1.155 2.504 2.764 6.158 4.24 9.187 4.684 9.612.591.565 1.579.696 2.425.321.555-.245 1.192-.889 1.451-1.467.194-.432.215-.56.183-1.108-.034-.601-.067-.685-1.12-2.889-2.068-4.328-4.619-9.984-4.566-10.124.024-.064.161-.082.41-.055.267.03 1.229-.121 3.373-.528 1.65-.314 3.586-.681 4.303-.816.883-.167 1.383-.301 1.553-.416.421-.287.693-.699.832-1.261.121-.493.121-.577-.004-1.2-.441-2.186-1.46-3.994-3.372-5.982-.675-.702-1.038-1.15-1.198-1.477-.267-.547-.824-1.194-1.709-1.985l-.63-.563.235-.371c.935-1.479 2.502-2.982 4.128-3.96 1.723-1.037 4.062-1.784 6.422-2.051.418-.047.911-.141 1.095-.208 1.19-.432 1.377-2.103.356-3.179-.618-.651-1.234-.779-2.731-.567m-4.248 7.093a3.5 3.5 0 0 0-2.163 2.238c-.133.44-.161.701-.134 1.262.029.616.071.783.33 1.306.513 1.038 1.425 1.708 2.602 1.909 2.253.387 4.329-1.698 3.946-3.96-.197-1.165-.869-2.076-1.911-2.591-.551-.272-.672-.3-1.373-.323-.64-.021-.858.006-1.297.159M27.283 21.88c.481.567 1.159 1.625 1.087 1.697-.042.042-3.566.739-3.752.742-.096.002.823-1.332 1.51-2.192.34-.424.647-.762.682-.749.036.012.248.238.473.502\"\/><\/svg>\t<div class=\"kbm-link-list-item__content\">\n\t\t<p class=\"kbm-link-list-item__title\">Fysisk aktivitet<\/p>\n\t\t\t\t\t<p class=\"kbm-link-list-item__description\">For deg som \u00f8nsker \u00e5 holde deg i form, og samtidig ta del i et fellesskap, tilbyr vi blant annet yoga og turgrupper.<\/p>\n\t\t\t<\/div>\n\t<\/div>\n\n<div class=\"wp-block-kbm-link-list-item\">\t<svg xmlns=\"http:\/\/www.w3.org\/2000\/svg\" viewBox=\"0 0 48 48\" height=\"24\" width=\"24\" class=\"t2-icon t2-icon-heart\" aria-hidden=\"true\" focusable=\"false\"><path d=\"M12.608 7.169c-1.695.306-3.132.959-4.579 2.081-1.894 1.468-3.293 3.755-3.79 6.194-.689 3.382.232 7.499 2.57 11.489 2.339 3.991 6.459 8.359 11.511 12.202 1.924 1.463 5.432 3.825 5.682 3.825.244 0 3.789-2.389 5.678-3.826 3.507-2.666 6.767-5.781 9.058-8.654 4.107-5.151 5.927-10.598 5.023-15.036-.867-4.255-4.231-7.559-8.431-8.282-.908-.156-2.546-.157-3.46-.001-3.228.55-6.151 2.758-7.548 5.699-.151.319-.296.58-.32.58-.025 0-.212-.333-.416-.74-1.452-2.905-4.266-4.995-7.456-5.539-.885-.151-2.667-.147-3.522.008\"\/><\/svg>\t<div class=\"kbm-link-list-item__content\">\n\t\t<p class=\"kbm-link-list-item__title\">Feiringer og arrangementer<\/p>\n\t\t\t\t\t<p class=\"kbm-link-list-item__description\">Vi har arrangementer som 17. mai-feiring, konserter og regnbuemesse. <\/p>\n\t\t\t<\/div>\n\t<\/div>\n\n<div class=\"wp-block-kbm-link-list-item\">\t<svg xmlns=\"http:\/\/www.w3.org\/2000\/svg\" viewBox=\"0 0 48 48\" height=\"24\" width=\"24\" class=\"t2-icon t2-icon-substanceabuse\" aria-hidden=\"true\" focusable=\"false\"><path d=\"M12.56 9.154c-1.341.298-2.645 1.02-3.574 1.979C7.697 12.465 7.02 14.139 7.02 16c0 1.434.389 2.738 1.147 3.847 1.839 2.689 5.013 3.786 8.045 2.781 2.343-.777 4.141-2.82 4.672-5.308.157-.736.12-2.2-.074-2.939-.374-1.42-.887-2.311-1.927-3.341-.989-.98-2.132-1.604-3.441-1.88-.683-.143-2.248-.147-2.882-.006m19.96.013c-.635.139-1.595.533-2.262.927-.582.343-1.821 1.582-2.164 2.164-.801 1.355-1.097 2.524-1.03 4.056.053 1.203.179 1.707.694 2.766a6.659 6.659 0 0 0 3.162 3.162c1.198.583 1.617.675 3.08.675s1.882-.092 3.08-.675a6.878 6.878 0 0 0 2.325-1.823c.5-.602 1.152-1.869 1.369-2.659.108-.395.143-.818.143-1.76 0-1.463-.092-1.882-.675-3.08a6.878 6.878 0 0 0-1.823-2.325c-.59-.49-1.865-1.151-2.619-1.357-.694-.191-2.555-.231-3.28-.071M8.438 28.079c-2.389.351-4.344 1.951-5.133 4.201l-.225.64-.024 3.02-.025 3.02h17.586l.048-1.06c.071-1.592.431-2.97 1.156-4.42.413-.828 1.123-1.894 1.7-2.553.219-.251.399-.497.399-.548 0-.149-.879-.956-1.44-1.322a7.39 7.39 0 0 0-1.133-.577c-1.197-.462-1.483-.481-7.257-.47-2.888.005-5.431.037-5.652.069m24.251.006c-1.748.203-3.4.813-4.929 1.82-.842.555-2.146 1.809-2.743 2.638-1.226 1.702-1.977 3.887-1.977 5.747v.67h21.92v-.67c0-1.861-.751-4.045-1.978-5.748-.523-.727-1.755-1.947-2.502-2.478-2.187-1.554-5.092-2.292-7.791-1.979\"\/><\/svg>\t<div class=\"kbm-link-list-item__content\">\n\t\t<p class=\"kbm-link-list-item__title\">Sosiale treff<\/p>\n\t\t\t\t\t<p class=\"kbm-link-list-item__description\">Noen av v\u00e5re sosiale arenaer er for eksempel strikketreff og demenskor.<\/p>\n\t\t\t<\/div>\n\t<\/div>\n\t\t<\/div>\n\t<\/div>\n\t\n\n\n<div class=\"wp-block-media-text alignwide is-stacked-on-mobile is-style-filled\"><figure class=\"wp-block-media-text__media\"><img decoding=\"async\" src=\"https:\/\/kirkensbymisjon.no\/content\/uploads\/2024\/09\/Standard_Bli-frivillig_01-1024x751.jpg\" alt=\"Frivillige i samtale med gjest i kafeen. Foto: Kirkens Bymisjon\" class=\"wp-image-3078 size-full\"\/><\/figure><div class=\"wp-block-media-text__content\">\n<h2 class=\"wp-block-heading\" id=\"h-vil-du-bidra\">Vil du bidra?<\/h2>\n\n\n\n<p>Ta kontakt med oss om du har lyst til \u00e5 bidra \u2013 som deltaker p\u00e5 kurs eller i produksjon, med ideer til et produkt eller en tjeneste, med r\u00e5varer og materialer, med et \u00f8konomisk bidrag eller som frivillig.&nbsp;<\/p>\n\n\n\n<p><a href=\"https:\/\/kirkensbymisjon.no\/tilbud-arbeidsrommet\/\">Les mer om frivillighet<\/a><\/p>\n<\/div><\/div>\n","protected":false},"excerpt":{"rendered":"<p>Bymisjonssenteret i \u00c5lesund er en \u00e5pen m\u00f8teplass for alle som ser etter et fellesskap. Vi&hellip;<\/p>\n","protected":false},"author":2,"featured_media":0,"parent":0,"menu_order":0,"comment_status":"closed","ping_status":"closed","template":"","meta":{"_relevanssi_hide_post":"","_relevanssi_hide_content":"","_relevanssi_pin_for_all":"","_relevanssi_pin_keywords":"","_relevanssi_unpin_keywords":"","_relevanssi_related_keywords":"","_relevanssi_related_include_ids":"","_relevanssi_related_exclude_ids":"","_relevanssi_related_no_append":"","_relevanssi_related_not_related":"","_relevanssi_related_posts":"1","_relevanssi_noindex_reason":"","editor_notices":[],"footnotes":""},"class_list":["post-3","page","type-page","status-publish","hentry"],"yoast_head":"<!-- This site is optimized with the Yoast SEO Premium plugin v27.2 (Yoast SEO v27.4) - https:\/\/yoast.com\/product\/yoast-seo-premium-wordpress\/ -->\n<title>Kirkens Bymisjon - Bymisjonssenteret, \u00c5lesund<\/title>\n<meta name=\"description\" content=\"En \u00e5pen og inkluderende m\u00f8teplass med ulike aktiviteter, arrangementer og kaf\u00e9.\" \/>\n<meta name=\"robots\" content=\"index, follow, max-snippet:-1, max-image-preview:large, max-video-preview:-1\" \/>\n<link rel=\"canonical\" href=\"https:\/\/kirkensbymisjon.no\/tilbud-bymisjonssenteret-alesund\/\" \/>\n<meta property=\"og:locale\" content=\"nb_NO\" \/>\n<meta property=\"og:type\" content=\"article\" \/>\n<meta property=\"og:title\" content=\"Kirkens Bymisjon - Bymisjonssenteret, \u00c5lesund\" \/>\n<meta property=\"og:description\" content=\"En \u00e5pen og inkluderende m\u00f8teplass med ulike aktiviteter, arrangementer og kaf\u00e9.\" \/>\n<meta property=\"og:url\" content=\"https:\/\/kirkensbymisjon.no\/tilbud-bymisjonssenteret-alesund\/\" \/>\n<meta property=\"og:site_name\" content=\"Bymisjonssenteret, \u00c5lesund\" \/>\n<meta property=\"article:modified_time\" content=\"2024-09-06T12:43:25+00:00\" \/>\n<meta property=\"og:image\" content=\"https:\/\/kirkensbymisjon.no\/content\/uploads\/2024\/09\/Standard_Bli-frivillig_01-1024x751.jpg\" \/>\n<meta name=\"twitter:card\" content=\"summary_large_image\" \/>\n<meta name=\"twitter:title\" content=\"Forside\" \/>\n<meta name=\"twitter:label1\" content=\"Ansl. lesetid\" \/>\n\t<meta name=\"twitter:data1\" content=\"2 minutter\" \/>\n<script type=\"application\/ld+json\" class=\"yoast-schema-graph\">{\"@context\":\"https:\\\/\\\/schema.org\",\"@graph\":[{\"@type\":\"WebPage\",\"@id\":\"https:\\\/\\\/kirkensbymisjon.no\\\/tilbud-bymisjonssenteret-alesund\\\/\",\"url\":\"https:\\\/\\\/kirkensbymisjon.no\\\/tilbud-bymisjonssenteret-alesund\\\/\",\"name\":\"Kirkens Bymisjon - Bymisjonssenteret, \u00c5lesund\",\"isPartOf\":{\"@id\":\"https:\\\/\\\/kirkensbymisjon.no\\\/tilbud-bymisjonssenteret-alesund\\\/#website\"},\"primaryImageOfPage\":{\"@id\":\"https:\\\/\\\/kirkensbymisjon.no\\\/tilbud-bymisjonssenteret-alesund\\\/#primaryimage\"},\"image\":{\"@id\":\"https:\\\/\\\/kirkensbymisjon.no\\\/tilbud-bymisjonssenteret-alesund\\\/#primaryimage\"},\"thumbnailUrl\":\"https:\\\/\\\/kirkensbymisjon.no\\\/content\\\/uploads\\\/2024\\\/09\\\/Standard_Bli-frivillig_01-1024x751.jpg\",\"datePublished\":\"2024-07-04T08:55:12+00:00\",\"dateModified\":\"2024-09-06T12:43:25+00:00\",\"description\":\"En \u00e5pen og inkluderende m\u00f8teplass med ulike aktiviteter, arrangementer og kaf\u00e9.\",\"breadcrumb\":{\"@id\":\"https:\\\/\\\/kirkensbymisjon.no\\\/tilbud-bymisjonssenteret-alesund\\\/#breadcrumb\"},\"inLanguage\":\"nb-NO\",\"potentialAction\":[{\"@type\":\"ReadAction\",\"target\":[\"https:\\\/\\\/kirkensbymisjon.no\\\/tilbud-bymisjonssenteret-alesund\\\/\"]}]},{\"@type\":\"ImageObject\",\"inLanguage\":\"nb-NO\",\"@id\":\"https:\\\/\\\/kirkensbymisjon.no\\\/tilbud-bymisjonssenteret-alesund\\\/#primaryimage\",\"url\":\"https:\\\/\\\/kirkensbymisjon.no\\\/content\\\/uploads\\\/2024\\\/09\\\/Standard_Bli-frivillig_01-1024x751.jpg\",\"contentUrl\":\"https:\\\/\\\/kirkensbymisjon.no\\\/content\\\/uploads\\\/2024\\\/09\\\/Standard_Bli-frivillig_01-1024x751.jpg\"},{\"@type\":\"BreadcrumbList\",\"@id\":\"https:\\\/\\\/kirkensbymisjon.no\\\/tilbud-bymisjonssenteret-alesund\\\/#breadcrumb\",\"itemListElement\":[{\"@type\":\"ListItem\",\"position\":1,\"name\":\"Hjem\",\"item\":\"https:\\\/\\\/kirkensbymisjon.no\\\/tilbud-bymisjonssenteret-alesund\\\/\"},{\"@type\":\"ListItem\",\"position\":2,\"name\":\"Forside\"}]},{\"@type\":\"WebSite\",\"@id\":\"https:\\\/\\\/kirkensbymisjon.no\\\/tilbud-bymisjonssenteret-alesund\\\/#website\",\"url\":\"https:\\\/\\\/kirkensbymisjon.no\\\/tilbud-bymisjonssenteret-alesund\\\/\",\"name\":\"Bymisjonssenteret, \u00c5lesund\",\"description\":\"\",\"potentialAction\":[{\"@type\":\"SearchAction\",\"target\":{\"@type\":\"EntryPoint\",\"urlTemplate\":\"https:\\\/\\\/kirkensbymisjon.no\\\/tilbud-bymisjonssenteret-alesund\\\/?s={search_term_string}\"},\"query-input\":{\"@type\":\"PropertyValueSpecification\",\"valueRequired\":true,\"valueName\":\"search_term_string\"}}],\"inLanguage\":\"nb-NO\"}]}<\/script>\n<!-- \/ Yoast SEO Premium plugin. -->","yoast_head_json":{"title":"Kirkens Bymisjon - Bymisjonssenteret, \u00c5lesund","description":"En \u00e5pen og inkluderende m\u00f8teplass med ulike aktiviteter, arrangementer og kaf\u00e9.","robots":{"index":"index","follow":"follow","max-snippet":"max-snippet:-1","max-image-preview":"max-image-preview:large","max-video-preview":"max-video-preview:-1"},"canonical":"https:\/\/kirkensbymisjon.no\/tilbud-bymisjonssenteret-alesund\/","og_locale":"nb_NO","og_type":"article","og_title":"Kirkens Bymisjon - Bymisjonssenteret, \u00c5lesund","og_description":"En \u00e5pen og inkluderende m\u00f8teplass med ulike aktiviteter, arrangementer og kaf\u00e9.","og_url":"https:\/\/kirkensbymisjon.no\/tilbud-bymisjonssenteret-alesund\/","og_site_name":"Bymisjonssenteret, \u00c5lesund","article_modified_time":"2024-09-06T12:43:25+00:00","og_image":[{"url":"https:\/\/kirkensbymisjon.no\/content\/uploads\/2024\/09\/Standard_Bli-frivillig_01-1024x751.jpg","type":"","width":"","height":""}],"twitter_card":"summary_large_image","twitter_title":"Forside","twitter_misc":{"Ansl. lesetid":"2 minutter"},"schema":{"@context":"https:\/\/schema.org","@graph":[{"@type":"WebPage","@id":"https:\/\/kirkensbymisjon.no\/tilbud-bymisjonssenteret-alesund\/","url":"https:\/\/kirkensbymisjon.no\/tilbud-bymisjonssenteret-alesund\/","name":"Kirkens Bymisjon - Bymisjonssenteret, \u00c5lesund","isPartOf":{"@id":"https:\/\/kirkensbymisjon.no\/tilbud-bymisjonssenteret-alesund\/#website"},"primaryImageOfPage":{"@id":"https:\/\/kirkensbymisjon.no\/tilbud-bymisjonssenteret-alesund\/#primaryimage"},"image":{"@id":"https:\/\/kirkensbymisjon.no\/tilbud-bymisjonssenteret-alesund\/#primaryimage"},"thumbnailUrl":"https:\/\/kirkensbymisjon.no\/content\/uploads\/2024\/09\/Standard_Bli-frivillig_01-1024x751.jpg","datePublished":"2024-07-04T08:55:12+00:00","dateModified":"2024-09-06T12:43:25+00:00","description":"En \u00e5pen og inkluderende m\u00f8teplass med ulike aktiviteter, arrangementer og kaf\u00e9.","breadcrumb":{"@id":"https:\/\/kirkensbymisjon.no\/tilbud-bymisjonssenteret-alesund\/#breadcrumb"},"inLanguage":"nb-NO","potentialAction":[{"@type":"ReadAction","target":["https:\/\/kirkensbymisjon.no\/tilbud-bymisjonssenteret-alesund\/"]}]},{"@type":"ImageObject","inLanguage":"nb-NO","@id":"https:\/\/kirkensbymisjon.no\/tilbud-bymisjonssenteret-alesund\/#primaryimage","url":"https:\/\/kirkensbymisjon.no\/content\/uploads\/2024\/09\/Standard_Bli-frivillig_01-1024x751.jpg","contentUrl":"https:\/\/kirkensbymisjon.no\/content\/uploads\/2024\/09\/Standard_Bli-frivillig_01-1024x751.jpg"},{"@type":"BreadcrumbList","@id":"https:\/\/kirkensbymisjon.no\/tilbud-bymisjonssenteret-alesund\/#breadcrumb","itemListElement":[{"@type":"ListItem","position":1,"name":"Hjem","item":"https:\/\/kirkensbymisjon.no\/tilbud-bymisjonssenteret-alesund\/"},{"@type":"ListItem","position":2,"name":"Forside"}]},{"@type":"WebSite","@id":"https:\/\/kirkensbymisjon.no\/tilbud-bymisjonssenteret-alesund\/#website","url":"https:\/\/kirkensbymisjon.no\/tilbud-bymisjonssenteret-alesund\/","name":"Bymisjonssenteret, \u00c5lesund","description":"","potentialAction":[{"@type":"SearchAction","target":{"@type":"EntryPoint","urlTemplate":"https:\/\/kirkensbymisjon.no\/tilbud-bymisjonssenteret-alesund\/?s={search_term_string}"},"query-input":{"@type":"PropertyValueSpecification","valueRequired":true,"valueName":"search_term_string"}}],"inLanguage":"nb-NO"}]}},"_links":{"self":[{"href":"https:\/\/kirkensbymisjon.no\/tilbud-bymisjonssenteret-alesund\/wp-json\/wp\/v2\/pages\/3","targetHints":{"allow":["GET"]}}],"collection":[{"href":"https:\/\/kirkensbymisjon.no\/tilbud-bymisjonssenteret-alesund\/wp-json\/wp\/v2\/pages"}],"about":[{"href":"https:\/\/kirkensbymisjon.no\/tilbud-bymisjonssenteret-alesund\/wp-json\/wp\/v2\/types\/page"}],"author":[{"embeddable":true,"href":"https:\/\/kirkensbymisjon.no\/tilbud-bymisjonssenteret-alesund\/wp-json\/wp\/v2\/users\/2"}],"replies":[{"embeddable":true,"href":"https:\/\/kirkensbymisjon.no\/tilbud-bymisjonssenteret-alesund\/wp-json\/wp\/v2\/comments?post=3"}],"version-history":[{"count":5,"href":"https:\/\/kirkensbymisjon.no\/tilbud-bymisjonssenteret-alesund\/wp-json\/wp\/v2\/pages\/3\/revisions"}],"predecessor-version":[{"id":39,"href":"https:\/\/kirkensbymisjon.no\/tilbud-bymisjonssenteret-alesund\/wp-json\/wp\/v2\/pages\/3\/revisions\/39"}],"wp:attachment":[{"href":"https:\/\/kirkensbymisjon.no\/tilbud-bymisjonssenteret-alesund\/wp-json\/wp\/v2\/media?parent=3"}],"curies":[{"name":"wp","href":"https:\/\/api.w.org\/{rel}","templated":true}]}}