{"id":23,"date":"2024-08-16T09:03:42","date_gmt":"2024-08-16T07:03:42","guid":{"rendered":"https:\/\/kirkensbymisjon.no\/tilbud-bymisjonssenteret-porsgrunn\/?page_id=23"},"modified":"2024-10-10T11:20:15","modified_gmt":"2024-10-10T09:20:15","slug":"kafe","status":"publish","type":"page","link":"https:\/\/kirkensbymisjon.no\/tilbud-bymisjonssenteret-porsgrunn\/kafe\/","title":{"rendered":"Kaf\u00e9"},"content":{"rendered":"\n<p>V\u00e5r kaf\u00e9 er et rusfritt m\u00f8tested for alle mennesker i Porsgrunn. Hos oss er alle velkomne! <\/p>\n\n\n\n<p>Vi serverer god mat i inkluderende omgivelser til en rimelig pris. Personalet i kafeen er en blanding av frivillige, ansatte og deltagere i arbeidstrening som er p\u00e5 vei tilbake til arbeidslivet.<\/p>\n\n\n\t<div class=\"alignfull wp-block-kbm-gallery\" data-scroll=\"1\">\n\t\t<div class=\"kbm-gallery__scroll\">\n\t\t\t<div class=\"kbm-gallery__wrapper\">\n\t\t\t\t\n\n<figure class=\"wp-block-gallery has-nested-images columns-default is-cropped wp-block-gallery-1 is-layout-flex wp-block-gallery-is-layout-flex\">\n<figure class=\"wp-block-image size-large\"><img loading=\"lazy\" decoding=\"async\" width=\"1000\" height=\"500\" data-id=\"12\" src=\"https:\/\/kirkensbymisjon.no\/content\/uploads\/sites\/138\/2024\/08\/tilbud_Bymisjonssenteret_Porsgrunn_02.jpg\" alt=\"Frivillige og ansatte i kafeen.\" class=\"wp-image-12\" srcset=\"https:\/\/kirkensbymisjon.no\/content\/uploads\/sites\/138\/2024\/08\/tilbud_Bymisjonssenteret_Porsgrunn_02.jpg 1000w, https:\/\/kirkensbymisjon.no\/content\/uploads\/sites\/138\/2024\/08\/tilbud_Bymisjonssenteret_Porsgrunn_02-300x150.jpg 300w, https:\/\/kirkensbymisjon.no\/content\/uploads\/sites\/138\/2024\/08\/tilbud_Bymisjonssenteret_Porsgrunn_02-768x384.jpg 768w\" sizes=\"auto, (max-width: 1000px) 100vw, 1000px\" \/><\/figure>\n\n\n\n<figure class=\"wp-block-image size-large\"><img loading=\"lazy\" decoding=\"async\" width=\"1000\" height=\"500\" data-id=\"13\" src=\"https:\/\/kirkensbymisjon.no\/content\/uploads\/sites\/138\/2024\/08\/tilbud_Bymisjonssenteret_Porsgrunn_01.jpg\" alt=\"Frivillige og ansatte utenfor kafeen og bruktbutikken.\" class=\"wp-image-13\" srcset=\"https:\/\/kirkensbymisjon.no\/content\/uploads\/sites\/138\/2024\/08\/tilbud_Bymisjonssenteret_Porsgrunn_01.jpg 1000w, https:\/\/kirkensbymisjon.no\/content\/uploads\/sites\/138\/2024\/08\/tilbud_Bymisjonssenteret_Porsgrunn_01-300x150.jpg 300w, https:\/\/kirkensbymisjon.no\/content\/uploads\/sites\/138\/2024\/08\/tilbud_Bymisjonssenteret_Porsgrunn_01-768x384.jpg 768w\" sizes=\"auto, (max-width: 1000px) 100vw, 1000px\" \/><\/figure>\n<\/figure>\n\n\t\t\t<\/div>\n\t\t<\/div>\n\t<\/div>\n\t\n\n\n<h2 class=\"wp-block-heading\" id=\"h-raust-mangfold\"><strong>Raust mangfold<\/strong><\/h2>\n\n\n\n<p>Vi vet at et raust m\u00f8tested er viktig for alle mennesker i byen. Nettopp blandingen av alle slags folk gj\u00f8r dette m\u00f8testedet s\u00e5 sjarmerende og unikt. Kom alene for en suppe, rundstykke eller en velsmakende svele, eller m\u00f8t en venn til en kopp kaffe. Her er det rom for alle.<\/p>\n\n\n\n<h2 class=\"wp-block-heading\" id=\"h-bra-for-miljo-og-mage\"><strong>Bra for milj\u00f8 og mage<\/strong><\/h2>\n\n\n\n<p>Prisene holdes lave, og maten skal v\u00e6re s\u00e5 god at man \u00f8nsker \u00e5 g\u00e5 hit.&nbsp;Vi har h\u00f8yt fokus p\u00e5 matsvinn og er n\u00f8ye med \u00e5 bruke kortreiste varer.<\/p>\n\n\n\n<p>Menyen vil variere noe, rett og slett fordi vi bruker de r\u00e5varer vi har tilgang til. Det som alltid st\u00e5r p\u00e5 v\u00e5r meny er hjemmelaget suppe, svele og p\u00e5smurt.<\/p>\n\n\n\n<h2 class=\"wp-block-heading\" id=\"h-arrangementer\"><strong>Arrangementer<\/strong><\/h2>\n\n\n\n<p>For oss er det viktig at kafeen er en m\u00f8teplass ogs\u00e5 utenfor ordin\u00e6r \u00e5pningstid. Vi inviterer jevnlig til motivasjonskvelder, konserter, spr\u00e5kkaf\u00e9 og andre aktiviteter. Se arrangementene p\u00e5 v\u00e5r <a href=\"https:\/\/www.facebook.com\/bymisjongrenland\" target=\"_blank\" rel=\"noreferrer noopener\">Facebook<\/a>.<\/p>\n\n\n\n<h2 class=\"wp-block-heading\" id=\"h-catering\"><strong>Catering<\/strong><\/h2>\n\n\n\n<p>I tillegg til \u00e5 v\u00e6re en kaf\u00e9, har vi catering med gode og spennende tilbud n\u00e5r noe skal feires p\u00e5 jobb eller privat. Eller kanskje bare en arbeidslunsj? Her kan man bestille alt fra kaker, sm\u00f8rbr\u00f8d og bagetter, til lunsjtallerken, supper m.m. <br><a href=\"\/tilbud-bymisjonssenteret-porsgrunn\/kafe\/catering\/\">Les mer om hva vi kan tilby<\/a>.<\/p>\n","protected":false},"excerpt":{"rendered":"<p>V\u00e5r kaf\u00e9 er et rusfritt m\u00f8tested for alle mennesker i Porsgrunn. Hos oss er alle&hellip;<\/p>\n","protected":false},"author":5,"featured_media":0,"parent":0,"menu_order":0,"comment_status":"closed","ping_status":"closed","template":"","meta":{"_relevanssi_hide_post":"","_relevanssi_hide_content":"","_relevanssi_pin_for_all":"","_relevanssi_pin_keywords":"","_relevanssi_unpin_keywords":"","_relevanssi_related_keywords":"","_relevanssi_related_include_ids":"","_relevanssi_related_exclude_ids":"","_relevanssi_related_no_append":"","_relevanssi_related_not_related":"","_relevanssi_related_posts":"1","_relevanssi_noindex_reason":"","editor_notices":[],"footnotes":""},"class_list":["post-23","page","type-page","status-publish","hentry"],"yoast_head":"<!-- This site is optimized with the Yoast SEO Premium plugin v27.2 (Yoast SEO v27.2) - https:\/\/yoast.com\/product\/yoast-seo-premium-wordpress\/ -->\n<title>Kaf\u00e9 - Bymisjonssenteret, Porsgrunn<\/title>\n<meta name=\"robots\" content=\"index, follow, max-snippet:-1, max-image-preview:large, max-video-preview:-1\" \/>\n<link rel=\"canonical\" href=\"https:\/\/kirkensbymisjon.no\/tilbud-bymisjonssenteret-porsgrunn\/kafe\/\" \/>\n<meta property=\"og:locale\" content=\"nb_NO\" \/>\n<meta property=\"og:type\" content=\"article\" \/>\n<meta property=\"og:title\" content=\"Kaf\u00e9\" \/>\n<meta property=\"og:description\" content=\"V\u00e5r kaf\u00e9 er et rusfritt m\u00f8tested for alle mennesker i Porsgrunn. Hos oss er alle&hellip;\" \/>\n<meta property=\"og:url\" content=\"https:\/\/kirkensbymisjon.no\/tilbud-bymisjonssenteret-porsgrunn\/kafe\/\" \/>\n<meta property=\"og:site_name\" content=\"Bymisjonssenteret, Porsgrunn\" \/>\n<meta property=\"article:modified_time\" content=\"2024-10-10T09:20:15+00:00\" \/>\n<meta property=\"og:image\" content=\"https:\/\/kirkensbymisjon.no\/content\/uploads\/sites\/138\/2024\/08\/tilbud_Bymisjonssenteret_Porsgrunn_02.jpg\" \/>\n<meta name=\"twitter:card\" content=\"summary_large_image\" \/>\n<meta name=\"twitter:label1\" content=\"Ansl. lesetid\" \/>\n\t<meta name=\"twitter:data1\" content=\"2 minutter\" \/>\n<script type=\"application\/ld+json\" class=\"yoast-schema-graph\">{\"@context\":\"https:\/\/schema.org\",\"@graph\":[{\"@type\":\"WebPage\",\"@id\":\"https:\/\/kirkensbymisjon.no\/tilbud-bymisjonssenteret-porsgrunn\/kafe\/\",\"url\":\"https:\/\/kirkensbymisjon.no\/tilbud-bymisjonssenteret-porsgrunn\/kafe\/\",\"name\":\"Kaf\u00e9 - Bymisjonssenteret, Porsgrunn\",\"isPartOf\":{\"@id\":\"https:\/\/kirkensbymisjon.no\/tilbud-bymisjonssenteret-porsgrunn\/#website\"},\"primaryImageOfPage\":{\"@id\":\"https:\/\/kirkensbymisjon.no\/tilbud-bymisjonssenteret-porsgrunn\/kafe\/#primaryimage\"},\"image\":{\"@id\":\"https:\/\/kirkensbymisjon.no\/tilbud-bymisjonssenteret-porsgrunn\/kafe\/#primaryimage\"},\"thumbnailUrl\":\"https:\/\/kirkensbymisjon.no\/content\/uploads\/sites\/138\/2024\/08\/tilbud_Bymisjonssenteret_Porsgrunn_02.jpg\",\"datePublished\":\"2024-08-16T07:03:42+00:00\",\"dateModified\":\"2024-10-10T09:20:15+00:00\",\"breadcrumb\":{\"@id\":\"https:\/\/kirkensbymisjon.no\/tilbud-bymisjonssenteret-porsgrunn\/kafe\/#breadcrumb\"},\"inLanguage\":\"nb-NO\",\"potentialAction\":[{\"@type\":\"ReadAction\",\"target\":[\"https:\/\/kirkensbymisjon.no\/tilbud-bymisjonssenteret-porsgrunn\/kafe\/\"]}]},{\"@type\":\"ImageObject\",\"inLanguage\":\"nb-NO\",\"@id\":\"https:\/\/kirkensbymisjon.no\/tilbud-bymisjonssenteret-porsgrunn\/kafe\/#primaryimage\",\"url\":\"https:\/\/kirkensbymisjon.no\/content\/uploads\/sites\/138\/2024\/08\/tilbud_Bymisjonssenteret_Porsgrunn_02.jpg\",\"contentUrl\":\"https:\/\/kirkensbymisjon.no\/content\/uploads\/sites\/138\/2024\/08\/tilbud_Bymisjonssenteret_Porsgrunn_02.jpg\"},{\"@type\":\"BreadcrumbList\",\"@id\":\"https:\/\/kirkensbymisjon.no\/tilbud-bymisjonssenteret-porsgrunn\/kafe\/#breadcrumb\",\"itemListElement\":[{\"@type\":\"ListItem\",\"position\":1,\"name\":\"Hjem\",\"item\":\"https:\/\/kirkensbymisjon.no\/tilbud-bymisjonssenteret-porsgrunn\/\"},{\"@type\":\"ListItem\",\"position\":2,\"name\":\"Kaf\u00e9\"}]},{\"@type\":\"WebSite\",\"@id\":\"https:\/\/kirkensbymisjon.no\/tilbud-bymisjonssenteret-porsgrunn\/#website\",\"url\":\"https:\/\/kirkensbymisjon.no\/tilbud-bymisjonssenteret-porsgrunn\/\",\"name\":\"Bymisjonssenteret, Porsgrunn\",\"description\":\"\",\"potentialAction\":[{\"@type\":\"SearchAction\",\"target\":{\"@type\":\"EntryPoint\",\"urlTemplate\":\"https:\/\/kirkensbymisjon.no\/tilbud-bymisjonssenteret-porsgrunn\/?s={search_term_string}\"},\"query-input\":{\"@type\":\"PropertyValueSpecification\",\"valueRequired\":true,\"valueName\":\"search_term_string\"}}],\"inLanguage\":\"nb-NO\"}]}<\/script>\n<!-- \/ Yoast SEO Premium plugin. -->","yoast_head_json":{"title":"Kaf\u00e9 - Bymisjonssenteret, Porsgrunn","robots":{"index":"index","follow":"follow","max-snippet":"max-snippet:-1","max-image-preview":"max-image-preview:large","max-video-preview":"max-video-preview:-1"},"canonical":"https:\/\/kirkensbymisjon.no\/tilbud-bymisjonssenteret-porsgrunn\/kafe\/","og_locale":"nb_NO","og_type":"article","og_title":"Kaf\u00e9","og_description":"V\u00e5r kaf\u00e9 er et rusfritt m\u00f8tested for alle mennesker i Porsgrunn. Hos oss er alle&hellip;","og_url":"https:\/\/kirkensbymisjon.no\/tilbud-bymisjonssenteret-porsgrunn\/kafe\/","og_site_name":"Bymisjonssenteret, Porsgrunn","article_modified_time":"2024-10-10T09:20:15+00:00","og_image":[{"url":"https:\/\/kirkensbymisjon.no\/content\/uploads\/sites\/138\/2024\/08\/tilbud_Bymisjonssenteret_Porsgrunn_02.jpg","type":"","width":"","height":""}],"twitter_card":"summary_large_image","twitter_misc":{"Ansl. lesetid":"2 minutter"},"schema":{"@context":"https:\/\/schema.org","@graph":[{"@type":"WebPage","@id":"https:\/\/kirkensbymisjon.no\/tilbud-bymisjonssenteret-porsgrunn\/kafe\/","url":"https:\/\/kirkensbymisjon.no\/tilbud-bymisjonssenteret-porsgrunn\/kafe\/","name":"Kaf\u00e9 - Bymisjonssenteret, Porsgrunn","isPartOf":{"@id":"https:\/\/kirkensbymisjon.no\/tilbud-bymisjonssenteret-porsgrunn\/#website"},"primaryImageOfPage":{"@id":"https:\/\/kirkensbymisjon.no\/tilbud-bymisjonssenteret-porsgrunn\/kafe\/#primaryimage"},"image":{"@id":"https:\/\/kirkensbymisjon.no\/tilbud-bymisjonssenteret-porsgrunn\/kafe\/#primaryimage"},"thumbnailUrl":"https:\/\/kirkensbymisjon.no\/content\/uploads\/sites\/138\/2024\/08\/tilbud_Bymisjonssenteret_Porsgrunn_02.jpg","datePublished":"2024-08-16T07:03:42+00:00","dateModified":"2024-10-10T09:20:15+00:00","breadcrumb":{"@id":"https:\/\/kirkensbymisjon.no\/tilbud-bymisjonssenteret-porsgrunn\/kafe\/#breadcrumb"},"inLanguage":"nb-NO","potentialAction":[{"@type":"ReadAction","target":["https:\/\/kirkensbymisjon.no\/tilbud-bymisjonssenteret-porsgrunn\/kafe\/"]}]},{"@type":"ImageObject","inLanguage":"nb-NO","@id":"https:\/\/kirkensbymisjon.no\/tilbud-bymisjonssenteret-porsgrunn\/kafe\/#primaryimage","url":"https:\/\/kirkensbymisjon.no\/content\/uploads\/sites\/138\/2024\/08\/tilbud_Bymisjonssenteret_Porsgrunn_02.jpg","contentUrl":"https:\/\/kirkensbymisjon.no\/content\/uploads\/sites\/138\/2024\/08\/tilbud_Bymisjonssenteret_Porsgrunn_02.jpg"},{"@type":"BreadcrumbList","@id":"https:\/\/kirkensbymisjon.no\/tilbud-bymisjonssenteret-porsgrunn\/kafe\/#breadcrumb","itemListElement":[{"@type":"ListItem","position":1,"name":"Hjem","item":"https:\/\/kirkensbymisjon.no\/tilbud-bymisjonssenteret-porsgrunn\/"},{"@type":"ListItem","position":2,"name":"Kaf\u00e9"}]},{"@type":"WebSite","@id":"https:\/\/kirkensbymisjon.no\/tilbud-bymisjonssenteret-porsgrunn\/#website","url":"https:\/\/kirkensbymisjon.no\/tilbud-bymisjonssenteret-porsgrunn\/","name":"Bymisjonssenteret, Porsgrunn","description":"","potentialAction":[{"@type":"SearchAction","target":{"@type":"EntryPoint","urlTemplate":"https:\/\/kirkensbymisjon.no\/tilbud-bymisjonssenteret-porsgrunn\/?s={search_term_string}"},"query-input":{"@type":"PropertyValueSpecification","valueRequired":true,"valueName":"search_term_string"}}],"inLanguage":"nb-NO"}]}},"_links":{"self":[{"href":"https:\/\/kirkensbymisjon.no\/tilbud-bymisjonssenteret-porsgrunn\/wp-json\/wp\/v2\/pages\/23","targetHints":{"allow":["GET"]}}],"collection":[{"href":"https:\/\/kirkensbymisjon.no\/tilbud-bymisjonssenteret-porsgrunn\/wp-json\/wp\/v2\/pages"}],"about":[{"href":"https:\/\/kirkensbymisjon.no\/tilbud-bymisjonssenteret-porsgrunn\/wp-json\/wp\/v2\/types\/page"}],"author":[{"embeddable":true,"href":"https:\/\/kirkensbymisjon.no\/tilbud-bymisjonssenteret-porsgrunn\/wp-json\/wp\/v2\/users\/5"}],"replies":[{"embeddable":true,"href":"https:\/\/kirkensbymisjon.no\/tilbud-bymisjonssenteret-porsgrunn\/wp-json\/wp\/v2\/comments?post=23"}],"version-history":[{"count":5,"href":"https:\/\/kirkensbymisjon.no\/tilbud-bymisjonssenteret-porsgrunn\/wp-json\/wp\/v2\/pages\/23\/revisions"}],"predecessor-version":[{"id":113,"href":"https:\/\/kirkensbymisjon.no\/tilbud-bymisjonssenteret-porsgrunn\/wp-json\/wp\/v2\/pages\/23\/revisions\/113"}],"wp:attachment":[{"href":"https:\/\/kirkensbymisjon.no\/tilbud-bymisjonssenteret-porsgrunn\/wp-json\/wp\/v2\/media?parent=23"}],"curies":[{"name":"wp","href":"https:\/\/api.w.org\/{rel}","templated":true}]}}