{"id":3,"date":"2024-08-16T08:25:38","date_gmt":"2024-08-16T06:25:38","guid":{"rendered":"https:\/\/kirkensbymisjon.no\/tilbud-bymisjonssenteret-porsgrunn\/forside\/"},"modified":"2024-08-30T13:34:38","modified_gmt":"2024-08-30T11:34:38","slug":"forside","status":"publish","type":"page","link":"https:\/\/kirkensbymisjon.no\/tilbud-bymisjonssenteret-porsgrunn\/","title":{"rendered":"Forside"},"content":{"rendered":"\n<div class=\"wp-block-media-text alignwide is-stacked-on-mobile is-style-filled\"><figure class=\"wp-block-media-text__media\"><img loading=\"lazy\" decoding=\"async\" width=\"1024\" height=\"718\" src=\"https:\/\/kirkensbymisjon.no\/content\/uploads\/sites\/138\/2024\/08\/tilbud_Bymisjonssenteret_Porsgrunn_06-1024x718.jpg\" alt=\"Gjest som spiser et m\u00e5ltid i kafeen\" class=\"wp-image-8 size-full\" srcset=\"https:\/\/kirkensbymisjon.no\/content\/uploads\/sites\/138\/2024\/08\/tilbud_Bymisjonssenteret_Porsgrunn_06-1024x718.jpg 1024w, https:\/\/kirkensbymisjon.no\/content\/uploads\/sites\/138\/2024\/08\/tilbud_Bymisjonssenteret_Porsgrunn_06-300x210.jpg 300w, https:\/\/kirkensbymisjon.no\/content\/uploads\/sites\/138\/2024\/08\/tilbud_Bymisjonssenteret_Porsgrunn_06-768x539.jpg 768w, https:\/\/kirkensbymisjon.no\/content\/uploads\/sites\/138\/2024\/08\/tilbud_Bymisjonssenteret_Porsgrunn_06-1536x1077.jpg 1536w, https:\/\/kirkensbymisjon.no\/content\/uploads\/sites\/138\/2024\/08\/tilbud_Bymisjonssenteret_Porsgrunn_06.jpg 1701w\" sizes=\"auto, (max-width: 1024px) 100vw, 1024px\" \/><\/figure><div class=\"wp-block-media-text__content\">\n<h2 class=\"wp-block-heading\" id=\"h-en-kafe-og-bruktbutikk-med-rom-for-alle\">En kaf\u00e9 og bruktbutikk med rom for alle<\/h2>\n\n\n\n<p>Hos oss er alle velkomne! Vi tilbyr rimelig mat og et b\u00e6rekraftige felleskap for mennesker i v\u00e5rt n\u00e6rmilj\u00f8et rundt Grenland.<\/p>\n\n\n\n<p>Takk for at du st\u00f8tter v\u00e5rt arbeid og bidrar til \u00e5 skape arbeidsplasser for mennesker som faller utenfor det ordin\u00e6re arbeidslivet.<\/p>\n<\/div><\/div>\n\n\n\t<div class=\"alignwide wp-block-kbm-link-list\">\n\t\t<div class=\"kbm-link-list__items\">\n\t\t\t\n<a class=\"wp-block-kbm-link-list-item\" href=\"\/tilbud-bymisjonssenteret-porsgrunn\/kafe\/\">\t<svg xmlns=\"http:\/\/www.w3.org\/2000\/svg\" viewBox=\"0 0 48 48\" height=\"24\" width=\"24\" class=\"t2-icon t2-icon-cafeactivitycenter\" aria-hidden=\"true\" focusable=\"false\"><path d=\"M7.327 4.126a2.014 2.014 0 0 0-1.065.897L6.04 5.4l-.022 14.16c-.024 15.444-.037 14.942.428 16.566.112.393.398 1.119.635 1.614 1.505 3.15 4.26 5.295 7.799 6.071.626.137 1.109.149 6.12.149 5.007 0 5.494-.012 6.12-.149 4.2-.919 7.34-3.844 8.479-7.899.199-.709.4-1.962.401-2.501 0-.367.011-.386.18-.336 1.492.443 3.284.482 4.42.094a6.22 6.22 0 0 0 2.331-1.43c.975-.926 1.553-1.919 1.893-3.251.174-.682.176-.749.176-7.488 0-6.739-.002-6.806-.176-7.488-.346-1.358-.927-2.34-1.953-3.306-.77-.724-1.91-1.334-2.871-1.536-.798-.168-2.423-.107-3.313.125a17.55 17.55 0 0 1-.66.165c-.015 0-.027-.732-.027-1.626 0-1.897-.067-2.206-.598-2.736-.647-.647.53-.599-14.436-.592-11.357.004-13.372.022-13.639.12m32.568 8.038c.583.284 1.117.84 1.441 1.501l.224.455V27.8l-.214.457c-.301.641-.844 1.194-1.447 1.473-.446.205-.584.23-1.299.228-1.005-.002-1.768-.218-2.262-.641L36 29.028V12.991l.26-.251c.347-.335 1.202-.725 1.786-.816.71-.11 1.285-.035 1.849.24\"\/><\/svg>\t<div class=\"kbm-link-list-item__content\">\n\t\t<p class=\"kbm-link-list-item__title\">En raus og hyggelig kaf\u00e9<\/p>\n\t\t\t\t\t<p class=\"kbm-link-list-item__description\">Et rusfritt m\u00f8tested med rom for alle. Hos oss f\u00e5r du fristende mat til gode priser. Du tas imot av hyggelige ansatte, frivillige og deltagere i arbeidstrening.<\/p>\n\t\t\t<\/div>\n\t<\/a>\n\n<a class=\"wp-block-kbm-link-list-item\" href=\"\/tilbud-bymisjonssenteret-porsgrunn\/bruktbutikk\/\">\t<svg xmlns=\"http:\/\/www.w3.org\/2000\/svg\" viewBox=\"0 0 48 48\" height=\"24\" width=\"24\" class=\"t2-icon t2-icon-eco\" aria-hidden=\"true\" focusable=\"false\"><path d=\"M35.08 6.091c-2.869.362-5.372 1.869-6.939 4.177-.789 1.162-1.373 2.843-1.325 3.811l.024.474.48-.306c3.121-1.986 7.201-3.356 12.16-4.082.616-.09 1.246-.159 1.4-.153.267.011.269.013.04.044-.132.018-.87.158-1.64.31-4.457.885-7.798 2.205-10.128 4.004-1.139.879-1.754 1.674-2.518 3.258-.831 1.723-1.141 2.909-1.873 7.172-.349 2.031-.698 3.68-.779 3.68-.034 0-.062-.031-.062-.07 0-.038-.088-.497-.197-1.02-.108-.522-.324-1.677-.481-2.565-.346-1.963-.581-2.802-1.05-3.745-1.562-3.139-4.348-5.186-9.312-6.843-1.801-.602-4.247-1.213-6.16-1.541-.559-.096.403-.044 1.293.07 4.833.618 9.276 2.043 12.426 3.987.69.426.721.437.782.273.081-.22-.066-1.297-.264-1.933A8.677 8.677 0 0 0 20.5 14c-1.268-2.508-3.46-4.254-6.248-4.976-.786-.204-1.133-.248-2.212-.283-2.049-.064-3.777.265-6.6 1.259-3.312 1.166-3.896 1.34-4.981 1.481l-.382.049.416.313c.873.655 1.813 1.532 3.325 3.102 2.317 2.404 3.555 3.375 5.729 4.496 1.644.847 3.154 1.397 4.373 1.594.743.12 2.106.102 2.758-.036.648-.137 1.576-.558 2.137-.97.216-.158.405-.275.419-.259.015.017.191.336.392.71.694 1.293 1.51 3.505 1.974 5.35.36 1.429.867 4.29.777 4.38-.019.019-.356.086-.748.15-1.559.252-3.036.812-4.522 1.715-2.588 1.573-4.68 4.003-5.495 6.383-.197.577-.412 1.732-.412 2.218 0 .99.696 1.825 2.087 2.504 1.61.786 3.439 1.244 6.368 1.595 1.707.204 6.983.204 8.69 0 3.907-.468 6.492-1.304 7.695-2.488.753-.743.88-1.259.643-2.617-.222-1.267-.711-2.409-1.589-3.71-.593-.878-2.308-2.612-3.214-3.25-1.795-1.264-3.631-2.047-5.509-2.35-.392-.064-.728-.13-.745-.147-.05-.05.35-2.603.66-4.213.554-2.877 1.23-5.393 1.997-7.431.238-.633.452-1.17.475-1.194.023-.023.204.074.402.217 1.524 1.094 3.714 1.264 6.181.479 2.284-.727 4.844-2.119 6.539-3.556.352-.298 1.473-1.392 2.491-2.43 1.019-1.038 2.232-2.193 2.697-2.566l.846-.679-.537-.06c-.723-.081-1.555-.326-3.728-1.096a80.54 80.54 0 0 0-2.739-.925c-2.163-.656-4.136-.882-5.83-.668m6.38 3.882a.311.311 0 0 1-.2 0c-.055-.022-.01-.04.1-.04s.155.018.1.04\"\/><\/svg>\t<div class=\"kbm-link-list-item__content\">\n\t\t<p class=\"kbm-link-list-item__title\">B\u00e6rekraftig bruktbutikk<\/p>\n\t\t\t\t\t<p class=\"kbm-link-list-item__description\">Kl\u00e6r, sko og vesker til dame, herre og barn. Godt utvalgte skatter som er smart for b\u00e5de milj\u00f8et og lommeboka. Vi tar ogs\u00e5 imot pent brukte kl\u00e6r.<\/p>\n\t\t\t<\/div>\n\t<\/a>\n\n<a class=\"wp-block-kbm-link-list-item\" href=\"\/tilbud-bymisjonssenteret-porsgrunn\/kafe\/catering\/\">\t<svg xmlns=\"http:\/\/www.w3.org\/2000\/svg\" viewBox=\"0 0 48 48\" height=\"24\" width=\"24\" class=\"t2-icon t2-icon-foodservice\" aria-hidden=\"true\" focusable=\"false\"><path d=\"M33.876 3.268c-1.698.996-2.874 4.265-3.469 9.652-.321 2.901-.364 4.112-.366 10.36l-.001 6.04.22.374c.403.685 1.115 1.106 1.872 1.106h.344l.022 6.22.022 6.22.185.409c.797 1.76 3.217 1.787 4.072.046L37 43.24V23.96c0-21.203.04-19.614-.504-20.216-.429-.475-.826-.646-1.576-.682-.593-.028-.67-.013-1.044.206m-21.751.847c-.442.163-.696.369-.904.733l-.178.312-.002 7.607c-.001 7.337.005 7.63.159 8.24.458 1.819 1.648 3.264 3.376 4.098l.776.375.024 9 .024 9 .173.32c.383.709 1.104 1.155 1.873 1.158.909.004 1.587-.402 1.969-1.18l.225-.458.022-8.924.021-8.924.625-.292a6.341 6.341 0 0 0 3.61-4.794c.065-.417.084-2.699.067-7.906-.024-7.153-.029-7.326-.185-7.592a1.894 1.894 0 0 0-1.1-.821c-.713-.188-1.53.189-1.827.844-.142.313-.15.67-.151 7.554-.001 5.161-.028 7.275-.091 7.4-.259.505-.885.614-1.277.221l-.234-.234-.002-7.266c-.001-6.855-.01-7.284-.147-7.587a1.611 1.611 0 0 0-2.622-.489c-.194.194-.367.463-.419.65-.062.223-.089 2.489-.09 7.506v7.186l-.234.234a.851.851 0 0 1-.978.148c-.392-.21-.388-.13-.388-7.835 0-6.913-.006-7.217-.151-7.502a1.788 1.788 0 0 0-.3-.427c-.447-.392-1.155-.543-1.664-.355\"\/><\/svg>\t<div class=\"kbm-link-list-item__content\">\n\t\t<p class=\"kbm-link-list-item__title\">Catering<\/p>\n\t\t\t\t\t<p class=\"kbm-link-list-item__description\">Jubileumsfeiring eller arbeidslunsj?\u00a0Vi tilbyr catering til bedrifter og selskaper. Vi lager nydelige kaker, baguetter og lunsjpakker p\u00e5 bestilling.<\/p>\n\t\t\t<\/div>\n\t<\/a>\n\t\t<\/div>\n\t<\/div>\n\t","protected":false},"excerpt":{"rendered":"<p>En kaf\u00e9 og bruktbutikk med rom for alle Hos oss er alle velkomne! Vi tilbyr&hellip;<\/p>\n","protected":false},"author":5,"featured_media":0,"parent":0,"menu_order":0,"comment_status":"closed","ping_status":"closed","template":"","meta":{"_relevanssi_hide_post":"","_relevanssi_hide_content":"","_relevanssi_pin_for_all":"","_relevanssi_pin_keywords":"","_relevanssi_unpin_keywords":"","_relevanssi_related_keywords":"","_relevanssi_related_include_ids":"","_relevanssi_related_exclude_ids":"","_relevanssi_related_no_append":"","_relevanssi_related_not_related":"","_relevanssi_related_posts":"1","_relevanssi_noindex_reason":"","editor_notices":[],"footnotes":""},"class_list":["post-3","page","type-page","status-publish","hentry"],"yoast_head":"<!-- This site is optimized with the Yoast SEO Premium plugin v27.2 (Yoast SEO v27.2) - https:\/\/yoast.com\/product\/yoast-seo-premium-wordpress\/ -->\n<title>Kirkens Bymisjon - Bymisjonssenteret, Porsgrunn<\/title>\n<meta name=\"description\" content=\"B\u00e6rekraftig kaf\u00e9 og bruktbutikk som skape arbeidsplasser for mennesker utenfor det ordin\u00e6re arbeidslivet.\" \/>\n<meta name=\"robots\" content=\"index, follow, max-snippet:-1, max-image-preview:large, max-video-preview:-1\" \/>\n<link rel=\"canonical\" href=\"https:\/\/kirkensbymisjon.no\/tilbud-bymisjonssenteret-porsgrunn\/\" \/>\n<meta property=\"og:locale\" content=\"nb_NO\" \/>\n<meta property=\"og:type\" content=\"article\" \/>\n<meta property=\"og:title\" content=\"Forside\" \/>\n<meta property=\"og:description\" content=\"B\u00e6rekraftig kaf\u00e9 og bruktbutikk som skape arbeidsplasser for mennesker utenfor det ordin\u00e6re arbeidslivet.\" \/>\n<meta property=\"og:url\" content=\"https:\/\/kirkensbymisjon.no\/tilbud-bymisjonssenteret-porsgrunn\/\" \/>\n<meta property=\"og:site_name\" content=\"Bymisjonssenteret, Porsgrunn\" \/>\n<meta property=\"article:modified_time\" content=\"2024-08-30T11:34:38+00:00\" \/>\n<meta property=\"og:image\" content=\"https:\/\/kirkensbymisjon.no\/content\/uploads\/sites\/138\/2024\/08\/tilbud_Bymisjonssenteret_Porsgrunn_06-1024x718.jpg\" \/>\n<meta name=\"twitter:card\" content=\"summary_large_image\" \/>\n<meta name=\"twitter:label1\" content=\"Ansl. lesetid\" \/>\n\t<meta name=\"twitter:data1\" content=\"1 minutt\" \/>\n<script type=\"application\/ld+json\" class=\"yoast-schema-graph\">{\"@context\":\"https:\/\/schema.org\",\"@graph\":[{\"@type\":\"WebPage\",\"@id\":\"https:\/\/kirkensbymisjon.no\/tilbud-bymisjonssenteret-porsgrunn\/\",\"url\":\"https:\/\/kirkensbymisjon.no\/tilbud-bymisjonssenteret-porsgrunn\/\",\"name\":\"Kirkens Bymisjon - Bymisjonssenteret, Porsgrunn\",\"isPartOf\":{\"@id\":\"https:\/\/kirkensbymisjon.no\/tilbud-bymisjonssenteret-porsgrunn\/#website\"},\"primaryImageOfPage\":{\"@id\":\"https:\/\/kirkensbymisjon.no\/tilbud-bymisjonssenteret-porsgrunn\/#primaryimage\"},\"image\":{\"@id\":\"https:\/\/kirkensbymisjon.no\/tilbud-bymisjonssenteret-porsgrunn\/#primaryimage\"},\"thumbnailUrl\":\"https:\/\/kirkensbymisjon.no\/content\/uploads\/sites\/138\/2024\/08\/tilbud_Bymisjonssenteret_Porsgrunn_06-1024x718.jpg\",\"datePublished\":\"2024-08-16T06:25:38+00:00\",\"dateModified\":\"2024-08-30T11:34:38+00:00\",\"description\":\"B\u00e6rekraftig kaf\u00e9 og bruktbutikk som skape arbeidsplasser for mennesker utenfor det ordin\u00e6re arbeidslivet.\",\"breadcrumb\":{\"@id\":\"https:\/\/kirkensbymisjon.no\/tilbud-bymisjonssenteret-porsgrunn\/#breadcrumb\"},\"inLanguage\":\"nb-NO\",\"potentialAction\":[{\"@type\":\"ReadAction\",\"target\":[\"https:\/\/kirkensbymisjon.no\/tilbud-bymisjonssenteret-porsgrunn\/\"]}]},{\"@type\":\"ImageObject\",\"inLanguage\":\"nb-NO\",\"@id\":\"https:\/\/kirkensbymisjon.no\/tilbud-bymisjonssenteret-porsgrunn\/#primaryimage\",\"url\":\"https:\/\/kirkensbymisjon.no\/content\/uploads\/sites\/138\/2024\/08\/tilbud_Bymisjonssenteret_Porsgrunn_06-1024x718.jpg\",\"contentUrl\":\"https:\/\/kirkensbymisjon.no\/content\/uploads\/sites\/138\/2024\/08\/tilbud_Bymisjonssenteret_Porsgrunn_06-1024x718.jpg\"},{\"@type\":\"BreadcrumbList\",\"@id\":\"https:\/\/kirkensbymisjon.no\/tilbud-bymisjonssenteret-porsgrunn\/#breadcrumb\",\"itemListElement\":[{\"@type\":\"ListItem\",\"position\":1,\"name\":\"Hjem\",\"item\":\"https:\/\/kirkensbymisjon.no\/tilbud-bymisjonssenteret-porsgrunn\/\"},{\"@type\":\"ListItem\",\"position\":2,\"name\":\"Forside\"}]},{\"@type\":\"WebSite\",\"@id\":\"https:\/\/kirkensbymisjon.no\/tilbud-bymisjonssenteret-porsgrunn\/#website\",\"url\":\"https:\/\/kirkensbymisjon.no\/tilbud-bymisjonssenteret-porsgrunn\/\",\"name\":\"Bymisjonssenteret, Porsgrunn\",\"description\":\"\",\"potentialAction\":[{\"@type\":\"SearchAction\",\"target\":{\"@type\":\"EntryPoint\",\"urlTemplate\":\"https:\/\/kirkensbymisjon.no\/tilbud-bymisjonssenteret-porsgrunn\/?s={search_term_string}\"},\"query-input\":{\"@type\":\"PropertyValueSpecification\",\"valueRequired\":true,\"valueName\":\"search_term_string\"}}],\"inLanguage\":\"nb-NO\"}]}<\/script>\n<!-- \/ Yoast SEO Premium plugin. -->","yoast_head_json":{"title":"Kirkens Bymisjon - Bymisjonssenteret, Porsgrunn","description":"B\u00e6rekraftig kaf\u00e9 og bruktbutikk som skape arbeidsplasser for mennesker utenfor det ordin\u00e6re arbeidslivet.","robots":{"index":"index","follow":"follow","max-snippet":"max-snippet:-1","max-image-preview":"max-image-preview:large","max-video-preview":"max-video-preview:-1"},"canonical":"https:\/\/kirkensbymisjon.no\/tilbud-bymisjonssenteret-porsgrunn\/","og_locale":"nb_NO","og_type":"article","og_title":"Forside","og_description":"B\u00e6rekraftig kaf\u00e9 og bruktbutikk som skape arbeidsplasser for mennesker utenfor det ordin\u00e6re arbeidslivet.","og_url":"https:\/\/kirkensbymisjon.no\/tilbud-bymisjonssenteret-porsgrunn\/","og_site_name":"Bymisjonssenteret, Porsgrunn","article_modified_time":"2024-08-30T11:34:38+00:00","og_image":[{"url":"https:\/\/kirkensbymisjon.no\/content\/uploads\/sites\/138\/2024\/08\/tilbud_Bymisjonssenteret_Porsgrunn_06-1024x718.jpg","type":"","width":"","height":""}],"twitter_card":"summary_large_image","twitter_misc":{"Ansl. lesetid":"1 minutt"},"schema":{"@context":"https:\/\/schema.org","@graph":[{"@type":"WebPage","@id":"https:\/\/kirkensbymisjon.no\/tilbud-bymisjonssenteret-porsgrunn\/","url":"https:\/\/kirkensbymisjon.no\/tilbud-bymisjonssenteret-porsgrunn\/","name":"Kirkens Bymisjon - Bymisjonssenteret, Porsgrunn","isPartOf":{"@id":"https:\/\/kirkensbymisjon.no\/tilbud-bymisjonssenteret-porsgrunn\/#website"},"primaryImageOfPage":{"@id":"https:\/\/kirkensbymisjon.no\/tilbud-bymisjonssenteret-porsgrunn\/#primaryimage"},"image":{"@id":"https:\/\/kirkensbymisjon.no\/tilbud-bymisjonssenteret-porsgrunn\/#primaryimage"},"thumbnailUrl":"https:\/\/kirkensbymisjon.no\/content\/uploads\/sites\/138\/2024\/08\/tilbud_Bymisjonssenteret_Porsgrunn_06-1024x718.jpg","datePublished":"2024-08-16T06:25:38+00:00","dateModified":"2024-08-30T11:34:38+00:00","description":"B\u00e6rekraftig kaf\u00e9 og bruktbutikk som skape arbeidsplasser for mennesker utenfor det ordin\u00e6re arbeidslivet.","breadcrumb":{"@id":"https:\/\/kirkensbymisjon.no\/tilbud-bymisjonssenteret-porsgrunn\/#breadcrumb"},"inLanguage":"nb-NO","potentialAction":[{"@type":"ReadAction","target":["https:\/\/kirkensbymisjon.no\/tilbud-bymisjonssenteret-porsgrunn\/"]}]},{"@type":"ImageObject","inLanguage":"nb-NO","@id":"https:\/\/kirkensbymisjon.no\/tilbud-bymisjonssenteret-porsgrunn\/#primaryimage","url":"https:\/\/kirkensbymisjon.no\/content\/uploads\/sites\/138\/2024\/08\/tilbud_Bymisjonssenteret_Porsgrunn_06-1024x718.jpg","contentUrl":"https:\/\/kirkensbymisjon.no\/content\/uploads\/sites\/138\/2024\/08\/tilbud_Bymisjonssenteret_Porsgrunn_06-1024x718.jpg"},{"@type":"BreadcrumbList","@id":"https:\/\/kirkensbymisjon.no\/tilbud-bymisjonssenteret-porsgrunn\/#breadcrumb","itemListElement":[{"@type":"ListItem","position":1,"name":"Hjem","item":"https:\/\/kirkensbymisjon.no\/tilbud-bymisjonssenteret-porsgrunn\/"},{"@type":"ListItem","position":2,"name":"Forside"}]},{"@type":"WebSite","@id":"https:\/\/kirkensbymisjon.no\/tilbud-bymisjonssenteret-porsgrunn\/#website","url":"https:\/\/kirkensbymisjon.no\/tilbud-bymisjonssenteret-porsgrunn\/","name":"Bymisjonssenteret, Porsgrunn","description":"","potentialAction":[{"@type":"SearchAction","target":{"@type":"EntryPoint","urlTemplate":"https:\/\/kirkensbymisjon.no\/tilbud-bymisjonssenteret-porsgrunn\/?s={search_term_string}"},"query-input":{"@type":"PropertyValueSpecification","valueRequired":true,"valueName":"search_term_string"}}],"inLanguage":"nb-NO"}]}},"_links":{"self":[{"href":"https:\/\/kirkensbymisjon.no\/tilbud-bymisjonssenteret-porsgrunn\/wp-json\/wp\/v2\/pages\/3","targetHints":{"allow":["GET"]}}],"collection":[{"href":"https:\/\/kirkensbymisjon.no\/tilbud-bymisjonssenteret-porsgrunn\/wp-json\/wp\/v2\/pages"}],"about":[{"href":"https:\/\/kirkensbymisjon.no\/tilbud-bymisjonssenteret-porsgrunn\/wp-json\/wp\/v2\/types\/page"}],"author":[{"embeddable":true,"href":"https:\/\/kirkensbymisjon.no\/tilbud-bymisjonssenteret-porsgrunn\/wp-json\/wp\/v2\/users\/5"}],"replies":[{"embeddable":true,"href":"https:\/\/kirkensbymisjon.no\/tilbud-bymisjonssenteret-porsgrunn\/wp-json\/wp\/v2\/comments?post=3"}],"version-history":[{"count":5,"href":"https:\/\/kirkensbymisjon.no\/tilbud-bymisjonssenteret-porsgrunn\/wp-json\/wp\/v2\/pages\/3\/revisions"}],"predecessor-version":[{"id":88,"href":"https:\/\/kirkensbymisjon.no\/tilbud-bymisjonssenteret-porsgrunn\/wp-json\/wp\/v2\/pages\/3\/revisions\/88"}],"wp:attachment":[{"href":"https:\/\/kirkensbymisjon.no\/tilbud-bymisjonssenteret-porsgrunn\/wp-json\/wp\/v2\/media?parent=3"}],"curies":[{"name":"wp","href":"https:\/\/api.w.org\/{rel}","templated":true}]}}