{"id":3,"date":"2024-06-19T12:36:26","date_gmt":"2024-06-19T10:36:26","guid":{"rendered":"https:\/\/kirkensbymisjon.no\/tilbud-bymisjonssenteret\/forside\/"},"modified":"2025-09-19T11:22:59","modified_gmt":"2025-09-19T09:22:59","slug":"bymisjonssentert-oslo","status":"publish","type":"page","link":"https:\/\/kirkensbymisjon.no\/tilbud-bymisjonssenteret\/","title":{"rendered":"Forside"},"content":{"rendered":"\n<p>Bymisjonssenteret har holdt til i <a href=\"https:\/\/kirkensbymisjon.no\/tilbud-toyenkirken\/\">T\u00f8yenkirken<\/a> i Oslo siden 1895, og huser i dag flere av v\u00e5re tilbud. &nbsp;<\/p>\n\n\n\n<p>I tillegg til ukentlige gudstjenester og opps\u00f8kende arbeid, har Bymisjonssenteret ogs\u00e5 utviklet et sv\u00e6rt mangfoldig tilbud til mennesker i byen.&nbsp;Vi tilbyr alt fra gratis og rimelig matservering, dusj, vaskeri og akuttovernatting, til ulike aktiviteter, kulturarrangementer og utleie av kirkerommet.&nbsp;<\/p>\n\n\n\t<div class=\"alignwide wp-block-kbm-link-list\">\n\t\t<div class=\"kbm-link-list__items\">\n\t\t\t\n<a class=\"wp-block-kbm-link-list-item\" href=\"\/tilbud-toyen-kro\/\">\t<svg xmlns=\"http:\/\/www.w3.org\/2000\/svg\" viewBox=\"0 0 48 48\" height=\"24\" width=\"24\" class=\"t2-icon t2-icon-cafeactivitycenter\" aria-hidden=\"true\" focusable=\"false\"><path d=\"M7.327 4.126a2.014 2.014 0 0 0-1.065.897L6.04 5.4l-.022 14.16c-.024 15.444-.037 14.942.428 16.566.112.393.398 1.119.635 1.614 1.505 3.15 4.26 5.295 7.799 6.071.626.137 1.109.149 6.12.149 5.007 0 5.494-.012 6.12-.149 4.2-.919 7.34-3.844 8.479-7.899.199-.709.4-1.962.401-2.501 0-.367.011-.386.18-.336 1.492.443 3.284.482 4.42.094a6.22 6.22 0 0 0 2.331-1.43c.975-.926 1.553-1.919 1.893-3.251.174-.682.176-.749.176-7.488 0-6.739-.002-6.806-.176-7.488-.346-1.358-.927-2.34-1.953-3.306-.77-.724-1.91-1.334-2.871-1.536-.798-.168-2.423-.107-3.313.125a17.55 17.55 0 0 1-.66.165c-.015 0-.027-.732-.027-1.626 0-1.897-.067-2.206-.598-2.736-.647-.647.53-.599-14.436-.592-11.357.004-13.372.022-13.639.12m32.568 8.038c.583.284 1.117.84 1.441 1.501l.224.455V27.8l-.214.457c-.301.641-.844 1.194-1.447 1.473-.446.205-.584.23-1.299.228-1.005-.002-1.768-.218-2.262-.641L36 29.028V12.991l.26-.251c.347-.335 1.202-.725 1.786-.816.71-.11 1.285-.035 1.849.24\"\/><\/svg>\t<div class=\"kbm-link-list-item__content\">\n\t\t<p class=\"kbm-link-list-item__title\">T\u00f8yen kro<\/p>\n\t\t\t\t\t<p class=\"kbm-link-list-item__description\">Her f\u00e5r du servert velsmakende mat til en hyggelig pris i et \u00e5pent og inkluderende milj\u00f8.\u00a0<\/p>\n\t\t\t<\/div>\n\t<\/a>\n\n<a class=\"wp-block-kbm-link-list-item\" href=\"\/tilbud-toyenkirken\">\t<svg xmlns=\"http:\/\/www.w3.org\/2000\/svg\" viewBox=\"0 0 48 48\" height=\"24\" width=\"24\" class=\"t2-icon t2-icon-church\" aria-hidden=\"true\" focusable=\"false\"><path d=\"M23.022 3.26 23 5l-1.98.021-1.98.022v1.914l1.98.022L23 7l.021 2.488.021 2.489-.621.283c-.341.156-4.599 2.073-9.461 4.26s-9.03 4.065-9.261 4.174c-.525.248-.659.487-.659 1.181 0 .464.026.552.233.784l.234.261 2.866.04c3.192.045 3.242.053 3.496.589.119.25.131 1.164.131 9.983.001 9.487.004 9.714.157 9.964.314.516.199.504 4.843.504s4.529.012 4.843-.504c.15-.246.156-.436.157-4.964 0-5.209-.009-5.111.511-5.396.223-.122.586-.136 3.489-.136s3.266.014 3.489.136c.52.285.511.187.511 5.396.001 4.528.007 4.718.157 4.964.314.516.199.504 4.843.504s4.529.012 4.843-.504c.153-.25.156-.477.157-9.964 0-8.819.012-9.733.131-9.983.254-.536.304-.544 3.496-.589l2.866-.04.234-.261c.21-.236.233-.316.233-.821 0-.524-.017-.578-.26-.829-.209-.217-2.023-1.061-9.3-4.331a6676.87 6676.87 0 0 1-9.741-4.382l-.701-.32.021-2.488L25 7l1.98-.021 1.98-.022V5.043l-1.98-.022L25 5l-.022-1.74-.021-1.74h-1.914l-.021 1.74\"\/><\/svg>\t<div class=\"kbm-link-list-item__content\">\n\t\t<p class=\"kbm-link-list-item__title\">T\u00f8yenkirken<\/p>\n\t\t\t\t\t<p class=\"kbm-link-list-item__description\">Vi er en \u00e5pen, mangfoldig kirke som skaper m\u00f8teplasser og fellesskap med rom for alle.\u00a0<\/p>\n\t\t\t<\/div>\n\t<\/a>\n\n<a class=\"wp-block-kbm-link-list-item\" href=\"\/tilbud-Fattige-tilreisende\">\t<svg xmlns=\"http:\/\/www.w3.org\/2000\/svg\" viewBox=\"0 0 48 48\" height=\"24\" width=\"24\" class=\"t2-icon t2-icon-accommodationoffers\" aria-hidden=\"true\" focusable=\"false\"><path d=\"M2.56 14.136a1.104 1.104 0 0 0-.42.424c-.132.263-.139.92-.12 11.066l.02 10.786.299.274.299.274h.805c.87 0 1.19-.098 1.375-.421.077-.135.112-1.077.142-3.859L5 29h38l.04 3.68c.03 2.782.065 3.724.142 3.859.184.322.506.421 1.363.421.683 0 .823-.023 1.006-.167.478-.376.449.343.449-11.289 0-9.992-.009-10.682-.14-10.944-.224-.449-.56-.572-1.486-.544l-.787.024-.273.299-.274.299V24H4.96v-9.362l-.274-.299-.273-.299-.787-.024c-.632-.019-.841.005-1.066.12m5.904 3.058c-.664.213-1.102.496-1.605 1.04-.712.768-.813 1.115-.816 2.792l-.003 1.386.299.274.299.274h4.805c5.288 0 5.142.013 5.402-.49.106-.205.123-.478.099-1.619-.027-1.274-.044-1.402-.236-1.811-.403-.86-1.156-1.51-2.125-1.834-.464-.155-.672-.166-3.08-.162-2.272.004-2.638.022-3.039.15m10.594.052c-.447.223-.735.535-.936 1.016-.185.443-.178 3.796.009 4.189.28.591-.64.547 11.679.57 8.736.017 11.115 0 11.357-.08.392-.129.704-.562.64-.887-.071-.353-.404-1.134-.699-1.636-.377-.644-1.664-1.91-2.351-2.314a9.266 9.266 0 0 0-2.077-.881c-.442-.13-1.138-.142-8.84-.164l-8.36-.023-.422.21\"\/><\/svg>\t<div class=\"kbm-link-list-item__content\">\n\t\t<p class=\"kbm-link-list-item__title\">Fattige tilreisende<\/p>\n\t\t\t\t\t<p class=\"kbm-link-list-item__description\">Vi jobber for \u00e5 forbedre de humanit\u00e6re forholdene for fattige tilreisende EU-borgere i Oslo.<\/p>\n\t\t\t<\/div>\n\t<\/a>\n\t\t<\/div>\n\t<\/div>\n\t\n\n\n<div class=\"wp-block-media-text alignwide is-stacked-on-mobile is-style-filled\"><figure class=\"wp-block-media-text__media\"><img loading=\"lazy\" decoding=\"async\" width=\"1024\" height=\"731\" src=\"https:\/\/kirkensbymisjon.no\/content\/uploads\/sites\/50\/2024\/06\/Tilbud_Sporet_01-1024x731.jpeg\" alt=\"Frivillige p\u00e5 Oslo S\" class=\"wp-image-31 size-full\" srcset=\"https:\/\/kirkensbymisjon.no\/content\/uploads\/sites\/50\/2024\/06\/Tilbud_Sporet_01-1024x731.jpeg 1024w, https:\/\/kirkensbymisjon.no\/content\/uploads\/sites\/50\/2024\/06\/Tilbud_Sporet_01-300x214.jpeg 300w, https:\/\/kirkensbymisjon.no\/content\/uploads\/sites\/50\/2024\/06\/Tilbud_Sporet_01-768x548.jpeg 768w, https:\/\/kirkensbymisjon.no\/content\/uploads\/sites\/50\/2024\/06\/Tilbud_Sporet_01-1536x1096.jpeg 1536w, https:\/\/kirkensbymisjon.no\/content\/uploads\/sites\/50\/2024\/06\/Tilbud_Sporet_01.jpeg 1701w\" sizes=\"auto, (max-width: 1024px) 100vw, 1024px\" \/><\/figure><div class=\"wp-block-media-text__content\">\n<h2 class=\"wp-block-heading\" id=\"h-sporet-pa-oslo-s\">Sporet p\u00e5 Oslo S<\/h2>\n\n\n\n<p>Gjennom v\u00e5rt arbeid vil vi v\u00e6re synlig og til stede for alle som \u00f8nsker det p\u00e5 Oslo S. Sporet tilbyr r\u00e5d og veiledning, f\u00f8lge til \u00f8vrig hjelpeapparat, et stille rom, samtale, lystenning og omsorg.<\/p>\n\n\n\n<p><a href=\"\/tilbud-sporet\">Les mer om tilbudet<\/a><\/p>\n<\/div><\/div>\n\n\n\n<div class=\"wp-block-media-text alignwide is-stacked-on-mobile is-style-filled\"><figure class=\"wp-block-media-text__media\"><img decoding=\"async\" src=\"https:\/\/kirkensbymisjon.no\/content\/uploads\/2024\/09\/Standard_Bli-frivillig_01-1024x751.jpg\" alt=\"Frivillige i samtale med gjest i kafeen. Foto: Kirkens Bymisjon\" class=\"wp-image-3078 size-full\"\/><\/figure><div class=\"wp-block-media-text__content\">\n<h2 class=\"wp-block-heading\" id=\"h-bli-frivillig-nbsp\"><strong>Bli frivillig!<\/strong>&nbsp;<\/h2>\n\n\n\n<p>Vi trenger deg som \u00f8nsker \u00e5 gj\u00f8re en frivillig innsats til nytte og glede for andre og deg selv. Gjennom frivillig engasjement kan du bruke din erfaring og kompetanse \u2013 eller l\u00e6re noe nytt.&nbsp;<\/p>\n\n\n\n<p><a href=\"\/bli-frivillig\">Les mer om frivillighet<\/a><\/p>\n<\/div><\/div>\n\n\n\n<p><a href=\"https:\/\/kirkensbymisjon.no\/content\/uploads\/sites\/50\/2025\/09\/Personvernerklaering-Bymisjonssenteret-2025-1.pdf\" target=\"_blank\" rel=\"noreferrer noopener\">Her<\/a> kan du laste ned Bymisjonssenterets personvernerkl\u00e6ring.<\/p>\n","protected":false},"excerpt":{"rendered":"<p>Bymisjonssenteret har holdt til i T\u00f8yenkirken i Oslo siden 1895, og huser i dag flere&hellip;<\/p>\n","protected":false},"author":2,"featured_media":12,"parent":0,"menu_order":0,"comment_status":"closed","ping_status":"closed","template":"","meta":{"_relevanssi_hide_post":"","_relevanssi_hide_content":"","_relevanssi_pin_for_all":"","_relevanssi_pin_keywords":"","_relevanssi_unpin_keywords":"","_relevanssi_related_keywords":"","_relevanssi_related_include_ids":"","_relevanssi_related_exclude_ids":"","_relevanssi_related_no_append":"","_relevanssi_related_not_related":"","_relevanssi_related_posts":"1","_relevanssi_noindex_reason":"","editor_notices":[],"footnotes":""},"class_list":["post-3","page","type-page","status-publish","has-post-thumbnail","hentry"],"yoast_head":"<!-- This site is optimized with the Yoast SEO Premium plugin v27.2 (Yoast SEO v27.2) - https:\/\/yoast.com\/product\/yoast-seo-premium-wordpress\/ -->\n<title>Kirkens Bymisjon - Bymisjonssenteret, Oslo<\/title>\n<meta name=\"description\" content=\"Vi inviterer til et \u00e5pent og inkluderende fellesskap, der du skal erfare \u00e5 bli sett, verdsatt og gitt muligheter for utfoldelse\" \/>\n<meta name=\"robots\" content=\"index, follow, max-snippet:-1, max-image-preview:large, max-video-preview:-1\" \/>\n<link rel=\"canonical\" href=\"https:\/\/kirkensbymisjon.no\/tilbud-bymisjonssenteret\/\" \/>\n<meta property=\"og:locale\" content=\"nb_NO\" \/>\n<meta property=\"og:type\" content=\"article\" \/>\n<meta property=\"og:title\" content=\"Kirkens Bymisjon - Bymisjonssenteret, Oslo\" \/>\n<meta property=\"og:description\" content=\"Vi inviterer til et \u00e5pent og inkluderende fellesskap, der du skal erfare \u00e5 bli sett, verdsatt og gitt muligheter for utfoldelse.\" \/>\n<meta property=\"og:url\" content=\"https:\/\/kirkensbymisjon.no\/tilbud-bymisjonssenteret\/\" \/>\n<meta property=\"og:site_name\" content=\"Bymisjonssenteret, Oslo\" \/>\n<meta property=\"article:modified_time\" content=\"2025-09-19T09:22:59+00:00\" \/>\n<meta property=\"og:image\" content=\"https:\/\/kirkensbymisjon.no\/content\/uploads\/sites\/50\/2024\/06\/Tilbud_Bymisjonssenteret_Oslo_01.jpeg\" \/>\n\t<meta property=\"og:image:width\" content=\"1000\" \/>\n\t<meta property=\"og:image:height\" content=\"500\" \/>\n\t<meta property=\"og:image:type\" content=\"image\/jpeg\" \/>\n<meta name=\"twitter:card\" content=\"summary_large_image\" \/>\n<meta name=\"twitter:title\" content=\"Forside\" \/>\n<meta name=\"twitter:label1\" content=\"Ansl. lesetid\" \/>\n\t<meta name=\"twitter:data1\" content=\"2 minutter\" \/>\n<script type=\"application\/ld+json\" class=\"yoast-schema-graph\">{\"@context\":\"https:\/\/schema.org\",\"@graph\":[{\"@type\":\"WebPage\",\"@id\":\"https:\/\/kirkensbymisjon.no\/tilbud-bymisjonssenteret\/\",\"url\":\"https:\/\/kirkensbymisjon.no\/tilbud-bymisjonssenteret\/\",\"name\":\"Kirkens Bymisjon - Bymisjonssenteret, Oslo\",\"isPartOf\":{\"@id\":\"https:\/\/kirkensbymisjon.no\/tilbud-bymisjonssenteret\/#website\"},\"primaryImageOfPage\":{\"@id\":\"https:\/\/kirkensbymisjon.no\/tilbud-bymisjonssenteret\/#primaryimage\"},\"image\":{\"@id\":\"https:\/\/kirkensbymisjon.no\/tilbud-bymisjonssenteret\/#primaryimage\"},\"thumbnailUrl\":\"https:\/\/kirkensbymisjon.no\/content\/uploads\/sites\/50\/2024\/06\/Tilbud_Bymisjonssenteret_Oslo_01.jpeg\",\"datePublished\":\"2024-06-19T10:36:26+00:00\",\"dateModified\":\"2025-09-19T09:22:59+00:00\",\"description\":\"Vi inviterer til et \u00e5pent og inkluderende fellesskap, der du skal erfare \u00e5 bli sett, verdsatt og gitt muligheter for utfoldelse\",\"breadcrumb\":{\"@id\":\"https:\/\/kirkensbymisjon.no\/tilbud-bymisjonssenteret\/#breadcrumb\"},\"inLanguage\":\"nb-NO\",\"potentialAction\":[{\"@type\":\"ReadAction\",\"target\":[\"https:\/\/kirkensbymisjon.no\/tilbud-bymisjonssenteret\/\"]}]},{\"@type\":\"ImageObject\",\"inLanguage\":\"nb-NO\",\"@id\":\"https:\/\/kirkensbymisjon.no\/tilbud-bymisjonssenteret\/#primaryimage\",\"url\":\"https:\/\/kirkensbymisjon.no\/content\/uploads\/sites\/50\/2024\/06\/Tilbud_Bymisjonssenteret_Oslo_01.jpeg\",\"contentUrl\":\"https:\/\/kirkensbymisjon.no\/content\/uploads\/sites\/50\/2024\/06\/Tilbud_Bymisjonssenteret_Oslo_01.jpeg\",\"width\":1000,\"height\":500,\"caption\":\"Bymisjonssenteret i Oslo\"},{\"@type\":\"BreadcrumbList\",\"@id\":\"https:\/\/kirkensbymisjon.no\/tilbud-bymisjonssenteret\/#breadcrumb\",\"itemListElement\":[{\"@type\":\"ListItem\",\"position\":1,\"name\":\"Hjem\",\"item\":\"https:\/\/kirkensbymisjon.no\/tilbud-bymisjonssenteret\/\"},{\"@type\":\"ListItem\",\"position\":2,\"name\":\"Forside\"}]},{\"@type\":\"WebSite\",\"@id\":\"https:\/\/kirkensbymisjon.no\/tilbud-bymisjonssenteret\/#website\",\"url\":\"https:\/\/kirkensbymisjon.no\/tilbud-bymisjonssenteret\/\",\"name\":\"Bymisjonssenteret, Oslo\",\"description\":\"\",\"potentialAction\":[{\"@type\":\"SearchAction\",\"target\":{\"@type\":\"EntryPoint\",\"urlTemplate\":\"https:\/\/kirkensbymisjon.no\/tilbud-bymisjonssenteret\/?s={search_term_string}\"},\"query-input\":{\"@type\":\"PropertyValueSpecification\",\"valueRequired\":true,\"valueName\":\"search_term_string\"}}],\"inLanguage\":\"nb-NO\"}]}<\/script>\n<!-- \/ Yoast SEO Premium plugin. -->","yoast_head_json":{"title":"Kirkens Bymisjon - Bymisjonssenteret, Oslo","description":"Vi inviterer til et \u00e5pent og inkluderende fellesskap, der du skal erfare \u00e5 bli sett, verdsatt og gitt muligheter for utfoldelse","robots":{"index":"index","follow":"follow","max-snippet":"max-snippet:-1","max-image-preview":"max-image-preview:large","max-video-preview":"max-video-preview:-1"},"canonical":"https:\/\/kirkensbymisjon.no\/tilbud-bymisjonssenteret\/","og_locale":"nb_NO","og_type":"article","og_title":"Kirkens Bymisjon - Bymisjonssenteret, Oslo","og_description":"Vi inviterer til et \u00e5pent og inkluderende fellesskap, der du skal erfare \u00e5 bli sett, verdsatt og gitt muligheter for utfoldelse.","og_url":"https:\/\/kirkensbymisjon.no\/tilbud-bymisjonssenteret\/","og_site_name":"Bymisjonssenteret, Oslo","article_modified_time":"2025-09-19T09:22:59+00:00","og_image":[{"width":1000,"height":500,"url":"https:\/\/kirkensbymisjon.no\/content\/uploads\/sites\/50\/2024\/06\/Tilbud_Bymisjonssenteret_Oslo_01.jpeg","type":"image\/jpeg"}],"twitter_card":"summary_large_image","twitter_title":"Forside","twitter_misc":{"Ansl. lesetid":"2 minutter"},"schema":{"@context":"https:\/\/schema.org","@graph":[{"@type":"WebPage","@id":"https:\/\/kirkensbymisjon.no\/tilbud-bymisjonssenteret\/","url":"https:\/\/kirkensbymisjon.no\/tilbud-bymisjonssenteret\/","name":"Kirkens Bymisjon - Bymisjonssenteret, Oslo","isPartOf":{"@id":"https:\/\/kirkensbymisjon.no\/tilbud-bymisjonssenteret\/#website"},"primaryImageOfPage":{"@id":"https:\/\/kirkensbymisjon.no\/tilbud-bymisjonssenteret\/#primaryimage"},"image":{"@id":"https:\/\/kirkensbymisjon.no\/tilbud-bymisjonssenteret\/#primaryimage"},"thumbnailUrl":"https:\/\/kirkensbymisjon.no\/content\/uploads\/sites\/50\/2024\/06\/Tilbud_Bymisjonssenteret_Oslo_01.jpeg","datePublished":"2024-06-19T10:36:26+00:00","dateModified":"2025-09-19T09:22:59+00:00","description":"Vi inviterer til et \u00e5pent og inkluderende fellesskap, der du skal erfare \u00e5 bli sett, verdsatt og gitt muligheter for utfoldelse","breadcrumb":{"@id":"https:\/\/kirkensbymisjon.no\/tilbud-bymisjonssenteret\/#breadcrumb"},"inLanguage":"nb-NO","potentialAction":[{"@type":"ReadAction","target":["https:\/\/kirkensbymisjon.no\/tilbud-bymisjonssenteret\/"]}]},{"@type":"ImageObject","inLanguage":"nb-NO","@id":"https:\/\/kirkensbymisjon.no\/tilbud-bymisjonssenteret\/#primaryimage","url":"https:\/\/kirkensbymisjon.no\/content\/uploads\/sites\/50\/2024\/06\/Tilbud_Bymisjonssenteret_Oslo_01.jpeg","contentUrl":"https:\/\/kirkensbymisjon.no\/content\/uploads\/sites\/50\/2024\/06\/Tilbud_Bymisjonssenteret_Oslo_01.jpeg","width":1000,"height":500,"caption":"Bymisjonssenteret i Oslo"},{"@type":"BreadcrumbList","@id":"https:\/\/kirkensbymisjon.no\/tilbud-bymisjonssenteret\/#breadcrumb","itemListElement":[{"@type":"ListItem","position":1,"name":"Hjem","item":"https:\/\/kirkensbymisjon.no\/tilbud-bymisjonssenteret\/"},{"@type":"ListItem","position":2,"name":"Forside"}]},{"@type":"WebSite","@id":"https:\/\/kirkensbymisjon.no\/tilbud-bymisjonssenteret\/#website","url":"https:\/\/kirkensbymisjon.no\/tilbud-bymisjonssenteret\/","name":"Bymisjonssenteret, Oslo","description":"","potentialAction":[{"@type":"SearchAction","target":{"@type":"EntryPoint","urlTemplate":"https:\/\/kirkensbymisjon.no\/tilbud-bymisjonssenteret\/?s={search_term_string}"},"query-input":{"@type":"PropertyValueSpecification","valueRequired":true,"valueName":"search_term_string"}}],"inLanguage":"nb-NO"}]}},"_links":{"self":[{"href":"https:\/\/kirkensbymisjon.no\/tilbud-bymisjonssenteret\/wp-json\/wp\/v2\/pages\/3","targetHints":{"allow":["GET"]}}],"collection":[{"href":"https:\/\/kirkensbymisjon.no\/tilbud-bymisjonssenteret\/wp-json\/wp\/v2\/pages"}],"about":[{"href":"https:\/\/kirkensbymisjon.no\/tilbud-bymisjonssenteret\/wp-json\/wp\/v2\/types\/page"}],"author":[{"embeddable":true,"href":"https:\/\/kirkensbymisjon.no\/tilbud-bymisjonssenteret\/wp-json\/wp\/v2\/users\/2"}],"replies":[{"embeddable":true,"href":"https:\/\/kirkensbymisjon.no\/tilbud-bymisjonssenteret\/wp-json\/wp\/v2\/comments?post=3"}],"version-history":[{"count":5,"href":"https:\/\/kirkensbymisjon.no\/tilbud-bymisjonssenteret\/wp-json\/wp\/v2\/pages\/3\/revisions"}],"predecessor-version":[{"id":59,"href":"https:\/\/kirkensbymisjon.no\/tilbud-bymisjonssenteret\/wp-json\/wp\/v2\/pages\/3\/revisions\/59"}],"wp:featuredmedia":[{"embeddable":true,"href":"https:\/\/kirkensbymisjon.no\/tilbud-bymisjonssenteret\/wp-json\/wp\/v2\/media\/12"}],"wp:attachment":[{"href":"https:\/\/kirkensbymisjon.no\/tilbud-bymisjonssenteret\/wp-json\/wp\/v2\/media?parent=3"}],"curies":[{"name":"wp","href":"https:\/\/api.w.org\/{rel}","templated":true}]}}