{"id":2,"date":"2024-05-27T10:28:52","date_gmt":"2024-05-27T08:28:52","guid":{"rendered":"https:\/\/kirkensbymisjon.no\/tilbud-byparken\/?page_id=2"},"modified":"2025-04-09T20:24:37","modified_gmt":"2025-04-09T18:24:37","slug":"forside","status":"publish","type":"page","link":"https:\/\/kirkensbymisjon.no\/tilbud-byparken\/","title":{"rendered":"Forside"},"content":{"rendered":"\n<p><strong>\u00d8nsker du \u00e5 gi dine gjester en ekstra ramme rundt arrangementet, s\u00e5 er Byparken et sv\u00e6rt godt alternativ.<\/strong><\/p>\n\n\n\n<p>Velkommen til en unik og spennende opplevelse i et 140 \u00e5r gammelt godshus, kun 20 meter fra Halden stasjon. Godshuset er ogs\u00e5 omgitt av et vakkert parkomr\u00e5de med utsikt til festningen som kan benyttes. Du m\u00e5 gjerne la oss st\u00e5 for planleggingen og detaljene av konferansen slik at du kan fokusere p\u00e5 innholdet. Vi planlegger servering, tider og har skreddersydd en pakke som inkluderer alt du trenger for et godt opphold.<\/p>\n\n\n\n<p>Byparken passer utmerket til konserter, bryllup og andre festligheter. <br>Se <a href=\"https:\/\/kirkensbymisjon.no\/tilbud-byparken\/utleie\/#prisliste\">prisliste<\/a> for leie av lokaler eller ta <a href=\"https:\/\/kirkensbymisjon.no\/tilbud-byparken\/kontaktinformasjon\">kontakt<\/a> for mer informasjon.<\/p>\n\n\n\n<div class=\"wp-block-media-text alignwide is-stacked-on-mobile is-style-filled\"><figure class=\"wp-block-media-text__media\"><img decoding=\"async\" src=\"https:\/\/kirkensbymisjon.no\/content\/uploads\/2024\/06\/arbeidsfelt_arbeidsinkludering_02-1024x576.jpg\" alt=\"Ung jente i arbeidstrening ved Ung p\u00e5 dagtid i Halden\" class=\"wp-image-365 size-full\"\/><\/figure><div class=\"wp-block-media-text__content\">\n<h2 class=\"wp-block-heading\" id=\"h-arbeidsinkludering\">Arbeidsinkludering<\/h2>\n\n\n\n<p>Vi samarbeider med <a href=\"https:\/\/kirkensbymisjon.no\/tilbud-ung-pa-dagtid\/\">Ung p\u00e5 dagtid<\/a>, hvor bl.a. ungdom med stort skolefrav\u00e6r eller som har falt ut av skolen, f\u00e5r kvalifiserende aktivitet og arbeidspraksis.<\/p>\n<\/div><\/div>\n\n\n\n<h2 class=\"wp-block-heading\" id=\"h-kapasitet\">Kapasitet<\/h2>\n\n\n\n<p><a href=\"\/tilbud-byparken\/lokalene\">Lokalene<\/a> har stor kapasitet og kan romme 220 personer med langbord eller 120 personer med runde bord. Ved konserter o.l. er lokalene godkjent for 600 personer st\u00e5ende eller 250 personer sittende. Det f\u00f8rste \u00e5ret hadde Byparken over 20.000 bes\u00f8kende fordelt p\u00e5 250 arrangementer.<\/p>\n\n\n\n<h2 class=\"wp-block-heading\" id=\"h-fasiliteter\">Fasiliteter<\/h2>\n\n\n\n<ul class=\"wp-block-list\">\n<li><a href=\"\/tilbud-byparken\/utleie\/#storsalen\">Storsalen<\/a> har tre 117&#8243;-skjermer, scene, lys- og lydanlegg.<\/li>\n\n\n\n<li><a href=\"\/tilbud-byparken\/utleie\/#lillesalen\">Lillesalen<\/a> har en moderne kaffebar og et flott kj\u00f8kken.<\/li>\n\n\n\n<li>Parken rundt godshuset kan ogs\u00e5 brukes til mange spennende aktiviteter og arrangementer.<\/li>\n<\/ul>\n\n\n\n<h2 class=\"wp-block-heading\" id=\"h-beliggenhet\">Beliggenhet<\/h2>\n\n\n\n<p>Byparken ligger sv\u00e6rt sentralt, kun 10 meter fra togstasjonen i Halden, og har gode parkeringsmuligheter. Velkommen til spennende lokaler i historiske omgivelser!<\/p>\n\n\n\n<p><\/p>\n","protected":false},"excerpt":{"rendered":"<p>\u00d8nsker du \u00e5 gi dine gjester en ekstra ramme rundt arrangementet, s\u00e5 er Byparken et&hellip;<\/p>\n","protected":false},"author":1,"featured_media":9,"parent":0,"menu_order":0,"comment_status":"closed","ping_status":"closed","template":"","meta":{"_relevanssi_hide_post":"","_relevanssi_hide_content":"","_relevanssi_pin_for_all":"","_relevanssi_pin_keywords":"","_relevanssi_unpin_keywords":"","_relevanssi_related_keywords":"","_relevanssi_related_include_ids":"","_relevanssi_related_exclude_ids":"","_relevanssi_related_no_append":"","_relevanssi_related_not_related":"","_relevanssi_related_posts":"1","_relevanssi_noindex_reason":"","editor_notices":[],"footnotes":""},"class_list":["post-2","page","type-page","status-publish","has-post-thumbnail","hentry"],"yoast_head":"<!-- This site is optimized with the Yoast SEO Premium plugin v27.2 (Yoast SEO v27.2) - https:\/\/yoast.com\/product\/yoast-seo-premium-wordpress\/ -->\n<title>Kirkens Bymisjon - Byparken<\/title>\n<meta name=\"description\" content=\"Vi tilbyr et av de mest spennende konferanselokalene i Halden og \u00d8stfold.\" \/>\n<meta name=\"robots\" content=\"index, follow, max-snippet:-1, max-image-preview:large, max-video-preview:-1\" \/>\n<link rel=\"canonical\" href=\"https:\/\/kirkensbymisjon.no\/tilbud-byparken\/\" \/>\n<meta property=\"og:locale\" content=\"nb_NO\" \/>\n<meta property=\"og:type\" content=\"article\" \/>\n<meta property=\"og:title\" content=\"Kirkens Bymisjon - Byparken\" \/>\n<meta property=\"og:description\" content=\"Vi tilbyr et av de mest spennende konferanselokalene i Halden og \u00d8stfold.\" \/>\n<meta property=\"og:url\" content=\"https:\/\/kirkensbymisjon.no\/tilbud-byparken\/\" \/>\n<meta property=\"og:site_name\" content=\"Byparken\" \/>\n<meta property=\"article:modified_time\" content=\"2025-04-09T18:24:37+00:00\" \/>\n<meta property=\"og:image\" content=\"https:\/\/kirkensbymisjon.no\/content\/uploads\/sites\/4\/2024\/06\/Tilbud_Byparken_01.jpeg\" \/>\n\t<meta property=\"og:image:width\" content=\"2048\" \/>\n\t<meta property=\"og:image:height\" content=\"1365\" \/>\n\t<meta property=\"og:image:type\" content=\"image\/jpeg\" \/>\n<meta name=\"twitter:card\" content=\"summary_large_image\" \/>\n<meta name=\"twitter:title\" content=\"Forside\" \/>\n<meta name=\"twitter:label1\" content=\"Ansl. lesetid\" \/>\n\t<meta name=\"twitter:data1\" content=\"2 minutter\" \/>\n<script type=\"application\/ld+json\" class=\"yoast-schema-graph\">{\"@context\":\"https:\/\/schema.org\",\"@graph\":[{\"@type\":\"WebPage\",\"@id\":\"https:\/\/kirkensbymisjon.no\/tilbud-byparken\/\",\"url\":\"https:\/\/kirkensbymisjon.no\/tilbud-byparken\/\",\"name\":\"Kirkens Bymisjon - Byparken\",\"isPartOf\":{\"@id\":\"https:\/\/kirkensbymisjon.no\/tilbud-byparken\/#website\"},\"primaryImageOfPage\":{\"@id\":\"https:\/\/kirkensbymisjon.no\/tilbud-byparken\/#primaryimage\"},\"image\":{\"@id\":\"https:\/\/kirkensbymisjon.no\/tilbud-byparken\/#primaryimage\"},\"thumbnailUrl\":\"https:\/\/kirkensbymisjon.no\/content\/uploads\/sites\/4\/2024\/06\/Tilbud_Byparken_01.jpeg\",\"datePublished\":\"2024-05-27T08:28:52+00:00\",\"dateModified\":\"2025-04-09T18:24:37+00:00\",\"description\":\"Vi tilbyr et av de mest spennende konferanselokalene i Halden og \u00d8stfold.\",\"breadcrumb\":{\"@id\":\"https:\/\/kirkensbymisjon.no\/tilbud-byparken\/#breadcrumb\"},\"inLanguage\":\"nb-NO\",\"potentialAction\":[{\"@type\":\"ReadAction\",\"target\":[\"https:\/\/kirkensbymisjon.no\/tilbud-byparken\/\"]}]},{\"@type\":\"ImageObject\",\"inLanguage\":\"nb-NO\",\"@id\":\"https:\/\/kirkensbymisjon.no\/tilbud-byparken\/#primaryimage\",\"url\":\"https:\/\/kirkensbymisjon.no\/content\/uploads\/sites\/4\/2024\/06\/Tilbud_Byparken_01.jpeg\",\"contentUrl\":\"https:\/\/kirkensbymisjon.no\/content\/uploads\/sites\/4\/2024\/06\/Tilbud_Byparken_01.jpeg\",\"width\":2048,\"height\":1365,\"caption\":\"Oversiktsbilde av Byparken i Halden\"},{\"@type\":\"BreadcrumbList\",\"@id\":\"https:\/\/kirkensbymisjon.no\/tilbud-byparken\/#breadcrumb\",\"itemListElement\":[{\"@type\":\"ListItem\",\"position\":1,\"name\":\"Hjem\",\"item\":\"https:\/\/kirkensbymisjon.no\/tilbud-byparken\/\"},{\"@type\":\"ListItem\",\"position\":2,\"name\":\"Forside\"}]},{\"@type\":\"WebSite\",\"@id\":\"https:\/\/kirkensbymisjon.no\/tilbud-byparken\/#website\",\"url\":\"https:\/\/kirkensbymisjon.no\/tilbud-byparken\/\",\"name\":\"Byparken\",\"description\":\"\",\"potentialAction\":[{\"@type\":\"SearchAction\",\"target\":{\"@type\":\"EntryPoint\",\"urlTemplate\":\"https:\/\/kirkensbymisjon.no\/tilbud-byparken\/?s={search_term_string}\"},\"query-input\":{\"@type\":\"PropertyValueSpecification\",\"valueRequired\":true,\"valueName\":\"search_term_string\"}}],\"inLanguage\":\"nb-NO\"}]}<\/script>\n<!-- \/ Yoast SEO Premium plugin. -->","yoast_head_json":{"title":"Kirkens Bymisjon - Byparken","description":"Vi tilbyr et av de mest spennende konferanselokalene i Halden og \u00d8stfold.","robots":{"index":"index","follow":"follow","max-snippet":"max-snippet:-1","max-image-preview":"max-image-preview:large","max-video-preview":"max-video-preview:-1"},"canonical":"https:\/\/kirkensbymisjon.no\/tilbud-byparken\/","og_locale":"nb_NO","og_type":"article","og_title":"Kirkens Bymisjon - Byparken","og_description":"Vi tilbyr et av de mest spennende konferanselokalene i Halden og \u00d8stfold.","og_url":"https:\/\/kirkensbymisjon.no\/tilbud-byparken\/","og_site_name":"Byparken","article_modified_time":"2025-04-09T18:24:37+00:00","og_image":[{"width":2048,"height":1365,"url":"https:\/\/kirkensbymisjon.no\/content\/uploads\/sites\/4\/2024\/06\/Tilbud_Byparken_01.jpeg","type":"image\/jpeg"}],"twitter_card":"summary_large_image","twitter_title":"Forside","twitter_misc":{"Ansl. lesetid":"2 minutter"},"schema":{"@context":"https:\/\/schema.org","@graph":[{"@type":"WebPage","@id":"https:\/\/kirkensbymisjon.no\/tilbud-byparken\/","url":"https:\/\/kirkensbymisjon.no\/tilbud-byparken\/","name":"Kirkens Bymisjon - Byparken","isPartOf":{"@id":"https:\/\/kirkensbymisjon.no\/tilbud-byparken\/#website"},"primaryImageOfPage":{"@id":"https:\/\/kirkensbymisjon.no\/tilbud-byparken\/#primaryimage"},"image":{"@id":"https:\/\/kirkensbymisjon.no\/tilbud-byparken\/#primaryimage"},"thumbnailUrl":"https:\/\/kirkensbymisjon.no\/content\/uploads\/sites\/4\/2024\/06\/Tilbud_Byparken_01.jpeg","datePublished":"2024-05-27T08:28:52+00:00","dateModified":"2025-04-09T18:24:37+00:00","description":"Vi tilbyr et av de mest spennende konferanselokalene i Halden og \u00d8stfold.","breadcrumb":{"@id":"https:\/\/kirkensbymisjon.no\/tilbud-byparken\/#breadcrumb"},"inLanguage":"nb-NO","potentialAction":[{"@type":"ReadAction","target":["https:\/\/kirkensbymisjon.no\/tilbud-byparken\/"]}]},{"@type":"ImageObject","inLanguage":"nb-NO","@id":"https:\/\/kirkensbymisjon.no\/tilbud-byparken\/#primaryimage","url":"https:\/\/kirkensbymisjon.no\/content\/uploads\/sites\/4\/2024\/06\/Tilbud_Byparken_01.jpeg","contentUrl":"https:\/\/kirkensbymisjon.no\/content\/uploads\/sites\/4\/2024\/06\/Tilbud_Byparken_01.jpeg","width":2048,"height":1365,"caption":"Oversiktsbilde av Byparken i Halden"},{"@type":"BreadcrumbList","@id":"https:\/\/kirkensbymisjon.no\/tilbud-byparken\/#breadcrumb","itemListElement":[{"@type":"ListItem","position":1,"name":"Hjem","item":"https:\/\/kirkensbymisjon.no\/tilbud-byparken\/"},{"@type":"ListItem","position":2,"name":"Forside"}]},{"@type":"WebSite","@id":"https:\/\/kirkensbymisjon.no\/tilbud-byparken\/#website","url":"https:\/\/kirkensbymisjon.no\/tilbud-byparken\/","name":"Byparken","description":"","potentialAction":[{"@type":"SearchAction","target":{"@type":"EntryPoint","urlTemplate":"https:\/\/kirkensbymisjon.no\/tilbud-byparken\/?s={search_term_string}"},"query-input":{"@type":"PropertyValueSpecification","valueRequired":true,"valueName":"search_term_string"}}],"inLanguage":"nb-NO"}]}},"_links":{"self":[{"href":"https:\/\/kirkensbymisjon.no\/tilbud-byparken\/wp-json\/wp\/v2\/pages\/2","targetHints":{"allow":["GET"]}}],"collection":[{"href":"https:\/\/kirkensbymisjon.no\/tilbud-byparken\/wp-json\/wp\/v2\/pages"}],"about":[{"href":"https:\/\/kirkensbymisjon.no\/tilbud-byparken\/wp-json\/wp\/v2\/types\/page"}],"author":[{"embeddable":true,"href":"https:\/\/kirkensbymisjon.no\/tilbud-byparken\/wp-json\/wp\/v2\/users\/1"}],"replies":[{"embeddable":true,"href":"https:\/\/kirkensbymisjon.no\/tilbud-byparken\/wp-json\/wp\/v2\/comments?post=2"}],"version-history":[{"count":5,"href":"https:\/\/kirkensbymisjon.no\/tilbud-byparken\/wp-json\/wp\/v2\/pages\/2\/revisions"}],"predecessor-version":[{"id":207,"href":"https:\/\/kirkensbymisjon.no\/tilbud-byparken\/wp-json\/wp\/v2\/pages\/2\/revisions\/207"}],"wp:featuredmedia":[{"embeddable":true,"href":"https:\/\/kirkensbymisjon.no\/tilbud-byparken\/wp-json\/wp\/v2\/media\/9"}],"wp:attachment":[{"href":"https:\/\/kirkensbymisjon.no\/tilbud-byparken\/wp-json\/wp\/v2\/media?parent=2"}],"curies":[{"name":"wp","href":"https:\/\/api.w.org\/{rel}","templated":true}]}}