{"id":61,"date":"2024-09-28T20:17:05","date_gmt":"2024-09-28T18:17:05","guid":{"rendered":"https:\/\/kirkensbymisjon.no\/tilbud-byparken\/?page_id=61"},"modified":"2026-02-03T11:58:07","modified_gmt":"2026-02-03T10:58:07","slug":"utleie","status":"publish","type":"page","link":"https:\/\/kirkensbymisjon.no\/tilbud-byparken\/utleie\/","title":{"rendered":"Utleie"},"content":{"rendered":"\n<h2 class=\"wp-block-heading\" id=\"h-seminarpakker\"><strong>Seminarpakker<\/strong><\/h2>\n\n\n<div class=\"t2-accordion wp-block-t2-accordion\" data-allow-multiple=\"1\" role=\"list\">\n<div class=\"t2-accordion-item wp-block-t2-accordion-item\" role=\"listitem\">\n\t\t\t<h2 class=\"t2-accordion-title\">\n\t\t\t\t<button type=\"button\" class=\"t2-accordion-trigger\" id=\"heldagsseminar\" aria-controls=\"accordion-panel\" aria-expanded=\"false\">\n\t\t\t\t\tHeldagsseminar\n\t\t\t\t\t<span class=\"t2-accordion-icon is-closed-icon\"><svg xmlns=\"http:\/\/www.w3.org\/2000\/svg\" viewBox=\"0 0 24 24\" height=\"24\" width=\"24\" class=\"t2-icon t2-icon-plus\" aria-hidden=\"true\" focusable=\"false\"><path d=\"M11.8 5.037a1.088 1.088 0 0 0-.722.566c-.075.148-.078.25-.078 2.772v2.619l-2.61.016c-1.867.012-2.652.03-2.756.064-.168.055-.438.301-.54.494-.049.092-.07.223-.07.432 0 .34.054.476.282.704.289.289.14.275 3.064.288l2.63.012v2.619c0 2.544.002 2.625.08 2.778.191.372.516.577.92.577s.729-.205.92-.577c.078-.153.08-.234.08-2.778v-2.619l2.63-.012c2.924-.013 2.775.001 3.064-.288.228-.228.282-.364.282-.704 0-.209-.021-.34-.07-.432-.102-.193-.372-.439-.54-.494-.104-.034-.889-.052-2.756-.064L13 10.994V8.375c0-2.522-.003-2.624-.078-2.772-.214-.418-.685-.656-1.122-.566\"\/><\/svg><\/span>\n\t\t\t\t\t<span class=\"t2-accordion-icon is-open-icon\"><svg xmlns=\"http:\/\/www.w3.org\/2000\/svg\" viewBox=\"0 0 24 24\" height=\"24\" width=\"24\" class=\"t2-icon t2-icon-chevronup\" aria-hidden=\"true\" focusable=\"false\"><path d=\"M6.7 14.7c-.2-.2-.3-.4-.3-.7s.1-.5.3-.7l4.6-4.6c.1-.1.2-.2.3-.2.1 0 .2-.1.4-.1.1 0 .3 0 .4.1.1 0 .2.1.3.2l4.6 4.6c.2.2.3.4.3.7s-.1.5-.3.7c-.2.2-.4.3-.7.3s-.5-.1-.7-.3L12 10.8l-3.9 3.9c-.2.2-.4.3-.7.3s-.5-.1-.7-.3z\" fill=\"currentColor\" \/><\/svg><\/span>\n\t\t\t\t<\/button>\n\t\t\t<\/h2>\n\t\t\t<div class=\"t2-accordion-item__inner-container is-layout-flow\" id=\"accordion-panel\" aria-labelledby=\"heldagsseminar\" role=\"region\" hidden>\n\t\t\t\t\n\n<p><em>Kapasitet sittende inntil 220 personer.<\/em><br>Vi kan tilby heldagsseminar til en hyggelig pris.<\/p>\n\n\n\n<p><strong>Programforslag<\/strong><\/p>\n\n\n\n<ul class=\"wp-block-list\">\n<li>Kl. 08.00 \u2013 Seminarstart med croissanter og frukt.<\/li>\n\n\n\n<li>Kl. 10.00 \u2013 Pause (frukt).<\/li>\n\n\n\n<li>Kl. 10.15 \u2013 Seminar fortsetter.<\/li>\n\n\n\n<li>Kl. 12.00 \u2013 Lunsj*.<\/li>\n\n\n\n<li>Kl. 12.45 \u2013 Seminar fortsetter.<\/li>\n\n\n\n<li>Kl. 14.00 \u2013 Pause (bakevarer\/frukt).<\/li>\n\n\n\n<li>Kl. 14.15 \u2013 Seminar fortsetter.<\/li>\n\n\n\n<li>Kl. 16.00 \u2013 Avslutning.<\/li>\n<\/ul>\n\n\n\n<p><strong>Pris:<\/strong>&nbsp;kr 590 per person (eks. mva.).<\/p>\n\n\n\n<p><em>Prisen inkluderer:<\/em><br>Lokaler m\/teknisk support.<br>Frukt\/bakevarer ved oppstart.<br>Frukt i pausene.<br>Varm lunsj m\/mineralvann.<br>Bakevarer etter lunsj<br>Kaffe og te gjennom hele dagen. <\/p>\n\n\n\n<p>*Til lunsj har vi flere alternativer det kan velges mellom i forkant. Mest popul\u00e6rt er husets gryterett med kylling eller okse, ris og focaccia, samt en flaske mineralvann. Vi tilbereder ogs\u00e5 vegetar og tar hensyn til innmeldte allergener. Det finnes flere alternativer til lunsj, <a href=\"https:\/\/kirkensbymisjon.no\/tilbud-byparken\/meny\/\">se v\u00e5r fristende meny<\/a>! <br><a href=\"https:\/\/kirkensbymisjon.no\/tilbud-byparken\/kontaktinformasjon\/\">Ta kontakt<\/a> for spesifikke \u00f8nsker.<\/p>\n\n\n\t\t\t<\/div>\n\t\t<\/div>\n\n<div class=\"t2-accordion-item wp-block-t2-accordion-item\" role=\"listitem\">\n\t\t\t<h2 class=\"t2-accordion-title\">\n\t\t\t\t<button type=\"button\" class=\"t2-accordion-trigger\" id=\"halvdagsseminar\" aria-controls=\"accordion-panel-1\" aria-expanded=\"false\">\n\t\t\t\t\tHalvdagsseminar\n\t\t\t\t\t<span class=\"t2-accordion-icon is-closed-icon\"><svg xmlns=\"http:\/\/www.w3.org\/2000\/svg\" viewBox=\"0 0 24 24\" height=\"24\" width=\"24\" class=\"t2-icon t2-icon-plus\" aria-hidden=\"true\" focusable=\"false\"><path d=\"M11.8 5.037a1.088 1.088 0 0 0-.722.566c-.075.148-.078.25-.078 2.772v2.619l-2.61.016c-1.867.012-2.652.03-2.756.064-.168.055-.438.301-.54.494-.049.092-.07.223-.07.432 0 .34.054.476.282.704.289.289.14.275 3.064.288l2.63.012v2.619c0 2.544.002 2.625.08 2.778.191.372.516.577.92.577s.729-.205.92-.577c.078-.153.08-.234.08-2.778v-2.619l2.63-.012c2.924-.013 2.775.001 3.064-.288.228-.228.282-.364.282-.704 0-.209-.021-.34-.07-.432-.102-.193-.372-.439-.54-.494-.104-.034-.889-.052-2.756-.064L13 10.994V8.375c0-2.522-.003-2.624-.078-2.772-.214-.418-.685-.656-1.122-.566\"\/><\/svg><\/span>\n\t\t\t\t\t<span class=\"t2-accordion-icon is-open-icon\"><svg xmlns=\"http:\/\/www.w3.org\/2000\/svg\" viewBox=\"0 0 24 24\" height=\"24\" width=\"24\" class=\"t2-icon t2-icon-chevronup\" aria-hidden=\"true\" focusable=\"false\"><path d=\"M6.7 14.7c-.2-.2-.3-.4-.3-.7s.1-.5.3-.7l4.6-4.6c.1-.1.2-.2.3-.2.1 0 .2-.1.4-.1.1 0 .3 0 .4.1.1 0 .2.1.3.2l4.6 4.6c.2.2.3.4.3.7s-.1.5-.3.7c-.2.2-.4.3-.7.3s-.5-.1-.7-.3L12 10.8l-3.9 3.9c-.2.2-.4.3-.7.3s-.5-.1-.7-.3z\" fill=\"currentColor\" \/><\/svg><\/span>\n\t\t\t\t<\/button>\n\t\t\t<\/h2>\n\t\t\t<div class=\"t2-accordion-item__inner-container is-layout-flow\" id=\"accordion-panel-1\" aria-labelledby=\"halvdagsseminar\" role=\"region\" hidden>\n\t\t\t\t\n\n<p><em>Kapasitet sittende inntil 220 personer<\/em>.<br>Vi kan tilby halvdagsseminar til en hyggelig pris.<br><strong><br>Programforslag<\/strong><\/p>\n\n\n\n<ul class=\"wp-block-list\">\n<li>Kl. 08.00 \u2013 Seminarstart med croissanter og frukt.<\/li>\n\n\n\n<li>Kl. 10.30 \u2013 Pause (frukt).<\/li>\n\n\n\n<li>Kl. 10.45 \u2013 Seminar fortsetter.<\/li>\n\n\n\n<li>Kl. 12.00 \u2013 Lunsj*.<\/li>\n<\/ul>\n\n\n\n<p><strong>Pris:<\/strong>&nbsp;kr 450 per person (eks. mva.).<\/p>\n\n\n\n<p><em>Prisen inkluderer:<br><\/em>Lokaler m\/teknisk support.<br>Frukt\/bakevarer ved oppstart.<br>Frukt i pausene.<br>Varm lunsj m\/mineralvann.<br>Kaffe og te gjennom hele dagen.<\/p>\n\n\n\n<p>*Til lunsj har vi flere alternativer det kan velges mellom i forkant. Mest popul\u00e6rt er husets gryterett med kylling eller okse, ris og focaccia, samt en flaske mineralvann. Vi tilbereder ogs\u00e5 vegetar og tar hensyn til innmeldte allergener. Det finnes flere alternativer til lunsj, <a href=\"https:\/\/kirkensbymisjon.no\/tilbud-byparken\/meny\/\">se v\u00e5r fristende meny<\/a>! <br><a href=\"https:\/\/kirkensbymisjon.no\/tilbud-byparken\/kontaktinformasjon\/\">Ta kontakt<\/a> for spesifikke \u00f8nsker.<\/p>\n\n\n\t\t\t<\/div>\n\t\t<\/div>\n\n<div class=\"t2-accordion-item wp-block-t2-accordion-item\" role=\"listitem\">\n\t\t\t<h2 class=\"t2-accordion-title\">\n\t\t\t\t<button type=\"button\" class=\"t2-accordion-trigger\" id=\"seminarpakke-lunsj-til-lunsj\" aria-controls=\"accordion-panel-2\" aria-expanded=\"false\">\n\t\t\t\t\tSeminarpakke lunsj til lunsj\n\t\t\t\t\t<span class=\"t2-accordion-icon is-closed-icon\"><svg xmlns=\"http:\/\/www.w3.org\/2000\/svg\" viewBox=\"0 0 24 24\" height=\"24\" width=\"24\" class=\"t2-icon t2-icon-plus\" aria-hidden=\"true\" focusable=\"false\"><path d=\"M11.8 5.037a1.088 1.088 0 0 0-.722.566c-.075.148-.078.25-.078 2.772v2.619l-2.61.016c-1.867.012-2.652.03-2.756.064-.168.055-.438.301-.54.494-.049.092-.07.223-.07.432 0 .34.054.476.282.704.289.289.14.275 3.064.288l2.63.012v2.619c0 2.544.002 2.625.08 2.778.191.372.516.577.92.577s.729-.205.92-.577c.078-.153.08-.234.08-2.778v-2.619l2.63-.012c2.924-.013 2.775.001 3.064-.288.228-.228.282-.364.282-.704 0-.209-.021-.34-.07-.432-.102-.193-.372-.439-.54-.494-.104-.034-.889-.052-2.756-.064L13 10.994V8.375c0-2.522-.003-2.624-.078-2.772-.214-.418-.685-.656-1.122-.566\"\/><\/svg><\/span>\n\t\t\t\t\t<span class=\"t2-accordion-icon is-open-icon\"><svg xmlns=\"http:\/\/www.w3.org\/2000\/svg\" viewBox=\"0 0 24 24\" height=\"24\" width=\"24\" class=\"t2-icon t2-icon-chevronup\" aria-hidden=\"true\" focusable=\"false\"><path d=\"M6.7 14.7c-.2-.2-.3-.4-.3-.7s.1-.5.3-.7l4.6-4.6c.1-.1.2-.2.3-.2.1 0 .2-.1.4-.1.1 0 .3 0 .4.1.1 0 .2.1.3.2l4.6 4.6c.2.2.3.4.3.7s-.1.5-.3.7c-.2.2-.4.3-.7.3s-.5-.1-.7-.3L12 10.8l-3.9 3.9c-.2.2-.4.3-.7.3s-.5-.1-.7-.3z\" fill=\"currentColor\" \/><\/svg><\/span>\n\t\t\t\t<\/button>\n\t\t\t<\/h2>\n\t\t\t<div class=\"t2-accordion-item__inner-container is-layout-flow\" id=\"accordion-panel-2\" aria-labelledby=\"seminarpakke-lunsj-til-lunsj\" role=\"region\" hidden>\n\t\t\t\t\n\n<p><em>Inkludert hotellopphold for inntil 80 personer.<br><\/em>Dette er en popul\u00e6r seminarpakke som inkluderer hotellopphold og festaften med underholdning.<\/p>\n\n\n\n<p><strong>Ankomstdag<\/strong><\/p>\n\n\n\n<ul class=\"wp-block-list\">\n<li>Kl. 11.30 \u2013 Lunsj <br>(gryterett med kylling eller okse, ris, salat, focaccia og mineralvann).<\/li>\n\n\n\n<li>Kl. 12.30 \u2013 Seminarstart.<\/li>\n\n\n\n<li>Kl. 14.00 \u2013 Pause (bakevarer\/frukt).<\/li>\n\n\n\n<li>Kl. 14.15 \u2013 Seminar fortsetter.<\/li>\n\n\n\n<li>Kl. 16.00 \u2013 Innsjekk hotell.<\/li>\n\n\n\n<li>Kl. 21.00 \u2013 Festaften Byparken*.<\/li>\n<\/ul>\n\n\n\n<p><strong>Neste dag<\/strong><\/p>\n\n\n\n<ul class=\"wp-block-list\">\n<li>Kl. 09:00 \u2013 Seminarstart.<\/li>\n\n\n\n<li>Kl. 10:30 \u2013 Pause (frukt).<\/li>\n\n\n\n<li>Kl. 10:45 \u2013 Seminar fortsetter.<\/li>\n\n\n\n<li>Kl. 12:00 \u2013 Lunsj\/avslutning.<\/li>\n<\/ul>\n\n\n\n<p><strong>Pris:<\/strong> kr 2.950 per person (ekskl. mva.).<\/p>\n\n\n\n<p><em>Prisen inkluderer:<\/em><br>Hotellopphold.<br>Lokaler m\/teknisk support.<br>Mat<br>Kaffe og te gjennom hele seminaret.<\/p>\n\n\n\n<p>*) P\u00e5 festaften serveres tapas til middag. Underholdning er DJ med lysmann. <br>\u00d8nskes annen mat eller andre artister som; Henning Kvitnes, Ole Evenrud eller andre, <a href=\"https:\/\/kirkensbymisjon.no\/tilbud-byparken\/kontaktinformasjon\/\">ta kontakt<\/a> for en hyggelig pris. Alkoholservering under festaften gj\u00f8res gjennom en av v\u00e5re samarbeidspartnere.<\/p>\n\n\n\t\t\t<\/div>\n\t\t<\/div>\n<\/div>\n\n\n<h2 class=\"wp-block-heading\" id=\"h-utleie-kun-lokaler\"><strong>Utleie \u2013 kun lokaler<\/strong><\/h2>\n\n\n<div class=\"t2-accordion wp-block-t2-accordion\" data-allow-multiple=\"1\" role=\"list\">\n<div class=\"t2-accordion-item wp-block-t2-accordion-item\" role=\"listitem\">\n\t\t\t<h2 class=\"t2-accordion-title\">\n\t\t\t\t<button type=\"button\" class=\"t2-accordion-trigger\" id=\"prisliste\" aria-controls=\"accordion-panel-3\" aria-expanded=\"false\">\n\t\t\t\t\tPrisliste\n\t\t\t\t\t<span class=\"t2-accordion-icon is-closed-icon\"><svg xmlns=\"http:\/\/www.w3.org\/2000\/svg\" viewBox=\"0 0 24 24\" height=\"24\" width=\"24\" class=\"t2-icon t2-icon-plus\" aria-hidden=\"true\" focusable=\"false\"><path d=\"M11.8 5.037a1.088 1.088 0 0 0-.722.566c-.075.148-.078.25-.078 2.772v2.619l-2.61.016c-1.867.012-2.652.03-2.756.064-.168.055-.438.301-.54.494-.049.092-.07.223-.07.432 0 .34.054.476.282.704.289.289.14.275 3.064.288l2.63.012v2.619c0 2.544.002 2.625.08 2.778.191.372.516.577.92.577s.729-.205.92-.577c.078-.153.08-.234.08-2.778v-2.619l2.63-.012c2.924-.013 2.775.001 3.064-.288.228-.228.282-.364.282-.704 0-.209-.021-.34-.07-.432-.102-.193-.372-.439-.54-.494-.104-.034-.889-.052-2.756-.064L13 10.994V8.375c0-2.522-.003-2.624-.078-2.772-.214-.418-.685-.656-1.122-.566\"\/><\/svg><\/span>\n\t\t\t\t\t<span class=\"t2-accordion-icon is-open-icon\"><svg xmlns=\"http:\/\/www.w3.org\/2000\/svg\" viewBox=\"0 0 24 24\" height=\"24\" width=\"24\" class=\"t2-icon t2-icon-chevronup\" aria-hidden=\"true\" focusable=\"false\"><path d=\"M6.7 14.7c-.2-.2-.3-.4-.3-.7s.1-.5.3-.7l4.6-4.6c.1-.1.2-.2.3-.2.1 0 .2-.1.4-.1.1 0 .3 0 .4.1.1 0 .2.1.3.2l4.6 4.6c.2.2.3.4.3.7s-.1.5-.3.7c-.2.2-.4.3-.7.3s-.5-.1-.7-.3L12 10.8l-3.9 3.9c-.2.2-.4.3-.7.3s-.5-.1-.7-.3z\" fill=\"currentColor\" \/><\/svg><\/span>\n\t\t\t\t<\/button>\n\t\t\t<\/h2>\n\t\t\t<div class=\"t2-accordion-item__inner-container is-layout-flow\" id=\"accordion-panel-3\" aria-labelledby=\"prisliste\" role=\"region\" hidden>\n\t\t\t\t\n\n<p>Vi kan tilby f\u00f8lgende priser for leie av Byparken.<br>Alle priser er inkludert renhold og eks. mva.<br>Det er ikke mva. p\u00e5 leie av lokaler til private arrangementer.<\/p>\n\n\n\n<ul class=\"wp-block-list\">\n<li>kr 12.500 \u2013 1\/2 dag fra kl. 08.00\u201312.00.<\/li>\n\n\n\n<li>kr 12.500 \u2013 1\/2 dag fra kl. 12.00\u201316.00.<\/li>\n\n\n\n<li>kr 17.500 \u2013 1 dag fra kl. 08.00\u201316.00.<\/li>\n\n\n\n<li>kr 15.000 \u2013 kveld fra kl. 18.00\u201322.00.<\/li>\n\n\n\n<li>kr 10.000 \u2013 kveld kulturarrangementer.<\/li>\n\n\n\n<li>kr 10.000 \u2013 fredag, l\u00f8rdag eller s\u00f8ndag (kulturarrangementer).<\/li>\n\n\n\n<li>kr 30.000 \u2013 helg festligheter (fredag kl. 16.00\u2013s\u00f8ndag kl. 14.00).<\/li>\n<\/ul>\n\n\n\n<p>Bord og stoler rigges av leietaker.<\/p>\n\n\n\t\t\t<\/div>\n\t\t<\/div>\n\n<div class=\"t2-accordion-item wp-block-t2-accordion-item\" role=\"listitem\">\n\t\t\t<h2 class=\"t2-accordion-title\">\n\t\t\t\t<button type=\"button\" class=\"t2-accordion-trigger\" id=\"annet\" aria-controls=\"accordion-panel-4\" aria-expanded=\"false\">\n\t\t\t\t\tAnnet\n\t\t\t\t\t<span class=\"t2-accordion-icon is-closed-icon\"><svg xmlns=\"http:\/\/www.w3.org\/2000\/svg\" viewBox=\"0 0 24 24\" height=\"24\" width=\"24\" class=\"t2-icon t2-icon-plus\" aria-hidden=\"true\" focusable=\"false\"><path d=\"M11.8 5.037a1.088 1.088 0 0 0-.722.566c-.075.148-.078.25-.078 2.772v2.619l-2.61.016c-1.867.012-2.652.03-2.756.064-.168.055-.438.301-.54.494-.049.092-.07.223-.07.432 0 .34.054.476.282.704.289.289.14.275 3.064.288l2.63.012v2.619c0 2.544.002 2.625.08 2.778.191.372.516.577.92.577s.729-.205.92-.577c.078-.153.08-.234.08-2.778v-2.619l2.63-.012c2.924-.013 2.775.001 3.064-.288.228-.228.282-.364.282-.704 0-.209-.021-.34-.07-.432-.102-.193-.372-.439-.54-.494-.104-.034-.889-.052-2.756-.064L13 10.994V8.375c0-2.522-.003-2.624-.078-2.772-.214-.418-.685-.656-1.122-.566\"\/><\/svg><\/span>\n\t\t\t\t\t<span class=\"t2-accordion-icon is-open-icon\"><svg xmlns=\"http:\/\/www.w3.org\/2000\/svg\" viewBox=\"0 0 24 24\" height=\"24\" width=\"24\" class=\"t2-icon t2-icon-chevronup\" aria-hidden=\"true\" focusable=\"false\"><path d=\"M6.7 14.7c-.2-.2-.3-.4-.3-.7s.1-.5.3-.7l4.6-4.6c.1-.1.2-.2.3-.2.1 0 .2-.1.4-.1.1 0 .3 0 .4.1.1 0 .2.1.3.2l4.6 4.6c.2.2.3.4.3.7s-.1.5-.3.7c-.2.2-.4.3-.7.3s-.5-.1-.7-.3L12 10.8l-3.9 3.9c-.2.2-.4.3-.7.3s-.5-.1-.7-.3z\" fill=\"currentColor\" \/><\/svg><\/span>\n\t\t\t\t<\/button>\n\t\t\t<\/h2>\n\t\t\t<div class=\"t2-accordion-item__inner-container is-layout-flow\" id=\"accordion-panel-4\" aria-labelledby=\"annet\" role=\"region\" hidden>\n\t\t\t\t\n\n<ul class=\"wp-block-list\">\n<li>kr 450 \u2013 5 liter kaffe<\/li>\n\n\n\n<li>kr 180 \u2013 duker runde bord<\/li>\n\n\n\n<li>kr 800 \u2013 s\u00f8ppel i kontainer<\/li>\n\n\n\n<li>kr 2.500 \u2013 opp-\/nedrigg av bord\/stoler<\/li>\n<\/ul>\n\n\n\t\t\t<\/div>\n\t\t<\/div>\n<\/div>\n\n\n<h2 class=\"wp-block-heading\" id=\"h-tekniske-spesifikasjoner\"><strong>Tekniske spesifikasjoner<\/strong><\/h2>\n\n\n<div class=\"t2-accordion wp-block-t2-accordion\" data-allow-multiple=\"1\" role=\"list\">\n<div class=\"t2-accordion-item wp-block-t2-accordion-item\" role=\"listitem\">\n\t\t\t<h2 class=\"t2-accordion-title\">\n\t\t\t\t<button type=\"button\" class=\"t2-accordion-trigger\" id=\"storsalen\" aria-controls=\"accordion-panel-5\" aria-expanded=\"false\">\n\t\t\t\t\tStorsalen\n\t\t\t\t\t<span class=\"t2-accordion-icon is-closed-icon\"><svg xmlns=\"http:\/\/www.w3.org\/2000\/svg\" viewBox=\"0 0 24 24\" height=\"24\" width=\"24\" class=\"t2-icon t2-icon-plus\" aria-hidden=\"true\" focusable=\"false\"><path d=\"M11.8 5.037a1.088 1.088 0 0 0-.722.566c-.075.148-.078.25-.078 2.772v2.619l-2.61.016c-1.867.012-2.652.03-2.756.064-.168.055-.438.301-.54.494-.049.092-.07.223-.07.432 0 .34.054.476.282.704.289.289.14.275 3.064.288l2.63.012v2.619c0 2.544.002 2.625.08 2.778.191.372.516.577.92.577s.729-.205.92-.577c.078-.153.08-.234.08-2.778v-2.619l2.63-.012c2.924-.013 2.775.001 3.064-.288.228-.228.282-.364.282-.704 0-.209-.021-.34-.07-.432-.102-.193-.372-.439-.54-.494-.104-.034-.889-.052-2.756-.064L13 10.994V8.375c0-2.522-.003-2.624-.078-2.772-.214-.418-.685-.656-1.122-.566\"\/><\/svg><\/span>\n\t\t\t\t\t<span class=\"t2-accordion-icon is-open-icon\"><svg xmlns=\"http:\/\/www.w3.org\/2000\/svg\" viewBox=\"0 0 24 24\" height=\"24\" width=\"24\" class=\"t2-icon t2-icon-chevronup\" aria-hidden=\"true\" focusable=\"false\"><path d=\"M6.7 14.7c-.2-.2-.3-.4-.3-.7s.1-.5.3-.7l4.6-4.6c.1-.1.2-.2.3-.2.1 0 .2-.1.4-.1.1 0 .3 0 .4.1.1 0 .2.1.3.2l4.6 4.6c.2.2.3.4.3.7s-.1.5-.3.7c-.2.2-.4.3-.7.3s-.5-.1-.7-.3L12 10.8l-3.9 3.9c-.2.2-.4.3-.7.3s-.5-.1-.7-.3z\" fill=\"currentColor\" \/><\/svg><\/span>\n\t\t\t\t<\/button>\n\t\t\t<\/h2>\n\t\t\t<div class=\"t2-accordion-item__inner-container is-layout-flow\" id=\"accordion-panel-5\" aria-labelledby=\"storsalen\" role=\"region\" hidden>\n\t\t\t\t\n\n<ul class=\"wp-block-list\">\n<li>Scene p\u00e5 8 x 4 meter \u2013 kan bygges ut.<\/li>\n\n\n\n<li><strong>Crestron <\/strong>ber\u00f8ringsskjerm for styring av lyd, lys og skjermer.<\/li>\n\n\n\n<li>3 stk. \u2013 <strong>Kingpin<\/strong> 16:9, 117&#8243; \u2013 Motorisert <strong>lerret\/skjerm<\/strong><\/li>\n\n\n\n<li>3 stk. \u2013 <strong>Shure <\/strong>ULXD1-H51 \u2013 Tr\u00e5dl\u00f8s <strong>mygg<\/strong><br>1 stk. \u2013 <strong>Shure<\/strong> \u2013 Tr\u00e5dl\u00f8s <strong>mikrofon <\/strong><br>Det er ogs\u00e5 2 ekstra tr\u00e5dl\u00f8se mikrofoner tilgjengelig.<\/li>\n\n\n\n<li>1 stk. \u2013 <strong>Nexo<\/strong> NXAMP4x4MK2, 4 x 4500 Watt \u2013 <strong>Forsterker<\/strong><\/li>\n\n\n\n<li>4 stk. \u2013 <strong>Nexo <\/strong>LS18, 18&#8243; \u2013 <strong>Subwoofer<\/strong><br>6 stk. \u2013 <strong>Nexo <\/strong>GEO M1012 Touring \u2013 Line array element (<strong>H\u00f8yttaler<\/strong>)<br>2 stk. \u2013 <strong>Nexo <\/strong>GEO M1025 Touring \u2013 Line array element (<strong>H\u00f8yttaler<\/strong>)<\/li>\n\n\n\n<li>Flott lysanlegg med kraftfulle lasere (m\u00e5 styres av lysmann).<\/li>\n\n\n\n<li>Sort, innebygget <strong>Roland <\/strong>elektrisk piano st\u00e5r ogs\u00e5 til disposisjon.<\/li>\n<\/ul>\n\n\n\t\t\t<\/div>\n\t\t<\/div>\n\n<div class=\"t2-accordion-item wp-block-t2-accordion-item\" role=\"listitem\">\n\t\t\t<h2 class=\"t2-accordion-title\">\n\t\t\t\t<button type=\"button\" class=\"t2-accordion-trigger\" id=\"lillesalen\" aria-controls=\"accordion-panel-6\" aria-expanded=\"false\">\n\t\t\t\t\tLillesalen\n\t\t\t\t\t<span class=\"t2-accordion-icon is-closed-icon\"><svg xmlns=\"http:\/\/www.w3.org\/2000\/svg\" viewBox=\"0 0 24 24\" height=\"24\" width=\"24\" class=\"t2-icon t2-icon-plus\" aria-hidden=\"true\" focusable=\"false\"><path d=\"M11.8 5.037a1.088 1.088 0 0 0-.722.566c-.075.148-.078.25-.078 2.772v2.619l-2.61.016c-1.867.012-2.652.03-2.756.064-.168.055-.438.301-.54.494-.049.092-.07.223-.07.432 0 .34.054.476.282.704.289.289.14.275 3.064.288l2.63.012v2.619c0 2.544.002 2.625.08 2.778.191.372.516.577.92.577s.729-.205.92-.577c.078-.153.08-.234.08-2.778v-2.619l2.63-.012c2.924-.013 2.775.001 3.064-.288.228-.228.282-.364.282-.704 0-.209-.021-.34-.07-.432-.102-.193-.372-.439-.54-.494-.104-.034-.889-.052-2.756-.064L13 10.994V8.375c0-2.522-.003-2.624-.078-2.772-.214-.418-.685-.656-1.122-.566\"\/><\/svg><\/span>\n\t\t\t\t\t<span class=\"t2-accordion-icon is-open-icon\"><svg xmlns=\"http:\/\/www.w3.org\/2000\/svg\" viewBox=\"0 0 24 24\" height=\"24\" width=\"24\" class=\"t2-icon t2-icon-chevronup\" aria-hidden=\"true\" focusable=\"false\"><path d=\"M6.7 14.7c-.2-.2-.3-.4-.3-.7s.1-.5.3-.7l4.6-4.6c.1-.1.2-.2.3-.2.1 0 .2-.1.4-.1.1 0 .3 0 .4.1.1 0 .2.1.3.2l4.6 4.6c.2.2.3.4.3.7s-.1.5-.3.7c-.2.2-.4.3-.7.3s-.5-.1-.7-.3L12 10.8l-3.9 3.9c-.2.2-.4.3-.7.3s-.5-.1-.7-.3z\" fill=\"currentColor\" \/><\/svg><\/span>\n\t\t\t\t<\/button>\n\t\t\t<\/h2>\n\t\t\t<div class=\"t2-accordion-item__inner-container is-layout-flow\" id=\"accordion-panel-6\" aria-labelledby=\"lillesalen\" role=\"region\" hidden>\n\t\t\t\t\n\n<ul class=\"wp-block-list\">\n<li>Kaffebar med kraftfulle traktere.<\/li>\n\n\n\n<li><em>Garderobekapasitet til 250 personer.<\/em><\/li>\n\n\n\n<li>Det finnes ogs\u00e5 moderne tilberedningskj\u00f8kken med to komfyrer, to industri-oppvaskmaskiner, dekket\u00f8y til 250 personer og god kj\u00f8lekapasitet.<\/li>\n<\/ul>\n\n\n\t\t\t<\/div>\n\t\t<\/div>\n<\/div>","protected":false},"excerpt":{"rendered":"<p>Seminarpakker Utleie \u2013 kun lokaler Tekniske spesifikasjoner<\/p>\n","protected":false},"author":5,"featured_media":0,"parent":0,"menu_order":0,"comment_status":"closed","ping_status":"closed","template":"","meta":{"_relevanssi_hide_post":"","_relevanssi_hide_content":"","_relevanssi_pin_for_all":"","_relevanssi_pin_keywords":"","_relevanssi_unpin_keywords":"","_relevanssi_related_keywords":"","_relevanssi_related_include_ids":"","_relevanssi_related_exclude_ids":"","_relevanssi_related_no_append":"","_relevanssi_related_not_related":"","_relevanssi_related_posts":"1","_relevanssi_noindex_reason":"","editor_notices":[],"footnotes":""},"class_list":["post-61","page","type-page","status-publish","hentry"],"yoast_head":"<!-- This site is optimized with the Yoast SEO Premium plugin v27.2 (Yoast SEO v27.2) - https:\/\/yoast.com\/product\/yoast-seo-premium-wordpress\/ -->\n<title>Utleie - Byparken<\/title>\n<meta name=\"robots\" content=\"index, follow, max-snippet:-1, max-image-preview:large, max-video-preview:-1\" \/>\n<link rel=\"canonical\" href=\"https:\/\/kirkensbymisjon.no\/tilbud-byparken\/utleie\/\" \/>\n<meta property=\"og:locale\" content=\"nb_NO\" \/>\n<meta property=\"og:type\" content=\"article\" \/>\n<meta property=\"og:title\" content=\"Utleie\" \/>\n<meta property=\"og:description\" content=\"Seminarpakker Utleie \u2013 kun lokaler Tekniske spesifikasjoner\" \/>\n<meta property=\"og:url\" content=\"https:\/\/kirkensbymisjon.no\/tilbud-byparken\/utleie\/\" \/>\n<meta property=\"og:site_name\" content=\"Byparken\" \/>\n<meta property=\"article:modified_time\" content=\"2026-02-03T10:58:07+00:00\" \/>\n<meta name=\"twitter:card\" content=\"summary_large_image\" \/>\n<meta name=\"twitter:label1\" content=\"Ansl. lesetid\" \/>\n\t<meta name=\"twitter:data1\" content=\"4 minutter\" \/>\n<script type=\"application\/ld+json\" class=\"yoast-schema-graph\">{\"@context\":\"https:\/\/schema.org\",\"@graph\":[{\"@type\":\"WebPage\",\"@id\":\"https:\/\/kirkensbymisjon.no\/tilbud-byparken\/utleie\/\",\"url\":\"https:\/\/kirkensbymisjon.no\/tilbud-byparken\/utleie\/\",\"name\":\"Utleie - Byparken\",\"isPartOf\":{\"@id\":\"https:\/\/kirkensbymisjon.no\/tilbud-byparken\/#website\"},\"datePublished\":\"2024-09-28T18:17:05+00:00\",\"dateModified\":\"2026-02-03T10:58:07+00:00\",\"breadcrumb\":{\"@id\":\"https:\/\/kirkensbymisjon.no\/tilbud-byparken\/utleie\/#breadcrumb\"},\"inLanguage\":\"nb-NO\",\"potentialAction\":[{\"@type\":\"ReadAction\",\"target\":[\"https:\/\/kirkensbymisjon.no\/tilbud-byparken\/utleie\/\"]}]},{\"@type\":\"BreadcrumbList\",\"@id\":\"https:\/\/kirkensbymisjon.no\/tilbud-byparken\/utleie\/#breadcrumb\",\"itemListElement\":[{\"@type\":\"ListItem\",\"position\":1,\"name\":\"Hjem\",\"item\":\"https:\/\/kirkensbymisjon.no\/tilbud-byparken\/\"},{\"@type\":\"ListItem\",\"position\":2,\"name\":\"Utleie\"}]},{\"@type\":\"WebSite\",\"@id\":\"https:\/\/kirkensbymisjon.no\/tilbud-byparken\/#website\",\"url\":\"https:\/\/kirkensbymisjon.no\/tilbud-byparken\/\",\"name\":\"Byparken\",\"description\":\"\",\"potentialAction\":[{\"@type\":\"SearchAction\",\"target\":{\"@type\":\"EntryPoint\",\"urlTemplate\":\"https:\/\/kirkensbymisjon.no\/tilbud-byparken\/?s={search_term_string}\"},\"query-input\":{\"@type\":\"PropertyValueSpecification\",\"valueRequired\":true,\"valueName\":\"search_term_string\"}}],\"inLanguage\":\"nb-NO\"}]}<\/script>\n<!-- \/ Yoast SEO Premium plugin. -->","yoast_head_json":{"title":"Utleie - Byparken","robots":{"index":"index","follow":"follow","max-snippet":"max-snippet:-1","max-image-preview":"max-image-preview:large","max-video-preview":"max-video-preview:-1"},"canonical":"https:\/\/kirkensbymisjon.no\/tilbud-byparken\/utleie\/","og_locale":"nb_NO","og_type":"article","og_title":"Utleie","og_description":"Seminarpakker Utleie \u2013 kun lokaler Tekniske spesifikasjoner","og_url":"https:\/\/kirkensbymisjon.no\/tilbud-byparken\/utleie\/","og_site_name":"Byparken","article_modified_time":"2026-02-03T10:58:07+00:00","twitter_card":"summary_large_image","twitter_misc":{"Ansl. lesetid":"4 minutter"},"schema":{"@context":"https:\/\/schema.org","@graph":[{"@type":"WebPage","@id":"https:\/\/kirkensbymisjon.no\/tilbud-byparken\/utleie\/","url":"https:\/\/kirkensbymisjon.no\/tilbud-byparken\/utleie\/","name":"Utleie - Byparken","isPartOf":{"@id":"https:\/\/kirkensbymisjon.no\/tilbud-byparken\/#website"},"datePublished":"2024-09-28T18:17:05+00:00","dateModified":"2026-02-03T10:58:07+00:00","breadcrumb":{"@id":"https:\/\/kirkensbymisjon.no\/tilbud-byparken\/utleie\/#breadcrumb"},"inLanguage":"nb-NO","potentialAction":[{"@type":"ReadAction","target":["https:\/\/kirkensbymisjon.no\/tilbud-byparken\/utleie\/"]}]},{"@type":"BreadcrumbList","@id":"https:\/\/kirkensbymisjon.no\/tilbud-byparken\/utleie\/#breadcrumb","itemListElement":[{"@type":"ListItem","position":1,"name":"Hjem","item":"https:\/\/kirkensbymisjon.no\/tilbud-byparken\/"},{"@type":"ListItem","position":2,"name":"Utleie"}]},{"@type":"WebSite","@id":"https:\/\/kirkensbymisjon.no\/tilbud-byparken\/#website","url":"https:\/\/kirkensbymisjon.no\/tilbud-byparken\/","name":"Byparken","description":"","potentialAction":[{"@type":"SearchAction","target":{"@type":"EntryPoint","urlTemplate":"https:\/\/kirkensbymisjon.no\/tilbud-byparken\/?s={search_term_string}"},"query-input":{"@type":"PropertyValueSpecification","valueRequired":true,"valueName":"search_term_string"}}],"inLanguage":"nb-NO"}]}},"_links":{"self":[{"href":"https:\/\/kirkensbymisjon.no\/tilbud-byparken\/wp-json\/wp\/v2\/pages\/61","targetHints":{"allow":["GET"]}}],"collection":[{"href":"https:\/\/kirkensbymisjon.no\/tilbud-byparken\/wp-json\/wp\/v2\/pages"}],"about":[{"href":"https:\/\/kirkensbymisjon.no\/tilbud-byparken\/wp-json\/wp\/v2\/types\/page"}],"author":[{"embeddable":true,"href":"https:\/\/kirkensbymisjon.no\/tilbud-byparken\/wp-json\/wp\/v2\/users\/5"}],"replies":[{"embeddable":true,"href":"https:\/\/kirkensbymisjon.no\/tilbud-byparken\/wp-json\/wp\/v2\/comments?post=61"}],"version-history":[{"count":5,"href":"https:\/\/kirkensbymisjon.no\/tilbud-byparken\/wp-json\/wp\/v2\/pages\/61\/revisions"}],"predecessor-version":[{"id":208,"href":"https:\/\/kirkensbymisjon.no\/tilbud-byparken\/wp-json\/wp\/v2\/pages\/61\/revisions\/208"}],"wp:attachment":[{"href":"https:\/\/kirkensbymisjon.no\/tilbud-byparken\/wp-json\/wp\/v2\/media?parent=61"}],"curies":[{"name":"wp","href":"https:\/\/api.w.org\/{rel}","templated":true}]}}