{"id":3,"date":"2024-06-19T16:06:43","date_gmt":"2024-06-19T14:06:43","guid":{"rendered":"https:\/\/kirkensbymisjon.no\/tilbud-retro-ullverksted\/forside\/"},"modified":"2025-11-07T13:15:44","modified_gmt":"2025-11-07T12:15:44","slug":"forside","status":"publish","type":"page","link":"https:\/\/kirkensbymisjon.no\/tilbud-byverkstedet-bergen\/","title":{"rendered":"Forside"},"content":{"rendered":"\n<div class=\"wp-block-media-text alignwide is-stacked-on-mobile is-style-filled\"><figure class=\"wp-block-media-text__media\"><img loading=\"lazy\" decoding=\"async\" width=\"1024\" height=\"1024\" src=\"https:\/\/kirkensbymisjon.no\/content\/uploads\/sites\/63\/2025\/11\/Tilbud_Byverkstedet-Bergen_02-1024x1024.jpg\" alt=\"R\u00f8d n\u00f8kkelring formet som hus\" class=\"wp-image-70 size-full\" srcset=\"https:\/\/kirkensbymisjon.no\/content\/uploads\/sites\/63\/2025\/11\/Tilbud_Byverkstedet-Bergen_02-1024x1024.jpg 1024w, https:\/\/kirkensbymisjon.no\/content\/uploads\/sites\/63\/2025\/11\/Tilbud_Byverkstedet-Bergen_02-300x300.jpg 300w, https:\/\/kirkensbymisjon.no\/content\/uploads\/sites\/63\/2025\/11\/Tilbud_Byverkstedet-Bergen_02-150x150.jpg 150w, https:\/\/kirkensbymisjon.no\/content\/uploads\/sites\/63\/2025\/11\/Tilbud_Byverkstedet-Bergen_02-768x768.jpg 768w, https:\/\/kirkensbymisjon.no\/content\/uploads\/sites\/63\/2025\/11\/Tilbud_Byverkstedet-Bergen_02-1536x1536.jpg 1536w, https:\/\/kirkensbymisjon.no\/content\/uploads\/sites\/63\/2025\/11\/Tilbud_Byverkstedet-Bergen_02-2048x2048.jpg 2048w\" sizes=\"auto, (max-width: 1024px) 100vw, 1024px\" \/><\/figure><div class=\"wp-block-media-text__content\">\n<h2 class=\"wp-block-heading\" id=\"h-byverkstedet-er-et-kreativt-arbeidsfellesskap\">Byverkstedet er et kreativt arbeidsfellesskap<\/h2>\n\n\n\n<p>Gjennom arenaene <a href=\"https:\/\/kirkensbymisjon.no\/tilbud-retro-ullverksted\/hva-vi-tilbyr\/\">Loftet, Stuen og butikken<\/a> f\u00e5r mennesker som st\u00e5r utenfor det ordin\u00e6re arbeidslivet mulighet til \u00e5 jobbe med praktisk og skapende arbeid, i trygge og inkluderende omgivelser. Vi driver ogs\u00e5 med <a href=\"https:\/\/kirkensbymisjon.no\/tilbud-byverkstedet-bergen\/om-byverkstedet\/\">arbeidsforberedende trening<\/a> (AFT).<\/p>\n\n\n\n<p><strong>Lurer du p\u00e5 noe?<\/strong> <a href=\"https:\/\/kirkensbymisjon.no\/tilbud-byverkstedet-bergen\/kontaktinformasjon\/\">Ta kontakt<\/a> eller kom innom for en prat!<\/p>\n<\/div><\/div>\n\n\n\t<div class=\"alignwide wp-block-kbm-link-list\">\n\t\t<div class=\"kbm-link-list__items\">\n\t\t\t\n<div class=\"wp-block-kbm-link-list-item\">\t<svg xmlns=\"http:\/\/www.w3.org\/2000\/svg\" viewBox=\"0 0 48 48\" height=\"24\" width=\"24\" class=\"t2-icon t2-icon-volunteering\" aria-hidden=\"true\" focusable=\"false\"><path d=\"M23.33 1.157c-.459.164-.862.527-1.11 1.001l-.22.42v9.211c0 10.395.045 9.659-.603 9.883-.286.098-.356.096-.601-.02-.55-.261-.512.307-.556-8.212-.044-8.585-.004-7.999-.593-8.588-.506-.505-.872-.65-1.647-.65-.55 0-.744.034-1.015.178-.412.219-.843.653-1.039 1.046-.139.28-.148.907-.186 13.494l-.04 13.2-2.888-4.321c-3.002-4.493-3.036-4.536-3.788-4.84-.357-.145-1.245-.13-1.604.026-.899.391-1.4 1.126-1.4 2.055 0 .605.105.842.971 2.201.826 1.295 1.75 3.04 2.71 5.119 1.268 2.745 2.467 5.172 2.981 6.034 2.373 3.98 5.378 5.888 10.151 6.446 1.014.119 3.559.163 4.113.071l.286-.047-3.126-3.048c-1.719-1.675-3.315-3.265-3.546-3.531-.922-1.066-1.411-2.4-1.407-3.845.005-2.62 1.651-4.838 4.227-5.698.58-.193.756-.214 1.88-.218 1.081-.003 1.317.02 1.84.182 1.024.318 1.849.825 2.736 1.681l.456.441.595-.565c1.254-1.192 2.72-1.781 4.436-1.782 1.081-.002 2.292.349 3.19.924l.427.273v-9.73c0-7.226-.024-9.81-.094-10.043-.12-.402-.632-.984-1.056-1.201-.398-.204-1.304-.281-1.783-.152a2.142 2.142 0 0 0-1.345 1.082l-.242.474-.04 6.593-.04 6.593-.19.154c-.427.346-.973.276-1.269-.162l-.181-.27-.001-9.088-.001-9.088-.188-.404c-.611-1.312-2.534-1.66-3.624-.655-.682.629-.621-.199-.666 9.099-.044 9.138-.004 8.51-.556 8.772-.245.116-.315.118-.601.02-.648-.224-.603.512-.603-9.883V2.578l-.223-.427c-.25-.478-.743-.901-1.199-1.027-.418-.116-1.359-.098-1.728.033m1.372 28.611c-1.11.121-2.023.574-2.869 1.423-1.568 1.572-1.855 3.79-.735 5.679.296.499.462.666 7.001 7.043l.698.681.542-.142c3.486-.919 6.794-3.671 8.386-6.979.723-1.504 1.098-2.941 1.243-4.77.11-1.383.113-1.375-.672-1.957-1.021-.758-1.887-1.019-3.21-.968-1.505.057-2.308.439-3.687 1.75-1.07 1.018-1.083 1.019-1.983.172-.928-.873-1.305-1.166-1.862-1.445a5.097 5.097 0 0 0-2.852-.487\"\/><\/svg>\t<div class=\"kbm-link-list-item__content\">\n\t\t<p class=\"kbm-link-list-item__title\">Sosialt engasjement<\/p>\n\t\t\t\t\t<p class=\"kbm-link-list-item__description\">Gjennom h\u00e5ndverk, samarbeid og mestring skaper vi b\u00e5de hverdager og produkter med mening. Vi tilpasser arbeidet etter arbeidsevne og livssituasjon.<\/p>\n\t\t\t<\/div>\n\t<\/div>\n\n<div class=\"wp-block-kbm-link-list-item\">\t<svg xmlns=\"http:\/\/www.w3.org\/2000\/svg\" viewBox=\"0 0 48 48\" height=\"24\" width=\"24\" class=\"t2-icon t2-icon-eco\" aria-hidden=\"true\" focusable=\"false\"><path d=\"M35.08 6.091c-2.869.362-5.372 1.869-6.939 4.177-.789 1.162-1.373 2.843-1.325 3.811l.024.474.48-.306c3.121-1.986 7.201-3.356 12.16-4.082.616-.09 1.246-.159 1.4-.153.267.011.269.013.04.044-.132.018-.87.158-1.64.31-4.457.885-7.798 2.205-10.128 4.004-1.139.879-1.754 1.674-2.518 3.258-.831 1.723-1.141 2.909-1.873 7.172-.349 2.031-.698 3.68-.779 3.68-.034 0-.062-.031-.062-.07 0-.038-.088-.497-.197-1.02-.108-.522-.324-1.677-.481-2.565-.346-1.963-.581-2.802-1.05-3.745-1.562-3.139-4.348-5.186-9.312-6.843-1.801-.602-4.247-1.213-6.16-1.541-.559-.096.403-.044 1.293.07 4.833.618 9.276 2.043 12.426 3.987.69.426.721.437.782.273.081-.22-.066-1.297-.264-1.933A8.677 8.677 0 0 0 20.5 14c-1.268-2.508-3.46-4.254-6.248-4.976-.786-.204-1.133-.248-2.212-.283-2.049-.064-3.777.265-6.6 1.259-3.312 1.166-3.896 1.34-4.981 1.481l-.382.049.416.313c.873.655 1.813 1.532 3.325 3.102 2.317 2.404 3.555 3.375 5.729 4.496 1.644.847 3.154 1.397 4.373 1.594.743.12 2.106.102 2.758-.036.648-.137 1.576-.558 2.137-.97.216-.158.405-.275.419-.259.015.017.191.336.392.71.694 1.293 1.51 3.505 1.974 5.35.36 1.429.867 4.29.777 4.38-.019.019-.356.086-.748.15-1.559.252-3.036.812-4.522 1.715-2.588 1.573-4.68 4.003-5.495 6.383-.197.577-.412 1.732-.412 2.218 0 .99.696 1.825 2.087 2.504 1.61.786 3.439 1.244 6.368 1.595 1.707.204 6.983.204 8.69 0 3.907-.468 6.492-1.304 7.695-2.488.753-.743.88-1.259.643-2.617-.222-1.267-.711-2.409-1.589-3.71-.593-.878-2.308-2.612-3.214-3.25-1.795-1.264-3.631-2.047-5.509-2.35-.392-.064-.728-.13-.745-.147-.05-.05.35-2.603.66-4.213.554-2.877 1.23-5.393 1.997-7.431.238-.633.452-1.17.475-1.194.023-.023.204.074.402.217 1.524 1.094 3.714 1.264 6.181.479 2.284-.727 4.844-2.119 6.539-3.556.352-.298 1.473-1.392 2.491-2.43 1.019-1.038 2.232-2.193 2.697-2.566l.846-.679-.537-.06c-.723-.081-1.555-.326-3.728-1.096a80.54 80.54 0 0 0-2.739-.925c-2.163-.656-4.136-.882-5.83-.668m6.38 3.882a.311.311 0 0 1-.2 0c-.055-.022-.01-.04.1-.04s.155.018.1.04\"\/><\/svg>\t<div class=\"kbm-link-list-item__content\">\n\t\t<p class=\"kbm-link-list-item__title\">B\u00e6rekraft<\/p>\n\t\t\t\t\t<p class=\"kbm-link-list-item__description\">Mange produkter lages av donerte eller gjenbrukte tekstiler, og arbeidet gir rom for kreativ utfoldelse, l\u00e6ring og skaperglede.<\/p>\n\t\t\t<\/div>\n\t<\/div>\n\n<div class=\"wp-block-kbm-link-list-item\">\t<svg xmlns=\"http:\/\/www.w3.org\/2000\/svg\" viewBox=\"0 0 48 48\" height=\"24\" width=\"24\" class=\"t2-icon t2-icon-heart\" aria-hidden=\"true\" focusable=\"false\"><path d=\"M12.608 7.169c-1.695.306-3.132.959-4.579 2.081-1.894 1.468-3.293 3.755-3.79 6.194-.689 3.382.232 7.499 2.57 11.489 2.339 3.991 6.459 8.359 11.511 12.202 1.924 1.463 5.432 3.825 5.682 3.825.244 0 3.789-2.389 5.678-3.826 3.507-2.666 6.767-5.781 9.058-8.654 4.107-5.151 5.927-10.598 5.023-15.036-.867-4.255-4.231-7.559-8.431-8.282-.908-.156-2.546-.157-3.46-.001-3.228.55-6.151 2.758-7.548 5.699-.151.319-.296.58-.32.58-.025 0-.212-.333-.416-.74-1.452-2.905-4.266-4.995-7.456-5.539-.885-.151-2.667-.147-3.522.008\"\/><\/svg>\t<div class=\"kbm-link-list-item__content\">\n\t\t<p class=\"kbm-link-list-item__title\">Kvalitet<\/p>\n\t\t\t\t\t<p class=\"kbm-link-list-item__description\">Vi legger stor vekt p\u00e5 godt h\u00e5ndverk, kvalitet og design. Produktene v\u00e5re kan kj\u00f8pes i v\u00e5r egen butikk, eller Kirkens Bymisjons nettbutikk.<\/p>\n\t\t\t<\/div>\n\t<\/div>\n\t\t<\/div>\n\t<\/div>\n\t\n\n\t<div class=\"alignfull wp-block-kbm-gallery\" data-scroll=\"1\">\n\t\t<div class=\"kbm-gallery__scroll\">\n\t\t\t<div class=\"kbm-gallery__wrapper\">\n\t\t\t\t\n\n<figure class=\"wp-block-gallery has-nested-images columns-default is-cropped wp-block-gallery-1 is-layout-flex wp-block-gallery-is-layout-flex\">\n<figure class=\"wp-block-image size-large\"><img loading=\"lazy\" decoding=\"async\" width=\"1024\" height=\"1024\" data-id=\"69\" src=\"https:\/\/kirkensbymisjon.no\/content\/uploads\/sites\/63\/2025\/11\/Tilbud_Byverkstedet-Bergen_01-1024x1024.jpg\" alt=\"Glassvaser\" class=\"wp-image-69\" srcset=\"https:\/\/kirkensbymisjon.no\/content\/uploads\/sites\/63\/2025\/11\/Tilbud_Byverkstedet-Bergen_01-1024x1024.jpg 1024w, https:\/\/kirkensbymisjon.no\/content\/uploads\/sites\/63\/2025\/11\/Tilbud_Byverkstedet-Bergen_01-300x300.jpg 300w, https:\/\/kirkensbymisjon.no\/content\/uploads\/sites\/63\/2025\/11\/Tilbud_Byverkstedet-Bergen_01-150x150.jpg 150w, https:\/\/kirkensbymisjon.no\/content\/uploads\/sites\/63\/2025\/11\/Tilbud_Byverkstedet-Bergen_01-768x768.jpg 768w, https:\/\/kirkensbymisjon.no\/content\/uploads\/sites\/63\/2025\/11\/Tilbud_Byverkstedet-Bergen_01-1536x1536.jpg 1536w, https:\/\/kirkensbymisjon.no\/content\/uploads\/sites\/63\/2025\/11\/Tilbud_Byverkstedet-Bergen_01-2048x2048.jpg 2048w\" sizes=\"auto, (max-width: 1024px) 100vw, 1024px\" \/><\/figure>\n\n\n\n<figure class=\"wp-block-image size-large\"><img loading=\"lazy\" decoding=\"async\" width=\"1024\" height=\"1024\" data-id=\"71\" src=\"https:\/\/kirkensbymisjon.no\/content\/uploads\/sites\/63\/2025\/11\/Tilbud_Byverkstedet-Bergen_03-1024x1024.jpg\" alt=\"Sk\u00e5ler av glass\" class=\"wp-image-71\" srcset=\"https:\/\/kirkensbymisjon.no\/content\/uploads\/sites\/63\/2025\/11\/Tilbud_Byverkstedet-Bergen_03-1024x1024.jpg 1024w, https:\/\/kirkensbymisjon.no\/content\/uploads\/sites\/63\/2025\/11\/Tilbud_Byverkstedet-Bergen_03-300x300.jpg 300w, https:\/\/kirkensbymisjon.no\/content\/uploads\/sites\/63\/2025\/11\/Tilbud_Byverkstedet-Bergen_03-150x150.jpg 150w, https:\/\/kirkensbymisjon.no\/content\/uploads\/sites\/63\/2025\/11\/Tilbud_Byverkstedet-Bergen_03-768x768.jpg 768w, https:\/\/kirkensbymisjon.no\/content\/uploads\/sites\/63\/2025\/11\/Tilbud_Byverkstedet-Bergen_03-1536x1536.jpg 1536w, https:\/\/kirkensbymisjon.no\/content\/uploads\/sites\/63\/2025\/11\/Tilbud_Byverkstedet-Bergen_03-2048x2048.jpg 2048w\" sizes=\"auto, (max-width: 1024px) 100vw, 1024px\" \/><\/figure>\n\n\n\n<figure class=\"wp-block-image size-large\"><img loading=\"lazy\" decoding=\"async\" width=\"1024\" height=\"1024\" data-id=\"65\" src=\"https:\/\/kirkensbymisjon.no\/content\/uploads\/sites\/63\/2025\/11\/Tilbud_Byverkstedet-Bergen_04-1024x1024.jpg\" alt=\"T\u00f8yservietter\" class=\"wp-image-65\" srcset=\"https:\/\/kirkensbymisjon.no\/content\/uploads\/sites\/63\/2025\/11\/Tilbud_Byverkstedet-Bergen_04-1024x1024.jpg 1024w, https:\/\/kirkensbymisjon.no\/content\/uploads\/sites\/63\/2025\/11\/Tilbud_Byverkstedet-Bergen_04-300x300.jpg 300w, https:\/\/kirkensbymisjon.no\/content\/uploads\/sites\/63\/2025\/11\/Tilbud_Byverkstedet-Bergen_04-150x150.jpg 150w, https:\/\/kirkensbymisjon.no\/content\/uploads\/sites\/63\/2025\/11\/Tilbud_Byverkstedet-Bergen_04-768x768.jpg 768w, https:\/\/kirkensbymisjon.no\/content\/uploads\/sites\/63\/2025\/11\/Tilbud_Byverkstedet-Bergen_04-1536x1536.jpg 1536w, https:\/\/kirkensbymisjon.no\/content\/uploads\/sites\/63\/2025\/11\/Tilbud_Byverkstedet-Bergen_04-2048x2048.jpg 2048w\" sizes=\"auto, (max-width: 1024px) 100vw, 1024px\" \/><\/figure>\n\n\n\n<figure class=\"wp-block-image size-large\"><img loading=\"lazy\" decoding=\"async\" width=\"768\" height=\"1024\" data-id=\"67\" src=\"https:\/\/kirkensbymisjon.no\/content\/uploads\/sites\/63\/2025\/11\/Tilbud_Byverkstedet-Bergen_06-768x1024.jpeg\" alt=\"\" class=\"wp-image-67\" srcset=\"https:\/\/kirkensbymisjon.no\/content\/uploads\/sites\/63\/2025\/11\/Tilbud_Byverkstedet-Bergen_06-768x1024.jpeg 768w, https:\/\/kirkensbymisjon.no\/content\/uploads\/sites\/63\/2025\/11\/Tilbud_Byverkstedet-Bergen_06-225x300.jpeg 225w, https:\/\/kirkensbymisjon.no\/content\/uploads\/sites\/63\/2025\/11\/Tilbud_Byverkstedet-Bergen_06-1152x1536.jpeg 1152w, https:\/\/kirkensbymisjon.no\/content\/uploads\/sites\/63\/2025\/11\/Tilbud_Byverkstedet-Bergen_06.jpeg 1200w\" sizes=\"auto, (max-width: 768px) 100vw, 768px\" \/><\/figure>\n<\/figure>\n\n\t\t\t<\/div>\n\t\t<\/div>\n\t<\/div>\n\t\n\n\n<div class=\"wp-block-media-text alignwide is-stacked-on-mobile is-style-filled\"><figure class=\"wp-block-media-text__media\"><img decoding=\"async\" src=\"https:\/\/kirkensbymisjon.no\/content\/uploads\/2024\/09\/tilbud_verksteder_03.jpg\" alt=\"Arbeider ved I jobb, Oslo\" class=\"wp-image-2944 size-full\"\/><\/figure><div class=\"wp-block-media-text__content\">\n<h2 class=\"wp-block-heading\" id=\"h-handlagde-produkter-nbsp\"><strong>H\u00e5ndlagde produkter<\/strong>&nbsp;<\/h2>\n\n\n\n<p>Alle produktene i v\u00e5r nettbutikk er h\u00e5ndlagde p\u00e5 v\u00e5re verksteder, av mennesker som av ulike grunner faller utenfor det ordin\u00e6re arbeidsmarkedet. En&nbsp;gave fra nettbutikken er&nbsp;en gave med mening&nbsp;som gir ekstra glede hos b\u00e5de arbeider, kj\u00f8per og mottaker.&nbsp;<\/p>\n\n\n\n<p><a href=\"\/nettbutikk\">G\u00e5 til nettbutikken<\/a><\/p>\n<\/div><\/div>\n","protected":false},"excerpt":{"rendered":"<p>Byverkstedet er et kreativt arbeidsfellesskap Gjennom arenaene Loftet, Stuen og butikken f\u00e5r mennesker som st\u00e5r&hellip;<\/p>\n","protected":false},"author":2,"featured_media":4,"parent":0,"menu_order":0,"comment_status":"closed","ping_status":"closed","template":"","meta":{"_relevanssi_hide_post":"","_relevanssi_hide_content":"","_relevanssi_pin_for_all":"","_relevanssi_pin_keywords":"","_relevanssi_unpin_keywords":"","_relevanssi_related_keywords":"","_relevanssi_related_include_ids":"","_relevanssi_related_exclude_ids":"","_relevanssi_related_no_append":"","_relevanssi_related_not_related":"","_relevanssi_related_posts":"1","_relevanssi_noindex_reason":"","editor_notices":[],"footnotes":""},"class_list":["post-3","page","type-page","status-publish","has-post-thumbnail","hentry"],"yoast_head":"<!-- This site is optimized with the Yoast SEO Premium plugin v27.2 (Yoast SEO v27.2) - https:\/\/yoast.com\/product\/yoast-seo-premium-wordpress\/ -->\n<title>Kirkens Bymisjon - Byverkstedet Bergen<\/title>\n<meta name=\"description\" content=\"Arena for arbeidstrening. V\u00e5re deltakere tar del i en prosess som er kreativ, nyttig og b\u00e6rekraftig gjennom \u00e5 skape produkter av ull.\" \/>\n<meta name=\"robots\" content=\"index, follow, max-snippet:-1, max-image-preview:large, max-video-preview:-1\" \/>\n<link rel=\"canonical\" href=\"https:\/\/kirkensbymisjon.no\/tilbud-byverkstedet-bergen\/\" \/>\n<meta property=\"og:locale\" content=\"nb_NO\" \/>\n<meta property=\"og:type\" content=\"article\" \/>\n<meta property=\"og:title\" content=\"Kirkens Bymisjon - Byverkstedet Bergen\" \/>\n<meta property=\"og:description\" content=\"Arena for arbeidstrening. V\u00e5re deltakere tar del i en prosess som er kreativ, nyttig og b\u00e6rekraftig gjennom \u00e5 skape produkter av ull.\" \/>\n<meta property=\"og:url\" content=\"https:\/\/kirkensbymisjon.no\/tilbud-byverkstedet-bergen\/\" \/>\n<meta property=\"og:site_name\" content=\"Byverkstedet Bergen\" \/>\n<meta property=\"article:modified_time\" content=\"2025-11-07T12:15:44+00:00\" \/>\n<meta property=\"og:image\" content=\"https:\/\/kirkensbymisjon.no\/content\/uploads\/sites\/63\/2024\/06\/Tilbud_Retro-ullverksted_01.jpeg\" \/>\n\t<meta property=\"og:image:width\" content=\"1000\" \/>\n\t<meta property=\"og:image:height\" content=\"500\" \/>\n\t<meta property=\"og:image:type\" content=\"image\/jpeg\" \/>\n<meta name=\"twitter:card\" content=\"summary_large_image\" \/>\n<meta name=\"twitter:title\" content=\"Forside\" \/>\n<meta name=\"twitter:label1\" content=\"Ansl. lesetid\" \/>\n\t<meta name=\"twitter:data1\" content=\"2 minutter\" \/>\n<script type=\"application\/ld+json\" class=\"yoast-schema-graph\">{\"@context\":\"https:\/\/schema.org\",\"@graph\":[{\"@type\":\"WebPage\",\"@id\":\"https:\/\/kirkensbymisjon.no\/tilbud-byverkstedet-bergen\/\",\"url\":\"https:\/\/kirkensbymisjon.no\/tilbud-byverkstedet-bergen\/\",\"name\":\"Kirkens Bymisjon - Byverkstedet Bergen\",\"isPartOf\":{\"@id\":\"https:\/\/kirkensbymisjon.no\/tilbud-byverkstedet-bergen\/#website\"},\"primaryImageOfPage\":{\"@id\":\"https:\/\/kirkensbymisjon.no\/tilbud-byverkstedet-bergen\/#primaryimage\"},\"image\":{\"@id\":\"https:\/\/kirkensbymisjon.no\/tilbud-byverkstedet-bergen\/#primaryimage\"},\"thumbnailUrl\":\"https:\/\/kirkensbymisjon.no\/content\/uploads\/sites\/63\/2024\/06\/Tilbud_Retro-ullverksted_01.jpeg\",\"datePublished\":\"2024-06-19T14:06:43+00:00\",\"dateModified\":\"2025-11-07T12:15:44+00:00\",\"description\":\"Arena for arbeidstrening. V\u00e5re deltakere tar del i en prosess som er kreativ, nyttig og b\u00e6rekraftig gjennom \u00e5 skape produkter av ull.\",\"breadcrumb\":{\"@id\":\"https:\/\/kirkensbymisjon.no\/tilbud-byverkstedet-bergen\/#breadcrumb\"},\"inLanguage\":\"nb-NO\",\"potentialAction\":[{\"@type\":\"ReadAction\",\"target\":[\"https:\/\/kirkensbymisjon.no\/tilbud-byverkstedet-bergen\/\"]}]},{\"@type\":\"ImageObject\",\"inLanguage\":\"nb-NO\",\"@id\":\"https:\/\/kirkensbymisjon.no\/tilbud-byverkstedet-bergen\/#primaryimage\",\"url\":\"https:\/\/kirkensbymisjon.no\/content\/uploads\/sites\/63\/2024\/06\/Tilbud_Retro-ullverksted_01.jpeg\",\"contentUrl\":\"https:\/\/kirkensbymisjon.no\/content\/uploads\/sites\/63\/2024\/06\/Tilbud_Retro-ullverksted_01.jpeg\",\"width\":1000,\"height\":500,\"caption\":\"Deltaker i gang med en symaskin\"},{\"@type\":\"BreadcrumbList\",\"@id\":\"https:\/\/kirkensbymisjon.no\/tilbud-byverkstedet-bergen\/#breadcrumb\",\"itemListElement\":[{\"@type\":\"ListItem\",\"position\":1,\"name\":\"Hjem\",\"item\":\"https:\/\/kirkensbymisjon.no\/tilbud-byverkstedet-bergen\/\"},{\"@type\":\"ListItem\",\"position\":2,\"name\":\"Forside\"}]},{\"@type\":\"WebSite\",\"@id\":\"https:\/\/kirkensbymisjon.no\/tilbud-byverkstedet-bergen\/#website\",\"url\":\"https:\/\/kirkensbymisjon.no\/tilbud-byverkstedet-bergen\/\",\"name\":\"Byverkstedet Bergen\",\"description\":\"\",\"potentialAction\":[{\"@type\":\"SearchAction\",\"target\":{\"@type\":\"EntryPoint\",\"urlTemplate\":\"https:\/\/kirkensbymisjon.no\/tilbud-byverkstedet-bergen\/?s={search_term_string}\"},\"query-input\":{\"@type\":\"PropertyValueSpecification\",\"valueRequired\":true,\"valueName\":\"search_term_string\"}}],\"inLanguage\":\"nb-NO\"}]}<\/script>\n<!-- \/ Yoast SEO Premium plugin. -->","yoast_head_json":{"title":"Kirkens Bymisjon - Byverkstedet Bergen","description":"Arena for arbeidstrening. V\u00e5re deltakere tar del i en prosess som er kreativ, nyttig og b\u00e6rekraftig gjennom \u00e5 skape produkter av ull.","robots":{"index":"index","follow":"follow","max-snippet":"max-snippet:-1","max-image-preview":"max-image-preview:large","max-video-preview":"max-video-preview:-1"},"canonical":"https:\/\/kirkensbymisjon.no\/tilbud-byverkstedet-bergen\/","og_locale":"nb_NO","og_type":"article","og_title":"Kirkens Bymisjon - Byverkstedet Bergen","og_description":"Arena for arbeidstrening. V\u00e5re deltakere tar del i en prosess som er kreativ, nyttig og b\u00e6rekraftig gjennom \u00e5 skape produkter av ull.","og_url":"https:\/\/kirkensbymisjon.no\/tilbud-byverkstedet-bergen\/","og_site_name":"Byverkstedet Bergen","article_modified_time":"2025-11-07T12:15:44+00:00","og_image":[{"width":1000,"height":500,"url":"https:\/\/kirkensbymisjon.no\/content\/uploads\/sites\/63\/2024\/06\/Tilbud_Retro-ullverksted_01.jpeg","type":"image\/jpeg"}],"twitter_card":"summary_large_image","twitter_title":"Forside","twitter_misc":{"Ansl. lesetid":"2 minutter"},"schema":{"@context":"https:\/\/schema.org","@graph":[{"@type":"WebPage","@id":"https:\/\/kirkensbymisjon.no\/tilbud-byverkstedet-bergen\/","url":"https:\/\/kirkensbymisjon.no\/tilbud-byverkstedet-bergen\/","name":"Kirkens Bymisjon - Byverkstedet Bergen","isPartOf":{"@id":"https:\/\/kirkensbymisjon.no\/tilbud-byverkstedet-bergen\/#website"},"primaryImageOfPage":{"@id":"https:\/\/kirkensbymisjon.no\/tilbud-byverkstedet-bergen\/#primaryimage"},"image":{"@id":"https:\/\/kirkensbymisjon.no\/tilbud-byverkstedet-bergen\/#primaryimage"},"thumbnailUrl":"https:\/\/kirkensbymisjon.no\/content\/uploads\/sites\/63\/2024\/06\/Tilbud_Retro-ullverksted_01.jpeg","datePublished":"2024-06-19T14:06:43+00:00","dateModified":"2025-11-07T12:15:44+00:00","description":"Arena for arbeidstrening. V\u00e5re deltakere tar del i en prosess som er kreativ, nyttig og b\u00e6rekraftig gjennom \u00e5 skape produkter av ull.","breadcrumb":{"@id":"https:\/\/kirkensbymisjon.no\/tilbud-byverkstedet-bergen\/#breadcrumb"},"inLanguage":"nb-NO","potentialAction":[{"@type":"ReadAction","target":["https:\/\/kirkensbymisjon.no\/tilbud-byverkstedet-bergen\/"]}]},{"@type":"ImageObject","inLanguage":"nb-NO","@id":"https:\/\/kirkensbymisjon.no\/tilbud-byverkstedet-bergen\/#primaryimage","url":"https:\/\/kirkensbymisjon.no\/content\/uploads\/sites\/63\/2024\/06\/Tilbud_Retro-ullverksted_01.jpeg","contentUrl":"https:\/\/kirkensbymisjon.no\/content\/uploads\/sites\/63\/2024\/06\/Tilbud_Retro-ullverksted_01.jpeg","width":1000,"height":500,"caption":"Deltaker i gang med en symaskin"},{"@type":"BreadcrumbList","@id":"https:\/\/kirkensbymisjon.no\/tilbud-byverkstedet-bergen\/#breadcrumb","itemListElement":[{"@type":"ListItem","position":1,"name":"Hjem","item":"https:\/\/kirkensbymisjon.no\/tilbud-byverkstedet-bergen\/"},{"@type":"ListItem","position":2,"name":"Forside"}]},{"@type":"WebSite","@id":"https:\/\/kirkensbymisjon.no\/tilbud-byverkstedet-bergen\/#website","url":"https:\/\/kirkensbymisjon.no\/tilbud-byverkstedet-bergen\/","name":"Byverkstedet Bergen","description":"","potentialAction":[{"@type":"SearchAction","target":{"@type":"EntryPoint","urlTemplate":"https:\/\/kirkensbymisjon.no\/tilbud-byverkstedet-bergen\/?s={search_term_string}"},"query-input":{"@type":"PropertyValueSpecification","valueRequired":true,"valueName":"search_term_string"}}],"inLanguage":"nb-NO"}]}},"_links":{"self":[{"href":"https:\/\/kirkensbymisjon.no\/tilbud-byverkstedet-bergen\/wp-json\/wp\/v2\/pages\/3","targetHints":{"allow":["GET"]}}],"collection":[{"href":"https:\/\/kirkensbymisjon.no\/tilbud-byverkstedet-bergen\/wp-json\/wp\/v2\/pages"}],"about":[{"href":"https:\/\/kirkensbymisjon.no\/tilbud-byverkstedet-bergen\/wp-json\/wp\/v2\/types\/page"}],"author":[{"embeddable":true,"href":"https:\/\/kirkensbymisjon.no\/tilbud-byverkstedet-bergen\/wp-json\/wp\/v2\/users\/2"}],"replies":[{"embeddable":true,"href":"https:\/\/kirkensbymisjon.no\/tilbud-byverkstedet-bergen\/wp-json\/wp\/v2\/comments?post=3"}],"version-history":[{"count":5,"href":"https:\/\/kirkensbymisjon.no\/tilbud-byverkstedet-bergen\/wp-json\/wp\/v2\/pages\/3\/revisions"}],"predecessor-version":[{"id":84,"href":"https:\/\/kirkensbymisjon.no\/tilbud-byverkstedet-bergen\/wp-json\/wp\/v2\/pages\/3\/revisions\/84"}],"wp:featuredmedia":[{"embeddable":true,"href":"https:\/\/kirkensbymisjon.no\/tilbud-byverkstedet-bergen\/wp-json\/wp\/v2\/media\/4"}],"wp:attachment":[{"href":"https:\/\/kirkensbymisjon.no\/tilbud-byverkstedet-bergen\/wp-json\/wp\/v2\/media?parent=3"}],"curies":[{"name":"wp","href":"https:\/\/api.w.org\/{rel}","templated":true}]}}