{"id":35,"date":"2025-10-31T12:57:06","date_gmt":"2025-10-31T11:57:06","guid":{"rendered":"https:\/\/kirkensbymisjon.no\/tilbud-retro-ullverksted\/?page_id=35"},"modified":"2025-11-07T13:14:25","modified_gmt":"2025-11-07T12:14:25","slug":"hva-vi-tilbyr","status":"publish","type":"page","link":"https:\/\/kirkensbymisjon.no\/tilbud-byverkstedet-bergen\/hva-vi-tilbyr\/","title":{"rendered":"Hva vi tilbyr"},"content":{"rendered":"\n<h2 class=\"wp-block-heading\" id=\"h-hvordan-jobber-vi-pa-byverkstedet\">Hvordan jobber vi p\u00e5 Byverkstedet?<\/h2>\n\n\n\n<p>Byverkstedet best\u00e5r av flere arenaer \u2013 Loftet, Stuen og butikken. Les mer om arbeidet v\u00e5rt i listen under:<\/p>\n\n\n<div class=\"t2-accordion wp-block-t2-accordion\" data-allow-multiple=\"1\" role=\"list\">\n<div class=\"t2-accordion-item wp-block-t2-accordion-item\" role=\"listitem\">\n\t\t\t<h2 class=\"t2-accordion-title\">\n\t\t\t\t<button type=\"button\" class=\"t2-accordion-trigger\" id=\"loftet\" aria-controls=\"accordion-panel\" aria-expanded=\"false\">\n\t\t\t\t\tLoftet\n\t\t\t\t\t<span class=\"t2-accordion-icon is-closed-icon\"><svg xmlns=\"http:\/\/www.w3.org\/2000\/svg\" viewBox=\"0 0 24 24\" height=\"24\" width=\"24\" class=\"t2-icon t2-icon-plus\" aria-hidden=\"true\" focusable=\"false\"><path d=\"M11.8 5.037a1.088 1.088 0 0 0-.722.566c-.075.148-.078.25-.078 2.772v2.619l-2.61.016c-1.867.012-2.652.03-2.756.064-.168.055-.438.301-.54.494-.049.092-.07.223-.07.432 0 .34.054.476.282.704.289.289.14.275 3.064.288l2.63.012v2.619c0 2.544.002 2.625.08 2.778.191.372.516.577.92.577s.729-.205.92-.577c.078-.153.08-.234.08-2.778v-2.619l2.63-.012c2.924-.013 2.775.001 3.064-.288.228-.228.282-.364.282-.704 0-.209-.021-.34-.07-.432-.102-.193-.372-.439-.54-.494-.104-.034-.889-.052-2.756-.064L13 10.994V8.375c0-2.522-.003-2.624-.078-2.772-.214-.418-.685-.656-1.122-.566\"\/><\/svg><\/span>\n\t\t\t\t\t<span class=\"t2-accordion-icon is-open-icon\"><svg xmlns=\"http:\/\/www.w3.org\/2000\/svg\" viewBox=\"0 0 24 24\" height=\"24\" width=\"24\" class=\"t2-icon t2-icon-chevronup\" aria-hidden=\"true\" focusable=\"false\"><path d=\"M6.7 14.7c-.2-.2-.3-.4-.3-.7s.1-.5.3-.7l4.6-4.6c.1-.1.2-.2.3-.2.1 0 .2-.1.4-.1.1 0 .3 0 .4.1.1 0 .2.1.3.2l4.6 4.6c.2.2.3.4.3.7s-.1.5-.3.7c-.2.2-.4.3-.7.3s-.5-.1-.7-.3L12 10.8l-3.9 3.9c-.2.2-.4.3-.7.3s-.5-.1-.7-.3z\" fill=\"currentColor\" \/><\/svg><\/span>\n\t\t\t\t<\/button>\n\t\t\t<\/h2>\n\t\t\t<div class=\"t2-accordion-item__inner-container is-layout-flow\" id=\"accordion-panel\" aria-labelledby=\"loftet\" role=\"region\" hidden>\n\t\t\t\t\n\n<p><strong>P\u00e5 Loftet<\/strong> arbeider vi med h\u00e5ndverk i skinn og l\u00e6r. Arbeidet krever presisjon og t\u00e5lmodighet, og vi legger stor vekt p\u00e5 godt h\u00e5ndverk, kvalitet og design. Produktene selges b\u00e5de i Byverkstedets egen butikk og i Kirkens Bymisjons nasjonale <a href=\"https:\/\/kirkensbymisjon.no\/nettbutikk\/\" target=\"_blank\" rel=\"noreferrer noopener\">nettbutikk<\/a>. Her lager vi produkter som:<\/p>\n\n\n\n<ul class=\"wp-block-list\">\n<li>N\u00f8kkelringer.<\/li>\n\n\n\n<li>Brilleholdere.<\/li>\n\n\n\n<li>Serviettringer. <\/li>\n\n\n\n<li>Andre bruksting i skinn.<\/li>\n<\/ul>\n\n\n\t\t\t<\/div>\n\t\t<\/div>\n\n<div class=\"t2-accordion-item wp-block-t2-accordion-item\" role=\"listitem\">\n\t\t\t<h2 class=\"t2-accordion-title\">\n\t\t\t\t<button type=\"button\" class=\"t2-accordion-trigger\" id=\"stuen\" aria-controls=\"accordion-panel-1\" aria-expanded=\"false\">\n\t\t\t\t\tStuen\n\t\t\t\t\t<span class=\"t2-accordion-icon is-closed-icon\"><svg xmlns=\"http:\/\/www.w3.org\/2000\/svg\" viewBox=\"0 0 24 24\" height=\"24\" width=\"24\" class=\"t2-icon t2-icon-plus\" aria-hidden=\"true\" focusable=\"false\"><path d=\"M11.8 5.037a1.088 1.088 0 0 0-.722.566c-.075.148-.078.25-.078 2.772v2.619l-2.61.016c-1.867.012-2.652.03-2.756.064-.168.055-.438.301-.54.494-.049.092-.07.223-.07.432 0 .34.054.476.282.704.289.289.14.275 3.064.288l2.63.012v2.619c0 2.544.002 2.625.08 2.778.191.372.516.577.92.577s.729-.205.92-.577c.078-.153.08-.234.08-2.778v-2.619l2.63-.012c2.924-.013 2.775.001 3.064-.288.228-.228.282-.364.282-.704 0-.209-.021-.34-.07-.432-.102-.193-.372-.439-.54-.494-.104-.034-.889-.052-2.756-.064L13 10.994V8.375c0-2.522-.003-2.624-.078-2.772-.214-.418-.685-.656-1.122-.566\"\/><\/svg><\/span>\n\t\t\t\t\t<span class=\"t2-accordion-icon is-open-icon\"><svg xmlns=\"http:\/\/www.w3.org\/2000\/svg\" viewBox=\"0 0 24 24\" height=\"24\" width=\"24\" class=\"t2-icon t2-icon-chevronup\" aria-hidden=\"true\" focusable=\"false\"><path d=\"M6.7 14.7c-.2-.2-.3-.4-.3-.7s.1-.5.3-.7l4.6-4.6c.1-.1.2-.2.3-.2.1 0 .2-.1.4-.1.1 0 .3 0 .4.1.1 0 .2.1.3.2l4.6 4.6c.2.2.3.4.3.7s-.1.5-.3.7c-.2.2-.4.3-.7.3s-.5-.1-.7-.3L12 10.8l-3.9 3.9c-.2.2-.4.3-.7.3s-.5-.1-.7-.3z\" fill=\"currentColor\" \/><\/svg><\/span>\n\t\t\t\t<\/button>\n\t\t\t<\/h2>\n\t\t\t<div class=\"t2-accordion-item__inner-container is-layout-flow\" id=\"accordion-panel-1\" aria-labelledby=\"stuen\" role=\"region\" hidden>\n\t\t\t\t\n\n<p><strong>P\u00e5 Stuen<\/strong> jobbes det med tekstile og kreative prosjekter. Produksjonen varierer etter sesong og etter hvilke materialer som er tilgjengelige. Mange produkter lages av donerte eller gjenbrukte tekstiler, og arbeidet gir rom for kreativ utfoldelse, l\u00e6ring og skaperglede. Her jobber vi blant annet med:<\/p>\n\n\n\n<ul class=\"wp-block-list\">\n<li>Redesign.<\/li>\n\n\n\n<li>Trykk.<\/li>\n\n\n\n<li>S\u00f8m.<\/li>\n\n\n\n<li>Hekling.<\/li>\n\n\n\n<li>Gjenbruk.<\/li>\n<\/ul>\n\n\n\t\t\t<\/div>\n\t\t<\/div>\n\n<div class=\"t2-accordion-item wp-block-t2-accordion-item\" role=\"listitem\">\n\t\t\t<h2 class=\"t2-accordion-title\">\n\t\t\t\t<button type=\"button\" class=\"t2-accordion-trigger\" id=\"butikken\" aria-controls=\"accordion-panel-2\" aria-expanded=\"false\">\n\t\t\t\t\tButikken\n\t\t\t\t\t<span class=\"t2-accordion-icon is-closed-icon\"><svg xmlns=\"http:\/\/www.w3.org\/2000\/svg\" viewBox=\"0 0 24 24\" height=\"24\" width=\"24\" class=\"t2-icon t2-icon-plus\" aria-hidden=\"true\" focusable=\"false\"><path d=\"M11.8 5.037a1.088 1.088 0 0 0-.722.566c-.075.148-.078.25-.078 2.772v2.619l-2.61.016c-1.867.012-2.652.03-2.756.064-.168.055-.438.301-.54.494-.049.092-.07.223-.07.432 0 .34.054.476.282.704.289.289.14.275 3.064.288l2.63.012v2.619c0 2.544.002 2.625.08 2.778.191.372.516.577.92.577s.729-.205.92-.577c.078-.153.08-.234.08-2.778v-2.619l2.63-.012c2.924-.013 2.775.001 3.064-.288.228-.228.282-.364.282-.704 0-.209-.021-.34-.07-.432-.102-.193-.372-.439-.54-.494-.104-.034-.889-.052-2.756-.064L13 10.994V8.375c0-2.522-.003-2.624-.078-2.772-.214-.418-.685-.656-1.122-.566\"\/><\/svg><\/span>\n\t\t\t\t\t<span class=\"t2-accordion-icon is-open-icon\"><svg xmlns=\"http:\/\/www.w3.org\/2000\/svg\" viewBox=\"0 0 24 24\" height=\"24\" width=\"24\" class=\"t2-icon t2-icon-chevronup\" aria-hidden=\"true\" focusable=\"false\"><path d=\"M6.7 14.7c-.2-.2-.3-.4-.3-.7s.1-.5.3-.7l4.6-4.6c.1-.1.2-.2.3-.2.1 0 .2-.1.4-.1.1 0 .3 0 .4.1.1 0 .2.1.3.2l4.6 4.6c.2.2.3.4.3.7s-.1.5-.3.7c-.2.2-.4.3-.7.3s-.5-.1-.7-.3L12 10.8l-3.9 3.9c-.2.2-.4.3-.7.3s-.5-.1-.7-.3z\" fill=\"currentColor\" \/><\/svg><\/span>\n\t\t\t\t<\/button>\n\t\t\t<\/h2>\n\t\t\t<div class=\"t2-accordion-item__inner-container is-layout-flow\" id=\"accordion-panel-2\" aria-labelledby=\"butikken\" role=\"region\" hidden>\n\t\t\t\t\n\n<p><strong>I butikken<\/strong> i f\u00f8rste etasje selges produkter fra begge verkstedene. Her vises bredden av det som lages p\u00e5 huset, og hvert produkt formidler verdier som kvalitet, b\u00e6rekraft og sosialt engasjement. Butikken er ogs\u00e5 en m\u00f8teplass der publikum f\u00e5r innblikk i hvordan arbeid, fellesskap og h\u00e5ndverk kan skape mening i hverdagen.<\/p>\n\n\n\t\t\t<\/div>\n\t\t<\/div>\n<\/div>\n\n\n<div class=\"wp-block-media-text alignwide is-stacked-on-mobile is-style-filled\"><figure class=\"wp-block-media-text__media\"><img loading=\"lazy\" decoding=\"async\" width=\"768\" height=\"1024\" src=\"https:\/\/kirkensbymisjon.no\/content\/uploads\/sites\/63\/2025\/11\/Tilbud_Byverkstedet-Bergen_07-768x1024.jpg\" alt=\"Hender som tegner opp en mal\" class=\"wp-image-68 size-full\" srcset=\"https:\/\/kirkensbymisjon.no\/content\/uploads\/sites\/63\/2025\/11\/Tilbud_Byverkstedet-Bergen_07-768x1024.jpg 768w, https:\/\/kirkensbymisjon.no\/content\/uploads\/sites\/63\/2025\/11\/Tilbud_Byverkstedet-Bergen_07-225x300.jpg 225w, https:\/\/kirkensbymisjon.no\/content\/uploads\/sites\/63\/2025\/11\/Tilbud_Byverkstedet-Bergen_07-1152x1536.jpg 1152w, https:\/\/kirkensbymisjon.no\/content\/uploads\/sites\/63\/2025\/11\/Tilbud_Byverkstedet-Bergen_07-1536x2048.jpg 1536w, https:\/\/kirkensbymisjon.no\/content\/uploads\/sites\/63\/2025\/11\/Tilbud_Byverkstedet-Bergen_07-scaled.jpg 1920w\" sizes=\"auto, (max-width: 768px) 100vw, 768px\" \/><\/figure><div class=\"wp-block-media-text__content\">\n<h2 class=\"wp-block-heading\" id=\"h-et-dynamisk-hus\">Et dynamisk hus<\/h2>\n\n\n\n<p>Selv om verkstedene har ulike uttrykk og oppgaver, fungerer Byverkstedet som et dynamisk og levende hus der samarbeid st\u00e5r sentralt. Deltakerne og de ansatte hjelper til der det trengs, og bidrar p\u00e5 tvers av arenaene. Dette skaper et fleksibelt og inkluderende milj\u00f8 der alle f\u00e5r mulighet til \u00e5 utvikle seg, l\u00e6re nye ferdigheter og oppleve fellesskap p\u00e5 tvers av prosjekter og roller.<\/p>\n\n\n\n<p><a href=\"https:\/\/kirkensbymisjon.no\/tilbud-retro-ullverksted\/om-byverkstedet\">Les mer om hvem som jobber hos oss<\/a>.<\/p>\n<\/div><\/div>\n\n\n\n<h2 class=\"wp-block-heading\" id=\"h-\"><\/h2>\n","protected":false},"excerpt":{"rendered":"<p>Hvordan jobber vi p\u00e5 Byverkstedet? Byverkstedet best\u00e5r av flere arenaer \u2013 Loftet, Stuen og butikken.&hellip;<\/p>\n","protected":false},"author":4,"featured_media":0,"parent":0,"menu_order":0,"comment_status":"closed","ping_status":"closed","template":"","meta":{"_relevanssi_hide_post":"","_relevanssi_hide_content":"","_relevanssi_pin_for_all":"","_relevanssi_pin_keywords":"","_relevanssi_unpin_keywords":"","_relevanssi_related_keywords":"","_relevanssi_related_include_ids":"","_relevanssi_related_exclude_ids":"","_relevanssi_related_no_append":"","_relevanssi_related_not_related":"","_relevanssi_related_posts":"1","_relevanssi_noindex_reason":"","editor_notices":[],"footnotes":""},"class_list":["post-35","page","type-page","status-publish","hentry"],"yoast_head":"<!-- This site is optimized with the Yoast SEO Premium plugin v27.2 (Yoast SEO v27.2) - https:\/\/yoast.com\/product\/yoast-seo-premium-wordpress\/ -->\n<title>Hva vi tilbyr - Byverkstedet Bergen<\/title>\n<meta name=\"robots\" content=\"index, follow, max-snippet:-1, max-image-preview:large, max-video-preview:-1\" \/>\n<link rel=\"canonical\" href=\"https:\/\/kirkensbymisjon.no\/tilbud-byverkstedet-bergen\/hva-vi-tilbyr\/\" \/>\n<meta property=\"og:locale\" content=\"nb_NO\" \/>\n<meta property=\"og:type\" content=\"article\" \/>\n<meta property=\"og:title\" content=\"Hva vi tilbyr\" \/>\n<meta property=\"og:description\" content=\"Hvordan jobber vi p\u00e5 Byverkstedet? Byverkstedet best\u00e5r av flere arenaer \u2013 Loftet, Stuen og butikken.&hellip;\" \/>\n<meta property=\"og:url\" content=\"https:\/\/kirkensbymisjon.no\/tilbud-byverkstedet-bergen\/hva-vi-tilbyr\/\" \/>\n<meta property=\"og:site_name\" content=\"Byverkstedet Bergen\" \/>\n<meta property=\"article:modified_time\" content=\"2025-11-07T12:14:25+00:00\" \/>\n<meta property=\"og:image\" content=\"https:\/\/kirkensbymisjon.no\/content\/uploads\/sites\/63\/2025\/11\/Tilbud_Byverkstedet-Bergen_07-scaled.jpg\" \/>\n\t<meta property=\"og:image:width\" content=\"1920\" \/>\n\t<meta property=\"og:image:height\" content=\"2560\" \/>\n\t<meta property=\"og:image:type\" content=\"image\/jpeg\" \/>\n<meta name=\"twitter:card\" content=\"summary_large_image\" \/>\n<meta name=\"twitter:label1\" content=\"Ansl. lesetid\" \/>\n\t<meta name=\"twitter:data1\" content=\"2 minutter\" \/>\n<script type=\"application\/ld+json\" class=\"yoast-schema-graph\">{\"@context\":\"https:\/\/schema.org\",\"@graph\":[{\"@type\":\"WebPage\",\"@id\":\"https:\/\/kirkensbymisjon.no\/tilbud-byverkstedet-bergen\/hva-vi-tilbyr\/\",\"url\":\"https:\/\/kirkensbymisjon.no\/tilbud-byverkstedet-bergen\/hva-vi-tilbyr\/\",\"name\":\"Hva vi tilbyr - Byverkstedet Bergen\",\"isPartOf\":{\"@id\":\"https:\/\/kirkensbymisjon.no\/tilbud-byverkstedet-bergen\/#website\"},\"primaryImageOfPage\":{\"@id\":\"https:\/\/kirkensbymisjon.no\/tilbud-byverkstedet-bergen\/hva-vi-tilbyr\/#primaryimage\"},\"image\":{\"@id\":\"https:\/\/kirkensbymisjon.no\/tilbud-byverkstedet-bergen\/hva-vi-tilbyr\/#primaryimage\"},\"thumbnailUrl\":\"https:\/\/kirkensbymisjon.no\/content\/uploads\/sites\/63\/2025\/11\/Tilbud_Byverkstedet-Bergen_07-768x1024.jpg\",\"datePublished\":\"2025-10-31T11:57:06+00:00\",\"dateModified\":\"2025-11-07T12:14:25+00:00\",\"breadcrumb\":{\"@id\":\"https:\/\/kirkensbymisjon.no\/tilbud-byverkstedet-bergen\/hva-vi-tilbyr\/#breadcrumb\"},\"inLanguage\":\"nb-NO\",\"potentialAction\":[{\"@type\":\"ReadAction\",\"target\":[\"https:\/\/kirkensbymisjon.no\/tilbud-byverkstedet-bergen\/hva-vi-tilbyr\/\"]}]},{\"@type\":\"ImageObject\",\"inLanguage\":\"nb-NO\",\"@id\":\"https:\/\/kirkensbymisjon.no\/tilbud-byverkstedet-bergen\/hva-vi-tilbyr\/#primaryimage\",\"url\":\"https:\/\/kirkensbymisjon.no\/content\/uploads\/sites\/63\/2025\/11\/Tilbud_Byverkstedet-Bergen_07-768x1024.jpg\",\"contentUrl\":\"https:\/\/kirkensbymisjon.no\/content\/uploads\/sites\/63\/2025\/11\/Tilbud_Byverkstedet-Bergen_07-768x1024.jpg\"},{\"@type\":\"BreadcrumbList\",\"@id\":\"https:\/\/kirkensbymisjon.no\/tilbud-byverkstedet-bergen\/hva-vi-tilbyr\/#breadcrumb\",\"itemListElement\":[{\"@type\":\"ListItem\",\"position\":1,\"name\":\"Hjem\",\"item\":\"https:\/\/kirkensbymisjon.no\/tilbud-byverkstedet-bergen\/\"},{\"@type\":\"ListItem\",\"position\":2,\"name\":\"Hva vi tilbyr\"}]},{\"@type\":\"WebSite\",\"@id\":\"https:\/\/kirkensbymisjon.no\/tilbud-byverkstedet-bergen\/#website\",\"url\":\"https:\/\/kirkensbymisjon.no\/tilbud-byverkstedet-bergen\/\",\"name\":\"Byverkstedet Bergen\",\"description\":\"\",\"potentialAction\":[{\"@type\":\"SearchAction\",\"target\":{\"@type\":\"EntryPoint\",\"urlTemplate\":\"https:\/\/kirkensbymisjon.no\/tilbud-byverkstedet-bergen\/?s={search_term_string}\"},\"query-input\":{\"@type\":\"PropertyValueSpecification\",\"valueRequired\":true,\"valueName\":\"search_term_string\"}}],\"inLanguage\":\"nb-NO\"}]}<\/script>\n<!-- \/ Yoast SEO Premium plugin. -->","yoast_head_json":{"title":"Hva vi tilbyr - Byverkstedet Bergen","robots":{"index":"index","follow":"follow","max-snippet":"max-snippet:-1","max-image-preview":"max-image-preview:large","max-video-preview":"max-video-preview:-1"},"canonical":"https:\/\/kirkensbymisjon.no\/tilbud-byverkstedet-bergen\/hva-vi-tilbyr\/","og_locale":"nb_NO","og_type":"article","og_title":"Hva vi tilbyr","og_description":"Hvordan jobber vi p\u00e5 Byverkstedet? Byverkstedet best\u00e5r av flere arenaer \u2013 Loftet, Stuen og butikken.&hellip;","og_url":"https:\/\/kirkensbymisjon.no\/tilbud-byverkstedet-bergen\/hva-vi-tilbyr\/","og_site_name":"Byverkstedet Bergen","article_modified_time":"2025-11-07T12:14:25+00:00","og_image":[{"width":1920,"height":2560,"url":"https:\/\/kirkensbymisjon.no\/content\/uploads\/sites\/63\/2025\/11\/Tilbud_Byverkstedet-Bergen_07-scaled.jpg","type":"image\/jpeg"}],"twitter_card":"summary_large_image","twitter_misc":{"Ansl. lesetid":"2 minutter"},"schema":{"@context":"https:\/\/schema.org","@graph":[{"@type":"WebPage","@id":"https:\/\/kirkensbymisjon.no\/tilbud-byverkstedet-bergen\/hva-vi-tilbyr\/","url":"https:\/\/kirkensbymisjon.no\/tilbud-byverkstedet-bergen\/hva-vi-tilbyr\/","name":"Hva vi tilbyr - Byverkstedet Bergen","isPartOf":{"@id":"https:\/\/kirkensbymisjon.no\/tilbud-byverkstedet-bergen\/#website"},"primaryImageOfPage":{"@id":"https:\/\/kirkensbymisjon.no\/tilbud-byverkstedet-bergen\/hva-vi-tilbyr\/#primaryimage"},"image":{"@id":"https:\/\/kirkensbymisjon.no\/tilbud-byverkstedet-bergen\/hva-vi-tilbyr\/#primaryimage"},"thumbnailUrl":"https:\/\/kirkensbymisjon.no\/content\/uploads\/sites\/63\/2025\/11\/Tilbud_Byverkstedet-Bergen_07-768x1024.jpg","datePublished":"2025-10-31T11:57:06+00:00","dateModified":"2025-11-07T12:14:25+00:00","breadcrumb":{"@id":"https:\/\/kirkensbymisjon.no\/tilbud-byverkstedet-bergen\/hva-vi-tilbyr\/#breadcrumb"},"inLanguage":"nb-NO","potentialAction":[{"@type":"ReadAction","target":["https:\/\/kirkensbymisjon.no\/tilbud-byverkstedet-bergen\/hva-vi-tilbyr\/"]}]},{"@type":"ImageObject","inLanguage":"nb-NO","@id":"https:\/\/kirkensbymisjon.no\/tilbud-byverkstedet-bergen\/hva-vi-tilbyr\/#primaryimage","url":"https:\/\/kirkensbymisjon.no\/content\/uploads\/sites\/63\/2025\/11\/Tilbud_Byverkstedet-Bergen_07-768x1024.jpg","contentUrl":"https:\/\/kirkensbymisjon.no\/content\/uploads\/sites\/63\/2025\/11\/Tilbud_Byverkstedet-Bergen_07-768x1024.jpg"},{"@type":"BreadcrumbList","@id":"https:\/\/kirkensbymisjon.no\/tilbud-byverkstedet-bergen\/hva-vi-tilbyr\/#breadcrumb","itemListElement":[{"@type":"ListItem","position":1,"name":"Hjem","item":"https:\/\/kirkensbymisjon.no\/tilbud-byverkstedet-bergen\/"},{"@type":"ListItem","position":2,"name":"Hva vi tilbyr"}]},{"@type":"WebSite","@id":"https:\/\/kirkensbymisjon.no\/tilbud-byverkstedet-bergen\/#website","url":"https:\/\/kirkensbymisjon.no\/tilbud-byverkstedet-bergen\/","name":"Byverkstedet Bergen","description":"","potentialAction":[{"@type":"SearchAction","target":{"@type":"EntryPoint","urlTemplate":"https:\/\/kirkensbymisjon.no\/tilbud-byverkstedet-bergen\/?s={search_term_string}"},"query-input":{"@type":"PropertyValueSpecification","valueRequired":true,"valueName":"search_term_string"}}],"inLanguage":"nb-NO"}]}},"_links":{"self":[{"href":"https:\/\/kirkensbymisjon.no\/tilbud-byverkstedet-bergen\/wp-json\/wp\/v2\/pages\/35","targetHints":{"allow":["GET"]}}],"collection":[{"href":"https:\/\/kirkensbymisjon.no\/tilbud-byverkstedet-bergen\/wp-json\/wp\/v2\/pages"}],"about":[{"href":"https:\/\/kirkensbymisjon.no\/tilbud-byverkstedet-bergen\/wp-json\/wp\/v2\/types\/page"}],"author":[{"embeddable":true,"href":"https:\/\/kirkensbymisjon.no\/tilbud-byverkstedet-bergen\/wp-json\/wp\/v2\/users\/4"}],"replies":[{"embeddable":true,"href":"https:\/\/kirkensbymisjon.no\/tilbud-byverkstedet-bergen\/wp-json\/wp\/v2\/comments?post=35"}],"version-history":[{"count":4,"href":"https:\/\/kirkensbymisjon.no\/tilbud-byverkstedet-bergen\/wp-json\/wp\/v2\/pages\/35\/revisions"}],"predecessor-version":[{"id":83,"href":"https:\/\/kirkensbymisjon.no\/tilbud-byverkstedet-bergen\/wp-json\/wp\/v2\/pages\/35\/revisions\/83"}],"wp:attachment":[{"href":"https:\/\/kirkensbymisjon.no\/tilbud-byverkstedet-bergen\/wp-json\/wp\/v2\/media?parent=35"}],"curies":[{"name":"wp","href":"https:\/\/api.w.org\/{rel}","templated":true}]}}