{"id":38,"date":"2025-10-31T13:02:47","date_gmt":"2025-10-31T12:02:47","guid":{"rendered":"https:\/\/kirkensbymisjon.no\/tilbud-retro-ullverksted\/?page_id=38"},"modified":"2025-10-31T13:22:07","modified_gmt":"2025-10-31T12:22:07","slug":"om-byverkstedet","status":"publish","type":"page","link":"https:\/\/kirkensbymisjon.no\/tilbud-byverkstedet-bergen\/om-byverkstedet\/","title":{"rendered":"Om Byverkstedet"},"content":{"rendered":"\n<p><strong>Byverkstedet er et arbeidsfellesskap for mennesker som av ulike grunner st\u00e5r utenfor det ordin\u00e6re arbeidslivet. Her tilbys b\u00e5de l\u00f8nnet deltidsarbeid og arbeidstrening, tilpasset den enkeltes arbeidsevne og livssituasjon.<\/strong> <\/p>\n\n\n\n<h3 class=\"wp-block-heading\" id=\"h-hvem-jobber-hos-byverkstedet\">Hvem jobber hos Byverkstedet?<\/h3>\n\n\n\n<p>Noen har uf\u00f8retrygd og deltar i et tilrettelagt arbeidsfellesskap, mens andre er i arbeidstrening (AFT) p\u00e5 vei mot arbeid eller utdanning. Det kreves ingen tidligere erfaring med h\u00e5ndverk \u2013 oppl\u00e6ring gis p\u00e5 verkstedene. Det viktigste er interesse for \u00e5 l\u00e6re, \u00f8nske om \u00e5 bidra, og vilje til \u00e5 v\u00e6re del av et fellesskap som verdsetter samarbeid, kvalitet og trygghet.<\/p>\n\n\n\n<p><a href=\"https:\/\/kirkensbymisjon.no\/tilbud-retro-ullverksted\/hva-vi-tilbyr\/\">Her <\/a>kan du lese mer om hva vi tilbyr og hvordan vi jobber.<\/p>\n\n\n\n<h3 class=\"wp-block-heading\" id=\"h-aft-arbeidsforberedende-trening\">AFT \u2013 Arbeidsforberedende trening<\/h3>\n\n\n\n<p>Byverkstedet rommer ogs\u00e5 et AFT-tiltak (arbeidsforberedende trening) for personer som \u00f8nsker bevegelse mot arbeid eller utdanning.<\/p>\n\n\n\n<p>Kirkens Bymisjon Arbeidsmarkedstiltak har 10 AFT-plasser. I tillegg til individuell oppf\u00f8lging og karriereveiledning tilbys arbeidspraksis p\u00e5 flere av Kirkens Bymisjons verksteder \u2013 blant annet kj\u00f8kken og kaf\u00e9, sykkelverksted, fritidsutstyr og kreativ produksjon.<\/p>\n\n\n\n<p>Deltakere som f\u00e5r plass i AFT har arbeidstrening p\u00e5 de ulike arenaene ved Byverkstedet \u2013 b\u00e5de p\u00e5 Loftet, Stuen og i butikken \u2013 samt p\u00e5 andre verksteder og m\u00f8teplasser i Kirkens Bymisjon Bergen. Gjennom dette f\u00e5r deltakerne mulighet til \u00e5 pr\u00f8ve seg i forskjellige typer arbeid, oppleve mestring og finne retning videre mot arbeid eller utdanning.<\/p>\n\n\n\n<p><strong>For \u00e5 s\u00f8ke plass i AFT m\u00e5 man ha henvisning fra NAV.<\/strong><\/p>\n","protected":false},"excerpt":{"rendered":"<p>Byverkstedet er et arbeidsfellesskap for mennesker som av ulike grunner st\u00e5r utenfor det ordin\u00e6re arbeidslivet.&hellip;<\/p>\n","protected":false},"author":4,"featured_media":0,"parent":0,"menu_order":0,"comment_status":"closed","ping_status":"closed","template":"","meta":{"_relevanssi_hide_post":"","_relevanssi_hide_content":"","_relevanssi_pin_for_all":"","_relevanssi_pin_keywords":"","_relevanssi_unpin_keywords":"","_relevanssi_related_keywords":"","_relevanssi_related_include_ids":"","_relevanssi_related_exclude_ids":"","_relevanssi_related_no_append":"","_relevanssi_related_not_related":"","_relevanssi_related_posts":"1","_relevanssi_noindex_reason":"","editor_notices":[],"footnotes":""},"class_list":["post-38","page","type-page","status-publish","hentry"],"yoast_head":"<!-- This site is optimized with the Yoast SEO Premium plugin v27.2 (Yoast SEO v27.2) - https:\/\/yoast.com\/product\/yoast-seo-premium-wordpress\/ -->\n<title>Om Byverkstedet - Byverkstedet Bergen<\/title>\n<meta name=\"robots\" content=\"index, follow, max-snippet:-1, max-image-preview:large, max-video-preview:-1\" \/>\n<link rel=\"canonical\" href=\"https:\/\/kirkensbymisjon.no\/tilbud-byverkstedet-bergen\/om-byverkstedet\/\" \/>\n<meta property=\"og:locale\" content=\"nb_NO\" \/>\n<meta property=\"og:type\" content=\"article\" \/>\n<meta property=\"og:title\" content=\"Om Byverkstedet\" \/>\n<meta property=\"og:description\" content=\"Byverkstedet er et arbeidsfellesskap for mennesker som av ulike grunner st\u00e5r utenfor det ordin\u00e6re arbeidslivet.&hellip;\" \/>\n<meta property=\"og:url\" content=\"https:\/\/kirkensbymisjon.no\/tilbud-byverkstedet-bergen\/om-byverkstedet\/\" \/>\n<meta property=\"og:site_name\" content=\"Byverkstedet Bergen\" \/>\n<meta property=\"article:modified_time\" content=\"2025-10-31T12:22:07+00:00\" \/>\n<meta name=\"twitter:card\" content=\"summary_large_image\" \/>\n<meta name=\"twitter:label1\" content=\"Ansl. lesetid\" \/>\n\t<meta name=\"twitter:data1\" content=\"2 minutter\" \/>\n<script type=\"application\/ld+json\" class=\"yoast-schema-graph\">{\"@context\":\"https:\/\/schema.org\",\"@graph\":[{\"@type\":\"WebPage\",\"@id\":\"https:\/\/kirkensbymisjon.no\/tilbud-byverkstedet-bergen\/om-byverkstedet\/\",\"url\":\"https:\/\/kirkensbymisjon.no\/tilbud-byverkstedet-bergen\/om-byverkstedet\/\",\"name\":\"Om Byverkstedet - Byverkstedet Bergen\",\"isPartOf\":{\"@id\":\"https:\/\/kirkensbymisjon.no\/tilbud-byverkstedet-bergen\/#website\"},\"datePublished\":\"2025-10-31T12:02:47+00:00\",\"dateModified\":\"2025-10-31T12:22:07+00:00\",\"breadcrumb\":{\"@id\":\"https:\/\/kirkensbymisjon.no\/tilbud-byverkstedet-bergen\/om-byverkstedet\/#breadcrumb\"},\"inLanguage\":\"nb-NO\",\"potentialAction\":[{\"@type\":\"ReadAction\",\"target\":[\"https:\/\/kirkensbymisjon.no\/tilbud-byverkstedet-bergen\/om-byverkstedet\/\"]}]},{\"@type\":\"BreadcrumbList\",\"@id\":\"https:\/\/kirkensbymisjon.no\/tilbud-byverkstedet-bergen\/om-byverkstedet\/#breadcrumb\",\"itemListElement\":[{\"@type\":\"ListItem\",\"position\":1,\"name\":\"Hjem\",\"item\":\"https:\/\/kirkensbymisjon.no\/tilbud-byverkstedet-bergen\/\"},{\"@type\":\"ListItem\",\"position\":2,\"name\":\"Om Byverkstedet\"}]},{\"@type\":\"WebSite\",\"@id\":\"https:\/\/kirkensbymisjon.no\/tilbud-byverkstedet-bergen\/#website\",\"url\":\"https:\/\/kirkensbymisjon.no\/tilbud-byverkstedet-bergen\/\",\"name\":\"Byverkstedet Bergen\",\"description\":\"\",\"potentialAction\":[{\"@type\":\"SearchAction\",\"target\":{\"@type\":\"EntryPoint\",\"urlTemplate\":\"https:\/\/kirkensbymisjon.no\/tilbud-byverkstedet-bergen\/?s={search_term_string}\"},\"query-input\":{\"@type\":\"PropertyValueSpecification\",\"valueRequired\":true,\"valueName\":\"search_term_string\"}}],\"inLanguage\":\"nb-NO\"}]}<\/script>\n<!-- \/ Yoast SEO Premium plugin. -->","yoast_head_json":{"title":"Om Byverkstedet - Byverkstedet Bergen","robots":{"index":"index","follow":"follow","max-snippet":"max-snippet:-1","max-image-preview":"max-image-preview:large","max-video-preview":"max-video-preview:-1"},"canonical":"https:\/\/kirkensbymisjon.no\/tilbud-byverkstedet-bergen\/om-byverkstedet\/","og_locale":"nb_NO","og_type":"article","og_title":"Om Byverkstedet","og_description":"Byverkstedet er et arbeidsfellesskap for mennesker som av ulike grunner st\u00e5r utenfor det ordin\u00e6re arbeidslivet.&hellip;","og_url":"https:\/\/kirkensbymisjon.no\/tilbud-byverkstedet-bergen\/om-byverkstedet\/","og_site_name":"Byverkstedet Bergen","article_modified_time":"2025-10-31T12:22:07+00:00","twitter_card":"summary_large_image","twitter_misc":{"Ansl. lesetid":"2 minutter"},"schema":{"@context":"https:\/\/schema.org","@graph":[{"@type":"WebPage","@id":"https:\/\/kirkensbymisjon.no\/tilbud-byverkstedet-bergen\/om-byverkstedet\/","url":"https:\/\/kirkensbymisjon.no\/tilbud-byverkstedet-bergen\/om-byverkstedet\/","name":"Om Byverkstedet - Byverkstedet Bergen","isPartOf":{"@id":"https:\/\/kirkensbymisjon.no\/tilbud-byverkstedet-bergen\/#website"},"datePublished":"2025-10-31T12:02:47+00:00","dateModified":"2025-10-31T12:22:07+00:00","breadcrumb":{"@id":"https:\/\/kirkensbymisjon.no\/tilbud-byverkstedet-bergen\/om-byverkstedet\/#breadcrumb"},"inLanguage":"nb-NO","potentialAction":[{"@type":"ReadAction","target":["https:\/\/kirkensbymisjon.no\/tilbud-byverkstedet-bergen\/om-byverkstedet\/"]}]},{"@type":"BreadcrumbList","@id":"https:\/\/kirkensbymisjon.no\/tilbud-byverkstedet-bergen\/om-byverkstedet\/#breadcrumb","itemListElement":[{"@type":"ListItem","position":1,"name":"Hjem","item":"https:\/\/kirkensbymisjon.no\/tilbud-byverkstedet-bergen\/"},{"@type":"ListItem","position":2,"name":"Om Byverkstedet"}]},{"@type":"WebSite","@id":"https:\/\/kirkensbymisjon.no\/tilbud-byverkstedet-bergen\/#website","url":"https:\/\/kirkensbymisjon.no\/tilbud-byverkstedet-bergen\/","name":"Byverkstedet Bergen","description":"","potentialAction":[{"@type":"SearchAction","target":{"@type":"EntryPoint","urlTemplate":"https:\/\/kirkensbymisjon.no\/tilbud-byverkstedet-bergen\/?s={search_term_string}"},"query-input":{"@type":"PropertyValueSpecification","valueRequired":true,"valueName":"search_term_string"}}],"inLanguage":"nb-NO"}]}},"_links":{"self":[{"href":"https:\/\/kirkensbymisjon.no\/tilbud-byverkstedet-bergen\/wp-json\/wp\/v2\/pages\/38","targetHints":{"allow":["GET"]}}],"collection":[{"href":"https:\/\/kirkensbymisjon.no\/tilbud-byverkstedet-bergen\/wp-json\/wp\/v2\/pages"}],"about":[{"href":"https:\/\/kirkensbymisjon.no\/tilbud-byverkstedet-bergen\/wp-json\/wp\/v2\/types\/page"}],"author":[{"embeddable":true,"href":"https:\/\/kirkensbymisjon.no\/tilbud-byverkstedet-bergen\/wp-json\/wp\/v2\/users\/4"}],"replies":[{"embeddable":true,"href":"https:\/\/kirkensbymisjon.no\/tilbud-byverkstedet-bergen\/wp-json\/wp\/v2\/comments?post=38"}],"version-history":[{"count":2,"href":"https:\/\/kirkensbymisjon.no\/tilbud-byverkstedet-bergen\/wp-json\/wp\/v2\/pages\/38\/revisions"}],"predecessor-version":[{"id":41,"href":"https:\/\/kirkensbymisjon.no\/tilbud-byverkstedet-bergen\/wp-json\/wp\/v2\/pages\/38\/revisions\/41"}],"wp:attachment":[{"href":"https:\/\/kirkensbymisjon.no\/tilbud-byverkstedet-bergen\/wp-json\/wp\/v2\/media?parent=38"}],"curies":[{"name":"wp","href":"https:\/\/api.w.org\/{rel}","templated":true}]}}