{"id":3,"date":"2024-08-23T11:15:59","date_gmt":"2024-08-23T09:15:59","guid":{"rendered":"https:\/\/kirkensbymisjon.no\/tilbud-camp-killingen\/forside\/"},"modified":"2026-02-03T11:54:04","modified_gmt":"2026-02-03T10:54:04","slug":"forside","status":"publish","type":"page","link":"https:\/\/kirkensbymisjon.no\/tilbud-camp-killingen\/","title":{"rendered":"Forside"},"content":{"rendered":"\n<p>Camp Killingen er en perle ytterst i Drammensfjorden, og et perfekt sted for gode opplevelser sammen. <a href=\"\/tilbud-camp-killingen\/utleie\">\u00d8ya kan leies<\/a> fra b\u00e5tsesongen \u00e5pner i slutten av april, og frem til litt ut i oktober. I fellesferien p\u00e5 sommeren arrangerer vi <a href=\"\/tilbud-camp-killingen\/feriekoloni\">feriekoloni<\/a> for barn i alderen 8\u201316 \u00e5r. Stedet leies derfor ikke ut i denne perioden. Feriekolonien p\u00e5 Camp Killingen er et tilbud til barn i alle livssituasjoner og fra alle hjem, hos oss skal alle oppleve \u00e5 ha like muligheter og likt utgangspunkt for gode ferieopplevelser i trygge omgivelser.<\/p>\n\n\n\n<p>Stupebrett, strand og sklie er popul\u00e6re fasiliteter for store og sm\u00e5 som bes\u00f8ker \u00f8ya. Fra den store brygga kan man dra inn b\u00e5de krabber og fisk, som senere kan studeres i saltvannsakvariet utenfor hovedhuset.&nbsp;Vi har brygge, badestrand og b\u00e5ter.<\/p>\n\n\n\n<p><a href=\"https:\/\/kirkensbymisjon.no\/tilbud-camp-killingen\/feriekoloni\/#pamelding\">Her finner du p\u00e5melding for feriekoloni 2026<\/a>.<\/p>\n\n\n\t<div class=\"alignfull wp-block-kbm-gallery\" data-scroll=\"1\">\n\t\t<div class=\"kbm-gallery__scroll\">\n\t\t\t<div class=\"kbm-gallery__wrapper\">\n\t\t\t\t\n\n<figure class=\"wp-block-gallery has-nested-images columns-default is-cropped wp-block-gallery-1 is-layout-flex wp-block-gallery-is-layout-flex\">\n<figure class=\"wp-block-image size-large\"><img loading=\"lazy\" decoding=\"async\" width=\"973\" height=\"585\" data-id=\"10\" src=\"https:\/\/kirkensbymisjon.no\/content\/uploads\/sites\/142\/2024\/08\/Tilbud_Camp-Killingen_06.jpg\" alt=\"Badestrand og b\u00e5ter som ligger klare p\u00e5 land\" class=\"wp-image-10\" srcset=\"https:\/\/kirkensbymisjon.no\/content\/uploads\/sites\/142\/2024\/08\/Tilbud_Camp-Killingen_06.jpg 973w, https:\/\/kirkensbymisjon.no\/content\/uploads\/sites\/142\/2024\/08\/Tilbud_Camp-Killingen_06-300x180.jpg 300w, https:\/\/kirkensbymisjon.no\/content\/uploads\/sites\/142\/2024\/08\/Tilbud_Camp-Killingen_06-768x462.jpg 768w\" sizes=\"auto, (max-width: 973px) 100vw, 973px\" \/><figcaption class=\"wp-element-caption\">Med egen, stor brygge, badestrand og b\u00e5ter til utl\u00e5n er Camp Killingen som skapt for deilige sommerdager.<\/figcaption><\/figure>\n\n\n\n<figure class=\"wp-block-image size-large\"><img loading=\"lazy\" decoding=\"async\" width=\"973\" height=\"648\" data-id=\"11\" src=\"https:\/\/kirkensbymisjon.no\/content\/uploads\/sites\/142\/2024\/08\/Tilbud_Camp-Killingen_07.jpg\" alt=\"Skiltet til Killingen.\" class=\"wp-image-11\" srcset=\"https:\/\/kirkensbymisjon.no\/content\/uploads\/sites\/142\/2024\/08\/Tilbud_Camp-Killingen_07.jpg 973w, https:\/\/kirkensbymisjon.no\/content\/uploads\/sites\/142\/2024\/08\/Tilbud_Camp-Killingen_07-300x200.jpg 300w, https:\/\/kirkensbymisjon.no\/content\/uploads\/sites\/142\/2024\/08\/Tilbud_Camp-Killingen_07-768x511.jpg 768w\" sizes=\"auto, (max-width: 973px) 100vw, 973px\" \/><figcaption class=\"wp-element-caption\">I fellesferien er Camp Killingen fylt opp av glade skolebarn p\u00e5 feriekoloni. I disse ukene er \u00f8ya ikke til leie.<\/figcaption><\/figure>\n\n\n\n<figure class=\"wp-block-image size-large\"><img loading=\"lazy\" decoding=\"async\" width=\"973\" height=\"487\" data-id=\"25\" src=\"https:\/\/kirkensbymisjon.no\/content\/uploads\/sites\/142\/2024\/08\/Tilbud_Camp-Killingen_21.jpg\" alt=\"\u00d8ya fra vannet.\" class=\"wp-image-25\" srcset=\"https:\/\/kirkensbymisjon.no\/content\/uploads\/sites\/142\/2024\/08\/Tilbud_Camp-Killingen_21.jpg 973w, https:\/\/kirkensbymisjon.no\/content\/uploads\/sites\/142\/2024\/08\/Tilbud_Camp-Killingen_21-300x150.jpg 300w, https:\/\/kirkensbymisjon.no\/content\/uploads\/sites\/142\/2024\/08\/Tilbud_Camp-Killingen_21-768x384.jpg 768w\" sizes=\"auto, (max-width: 973px) 100vw, 973px\" \/><figcaption class=\"wp-element-caption\">\u00d8ya kan leies fra slutten av april til litt ut i oktober.<\/figcaption><\/figure>\n\n\n\n<figure class=\"wp-block-image size-large\"><img loading=\"lazy\" decoding=\"async\" width=\"973\" height=\"508\" data-id=\"13\" src=\"https:\/\/kirkensbymisjon.no\/content\/uploads\/sites\/142\/2024\/08\/Tilbud_Camp-Killingen_09.jpg\" alt=\"Brygga ved \u00f8ya.\" class=\"wp-image-13\" srcset=\"https:\/\/kirkensbymisjon.no\/content\/uploads\/sites\/142\/2024\/08\/Tilbud_Camp-Killingen_09.jpg 973w, https:\/\/kirkensbymisjon.no\/content\/uploads\/sites\/142\/2024\/08\/Tilbud_Camp-Killingen_09-300x157.jpg 300w, https:\/\/kirkensbymisjon.no\/content\/uploads\/sites\/142\/2024\/08\/Tilbud_Camp-Killingen_09-768x401.jpg 768w\" sizes=\"auto, (max-width: 973px) 100vw, 973px\" \/><figcaption class=\"wp-element-caption\">Camp Killingen har kun ankomst med b\u00e5t. Om dere ikke benytter egen b\u00e5t, finnes det en fergetjeneste som tar dere ut til \u00f8ya. <\/figcaption><\/figure>\n\n\n\n<figure class=\"wp-block-image size-large\"><img loading=\"lazy\" decoding=\"async\" width=\"973\" height=\"608\" data-id=\"14\" src=\"https:\/\/kirkensbymisjon.no\/content\/uploads\/sites\/142\/2024\/08\/Tilbud_Camp-Killingen_10.jpg\" alt=\"Bilde av huset p\u00e5 feriestedet.\" class=\"wp-image-14\" srcset=\"https:\/\/kirkensbymisjon.no\/content\/uploads\/sites\/142\/2024\/08\/Tilbud_Camp-Killingen_10.jpg 973w, https:\/\/kirkensbymisjon.no\/content\/uploads\/sites\/142\/2024\/08\/Tilbud_Camp-Killingen_10-300x187.jpg 300w, https:\/\/kirkensbymisjon.no\/content\/uploads\/sites\/142\/2024\/08\/Tilbud_Camp-Killingen_10-768x480.jpg 768w\" sizes=\"auto, (max-width: 973px) 100vw, 973px\" \/><figcaption class=\"wp-element-caption\">Det idylliske feriestedet kan  tilby over 50 sengeplasser, storkj\u00f8kken, spisesal til 30 og egen dagligstue.<\/figcaption><\/figure>\n\n\n\n<figure class=\"wp-block-image size-large\"><img loading=\"lazy\" decoding=\"async\" width=\"973\" height=\"653\" data-id=\"15\" src=\"https:\/\/kirkensbymisjon.no\/content\/uploads\/sites\/142\/2024\/08\/Tilbud_Camp-Killingen_11.jpg\" alt=\"Mellom husene er det en stor platting med overbygget tak og sitteplasser.\" class=\"wp-image-15\" srcset=\"https:\/\/kirkensbymisjon.no\/content\/uploads\/sites\/142\/2024\/08\/Tilbud_Camp-Killingen_11.jpg 973w, https:\/\/kirkensbymisjon.no\/content\/uploads\/sites\/142\/2024\/08\/Tilbud_Camp-Killingen_11-300x201.jpg 300w, https:\/\/kirkensbymisjon.no\/content\/uploads\/sites\/142\/2024\/08\/Tilbud_Camp-Killingen_11-768x515.jpg 768w\" sizes=\"auto, (max-width: 973px) 100vw, 973px\" \/><figcaption class=\"wp-element-caption\">Mellom husene er det en stor platting med overbygget tak og sitteplasser. Perfekt for alle som skal arrangere bryllup eller selskap.<\/figcaption><\/figure>\n\n\n\n<figure class=\"wp-block-image size-large\"><img loading=\"lazy\" decoding=\"async\" width=\"973\" height=\"649\" data-id=\"16\" src=\"https:\/\/kirkensbymisjon.no\/content\/uploads\/sites\/142\/2024\/08\/Tilbud_Camp-Killingen_12.jpg\" alt=\"Vannkanten\" class=\"wp-image-16\" srcset=\"https:\/\/kirkensbymisjon.no\/content\/uploads\/sites\/142\/2024\/08\/Tilbud_Camp-Killingen_12.jpg 973w, https:\/\/kirkensbymisjon.no\/content\/uploads\/sites\/142\/2024\/08\/Tilbud_Camp-Killingen_12-300x200.jpg 300w, https:\/\/kirkensbymisjon.no\/content\/uploads\/sites\/142\/2024\/08\/Tilbud_Camp-Killingen_12-768x512.jpg 768w\" sizes=\"auto, (max-width: 973px) 100vw, 973px\" \/><figcaption class=\"wp-element-caption\">Omr\u00e5det er et eldorado for barn og voksne.<\/figcaption><\/figure>\n\n\n\n<figure class=\"wp-block-image size-large\"><img loading=\"lazy\" decoding=\"async\" width=\"973\" height=\"649\" data-id=\"17\" src=\"https:\/\/kirkensbymisjon.no\/content\/uploads\/sites\/142\/2024\/08\/Tilbud_Camp-Killingen_13.jpg\" alt=\"Utsikt mot havet.\" class=\"wp-image-17\" srcset=\"https:\/\/kirkensbymisjon.no\/content\/uploads\/sites\/142\/2024\/08\/Tilbud_Camp-Killingen_13.jpg 973w, https:\/\/kirkensbymisjon.no\/content\/uploads\/sites\/142\/2024\/08\/Tilbud_Camp-Killingen_13-300x200.jpg 300w, https:\/\/kirkensbymisjon.no\/content\/uploads\/sites\/142\/2024\/08\/Tilbud_Camp-Killingen_13-768x512.jpg 768w\" sizes=\"auto, (max-width: 973px) 100vw, 973px\" \/><figcaption class=\"wp-element-caption\">Fra bryggekanten kan dere fange krabber og fisk, og hvis dere vil studere dem n\u00f8yere, er det et  saltvannsakvarium utenfor hovedhuset.<\/figcaption><\/figure>\n\n\n\n<figure class=\"wp-block-image size-large\"><img loading=\"lazy\" decoding=\"async\" width=\"973\" height=\"807\" data-id=\"18\" src=\"https:\/\/kirkensbymisjon.no\/content\/uploads\/sites\/142\/2024\/08\/Tilbud_Camp-Killingen_14.jpg\" alt=\"To personer gj\u00f8r seg klar for vannsport\" class=\"wp-image-18\" srcset=\"https:\/\/kirkensbymisjon.no\/content\/uploads\/sites\/142\/2024\/08\/Tilbud_Camp-Killingen_14.jpg 973w, https:\/\/kirkensbymisjon.no\/content\/uploads\/sites\/142\/2024\/08\/Tilbud_Camp-Killingen_14-300x249.jpg 300w, https:\/\/kirkensbymisjon.no\/content\/uploads\/sites\/142\/2024\/08\/Tilbud_Camp-Killingen_14-768x637.jpg 768w\" sizes=\"auto, (max-width: 973px) 100vw, 973px\" \/><figcaption class=\"wp-element-caption\">Brett, b\u00e5t og kano er noen av sj\u00f8-aktivitetene dere har mulighet til \u00e5 drive med p\u00e5 Killingen.<\/figcaption><\/figure>\n\n\n\n<figure class=\"wp-block-image size-large\"><img loading=\"lazy\" decoding=\"async\" width=\"973\" height=\"649\" data-id=\"19\" src=\"https:\/\/kirkensbymisjon.no\/content\/uploads\/sites\/142\/2024\/08\/Tilbud_Camp-Killingen_15.jpg\" alt=\"Tilrettelagt brygge for rullestolbrukere\" class=\"wp-image-19\" srcset=\"https:\/\/kirkensbymisjon.no\/content\/uploads\/sites\/142\/2024\/08\/Tilbud_Camp-Killingen_15.jpg 973w, https:\/\/kirkensbymisjon.no\/content\/uploads\/sites\/142\/2024\/08\/Tilbud_Camp-Killingen_15-300x200.jpg 300w, https:\/\/kirkensbymisjon.no\/content\/uploads\/sites\/142\/2024\/08\/Tilbud_Camp-Killingen_15-768x512.jpg 768w\" sizes=\"auto, (max-width: 973px) 100vw, 973px\" \/><figcaption class=\"wp-element-caption\">Store deler av omr\u00e5det, inkludert fergen ut til \u00f8ya, er tilrettelagt for rullestolbrukere.<\/figcaption><\/figure>\n\n\n\n<figure class=\"wp-block-image size-large\"><img loading=\"lazy\" decoding=\"async\" width=\"973\" height=\"648\" data-id=\"20\" src=\"https:\/\/kirkensbymisjon.no\/content\/uploads\/sites\/142\/2024\/08\/Tilbud_Camp-Killingen_16.jpg\" alt=\"Sklie ned til vannet\" class=\"wp-image-20\" srcset=\"https:\/\/kirkensbymisjon.no\/content\/uploads\/sites\/142\/2024\/08\/Tilbud_Camp-Killingen_16.jpg 973w, https:\/\/kirkensbymisjon.no\/content\/uploads\/sites\/142\/2024\/08\/Tilbud_Camp-Killingen_16-300x200.jpg 300w, https:\/\/kirkensbymisjon.no\/content\/uploads\/sites\/142\/2024\/08\/Tilbud_Camp-Killingen_16-768x511.jpg 768w\" sizes=\"auto, (max-width: 973px) 100vw, 973px\" \/><figcaption class=\"wp-element-caption\">Nyt late, deilige sommerdager p\u00e5 denne skjulte perlen i Drammensfjorden.<\/figcaption><\/figure>\n\n\n\n<figure class=\"wp-block-image size-large\"><img loading=\"lazy\" decoding=\"async\" width=\"973\" height=\"648\" data-id=\"21\" src=\"https:\/\/kirkensbymisjon.no\/content\/uploads\/sites\/142\/2024\/08\/Tilbud_Camp-Killingen_17.jpg\" alt=\"Kajakker ligger klare til bruk.\" class=\"wp-image-21\" srcset=\"https:\/\/kirkensbymisjon.no\/content\/uploads\/sites\/142\/2024\/08\/Tilbud_Camp-Killingen_17.jpg 973w, https:\/\/kirkensbymisjon.no\/content\/uploads\/sites\/142\/2024\/08\/Tilbud_Camp-Killingen_17-300x200.jpg 300w, https:\/\/kirkensbymisjon.no\/content\/uploads\/sites\/142\/2024\/08\/Tilbud_Camp-Killingen_17-768x511.jpg 768w\" sizes=\"auto, (max-width: 973px) 100vw, 973px\" \/><figcaption class=\"wp-element-caption\">Camp Killingen kan leies b\u00e5de av privatpersoner, organisasjoner og skoler.<\/figcaption><\/figure>\n\n\n\n<figure class=\"wp-block-image size-large\"><img loading=\"lazy\" decoding=\"async\" width=\"973\" height=\"618\" data-id=\"22\" src=\"https:\/\/kirkensbymisjon.no\/content\/uploads\/sites\/142\/2024\/08\/Tilbud_Camp-Killingen_18.jpg\" alt=\"Brygga ved \u00f8ya med mange folk og b\u00e5ter\" class=\"wp-image-22\" srcset=\"https:\/\/kirkensbymisjon.no\/content\/uploads\/sites\/142\/2024\/08\/Tilbud_Camp-Killingen_18.jpg 973w, https:\/\/kirkensbymisjon.no\/content\/uploads\/sites\/142\/2024\/08\/Tilbud_Camp-Killingen_18-300x191.jpg 300w, https:\/\/kirkensbymisjon.no\/content\/uploads\/sites\/142\/2024\/08\/Tilbud_Camp-Killingen_18-768x488.jpg 768w\" sizes=\"auto, (max-width: 973px) 100vw, 973px\" \/><figcaption class=\"wp-element-caption\">Feriekolonien p\u00e5 Camp Killingen er et tilbud til skolebarn i Drammen og omegn. Her kan barn i alle livssituasjoner oppleve \u00e5 ha like muligheter og likt utgangspunkt for gode ferieopplevelser i trygge omgivelser.<\/figcaption><\/figure>\n\n\n\n<figure class=\"wp-block-image size-large\"><img loading=\"lazy\" decoding=\"async\" width=\"973\" height=\"648\" data-id=\"23\" src=\"https:\/\/kirkensbymisjon.no\/content\/uploads\/sites\/142\/2024\/08\/Tilbud_Camp-Killingen_19.jpg\" alt=\"En sti gjennom skogen med blomster og b\u00e5ter\" class=\"wp-image-23\" srcset=\"https:\/\/kirkensbymisjon.no\/content\/uploads\/sites\/142\/2024\/08\/Tilbud_Camp-Killingen_19.jpg 973w, https:\/\/kirkensbymisjon.no\/content\/uploads\/sites\/142\/2024\/08\/Tilbud_Camp-Killingen_19-300x200.jpg 300w, https:\/\/kirkensbymisjon.no\/content\/uploads\/sites\/142\/2024\/08\/Tilbud_Camp-Killingen_19-768x511.jpg 768w\" sizes=\"auto, (max-width: 973px) 100vw, 973px\" \/><figcaption class=\"wp-element-caption\">Et opphold p\u00e5 Camp Killingen vil gi sommerminner av det beste slaget.<\/figcaption><\/figure>\n<\/figure>\n\n\t\t\t<\/div>\n\t\t<\/div>\n\t<\/div>\n\t\n\n\t<div class=\"alignwide wp-block-kbm-video\">\n\t\t\n\n<figure class=\"wp-block-embed is-type-video is-provider-vimeo wp-block-embed-vimeo wp-embed-aspect-16-9 wp-has-aspect-ratio\"><div class=\"wp-block-embed__wrapper\">\n<iframe loading=\"lazy\" title=\"Feriekoloni p\u00e5 Killingen\" src=\"https:\/\/player.vimeo.com\/video\/517867990?dnt=1&amp;app_id=122963\" width=\"500\" height=\"281\" frameborder=\"0\" allow=\"autoplay; fullscreen; picture-in-picture; clipboard-write; encrypted-media\"><\/iframe>\n<\/div><\/figure>\n\n\t\t<div class=\"kbm-video__content\" style=\"aspect-ratio: 16\/9\">\n\t\t\t<div class=\"kbm-video__play\">\n\t\t\t\t<span class=\"screen-reader-text\">Spill video<\/span>\n\t\t\t\t<svg xmlns=\"http:\/\/www.w3.org\/2000\/svg\" viewBox=\"0 0 48 48\" height=\"24\" width=\"24\" class=\"t2-icon t2-icon-play\" aria-hidden=\"true\" focusable=\"false\"><rect width=\"48\" height=\"48\" rx=\"24\"\/><path fill=\"currentColor\" d=\"M29.888 23.1913c.5491.3993.5491 1.2181 0 1.6174l-8.2998 6.0363c-.661.4807-1.5882.0085-1.5882-.8088V17.9638c0-.8173.9272-1.2895 1.5882-.8088l8.2998 6.0363Z\"\/><\/svg>\t\t\t\t\t\t\t\t\t<p class=\"kbm-video__subtext\">Feriekoloni p\u00e5 Killingen<\/p>\n\t\t\t\t\t\t\t<\/div>\n\t\t\t\t\t\t\t<h2 class=\"kbm-video__title\">Barn og unge p\u00e5 Camp Killingen<\/h2>\n\t\t\t\t\t\t<img loading=\"lazy\" decoding=\"async\" width=\"1092\" height=\"561\" src=\"https:\/\/kirkensbymisjon.no\/content\/uploads\/sites\/142\/2024\/08\/Tilbud_Camp-Killingen_Video.jpg\" class=\"attachment-full size-full\" alt=\"Barn som l\u00f8per\" style=\"object-position: 50% 50%\" \/>\t\t<\/div>\n\t<\/div>\n\t","protected":false},"excerpt":{"rendered":"<p>Camp Killingen er en perle ytterst i Drammensfjorden, og et perfekt sted for gode opplevelser&hellip;<\/p>\n","protected":false},"author":4,"featured_media":5,"parent":0,"menu_order":0,"comment_status":"closed","ping_status":"closed","template":"","meta":{"_relevanssi_hide_post":"","_relevanssi_hide_content":"","_relevanssi_pin_for_all":"","_relevanssi_pin_keywords":"","_relevanssi_unpin_keywords":"","_relevanssi_related_keywords":"","_relevanssi_related_include_ids":"","_relevanssi_related_exclude_ids":"","_relevanssi_related_no_append":"","_relevanssi_related_not_related":"","_relevanssi_related_posts":"1","_relevanssi_noindex_reason":"","editor_notices":[],"footnotes":""},"class_list":["post-3","page","type-page","status-publish","has-post-thumbnail","hentry"],"yoast_head":"<!-- This site is optimized with the Yoast SEO Premium plugin v27.2 (Yoast SEO v27.2) - https:\/\/yoast.com\/product\/yoast-seo-premium-wordpress\/ -->\n<title>Kirkens Bymisjon - Camp Killingen<\/title>\n<meta name=\"description\" content=\"Camp Killingen er en perle ytterst i Drammensfjorden. Vi tilbyr utleie av \u00f8ya, og om sommeren arrangerer vi feriekoloni for barn og unge.\" \/>\n<meta name=\"robots\" content=\"index, follow, max-snippet:-1, max-image-preview:large, max-video-preview:-1\" \/>\n<link rel=\"canonical\" href=\"https:\/\/kirkensbymisjon.no\/tilbud-camp-killingen\/\" \/>\n<meta property=\"og:locale\" content=\"nb_NO\" \/>\n<meta property=\"og:type\" content=\"article\" \/>\n<meta property=\"og:title\" content=\"Kirkens Bymisjon - Camp Killingen\" \/>\n<meta property=\"og:description\" content=\"Camp Killingen er en perle ytterst i Drammensfjorden. Vi tilbyr utleie av \u00f8ya, og om sommeren arrangerer vi feriekoloni for barn og unge.\" \/>\n<meta property=\"og:url\" content=\"https:\/\/kirkensbymisjon.no\/tilbud-camp-killingen\/\" \/>\n<meta property=\"og:site_name\" content=\"Camp Killingen\" \/>\n<meta property=\"article:modified_time\" content=\"2026-02-03T10:54:04+00:00\" \/>\n<meta property=\"og:image\" content=\"https:\/\/kirkensbymisjon.no\/content\/uploads\/sites\/142\/2024\/08\/Tilbud_Camp-Killingen_01.jpg\" \/>\n\t<meta property=\"og:image:width\" content=\"973\" \/>\n\t<meta property=\"og:image:height\" content=\"651\" \/>\n\t<meta property=\"og:image:type\" content=\"image\/jpeg\" \/>\n<meta name=\"twitter:card\" content=\"summary_large_image\" \/>\n<meta name=\"twitter:title\" content=\"Forside\" \/>\n<meta name=\"twitter:label1\" content=\"Ansl. lesetid\" \/>\n\t<meta name=\"twitter:data1\" content=\"6 minutter\" \/>\n<script type=\"application\/ld+json\" class=\"yoast-schema-graph\">{\"@context\":\"https:\/\/schema.org\",\"@graph\":[{\"@type\":\"WebPage\",\"@id\":\"https:\/\/kirkensbymisjon.no\/tilbud-camp-killingen\/\",\"url\":\"https:\/\/kirkensbymisjon.no\/tilbud-camp-killingen\/\",\"name\":\"Kirkens Bymisjon - Camp Killingen\",\"isPartOf\":{\"@id\":\"https:\/\/kirkensbymisjon.no\/tilbud-camp-killingen\/#website\"},\"primaryImageOfPage\":{\"@id\":\"https:\/\/kirkensbymisjon.no\/tilbud-camp-killingen\/#primaryimage\"},\"image\":{\"@id\":\"https:\/\/kirkensbymisjon.no\/tilbud-camp-killingen\/#primaryimage\"},\"thumbnailUrl\":\"https:\/\/kirkensbymisjon.no\/content\/uploads\/sites\/142\/2024\/08\/Tilbud_Camp-Killingen_01.jpg\",\"datePublished\":\"2024-08-23T09:15:59+00:00\",\"dateModified\":\"2026-02-03T10:54:04+00:00\",\"description\":\"Camp Killingen er en perle ytterst i Drammensfjorden. Vi tilbyr utleie av \u00f8ya, og om sommeren arrangerer vi feriekoloni for barn og unge.\",\"breadcrumb\":{\"@id\":\"https:\/\/kirkensbymisjon.no\/tilbud-camp-killingen\/#breadcrumb\"},\"inLanguage\":\"nb-NO\",\"potentialAction\":[{\"@type\":\"ReadAction\",\"target\":[\"https:\/\/kirkensbymisjon.no\/tilbud-camp-killingen\/\"]}]},{\"@type\":\"ImageObject\",\"inLanguage\":\"nb-NO\",\"@id\":\"https:\/\/kirkensbymisjon.no\/tilbud-camp-killingen\/#primaryimage\",\"url\":\"https:\/\/kirkensbymisjon.no\/content\/uploads\/sites\/142\/2024\/08\/Tilbud_Camp-Killingen_01.jpg\",\"contentUrl\":\"https:\/\/kirkensbymisjon.no\/content\/uploads\/sites\/142\/2024\/08\/Tilbud_Camp-Killingen_01.jpg\",\"width\":973,\"height\":651,\"caption\":\"Det hvite huset og en strand sett fra vannet\"},{\"@type\":\"BreadcrumbList\",\"@id\":\"https:\/\/kirkensbymisjon.no\/tilbud-camp-killingen\/#breadcrumb\",\"itemListElement\":[{\"@type\":\"ListItem\",\"position\":1,\"name\":\"Hjem\",\"item\":\"https:\/\/kirkensbymisjon.no\/tilbud-camp-killingen\/\"},{\"@type\":\"ListItem\",\"position\":2,\"name\":\"Forside\"}]},{\"@type\":\"WebSite\",\"@id\":\"https:\/\/kirkensbymisjon.no\/tilbud-camp-killingen\/#website\",\"url\":\"https:\/\/kirkensbymisjon.no\/tilbud-camp-killingen\/\",\"name\":\"Camp Killingen\",\"description\":\"\",\"potentialAction\":[{\"@type\":\"SearchAction\",\"target\":{\"@type\":\"EntryPoint\",\"urlTemplate\":\"https:\/\/kirkensbymisjon.no\/tilbud-camp-killingen\/?s={search_term_string}\"},\"query-input\":{\"@type\":\"PropertyValueSpecification\",\"valueRequired\":true,\"valueName\":\"search_term_string\"}}],\"inLanguage\":\"nb-NO\"}]}<\/script>\n<!-- \/ Yoast SEO Premium plugin. -->","yoast_head_json":{"title":"Kirkens Bymisjon - Camp Killingen","description":"Camp Killingen er en perle ytterst i Drammensfjorden. Vi tilbyr utleie av \u00f8ya, og om sommeren arrangerer vi feriekoloni for barn og unge.","robots":{"index":"index","follow":"follow","max-snippet":"max-snippet:-1","max-image-preview":"max-image-preview:large","max-video-preview":"max-video-preview:-1"},"canonical":"https:\/\/kirkensbymisjon.no\/tilbud-camp-killingen\/","og_locale":"nb_NO","og_type":"article","og_title":"Kirkens Bymisjon - Camp Killingen","og_description":"Camp Killingen er en perle ytterst i Drammensfjorden. Vi tilbyr utleie av \u00f8ya, og om sommeren arrangerer vi feriekoloni for barn og unge.","og_url":"https:\/\/kirkensbymisjon.no\/tilbud-camp-killingen\/","og_site_name":"Camp Killingen","article_modified_time":"2026-02-03T10:54:04+00:00","og_image":[{"width":973,"height":651,"url":"https:\/\/kirkensbymisjon.no\/content\/uploads\/sites\/142\/2024\/08\/Tilbud_Camp-Killingen_01.jpg","type":"image\/jpeg"}],"twitter_card":"summary_large_image","twitter_title":"Forside","twitter_misc":{"Ansl. lesetid":"6 minutter"},"schema":{"@context":"https:\/\/schema.org","@graph":[{"@type":"WebPage","@id":"https:\/\/kirkensbymisjon.no\/tilbud-camp-killingen\/","url":"https:\/\/kirkensbymisjon.no\/tilbud-camp-killingen\/","name":"Kirkens Bymisjon - Camp Killingen","isPartOf":{"@id":"https:\/\/kirkensbymisjon.no\/tilbud-camp-killingen\/#website"},"primaryImageOfPage":{"@id":"https:\/\/kirkensbymisjon.no\/tilbud-camp-killingen\/#primaryimage"},"image":{"@id":"https:\/\/kirkensbymisjon.no\/tilbud-camp-killingen\/#primaryimage"},"thumbnailUrl":"https:\/\/kirkensbymisjon.no\/content\/uploads\/sites\/142\/2024\/08\/Tilbud_Camp-Killingen_01.jpg","datePublished":"2024-08-23T09:15:59+00:00","dateModified":"2026-02-03T10:54:04+00:00","description":"Camp Killingen er en perle ytterst i Drammensfjorden. Vi tilbyr utleie av \u00f8ya, og om sommeren arrangerer vi feriekoloni for barn og unge.","breadcrumb":{"@id":"https:\/\/kirkensbymisjon.no\/tilbud-camp-killingen\/#breadcrumb"},"inLanguage":"nb-NO","potentialAction":[{"@type":"ReadAction","target":["https:\/\/kirkensbymisjon.no\/tilbud-camp-killingen\/"]}]},{"@type":"ImageObject","inLanguage":"nb-NO","@id":"https:\/\/kirkensbymisjon.no\/tilbud-camp-killingen\/#primaryimage","url":"https:\/\/kirkensbymisjon.no\/content\/uploads\/sites\/142\/2024\/08\/Tilbud_Camp-Killingen_01.jpg","contentUrl":"https:\/\/kirkensbymisjon.no\/content\/uploads\/sites\/142\/2024\/08\/Tilbud_Camp-Killingen_01.jpg","width":973,"height":651,"caption":"Det hvite huset og en strand sett fra vannet"},{"@type":"BreadcrumbList","@id":"https:\/\/kirkensbymisjon.no\/tilbud-camp-killingen\/#breadcrumb","itemListElement":[{"@type":"ListItem","position":1,"name":"Hjem","item":"https:\/\/kirkensbymisjon.no\/tilbud-camp-killingen\/"},{"@type":"ListItem","position":2,"name":"Forside"}]},{"@type":"WebSite","@id":"https:\/\/kirkensbymisjon.no\/tilbud-camp-killingen\/#website","url":"https:\/\/kirkensbymisjon.no\/tilbud-camp-killingen\/","name":"Camp Killingen","description":"","potentialAction":[{"@type":"SearchAction","target":{"@type":"EntryPoint","urlTemplate":"https:\/\/kirkensbymisjon.no\/tilbud-camp-killingen\/?s={search_term_string}"},"query-input":{"@type":"PropertyValueSpecification","valueRequired":true,"valueName":"search_term_string"}}],"inLanguage":"nb-NO"}]}},"_links":{"self":[{"href":"https:\/\/kirkensbymisjon.no\/tilbud-camp-killingen\/wp-json\/wp\/v2\/pages\/3","targetHints":{"allow":["GET"]}}],"collection":[{"href":"https:\/\/kirkensbymisjon.no\/tilbud-camp-killingen\/wp-json\/wp\/v2\/pages"}],"about":[{"href":"https:\/\/kirkensbymisjon.no\/tilbud-camp-killingen\/wp-json\/wp\/v2\/types\/page"}],"author":[{"embeddable":true,"href":"https:\/\/kirkensbymisjon.no\/tilbud-camp-killingen\/wp-json\/wp\/v2\/users\/4"}],"replies":[{"embeddable":true,"href":"https:\/\/kirkensbymisjon.no\/tilbud-camp-killingen\/wp-json\/wp\/v2\/comments?post=3"}],"version-history":[{"count":5,"href":"https:\/\/kirkensbymisjon.no\/tilbud-camp-killingen\/wp-json\/wp\/v2\/pages\/3\/revisions"}],"predecessor-version":[{"id":149,"href":"https:\/\/kirkensbymisjon.no\/tilbud-camp-killingen\/wp-json\/wp\/v2\/pages\/3\/revisions\/149"}],"wp:featuredmedia":[{"embeddable":true,"href":"https:\/\/kirkensbymisjon.no\/tilbud-camp-killingen\/wp-json\/wp\/v2\/media\/5"}],"wp:attachment":[{"href":"https:\/\/kirkensbymisjon.no\/tilbud-camp-killingen\/wp-json\/wp\/v2\/media?parent=3"}],"curies":[{"name":"wp","href":"https:\/\/api.w.org\/{rel}","templated":true}]}}