{"id":39,"date":"2024-08-23T11:25:27","date_gmt":"2024-08-23T09:25:27","guid":{"rendered":"https:\/\/kirkensbymisjon.no\/tilbud-camp-killingen\/?page_id=39"},"modified":"2025-05-02T12:44:49","modified_gmt":"2025-05-02T10:44:49","slug":"utleie","status":"publish","type":"page","link":"https:\/\/kirkensbymisjon.no\/tilbud-camp-killingen\/utleie\/","title":{"rendered":"Utleie"},"content":{"rendered":"\n<p>Camp Killingen kan leies til leiropphold, skoleturer, firmaturer, bryllup og andre arrangementer fra slutten av april, n\u00e5r b\u00e5tsesongen starter, og frem til litt ut i oktober. I skoleferien er stedet ikke tilgjengelig for utleie grunnet feriekolonier.<\/p>\n\n\n\n<figure class=\"wp-block-image size-full\"><img loading=\"lazy\" decoding=\"async\" width=\"973\" height=\"487\" src=\"https:\/\/kirkensbymisjon.no\/content\/uploads\/sites\/142\/2024\/08\/Tilbud_Camp-Killingen_21.jpg\" alt=\"\u00d8ya fra vannet.\" class=\"wp-image-25\" srcset=\"https:\/\/kirkensbymisjon.no\/content\/uploads\/sites\/142\/2024\/08\/Tilbud_Camp-Killingen_21.jpg 973w, https:\/\/kirkensbymisjon.no\/content\/uploads\/sites\/142\/2024\/08\/Tilbud_Camp-Killingen_21-300x150.jpg 300w, https:\/\/kirkensbymisjon.no\/content\/uploads\/sites\/142\/2024\/08\/Tilbud_Camp-Killingen_21-768x384.jpg 768w\" sizes=\"auto, (max-width: 973px) 100vw, 973px\" \/><figcaption class=\"wp-element-caption\">\u00d8ya kan leies fra slutten av april til litt ut i oktober.<\/figcaption><\/figure>\n\n\n\n<p>Hovedhuset og tilh\u00f8rende soveromsfl\u00f8y er tilgjengelig for leie og er et popul\u00e6rt sted for eksempelvis bryllup, bedriftsarrangement og vennetreff.<\/p>\n\n\n\n<p>Stedet best\u00e5r av hovedhus fra 1942 med storkj\u00f8kken, spisesal, to stuer og tre soverom (dobbelt-, tremanns- og firemannsrom). Flott vestvendt terrasse. <br>I 2000 ble det bygget sovehus med plass til 46 personer fordelt p\u00e5 <br>4- og 6-sengsrom. Der er ogs\u00e5 dusjer, toaletter og t\u00f8rkerom, samt et undervisningsrom med tr\u00e5dl\u00f8st nett. Store deler av omr\u00e5det er tilrettelagt for rullestolbrukere. <br><a href=\"\/tilbud-camp-killingen\/om-stedet\">Les mer om stedet<\/a>.<\/p>\n\n\n\n<p>Som leietager har du ogs\u00e5 tilgang til 7 kajakker, 4 kanoer, 6 rob\u00e5ter og en liten motorb\u00e5t. Vi har 3 gassgriller (en liten, en middels stor og en takke med grillflate p\u00e5 ca. 1 meter i diameter). Ellers har vi blant annet bordtennisbord, fotballspill, airhockey, shuffleboard, fotballbane p\u00e5 ca. 15 x 30 m (grus), volleyballnett og diverse hagespill. Vi holder n\u00e5 p\u00e5 med \u00e5 lage diverse utstyr for \u00e5 holde \u00f8velser som er med i eksempelvis <a href=\"https:\/\/tv.nrk.no\/serie\/mesternes-mester\">Mesternes Mester<\/a>.<\/p>\n\n\n\n<p><a href=\"\/tilbud-camp-killingen\/kontaktinformasjon\">Ta kontakt<\/a> for \u00e5 leie Camp Killingen.<\/p>\n\n\n\n<h3 class=\"wp-block-heading\" id=\"h-prisliste-for-leie-av-omradet\">Prisliste for leie av omr\u00e5det<\/h3>\n\n\n<div class=\"t2-accordion wp-block-t2-accordion\" data-allow-multiple=\"1\" role=\"list\">\n<div class=\"t2-accordion-item wp-block-t2-accordion-item\" role=\"listitem\">\n\t\t\t<h3 class=\"t2-accordion-title\">\n\t\t\t\t<button type=\"button\" class=\"t2-accordion-trigger\" id=\"helg\" aria-controls=\"accordion-panel\" aria-expanded=\"false\">\n\t\t\t\t\tHelg\n\t\t\t\t\t<span class=\"t2-accordion-icon is-closed-icon\"><svg xmlns=\"http:\/\/www.w3.org\/2000\/svg\" viewBox=\"0 0 24 24\" height=\"24\" width=\"24\" class=\"t2-icon t2-icon-plus\" aria-hidden=\"true\" focusable=\"false\"><path d=\"M11.8 5.037a1.088 1.088 0 0 0-.722.566c-.075.148-.078.25-.078 2.772v2.619l-2.61.016c-1.867.012-2.652.03-2.756.064-.168.055-.438.301-.54.494-.049.092-.07.223-.07.432 0 .34.054.476.282.704.289.289.14.275 3.064.288l2.63.012v2.619c0 2.544.002 2.625.08 2.778.191.372.516.577.92.577s.729-.205.92-.577c.078-.153.08-.234.08-2.778v-2.619l2.63-.012c2.924-.013 2.775.001 3.064-.288.228-.228.282-.364.282-.704 0-.209-.021-.34-.07-.432-.102-.193-.372-.439-.54-.494-.104-.034-.889-.052-2.756-.064L13 10.994V8.375c0-2.522-.003-2.624-.078-2.772-.214-.418-.685-.656-1.122-.566\"\/><\/svg><\/span>\n\t\t\t\t\t<span class=\"t2-accordion-icon is-open-icon\"><svg xmlns=\"http:\/\/www.w3.org\/2000\/svg\" viewBox=\"0 0 24 24\" height=\"24\" width=\"24\" class=\"t2-icon t2-icon-chevronup\" aria-hidden=\"true\" focusable=\"false\"><path d=\"M6.7 14.7c-.2-.2-.3-.4-.3-.7s.1-.5.3-.7l4.6-4.6c.1-.1.2-.2.3-.2.1 0 .2-.1.4-.1.1 0 .3 0 .4.1.1 0 .2.1.3.2l4.6 4.6c.2.2.3.4.3.7s-.1.5-.3.7c-.2.2-.4.3-.7.3s-.5-.1-.7-.3L12 10.8l-3.9 3.9c-.2.2-.4.3-.7.3s-.5-.1-.7-.3z\" fill=\"currentColor\" \/><\/svg><\/span>\n\t\t\t\t<\/button>\n\t\t\t<\/h3>\n\t\t\t<div class=\"t2-accordion-item__inner-container is-layout-flow\" id=\"accordion-panel\" aria-labelledby=\"helg\" role=\"region\" hidden>\n\t\t\t\t\n\n<p><em>Alle priser er eks. mva.<\/em><\/p>\n\n\n\n<p>Leie: 16 000,\u2013 \u00a0+ 125,- per person pr. dag<br>Utvask: 3 000,\u2013<br>B\u00e5ttransport: 75,\u2013 per person<\/p>\n\n\n\n<p>Ankomst kl. 17.00 fredag, og hjemreise kl. 14.00 \u2013 hvis ikke annet er avtalt.<\/p>\n\n\n\t\t\t<\/div>\n\t\t<\/div>\n\n<div class=\"t2-accordion-item wp-block-t2-accordion-item\" role=\"listitem\">\n\t\t\t<h3 class=\"t2-accordion-title\">\n\t\t\t\t<button type=\"button\" class=\"t2-accordion-trigger\" id=\"hverdager\" aria-controls=\"accordion-panel-1\" aria-expanded=\"false\">\n\t\t\t\t\tHverdager\n\t\t\t\t\t<span class=\"t2-accordion-icon is-closed-icon\"><svg xmlns=\"http:\/\/www.w3.org\/2000\/svg\" viewBox=\"0 0 24 24\" height=\"24\" width=\"24\" class=\"t2-icon t2-icon-plus\" aria-hidden=\"true\" focusable=\"false\"><path d=\"M11.8 5.037a1.088 1.088 0 0 0-.722.566c-.075.148-.078.25-.078 2.772v2.619l-2.61.016c-1.867.012-2.652.03-2.756.064-.168.055-.438.301-.54.494-.049.092-.07.223-.07.432 0 .34.054.476.282.704.289.289.14.275 3.064.288l2.63.012v2.619c0 2.544.002 2.625.08 2.778.191.372.516.577.92.577s.729-.205.92-.577c.078-.153.08-.234.08-2.778v-2.619l2.63-.012c2.924-.013 2.775.001 3.064-.288.228-.228.282-.364.282-.704 0-.209-.021-.34-.07-.432-.102-.193-.372-.439-.54-.494-.104-.034-.889-.052-2.756-.064L13 10.994V8.375c0-2.522-.003-2.624-.078-2.772-.214-.418-.685-.656-1.122-.566\"\/><\/svg><\/span>\n\t\t\t\t\t<span class=\"t2-accordion-icon is-open-icon\"><svg xmlns=\"http:\/\/www.w3.org\/2000\/svg\" viewBox=\"0 0 24 24\" height=\"24\" width=\"24\" class=\"t2-icon t2-icon-chevronup\" aria-hidden=\"true\" focusable=\"false\"><path d=\"M6.7 14.7c-.2-.2-.3-.4-.3-.7s.1-.5.3-.7l4.6-4.6c.1-.1.2-.2.3-.2.1 0 .2-.1.4-.1.1 0 .3 0 .4.1.1 0 .2.1.3.2l4.6 4.6c.2.2.3.4.3.7s-.1.5-.3.7c-.2.2-.4.3-.7.3s-.5-.1-.7-.3L12 10.8l-3.9 3.9c-.2.2-.4.3-.7.3s-.5-.1-.7-.3z\" fill=\"currentColor\" \/><\/svg><\/span>\n\t\t\t\t<\/button>\n\t\t\t<\/h3>\n\t\t\t<div class=\"t2-accordion-item__inner-container is-layout-flow\" id=\"accordion-panel-1\" aria-labelledby=\"hverdager\" role=\"region\" hidden>\n\t\t\t\t\n\n<p><em>Alle priser er eks. mva.<\/em><\/p>\n\n\n\n<p>Leie: 10 000,\u2013 pr. natt<br>Utvask: 3 000,\u2013<br>B\u00e5ttransport: 65,\u2013 per person<\/p>\n\n\n\n<p>Ankomst fra kl. 09.00, og hjemreise seinest kl. 14.00 \u2013 hvis ikke annet er avtalt.<\/p>\n\n\n\t\t\t<\/div>\n\t\t<\/div>\n\n<div class=\"t2-accordion-item wp-block-t2-accordion-item\" role=\"listitem\">\n\t\t\t<h3 class=\"t2-accordion-title\">\n\t\t\t\t<button type=\"button\" class=\"t2-accordion-trigger\" id=\"idrettslag-og-organisasjoner\" aria-controls=\"accordion-panel-2\" aria-expanded=\"false\">\n\t\t\t\t\tIdrettslag og organisasjoner\n\t\t\t\t\t<span class=\"t2-accordion-icon is-closed-icon\"><svg xmlns=\"http:\/\/www.w3.org\/2000\/svg\" viewBox=\"0 0 24 24\" height=\"24\" width=\"24\" class=\"t2-icon t2-icon-plus\" aria-hidden=\"true\" focusable=\"false\"><path d=\"M11.8 5.037a1.088 1.088 0 0 0-.722.566c-.075.148-.078.25-.078 2.772v2.619l-2.61.016c-1.867.012-2.652.03-2.756.064-.168.055-.438.301-.54.494-.049.092-.07.223-.07.432 0 .34.054.476.282.704.289.289.14.275 3.064.288l2.63.012v2.619c0 2.544.002 2.625.08 2.778.191.372.516.577.92.577s.729-.205.92-.577c.078-.153.08-.234.08-2.778v-2.619l2.63-.012c2.924-.013 2.775.001 3.064-.288.228-.228.282-.364.282-.704 0-.209-.021-.34-.07-.432-.102-.193-.372-.439-.54-.494-.104-.034-.889-.052-2.756-.064L13 10.994V8.375c0-2.522-.003-2.624-.078-2.772-.214-.418-.685-.656-1.122-.566\"\/><\/svg><\/span>\n\t\t\t\t\t<span class=\"t2-accordion-icon is-open-icon\"><svg xmlns=\"http:\/\/www.w3.org\/2000\/svg\" viewBox=\"0 0 24 24\" height=\"24\" width=\"24\" class=\"t2-icon t2-icon-chevronup\" aria-hidden=\"true\" focusable=\"false\"><path d=\"M6.7 14.7c-.2-.2-.3-.4-.3-.7s.1-.5.3-.7l4.6-4.6c.1-.1.2-.2.3-.2.1 0 .2-.1.4-.1.1 0 .3 0 .4.1.1 0 .2.1.3.2l4.6 4.6c.2.2.3.4.3.7s-.1.5-.3.7c-.2.2-.4.3-.7.3s-.5-.1-.7-.3L12 10.8l-3.9 3.9c-.2.2-.4.3-.7.3s-.5-.1-.7-.3z\" fill=\"currentColor\" \/><\/svg><\/span>\n\t\t\t\t<\/button>\n\t\t\t<\/h3>\n\t\t\t<div class=\"t2-accordion-item__inner-container is-layout-flow\" id=\"accordion-panel-2\" aria-labelledby=\"idrettslag-og-organisasjoner\" role=\"region\" hidden>\n\t\t\t\t\n\n<p>Vi har egne priser for idrettlag og organisasjoner \u2013 <a href=\"\/tilbud-camp-killingen\/kontaktinformasjon\">ta kontakt<\/a>.<\/p>\n\n\n\t\t\t<\/div>\n\t\t<\/div>\n<\/div>","protected":false},"excerpt":{"rendered":"<p>Camp Killingen kan leies til leiropphold, skoleturer, firmaturer, bryllup og andre arrangementer fra slutten av&hellip;<\/p>\n","protected":false},"author":4,"featured_media":0,"parent":0,"menu_order":0,"comment_status":"closed","ping_status":"closed","template":"","meta":{"_relevanssi_hide_post":"","_relevanssi_hide_content":"","_relevanssi_pin_for_all":"","_relevanssi_pin_keywords":"","_relevanssi_unpin_keywords":"","_relevanssi_related_keywords":"","_relevanssi_related_include_ids":"","_relevanssi_related_exclude_ids":"","_relevanssi_related_no_append":"","_relevanssi_related_not_related":"","_relevanssi_related_posts":"1","_relevanssi_noindex_reason":"","editor_notices":[],"footnotes":""},"class_list":["post-39","page","type-page","status-publish","hentry"],"yoast_head":"<!-- This site is optimized with the Yoast SEO Premium plugin v27.2 (Yoast SEO v27.4) - https:\/\/yoast.com\/product\/yoast-seo-premium-wordpress\/ -->\n<title>Utleie - Camp Killingen<\/title>\n<meta name=\"robots\" content=\"index, follow, max-snippet:-1, max-image-preview:large, max-video-preview:-1\" \/>\n<link rel=\"canonical\" href=\"https:\/\/kirkensbymisjon.no\/tilbud-camp-killingen\/utleie\/\" \/>\n<meta property=\"og:locale\" content=\"nb_NO\" \/>\n<meta property=\"og:type\" content=\"article\" \/>\n<meta property=\"og:title\" content=\"Utleie\" \/>\n<meta property=\"og:description\" content=\"Camp Killingen kan leies til leiropphold, skoleturer, firmaturer, bryllup og andre arrangementer fra slutten av&hellip;\" \/>\n<meta property=\"og:url\" content=\"https:\/\/kirkensbymisjon.no\/tilbud-camp-killingen\/utleie\/\" \/>\n<meta property=\"og:site_name\" content=\"Camp Killingen\" \/>\n<meta property=\"article:modified_time\" content=\"2025-05-02T10:44:49+00:00\" \/>\n<meta property=\"og:image\" content=\"https:\/\/kirkensbymisjon.no\/content\/uploads\/sites\/142\/2024\/08\/Tilbud_Camp-Killingen_21.jpg\" \/>\n\t<meta property=\"og:image:width\" content=\"973\" \/>\n\t<meta property=\"og:image:height\" content=\"487\" \/>\n\t<meta property=\"og:image:type\" content=\"image\/jpeg\" \/>\n<meta name=\"twitter:card\" content=\"summary_large_image\" \/>\n<meta name=\"twitter:label1\" content=\"Ansl. lesetid\" \/>\n\t<meta name=\"twitter:data1\" content=\"2 minutter\" \/>\n<script type=\"application\/ld+json\" class=\"yoast-schema-graph\">{\"@context\":\"https:\\\/\\\/schema.org\",\"@graph\":[{\"@type\":\"WebPage\",\"@id\":\"https:\\\/\\\/kirkensbymisjon.no\\\/tilbud-camp-killingen\\\/utleie\\\/\",\"url\":\"https:\\\/\\\/kirkensbymisjon.no\\\/tilbud-camp-killingen\\\/utleie\\\/\",\"name\":\"Utleie - Camp Killingen\",\"isPartOf\":{\"@id\":\"https:\\\/\\\/kirkensbymisjon.no\\\/tilbud-camp-killingen\\\/#website\"},\"primaryImageOfPage\":{\"@id\":\"https:\\\/\\\/kirkensbymisjon.no\\\/tilbud-camp-killingen\\\/utleie\\\/#primaryimage\"},\"image\":{\"@id\":\"https:\\\/\\\/kirkensbymisjon.no\\\/tilbud-camp-killingen\\\/utleie\\\/#primaryimage\"},\"thumbnailUrl\":\"https:\\\/\\\/kirkensbymisjon.no\\\/content\\\/uploads\\\/sites\\\/142\\\/2024\\\/08\\\/Tilbud_Camp-Killingen_21.jpg\",\"datePublished\":\"2024-08-23T09:25:27+00:00\",\"dateModified\":\"2025-05-02T10:44:49+00:00\",\"breadcrumb\":{\"@id\":\"https:\\\/\\\/kirkensbymisjon.no\\\/tilbud-camp-killingen\\\/utleie\\\/#breadcrumb\"},\"inLanguage\":\"nb-NO\",\"potentialAction\":[{\"@type\":\"ReadAction\",\"target\":[\"https:\\\/\\\/kirkensbymisjon.no\\\/tilbud-camp-killingen\\\/utleie\\\/\"]}]},{\"@type\":\"ImageObject\",\"inLanguage\":\"nb-NO\",\"@id\":\"https:\\\/\\\/kirkensbymisjon.no\\\/tilbud-camp-killingen\\\/utleie\\\/#primaryimage\",\"url\":\"https:\\\/\\\/kirkensbymisjon.no\\\/content\\\/uploads\\\/sites\\\/142\\\/2024\\\/08\\\/Tilbud_Camp-Killingen_21.jpg\",\"contentUrl\":\"https:\\\/\\\/kirkensbymisjon.no\\\/content\\\/uploads\\\/sites\\\/142\\\/2024\\\/08\\\/Tilbud_Camp-Killingen_21.jpg\"},{\"@type\":\"BreadcrumbList\",\"@id\":\"https:\\\/\\\/kirkensbymisjon.no\\\/tilbud-camp-killingen\\\/utleie\\\/#breadcrumb\",\"itemListElement\":[{\"@type\":\"ListItem\",\"position\":1,\"name\":\"Hjem\",\"item\":\"https:\\\/\\\/kirkensbymisjon.no\\\/tilbud-camp-killingen\\\/\"},{\"@type\":\"ListItem\",\"position\":2,\"name\":\"Utleie\"}]},{\"@type\":\"WebSite\",\"@id\":\"https:\\\/\\\/kirkensbymisjon.no\\\/tilbud-camp-killingen\\\/#website\",\"url\":\"https:\\\/\\\/kirkensbymisjon.no\\\/tilbud-camp-killingen\\\/\",\"name\":\"Camp Killingen\",\"description\":\"\",\"potentialAction\":[{\"@type\":\"SearchAction\",\"target\":{\"@type\":\"EntryPoint\",\"urlTemplate\":\"https:\\\/\\\/kirkensbymisjon.no\\\/tilbud-camp-killingen\\\/?s={search_term_string}\"},\"query-input\":{\"@type\":\"PropertyValueSpecification\",\"valueRequired\":true,\"valueName\":\"search_term_string\"}}],\"inLanguage\":\"nb-NO\"}]}<\/script>\n<!-- \/ Yoast SEO Premium plugin. -->","yoast_head_json":{"title":"Utleie - Camp Killingen","robots":{"index":"index","follow":"follow","max-snippet":"max-snippet:-1","max-image-preview":"max-image-preview:large","max-video-preview":"max-video-preview:-1"},"canonical":"https:\/\/kirkensbymisjon.no\/tilbud-camp-killingen\/utleie\/","og_locale":"nb_NO","og_type":"article","og_title":"Utleie","og_description":"Camp Killingen kan leies til leiropphold, skoleturer, firmaturer, bryllup og andre arrangementer fra slutten av&hellip;","og_url":"https:\/\/kirkensbymisjon.no\/tilbud-camp-killingen\/utleie\/","og_site_name":"Camp Killingen","article_modified_time":"2025-05-02T10:44:49+00:00","og_image":[{"width":973,"height":487,"url":"https:\/\/kirkensbymisjon.no\/content\/uploads\/sites\/142\/2024\/08\/Tilbud_Camp-Killingen_21.jpg","type":"image\/jpeg"}],"twitter_card":"summary_large_image","twitter_misc":{"Ansl. lesetid":"2 minutter"},"schema":{"@context":"https:\/\/schema.org","@graph":[{"@type":"WebPage","@id":"https:\/\/kirkensbymisjon.no\/tilbud-camp-killingen\/utleie\/","url":"https:\/\/kirkensbymisjon.no\/tilbud-camp-killingen\/utleie\/","name":"Utleie - Camp Killingen","isPartOf":{"@id":"https:\/\/kirkensbymisjon.no\/tilbud-camp-killingen\/#website"},"primaryImageOfPage":{"@id":"https:\/\/kirkensbymisjon.no\/tilbud-camp-killingen\/utleie\/#primaryimage"},"image":{"@id":"https:\/\/kirkensbymisjon.no\/tilbud-camp-killingen\/utleie\/#primaryimage"},"thumbnailUrl":"https:\/\/kirkensbymisjon.no\/content\/uploads\/sites\/142\/2024\/08\/Tilbud_Camp-Killingen_21.jpg","datePublished":"2024-08-23T09:25:27+00:00","dateModified":"2025-05-02T10:44:49+00:00","breadcrumb":{"@id":"https:\/\/kirkensbymisjon.no\/tilbud-camp-killingen\/utleie\/#breadcrumb"},"inLanguage":"nb-NO","potentialAction":[{"@type":"ReadAction","target":["https:\/\/kirkensbymisjon.no\/tilbud-camp-killingen\/utleie\/"]}]},{"@type":"ImageObject","inLanguage":"nb-NO","@id":"https:\/\/kirkensbymisjon.no\/tilbud-camp-killingen\/utleie\/#primaryimage","url":"https:\/\/kirkensbymisjon.no\/content\/uploads\/sites\/142\/2024\/08\/Tilbud_Camp-Killingen_21.jpg","contentUrl":"https:\/\/kirkensbymisjon.no\/content\/uploads\/sites\/142\/2024\/08\/Tilbud_Camp-Killingen_21.jpg"},{"@type":"BreadcrumbList","@id":"https:\/\/kirkensbymisjon.no\/tilbud-camp-killingen\/utleie\/#breadcrumb","itemListElement":[{"@type":"ListItem","position":1,"name":"Hjem","item":"https:\/\/kirkensbymisjon.no\/tilbud-camp-killingen\/"},{"@type":"ListItem","position":2,"name":"Utleie"}]},{"@type":"WebSite","@id":"https:\/\/kirkensbymisjon.no\/tilbud-camp-killingen\/#website","url":"https:\/\/kirkensbymisjon.no\/tilbud-camp-killingen\/","name":"Camp Killingen","description":"","potentialAction":[{"@type":"SearchAction","target":{"@type":"EntryPoint","urlTemplate":"https:\/\/kirkensbymisjon.no\/tilbud-camp-killingen\/?s={search_term_string}"},"query-input":{"@type":"PropertyValueSpecification","valueRequired":true,"valueName":"search_term_string"}}],"inLanguage":"nb-NO"}]}},"_links":{"self":[{"href":"https:\/\/kirkensbymisjon.no\/tilbud-camp-killingen\/wp-json\/wp\/v2\/pages\/39","targetHints":{"allow":["GET"]}}],"collection":[{"href":"https:\/\/kirkensbymisjon.no\/tilbud-camp-killingen\/wp-json\/wp\/v2\/pages"}],"about":[{"href":"https:\/\/kirkensbymisjon.no\/tilbud-camp-killingen\/wp-json\/wp\/v2\/types\/page"}],"author":[{"embeddable":true,"href":"https:\/\/kirkensbymisjon.no\/tilbud-camp-killingen\/wp-json\/wp\/v2\/users\/4"}],"replies":[{"embeddable":true,"href":"https:\/\/kirkensbymisjon.no\/tilbud-camp-killingen\/wp-json\/wp\/v2\/comments?post=39"}],"version-history":[{"count":5,"href":"https:\/\/kirkensbymisjon.no\/tilbud-camp-killingen\/wp-json\/wp\/v2\/pages\/39\/revisions"}],"predecessor-version":[{"id":145,"href":"https:\/\/kirkensbymisjon.no\/tilbud-camp-killingen\/wp-json\/wp\/v2\/pages\/39\/revisions\/145"}],"wp:attachment":[{"href":"https:\/\/kirkensbymisjon.no\/tilbud-camp-killingen\/wp-json\/wp\/v2\/media?parent=39"}],"curies":[{"name":"wp","href":"https:\/\/api.w.org\/{rel}","templated":true}]}}