{"id":4,"date":"2024-09-09T13:44:40","date_gmt":"2024-09-09T11:44:40","guid":{"rendered":"https:\/\/kirkensbymisjon.no\/tilbud-dag-1\/forside-2\/"},"modified":"2024-12-03T10:18:36","modified_gmt":"2024-12-03T09:18:36","slug":"forside","status":"publish","type":"page","link":"https:\/\/kirkensbymisjon.no\/tilbud-dag-1\/","title":{"rendered":"Forside"},"content":{"rendered":"\n<div class=\"wp-block-media-text alignwide is-stacked-on-mobile is-style-filled\"><figure class=\"wp-block-media-text__media\"><img loading=\"lazy\" decoding=\"async\" width=\"1024\" height=\"683\" src=\"https:\/\/kirkensbymisjon.no\/content\/uploads\/sites\/153\/2024\/09\/tilbud_dag-1_02-1024x683.jpeg\" alt=\"Far og baby\" class=\"wp-image-30 size-full\" srcset=\"https:\/\/kirkensbymisjon.no\/content\/uploads\/sites\/153\/2024\/09\/tilbud_dag-1_02-1024x683.jpeg 1024w, https:\/\/kirkensbymisjon.no\/content\/uploads\/sites\/153\/2024\/09\/tilbud_dag-1_02-300x200.jpeg 300w, https:\/\/kirkensbymisjon.no\/content\/uploads\/sites\/153\/2024\/09\/tilbud_dag-1_02-768x512.jpeg 768w, https:\/\/kirkensbymisjon.no\/content\/uploads\/sites\/153\/2024\/09\/tilbud_dag-1_02-1536x1024.jpeg 1536w, https:\/\/kirkensbymisjon.no\/content\/uploads\/sites\/153\/2024\/09\/tilbud_dag-1_02-2048x1366.jpeg 2048w\" sizes=\"auto, (max-width: 1024px) 100vw, 1024px\" \/><\/figure><div class=\"wp-block-media-text__content\">\n<h2 class=\"wp-block-heading\" id=\"h-den-viktige-tilknytning-allerede-for-barnet-er-fodt\">Den viktige tilknytning \u2013 allerede f\u00f8r barnet er f\u00f8dt<\/h2>\n\n\n\n<p>N\u00e5r mor er 5 m\u00e5neder p\u00e5 vei inviterer vi til \u00abDag 1\u00bb. Alle vordene foreldre som deltar p\u00e5 kurset blir invitert til et oppfriskningskurs n\u00e5r barnet er \u00e5tte m\u00e5neder. Begge kursene er gratis for alle deltakere.<\/p>\n<\/div><\/div>\n\n\n\t<div class=\"alignwide wp-block-kbm-link-list\">\n\t\t<div class=\"kbm-link-list__items\">\n\t\t\t\n<a class=\"wp-block-kbm-link-list-item\" href=\"\/tilbud-dag-1\/om-kurset\/\">\t<svg xmlns=\"http:\/\/www.w3.org\/2000\/svg\" viewBox=\"0 0 48 48\" height=\"24\" width=\"24\" class=\"t2-icon t2-icon-child\" aria-hidden=\"true\" focusable=\"false\"><path d=\"M22.48 4.083a22.9 22.9 0 0 0-3.643.637c-4.782 1.215-9.055 4.091-11.768 7.92-1.339 1.89-2.379 4.2-2.87 6.374-.107.471-.174.877-.15.902.087.087 4.165.035 4.951-.064 3.552-.445 6.287-1.242 9.377-2.733 5.019-2.422 9.062-6.008 11.68-10.359.454-.755.903-1.587.903-1.674 0-.134-2.46-.708-3.8-.887-1.157-.154-3.632-.216-4.68-.116m10.334 2.053c-.147.277-.484 1.442-.611 2.11-.603 3.166.272 6.614 2.33 9.186 2.143 2.678 5.219 4.283 8.691 4.534l.785.057-.052-.432c-.466-3.924-1.689-6.961-4.022-9.991-.725-.941-2.455-2.645-3.418-3.367a23.81 23.81 0 0 0-2.932-1.863c-.637-.346-.702-.366-.771-.234m-3.385 4.556c-1.996 2.789-4.882 5.435-7.847 7.195-4.513 2.679-9.686 4.12-15.89 4.426-.852.042-1.572.1-1.6.129-.112.112-.04 3.203.098 4.158.331 2.31.953 4.278 2.007 6.346 2.145 4.213 5.559 7.445 9.883 9.359 4.618 2.043 9.756 2.228 14.6.527 1.926-.677 4.461-2.119 6.03-3.43 4.305-3.6 6.941-8.865 7.258-14.502.03-.539.033-.98.007-.98-.026 0-.468-.055-.982-.123-5.668-.743-9.68-3.183-11.634-7.077-.427-.851-.977-2.522-1.158-3.52a23.852 23.852 0 0 1-.23-1.948l-.091-1.189-.451.629M18.84 24.141c.429.222.955.777 1.154 1.219.109.242.163.531.163.88.002.688-.238 1.202-.794 1.702-.971.873-2.304.78-3.187-.223-.556-.631-.715-1.441-.442-2.245.173-.508.883-1.235 1.386-1.419.48-.176 1.292-.135 1.72.086m13.058.008c1.112.567 1.642 1.95 1.146 2.99-.701 1.47-2.463 1.834-3.656.756-.496-.448-.708-.942-.708-1.655 0-.516.033-.66.237-1.028.284-.513.811-.997 1.269-1.166.459-.169 1.275-.121 1.712.103\"\/><\/svg>\t<div class=\"kbm-link-list-item__content\">\n\t\t<p class=\"kbm-link-list-item__title\">Venter du barn? <\/p>\n\t\t\t\t\t<p class=\"kbm-link-list-item__description\">Bli trygg i den nye foreldrerollen.<\/p>\n\t\t\t<\/div>\n\t<\/a>\n\n<a class=\"wp-block-kbm-link-list-item\" href=\"\/tilbud-dag-1\/om-kurset\/\">\t<svg xmlns=\"http:\/\/www.w3.org\/2000\/svg\" viewBox=\"0 0 48 48\" height=\"24\" width=\"24\" class=\"t2-icon t2-icon-heart\" aria-hidden=\"true\" focusable=\"false\"><path d=\"M12.608 7.169c-1.695.306-3.132.959-4.579 2.081-1.894 1.468-3.293 3.755-3.79 6.194-.689 3.382.232 7.499 2.57 11.489 2.339 3.991 6.459 8.359 11.511 12.202 1.924 1.463 5.432 3.825 5.682 3.825.244 0 3.789-2.389 5.678-3.826 3.507-2.666 6.767-5.781 9.058-8.654 4.107-5.151 5.927-10.598 5.023-15.036-.867-4.255-4.231-7.559-8.431-8.282-.908-.156-2.546-.157-3.46-.001-3.228.55-6.151 2.758-7.548 5.699-.151.319-.296.58-.32.58-.025 0-.212-.333-.416-.74-1.452-2.905-4.266-4.995-7.456-5.539-.885-.151-2.667-.147-3.522.008\"\/><\/svg>\t<div class=\"kbm-link-list-item__content\">\n\t\t<p class=\"kbm-link-list-item__title\">Hvordan vise kj\u00e6rlighet?<\/p>\n\t\t\t\t\t<p class=\"kbm-link-list-item__description\">Trygghet for barnet allerede f\u00f8r f\u00f8dsel.<\/p>\n\t\t\t<\/div>\n\t<\/a>\n\n<a class=\"wp-block-kbm-link-list-item\" href=\"\/tilbud-dag-1\/om-kurset\/\">\t<svg xmlns=\"http:\/\/www.w3.org\/2000\/svg\" viewBox=\"0 0 48 48\" height=\"24\" width=\"24\" class=\"t2-icon t2-icon-clock\" aria-hidden=\"true\" focusable=\"false\"><path d=\"M21.603 2.083C17.269 2.502 13.413 4.06 10 6.772 9.127 7.466 7.466 9.127 6.772 10 3.108 14.61 1.463 20.347 2.16 26.08c.977 8.028 6.423 14.877 14.021 17.631 4.222 1.531 9.045 1.674 13.417.399 7.555-2.203 13.457-8.65 14.968-16.35.531-2.704.527-5.929-.01-8.589-.755-3.734-2.599-7.356-5.145-10.106-3.583-3.869-7.96-6.167-13.091-6.872-1.052-.145-3.714-.207-4.717-.11m4.047 4.28c4.714.618 8.866 3.038 11.7 6.818 4.586 6.117 4.577 14.487-.023 20.657-2.711 3.636-6.811 6.071-11.407 6.773-1.247.191-3.548.191-4.8.001-5.049-.766-9.312-3.49-12.101-7.732-1.761-2.679-2.776-6.093-2.778-9.343a17.255 17.255 0 0 1 9.698-15.54c1.718-.84 3.801-1.465 5.547-1.664 1.045-.119 3.142-.104 4.164.03m-.363 1.825c-.416.141-.578.424-.647 1.132-.066.673-.194.917-.639 1.22-.191.13-.381.18-.681.18-.847 0-1.392-.664-1.398-1.706-.002-.351-.314-.729-.677-.82-.519-.13-2.885.547-4.343 1.244-3.296 1.574-5.748 3.992-7.347 7.242-.714 1.453-1.395 3.62-1.395 4.443 0 .594.425.957 1.119.957 1.143 0 1.833.99 1.362 1.955-.236.484-.613.702-1.31.759-.612.05-.937.198-1.099.5-.272.509.302 2.856 1.156 4.727 1.216 2.662 3.427 5.15 5.972 6.72.869.536 2.312 1.21 3.28 1.531 1.041.346 2.435.634 2.766.572.488-.091.754-.562.754-1.332 0-.581.136-.93.473-1.214.568-.477 1.285-.455 1.796.056.311.311.451.773.451 1.488 0 .433.027.517.23.72.338.339.565.363 1.521.165a15.612 15.612 0 0 0 11.162-9.154c.446-1.045.779-2.145.966-3.192.167-.933.123-1.258-.208-1.536-.203-.171-.324-.205-.737-.205-.693-.001-1.083-.131-1.426-.473-.449-.449-.506-1.081-.151-1.664.227-.372.693-.583 1.288-.583.831 0 1.276-.341 1.274-.976 0-.145-.073-.57-.161-.944C37.161 13.773 32.135 9.128 25.8 8.133a1.285 1.285 0 0 0-.513.055m-6.624 10.646c.141.062 1.301 1.11 2.577 2.328 1.276 1.218 2.403 2.247 2.505 2.286.102.04.308.072.457.072.315 0 .451-.106 1.781-1.381.496-.475.993-.9 1.105-.942.483-.184 1.053.002 1.284.418.056.102.104.343.105.535.003.329-.03.383-.541.88-1.445 1.409-3.194 3.036-3.351 3.118-.257.135-.755.111-.994-.049-.298-.198-6.14-5.769-6.234-5.944-.24-.449.015-1.103.516-1.321.32-.139.475-.139.79 0\"\/><\/svg>\t<div class=\"kbm-link-list-item__content\">\n\t\t<p class=\"kbm-link-list-item__title\">Kurskalender<\/p>\n\t\t\t\t\t<p class=\"kbm-link-list-item__description\">Her finner du datoer over planlagte kurs.<\/p>\n\t\t\t<\/div>\n\t<\/a>\n\t\t<\/div>\n\t<\/div>\n\t\n\n\n<div class=\"wp-block-media-text alignwide has-media-on-the-right is-stacked-on-mobile is-style-filled\"><div class=\"wp-block-media-text__content\">\n<h2 class=\"wp-block-heading\" id=\"h-barn-unge-og-familier\">Barn, unge og familier<\/h2>\n\n\n\n<p>En viktig del av v\u00e5r strategi er \u00e5 gj\u00f8re en ekstra innsats for barn og unge. Vi jobber derfor for at barn og unge skal f\u00e5 en god oppvekst, og for \u00e5 skape trygge rammer rundt familiene.&nbsp;&nbsp;<\/p>\n\n\n\n<p><a href=\"\/barn-unge-og-familier\/\">Les mer om v\u00e5re tilbud<\/a><\/p>\n<\/div><figure class=\"wp-block-media-text__media\"><img decoding=\"async\" src=\"https:\/\/kirkensbymisjon.no\/content\/uploads\/2024\/06\/arbeidsfelt_barnunge_04-1024x683.jpg\" alt=\"Ansatt i samtale med jente\" class=\"wp-image-147 size-full\" \/><\/figure><\/div>\n","protected":false},"excerpt":{"rendered":"<p>Den viktige tilknytning \u2013 allerede f\u00f8r barnet er f\u00f8dt N\u00e5r mor er 5 m\u00e5neder p\u00e5&hellip;<\/p>\n","protected":false},"author":5,"featured_media":0,"parent":0,"menu_order":0,"comment_status":"closed","ping_status":"closed","template":"","meta":{"_relevanssi_hide_post":"","_relevanssi_hide_content":"","_relevanssi_pin_for_all":"","_relevanssi_pin_keywords":"","_relevanssi_unpin_keywords":"","_relevanssi_related_keywords":"","_relevanssi_related_include_ids":"","_relevanssi_related_exclude_ids":"","_relevanssi_related_no_append":"","_relevanssi_related_not_related":"","_relevanssi_related_posts":"1","_relevanssi_noindex_reason":"","editor_notices":[],"footnotes":""},"class_list":["post-4","page","type-page","status-publish","hentry"],"yoast_head":"<!-- This site is optimized with the Yoast SEO Premium plugin v27.2 (Yoast SEO v27.4) - https:\/\/yoast.com\/product\/yoast-seo-premium-wordpress\/ -->\n<title>Forside - Dag 1<\/title>\n<meta name=\"robots\" content=\"index, follow, max-snippet:-1, max-image-preview:large, max-video-preview:-1\" \/>\n<link rel=\"canonical\" href=\"https:\/\/kirkensbymisjon.no\/tilbud-dag-1\/\" \/>\n<meta property=\"og:locale\" content=\"nb_NO\" \/>\n<meta property=\"og:type\" content=\"article\" \/>\n<meta property=\"og:title\" content=\"Forside\" \/>\n<meta property=\"og:description\" content=\"Den viktige tilknytning \u2013 allerede f\u00f8r barnet er f\u00f8dt N\u00e5r mor er 5 m\u00e5neder p\u00e5&hellip;\" \/>\n<meta property=\"og:url\" content=\"https:\/\/kirkensbymisjon.no\/tilbud-dag-1\/\" \/>\n<meta property=\"og:site_name\" content=\"Dag 1\" \/>\n<meta property=\"article:modified_time\" content=\"2024-12-03T09:18:36+00:00\" \/>\n<meta property=\"og:image\" content=\"https:\/\/kirkensbymisjon.no\/content\/uploads\/sites\/153\/2024\/09\/tilbud_dag-1_02.jpeg\" \/>\n\t<meta property=\"og:image:width\" content=\"2560\" \/>\n\t<meta property=\"og:image:height\" content=\"1707\" \/>\n\t<meta property=\"og:image:type\" content=\"image\/jpeg\" \/>\n<meta name=\"twitter:card\" content=\"summary_large_image\" \/>\n<meta name=\"twitter:label1\" content=\"Ansl. lesetid\" \/>\n\t<meta name=\"twitter:data1\" content=\"1 minutt\" \/>\n<script type=\"application\/ld+json\" class=\"yoast-schema-graph\">{\"@context\":\"https:\\\/\\\/schema.org\",\"@graph\":[{\"@type\":\"WebPage\",\"@id\":\"https:\\\/\\\/kirkensbymisjon.no\\\/tilbud-dag-1\\\/\",\"url\":\"https:\\\/\\\/kirkensbymisjon.no\\\/tilbud-dag-1\\\/\",\"name\":\"Forside - Dag 1\",\"isPartOf\":{\"@id\":\"https:\\\/\\\/kirkensbymisjon.no\\\/tilbud-dag-1\\\/#website\"},\"primaryImageOfPage\":{\"@id\":\"https:\\\/\\\/kirkensbymisjon.no\\\/tilbud-dag-1\\\/#primaryimage\"},\"image\":{\"@id\":\"https:\\\/\\\/kirkensbymisjon.no\\\/tilbud-dag-1\\\/#primaryimage\"},\"thumbnailUrl\":\"https:\\\/\\\/kirkensbymisjon.no\\\/content\\\/uploads\\\/sites\\\/153\\\/2024\\\/09\\\/tilbud_dag-1_02-1024x683.jpeg\",\"datePublished\":\"2024-09-09T11:44:40+00:00\",\"dateModified\":\"2024-12-03T09:18:36+00:00\",\"breadcrumb\":{\"@id\":\"https:\\\/\\\/kirkensbymisjon.no\\\/tilbud-dag-1\\\/#breadcrumb\"},\"inLanguage\":\"nb-NO\",\"potentialAction\":[{\"@type\":\"ReadAction\",\"target\":[\"https:\\\/\\\/kirkensbymisjon.no\\\/tilbud-dag-1\\\/\"]}]},{\"@type\":\"ImageObject\",\"inLanguage\":\"nb-NO\",\"@id\":\"https:\\\/\\\/kirkensbymisjon.no\\\/tilbud-dag-1\\\/#primaryimage\",\"url\":\"https:\\\/\\\/kirkensbymisjon.no\\\/content\\\/uploads\\\/sites\\\/153\\\/2024\\\/09\\\/tilbud_dag-1_02-1024x683.jpeg\",\"contentUrl\":\"https:\\\/\\\/kirkensbymisjon.no\\\/content\\\/uploads\\\/sites\\\/153\\\/2024\\\/09\\\/tilbud_dag-1_02-1024x683.jpeg\"},{\"@type\":\"BreadcrumbList\",\"@id\":\"https:\\\/\\\/kirkensbymisjon.no\\\/tilbud-dag-1\\\/#breadcrumb\",\"itemListElement\":[{\"@type\":\"ListItem\",\"position\":1,\"name\":\"Hjem\",\"item\":\"https:\\\/\\\/kirkensbymisjon.no\\\/tilbud-dag-1\\\/\"},{\"@type\":\"ListItem\",\"position\":2,\"name\":\"Forside\"}]},{\"@type\":\"WebSite\",\"@id\":\"https:\\\/\\\/kirkensbymisjon.no\\\/tilbud-dag-1\\\/#website\",\"url\":\"https:\\\/\\\/kirkensbymisjon.no\\\/tilbud-dag-1\\\/\",\"name\":\"Dag 1\",\"description\":\"\",\"potentialAction\":[{\"@type\":\"SearchAction\",\"target\":{\"@type\":\"EntryPoint\",\"urlTemplate\":\"https:\\\/\\\/kirkensbymisjon.no\\\/tilbud-dag-1\\\/?s={search_term_string}\"},\"query-input\":{\"@type\":\"PropertyValueSpecification\",\"valueRequired\":true,\"valueName\":\"search_term_string\"}}],\"inLanguage\":\"nb-NO\"}]}<\/script>\n<!-- \/ Yoast SEO Premium plugin. -->","yoast_head_json":{"title":"Forside - Dag 1","robots":{"index":"index","follow":"follow","max-snippet":"max-snippet:-1","max-image-preview":"max-image-preview:large","max-video-preview":"max-video-preview:-1"},"canonical":"https:\/\/kirkensbymisjon.no\/tilbud-dag-1\/","og_locale":"nb_NO","og_type":"article","og_title":"Forside","og_description":"Den viktige tilknytning \u2013 allerede f\u00f8r barnet er f\u00f8dt N\u00e5r mor er 5 m\u00e5neder p\u00e5&hellip;","og_url":"https:\/\/kirkensbymisjon.no\/tilbud-dag-1\/","og_site_name":"Dag 1","article_modified_time":"2024-12-03T09:18:36+00:00","og_image":[{"width":2560,"height":1707,"url":"https:\/\/kirkensbymisjon.no\/content\/uploads\/sites\/153\/2024\/09\/tilbud_dag-1_02.jpeg","type":"image\/jpeg"}],"twitter_card":"summary_large_image","twitter_misc":{"Ansl. lesetid":"1 minutt"},"schema":{"@context":"https:\/\/schema.org","@graph":[{"@type":"WebPage","@id":"https:\/\/kirkensbymisjon.no\/tilbud-dag-1\/","url":"https:\/\/kirkensbymisjon.no\/tilbud-dag-1\/","name":"Forside - Dag 1","isPartOf":{"@id":"https:\/\/kirkensbymisjon.no\/tilbud-dag-1\/#website"},"primaryImageOfPage":{"@id":"https:\/\/kirkensbymisjon.no\/tilbud-dag-1\/#primaryimage"},"image":{"@id":"https:\/\/kirkensbymisjon.no\/tilbud-dag-1\/#primaryimage"},"thumbnailUrl":"https:\/\/kirkensbymisjon.no\/content\/uploads\/sites\/153\/2024\/09\/tilbud_dag-1_02-1024x683.jpeg","datePublished":"2024-09-09T11:44:40+00:00","dateModified":"2024-12-03T09:18:36+00:00","breadcrumb":{"@id":"https:\/\/kirkensbymisjon.no\/tilbud-dag-1\/#breadcrumb"},"inLanguage":"nb-NO","potentialAction":[{"@type":"ReadAction","target":["https:\/\/kirkensbymisjon.no\/tilbud-dag-1\/"]}]},{"@type":"ImageObject","inLanguage":"nb-NO","@id":"https:\/\/kirkensbymisjon.no\/tilbud-dag-1\/#primaryimage","url":"https:\/\/kirkensbymisjon.no\/content\/uploads\/sites\/153\/2024\/09\/tilbud_dag-1_02-1024x683.jpeg","contentUrl":"https:\/\/kirkensbymisjon.no\/content\/uploads\/sites\/153\/2024\/09\/tilbud_dag-1_02-1024x683.jpeg"},{"@type":"BreadcrumbList","@id":"https:\/\/kirkensbymisjon.no\/tilbud-dag-1\/#breadcrumb","itemListElement":[{"@type":"ListItem","position":1,"name":"Hjem","item":"https:\/\/kirkensbymisjon.no\/tilbud-dag-1\/"},{"@type":"ListItem","position":2,"name":"Forside"}]},{"@type":"WebSite","@id":"https:\/\/kirkensbymisjon.no\/tilbud-dag-1\/#website","url":"https:\/\/kirkensbymisjon.no\/tilbud-dag-1\/","name":"Dag 1","description":"","potentialAction":[{"@type":"SearchAction","target":{"@type":"EntryPoint","urlTemplate":"https:\/\/kirkensbymisjon.no\/tilbud-dag-1\/?s={search_term_string}"},"query-input":{"@type":"PropertyValueSpecification","valueRequired":true,"valueName":"search_term_string"}}],"inLanguage":"nb-NO"}]}},"_links":{"self":[{"href":"https:\/\/kirkensbymisjon.no\/tilbud-dag-1\/wp-json\/wp\/v2\/pages\/4","targetHints":{"allow":["GET"]}}],"collection":[{"href":"https:\/\/kirkensbymisjon.no\/tilbud-dag-1\/wp-json\/wp\/v2\/pages"}],"about":[{"href":"https:\/\/kirkensbymisjon.no\/tilbud-dag-1\/wp-json\/wp\/v2\/types\/page"}],"author":[{"embeddable":true,"href":"https:\/\/kirkensbymisjon.no\/tilbud-dag-1\/wp-json\/wp\/v2\/users\/5"}],"replies":[{"embeddable":true,"href":"https:\/\/kirkensbymisjon.no\/tilbud-dag-1\/wp-json\/wp\/v2\/comments?post=4"}],"version-history":[{"count":5,"href":"https:\/\/kirkensbymisjon.no\/tilbud-dag-1\/wp-json\/wp\/v2\/pages\/4\/revisions"}],"predecessor-version":[{"id":55,"href":"https:\/\/kirkensbymisjon.no\/tilbud-dag-1\/wp-json\/wp\/v2\/pages\/4\/revisions\/55"}],"wp:attachment":[{"href":"https:\/\/kirkensbymisjon.no\/tilbud-dag-1\/wp-json\/wp\/v2\/media?parent=4"}],"curies":[{"name":"wp","href":"https:\/\/api.w.org\/{rel}","templated":true}]}}