{"id":6,"date":"2024-06-18T13:15:23","date_gmt":"2024-06-18T11:15:23","guid":{"rendered":"https:\/\/kirkensbymisjon.no\/tilbud-demokratiskolen\/?page_id=6"},"modified":"2024-08-22T11:56:56","modified_gmt":"2024-08-22T09:56:56","slug":"forside","status":"publish","type":"page","link":"https:\/\/kirkensbymisjon.no\/tilbud-demokratiskolen\/","title":{"rendered":"Forside"},"content":{"rendered":"\n<p>Kjernen i arbeidet v\u00e5rt er et lavterskeltilbud til kvinner som er nye i Troms\u00f8 eller nye i landet. I tillegg har vi b\u00e5de turer, utflukter og andre aktiviteter for \u00e5 bli bedre kjent med byen.<\/p>\n\n\n\n<figure class=\"wp-block-image size-full\"><img loading=\"lazy\" decoding=\"async\" width=\"1559\" height=\"1096\" src=\"https:\/\/kirkensbymisjon.no\/content\/uploads\/sites\/10\/2024\/08\/tilbud_demokratiskolen_02.jpg\" alt=\"Kvinner i sosialt samv\u00e6r\" class=\"wp-image-27\" srcset=\"https:\/\/kirkensbymisjon.no\/content\/uploads\/sites\/10\/2024\/08\/tilbud_demokratiskolen_02.jpg 1559w, https:\/\/kirkensbymisjon.no\/content\/uploads\/sites\/10\/2024\/08\/tilbud_demokratiskolen_02-300x211.jpg 300w, https:\/\/kirkensbymisjon.no\/content\/uploads\/sites\/10\/2024\/08\/tilbud_demokratiskolen_02-1024x720.jpg 1024w, https:\/\/kirkensbymisjon.no\/content\/uploads\/sites\/10\/2024\/08\/tilbud_demokratiskolen_02-768x540.jpg 768w, https:\/\/kirkensbymisjon.no\/content\/uploads\/sites\/10\/2024\/08\/tilbud_demokratiskolen_02-1536x1080.jpg 1536w\" sizes=\"auto, (max-width: 1559px) 100vw, 1559px\" \/><\/figure>\n\n\n\n<h2 class=\"wp-block-heading\" id=\"h-dette-tilbyr-vi\">Dette tilbyr vi:<\/h2>\n\n\n\n<ul class=\"wp-block-list\">\n<li>Et sted hvor kvinner kan m\u00f8te andre kvinner og skape seg et nettverk.<\/li>\n\n\n\n<li>En m\u00f8teplass for kvinner, som skal skape glede og personlig vekst.<\/li>\n\n\n\n<li>Et sted \u00e5 praktisere norsk spr\u00e5k og utvide innsikten i norsk samfunnsorganisering og demokratiforst\u00e5else.<\/li>\n\n\n\n<li>Et sted \u00e5 dele et godt m\u00e5ltid.<\/li>\n\n\n\n<li>Et sted for \u00e5 bli sett og h\u00f8rt og ha samtaler i trygge omgivelser.<\/li>\n\n\n\n<li>Et sted \u00e5 dele opplevelser og skape inspirasjon.<\/li>\n\n\n\n<li>En arena hvor det skapes kontakt og samhandling mellom norske kvinner, flyktninger og innvandrerkvinner.<\/li>\n<\/ul>\n","protected":false},"excerpt":{"rendered":"<p>Kjernen i arbeidet v\u00e5rt er et lavterskeltilbud til kvinner som er nye i Troms\u00f8 eller&hellip;<\/p>\n","protected":false},"author":6,"featured_media":3,"parent":0,"menu_order":0,"comment_status":"closed","ping_status":"closed","template":"","meta":{"_relevanssi_hide_post":"","_relevanssi_hide_content":"","_relevanssi_pin_for_all":"","_relevanssi_pin_keywords":"","_relevanssi_unpin_keywords":"","_relevanssi_related_keywords":"","_relevanssi_related_include_ids":"","_relevanssi_related_exclude_ids":"","_relevanssi_related_no_append":"","_relevanssi_related_not_related":"","_relevanssi_related_posts":"1","_relevanssi_noindex_reason":"","editor_notices":[],"footnotes":""},"class_list":["post-6","page","type-page","status-publish","has-post-thumbnail","hentry"],"yoast_head":"<!-- This site is optimized with the Yoast SEO Premium plugin v27.2 (Yoast SEO v27.2) - https:\/\/yoast.com\/product\/yoast-seo-premium-wordpress\/ -->\n<title>Kirkens Bymisjon - Demokratiskolen<\/title>\n<meta name=\"description\" content=\"M\u00f8tested, fellesskap og aktiviteter for kvinner med ulik migrantbakgrunn og livserfaring.\" \/>\n<meta name=\"robots\" content=\"index, follow, max-snippet:-1, max-image-preview:large, max-video-preview:-1\" \/>\n<link rel=\"canonical\" href=\"https:\/\/kirkensbymisjon.no\/tilbud-demokratiskolen\/\" \/>\n<meta property=\"og:locale\" content=\"nb_NO\" \/>\n<meta property=\"og:type\" content=\"article\" \/>\n<meta property=\"og:title\" content=\"Forside\" \/>\n<meta property=\"og:description\" content=\"M\u00f8tested, fellesskap og aktiviteter for kvinner med ulik migrantbakgrunn og livserfaring.\" \/>\n<meta property=\"og:url\" content=\"https:\/\/kirkensbymisjon.no\/tilbud-demokratiskolen\/\" \/>\n<meta property=\"og:site_name\" content=\"Demokratiskolen\" \/>\n<meta property=\"article:modified_time\" content=\"2024-08-22T09:56:56+00:00\" \/>\n<meta property=\"og:image\" content=\"https:\/\/kirkensbymisjon.no\/content\/uploads\/sites\/10\/2024\/06\/Tilbud_Demokratiskolen_01.jpg\" \/>\n\t<meta property=\"og:image:width\" content=\"1135\" \/>\n\t<meta property=\"og:image:height\" content=\"901\" \/>\n\t<meta property=\"og:image:type\" content=\"image\/jpeg\" \/>\n<meta name=\"twitter:card\" content=\"summary_large_image\" \/>\n<meta name=\"twitter:label1\" content=\"Ansl. lesetid\" \/>\n\t<meta name=\"twitter:data1\" content=\"2 minutter\" \/>\n<script type=\"application\/ld+json\" class=\"yoast-schema-graph\">{\"@context\":\"https:\/\/schema.org\",\"@graph\":[{\"@type\":\"WebPage\",\"@id\":\"https:\/\/kirkensbymisjon.no\/tilbud-demokratiskolen\/\",\"url\":\"https:\/\/kirkensbymisjon.no\/tilbud-demokratiskolen\/\",\"name\":\"Kirkens Bymisjon - Demokratiskolen\",\"isPartOf\":{\"@id\":\"https:\/\/kirkensbymisjon.no\/tilbud-demokratiskolen\/#website\"},\"primaryImageOfPage\":{\"@id\":\"https:\/\/kirkensbymisjon.no\/tilbud-demokratiskolen\/#primaryimage\"},\"image\":{\"@id\":\"https:\/\/kirkensbymisjon.no\/tilbud-demokratiskolen\/#primaryimage\"},\"thumbnailUrl\":\"https:\/\/kirkensbymisjon.no\/content\/uploads\/sites\/10\/2024\/06\/Tilbud_Demokratiskolen_01.jpg\",\"datePublished\":\"2024-06-18T11:15:23+00:00\",\"dateModified\":\"2024-08-22T09:56:56+00:00\",\"description\":\"M\u00f8tested, fellesskap og aktiviteter for kvinner med ulik migrantbakgrunn og livserfaring.\",\"breadcrumb\":{\"@id\":\"https:\/\/kirkensbymisjon.no\/tilbud-demokratiskolen\/#breadcrumb\"},\"inLanguage\":\"nb-NO\",\"potentialAction\":[{\"@type\":\"ReadAction\",\"target\":[\"https:\/\/kirkensbymisjon.no\/tilbud-demokratiskolen\/\"]}]},{\"@type\":\"ImageObject\",\"inLanguage\":\"nb-NO\",\"@id\":\"https:\/\/kirkensbymisjon.no\/tilbud-demokratiskolen\/#primaryimage\",\"url\":\"https:\/\/kirkensbymisjon.no\/content\/uploads\/sites\/10\/2024\/06\/Tilbud_Demokratiskolen_01.jpg\",\"contentUrl\":\"https:\/\/kirkensbymisjon.no\/content\/uploads\/sites\/10\/2024\/06\/Tilbud_Demokratiskolen_01.jpg\",\"width\":1135,\"height\":901,\"caption\":\"To kvinner som smiler\"},{\"@type\":\"BreadcrumbList\",\"@id\":\"https:\/\/kirkensbymisjon.no\/tilbud-demokratiskolen\/#breadcrumb\",\"itemListElement\":[{\"@type\":\"ListItem\",\"position\":1,\"name\":\"Hjem\",\"item\":\"https:\/\/kirkensbymisjon.no\/tilbud-demokratiskolen\/\"},{\"@type\":\"ListItem\",\"position\":2,\"name\":\"Forside\"}]},{\"@type\":\"WebSite\",\"@id\":\"https:\/\/kirkensbymisjon.no\/tilbud-demokratiskolen\/#website\",\"url\":\"https:\/\/kirkensbymisjon.no\/tilbud-demokratiskolen\/\",\"name\":\"Demokratiskolen\",\"description\":\"\",\"potentialAction\":[{\"@type\":\"SearchAction\",\"target\":{\"@type\":\"EntryPoint\",\"urlTemplate\":\"https:\/\/kirkensbymisjon.no\/tilbud-demokratiskolen\/?s={search_term_string}\"},\"query-input\":{\"@type\":\"PropertyValueSpecification\",\"valueRequired\":true,\"valueName\":\"search_term_string\"}}],\"inLanguage\":\"nb-NO\"}]}<\/script>\n<!-- \/ Yoast SEO Premium plugin. -->","yoast_head_json":{"title":"Kirkens Bymisjon - Demokratiskolen","description":"M\u00f8tested, fellesskap og aktiviteter for kvinner med ulik migrantbakgrunn og livserfaring.","robots":{"index":"index","follow":"follow","max-snippet":"max-snippet:-1","max-image-preview":"max-image-preview:large","max-video-preview":"max-video-preview:-1"},"canonical":"https:\/\/kirkensbymisjon.no\/tilbud-demokratiskolen\/","og_locale":"nb_NO","og_type":"article","og_title":"Forside","og_description":"M\u00f8tested, fellesskap og aktiviteter for kvinner med ulik migrantbakgrunn og livserfaring.","og_url":"https:\/\/kirkensbymisjon.no\/tilbud-demokratiskolen\/","og_site_name":"Demokratiskolen","article_modified_time":"2024-08-22T09:56:56+00:00","og_image":[{"width":1135,"height":901,"url":"https:\/\/kirkensbymisjon.no\/content\/uploads\/sites\/10\/2024\/06\/Tilbud_Demokratiskolen_01.jpg","type":"image\/jpeg"}],"twitter_card":"summary_large_image","twitter_misc":{"Ansl. lesetid":"2 minutter"},"schema":{"@context":"https:\/\/schema.org","@graph":[{"@type":"WebPage","@id":"https:\/\/kirkensbymisjon.no\/tilbud-demokratiskolen\/","url":"https:\/\/kirkensbymisjon.no\/tilbud-demokratiskolen\/","name":"Kirkens Bymisjon - Demokratiskolen","isPartOf":{"@id":"https:\/\/kirkensbymisjon.no\/tilbud-demokratiskolen\/#website"},"primaryImageOfPage":{"@id":"https:\/\/kirkensbymisjon.no\/tilbud-demokratiskolen\/#primaryimage"},"image":{"@id":"https:\/\/kirkensbymisjon.no\/tilbud-demokratiskolen\/#primaryimage"},"thumbnailUrl":"https:\/\/kirkensbymisjon.no\/content\/uploads\/sites\/10\/2024\/06\/Tilbud_Demokratiskolen_01.jpg","datePublished":"2024-06-18T11:15:23+00:00","dateModified":"2024-08-22T09:56:56+00:00","description":"M\u00f8tested, fellesskap og aktiviteter for kvinner med ulik migrantbakgrunn og livserfaring.","breadcrumb":{"@id":"https:\/\/kirkensbymisjon.no\/tilbud-demokratiskolen\/#breadcrumb"},"inLanguage":"nb-NO","potentialAction":[{"@type":"ReadAction","target":["https:\/\/kirkensbymisjon.no\/tilbud-demokratiskolen\/"]}]},{"@type":"ImageObject","inLanguage":"nb-NO","@id":"https:\/\/kirkensbymisjon.no\/tilbud-demokratiskolen\/#primaryimage","url":"https:\/\/kirkensbymisjon.no\/content\/uploads\/sites\/10\/2024\/06\/Tilbud_Demokratiskolen_01.jpg","contentUrl":"https:\/\/kirkensbymisjon.no\/content\/uploads\/sites\/10\/2024\/06\/Tilbud_Demokratiskolen_01.jpg","width":1135,"height":901,"caption":"To kvinner som smiler"},{"@type":"BreadcrumbList","@id":"https:\/\/kirkensbymisjon.no\/tilbud-demokratiskolen\/#breadcrumb","itemListElement":[{"@type":"ListItem","position":1,"name":"Hjem","item":"https:\/\/kirkensbymisjon.no\/tilbud-demokratiskolen\/"},{"@type":"ListItem","position":2,"name":"Forside"}]},{"@type":"WebSite","@id":"https:\/\/kirkensbymisjon.no\/tilbud-demokratiskolen\/#website","url":"https:\/\/kirkensbymisjon.no\/tilbud-demokratiskolen\/","name":"Demokratiskolen","description":"","potentialAction":[{"@type":"SearchAction","target":{"@type":"EntryPoint","urlTemplate":"https:\/\/kirkensbymisjon.no\/tilbud-demokratiskolen\/?s={search_term_string}"},"query-input":{"@type":"PropertyValueSpecification","valueRequired":true,"valueName":"search_term_string"}}],"inLanguage":"nb-NO"}]}},"_links":{"self":[{"href":"https:\/\/kirkensbymisjon.no\/tilbud-demokratiskolen\/wp-json\/wp\/v2\/pages\/6","targetHints":{"allow":["GET"]}}],"collection":[{"href":"https:\/\/kirkensbymisjon.no\/tilbud-demokratiskolen\/wp-json\/wp\/v2\/pages"}],"about":[{"href":"https:\/\/kirkensbymisjon.no\/tilbud-demokratiskolen\/wp-json\/wp\/v2\/types\/page"}],"author":[{"embeddable":true,"href":"https:\/\/kirkensbymisjon.no\/tilbud-demokratiskolen\/wp-json\/wp\/v2\/users\/6"}],"replies":[{"embeddable":true,"href":"https:\/\/kirkensbymisjon.no\/tilbud-demokratiskolen\/wp-json\/wp\/v2\/comments?post=6"}],"version-history":[{"count":4,"href":"https:\/\/kirkensbymisjon.no\/tilbud-demokratiskolen\/wp-json\/wp\/v2\/pages\/6\/revisions"}],"predecessor-version":[{"id":29,"href":"https:\/\/kirkensbymisjon.no\/tilbud-demokratiskolen\/wp-json\/wp\/v2\/pages\/6\/revisions\/29"}],"wp:featuredmedia":[{"embeddable":true,"href":"https:\/\/kirkensbymisjon.no\/tilbud-demokratiskolen\/wp-json\/wp\/v2\/media\/3"}],"wp:attachment":[{"href":"https:\/\/kirkensbymisjon.no\/tilbud-demokratiskolen\/wp-json\/wp\/v2\/media?parent=6"}],"curies":[{"name":"wp","href":"https:\/\/api.w.org\/{rel}","templated":true}]}}