{"id":26,"date":"2024-08-13T10:38:40","date_gmt":"2024-08-13T08:38:40","guid":{"rendered":"https:\/\/kirkensbymisjon.no\/tilbud-egenutviklingsskolen\/?page_id=26"},"modified":"2024-11-05T13:04:55","modified_gmt":"2024-11-05T12:04:55","slug":"om-skolen","status":"publish","type":"page","link":"https:\/\/kirkensbymisjon.no\/tilbud-egenutviklingsskolen\/om-skolen\/","title":{"rendered":"Om skolen"},"content":{"rendered":"\n<h2 class=\"wp-block-heading\" id=\"h-vare-verdier\">V\u00e5re verdier<\/h2>\n\n\n\n<p>Egenutviklingsskolen ble opprettet i 2005, og vi har lang historie i \u00e5 arbeide med mennesker som har levd sine liv i en outsidertilv\u00e6relse eller i et utenforskap med rus, soning eller med psykiske problemer. Deres erfaring er at de m\u00e5 ta tak i en rekke omr\u00e5der for \u00e5 komme tilbake til normalsamfunnet. Vi kan kalle det sammensatte livsstilproblemer. Det er disse utfordringene vi tar tak i gjennom Egenutviklingsskolen.<\/p>\n\n\n\n<h2 class=\"wp-block-heading\" id=\"h-var-metode\">V\u00e5r metode<\/h2>\n\n\n\n<p>Metoden vi jobber etter er L\u00d8FT, l\u00f8sningsfokusert tiln\u00e6rming. Det er en strategi for \u00e5 skape \u00f8nskede endringer og bygge konstruktive l\u00f8sninger i forholdet mellom mennesker, gjennom \u00e5 styrke folks l\u00f8snings\u00adkompetanse, kvaliteter og kloke grep.<\/p>\n\n\n\n<p>Det sentrale i L\u00d8FT er at atferd som gis oppmerksomhet, har en tendens til \u00e5 gjenta seg. Man er derfor bedre tjent med \u00e5 konsen\u00adtrere seg om:<\/p>\n\n\n\n<ul class=\"wp-block-list\">\n<li>Det man \u00f8nsker, snarere enn det man ikke \u00f8nsker.<\/li>\n\n\n\n<li>Det man vil ha mer av, fremfor det man vil ha mindre av.<\/li>\n\n\n\n<li>\u00c5 finne ut hva mennesker gj\u00f8r som virker, i stedet for det som ikke virker.<\/li>\n<\/ul>\n\n\n\n<p>N\u00e5r man blir klar over hva man gj\u00f8r som har god effekt og hvilke evner og talenter man tar i bruk for \u00e5 f\u00e5 dette til blir det mer av slike handlinger og kvaliteter.<\/p>\n\n\n\n<h2 class=\"wp-block-heading\" id=\"h-pamelding\">P\u00e5melding<\/h2>\n\n\n\n<p>PHR \u2013 psykisk helse og rus i Drammen kommune, har de siste \u00e5rene kj\u00f8pt 10 faste plasser p\u00e5 Egenutviklingsskolen. Andre kommuner kan ogs\u00e5 kj\u00f8pe plass. En plass p\u00e5 Egenutviklingsskolen koster kr 6.000.<\/p>\n\n\n<div class=\"t2-accordion wp-block-t2-accordion\" data-allow-multiple=\"1\" role=\"list\">\n<div class=\"t2-accordion-item wp-block-t2-accordion-item\" role=\"listitem\">\n\t\t\t<h2 class=\"t2-accordion-title\">\n\t\t\t\t<button type=\"button\" class=\"t2-accordion-trigger\" id=\"undervisningsopplegget\" aria-controls=\"accordion-panel\" aria-expanded=\"false\">\n\t\t\t\t\tUndervisningsopplegget\n\t\t\t\t\t<span class=\"t2-accordion-icon is-closed-icon\"><svg xmlns=\"http:\/\/www.w3.org\/2000\/svg\" viewBox=\"0 0 24 24\" height=\"24\" width=\"24\" class=\"t2-icon t2-icon-plus\" aria-hidden=\"true\" focusable=\"false\"><path d=\"M11.8 5.037a1.088 1.088 0 0 0-.722.566c-.075.148-.078.25-.078 2.772v2.619l-2.61.016c-1.867.012-2.652.03-2.756.064-.168.055-.438.301-.54.494-.049.092-.07.223-.07.432 0 .34.054.476.282.704.289.289.14.275 3.064.288l2.63.012v2.619c0 2.544.002 2.625.08 2.778.191.372.516.577.92.577s.729-.205.92-.577c.078-.153.08-.234.08-2.778v-2.619l2.63-.012c2.924-.013 2.775.001 3.064-.288.228-.228.282-.364.282-.704 0-.209-.021-.34-.07-.432-.102-.193-.372-.439-.54-.494-.104-.034-.889-.052-2.756-.064L13 10.994V8.375c0-2.522-.003-2.624-.078-2.772-.214-.418-.685-.656-1.122-.566\"\/><\/svg><\/span>\n\t\t\t\t\t<span class=\"t2-accordion-icon is-open-icon\"><svg xmlns=\"http:\/\/www.w3.org\/2000\/svg\" viewBox=\"0 0 24 24\" height=\"24\" width=\"24\" class=\"t2-icon t2-icon-chevronup\" aria-hidden=\"true\" focusable=\"false\"><path d=\"M6.7 14.7c-.2-.2-.3-.4-.3-.7s.1-.5.3-.7l4.6-4.6c.1-.1.2-.2.3-.2.1 0 .2-.1.4-.1.1 0 .3 0 .4.1.1 0 .2.1.3.2l4.6 4.6c.2.2.3.4.3.7s-.1.5-.3.7c-.2.2-.4.3-.7.3s-.5-.1-.7-.3L12 10.8l-3.9 3.9c-.2.2-.4.3-.7.3s-.5-.1-.7-.3z\" fill=\"currentColor\" \/><\/svg><\/span>\n\t\t\t\t<\/button>\n\t\t\t<\/h2>\n\t\t\t<div class=\"t2-accordion-item__inner-container is-layout-flow\" id=\"accordion-panel\" aria-labelledby=\"undervisningsopplegget\" role=\"region\" hidden>\n\t\t\t\t\n\n<p><strong>Forelesere med egenerfaring<br><\/strong>Egenutviklingsskolen g\u00e5r over tolv undervisningskvelder \u00e1 tre timer p\u00e5 kveldstid. Foreleserne v\u00e5re har selv egenerfaring p\u00e5 omr\u00e5dene som tas opp. Blant flere momenter ble deres kompetanse innenfor rusbehandling trukket frem som et av de sterkeste kortene da H\u00f8gskolen i Buskerud gjennomf\u00f8rte en ekstern evaluering av skolen.<\/p>\n\n\n\n<p><strong>Motivasjon og mestring<br><\/strong>Vi ser det som viktig \u00e5 dele av egne erfaringer for \u00e5 f\u00e5 gode samtaler og diskusjon i gruppen, derfor h\u00e5per vi at ogs\u00e5 du som deltaker vil dele. Flere av foreleserne har egenerfaring som tidligere rusavhengige eller straffed\u00f8mte.\u2028Skolen er spesielt tilrettelagt for de med lese- og skrivevansker.<\/p>\n\n\n\n<p><br><strong>Noen temaer som vil bli ber\u00f8rt gjennom skolen:<\/strong><\/p>\n\n\n\n<ul class=\"wp-block-list\">\n<li>Motivasjon, mestring og gjennomf\u00f8ring.<\/li>\n\n\n\n<li>Hvordan har rusmisbruket p\u00e5virket meg?<\/li>\n\n\n\n<li>Er jeg et offer eller en akt\u00f8r i eget liv?<\/li>\n\n\n\n<li>Fra outsider til et A4-liv.<\/li>\n\n\n\n<li>Hvilke omr\u00e5der trenger jeg hjelp\/st\u00f8tte til?<\/li>\n\n\n\n<li>Fra belastning til ressurs.<\/li>\n\n\n\n<li>Bitterhet.<\/li>\n\n\n\n<li>Seksualitet.<\/li>\n\n\n\n<li>Gjeldsproblematikk.<\/li>\n\n\n\n<li>Angst.<\/li>\n<\/ul>\n\n\n\n<p><strong>Fellesskap og aktiviteter<br><\/strong>Deltakerne p\u00e5 skolen blir koblet p\u00e5 andre aktiviteter som Kirkens Bymisjon driver lokalt, som skigruppe, sykkelgruppe, l\u00f8pegruppe, bandy, fotball, g\u00e5-gruppe og andre treningsgrupper tilpasset de fleste behov. Det viktigste er fellesskap og sosial trening, at du f\u00f8ler at du er del av en gruppe som bryr seg om deg, og at dine behov blir sett og h\u00f8rt.<\/p>\n\n\n\t\t\t<\/div>\n\t\t<\/div>\n\n<div class=\"t2-accordion-item wp-block-t2-accordion-item\" role=\"listitem\">\n\t\t\t<h2 class=\"t2-accordion-title\">\n\t\t\t\t<button type=\"button\" class=\"t2-accordion-trigger\" id=\"ofte-stilte-sp\u00f8rsm\u00e5l\" aria-controls=\"accordion-panel-1\" aria-expanded=\"false\">\n\t\t\t\t\tOfte stilte sp\u00f8rsm\u00e5l\n\t\t\t\t\t<span class=\"t2-accordion-icon is-closed-icon\"><svg xmlns=\"http:\/\/www.w3.org\/2000\/svg\" viewBox=\"0 0 24 24\" height=\"24\" width=\"24\" class=\"t2-icon t2-icon-plus\" aria-hidden=\"true\" focusable=\"false\"><path d=\"M11.8 5.037a1.088 1.088 0 0 0-.722.566c-.075.148-.078.25-.078 2.772v2.619l-2.61.016c-1.867.012-2.652.03-2.756.064-.168.055-.438.301-.54.494-.049.092-.07.223-.07.432 0 .34.054.476.282.704.289.289.14.275 3.064.288l2.63.012v2.619c0 2.544.002 2.625.08 2.778.191.372.516.577.92.577s.729-.205.92-.577c.078-.153.08-.234.08-2.778v-2.619l2.63-.012c2.924-.013 2.775.001 3.064-.288.228-.228.282-.364.282-.704 0-.209-.021-.34-.07-.432-.102-.193-.372-.439-.54-.494-.104-.034-.889-.052-2.756-.064L13 10.994V8.375c0-2.522-.003-2.624-.078-2.772-.214-.418-.685-.656-1.122-.566\"\/><\/svg><\/span>\n\t\t\t\t\t<span class=\"t2-accordion-icon is-open-icon\"><svg xmlns=\"http:\/\/www.w3.org\/2000\/svg\" viewBox=\"0 0 24 24\" height=\"24\" width=\"24\" class=\"t2-icon t2-icon-chevronup\" aria-hidden=\"true\" focusable=\"false\"><path d=\"M6.7 14.7c-.2-.2-.3-.4-.3-.7s.1-.5.3-.7l4.6-4.6c.1-.1.2-.2.3-.2.1 0 .2-.1.4-.1.1 0 .3 0 .4.1.1 0 .2.1.3.2l4.6 4.6c.2.2.3.4.3.7s-.1.5-.3.7c-.2.2-.4.3-.7.3s-.5-.1-.7-.3L12 10.8l-3.9 3.9c-.2.2-.4.3-.7.3s-.5-.1-.7-.3z\" fill=\"currentColor\" \/><\/svg><\/span>\n\t\t\t\t<\/button>\n\t\t\t<\/h2>\n\t\t\t<div class=\"t2-accordion-item__inner-container is-layout-flow\" id=\"accordion-panel-1\" aria-labelledby=\"ofte-stilte-sp\u00f8rsm\u00e5l\" role=\"region\" hidden>\n\t\t\t\t\n\n<p><strong>F\u00e5r man utdelt b\u00f8ker?<br><\/strong>Nei.<\/p>\n\n\n\n<p><strong>M\u00e5 man lese mye?<br><\/strong>Nei.<\/p>\n\n\n\n<p><strong>Er det h\u00f8ytlesning?<br><\/strong>Nei.<\/p>\n\n\n\n<p><strong>M\u00e5 man skrive mye?<br><\/strong>Nei, men de som \u00f8nsker det kan gj\u00f8re egne notater.<\/p>\n\n\n\n<p><strong>Hvem kan s\u00f8ke plass?<br><\/strong>Mennesker som har tidligere rushistorikk eller soningsbakgrunn. Du trenger ikke h\u00f8re inn under Drammen kommune \u2013 andre kommuner kan ogs\u00e5 kj\u00f8pe plasser hos oss.<\/p>\n\n\n\t\t\t<\/div>\n\t\t<\/div>\n<\/div>","protected":false},"excerpt":{"rendered":"<p>V\u00e5re verdier Egenutviklingsskolen ble opprettet i 2005, og vi har lang historie i \u00e5 arbeide&hellip;<\/p>\n","protected":false},"author":5,"featured_media":0,"parent":0,"menu_order":0,"comment_status":"closed","ping_status":"closed","template":"","meta":{"_relevanssi_hide_post":"","_relevanssi_hide_content":"","_relevanssi_pin_for_all":"","_relevanssi_pin_keywords":"","_relevanssi_unpin_keywords":"","_relevanssi_related_keywords":"","_relevanssi_related_include_ids":"","_relevanssi_related_exclude_ids":"","_relevanssi_related_no_append":"","_relevanssi_related_not_related":"","_relevanssi_related_posts":"1","_relevanssi_noindex_reason":"","editor_notices":[],"footnotes":""},"class_list":["post-26","page","type-page","status-publish","hentry"],"yoast_head":"<!-- This site is optimized with the Yoast SEO Premium plugin v27.2 (Yoast SEO v27.2) - https:\/\/yoast.com\/product\/yoast-seo-premium-wordpress\/ -->\n<title>Om skolen - Egenutviklingsskolen<\/title>\n<meta name=\"robots\" content=\"index, follow, max-snippet:-1, max-image-preview:large, max-video-preview:-1\" \/>\n<link rel=\"canonical\" href=\"https:\/\/kirkensbymisjon.no\/tilbud-egenutviklingsskolen\/om-skolen\/\" \/>\n<meta property=\"og:locale\" content=\"nb_NO\" \/>\n<meta property=\"og:type\" content=\"article\" \/>\n<meta property=\"og:title\" content=\"Om skolen\" \/>\n<meta property=\"og:description\" content=\"V\u00e5re verdier Egenutviklingsskolen ble opprettet i 2005, og vi har lang historie i \u00e5 arbeide&hellip;\" \/>\n<meta property=\"og:url\" content=\"https:\/\/kirkensbymisjon.no\/tilbud-egenutviklingsskolen\/om-skolen\/\" \/>\n<meta property=\"og:site_name\" content=\"Egenutviklingsskolen\" \/>\n<meta property=\"article:modified_time\" content=\"2024-11-05T12:04:55+00:00\" \/>\n<meta name=\"twitter:card\" content=\"summary_large_image\" \/>\n<meta name=\"twitter:label1\" content=\"Ansl. lesetid\" \/>\n\t<meta name=\"twitter:data1\" content=\"3 minutter\" \/>\n<script type=\"application\/ld+json\" class=\"yoast-schema-graph\">{\"@context\":\"https:\/\/schema.org\",\"@graph\":[{\"@type\":\"WebPage\",\"@id\":\"https:\/\/kirkensbymisjon.no\/tilbud-egenutviklingsskolen\/om-skolen\/\",\"url\":\"https:\/\/kirkensbymisjon.no\/tilbud-egenutviklingsskolen\/om-skolen\/\",\"name\":\"Om skolen - Egenutviklingsskolen\",\"isPartOf\":{\"@id\":\"https:\/\/kirkensbymisjon.no\/tilbud-egenutviklingsskolen\/#website\"},\"datePublished\":\"2024-08-13T08:38:40+00:00\",\"dateModified\":\"2024-11-05T12:04:55+00:00\",\"breadcrumb\":{\"@id\":\"https:\/\/kirkensbymisjon.no\/tilbud-egenutviklingsskolen\/om-skolen\/#breadcrumb\"},\"inLanguage\":\"nb-NO\",\"potentialAction\":[{\"@type\":\"ReadAction\",\"target\":[\"https:\/\/kirkensbymisjon.no\/tilbud-egenutviklingsskolen\/om-skolen\/\"]}]},{\"@type\":\"BreadcrumbList\",\"@id\":\"https:\/\/kirkensbymisjon.no\/tilbud-egenutviklingsskolen\/om-skolen\/#breadcrumb\",\"itemListElement\":[{\"@type\":\"ListItem\",\"position\":1,\"name\":\"Hjem\",\"item\":\"https:\/\/kirkensbymisjon.no\/tilbud-egenutviklingsskolen\/\"},{\"@type\":\"ListItem\",\"position\":2,\"name\":\"Om skolen\"}]},{\"@type\":\"WebSite\",\"@id\":\"https:\/\/kirkensbymisjon.no\/tilbud-egenutviklingsskolen\/#website\",\"url\":\"https:\/\/kirkensbymisjon.no\/tilbud-egenutviklingsskolen\/\",\"name\":\"Egenutviklingsskolen\",\"description\":\"\",\"potentialAction\":[{\"@type\":\"SearchAction\",\"target\":{\"@type\":\"EntryPoint\",\"urlTemplate\":\"https:\/\/kirkensbymisjon.no\/tilbud-egenutviklingsskolen\/?s={search_term_string}\"},\"query-input\":{\"@type\":\"PropertyValueSpecification\",\"valueRequired\":true,\"valueName\":\"search_term_string\"}}],\"inLanguage\":\"nb-NO\"}]}<\/script>\n<!-- \/ Yoast SEO Premium plugin. -->","yoast_head_json":{"title":"Om skolen - Egenutviklingsskolen","robots":{"index":"index","follow":"follow","max-snippet":"max-snippet:-1","max-image-preview":"max-image-preview:large","max-video-preview":"max-video-preview:-1"},"canonical":"https:\/\/kirkensbymisjon.no\/tilbud-egenutviklingsskolen\/om-skolen\/","og_locale":"nb_NO","og_type":"article","og_title":"Om skolen","og_description":"V\u00e5re verdier Egenutviklingsskolen ble opprettet i 2005, og vi har lang historie i \u00e5 arbeide&hellip;","og_url":"https:\/\/kirkensbymisjon.no\/tilbud-egenutviklingsskolen\/om-skolen\/","og_site_name":"Egenutviklingsskolen","article_modified_time":"2024-11-05T12:04:55+00:00","twitter_card":"summary_large_image","twitter_misc":{"Ansl. lesetid":"3 minutter"},"schema":{"@context":"https:\/\/schema.org","@graph":[{"@type":"WebPage","@id":"https:\/\/kirkensbymisjon.no\/tilbud-egenutviklingsskolen\/om-skolen\/","url":"https:\/\/kirkensbymisjon.no\/tilbud-egenutviklingsskolen\/om-skolen\/","name":"Om skolen - Egenutviklingsskolen","isPartOf":{"@id":"https:\/\/kirkensbymisjon.no\/tilbud-egenutviklingsskolen\/#website"},"datePublished":"2024-08-13T08:38:40+00:00","dateModified":"2024-11-05T12:04:55+00:00","breadcrumb":{"@id":"https:\/\/kirkensbymisjon.no\/tilbud-egenutviklingsskolen\/om-skolen\/#breadcrumb"},"inLanguage":"nb-NO","potentialAction":[{"@type":"ReadAction","target":["https:\/\/kirkensbymisjon.no\/tilbud-egenutviklingsskolen\/om-skolen\/"]}]},{"@type":"BreadcrumbList","@id":"https:\/\/kirkensbymisjon.no\/tilbud-egenutviklingsskolen\/om-skolen\/#breadcrumb","itemListElement":[{"@type":"ListItem","position":1,"name":"Hjem","item":"https:\/\/kirkensbymisjon.no\/tilbud-egenutviklingsskolen\/"},{"@type":"ListItem","position":2,"name":"Om skolen"}]},{"@type":"WebSite","@id":"https:\/\/kirkensbymisjon.no\/tilbud-egenutviklingsskolen\/#website","url":"https:\/\/kirkensbymisjon.no\/tilbud-egenutviklingsskolen\/","name":"Egenutviklingsskolen","description":"","potentialAction":[{"@type":"SearchAction","target":{"@type":"EntryPoint","urlTemplate":"https:\/\/kirkensbymisjon.no\/tilbud-egenutviklingsskolen\/?s={search_term_string}"},"query-input":{"@type":"PropertyValueSpecification","valueRequired":true,"valueName":"search_term_string"}}],"inLanguage":"nb-NO"}]}},"_links":{"self":[{"href":"https:\/\/kirkensbymisjon.no\/tilbud-egenutviklingsskolen\/wp-json\/wp\/v2\/pages\/26","targetHints":{"allow":["GET"]}}],"collection":[{"href":"https:\/\/kirkensbymisjon.no\/tilbud-egenutviklingsskolen\/wp-json\/wp\/v2\/pages"}],"about":[{"href":"https:\/\/kirkensbymisjon.no\/tilbud-egenutviklingsskolen\/wp-json\/wp\/v2\/types\/page"}],"author":[{"embeddable":true,"href":"https:\/\/kirkensbymisjon.no\/tilbud-egenutviklingsskolen\/wp-json\/wp\/v2\/users\/5"}],"replies":[{"embeddable":true,"href":"https:\/\/kirkensbymisjon.no\/tilbud-egenutviklingsskolen\/wp-json\/wp\/v2\/comments?post=26"}],"version-history":[{"count":4,"href":"https:\/\/kirkensbymisjon.no\/tilbud-egenutviklingsskolen\/wp-json\/wp\/v2\/pages\/26\/revisions"}],"predecessor-version":[{"id":48,"href":"https:\/\/kirkensbymisjon.no\/tilbud-egenutviklingsskolen\/wp-json\/wp\/v2\/pages\/26\/revisions\/48"}],"wp:attachment":[{"href":"https:\/\/kirkensbymisjon.no\/tilbud-egenutviklingsskolen\/wp-json\/wp\/v2\/media?parent=26"}],"curies":[{"name":"wp","href":"https:\/\/api.w.org\/{rel}","templated":true}]}}