{"id":3,"date":"2024-08-11T09:24:47","date_gmt":"2024-08-11T07:24:47","guid":{"rendered":"https:\/\/kirkensbymisjon.no\/tilbud-egenutviklingsskolen\/forside\/"},"modified":"2024-11-05T12:59:20","modified_gmt":"2024-11-05T11:59:20","slug":"forside","status":"publish","type":"page","link":"https:\/\/kirkensbymisjon.no\/tilbud-egenutviklingsskolen\/","title":{"rendered":"Forside"},"content":{"rendered":"\n<p>V\u00e5rt arbeid retter seg mot tidligere rusavhengige, straffed\u00f8mte, mennesker med lettere psykiske utfordringer, og andre som \u00f8nsker og jobber for en rusfri tilv\u00e6relse og et stabilt liv.<\/p>\n\n\n\n<p>P\u00e5 Egenutviklingsskolen vil du oppleve \u00e5 bli sett, h\u00f8rt og motivert til \u00e5 endre livsstil. Vi vil gi deg et bedre utgangspunkt til \u00e5 mestre en rusfri hverdag og gj\u00f8re deg trygg.<\/p>\n\n\n\n<div class=\"wp-block-media-text alignwide is-stacked-on-mobile is-style-filled\"><figure class=\"wp-block-media-text__media\"><img loading=\"lazy\" decoding=\"async\" width=\"1024\" height=\"684\" src=\"https:\/\/kirkensbymisjon.no\/content\/uploads\/sites\/127\/2024\/08\/tilbud_Egenutviklingsskolen_02-1024x684.jpg\" alt=\"Ung gutt\" class=\"wp-image-18 size-full\" srcset=\"https:\/\/kirkensbymisjon.no\/content\/uploads\/sites\/127\/2024\/08\/tilbud_Egenutviklingsskolen_02-1024x684.jpg 1024w, https:\/\/kirkensbymisjon.no\/content\/uploads\/sites\/127\/2024\/08\/tilbud_Egenutviklingsskolen_02-300x200.jpg 300w, https:\/\/kirkensbymisjon.no\/content\/uploads\/sites\/127\/2024\/08\/tilbud_Egenutviklingsskolen_02-768x513.jpg 768w, https:\/\/kirkensbymisjon.no\/content\/uploads\/sites\/127\/2024\/08\/tilbud_Egenutviklingsskolen_02-1536x1026.jpg 1536w, https:\/\/kirkensbymisjon.no\/content\/uploads\/sites\/127\/2024\/08\/tilbud_Egenutviklingsskolen_02.jpg 1559w\" sizes=\"auto, (max-width: 1024px) 100vw, 1024px\" \/><\/figure><div class=\"wp-block-media-text__content\">\n<h2 class=\"wp-block-heading\" id=\"h-sok-plass-ved-egenutviklingsskolen\">S\u00f8k plass ved Egenutviklingsskolen<\/h2>\n\n\n\n<p>Egenutviklingsskolen er en skole for deg som \u00f8nsker \u00e5 f\u00e5 en rusfri tilv\u00e6relse og et stabilt liv. Du gj\u00f8r endringen \u2013 vi st\u00f8tter deg p\u00e5 veien. Vi har oppstart hver v\u00e5r og hver h\u00f8st. <\/p>\n\n\n\n<p><\/p>\n\n\n\n<p><\/p>\n\n\n\n<p>P\u00e5 v\u00e5r\u00a0<a href=\"https:\/\/www.facebook.com\/bymisjondrammen\/?hc_ref=ARRq0qHCtkGCbBJAIeBWcLiOdkhXb3xk0n6X8byHP01hVrwr7MLychnME3mibR91qjI&amp;fref=nf\" target=\"_blank\" rel=\"noreferrer noopener\">Facebook-side<\/a>\u00a0finner du en oversikt over v\u00e5re kurs. Du kan ogs\u00e5 ta direkte kontakt med oss for ytterligere informasjon og p\u00e5melding.<\/p>\n<\/div><\/div>\n\n\n\t<div class=\"alignwide wp-block-kbm-link-list\">\n\t\t<div class=\"kbm-link-list__items\">\n\t\t\t\n<div class=\"wp-block-kbm-link-list-item\">\t<svg xmlns=\"http:\/\/www.w3.org\/2000\/svg\" viewBox=\"0 0 48 48\" height=\"24\" width=\"24\" class=\"t2-icon t2-icon-competence\" aria-hidden=\"true\" focusable=\"false\"><path d=\"M4.52 5.114c-.582.143-1.121.6-1.376 1.166-.137.304-.145 1.072-.165 15.336l-.021 15.016.261.04c.144.022 1.017.059 1.941.083 6.757.174 13.478 1.64 17.097 3.731l.643.37c.033.018.06-6.861.06-15.287V10.248l-.94-.628c-3.508-2.343-8.48-3.846-14.46-4.371-1.882-.165-2.759-.204-3.04-.135m37.8-.023c-7.149.49-12.52 1.979-16.34 4.53l-.94.627v30.645l.3-.186a19.248 19.248 0 0 1 2.333-1.234c3.668-1.615 7.714-2.364 14.447-2.672a98.22 98.22 0 0 0 2.34-.129l.5-.045V21.591c0-16.466.036-15.271-.482-15.862-.478-.544-1.052-.713-2.158-.638M3.042 39.857c.002 1.832.049 2.034.597 2.566.593.576-.06.543 10.081.519l9.12-.022-.68-.411c-3.828-2.314-10.102-3.881-16.6-4.146-.616-.025-1.435-.064-1.82-.087l-.7-.042.002 1.623m39.998-1.533c-7.143.301-13.59 1.885-17.355 4.264l-.525.332 9.12.022c10.141.024 9.488.057 10.081-.519.548-.532.595-.734.597-2.563l.002-1.62-.26.012c-.143.007-.89.04-1.66.072\"\/><\/svg>\t<div class=\"kbm-link-list-item__content\">\n\t\t<p class=\"kbm-link-list-item__title\">Undervisning<\/p>\n\t\t\t\t\t<p class=\"kbm-link-list-item__description\">Flere av v\u00e5re forelesere har erfart det du g\u00e5r gjennom og kan gi r\u00e5d som virker.<\/p>\n\t\t\t<\/div>\n\t<\/div>\n\n<div class=\"wp-block-kbm-link-list-item\">\t<svg xmlns=\"http:\/\/www.w3.org\/2000\/svg\" viewBox=\"0 0 48 48\" height=\"24\" width=\"24\" class=\"t2-icon t2-icon-training\" aria-hidden=\"true\" focusable=\"false\"><path d=\"M35.6 4.126c-3.41.481-6.585 1.803-9.071 3.777-.736.584-1.97 1.815-2.582 2.577-.809 1.006-2.803 4.024-3.723 5.636-1.546 2.708-3.41 6.521-4.402 9.003a35.19 35.19 0 0 1-.991 2.178C13.137 30.681 11.222 35.365 9.639 40c-.744 2.18-.784 2.548-.368 3.393.655 1.332 2.212 1.956 3.413 1.368.673-.329.889-.688 1.516-2.517 1.425-4.162 3.96-10.521 4.125-10.348.033.035.553 1.162 1.155 2.504 2.764 6.158 4.24 9.187 4.684 9.612.591.565 1.579.696 2.425.321.555-.245 1.192-.889 1.451-1.467.194-.432.215-.56.183-1.108-.034-.601-.067-.685-1.12-2.889-2.068-4.328-4.619-9.984-4.566-10.124.024-.064.161-.082.41-.055.267.03 1.229-.121 3.373-.528 1.65-.314 3.586-.681 4.303-.816.883-.167 1.383-.301 1.553-.416.421-.287.693-.699.832-1.261.121-.493.121-.577-.004-1.2-.441-2.186-1.46-3.994-3.372-5.982-.675-.702-1.038-1.15-1.198-1.477-.267-.547-.824-1.194-1.709-1.985l-.63-.563.235-.371c.935-1.479 2.502-2.982 4.128-3.96 1.723-1.037 4.062-1.784 6.422-2.051.418-.047.911-.141 1.095-.208 1.19-.432 1.377-2.103.356-3.179-.618-.651-1.234-.779-2.731-.567m-4.248 7.093a3.5 3.5 0 0 0-2.163 2.238c-.133.44-.161.701-.134 1.262.029.616.071.783.33 1.306.513 1.038 1.425 1.708 2.602 1.909 2.253.387 4.329-1.698 3.946-3.96-.197-1.165-.869-2.076-1.911-2.591-.551-.272-.672-.3-1.373-.323-.64-.021-.858.006-1.297.159M27.283 21.88c.481.567 1.159 1.625 1.087 1.697-.042.042-3.566.739-3.752.742-.096.002.823-1.332 1.51-2.192.34-.424.647-.762.682-.749.036.012.248.238.473.502\"\/><\/svg>\t<div class=\"kbm-link-list-item__content\">\n\t\t<p class=\"kbm-link-list-item__title\">Trening<\/p>\n\t\t\t\t\t<p class=\"kbm-link-list-item__description\">Vi finner sammen frem til dine ressurser slik at du kan realisere dine dr\u00f8mmer.<\/p>\n\t\t\t<\/div>\n\t<\/div>\n\n<div class=\"wp-block-kbm-link-list-item\">\t<svg xmlns=\"http:\/\/www.w3.org\/2000\/svg\" viewBox=\"0 0 48 48\" height=\"24\" width=\"24\" class=\"t2-icon t2-icon-heart\" aria-hidden=\"true\" focusable=\"false\"><path d=\"M12.608 7.169c-1.695.306-3.132.959-4.579 2.081-1.894 1.468-3.293 3.755-3.79 6.194-.689 3.382.232 7.499 2.57 11.489 2.339 3.991 6.459 8.359 11.511 12.202 1.924 1.463 5.432 3.825 5.682 3.825.244 0 3.789-2.389 5.678-3.826 3.507-2.666 6.767-5.781 9.058-8.654 4.107-5.151 5.927-10.598 5.023-15.036-.867-4.255-4.231-7.559-8.431-8.282-.908-.156-2.546-.157-3.46-.001-3.228.55-6.151 2.758-7.548 5.699-.151.319-.296.58-.32.58-.025 0-.212-.333-.416-.74-1.452-2.905-4.266-4.995-7.456-5.539-.885-.151-2.667-.147-3.522.008\"\/><\/svg>\t<div class=\"kbm-link-list-item__content\">\n\t\t<p class=\"kbm-link-list-item__title\">Rusfritt fellesskap<\/p>\n\t\t\t\t\t<p class=\"kbm-link-list-item__description\">Bli del av en gruppe som bryr seg om deg og som vil at du skal lykkes.<\/p>\n\t\t\t<\/div>\n\t<\/div>\n\t\t<\/div>\n\t<\/div>\n\t","protected":false},"excerpt":{"rendered":"<p>V\u00e5rt arbeid retter seg mot tidligere rusavhengige, straffed\u00f8mte, mennesker med lettere psykiske utfordringer, og andre&hellip;<\/p>\n","protected":false},"author":5,"featured_media":0,"parent":0,"menu_order":0,"comment_status":"closed","ping_status":"closed","template":"","meta":{"_relevanssi_hide_post":"","_relevanssi_hide_content":"","_relevanssi_pin_for_all":"","_relevanssi_pin_keywords":"","_relevanssi_unpin_keywords":"","_relevanssi_related_keywords":"","_relevanssi_related_include_ids":"","_relevanssi_related_exclude_ids":"","_relevanssi_related_no_append":"","_relevanssi_related_not_related":"","_relevanssi_related_posts":"1","_relevanssi_noindex_reason":"","editor_notices":[],"footnotes":""},"class_list":["post-3","page","type-page","status-publish","hentry"],"yoast_head":"<!-- This site is optimized with the Yoast SEO Premium plugin v27.2 (Yoast SEO v27.2) - https:\/\/yoast.com\/product\/yoast-seo-premium-wordpress\/ -->\n<title>Forside - Egenutviklingsskolen<\/title>\n<meta name=\"description\" content=\"En skole for deg som \u00f8nsker \u00e5 f\u00e5 en rusfri tilv\u00e6relse og et stabilt liv.\" \/>\n<meta name=\"robots\" content=\"index, follow, max-snippet:-1, max-image-preview:large, max-video-preview:-1\" \/>\n<link rel=\"canonical\" href=\"https:\/\/kirkensbymisjon.no\/tilbud-egenutviklingsskolen\/\" \/>\n<meta property=\"og:locale\" content=\"nb_NO\" \/>\n<meta property=\"og:type\" content=\"article\" \/>\n<meta property=\"og:title\" content=\"Forside\" \/>\n<meta property=\"og:description\" content=\"En skole for deg som \u00f8nsker \u00e5 f\u00e5 en rusfri tilv\u00e6relse og et stabilt liv.\" \/>\n<meta property=\"og:url\" content=\"https:\/\/kirkensbymisjon.no\/tilbud-egenutviklingsskolen\/\" \/>\n<meta property=\"og:site_name\" content=\"Egenutviklingsskolen\" \/>\n<meta property=\"article:modified_time\" content=\"2024-11-05T11:59:20+00:00\" \/>\n<meta property=\"og:image\" content=\"https:\/\/kirkensbymisjon.no\/content\/uploads\/sites\/127\/2024\/08\/tilbud_Egenutviklingsskolen_02.jpg\" \/>\n\t<meta property=\"og:image:width\" content=\"1559\" \/>\n\t<meta property=\"og:image:height\" content=\"1041\" \/>\n\t<meta property=\"og:image:type\" content=\"image\/jpeg\" \/>\n<meta name=\"twitter:card\" content=\"summary_large_image\" \/>\n<meta name=\"twitter:label1\" content=\"Ansl. lesetid\" \/>\n\t<meta name=\"twitter:data1\" content=\"1 minutt\" \/>\n<script type=\"application\/ld+json\" class=\"yoast-schema-graph\">{\"@context\":\"https:\/\/schema.org\",\"@graph\":[{\"@type\":\"WebPage\",\"@id\":\"https:\/\/kirkensbymisjon.no\/tilbud-egenutviklingsskolen\/\",\"url\":\"https:\/\/kirkensbymisjon.no\/tilbud-egenutviklingsskolen\/\",\"name\":\"Forside - Egenutviklingsskolen\",\"isPartOf\":{\"@id\":\"https:\/\/kirkensbymisjon.no\/tilbud-egenutviklingsskolen\/#website\"},\"primaryImageOfPage\":{\"@id\":\"https:\/\/kirkensbymisjon.no\/tilbud-egenutviklingsskolen\/#primaryimage\"},\"image\":{\"@id\":\"https:\/\/kirkensbymisjon.no\/tilbud-egenutviklingsskolen\/#primaryimage\"},\"thumbnailUrl\":\"https:\/\/kirkensbymisjon.no\/content\/uploads\/sites\/127\/2024\/08\/tilbud_Egenutviklingsskolen_02-1024x684.jpg\",\"datePublished\":\"2024-08-11T07:24:47+00:00\",\"dateModified\":\"2024-11-05T11:59:20+00:00\",\"description\":\"En skole for deg som \u00f8nsker \u00e5 f\u00e5 en rusfri tilv\u00e6relse og et stabilt liv.\",\"breadcrumb\":{\"@id\":\"https:\/\/kirkensbymisjon.no\/tilbud-egenutviklingsskolen\/#breadcrumb\"},\"inLanguage\":\"nb-NO\",\"potentialAction\":[{\"@type\":\"ReadAction\",\"target\":[\"https:\/\/kirkensbymisjon.no\/tilbud-egenutviklingsskolen\/\"]}]},{\"@type\":\"ImageObject\",\"inLanguage\":\"nb-NO\",\"@id\":\"https:\/\/kirkensbymisjon.no\/tilbud-egenutviklingsskolen\/#primaryimage\",\"url\":\"https:\/\/kirkensbymisjon.no\/content\/uploads\/sites\/127\/2024\/08\/tilbud_Egenutviklingsskolen_02-1024x684.jpg\",\"contentUrl\":\"https:\/\/kirkensbymisjon.no\/content\/uploads\/sites\/127\/2024\/08\/tilbud_Egenutviklingsskolen_02-1024x684.jpg\"},{\"@type\":\"BreadcrumbList\",\"@id\":\"https:\/\/kirkensbymisjon.no\/tilbud-egenutviklingsskolen\/#breadcrumb\",\"itemListElement\":[{\"@type\":\"ListItem\",\"position\":1,\"name\":\"Hjem\",\"item\":\"https:\/\/kirkensbymisjon.no\/tilbud-egenutviklingsskolen\/\"},{\"@type\":\"ListItem\",\"position\":2,\"name\":\"Forside\"}]},{\"@type\":\"WebSite\",\"@id\":\"https:\/\/kirkensbymisjon.no\/tilbud-egenutviklingsskolen\/#website\",\"url\":\"https:\/\/kirkensbymisjon.no\/tilbud-egenutviklingsskolen\/\",\"name\":\"Egenutviklingsskolen\",\"description\":\"\",\"potentialAction\":[{\"@type\":\"SearchAction\",\"target\":{\"@type\":\"EntryPoint\",\"urlTemplate\":\"https:\/\/kirkensbymisjon.no\/tilbud-egenutviklingsskolen\/?s={search_term_string}\"},\"query-input\":{\"@type\":\"PropertyValueSpecification\",\"valueRequired\":true,\"valueName\":\"search_term_string\"}}],\"inLanguage\":\"nb-NO\"}]}<\/script>\n<!-- \/ Yoast SEO Premium plugin. -->","yoast_head_json":{"title":"Forside - Egenutviklingsskolen","description":"En skole for deg som \u00f8nsker \u00e5 f\u00e5 en rusfri tilv\u00e6relse og et stabilt liv.","robots":{"index":"index","follow":"follow","max-snippet":"max-snippet:-1","max-image-preview":"max-image-preview:large","max-video-preview":"max-video-preview:-1"},"canonical":"https:\/\/kirkensbymisjon.no\/tilbud-egenutviklingsskolen\/","og_locale":"nb_NO","og_type":"article","og_title":"Forside","og_description":"En skole for deg som \u00f8nsker \u00e5 f\u00e5 en rusfri tilv\u00e6relse og et stabilt liv.","og_url":"https:\/\/kirkensbymisjon.no\/tilbud-egenutviklingsskolen\/","og_site_name":"Egenutviklingsskolen","article_modified_time":"2024-11-05T11:59:20+00:00","og_image":[{"width":1559,"height":1041,"url":"https:\/\/kirkensbymisjon.no\/content\/uploads\/sites\/127\/2024\/08\/tilbud_Egenutviklingsskolen_02.jpg","type":"image\/jpeg"}],"twitter_card":"summary_large_image","twitter_misc":{"Ansl. lesetid":"1 minutt"},"schema":{"@context":"https:\/\/schema.org","@graph":[{"@type":"WebPage","@id":"https:\/\/kirkensbymisjon.no\/tilbud-egenutviklingsskolen\/","url":"https:\/\/kirkensbymisjon.no\/tilbud-egenutviklingsskolen\/","name":"Forside - Egenutviklingsskolen","isPartOf":{"@id":"https:\/\/kirkensbymisjon.no\/tilbud-egenutviklingsskolen\/#website"},"primaryImageOfPage":{"@id":"https:\/\/kirkensbymisjon.no\/tilbud-egenutviklingsskolen\/#primaryimage"},"image":{"@id":"https:\/\/kirkensbymisjon.no\/tilbud-egenutviklingsskolen\/#primaryimage"},"thumbnailUrl":"https:\/\/kirkensbymisjon.no\/content\/uploads\/sites\/127\/2024\/08\/tilbud_Egenutviklingsskolen_02-1024x684.jpg","datePublished":"2024-08-11T07:24:47+00:00","dateModified":"2024-11-05T11:59:20+00:00","description":"En skole for deg som \u00f8nsker \u00e5 f\u00e5 en rusfri tilv\u00e6relse og et stabilt liv.","breadcrumb":{"@id":"https:\/\/kirkensbymisjon.no\/tilbud-egenutviklingsskolen\/#breadcrumb"},"inLanguage":"nb-NO","potentialAction":[{"@type":"ReadAction","target":["https:\/\/kirkensbymisjon.no\/tilbud-egenutviklingsskolen\/"]}]},{"@type":"ImageObject","inLanguage":"nb-NO","@id":"https:\/\/kirkensbymisjon.no\/tilbud-egenutviklingsskolen\/#primaryimage","url":"https:\/\/kirkensbymisjon.no\/content\/uploads\/sites\/127\/2024\/08\/tilbud_Egenutviklingsskolen_02-1024x684.jpg","contentUrl":"https:\/\/kirkensbymisjon.no\/content\/uploads\/sites\/127\/2024\/08\/tilbud_Egenutviklingsskolen_02-1024x684.jpg"},{"@type":"BreadcrumbList","@id":"https:\/\/kirkensbymisjon.no\/tilbud-egenutviklingsskolen\/#breadcrumb","itemListElement":[{"@type":"ListItem","position":1,"name":"Hjem","item":"https:\/\/kirkensbymisjon.no\/tilbud-egenutviklingsskolen\/"},{"@type":"ListItem","position":2,"name":"Forside"}]},{"@type":"WebSite","@id":"https:\/\/kirkensbymisjon.no\/tilbud-egenutviklingsskolen\/#website","url":"https:\/\/kirkensbymisjon.no\/tilbud-egenutviklingsskolen\/","name":"Egenutviklingsskolen","description":"","potentialAction":[{"@type":"SearchAction","target":{"@type":"EntryPoint","urlTemplate":"https:\/\/kirkensbymisjon.no\/tilbud-egenutviklingsskolen\/?s={search_term_string}"},"query-input":{"@type":"PropertyValueSpecification","valueRequired":true,"valueName":"search_term_string"}}],"inLanguage":"nb-NO"}]}},"_links":{"self":[{"href":"https:\/\/kirkensbymisjon.no\/tilbud-egenutviklingsskolen\/wp-json\/wp\/v2\/pages\/3","targetHints":{"allow":["GET"]}}],"collection":[{"href":"https:\/\/kirkensbymisjon.no\/tilbud-egenutviklingsskolen\/wp-json\/wp\/v2\/pages"}],"about":[{"href":"https:\/\/kirkensbymisjon.no\/tilbud-egenutviklingsskolen\/wp-json\/wp\/v2\/types\/page"}],"author":[{"embeddable":true,"href":"https:\/\/kirkensbymisjon.no\/tilbud-egenutviklingsskolen\/wp-json\/wp\/v2\/users\/5"}],"replies":[{"embeddable":true,"href":"https:\/\/kirkensbymisjon.no\/tilbud-egenutviklingsskolen\/wp-json\/wp\/v2\/comments?post=3"}],"version-history":[{"count":4,"href":"https:\/\/kirkensbymisjon.no\/tilbud-egenutviklingsskolen\/wp-json\/wp\/v2\/pages\/3\/revisions"}],"predecessor-version":[{"id":44,"href":"https:\/\/kirkensbymisjon.no\/tilbud-egenutviklingsskolen\/wp-json\/wp\/v2\/pages\/3\/revisions\/44"}],"wp:attachment":[{"href":"https:\/\/kirkensbymisjon.no\/tilbud-egenutviklingsskolen\/wp-json\/wp\/v2\/media?parent=3"}],"curies":[{"name":"wp","href":"https:\/\/api.w.org\/{rel}","templated":true}]}}