{"id":2,"date":"2024-06-14T12:45:22","date_gmt":"2024-06-14T10:45:22","guid":{"rendered":"https:\/\/kirkensbymisjon.no\/tilbud-enga\/?page_id=2"},"modified":"2026-02-05T09:48:59","modified_gmt":"2026-02-05T08:48:59","slug":"forside","status":"publish","type":"page","link":"https:\/\/kirkensbymisjon.no\/tilbud-enga\/","title":{"rendered":"Forside"},"content":{"rendered":"\n<p>Enga er et bo- og omsorgstilbud for mennesker med behov for d\u00f8gnkontinuerlig oppf\u00f8lging. De som bor p\u00e5 Enga har hatt et liv preget av langvarig rusmiddelbruk, kombinert med ulike somatiske eller psykiske helseplager.<\/p>\n\n\n\n<p>Vi gir individuell bistand til mestring av hverdagslivets utfordringer. I arbeidet legger vi vekt p\u00e5 \u00e5 ivareta og respektere beboernes integritet og \u00e5 styrke opplevelsen av egenverd. Tilbudet inkluderer milj\u00f8terapi, og helsefremmende tiltak og aktiviteter. M\u00e5let er \u00e5 forebygge funksjonsfall og \u00e5 opprettholde og forbedre den enkeltes funksjonsevne.<\/p>\n\n\n\n<p>Engas beliggenhet sentralt i Oslo gir beboerne mulighet til \u00e5 beholde n\u00e6rmilj\u00f8 og nettverk. Vi samarbeider med bydelen og andre akt\u00f8rer for \u00e5 finne det beste botilbudet for den enkelte. Enga eies og drives av Kirkens Bymisjon, p\u00e5 oppdrag for Oslo Kommune.<\/p>\n\n\n\n<div class=\"wp-block-media-text alignwide is-stacked-on-mobile is-style-filled\"><figure class=\"wp-block-media-text__media\"><img loading=\"lazy\" decoding=\"async\" width=\"1000\" height=\"500\" src=\"https:\/\/kirkensbymisjon.no\/content\/uploads\/sites\/11\/2024\/06\/Tilbud_Enga_02.png\" alt=\"Ansatt og beboer i samtale\" class=\"wp-image-4 size-full\" srcset=\"https:\/\/kirkensbymisjon.no\/content\/uploads\/sites\/11\/2024\/06\/Tilbud_Enga_02.png 1000w, https:\/\/kirkensbymisjon.no\/content\/uploads\/sites\/11\/2024\/06\/Tilbud_Enga_02-300x150.png 300w, https:\/\/kirkensbymisjon.no\/content\/uploads\/sites\/11\/2024\/06\/Tilbud_Enga_02-768x384.png 768w\" sizes=\"auto, (max-width: 1000px) 100vw, 1000px\" \/><\/figure><div class=\"wp-block-media-text__content\">\n<h2 class=\"wp-block-heading\" id=\"h-soke-om-plass\">S\u00f8ke om plass?<\/h2>\n\n\n\n<p>Hvis du \u00f8nsker plass hos oss, m\u00e5 du ta kontakt med NAV i bydelen du bor.<\/p>\n\n\n\n<p><a href=\"https:\/\/www.oslo.kommune.no\/helse-og-omsorg\/rusomsorg\/plass-pa-rusinstitusjon\/\" target=\"_blank\" rel=\"noreferrer noopener\">Les mer her<\/a><\/p>\n<\/div><\/div>\n\n\n<div class=\"t2-accordion wp-block-t2-accordion\" data-allow-multiple=\"1\" role=\"list\">\n<div class=\"t2-accordion-item wp-block-t2-accordion-item\" role=\"listitem\">\n\t\t\t<h2 class=\"t2-accordion-title\">\n\t\t\t\t<button type=\"button\" class=\"t2-accordion-trigger\" id=\"dette-tilbyr-vi\" aria-controls=\"accordion-panel\" aria-expanded=\"false\">\n\t\t\t\t\tDette tilbyr vi\n\t\t\t\t\t<span class=\"t2-accordion-icon is-closed-icon\"><svg xmlns=\"http:\/\/www.w3.org\/2000\/svg\" viewBox=\"0 0 24 24\" height=\"24\" width=\"24\" class=\"t2-icon t2-icon-plus\" aria-hidden=\"true\" focusable=\"false\"><path d=\"M11.8 5.037a1.088 1.088 0 0 0-.722.566c-.075.148-.078.25-.078 2.772v2.619l-2.61.016c-1.867.012-2.652.03-2.756.064-.168.055-.438.301-.54.494-.049.092-.07.223-.07.432 0 .34.054.476.282.704.289.289.14.275 3.064.288l2.63.012v2.619c0 2.544.002 2.625.08 2.778.191.372.516.577.92.577s.729-.205.92-.577c.078-.153.08-.234.08-2.778v-2.619l2.63-.012c2.924-.013 2.775.001 3.064-.288.228-.228.282-.364.282-.704 0-.209-.021-.34-.07-.432-.102-.193-.372-.439-.54-.494-.104-.034-.889-.052-2.756-.064L13 10.994V8.375c0-2.522-.003-2.624-.078-2.772-.214-.418-.685-.656-1.122-.566\"\/><\/svg><\/span>\n\t\t\t\t\t<span class=\"t2-accordion-icon is-open-icon\"><svg xmlns=\"http:\/\/www.w3.org\/2000\/svg\" viewBox=\"0 0 24 24\" height=\"24\" width=\"24\" class=\"t2-icon t2-icon-chevronup\" aria-hidden=\"true\" focusable=\"false\"><path d=\"M6.7 14.7c-.2-.2-.3-.4-.3-.7s.1-.5.3-.7l4.6-4.6c.1-.1.2-.2.3-.2.1 0 .2-.1.4-.1.1 0 .3 0 .4.1.1 0 .2.1.3.2l4.6 4.6c.2.2.3.4.3.7s-.1.5-.3.7c-.2.2-.4.3-.7.3s-.5-.1-.7-.3L12 10.8l-3.9 3.9c-.2.2-.4.3-.7.3s-.5-.1-.7-.3z\" fill=\"currentColor\" \/><\/svg><\/span>\n\t\t\t\t<\/button>\n\t\t\t<\/h2>\n\t\t\t<div class=\"t2-accordion-item__inner-container is-layout-flow\" id=\"accordion-panel\" aria-labelledby=\"dette-tilbyr-vi\" role=\"region\" hidden>\n\t\t\t\t\n\n<ul class=\"wp-block-list\">\n<li><strong>Langtid<\/strong>: 35 held\u00f8gnsplasser. Rommene har eget toalett og bad, og 4 av dem har i tillegg kj\u00f8kken.<\/li>\n\n\n\n<li><strong>D\u00f8gnbemanning<\/strong>.<\/li>\n\n\n\n<li>Tverrfaglig kompetanse: Hos oss jobber det sykepleiere, sosionomer, vernepleiere, hjelpepleiere, kriminolog og omsorgsarbeidere.<\/li>\n\n\n\n<li>Tilsynslege som kommer \u00e9n&nbsp;dag i uken.<\/li>\n\n\n\n<li>Medisinutdeling 4 ganger per dag, mulig \u00e5 f\u00e5 utdelt metadon\/subutex p\u00e5 huset.<\/li>\n\n\n\n<li>S\u00e5rstell av sykepleier p\u00e5 huset \u00e9n&nbsp;dag i uken.<\/li>\n\n\n\n<li>Helsestasjon drevet av sykepleier p\u00e5 huset to ganger i m\u00e5neden.<\/li>\n\n\n\n<li>Det serveres 4 m\u00e5ltider hver dag i felles spiserom,&nbsp;det er sm\u00e5 tekj\u00f8kken p\u00e5 alle avdelinger.<\/li>\n\n\n\n<li>Faste aktiviteter ukentlig: Bingo, kreativt verksted, trim og kaffe p\u00e5 loftet.<\/li>\n\n\n\n<li><strong>Utflukter<\/strong>: Vi reiser jevnlig p\u00e5 handleturer til Sverige og andre utflukter. Vi arrangerer ogs\u00e5 regelmessig andre aktiviteter som kino og bowling.<\/li>\n<\/ul>\n\n\n\t\t\t<\/div>\n\t\t<\/div>\n\n<div class=\"t2-accordion-item wp-block-t2-accordion-item\" role=\"listitem\">\n\t\t\t<h2 class=\"t2-accordion-title\">\n\t\t\t\t<button type=\"button\" class=\"t2-accordion-trigger\" id=\"v\u00e5re-m\u00e5lgrupper\" aria-controls=\"accordion-panel-1\" aria-expanded=\"false\">\n\t\t\t\t\tV\u00e5re m\u00e5lgrupper\n\t\t\t\t\t<span class=\"t2-accordion-icon is-closed-icon\"><svg xmlns=\"http:\/\/www.w3.org\/2000\/svg\" viewBox=\"0 0 24 24\" height=\"24\" width=\"24\" class=\"t2-icon t2-icon-plus\" aria-hidden=\"true\" focusable=\"false\"><path d=\"M11.8 5.037a1.088 1.088 0 0 0-.722.566c-.075.148-.078.25-.078 2.772v2.619l-2.61.016c-1.867.012-2.652.03-2.756.064-.168.055-.438.301-.54.494-.049.092-.07.223-.07.432 0 .34.054.476.282.704.289.289.14.275 3.064.288l2.63.012v2.619c0 2.544.002 2.625.08 2.778.191.372.516.577.92.577s.729-.205.92-.577c.078-.153.08-.234.08-2.778v-2.619l2.63-.012c2.924-.013 2.775.001 3.064-.288.228-.228.282-.364.282-.704 0-.209-.021-.34-.07-.432-.102-.193-.372-.439-.54-.494-.104-.034-.889-.052-2.756-.064L13 10.994V8.375c0-2.522-.003-2.624-.078-2.772-.214-.418-.685-.656-1.122-.566\"\/><\/svg><\/span>\n\t\t\t\t\t<span class=\"t2-accordion-icon is-open-icon\"><svg xmlns=\"http:\/\/www.w3.org\/2000\/svg\" viewBox=\"0 0 24 24\" height=\"24\" width=\"24\" class=\"t2-icon t2-icon-chevronup\" aria-hidden=\"true\" focusable=\"false\"><path d=\"M6.7 14.7c-.2-.2-.3-.4-.3-.7s.1-.5.3-.7l4.6-4.6c.1-.1.2-.2.3-.2.1 0 .2-.1.4-.1.1 0 .3 0 .4.1.1 0 .2.1.3.2l4.6 4.6c.2.2.3.4.3.7s-.1.5-.3.7c-.2.2-.4.3-.7.3s-.5-.1-.7-.3L12 10.8l-3.9 3.9c-.2.2-.4.3-.7.3s-.5-.1-.7-.3z\" fill=\"currentColor\" \/><\/svg><\/span>\n\t\t\t\t<\/button>\n\t\t\t<\/h2>\n\t\t\t<div class=\"t2-accordion-item__inner-container is-layout-flow\" id=\"accordion-panel-1\" aria-labelledby=\"v\u00e5re-m\u00e5lgrupper\" role=\"region\" hidden>\n\t\t\t\t\n\n<ul class=\"wp-block-list\">\n<li>Du som har behov for d\u00f8gnkontinuerlig oppf\u00f8lging.<\/li>\n\n\n\n<li>Du som har hatt et liv preget av langvarig rusmiddelbruk.<\/li>\n<\/ul>\n\n\n\t\t\t<\/div>\n\t\t<\/div>\n<\/div>","protected":false},"excerpt":{"rendered":"<p>Enga er et bo- og omsorgstilbud for mennesker med behov for d\u00f8gnkontinuerlig oppf\u00f8lging. De som&hellip;<\/p>\n","protected":false},"author":1,"featured_media":4,"parent":0,"menu_order":0,"comment_status":"closed","ping_status":"closed","template":"","meta":{"_relevanssi_hide_post":"","_relevanssi_hide_content":"","_relevanssi_pin_for_all":"","_relevanssi_pin_keywords":"","_relevanssi_unpin_keywords":"","_relevanssi_related_keywords":"","_relevanssi_related_include_ids":"","_relevanssi_related_exclude_ids":"","_relevanssi_related_no_append":"","_relevanssi_related_not_related":"","_relevanssi_related_posts":"1","_relevanssi_noindex_reason":"","editor_notices":[],"footnotes":""},"class_list":["post-2","page","type-page","status-publish","has-post-thumbnail","hentry"],"yoast_head":"<!-- This site is optimized with the Yoast SEO Premium plugin v27.2 (Yoast SEO v27.2) - https:\/\/yoast.com\/product\/yoast-seo-premium-wordpress\/ -->\n<title>Kirkens Bymisjon - Enga<\/title>\n<meta name=\"description\" content=\"Vi er et omsorgstilbud for rusavhengige hvor vi sammen finner ulike alternativer og l\u00f8sninger p\u00e5 den enkeltes utfordringer.\" \/>\n<meta name=\"robots\" content=\"index, follow, max-snippet:-1, max-image-preview:large, max-video-preview:-1\" \/>\n<link rel=\"canonical\" href=\"https:\/\/kirkensbymisjon.no\/tilbud-enga\/\" \/>\n<meta property=\"og:locale\" content=\"nb_NO\" \/>\n<meta property=\"og:type\" content=\"article\" \/>\n<meta property=\"og:title\" content=\"Kirkens Bymisjon - Enga\" \/>\n<meta property=\"og:description\" content=\"Vi er et omsorgstilbud for rusavhengige hvor vi sammen finner ulike alternativer og l\u00f8sninger p\u00e5 den enkeltes utfordringer.\" \/>\n<meta property=\"og:url\" content=\"https:\/\/kirkensbymisjon.no\/tilbud-enga\/\" \/>\n<meta property=\"og:site_name\" content=\"Enga\" \/>\n<meta property=\"article:modified_time\" content=\"2026-02-05T08:48:59+00:00\" \/>\n<meta property=\"og:image\" content=\"https:\/\/kirkensbymisjon.no\/content\/uploads\/sites\/11\/2024\/06\/Tilbud_Enga_02.png\" \/>\n\t<meta property=\"og:image:width\" content=\"1000\" \/>\n\t<meta property=\"og:image:height\" content=\"500\" \/>\n\t<meta property=\"og:image:type\" content=\"image\/png\" \/>\n<meta name=\"twitter:card\" content=\"summary_large_image\" \/>\n<meta name=\"twitter:title\" content=\"Forside\" \/>\n<meta name=\"twitter:label1\" content=\"Ansl. lesetid\" \/>\n\t<meta name=\"twitter:data1\" content=\"2 minutter\" \/>\n<script type=\"application\/ld+json\" class=\"yoast-schema-graph\">{\"@context\":\"https:\/\/schema.org\",\"@graph\":[{\"@type\":\"WebPage\",\"@id\":\"https:\/\/kirkensbymisjon.no\/tilbud-enga\/\",\"url\":\"https:\/\/kirkensbymisjon.no\/tilbud-enga\/\",\"name\":\"Kirkens Bymisjon - Enga\",\"isPartOf\":{\"@id\":\"https:\/\/kirkensbymisjon.no\/tilbud-enga\/#website\"},\"primaryImageOfPage\":{\"@id\":\"https:\/\/kirkensbymisjon.no\/tilbud-enga\/#primaryimage\"},\"image\":{\"@id\":\"https:\/\/kirkensbymisjon.no\/tilbud-enga\/#primaryimage\"},\"thumbnailUrl\":\"https:\/\/kirkensbymisjon.no\/content\/uploads\/sites\/11\/2024\/06\/Tilbud_Enga_02.png\",\"datePublished\":\"2024-06-14T10:45:22+00:00\",\"dateModified\":\"2026-02-05T08:48:59+00:00\",\"description\":\"Vi er et omsorgstilbud for rusavhengige hvor vi sammen finner ulike alternativer og l\u00f8sninger p\u00e5 den enkeltes utfordringer.\",\"breadcrumb\":{\"@id\":\"https:\/\/kirkensbymisjon.no\/tilbud-enga\/#breadcrumb\"},\"inLanguage\":\"nb-NO\",\"potentialAction\":[{\"@type\":\"ReadAction\",\"target\":[\"https:\/\/kirkensbymisjon.no\/tilbud-enga\/\"]}]},{\"@type\":\"ImageObject\",\"inLanguage\":\"nb-NO\",\"@id\":\"https:\/\/kirkensbymisjon.no\/tilbud-enga\/#primaryimage\",\"url\":\"https:\/\/kirkensbymisjon.no\/content\/uploads\/sites\/11\/2024\/06\/Tilbud_Enga_02.png\",\"contentUrl\":\"https:\/\/kirkensbymisjon.no\/content\/uploads\/sites\/11\/2024\/06\/Tilbud_Enga_02.png\",\"width\":1000,\"height\":500,\"caption\":\"Ansatt og beboer i samtale\"},{\"@type\":\"BreadcrumbList\",\"@id\":\"https:\/\/kirkensbymisjon.no\/tilbud-enga\/#breadcrumb\",\"itemListElement\":[{\"@type\":\"ListItem\",\"position\":1,\"name\":\"Hjem\",\"item\":\"https:\/\/kirkensbymisjon.no\/tilbud-enga\/\"},{\"@type\":\"ListItem\",\"position\":2,\"name\":\"Forside\"}]},{\"@type\":\"WebSite\",\"@id\":\"https:\/\/kirkensbymisjon.no\/tilbud-enga\/#website\",\"url\":\"https:\/\/kirkensbymisjon.no\/tilbud-enga\/\",\"name\":\"Enga\",\"description\":\"\",\"potentialAction\":[{\"@type\":\"SearchAction\",\"target\":{\"@type\":\"EntryPoint\",\"urlTemplate\":\"https:\/\/kirkensbymisjon.no\/tilbud-enga\/?s={search_term_string}\"},\"query-input\":{\"@type\":\"PropertyValueSpecification\",\"valueRequired\":true,\"valueName\":\"search_term_string\"}}],\"inLanguage\":\"nb-NO\"}]}<\/script>\n<!-- \/ Yoast SEO Premium plugin. -->","yoast_head_json":{"title":"Kirkens Bymisjon - Enga","description":"Vi er et omsorgstilbud for rusavhengige hvor vi sammen finner ulike alternativer og l\u00f8sninger p\u00e5 den enkeltes utfordringer.","robots":{"index":"index","follow":"follow","max-snippet":"max-snippet:-1","max-image-preview":"max-image-preview:large","max-video-preview":"max-video-preview:-1"},"canonical":"https:\/\/kirkensbymisjon.no\/tilbud-enga\/","og_locale":"nb_NO","og_type":"article","og_title":"Kirkens Bymisjon - Enga","og_description":"Vi er et omsorgstilbud for rusavhengige hvor vi sammen finner ulike alternativer og l\u00f8sninger p\u00e5 den enkeltes utfordringer.","og_url":"https:\/\/kirkensbymisjon.no\/tilbud-enga\/","og_site_name":"Enga","article_modified_time":"2026-02-05T08:48:59+00:00","og_image":[{"width":1000,"height":500,"url":"https:\/\/kirkensbymisjon.no\/content\/uploads\/sites\/11\/2024\/06\/Tilbud_Enga_02.png","type":"image\/png"}],"twitter_card":"summary_large_image","twitter_title":"Forside","twitter_misc":{"Ansl. lesetid":"2 minutter"},"schema":{"@context":"https:\/\/schema.org","@graph":[{"@type":"WebPage","@id":"https:\/\/kirkensbymisjon.no\/tilbud-enga\/","url":"https:\/\/kirkensbymisjon.no\/tilbud-enga\/","name":"Kirkens Bymisjon - Enga","isPartOf":{"@id":"https:\/\/kirkensbymisjon.no\/tilbud-enga\/#website"},"primaryImageOfPage":{"@id":"https:\/\/kirkensbymisjon.no\/tilbud-enga\/#primaryimage"},"image":{"@id":"https:\/\/kirkensbymisjon.no\/tilbud-enga\/#primaryimage"},"thumbnailUrl":"https:\/\/kirkensbymisjon.no\/content\/uploads\/sites\/11\/2024\/06\/Tilbud_Enga_02.png","datePublished":"2024-06-14T10:45:22+00:00","dateModified":"2026-02-05T08:48:59+00:00","description":"Vi er et omsorgstilbud for rusavhengige hvor vi sammen finner ulike alternativer og l\u00f8sninger p\u00e5 den enkeltes utfordringer.","breadcrumb":{"@id":"https:\/\/kirkensbymisjon.no\/tilbud-enga\/#breadcrumb"},"inLanguage":"nb-NO","potentialAction":[{"@type":"ReadAction","target":["https:\/\/kirkensbymisjon.no\/tilbud-enga\/"]}]},{"@type":"ImageObject","inLanguage":"nb-NO","@id":"https:\/\/kirkensbymisjon.no\/tilbud-enga\/#primaryimage","url":"https:\/\/kirkensbymisjon.no\/content\/uploads\/sites\/11\/2024\/06\/Tilbud_Enga_02.png","contentUrl":"https:\/\/kirkensbymisjon.no\/content\/uploads\/sites\/11\/2024\/06\/Tilbud_Enga_02.png","width":1000,"height":500,"caption":"Ansatt og beboer i samtale"},{"@type":"BreadcrumbList","@id":"https:\/\/kirkensbymisjon.no\/tilbud-enga\/#breadcrumb","itemListElement":[{"@type":"ListItem","position":1,"name":"Hjem","item":"https:\/\/kirkensbymisjon.no\/tilbud-enga\/"},{"@type":"ListItem","position":2,"name":"Forside"}]},{"@type":"WebSite","@id":"https:\/\/kirkensbymisjon.no\/tilbud-enga\/#website","url":"https:\/\/kirkensbymisjon.no\/tilbud-enga\/","name":"Enga","description":"","potentialAction":[{"@type":"SearchAction","target":{"@type":"EntryPoint","urlTemplate":"https:\/\/kirkensbymisjon.no\/tilbud-enga\/?s={search_term_string}"},"query-input":{"@type":"PropertyValueSpecification","valueRequired":true,"valueName":"search_term_string"}}],"inLanguage":"nb-NO"}]}},"_links":{"self":[{"href":"https:\/\/kirkensbymisjon.no\/tilbud-enga\/wp-json\/wp\/v2\/pages\/2","targetHints":{"allow":["GET"]}}],"collection":[{"href":"https:\/\/kirkensbymisjon.no\/tilbud-enga\/wp-json\/wp\/v2\/pages"}],"about":[{"href":"https:\/\/kirkensbymisjon.no\/tilbud-enga\/wp-json\/wp\/v2\/types\/page"}],"author":[{"embeddable":true,"href":"https:\/\/kirkensbymisjon.no\/tilbud-enga\/wp-json\/wp\/v2\/users\/1"}],"replies":[{"embeddable":true,"href":"https:\/\/kirkensbymisjon.no\/tilbud-enga\/wp-json\/wp\/v2\/comments?post=2"}],"version-history":[{"count":5,"href":"https:\/\/kirkensbymisjon.no\/tilbud-enga\/wp-json\/wp\/v2\/pages\/2\/revisions"}],"predecessor-version":[{"id":73,"href":"https:\/\/kirkensbymisjon.no\/tilbud-enga\/wp-json\/wp\/v2\/pages\/2\/revisions\/73"}],"wp:featuredmedia":[{"embeddable":true,"href":"https:\/\/kirkensbymisjon.no\/tilbud-enga\/wp-json\/wp\/v2\/media\/4"}],"wp:attachment":[{"href":"https:\/\/kirkensbymisjon.no\/tilbud-enga\/wp-json\/wp\/v2\/media?parent=2"}],"curies":[{"name":"wp","href":"https:\/\/api.w.org\/{rel}","templated":true}]}}