{"id":19,"date":"2024-08-14T22:12:43","date_gmt":"2024-08-14T20:12:43","guid":{"rendered":"https:\/\/kirkensbymisjon.no\/tilbud-englefabrikken\/?page_id=19"},"modified":"2025-08-20T18:15:55","modified_gmt":"2025-08-20T16:15:55","slug":"om-englefabrikken","status":"publish","type":"page","link":"https:\/\/kirkensbymisjon.no\/tilbud-englefabrikken\/om-englefabrikken\/","title":{"rendered":"Om Englefabrikken"},"content":{"rendered":"\n<h2 class=\"wp-block-heading\" id=\"h-om-vart-arbeid\">Om v\u00e5rt arbeid<\/h2>\n\n\n\n<ul class=\"wp-block-list\">\n<li>V\u00e5re arbeidere lager blant annet glassengler, tennbriketter og dekorerer lys. Vi har etablert et s\u00f8mverksted der vi syr vesker, handlenett og andre bruksgjenstander av materialer gitt av folk i byen v\u00e5r. <\/li>\n\n\n\n<li>Produktene selges i <a href=\"\/nettbutikk\">nettbutikken<\/a> og ved v\u00e5rt utsalgssted i V\u00e6rekraftsenteret (Sj\u00f8gata 1, 8006 Bod\u00f8).<\/li>\n\n\n\n<li>Kvinnene jobber ogs\u00e5 med renhold av lokalene v\u00e5re, klargj\u00f8ring og pakking av varer, og salg og kundebehandling i butikken v\u00e5r.<\/li>\n\n\n\n<li>Vi \u00f8nsker at v\u00e5re arbeidere skal oppleve en meningsfull hverdag gjennom \u00e5 ha en jobb og et fellesskap \u00e5 g\u00e5 til.<\/li>\n\n\n\n<li>Vi vil se nye muligheter og bruksomr\u00e5der for ressurser andre ville kastet, og gi det lengre levetid som kvalitetsvarer med mening.<\/li>\n<\/ul>\n\n\n\n<figure class=\"wp-block-image size-full\"><img loading=\"lazy\" decoding=\"async\" width=\"1000\" height=\"500\" src=\"https:\/\/kirkensbymisjon.no\/content\/uploads\/sites\/134\/2024\/08\/tilbud_Englefabrikken_02.jpg\" alt=\"Engler laget p\u00e5 verkstedet\" class=\"wp-image-10\" srcset=\"https:\/\/kirkensbymisjon.no\/content\/uploads\/sites\/134\/2024\/08\/tilbud_Englefabrikken_02.jpg 1000w, https:\/\/kirkensbymisjon.no\/content\/uploads\/sites\/134\/2024\/08\/tilbud_Englefabrikken_02-300x150.jpg 300w, https:\/\/kirkensbymisjon.no\/content\/uploads\/sites\/134\/2024\/08\/tilbud_Englefabrikken_02-768x384.jpg 768w\" sizes=\"auto, (max-width: 1000px) 100vw, 1000px\" \/><\/figure>\n\n\n\n<h2 class=\"wp-block-heading\" id=\"h-vi-strekker-oss-etter-fns-baerekraftsmal-nr-12-ansvarlig-forbruk-og-produksjon\">Vi strekker oss etter FNs b\u00e6rekraftsm\u00e5l nr. 12, \u00abansvarlig forbruk og produksjon\u00bb<\/h2>\n\n\n\n<p>Vi benytter oss s\u00e5 langt det g\u00e5r av materialer vi har tilgjengelig n\u00e5r vi utvikler nye produkter. Det \u00e5 se nye muligheter i ressurser andre ville kastet er en av v\u00e5re styrker. For eksempel er v\u00e5re tennbriketter laget av pappesker vi f\u00e5r varer i, samt rester av lys vi ikke kan bruke i produksjonen v\u00e5r der vi dekorerer p\u00e5 lys. I tillegg kommer folk i byen v\u00e5r innom v\u00e5re lokaler med stearin, eggkartong, tekstiler og knust glass som vi kan benytte oss av n\u00e5r vi lager v\u00e5re salgsvarer. <\/p>\n\n\n\n<p>Det \u00e5 gi ressursene rundt oss et nytt liv, og et lengre liv er det vi forbinder med et mindre og mer ansvarlig forbruk, og en respekt for ressursene og produksjonen av disse \u2013 b\u00e5de n\u00e5r de ble laget f\u00f8rste gang, og n\u00e5r de f\u00e5r nytt liv hos oss.<\/p>\n\n\n\n<h2 class=\"wp-block-heading\" id=\"h-jobbe-hos-oss\">Jobbe hos oss?<\/h2>\n\n\n\n<p>Englefabrikken er et tilbud til kvinner som av ulike \u00e5rsaker ikke er i det ordin\u00e6re arbeidsliv. Vi har 15 arbeidsplasser og hver enkelt arbeider kan arbeide inntil 2 dager i uka.<\/p>\n\n\n\n<p>Alle arbeidere p\u00e5 Englefabrikken tildeles faste dager for \u00f8kt forutsigbarhet for den enkelte. V\u00e5re arbeidstider er tirsdag, torsdag og fredag kl. 09.00\u201313.00.<\/p>\n\n\n\n<p>Vi betaler ut kontant dagshonorar til alle arbeidere ved arbeidsdagens slutt.<\/p>\n\n\n\n<p>For mer informasjon om oss eller en samtale om en <a href=\"https:\/\/kirkensbymisjon.no\/tilbud-englefabrikken\/kontaktinformasjon\">plass hos oss<\/a> kan du kontakte arbeidsleder for en uforpliktende inntakssamtale.<\/p>\n\n\n\n<h2 class=\"wp-block-heading\" id=\"h-samarbeidspartnere\">Samarbeidspartnere<\/h2>\n\n\n\n<p><a href=\"https:\/\/xpsalten.no\/Hjem\" target=\"_blank\" rel=\"noreferrer noopener\">X-partner Salten<\/a>, bidrar med trykk til emballasje og trykk av design p\u00e5 lysene vi dekorerer.<\/p>\n","protected":false},"excerpt":{"rendered":"<p>Om v\u00e5rt arbeid Vi strekker oss etter FNs b\u00e6rekraftsm\u00e5l nr. 12, \u00abansvarlig forbruk og produksjon\u00bb&hellip;<\/p>\n","protected":false},"author":5,"featured_media":0,"parent":0,"menu_order":0,"comment_status":"closed","ping_status":"closed","template":"","meta":{"_relevanssi_hide_post":"","_relevanssi_hide_content":"","_relevanssi_pin_for_all":"","_relevanssi_pin_keywords":"","_relevanssi_unpin_keywords":"","_relevanssi_related_keywords":"","_relevanssi_related_include_ids":"","_relevanssi_related_exclude_ids":"","_relevanssi_related_no_append":"","_relevanssi_related_not_related":"","_relevanssi_related_posts":"1","_relevanssi_noindex_reason":"","editor_notices":[],"footnotes":""},"class_list":["post-19","page","type-page","status-publish","hentry"],"yoast_head":"<!-- This site is optimized with the Yoast SEO Premium plugin v27.2 (Yoast SEO v27.2) - https:\/\/yoast.com\/product\/yoast-seo-premium-wordpress\/ -->\n<title>Om Englefabrikken - Englefabrikken<\/title>\n<meta name=\"robots\" content=\"index, follow, max-snippet:-1, max-image-preview:large, max-video-preview:-1\" \/>\n<link rel=\"canonical\" href=\"https:\/\/kirkensbymisjon.no\/tilbud-englefabrikken\/om-englefabrikken\/\" \/>\n<meta property=\"og:locale\" content=\"nb_NO\" \/>\n<meta property=\"og:type\" content=\"article\" \/>\n<meta property=\"og:title\" content=\"Om Englefabrikken\" \/>\n<meta property=\"og:description\" content=\"Om v\u00e5rt arbeid Vi strekker oss etter FNs b\u00e6rekraftsm\u00e5l nr. 12, \u00abansvarlig forbruk og produksjon\u00bb&hellip;\" \/>\n<meta property=\"og:url\" content=\"https:\/\/kirkensbymisjon.no\/tilbud-englefabrikken\/om-englefabrikken\/\" \/>\n<meta property=\"og:site_name\" content=\"Englefabrikken\" \/>\n<meta property=\"article:modified_time\" content=\"2025-08-20T16:15:55+00:00\" \/>\n<meta property=\"og:image\" content=\"https:\/\/kirkensbymisjon.no\/content\/uploads\/sites\/134\/2024\/08\/tilbud_Englefabrikken_02.jpg\" \/>\n\t<meta property=\"og:image:width\" content=\"1000\" \/>\n\t<meta property=\"og:image:height\" content=\"500\" \/>\n\t<meta property=\"og:image:type\" content=\"image\/jpeg\" \/>\n<meta name=\"twitter:card\" content=\"summary_large_image\" \/>\n<meta name=\"twitter:label1\" content=\"Ansl. lesetid\" \/>\n\t<meta name=\"twitter:data1\" content=\"3 minutter\" \/>\n<script type=\"application\/ld+json\" class=\"yoast-schema-graph\">{\"@context\":\"https:\/\/schema.org\",\"@graph\":[{\"@type\":\"WebPage\",\"@id\":\"https:\/\/kirkensbymisjon.no\/tilbud-englefabrikken\/om-englefabrikken\/\",\"url\":\"https:\/\/kirkensbymisjon.no\/tilbud-englefabrikken\/om-englefabrikken\/\",\"name\":\"Om Englefabrikken - Englefabrikken\",\"isPartOf\":{\"@id\":\"https:\/\/kirkensbymisjon.no\/tilbud-englefabrikken\/#website\"},\"primaryImageOfPage\":{\"@id\":\"https:\/\/kirkensbymisjon.no\/tilbud-englefabrikken\/om-englefabrikken\/#primaryimage\"},\"image\":{\"@id\":\"https:\/\/kirkensbymisjon.no\/tilbud-englefabrikken\/om-englefabrikken\/#primaryimage\"},\"thumbnailUrl\":\"https:\/\/kirkensbymisjon.no\/content\/uploads\/sites\/134\/2024\/08\/tilbud_Englefabrikken_02.jpg\",\"datePublished\":\"2024-08-14T20:12:43+00:00\",\"dateModified\":\"2025-08-20T16:15:55+00:00\",\"breadcrumb\":{\"@id\":\"https:\/\/kirkensbymisjon.no\/tilbud-englefabrikken\/om-englefabrikken\/#breadcrumb\"},\"inLanguage\":\"nb-NO\",\"potentialAction\":[{\"@type\":\"ReadAction\",\"target\":[\"https:\/\/kirkensbymisjon.no\/tilbud-englefabrikken\/om-englefabrikken\/\"]}]},{\"@type\":\"ImageObject\",\"inLanguage\":\"nb-NO\",\"@id\":\"https:\/\/kirkensbymisjon.no\/tilbud-englefabrikken\/om-englefabrikken\/#primaryimage\",\"url\":\"https:\/\/kirkensbymisjon.no\/content\/uploads\/sites\/134\/2024\/08\/tilbud_Englefabrikken_02.jpg\",\"contentUrl\":\"https:\/\/kirkensbymisjon.no\/content\/uploads\/sites\/134\/2024\/08\/tilbud_Englefabrikken_02.jpg\"},{\"@type\":\"BreadcrumbList\",\"@id\":\"https:\/\/kirkensbymisjon.no\/tilbud-englefabrikken\/om-englefabrikken\/#breadcrumb\",\"itemListElement\":[{\"@type\":\"ListItem\",\"position\":1,\"name\":\"Hjem\",\"item\":\"https:\/\/kirkensbymisjon.no\/tilbud-englefabrikken\/\"},{\"@type\":\"ListItem\",\"position\":2,\"name\":\"Om Englefabrikken\"}]},{\"@type\":\"WebSite\",\"@id\":\"https:\/\/kirkensbymisjon.no\/tilbud-englefabrikken\/#website\",\"url\":\"https:\/\/kirkensbymisjon.no\/tilbud-englefabrikken\/\",\"name\":\"Englefabrikken\",\"description\":\"\",\"potentialAction\":[{\"@type\":\"SearchAction\",\"target\":{\"@type\":\"EntryPoint\",\"urlTemplate\":\"https:\/\/kirkensbymisjon.no\/tilbud-englefabrikken\/?s={search_term_string}\"},\"query-input\":{\"@type\":\"PropertyValueSpecification\",\"valueRequired\":true,\"valueName\":\"search_term_string\"}}],\"inLanguage\":\"nb-NO\"}]}<\/script>\n<!-- \/ Yoast SEO Premium plugin. -->","yoast_head_json":{"title":"Om Englefabrikken - Englefabrikken","robots":{"index":"index","follow":"follow","max-snippet":"max-snippet:-1","max-image-preview":"max-image-preview:large","max-video-preview":"max-video-preview:-1"},"canonical":"https:\/\/kirkensbymisjon.no\/tilbud-englefabrikken\/om-englefabrikken\/","og_locale":"nb_NO","og_type":"article","og_title":"Om Englefabrikken","og_description":"Om v\u00e5rt arbeid Vi strekker oss etter FNs b\u00e6rekraftsm\u00e5l nr. 12, \u00abansvarlig forbruk og produksjon\u00bb&hellip;","og_url":"https:\/\/kirkensbymisjon.no\/tilbud-englefabrikken\/om-englefabrikken\/","og_site_name":"Englefabrikken","article_modified_time":"2025-08-20T16:15:55+00:00","og_image":[{"width":1000,"height":500,"url":"https:\/\/kirkensbymisjon.no\/content\/uploads\/sites\/134\/2024\/08\/tilbud_Englefabrikken_02.jpg","type":"image\/jpeg"}],"twitter_card":"summary_large_image","twitter_misc":{"Ansl. lesetid":"3 minutter"},"schema":{"@context":"https:\/\/schema.org","@graph":[{"@type":"WebPage","@id":"https:\/\/kirkensbymisjon.no\/tilbud-englefabrikken\/om-englefabrikken\/","url":"https:\/\/kirkensbymisjon.no\/tilbud-englefabrikken\/om-englefabrikken\/","name":"Om Englefabrikken - Englefabrikken","isPartOf":{"@id":"https:\/\/kirkensbymisjon.no\/tilbud-englefabrikken\/#website"},"primaryImageOfPage":{"@id":"https:\/\/kirkensbymisjon.no\/tilbud-englefabrikken\/om-englefabrikken\/#primaryimage"},"image":{"@id":"https:\/\/kirkensbymisjon.no\/tilbud-englefabrikken\/om-englefabrikken\/#primaryimage"},"thumbnailUrl":"https:\/\/kirkensbymisjon.no\/content\/uploads\/sites\/134\/2024\/08\/tilbud_Englefabrikken_02.jpg","datePublished":"2024-08-14T20:12:43+00:00","dateModified":"2025-08-20T16:15:55+00:00","breadcrumb":{"@id":"https:\/\/kirkensbymisjon.no\/tilbud-englefabrikken\/om-englefabrikken\/#breadcrumb"},"inLanguage":"nb-NO","potentialAction":[{"@type":"ReadAction","target":["https:\/\/kirkensbymisjon.no\/tilbud-englefabrikken\/om-englefabrikken\/"]}]},{"@type":"ImageObject","inLanguage":"nb-NO","@id":"https:\/\/kirkensbymisjon.no\/tilbud-englefabrikken\/om-englefabrikken\/#primaryimage","url":"https:\/\/kirkensbymisjon.no\/content\/uploads\/sites\/134\/2024\/08\/tilbud_Englefabrikken_02.jpg","contentUrl":"https:\/\/kirkensbymisjon.no\/content\/uploads\/sites\/134\/2024\/08\/tilbud_Englefabrikken_02.jpg"},{"@type":"BreadcrumbList","@id":"https:\/\/kirkensbymisjon.no\/tilbud-englefabrikken\/om-englefabrikken\/#breadcrumb","itemListElement":[{"@type":"ListItem","position":1,"name":"Hjem","item":"https:\/\/kirkensbymisjon.no\/tilbud-englefabrikken\/"},{"@type":"ListItem","position":2,"name":"Om Englefabrikken"}]},{"@type":"WebSite","@id":"https:\/\/kirkensbymisjon.no\/tilbud-englefabrikken\/#website","url":"https:\/\/kirkensbymisjon.no\/tilbud-englefabrikken\/","name":"Englefabrikken","description":"","potentialAction":[{"@type":"SearchAction","target":{"@type":"EntryPoint","urlTemplate":"https:\/\/kirkensbymisjon.no\/tilbud-englefabrikken\/?s={search_term_string}"},"query-input":{"@type":"PropertyValueSpecification","valueRequired":true,"valueName":"search_term_string"}}],"inLanguage":"nb-NO"}]}},"_links":{"self":[{"href":"https:\/\/kirkensbymisjon.no\/tilbud-englefabrikken\/wp-json\/wp\/v2\/pages\/19","targetHints":{"allow":["GET"]}}],"collection":[{"href":"https:\/\/kirkensbymisjon.no\/tilbud-englefabrikken\/wp-json\/wp\/v2\/pages"}],"about":[{"href":"https:\/\/kirkensbymisjon.no\/tilbud-englefabrikken\/wp-json\/wp\/v2\/types\/page"}],"author":[{"embeddable":true,"href":"https:\/\/kirkensbymisjon.no\/tilbud-englefabrikken\/wp-json\/wp\/v2\/users\/5"}],"replies":[{"embeddable":true,"href":"https:\/\/kirkensbymisjon.no\/tilbud-englefabrikken\/wp-json\/wp\/v2\/comments?post=19"}],"version-history":[{"count":5,"href":"https:\/\/kirkensbymisjon.no\/tilbud-englefabrikken\/wp-json\/wp\/v2\/pages\/19\/revisions"}],"predecessor-version":[{"id":71,"href":"https:\/\/kirkensbymisjon.no\/tilbud-englefabrikken\/wp-json\/wp\/v2\/pages\/19\/revisions\/71"}],"wp:attachment":[{"href":"https:\/\/kirkensbymisjon.no\/tilbud-englefabrikken\/wp-json\/wp\/v2\/media?parent=19"}],"curies":[{"name":"wp","href":"https:\/\/api.w.org\/{rel}","templated":true}]}}