{"id":3,"date":"2024-06-26T21:29:54","date_gmt":"2024-06-26T19:29:54","guid":{"rendered":"https:\/\/kirkensbymisjon.no\/tilbud-enter-fritid\/forside\/"},"modified":"2024-12-19T14:59:33","modified_gmt":"2024-12-19T13:59:33","slug":"forside","status":"publish","type":"page","link":"https:\/\/kirkensbymisjon.no\/tilbud-enter-fritid\/","title":{"rendered":"Forsiden"},"content":{"rendered":"\n<p>Hovedm\u00e5lsetningen til \u00abEnter fritid\u00bb er \u00e5 bidra til \u00e5 \u00f8ke evnen til \u00e5 st\u00e5 i relasjoner. Det gjelder relasjoner til familie, arbeidsgiver, kolleger, venner og andre milj\u00f8er som den enkelte \u00f8nsker \u00e5 v\u00e6re en del av.<\/p>\n\n\n\n<p>D\u00f8gnet har som kjent 24 timer. I hovedsak kan man si at 8 timer er relatert til arbeid\/utdanning, 8 til s\u00f8vn og de siste 8 er til \u00abfri disposisjon\u00bb. Vi tror det er veldig viktig \u00e5 ha en aktiv fritid med gode medmennesker i hverdagen. Derfor har vi fokus p\u00e5 utvikling, mestring, engasjement og nettverksbygging for \u00e5 forebygge tilbakefall, isolasjon, ensomhet og rus.<\/p>\n\n\n\t<div class=\"alignfull wp-block-kbm-gallery\" data-scroll=\"1\">\n\t\t<div class=\"kbm-gallery__scroll\">\n\t\t\t<div class=\"kbm-gallery__wrapper\">\n\t\t\t\t\n\n<figure class=\"wp-block-gallery has-nested-images columns-default is-cropped wp-block-gallery-1 is-layout-flex wp-block-gallery-is-layout-flex\">\n<figure class=\"wp-block-image size-large\"><img loading=\"lazy\" decoding=\"async\" width=\"1024\" height=\"628\" data-id=\"48\" src=\"https:\/\/kirkensbymisjon.no\/content\/uploads\/sites\/85\/2024\/08\/Tilbud_enter-fritid_04-1024x628.jpeg\" alt=\"Aktiviteter, sykling\" class=\"wp-image-48\" srcset=\"https:\/\/kirkensbymisjon.no\/content\/uploads\/sites\/85\/2024\/08\/Tilbud_enter-fritid_04-1024x628.jpeg 1024w, https:\/\/kirkensbymisjon.no\/content\/uploads\/sites\/85\/2024\/08\/Tilbud_enter-fritid_04-300x184.jpeg 300w, https:\/\/kirkensbymisjon.no\/content\/uploads\/sites\/85\/2024\/08\/Tilbud_enter-fritid_04-768x471.jpeg 768w, https:\/\/kirkensbymisjon.no\/content\/uploads\/sites\/85\/2024\/08\/Tilbud_enter-fritid_04-1536x943.jpeg 1536w, https:\/\/kirkensbymisjon.no\/content\/uploads\/sites\/85\/2024\/08\/Tilbud_enter-fritid_04-2048x1257.jpeg 2048w\" sizes=\"auto, (max-width: 1024px) 100vw, 1024px\" \/><\/figure>\n\n\n\n<figure class=\"wp-block-image size-large\"><img loading=\"lazy\" decoding=\"async\" width=\"768\" height=\"1024\" data-id=\"49\" src=\"https:\/\/kirkensbymisjon.no\/content\/uploads\/sites\/85\/2024\/08\/Tilbud_enter-fritid_03-768x1024.jpg\" alt=\"B\u00e5lpanne ute i marka\" class=\"wp-image-49\" srcset=\"https:\/\/kirkensbymisjon.no\/content\/uploads\/sites\/85\/2024\/08\/Tilbud_enter-fritid_03-768x1024.jpg 768w, https:\/\/kirkensbymisjon.no\/content\/uploads\/sites\/85\/2024\/08\/Tilbud_enter-fritid_03-225x300.jpg 225w, https:\/\/kirkensbymisjon.no\/content\/uploads\/sites\/85\/2024\/08\/Tilbud_enter-fritid_03-1152x1536.jpg 1152w, https:\/\/kirkensbymisjon.no\/content\/uploads\/sites\/85\/2024\/08\/Tilbud_enter-fritid_03-1536x2048.jpg 1536w, https:\/\/kirkensbymisjon.no\/content\/uploads\/sites\/85\/2024\/08\/Tilbud_enter-fritid_03.jpg 1920w\" sizes=\"auto, (max-width: 768px) 100vw, 768px\" \/><\/figure>\n\n\n\n<figure class=\"wp-block-image size-large\"><img loading=\"lazy\" decoding=\"async\" width=\"1024\" height=\"768\" data-id=\"50\" src=\"https:\/\/kirkensbymisjon.no\/content\/uploads\/sites\/85\/2024\/08\/Tilbud_enter-fritid_02-1024x768.jpg\" alt=\"Aktiviteter, klatring\" class=\"wp-image-50\" srcset=\"https:\/\/kirkensbymisjon.no\/content\/uploads\/sites\/85\/2024\/08\/Tilbud_enter-fritid_02-1024x768.jpg 1024w, https:\/\/kirkensbymisjon.no\/content\/uploads\/sites\/85\/2024\/08\/Tilbud_enter-fritid_02-300x225.jpg 300w, https:\/\/kirkensbymisjon.no\/content\/uploads\/sites\/85\/2024\/08\/Tilbud_enter-fritid_02-768x576.jpg 768w, https:\/\/kirkensbymisjon.no\/content\/uploads\/sites\/85\/2024\/08\/Tilbud_enter-fritid_02-1536x1152.jpg 1536w, https:\/\/kirkensbymisjon.no\/content\/uploads\/sites\/85\/2024\/08\/Tilbud_enter-fritid_02-2048x1536.jpg 2048w\" sizes=\"auto, (max-width: 1024px) 100vw, 1024px\" \/><\/figure>\n<\/figure>\n\n\t\t\t<\/div>\n\t\t<\/div>\n\t<\/div>\n\t\n\n\n<h2 class=\"wp-block-heading\" id=\"h-vare-aktiviteter\">V\u00e5re aktiviteter<\/h2>\n\n\n<div class=\"t2-accordion wp-block-t2-accordion\" data-allow-multiple=\"1\" role=\"list\">\n<div class=\"t2-accordion-item wp-block-t2-accordion-item\" role=\"listitem\">\n\t\t\t<h2 class=\"t2-accordion-title\">\n\t\t\t\t<button type=\"button\" class=\"t2-accordion-trigger\" id=\"kultur\" aria-controls=\"accordion-panel\" aria-expanded=\"false\">\n\t\t\t\t\tKultur\n\t\t\t\t\t<span class=\"t2-accordion-icon is-closed-icon\"><svg xmlns=\"http:\/\/www.w3.org\/2000\/svg\" viewBox=\"0 0 24 24\" height=\"24\" width=\"24\" class=\"t2-icon t2-icon-plus\" aria-hidden=\"true\" focusable=\"false\"><path d=\"M11.8 5.037a1.088 1.088 0 0 0-.722.566c-.075.148-.078.25-.078 2.772v2.619l-2.61.016c-1.867.012-2.652.03-2.756.064-.168.055-.438.301-.54.494-.049.092-.07.223-.07.432 0 .34.054.476.282.704.289.289.14.275 3.064.288l2.63.012v2.619c0 2.544.002 2.625.08 2.778.191.372.516.577.92.577s.729-.205.92-.577c.078-.153.08-.234.08-2.778v-2.619l2.63-.012c2.924-.013 2.775.001 3.064-.288.228-.228.282-.364.282-.704 0-.209-.021-.34-.07-.432-.102-.193-.372-.439-.54-.494-.104-.034-.889-.052-2.756-.064L13 10.994V8.375c0-2.522-.003-2.624-.078-2.772-.214-.418-.685-.656-1.122-.566\"\/><\/svg><\/span>\n\t\t\t\t\t<span class=\"t2-accordion-icon is-open-icon\"><svg xmlns=\"http:\/\/www.w3.org\/2000\/svg\" viewBox=\"0 0 24 24\" height=\"24\" width=\"24\" class=\"t2-icon t2-icon-chevronup\" aria-hidden=\"true\" focusable=\"false\"><path d=\"M6.7 14.7c-.2-.2-.3-.4-.3-.7s.1-.5.3-.7l4.6-4.6c.1-.1.2-.2.3-.2.1 0 .2-.1.4-.1.1 0 .3 0 .4.1.1 0 .2.1.3.2l4.6 4.6c.2.2.3.4.3.7s-.1.5-.3.7c-.2.2-.4.3-.7.3s-.5-.1-.7-.3L12 10.8l-3.9 3.9c-.2.2-.4.3-.7.3s-.5-.1-.7-.3z\" fill=\"currentColor\" \/><\/svg><\/span>\n\t\t\t\t<\/button>\n\t\t\t<\/h2>\n\t\t\t<div class=\"t2-accordion-item__inner-container is-layout-flow\" id=\"accordion-panel\" aria-labelledby=\"kultur\" role=\"region\" hidden>\n\t\t\t\t\n\n<p>Mandagskro, IK-Start kamper, strikkekaf\u00e9, kor, kulturgruppa (kino, Kilden, utstillinger), JEnter, Fritidsakademiet, barn &amp; familie.<\/p>\n\n\n\t\t\t<\/div>\n\t\t<\/div>\n\n<div class=\"t2-accordion-item wp-block-t2-accordion-item\" role=\"listitem\">\n\t\t\t<h2 class=\"t2-accordion-title\">\n\t\t\t\t<button type=\"button\" class=\"t2-accordion-trigger\" id=\"friluft\" aria-controls=\"accordion-panel-1\" aria-expanded=\"false\">\n\t\t\t\t\tFriluft\n\t\t\t\t\t<span class=\"t2-accordion-icon is-closed-icon\"><svg xmlns=\"http:\/\/www.w3.org\/2000\/svg\" viewBox=\"0 0 24 24\" height=\"24\" width=\"24\" class=\"t2-icon t2-icon-plus\" aria-hidden=\"true\" focusable=\"false\"><path d=\"M11.8 5.037a1.088 1.088 0 0 0-.722.566c-.075.148-.078.25-.078 2.772v2.619l-2.61.016c-1.867.012-2.652.03-2.756.064-.168.055-.438.301-.54.494-.049.092-.07.223-.07.432 0 .34.054.476.282.704.289.289.14.275 3.064.288l2.63.012v2.619c0 2.544.002 2.625.08 2.778.191.372.516.577.92.577s.729-.205.92-.577c.078-.153.08-.234.08-2.778v-2.619l2.63-.012c2.924-.013 2.775.001 3.064-.288.228-.228.282-.364.282-.704 0-.209-.021-.34-.07-.432-.102-.193-.372-.439-.54-.494-.104-.034-.889-.052-2.756-.064L13 10.994V8.375c0-2.522-.003-2.624-.078-2.772-.214-.418-.685-.656-1.122-.566\"\/><\/svg><\/span>\n\t\t\t\t\t<span class=\"t2-accordion-icon is-open-icon\"><svg xmlns=\"http:\/\/www.w3.org\/2000\/svg\" viewBox=\"0 0 24 24\" height=\"24\" width=\"24\" class=\"t2-icon t2-icon-chevronup\" aria-hidden=\"true\" focusable=\"false\"><path d=\"M6.7 14.7c-.2-.2-.3-.4-.3-.7s.1-.5.3-.7l4.6-4.6c.1-.1.2-.2.3-.2.1 0 .2-.1.4-.1.1 0 .3 0 .4.1.1 0 .2.1.3.2l4.6 4.6c.2.2.3.4.3.7s-.1.5-.3.7c-.2.2-.4.3-.7.3s-.5-.1-.7-.3L12 10.8l-3.9 3.9c-.2.2-.4.3-.7.3s-.5-.1-.7-.3z\" fill=\"currentColor\" \/><\/svg><\/span>\n\t\t\t\t<\/button>\n\t\t\t<\/h2>\n\t\t\t<div class=\"t2-accordion-item__inner-container is-layout-flow\" id=\"accordion-panel-1\" aria-labelledby=\"friluft\" role=\"region\" hidden>\n\t\t\t\t\n\n<p>Friluftsliv, kajakk, ridning, jakt og fiske.<\/p>\n\n\n\t\t\t<\/div>\n\t\t<\/div>\n\n<div class=\"t2-accordion-item wp-block-t2-accordion-item\" role=\"listitem\">\n\t\t\t<h2 class=\"t2-accordion-title\">\n\t\t\t\t<button type=\"button\" class=\"t2-accordion-trigger\" id=\"trening\" aria-controls=\"accordion-panel-2\" aria-expanded=\"false\">\n\t\t\t\t\tTrening\n\t\t\t\t\t<span class=\"t2-accordion-icon is-closed-icon\"><svg xmlns=\"http:\/\/www.w3.org\/2000\/svg\" viewBox=\"0 0 24 24\" height=\"24\" width=\"24\" class=\"t2-icon t2-icon-plus\" aria-hidden=\"true\" focusable=\"false\"><path d=\"M11.8 5.037a1.088 1.088 0 0 0-.722.566c-.075.148-.078.25-.078 2.772v2.619l-2.61.016c-1.867.012-2.652.03-2.756.064-.168.055-.438.301-.54.494-.049.092-.07.223-.07.432 0 .34.054.476.282.704.289.289.14.275 3.064.288l2.63.012v2.619c0 2.544.002 2.625.08 2.778.191.372.516.577.92.577s.729-.205.92-.577c.078-.153.08-.234.08-2.778v-2.619l2.63-.012c2.924-.013 2.775.001 3.064-.288.228-.228.282-.364.282-.704 0-.209-.021-.34-.07-.432-.102-.193-.372-.439-.54-.494-.104-.034-.889-.052-2.756-.064L13 10.994V8.375c0-2.522-.003-2.624-.078-2.772-.214-.418-.685-.656-1.122-.566\"\/><\/svg><\/span>\n\t\t\t\t\t<span class=\"t2-accordion-icon is-open-icon\"><svg xmlns=\"http:\/\/www.w3.org\/2000\/svg\" viewBox=\"0 0 24 24\" height=\"24\" width=\"24\" class=\"t2-icon t2-icon-chevronup\" aria-hidden=\"true\" focusable=\"false\"><path d=\"M6.7 14.7c-.2-.2-.3-.4-.3-.7s.1-.5.3-.7l4.6-4.6c.1-.1.2-.2.3-.2.1 0 .2-.1.4-.1.1 0 .3 0 .4.1.1 0 .2.1.3.2l4.6 4.6c.2.2.3.4.3.7s-.1.5-.3.7c-.2.2-.4.3-.7.3s-.5-.1-.7-.3L12 10.8l-3.9 3.9c-.2.2-.4.3-.7.3s-.5-.1-.7-.3z\" fill=\"currentColor\" \/><\/svg><\/span>\n\t\t\t\t<\/button>\n\t\t\t<\/h2>\n\t\t\t<div class=\"t2-accordion-item__inner-container is-layout-flow\" id=\"accordion-panel-2\" aria-labelledby=\"trening\" role=\"region\" hidden>\n\t\t\t\t\n\n<p>Halltrening, golf, sv\u00f8mming, yoga, sykling, bootcamp, padel, klatring og l\u00f8ping.<\/p>\n\n\n\t\t\t<\/div>\n\t\t<\/div>\n\n<div class=\"t2-accordion-item wp-block-t2-accordion-item\" role=\"listitem\">\n\t\t\t<h2 class=\"t2-accordion-title\">\n\t\t\t\t<button type=\"button\" class=\"t2-accordion-trigger\" id=\"kom-med-innspill\" aria-controls=\"accordion-panel-3\" aria-expanded=\"false\">\n\t\t\t\t\tKom med innspill\n\t\t\t\t\t<span class=\"t2-accordion-icon is-closed-icon\"><svg xmlns=\"http:\/\/www.w3.org\/2000\/svg\" viewBox=\"0 0 24 24\" height=\"24\" width=\"24\" class=\"t2-icon t2-icon-plus\" aria-hidden=\"true\" focusable=\"false\"><path d=\"M11.8 5.037a1.088 1.088 0 0 0-.722.566c-.075.148-.078.25-.078 2.772v2.619l-2.61.016c-1.867.012-2.652.03-2.756.064-.168.055-.438.301-.54.494-.049.092-.07.223-.07.432 0 .34.054.476.282.704.289.289.14.275 3.064.288l2.63.012v2.619c0 2.544.002 2.625.08 2.778.191.372.516.577.92.577s.729-.205.92-.577c.078-.153.08-.234.08-2.778v-2.619l2.63-.012c2.924-.013 2.775.001 3.064-.288.228-.228.282-.364.282-.704 0-.209-.021-.34-.07-.432-.102-.193-.372-.439-.54-.494-.104-.034-.889-.052-2.756-.064L13 10.994V8.375c0-2.522-.003-2.624-.078-2.772-.214-.418-.685-.656-1.122-.566\"\/><\/svg><\/span>\n\t\t\t\t\t<span class=\"t2-accordion-icon is-open-icon\"><svg xmlns=\"http:\/\/www.w3.org\/2000\/svg\" viewBox=\"0 0 24 24\" height=\"24\" width=\"24\" class=\"t2-icon t2-icon-chevronup\" aria-hidden=\"true\" focusable=\"false\"><path d=\"M6.7 14.7c-.2-.2-.3-.4-.3-.7s.1-.5.3-.7l4.6-4.6c.1-.1.2-.2.3-.2.1 0 .2-.1.4-.1.1 0 .3 0 .4.1.1 0 .2.1.3.2l4.6 4.6c.2.2.3.4.3.7s-.1.5-.3.7c-.2.2-.4.3-.7.3s-.5-.1-.7-.3L12 10.8l-3.9 3.9c-.2.2-.4.3-.7.3s-.5-.1-.7-.3z\" fill=\"currentColor\" \/><\/svg><\/span>\n\t\t\t\t<\/button>\n\t\t\t<\/h2>\n\t\t\t<div class=\"t2-accordion-item__inner-container is-layout-flow\" id=\"accordion-panel-3\" aria-labelledby=\"kom-med-innspill\" role=\"region\" hidden>\n\t\t\t\t\n\n<p>Vi arbeider kontinuerlig med nye aktivitetstilbud og \u00f8nsker oss derfor innspill fra deltakere.<\/p>\n\n\n\t\t\t<\/div>\n\t\t<\/div>\n<\/div>","protected":false},"excerpt":{"rendered":"<p>Hovedm\u00e5lsetningen til \u00abEnter fritid\u00bb er \u00e5 bidra til \u00e5 \u00f8ke evnen til \u00e5 st\u00e5 i&hellip;<\/p>\n","protected":false},"author":5,"featured_media":0,"parent":0,"menu_order":0,"comment_status":"closed","ping_status":"closed","template":"","meta":{"_relevanssi_hide_post":"","_relevanssi_hide_content":"","_relevanssi_pin_for_all":"","_relevanssi_pin_keywords":"","_relevanssi_unpin_keywords":"","_relevanssi_related_keywords":"","_relevanssi_related_include_ids":"","_relevanssi_related_exclude_ids":"","_relevanssi_related_no_append":"","_relevanssi_related_not_related":"","_relevanssi_related_posts":"1","_relevanssi_noindex_reason":"","editor_notices":[],"footnotes":""},"class_list":["post-3","page","type-page","status-publish","hentry"],"yoast_head":"<!-- This site is optimized with the Yoast SEO Premium plugin v27.2 (Yoast SEO v27.2) - https:\/\/yoast.com\/product\/yoast-seo-premium-wordpress\/ -->\n<title>Kirkens Bymisjon - Enter fritid<\/title>\n<meta name=\"description\" content=\"Vi tilbyr et bredt spekter av fritidstilbud innen kultur, friluft og trening til mennesker som har en rusfortid og som er i ettervern.\" \/>\n<meta name=\"robots\" content=\"index, follow, max-snippet:-1, max-image-preview:large, max-video-preview:-1\" \/>\n<link rel=\"canonical\" href=\"https:\/\/kirkensbymisjon.no\/tilbud-enter-fritid\/\" \/>\n<meta property=\"og:locale\" content=\"nb_NO\" \/>\n<meta property=\"og:type\" content=\"article\" \/>\n<meta property=\"og:title\" content=\"Forsiden\" \/>\n<meta property=\"og:description\" content=\"Vi tilbyr et bredt spekter av fritidstilbud innen kultur, friluft og trening til mennesker som har en rusfortid og som er i ettervern.\" \/>\n<meta property=\"og:url\" content=\"https:\/\/kirkensbymisjon.no\/tilbud-enter-fritid\/\" \/>\n<meta property=\"og:site_name\" content=\"Enter fritid\" \/>\n<meta property=\"article:modified_time\" content=\"2024-12-19T13:59:33+00:00\" \/>\n<meta property=\"og:image\" content=\"https:\/\/kirkensbymisjon.no\/content\/uploads\/sites\/85\/2024\/08\/Tilbud_enter-fritid_04.jpeg\" \/>\n\t<meta property=\"og:image:width\" content=\"2560\" \/>\n\t<meta property=\"og:image:height\" content=\"1571\" \/>\n\t<meta property=\"og:image:type\" content=\"image\/jpeg\" \/>\n<meta name=\"twitter:card\" content=\"summary_large_image\" \/>\n<meta name=\"twitter:label1\" content=\"Ansl. lesetid\" \/>\n\t<meta name=\"twitter:data1\" content=\"2 minutter\" \/>\n<script type=\"application\/ld+json\" class=\"yoast-schema-graph\">{\"@context\":\"https:\/\/schema.org\",\"@graph\":[{\"@type\":\"WebPage\",\"@id\":\"https:\/\/kirkensbymisjon.no\/tilbud-enter-fritid\/\",\"url\":\"https:\/\/kirkensbymisjon.no\/tilbud-enter-fritid\/\",\"name\":\"Kirkens Bymisjon - Enter fritid\",\"isPartOf\":{\"@id\":\"https:\/\/kirkensbymisjon.no\/tilbud-enter-fritid\/#website\"},\"primaryImageOfPage\":{\"@id\":\"https:\/\/kirkensbymisjon.no\/tilbud-enter-fritid\/#primaryimage\"},\"image\":{\"@id\":\"https:\/\/kirkensbymisjon.no\/tilbud-enter-fritid\/#primaryimage\"},\"thumbnailUrl\":\"https:\/\/kirkensbymisjon.no\/content\/uploads\/sites\/85\/2024\/08\/Tilbud_enter-fritid_04-1024x628.jpeg\",\"datePublished\":\"2024-06-26T19:29:54+00:00\",\"dateModified\":\"2024-12-19T13:59:33+00:00\",\"description\":\"Vi tilbyr et bredt spekter av fritidstilbud innen kultur, friluft og trening til mennesker som har en rusfortid og som er i ettervern.\",\"breadcrumb\":{\"@id\":\"https:\/\/kirkensbymisjon.no\/tilbud-enter-fritid\/#breadcrumb\"},\"inLanguage\":\"nb-NO\",\"potentialAction\":[{\"@type\":\"ReadAction\",\"target\":[\"https:\/\/kirkensbymisjon.no\/tilbud-enter-fritid\/\"]}]},{\"@type\":\"ImageObject\",\"inLanguage\":\"nb-NO\",\"@id\":\"https:\/\/kirkensbymisjon.no\/tilbud-enter-fritid\/#primaryimage\",\"url\":\"https:\/\/kirkensbymisjon.no\/content\/uploads\/sites\/85\/2024\/08\/Tilbud_enter-fritid_04-1024x628.jpeg\",\"contentUrl\":\"https:\/\/kirkensbymisjon.no\/content\/uploads\/sites\/85\/2024\/08\/Tilbud_enter-fritid_04-1024x628.jpeg\"},{\"@type\":\"BreadcrumbList\",\"@id\":\"https:\/\/kirkensbymisjon.no\/tilbud-enter-fritid\/#breadcrumb\",\"itemListElement\":[{\"@type\":\"ListItem\",\"position\":1,\"name\":\"Hjem\",\"item\":\"https:\/\/kirkensbymisjon.no\/tilbud-enter-fritid\/\"},{\"@type\":\"ListItem\",\"position\":2,\"name\":\"Forsiden\"}]},{\"@type\":\"WebSite\",\"@id\":\"https:\/\/kirkensbymisjon.no\/tilbud-enter-fritid\/#website\",\"url\":\"https:\/\/kirkensbymisjon.no\/tilbud-enter-fritid\/\",\"name\":\"Enter fritid\",\"description\":\"\",\"potentialAction\":[{\"@type\":\"SearchAction\",\"target\":{\"@type\":\"EntryPoint\",\"urlTemplate\":\"https:\/\/kirkensbymisjon.no\/tilbud-enter-fritid\/?s={search_term_string}\"},\"query-input\":{\"@type\":\"PropertyValueSpecification\",\"valueRequired\":true,\"valueName\":\"search_term_string\"}}],\"inLanguage\":\"nb-NO\"}]}<\/script>\n<!-- \/ Yoast SEO Premium plugin. -->","yoast_head_json":{"title":"Kirkens Bymisjon - Enter fritid","description":"Vi tilbyr et bredt spekter av fritidstilbud innen kultur, friluft og trening til mennesker som har en rusfortid og som er i ettervern.","robots":{"index":"index","follow":"follow","max-snippet":"max-snippet:-1","max-image-preview":"max-image-preview:large","max-video-preview":"max-video-preview:-1"},"canonical":"https:\/\/kirkensbymisjon.no\/tilbud-enter-fritid\/","og_locale":"nb_NO","og_type":"article","og_title":"Forsiden","og_description":"Vi tilbyr et bredt spekter av fritidstilbud innen kultur, friluft og trening til mennesker som har en rusfortid og som er i ettervern.","og_url":"https:\/\/kirkensbymisjon.no\/tilbud-enter-fritid\/","og_site_name":"Enter fritid","article_modified_time":"2024-12-19T13:59:33+00:00","og_image":[{"width":2560,"height":1571,"url":"https:\/\/kirkensbymisjon.no\/content\/uploads\/sites\/85\/2024\/08\/Tilbud_enter-fritid_04.jpeg","type":"image\/jpeg"}],"twitter_card":"summary_large_image","twitter_misc":{"Ansl. lesetid":"2 minutter"},"schema":{"@context":"https:\/\/schema.org","@graph":[{"@type":"WebPage","@id":"https:\/\/kirkensbymisjon.no\/tilbud-enter-fritid\/","url":"https:\/\/kirkensbymisjon.no\/tilbud-enter-fritid\/","name":"Kirkens Bymisjon - Enter fritid","isPartOf":{"@id":"https:\/\/kirkensbymisjon.no\/tilbud-enter-fritid\/#website"},"primaryImageOfPage":{"@id":"https:\/\/kirkensbymisjon.no\/tilbud-enter-fritid\/#primaryimage"},"image":{"@id":"https:\/\/kirkensbymisjon.no\/tilbud-enter-fritid\/#primaryimage"},"thumbnailUrl":"https:\/\/kirkensbymisjon.no\/content\/uploads\/sites\/85\/2024\/08\/Tilbud_enter-fritid_04-1024x628.jpeg","datePublished":"2024-06-26T19:29:54+00:00","dateModified":"2024-12-19T13:59:33+00:00","description":"Vi tilbyr et bredt spekter av fritidstilbud innen kultur, friluft og trening til mennesker som har en rusfortid og som er i ettervern.","breadcrumb":{"@id":"https:\/\/kirkensbymisjon.no\/tilbud-enter-fritid\/#breadcrumb"},"inLanguage":"nb-NO","potentialAction":[{"@type":"ReadAction","target":["https:\/\/kirkensbymisjon.no\/tilbud-enter-fritid\/"]}]},{"@type":"ImageObject","inLanguage":"nb-NO","@id":"https:\/\/kirkensbymisjon.no\/tilbud-enter-fritid\/#primaryimage","url":"https:\/\/kirkensbymisjon.no\/content\/uploads\/sites\/85\/2024\/08\/Tilbud_enter-fritid_04-1024x628.jpeg","contentUrl":"https:\/\/kirkensbymisjon.no\/content\/uploads\/sites\/85\/2024\/08\/Tilbud_enter-fritid_04-1024x628.jpeg"},{"@type":"BreadcrumbList","@id":"https:\/\/kirkensbymisjon.no\/tilbud-enter-fritid\/#breadcrumb","itemListElement":[{"@type":"ListItem","position":1,"name":"Hjem","item":"https:\/\/kirkensbymisjon.no\/tilbud-enter-fritid\/"},{"@type":"ListItem","position":2,"name":"Forsiden"}]},{"@type":"WebSite","@id":"https:\/\/kirkensbymisjon.no\/tilbud-enter-fritid\/#website","url":"https:\/\/kirkensbymisjon.no\/tilbud-enter-fritid\/","name":"Enter fritid","description":"","potentialAction":[{"@type":"SearchAction","target":{"@type":"EntryPoint","urlTemplate":"https:\/\/kirkensbymisjon.no\/tilbud-enter-fritid\/?s={search_term_string}"},"query-input":{"@type":"PropertyValueSpecification","valueRequired":true,"valueName":"search_term_string"}}],"inLanguage":"nb-NO"}]}},"_links":{"self":[{"href":"https:\/\/kirkensbymisjon.no\/tilbud-enter-fritid\/wp-json\/wp\/v2\/pages\/3","targetHints":{"allow":["GET"]}}],"collection":[{"href":"https:\/\/kirkensbymisjon.no\/tilbud-enter-fritid\/wp-json\/wp\/v2\/pages"}],"about":[{"href":"https:\/\/kirkensbymisjon.no\/tilbud-enter-fritid\/wp-json\/wp\/v2\/types\/page"}],"author":[{"embeddable":true,"href":"https:\/\/kirkensbymisjon.no\/tilbud-enter-fritid\/wp-json\/wp\/v2\/users\/5"}],"replies":[{"embeddable":true,"href":"https:\/\/kirkensbymisjon.no\/tilbud-enter-fritid\/wp-json\/wp\/v2\/comments?post=3"}],"version-history":[{"count":4,"href":"https:\/\/kirkensbymisjon.no\/tilbud-enter-fritid\/wp-json\/wp\/v2\/pages\/3\/revisions"}],"predecessor-version":[{"id":116,"href":"https:\/\/kirkensbymisjon.no\/tilbud-enter-fritid\/wp-json\/wp\/v2\/pages\/3\/revisions\/116"}],"wp:attachment":[{"href":"https:\/\/kirkensbymisjon.no\/tilbud-enter-fritid\/wp-json\/wp\/v2\/media?parent=3"}],"curies":[{"name":"wp","href":"https:\/\/api.w.org\/{rel}","templated":true}]}}