{"id":8,"date":"2024-07-24T11:56:47","date_gmt":"2024-07-24T09:56:47","guid":{"rendered":"https:\/\/kirkensbymisjon.no\/tilbud-enter-fritid\/?page_id=8"},"modified":"2024-12-19T14:41:09","modified_gmt":"2024-12-19T13:41:09","slug":"bli-deltaker","status":"publish","type":"page","link":"https:\/\/kirkensbymisjon.no\/tilbud-enter-fritid\/bli-deltaker\/","title":{"rendered":"Bli deltaker"},"content":{"rendered":"\n<p>Tilbudet er \u00e5pent for deg som har en rusfortid og er i gang med \u00e5 etablere deg i en rusfri tilv\u00e6relse.&nbsp;Du kan v\u00e6re enten i medikamentfri rehabilitering eller tilknyttet LAR (Legemiddelassistert rehabilitering). Du kan ha v\u00e6rt rusfri en lengre tid eller du kan v\u00e6re i begynnelsen av en behandling.<\/p>\n\n\n\t<div class=\"alignfull wp-block-kbm-gallery\" data-scroll=\"1\">\n\t\t<div class=\"kbm-gallery__scroll\">\n\t\t\t<div class=\"kbm-gallery__wrapper\">\n\t\t\t\t\n\n<figure class=\"wp-block-gallery has-nested-images columns-default is-cropped wp-block-gallery-1 is-layout-flex wp-block-gallery-is-layout-flex\">\n<figure class=\"wp-block-image size-large\"><img loading=\"lazy\" decoding=\"async\" width=\"768\" height=\"1024\" data-id=\"60\" src=\"https:\/\/kirkensbymisjon.no\/content\/uploads\/sites\/85\/2024\/08\/Tilbud_enter-fritid_08-768x1024.jpg\" alt=\"Aktiviteter, ski\" class=\"wp-image-60\" srcset=\"https:\/\/kirkensbymisjon.no\/content\/uploads\/sites\/85\/2024\/08\/Tilbud_enter-fritid_08-768x1024.jpg 768w, https:\/\/kirkensbymisjon.no\/content\/uploads\/sites\/85\/2024\/08\/Tilbud_enter-fritid_08-225x300.jpg 225w, https:\/\/kirkensbymisjon.no\/content\/uploads\/sites\/85\/2024\/08\/Tilbud_enter-fritid_08-1152x1536.jpg 1152w, https:\/\/kirkensbymisjon.no\/content\/uploads\/sites\/85\/2024\/08\/Tilbud_enter-fritid_08-1536x2048.jpg 1536w, https:\/\/kirkensbymisjon.no\/content\/uploads\/sites\/85\/2024\/08\/Tilbud_enter-fritid_08.jpg 1920w\" sizes=\"auto, (max-width: 768px) 100vw, 768px\" \/><\/figure>\n\n\n\n<figure class=\"wp-block-image size-large\"><img loading=\"lazy\" decoding=\"async\" width=\"768\" height=\"1024\" data-id=\"61\" src=\"https:\/\/kirkensbymisjon.no\/content\/uploads\/sites\/85\/2024\/08\/Tilbud_enter-fritid_07-768x1024.jpg\" alt=\"Aktiviteter, golf\" class=\"wp-image-61\" srcset=\"https:\/\/kirkensbymisjon.no\/content\/uploads\/sites\/85\/2024\/08\/Tilbud_enter-fritid_07-768x1024.jpg 768w, https:\/\/kirkensbymisjon.no\/content\/uploads\/sites\/85\/2024\/08\/Tilbud_enter-fritid_07-225x300.jpg 225w, https:\/\/kirkensbymisjon.no\/content\/uploads\/sites\/85\/2024\/08\/Tilbud_enter-fritid_07-1152x1536.jpg 1152w, https:\/\/kirkensbymisjon.no\/content\/uploads\/sites\/85\/2024\/08\/Tilbud_enter-fritid_07-1536x2048.jpg 1536w, https:\/\/kirkensbymisjon.no\/content\/uploads\/sites\/85\/2024\/08\/Tilbud_enter-fritid_07.jpg 1920w\" sizes=\"auto, (max-width: 768px) 100vw, 768px\" \/><\/figure>\n\n\n\n<figure class=\"wp-block-image size-large\"><img loading=\"lazy\" decoding=\"async\" width=\"1024\" height=\"768\" data-id=\"62\" src=\"https:\/\/kirkensbymisjon.no\/content\/uploads\/sites\/85\/2024\/08\/Tilbud_enter-fritid_06-1024x768.jpg\" alt=\"Aktiviteter, ridning\" class=\"wp-image-62\" srcset=\"https:\/\/kirkensbymisjon.no\/content\/uploads\/sites\/85\/2024\/08\/Tilbud_enter-fritid_06-1024x768.jpg 1024w, https:\/\/kirkensbymisjon.no\/content\/uploads\/sites\/85\/2024\/08\/Tilbud_enter-fritid_06-300x225.jpg 300w, https:\/\/kirkensbymisjon.no\/content\/uploads\/sites\/85\/2024\/08\/Tilbud_enter-fritid_06-768x576.jpg 768w, https:\/\/kirkensbymisjon.no\/content\/uploads\/sites\/85\/2024\/08\/Tilbud_enter-fritid_06-1536x1152.jpg 1536w, https:\/\/kirkensbymisjon.no\/content\/uploads\/sites\/85\/2024\/08\/Tilbud_enter-fritid_06-2048x1536.jpg 2048w\" sizes=\"auto, (max-width: 1024px) 100vw, 1024px\" \/><\/figure>\n\n\n\n<figure class=\"wp-block-image size-large\"><img loading=\"lazy\" decoding=\"async\" width=\"1024\" height=\"768\" data-id=\"63\" src=\"https:\/\/kirkensbymisjon.no\/content\/uploads\/sites\/85\/2024\/08\/Tilbud_enter-fritid_05-1024x768.jpg\" alt=\"Aktiviteter, kano\" class=\"wp-image-63\" srcset=\"https:\/\/kirkensbymisjon.no\/content\/uploads\/sites\/85\/2024\/08\/Tilbud_enter-fritid_05-1024x768.jpg 1024w, https:\/\/kirkensbymisjon.no\/content\/uploads\/sites\/85\/2024\/08\/Tilbud_enter-fritid_05-300x225.jpg 300w, https:\/\/kirkensbymisjon.no\/content\/uploads\/sites\/85\/2024\/08\/Tilbud_enter-fritid_05-768x576.jpg 768w, https:\/\/kirkensbymisjon.no\/content\/uploads\/sites\/85\/2024\/08\/Tilbud_enter-fritid_05-1536x1152.jpg 1536w, https:\/\/kirkensbymisjon.no\/content\/uploads\/sites\/85\/2024\/08\/Tilbud_enter-fritid_05-2048x1536.jpg 2048w\" sizes=\"auto, (max-width: 1024px) 100vw, 1024px\" \/><\/figure>\n<\/figure>\n\n\t\t\t<\/div>\n\t\t<\/div>\n\t<\/div>\n\t\n\n<div class=\"t2-accordion wp-block-t2-accordion\" data-allow-multiple=\"1\" role=\"list\">\n<div class=\"t2-accordion-item wp-block-t2-accordion-item\" role=\"listitem\">\n\t\t\t<h2 class=\"t2-accordion-title\">\n\t\t\t\t<button type=\"button\" class=\"t2-accordion-trigger\" id=\"&lt;strong&gt;&lt;strong&gt;hva-vi-kan-tilby?&lt;\/strong&gt;&lt;\/strong&gt;\" aria-controls=\"accordion-panel\" aria-expanded=\"false\">\n\t\t\t\t\tHva vi kan tilby?\n\t\t\t\t\t<span class=\"t2-accordion-icon is-closed-icon\"><svg xmlns=\"http:\/\/www.w3.org\/2000\/svg\" viewBox=\"0 0 24 24\" height=\"24\" width=\"24\" class=\"t2-icon t2-icon-plus\" aria-hidden=\"true\" focusable=\"false\"><path d=\"M11.8 5.037a1.088 1.088 0 0 0-.722.566c-.075.148-.078.25-.078 2.772v2.619l-2.61.016c-1.867.012-2.652.03-2.756.064-.168.055-.438.301-.54.494-.049.092-.07.223-.07.432 0 .34.054.476.282.704.289.289.14.275 3.064.288l2.63.012v2.619c0 2.544.002 2.625.08 2.778.191.372.516.577.92.577s.729-.205.92-.577c.078-.153.08-.234.08-2.778v-2.619l2.63-.012c2.924-.013 2.775.001 3.064-.288.228-.228.282-.364.282-.704 0-.209-.021-.34-.07-.432-.102-.193-.372-.439-.54-.494-.104-.034-.889-.052-2.756-.064L13 10.994V8.375c0-2.522-.003-2.624-.078-2.772-.214-.418-.685-.656-1.122-.566\"\/><\/svg><\/span>\n\t\t\t\t\t<span class=\"t2-accordion-icon is-open-icon\"><svg xmlns=\"http:\/\/www.w3.org\/2000\/svg\" viewBox=\"0 0 24 24\" height=\"24\" width=\"24\" class=\"t2-icon t2-icon-chevronup\" aria-hidden=\"true\" focusable=\"false\"><path d=\"M6.7 14.7c-.2-.2-.3-.4-.3-.7s.1-.5.3-.7l4.6-4.6c.1-.1.2-.2.3-.2.1 0 .2-.1.4-.1.1 0 .3 0 .4.1.1 0 .2.1.3.2l4.6 4.6c.2.2.3.4.3.7s-.1.5-.3.7c-.2.2-.4.3-.7.3s-.5-.1-.7-.3L12 10.8l-3.9 3.9c-.2.2-.4.3-.7.3s-.5-.1-.7-.3z\" fill=\"currentColor\" \/><\/svg><\/span>\n\t\t\t\t<\/button>\n\t\t\t<\/h2>\n\t\t\t<div class=\"t2-accordion-item__inner-container is-layout-flow\" id=\"accordion-panel\" aria-labelledby=\"&lt;strong&gt;&lt;strong&gt;hva-vi-kan-tilby?&lt;\/strong&gt;&lt;\/strong&gt;\" role=\"region\" hidden>\n\t\t\t\t\n\n<p>V\u00e5re aktivitetstilbud er en trygg, rusfri arena for \u00e5 kunne tilegne seg ny kunnskap, finne nye interesser eller ta opp gamle.\u2028Du trenger ingen forkunnskaper for \u00e5 bli med i de ulike aktivitetene og egenandelen er holdt lav slik at tilbudet er \u00f8konomisk tilgjengelig for alle.\u2028Gjennom v\u00e5re tilbud gis du rom til \u00e5 pr\u00f8ve ut ulike aktiviteter for \u00e5 finne en aktivitet som du trives med. Vi tilbyr et fellesskap der fokus ligger p\u00e5 aktivitet, engasjement og samhold fremfor rus.<\/p>\n\n\n\t\t\t<\/div>\n\t\t<\/div>\n\n<div class=\"t2-accordion-item wp-block-t2-accordion-item\" role=\"listitem\">\n\t\t\t<h2 class=\"t2-accordion-title\">\n\t\t\t\t<button type=\"button\" class=\"t2-accordion-trigger\" id=\"&lt;strong&gt;&lt;strong&gt;hva-forventer-vi?&lt;\/strong&gt;&lt;\/strong&gt;\" aria-controls=\"accordion-panel-1\" aria-expanded=\"false\">\n\t\t\t\t\tHva forventer vi?\n\t\t\t\t\t<span class=\"t2-accordion-icon is-closed-icon\"><svg xmlns=\"http:\/\/www.w3.org\/2000\/svg\" viewBox=\"0 0 24 24\" height=\"24\" width=\"24\" class=\"t2-icon t2-icon-plus\" aria-hidden=\"true\" focusable=\"false\"><path d=\"M11.8 5.037a1.088 1.088 0 0 0-.722.566c-.075.148-.078.25-.078 2.772v2.619l-2.61.016c-1.867.012-2.652.03-2.756.064-.168.055-.438.301-.54.494-.049.092-.07.223-.07.432 0 .34.054.476.282.704.289.289.14.275 3.064.288l2.63.012v2.619c0 2.544.002 2.625.08 2.778.191.372.516.577.92.577s.729-.205.92-.577c.078-.153.08-.234.08-2.778v-2.619l2.63-.012c2.924-.013 2.775.001 3.064-.288.228-.228.282-.364.282-.704 0-.209-.021-.34-.07-.432-.102-.193-.372-.439-.54-.494-.104-.034-.889-.052-2.756-.064L13 10.994V8.375c0-2.522-.003-2.624-.078-2.772-.214-.418-.685-.656-1.122-.566\"\/><\/svg><\/span>\n\t\t\t\t\t<span class=\"t2-accordion-icon is-open-icon\"><svg xmlns=\"http:\/\/www.w3.org\/2000\/svg\" viewBox=\"0 0 24 24\" height=\"24\" width=\"24\" class=\"t2-icon t2-icon-chevronup\" aria-hidden=\"true\" focusable=\"false\"><path d=\"M6.7 14.7c-.2-.2-.3-.4-.3-.7s.1-.5.3-.7l4.6-4.6c.1-.1.2-.2.3-.2.1 0 .2-.1.4-.1.1 0 .3 0 .4.1.1 0 .2.1.3.2l4.6 4.6c.2.2.3.4.3.7s-.1.5-.3.7c-.2.2-.4.3-.7.3s-.5-.1-.7-.3L12 10.8l-3.9 3.9c-.2.2-.4.3-.7.3s-.5-.1-.7-.3z\" fill=\"currentColor\" \/><\/svg><\/span>\n\t\t\t\t<\/button>\n\t\t\t<\/h2>\n\t\t\t<div class=\"t2-accordion-item__inner-container is-layout-flow\" id=\"accordion-panel-1\" aria-labelledby=\"&lt;strong&gt;&lt;strong&gt;hva-forventer-vi?&lt;\/strong&gt;&lt;\/strong&gt;\" role=\"region\" hidden>\n\t\t\t\t\n\n<p>\u00abEnter fritid\u00bb skal v\u00e6re et rusfritt fritidstilbud. Det betyr at vi ikke bare forventer at du som deltaker er rusfri under selve aktiviteten, men at du ogs\u00e5 lever uten misbruk i hverdagen. Vi baserer oss p\u00e5 tillit. Alle som er med i aktivitetene har et felles ansvar for at \u00abEnter fritid\u00bb skal v\u00e6re et godt sted \u00e5 komme til.<\/p>\n\n\n\t\t\t<\/div>\n\t\t<\/div>\n\n<div class=\"t2-accordion-item wp-block-t2-accordion-item\" role=\"listitem\">\n\t\t\t<h2 class=\"t2-accordion-title\">\n\t\t\t\t<button type=\"button\" class=\"t2-accordion-trigger\" id=\"&lt;strong&gt;&lt;strong&gt;hvordan-driftes-aktivitetene?&lt;\/strong&gt;&lt;\/strong&gt;\" aria-controls=\"accordion-panel-2\" aria-expanded=\"false\">\n\t\t\t\t\tHvordan driftes aktivitetene?\n\t\t\t\t\t<span class=\"t2-accordion-icon is-closed-icon\"><svg xmlns=\"http:\/\/www.w3.org\/2000\/svg\" viewBox=\"0 0 24 24\" height=\"24\" width=\"24\" class=\"t2-icon t2-icon-plus\" aria-hidden=\"true\" focusable=\"false\"><path d=\"M11.8 5.037a1.088 1.088 0 0 0-.722.566c-.075.148-.078.25-.078 2.772v2.619l-2.61.016c-1.867.012-2.652.03-2.756.064-.168.055-.438.301-.54.494-.049.092-.07.223-.07.432 0 .34.054.476.282.704.289.289.14.275 3.064.288l2.63.012v2.619c0 2.544.002 2.625.08 2.778.191.372.516.577.92.577s.729-.205.92-.577c.078-.153.08-.234.08-2.778v-2.619l2.63-.012c2.924-.013 2.775.001 3.064-.288.228-.228.282-.364.282-.704 0-.209-.021-.34-.07-.432-.102-.193-.372-.439-.54-.494-.104-.034-.889-.052-2.756-.064L13 10.994V8.375c0-2.522-.003-2.624-.078-2.772-.214-.418-.685-.656-1.122-.566\"\/><\/svg><\/span>\n\t\t\t\t\t<span class=\"t2-accordion-icon is-open-icon\"><svg xmlns=\"http:\/\/www.w3.org\/2000\/svg\" viewBox=\"0 0 24 24\" height=\"24\" width=\"24\" class=\"t2-icon t2-icon-chevronup\" aria-hidden=\"true\" focusable=\"false\"><path d=\"M6.7 14.7c-.2-.2-.3-.4-.3-.7s.1-.5.3-.7l4.6-4.6c.1-.1.2-.2.3-.2.1 0 .2-.1.4-.1.1 0 .3 0 .4.1.1 0 .2.1.3.2l4.6 4.6c.2.2.3.4.3.7s-.1.5-.3.7c-.2.2-.4.3-.7.3s-.5-.1-.7-.3L12 10.8l-3.9 3.9c-.2.2-.4.3-.7.3s-.5-.1-.7-.3z\" fill=\"currentColor\" \/><\/svg><\/span>\n\t\t\t\t<\/button>\n\t\t\t<\/h2>\n\t\t\t<div class=\"t2-accordion-item__inner-container is-layout-flow\" id=\"accordion-panel-2\" aria-labelledby=\"&lt;strong&gt;&lt;strong&gt;hvordan-driftes-aktivitetene?&lt;\/strong&gt;&lt;\/strong&gt;\" role=\"region\" hidden>\n\t\t\t\t\n\n<p>Aktivitetene arrangeres og drives av deltakere, frivillige og ansatte sammen. Vi vil etablere en liten ressursgruppe i hver aktivitet som vil ha hovedansvaret for \u00e5 koordinere arbeidet. Frivillige, med eller uten ruserfaring, inviteres derfor inn til \u00e5 ta et ekstra ansvar for den praktiske driften av aktiviteten. Er du med i en ressursgruppe tilbyr vi ogs\u00e5 Fritidsakademiet. \u2028<\/p>\n\n\n\n<p><strong>Fritidsakademiet <\/strong>er en l\u00e6ringsarena hvor vi \u00e9n\u00a0gang i m\u00e5neden tar opp forskjellige tema for \u00e5 gi deg som er med i en ressursgruppe n\u00f8dvendig kunnskap, kompetanse og gjennomf\u00f8ringsevne til \u00e5 v\u00e6re trygg i driften av aktiviteten.<\/p>\n\n\n\t\t\t<\/div>\n\t\t<\/div>\n\n<div class=\"t2-accordion-item wp-block-t2-accordion-item\" role=\"listitem\">\n\t\t\t<h2 class=\"t2-accordion-title\">\n\t\t\t\t<button type=\"button\" class=\"t2-accordion-trigger\" id=\"&lt;strong&gt;&lt;strong&gt;hvem-treffer-du?&lt;\/strong&gt;&lt;\/strong&gt;\" aria-controls=\"accordion-panel-3\" aria-expanded=\"false\">\n\t\t\t\t\tHvem treffer du?\n\t\t\t\t\t<span class=\"t2-accordion-icon is-closed-icon\"><svg xmlns=\"http:\/\/www.w3.org\/2000\/svg\" viewBox=\"0 0 24 24\" height=\"24\" width=\"24\" class=\"t2-icon t2-icon-plus\" aria-hidden=\"true\" focusable=\"false\"><path d=\"M11.8 5.037a1.088 1.088 0 0 0-.722.566c-.075.148-.078.25-.078 2.772v2.619l-2.61.016c-1.867.012-2.652.03-2.756.064-.168.055-.438.301-.54.494-.049.092-.07.223-.07.432 0 .34.054.476.282.704.289.289.14.275 3.064.288l2.63.012v2.619c0 2.544.002 2.625.08 2.778.191.372.516.577.92.577s.729-.205.92-.577c.078-.153.08-.234.08-2.778v-2.619l2.63-.012c2.924-.013 2.775.001 3.064-.288.228-.228.282-.364.282-.704 0-.209-.021-.34-.07-.432-.102-.193-.372-.439-.54-.494-.104-.034-.889-.052-2.756-.064L13 10.994V8.375c0-2.522-.003-2.624-.078-2.772-.214-.418-.685-.656-1.122-.566\"\/><\/svg><\/span>\n\t\t\t\t\t<span class=\"t2-accordion-icon is-open-icon\"><svg xmlns=\"http:\/\/www.w3.org\/2000\/svg\" viewBox=\"0 0 24 24\" height=\"24\" width=\"24\" class=\"t2-icon t2-icon-chevronup\" aria-hidden=\"true\" focusable=\"false\"><path d=\"M6.7 14.7c-.2-.2-.3-.4-.3-.7s.1-.5.3-.7l4.6-4.6c.1-.1.2-.2.3-.2.1 0 .2-.1.4-.1.1 0 .3 0 .4.1.1 0 .2.1.3.2l4.6 4.6c.2.2.3.4.3.7s-.1.5-.3.7c-.2.2-.4.3-.7.3s-.5-.1-.7-.3L12 10.8l-3.9 3.9c-.2.2-.4.3-.7.3s-.5-.1-.7-.3z\" fill=\"currentColor\" \/><\/svg><\/span>\n\t\t\t\t<\/button>\n\t\t\t<\/h2>\n\t\t\t<div class=\"t2-accordion-item__inner-container is-layout-flow\" id=\"accordion-panel-3\" aria-labelledby=\"&lt;strong&gt;&lt;strong&gt;hvem-treffer-du?&lt;\/strong&gt;&lt;\/strong&gt;\" role=\"region\" hidden>\n\t\t\t\t\n\n<p>I v\u00e5rt tilbud vil du b\u00e5de treffe mennesker som er i gang med \u00e5 etablere en rusfri hverdag, samt mennesker uten rushistorikk som er med fordi de brenner for sin aktivitet og \u00f8nsker \u00e5 dele sin interesse i et fellesskap.<\/p>\n\n\n\t\t\t<\/div>\n\t\t<\/div>\n\n<div class=\"t2-accordion-item wp-block-t2-accordion-item\" role=\"listitem\">\n\t\t\t<h2 class=\"t2-accordion-title\">\n\t\t\t\t<button type=\"button\" class=\"t2-accordion-trigger\" id=\"&lt;strong&gt;&lt;strong&gt;hvordan-kommer-du-i-gang&lt;\/strong&gt;&lt;\/strong&gt;?\" aria-controls=\"accordion-panel-4\" aria-expanded=\"false\">\n\t\t\t\t\tHvordan kommer du i gang?\n\t\t\t\t\t<span class=\"t2-accordion-icon is-closed-icon\"><svg xmlns=\"http:\/\/www.w3.org\/2000\/svg\" viewBox=\"0 0 24 24\" height=\"24\" width=\"24\" class=\"t2-icon t2-icon-plus\" aria-hidden=\"true\" focusable=\"false\"><path d=\"M11.8 5.037a1.088 1.088 0 0 0-.722.566c-.075.148-.078.25-.078 2.772v2.619l-2.61.016c-1.867.012-2.652.03-2.756.064-.168.055-.438.301-.54.494-.049.092-.07.223-.07.432 0 .34.054.476.282.704.289.289.14.275 3.064.288l2.63.012v2.619c0 2.544.002 2.625.08 2.778.191.372.516.577.92.577s.729-.205.92-.577c.078-.153.08-.234.08-2.778v-2.619l2.63-.012c2.924-.013 2.775.001 3.064-.288.228-.228.282-.364.282-.704 0-.209-.021-.34-.07-.432-.102-.193-.372-.439-.54-.494-.104-.034-.889-.052-2.756-.064L13 10.994V8.375c0-2.522-.003-2.624-.078-2.772-.214-.418-.685-.656-1.122-.566\"\/><\/svg><\/span>\n\t\t\t\t\t<span class=\"t2-accordion-icon is-open-icon\"><svg xmlns=\"http:\/\/www.w3.org\/2000\/svg\" viewBox=\"0 0 24 24\" height=\"24\" width=\"24\" class=\"t2-icon t2-icon-chevronup\" aria-hidden=\"true\" focusable=\"false\"><path d=\"M6.7 14.7c-.2-.2-.3-.4-.3-.7s.1-.5.3-.7l4.6-4.6c.1-.1.2-.2.3-.2.1 0 .2-.1.4-.1.1 0 .3 0 .4.1.1 0 .2.1.3.2l4.6 4.6c.2.2.3.4.3.7s-.1.5-.3.7c-.2.2-.4.3-.7.3s-.5-.1-.7-.3L12 10.8l-3.9 3.9c-.2.2-.4.3-.7.3s-.5-.1-.7-.3z\" fill=\"currentColor\" \/><\/svg><\/span>\n\t\t\t\t<\/button>\n\t\t\t<\/h2>\n\t\t\t<div class=\"t2-accordion-item__inner-container is-layout-flow\" id=\"accordion-panel-4\" aria-labelledby=\"&lt;strong&gt;&lt;strong&gt;hvordan-kommer-du-i-gang&lt;\/strong&gt;&lt;\/strong&gt;?\" role=\"region\" hidden>\n\t\t\t\t\n\n<p>Vi har veldig lyst til \u00e5 bli bedre kjent med deg f\u00f8r du begynner. Ta derfor kontakt med oss og kom til en inntakssamtale med en ansatt i \u00abEnter fritid\u00bb. Vi har ogs\u00e5 en lukket facebook-side, der vi legger ut arrangementer, aktivitetskalender og bilder. Den kan du f\u00e5 tilgang til etter at vi har pratet sammen.<\/p>\n\n\n\n<p><a href=\"https:\/\/kirkensbymisjon.no\/tilbud-enter-fritid\/kontaktinformasjon\/\">Ta kontakt<\/a> for mer informasjon eller dersom du har sp\u00f8rsm\u00e5l.<br><\/p>\n\n\n\t\t\t<\/div>\n\t\t<\/div>\n<\/div>","protected":false},"excerpt":{"rendered":"<p>Tilbudet er \u00e5pent for deg som har en rusfortid og er i gang med \u00e5&hellip;<\/p>\n","protected":false},"author":6,"featured_media":0,"parent":0,"menu_order":0,"comment_status":"closed","ping_status":"closed","template":"","meta":{"_relevanssi_hide_post":"","_relevanssi_hide_content":"","_relevanssi_pin_for_all":"","_relevanssi_pin_keywords":"","_relevanssi_unpin_keywords":"","_relevanssi_related_keywords":"","_relevanssi_related_include_ids":"","_relevanssi_related_exclude_ids":"","_relevanssi_related_no_append":"","_relevanssi_related_not_related":"","_relevanssi_related_posts":"1","_relevanssi_noindex_reason":"","editor_notices":[],"footnotes":""},"class_list":["post-8","page","type-page","status-publish","hentry"],"yoast_head":"<!-- This site is optimized with the Yoast SEO Premium plugin v27.2 (Yoast SEO v27.4) - https:\/\/yoast.com\/product\/yoast-seo-premium-wordpress\/ -->\n<title>Bli deltaker - Enter fritid<\/title>\n<meta name=\"robots\" content=\"index, follow, max-snippet:-1, max-image-preview:large, max-video-preview:-1\" \/>\n<link rel=\"canonical\" href=\"https:\/\/kirkensbymisjon.no\/tilbud-enter-fritid\/bli-deltaker\/\" \/>\n<meta property=\"og:locale\" content=\"nb_NO\" \/>\n<meta property=\"og:type\" content=\"article\" \/>\n<meta property=\"og:title\" content=\"Bli deltaker\" \/>\n<meta property=\"og:description\" content=\"Tilbudet er \u00e5pent for deg som har en rusfortid og er i gang med \u00e5&hellip;\" \/>\n<meta property=\"og:url\" content=\"https:\/\/kirkensbymisjon.no\/tilbud-enter-fritid\/bli-deltaker\/\" \/>\n<meta property=\"og:site_name\" content=\"Enter fritid\" \/>\n<meta property=\"article:modified_time\" content=\"2024-12-19T13:41:09+00:00\" \/>\n<meta property=\"og:image\" content=\"https:\/\/kirkensbymisjon.no\/content\/uploads\/sites\/85\/2024\/08\/Tilbud_enter-fritid_08.jpg\" \/>\n\t<meta property=\"og:image:width\" content=\"1920\" \/>\n\t<meta property=\"og:image:height\" content=\"2560\" \/>\n\t<meta property=\"og:image:type\" content=\"image\/jpeg\" \/>\n<meta name=\"twitter:card\" content=\"summary_large_image\" \/>\n<meta name=\"twitter:label1\" content=\"Ansl. lesetid\" \/>\n\t<meta name=\"twitter:data1\" content=\"3 minutter\" \/>\n<script type=\"application\/ld+json\" class=\"yoast-schema-graph\">{\"@context\":\"https:\\\/\\\/schema.org\",\"@graph\":[{\"@type\":\"WebPage\",\"@id\":\"https:\\\/\\\/kirkensbymisjon.no\\\/tilbud-enter-fritid\\\/bli-deltaker\\\/\",\"url\":\"https:\\\/\\\/kirkensbymisjon.no\\\/tilbud-enter-fritid\\\/bli-deltaker\\\/\",\"name\":\"Bli deltaker - Enter fritid\",\"isPartOf\":{\"@id\":\"https:\\\/\\\/kirkensbymisjon.no\\\/tilbud-enter-fritid\\\/#website\"},\"primaryImageOfPage\":{\"@id\":\"https:\\\/\\\/kirkensbymisjon.no\\\/tilbud-enter-fritid\\\/bli-deltaker\\\/#primaryimage\"},\"image\":{\"@id\":\"https:\\\/\\\/kirkensbymisjon.no\\\/tilbud-enter-fritid\\\/bli-deltaker\\\/#primaryimage\"},\"thumbnailUrl\":\"https:\\\/\\\/kirkensbymisjon.no\\\/content\\\/uploads\\\/sites\\\/85\\\/2024\\\/08\\\/Tilbud_enter-fritid_08-768x1024.jpg\",\"datePublished\":\"2024-07-24T09:56:47+00:00\",\"dateModified\":\"2024-12-19T13:41:09+00:00\",\"breadcrumb\":{\"@id\":\"https:\\\/\\\/kirkensbymisjon.no\\\/tilbud-enter-fritid\\\/bli-deltaker\\\/#breadcrumb\"},\"inLanguage\":\"nb-NO\",\"potentialAction\":[{\"@type\":\"ReadAction\",\"target\":[\"https:\\\/\\\/kirkensbymisjon.no\\\/tilbud-enter-fritid\\\/bli-deltaker\\\/\"]}]},{\"@type\":\"ImageObject\",\"inLanguage\":\"nb-NO\",\"@id\":\"https:\\\/\\\/kirkensbymisjon.no\\\/tilbud-enter-fritid\\\/bli-deltaker\\\/#primaryimage\",\"url\":\"https:\\\/\\\/kirkensbymisjon.no\\\/content\\\/uploads\\\/sites\\\/85\\\/2024\\\/08\\\/Tilbud_enter-fritid_08-768x1024.jpg\",\"contentUrl\":\"https:\\\/\\\/kirkensbymisjon.no\\\/content\\\/uploads\\\/sites\\\/85\\\/2024\\\/08\\\/Tilbud_enter-fritid_08-768x1024.jpg\"},{\"@type\":\"BreadcrumbList\",\"@id\":\"https:\\\/\\\/kirkensbymisjon.no\\\/tilbud-enter-fritid\\\/bli-deltaker\\\/#breadcrumb\",\"itemListElement\":[{\"@type\":\"ListItem\",\"position\":1,\"name\":\"Hjem\",\"item\":\"https:\\\/\\\/kirkensbymisjon.no\\\/tilbud-enter-fritid\\\/\"},{\"@type\":\"ListItem\",\"position\":2,\"name\":\"Bli deltaker\"}]},{\"@type\":\"WebSite\",\"@id\":\"https:\\\/\\\/kirkensbymisjon.no\\\/tilbud-enter-fritid\\\/#website\",\"url\":\"https:\\\/\\\/kirkensbymisjon.no\\\/tilbud-enter-fritid\\\/\",\"name\":\"Enter fritid\",\"description\":\"\",\"potentialAction\":[{\"@type\":\"SearchAction\",\"target\":{\"@type\":\"EntryPoint\",\"urlTemplate\":\"https:\\\/\\\/kirkensbymisjon.no\\\/tilbud-enter-fritid\\\/?s={search_term_string}\"},\"query-input\":{\"@type\":\"PropertyValueSpecification\",\"valueRequired\":true,\"valueName\":\"search_term_string\"}}],\"inLanguage\":\"nb-NO\"}]}<\/script>\n<!-- \/ Yoast SEO Premium plugin. -->","yoast_head_json":{"title":"Bli deltaker - Enter fritid","robots":{"index":"index","follow":"follow","max-snippet":"max-snippet:-1","max-image-preview":"max-image-preview:large","max-video-preview":"max-video-preview:-1"},"canonical":"https:\/\/kirkensbymisjon.no\/tilbud-enter-fritid\/bli-deltaker\/","og_locale":"nb_NO","og_type":"article","og_title":"Bli deltaker","og_description":"Tilbudet er \u00e5pent for deg som har en rusfortid og er i gang med \u00e5&hellip;","og_url":"https:\/\/kirkensbymisjon.no\/tilbud-enter-fritid\/bli-deltaker\/","og_site_name":"Enter fritid","article_modified_time":"2024-12-19T13:41:09+00:00","og_image":[{"width":1920,"height":2560,"url":"https:\/\/kirkensbymisjon.no\/content\/uploads\/sites\/85\/2024\/08\/Tilbud_enter-fritid_08.jpg","type":"image\/jpeg"}],"twitter_card":"summary_large_image","twitter_misc":{"Ansl. lesetid":"3 minutter"},"schema":{"@context":"https:\/\/schema.org","@graph":[{"@type":"WebPage","@id":"https:\/\/kirkensbymisjon.no\/tilbud-enter-fritid\/bli-deltaker\/","url":"https:\/\/kirkensbymisjon.no\/tilbud-enter-fritid\/bli-deltaker\/","name":"Bli deltaker - Enter fritid","isPartOf":{"@id":"https:\/\/kirkensbymisjon.no\/tilbud-enter-fritid\/#website"},"primaryImageOfPage":{"@id":"https:\/\/kirkensbymisjon.no\/tilbud-enter-fritid\/bli-deltaker\/#primaryimage"},"image":{"@id":"https:\/\/kirkensbymisjon.no\/tilbud-enter-fritid\/bli-deltaker\/#primaryimage"},"thumbnailUrl":"https:\/\/kirkensbymisjon.no\/content\/uploads\/sites\/85\/2024\/08\/Tilbud_enter-fritid_08-768x1024.jpg","datePublished":"2024-07-24T09:56:47+00:00","dateModified":"2024-12-19T13:41:09+00:00","breadcrumb":{"@id":"https:\/\/kirkensbymisjon.no\/tilbud-enter-fritid\/bli-deltaker\/#breadcrumb"},"inLanguage":"nb-NO","potentialAction":[{"@type":"ReadAction","target":["https:\/\/kirkensbymisjon.no\/tilbud-enter-fritid\/bli-deltaker\/"]}]},{"@type":"ImageObject","inLanguage":"nb-NO","@id":"https:\/\/kirkensbymisjon.no\/tilbud-enter-fritid\/bli-deltaker\/#primaryimage","url":"https:\/\/kirkensbymisjon.no\/content\/uploads\/sites\/85\/2024\/08\/Tilbud_enter-fritid_08-768x1024.jpg","contentUrl":"https:\/\/kirkensbymisjon.no\/content\/uploads\/sites\/85\/2024\/08\/Tilbud_enter-fritid_08-768x1024.jpg"},{"@type":"BreadcrumbList","@id":"https:\/\/kirkensbymisjon.no\/tilbud-enter-fritid\/bli-deltaker\/#breadcrumb","itemListElement":[{"@type":"ListItem","position":1,"name":"Hjem","item":"https:\/\/kirkensbymisjon.no\/tilbud-enter-fritid\/"},{"@type":"ListItem","position":2,"name":"Bli deltaker"}]},{"@type":"WebSite","@id":"https:\/\/kirkensbymisjon.no\/tilbud-enter-fritid\/#website","url":"https:\/\/kirkensbymisjon.no\/tilbud-enter-fritid\/","name":"Enter fritid","description":"","potentialAction":[{"@type":"SearchAction","target":{"@type":"EntryPoint","urlTemplate":"https:\/\/kirkensbymisjon.no\/tilbud-enter-fritid\/?s={search_term_string}"},"query-input":{"@type":"PropertyValueSpecification","valueRequired":true,"valueName":"search_term_string"}}],"inLanguage":"nb-NO"}]}},"_links":{"self":[{"href":"https:\/\/kirkensbymisjon.no\/tilbud-enter-fritid\/wp-json\/wp\/v2\/pages\/8","targetHints":{"allow":["GET"]}}],"collection":[{"href":"https:\/\/kirkensbymisjon.no\/tilbud-enter-fritid\/wp-json\/wp\/v2\/pages"}],"about":[{"href":"https:\/\/kirkensbymisjon.no\/tilbud-enter-fritid\/wp-json\/wp\/v2\/types\/page"}],"author":[{"embeddable":true,"href":"https:\/\/kirkensbymisjon.no\/tilbud-enter-fritid\/wp-json\/wp\/v2\/users\/6"}],"replies":[{"embeddable":true,"href":"https:\/\/kirkensbymisjon.no\/tilbud-enter-fritid\/wp-json\/wp\/v2\/comments?post=8"}],"version-history":[{"count":4,"href":"https:\/\/kirkensbymisjon.no\/tilbud-enter-fritid\/wp-json\/wp\/v2\/pages\/8\/revisions"}],"predecessor-version":[{"id":114,"href":"https:\/\/kirkensbymisjon.no\/tilbud-enter-fritid\/wp-json\/wp\/v2\/pages\/8\/revisions\/114"}],"wp:attachment":[{"href":"https:\/\/kirkensbymisjon.no\/tilbud-enter-fritid\/wp-json\/wp\/v2\/media?parent=8"}],"curies":[{"name":"wp","href":"https:\/\/api.w.org\/{rel}","templated":true}]}}