{"id":4,"date":"2024-09-07T08:57:10","date_gmt":"2024-09-07T06:57:10","guid":{"rendered":"https:\/\/kirkensbymisjon.no\/tilbud-enter-jobb\/forside-2\/"},"modified":"2026-02-06T12:49:59","modified_gmt":"2026-02-06T11:49:59","slug":"forside-2","status":"publish","type":"page","link":"https:\/\/kirkensbymisjon.no\/tilbud-enter-jobb\/","title":{"rendered":"Forside"},"content":{"rendered":"\n<h2 class=\"wp-block-heading\" id=\"h-star-du-utenfor-arbeidslivet\"><strong>St\u00e5r du utenfor arbeidslivet?<\/strong><\/h2>\n\n\n\n<p>I tett samarbeid med NAV og Kristiansand kommune \u00f8nsker vi \u00e5 v\u00e6re en tilrettelegger for \u00e5 f\u00e5 flere mennesker ut i ordin\u00e6rt arbeid. P\u00e5 oppdrag fra NAV tilbyr vi tiltaket VTA (Varig tilrettelagt arbeid), i tillegg til at vi tilbyr arbeidstrening for andre mennesker som ikke kvalifiserer til tiltak via NAV.<\/p>\n\n\n\n<p>Hver enkelt deltaker f\u00e5r hjelp til \u00e5 avklare jobb\u00f8nsker gjennom samtaler og kartlegging og det utarbeides plan med m\u00e5l for tiltaket.<\/p>\n\n\n\n<p>Vi har ulike avdelinger hvor vi kan tilby intern arbeidspraksis. Dette er <a href=\"https:\/\/kirkensbymisjon.no\/tilbud-pedalen-sykkelverksted\/\" target=\"_blank\" rel=\"noreferrer noopener\">Pedalen sykkelverksted- og butikk<\/a>, <a href=\"https:\/\/kirkensbymisjon.no\/tilbud-kvinneverkstedet\/\" target=\"_blank\" rel=\"noreferrer noopener\">Kvinneverksted og Kunstrom<\/a>, Arbeid Ute, <a href=\"https:\/\/kirkensbymisjon.no\/tilbud-portalen\/\" target=\"_blank\" rel=\"noreferrer noopener\">Portalen<\/a>, <a href=\"https:\/\/kirkensbymisjon.no\/tilbud-kafeer-og-motesteder\/bymisjonskafe-kristiansand\/\" target=\"_blank\" rel=\"noreferrer noopener\">Bymisjonskafeen <\/a>og <a href=\"https:\/\/kirkensbymisjon.no\/tilbud-kudos\/\" target=\"_blank\" rel=\"noreferrer noopener\">kaf\u00e9 Kudos<\/a>. Dersom det er hensiktsmessig med praksis i ordin\u00e6r bedrift hjelper vi med dette.<\/p>\n\n\n\n<p>M\u00e5lgruppen til de ulike tiltakene er mennesker som av ulike \u00e5rsaker st\u00e5r utenfor arbeidslivet. Noen har opplevd langvarig utenforskap, tidligere rusutfordringer, mangelfull arbeidserfaring og andre fysiske \u2013 eller psykiske helseutfordringer.&nbsp; Gjennom v\u00e5rt tilbud f\u00e5r alle et individuelt tilpasset tilbud med innhold av kartlegging, karriereveiledning, motivasjonssamtaler, samt hjelp til \u00e5 finne l\u00f8nnet arbeid som samsvarer med interesser og muligheter dersom det er aktuelt.<\/p>\n\n\n\n<p><a href=\"https:\/\/kirkensbymisjon.no\/tilbud-enter-jobb\/konatktinformasjon\/\">Ta gjerne kontakt<\/a> om du \u00f8nsker \u00e5 h\u00f8re mer om de ulike mulighetene eller be om en omvisning.<\/p>\n\n\n\n<div class=\"wp-block-media-text alignwide is-stacked-on-mobile is-style-filled\"><figure class=\"wp-block-media-text__media\"><img decoding=\"async\" src=\"https:\/\/kirkensbymisjon.no\/content\/uploads\/2024\/06\/arbeidsfelt_arbeidsinkludering_02-1024x576.jpg\" alt=\"Ung jente i arbeidstrening ved Ung p\u00e5 dagtid i Halden\" class=\"wp-image-365 size-full\"\/><\/figure><div class=\"wp-block-media-text__content\">\n<h2 class=\"wp-block-heading\" id=\"h-arbeidsinkludering\">Arbeidsinkludering<\/h2>\n\n\n\n<p>Vi driver en rekke tilbud for \u00e5 hjelpe mennesker ut i arbeid. Det \u00e5 ha noe \u00e5 g\u00e5 til er viktig av mange grunner. For mange er arbeid et alternativ til noe vanskelig. Det kan handle om rus, ensomhet eller andre utfordringer. Gjennom v\u00e5rt arbeid kan vi bidra arbeidsfellesskap, mestring og inntekt.&nbsp;<\/p>\n\n\n\n<p><a href=\"\/arbeidsinkludering\">Les mer om v\u00e5re tilbud<\/a><\/p>\n<\/div><\/div>\n\n\n\n<p>Det er mellom 25\u201330 deltakere i ukentlig arbeidstrening. M\u00e5lgruppen er personer som av ulike \u00e5rsaker st\u00e5r utenfor arbeidslivet. Noen har tidligere hatt rusutfordringer, opplevd langvarig utenforskap, mangelfull utdanning, lite jobberfaring og andre fysiske- eller psykiske helseutfordringer.<\/p>\n\n\n\n<p>Gjennom v\u00e5rt tilbud f\u00e5r alle et individuelt tilpasset tilbud med innhold av kartlegging, karriereveiledning, st\u00f8tte- og motivasjonssamtaler, samt bistand til \u00e5 finne et arbeid som samsvarer med deres interesser og muligheter.<\/p>\n","protected":false},"excerpt":{"rendered":"<p>St\u00e5r du utenfor arbeidslivet? I tett samarbeid med NAV og Kristiansand kommune \u00f8nsker vi \u00e5&hellip;<\/p>\n","protected":false},"author":5,"featured_media":0,"parent":0,"menu_order":0,"comment_status":"closed","ping_status":"closed","template":"","meta":{"_relevanssi_hide_post":"","_relevanssi_hide_content":"","_relevanssi_pin_for_all":"","_relevanssi_pin_keywords":"","_relevanssi_unpin_keywords":"","_relevanssi_related_keywords":"","_relevanssi_related_include_ids":"","_relevanssi_related_exclude_ids":"","_relevanssi_related_no_append":"","_relevanssi_related_not_related":"","_relevanssi_related_posts":"1","_relevanssi_noindex_reason":"","editor_notices":[],"footnotes":""},"class_list":["post-4","page","type-page","status-publish","hentry"],"yoast_head":"<!-- This site is optimized with the Yoast SEO Premium plugin v27.2 (Yoast SEO v27.4) - https:\/\/yoast.com\/product\/yoast-seo-premium-wordpress\/ -->\n<title>Kirkens Bymisjon - Enter jobb<\/title>\n<meta name=\"description\" content=\"Arbeidsmarkedstiltak godkjent som tiltaksarrang\u00f8r for NAV.\" \/>\n<meta name=\"robots\" content=\"index, follow, max-snippet:-1, max-image-preview:large, max-video-preview:-1\" \/>\n<link rel=\"canonical\" href=\"https:\/\/kirkensbymisjon.no\/tilbud-enter-jobb\/\" \/>\n<meta property=\"og:locale\" content=\"nb_NO\" \/>\n<meta property=\"og:type\" content=\"article\" \/>\n<meta property=\"og:title\" content=\"Forside\" \/>\n<meta property=\"og:description\" content=\"Arbeidsmarkedstiltak godkjent som tiltaksarrang\u00f8r for NAV.\" \/>\n<meta property=\"og:url\" content=\"https:\/\/kirkensbymisjon.no\/tilbud-enter-jobb\/\" \/>\n<meta property=\"og:site_name\" content=\"Enter jobb\" \/>\n<meta property=\"article:modified_time\" content=\"2026-02-06T11:49:59+00:00\" \/>\n<meta name=\"twitter:card\" content=\"summary_large_image\" \/>\n<meta name=\"twitter:label1\" content=\"Ansl. lesetid\" \/>\n\t<meta name=\"twitter:data1\" content=\"2 minutter\" \/>\n<script type=\"application\/ld+json\" class=\"yoast-schema-graph\">{\"@context\":\"https:\\\/\\\/schema.org\",\"@graph\":[{\"@type\":\"WebPage\",\"@id\":\"https:\\\/\\\/kirkensbymisjon.no\\\/tilbud-enter-jobb\\\/\",\"url\":\"https:\\\/\\\/kirkensbymisjon.no\\\/tilbud-enter-jobb\\\/\",\"name\":\"Kirkens Bymisjon - Enter jobb\",\"isPartOf\":{\"@id\":\"https:\\\/\\\/kirkensbymisjon.no\\\/tilbud-enter-jobb\\\/#website\"},\"primaryImageOfPage\":{\"@id\":\"https:\\\/\\\/kirkensbymisjon.no\\\/tilbud-enter-jobb\\\/#primaryimage\"},\"image\":{\"@id\":\"https:\\\/\\\/kirkensbymisjon.no\\\/tilbud-enter-jobb\\\/#primaryimage\"},\"thumbnailUrl\":\"https:\\\/\\\/kirkensbymisjon.no\\\/content\\\/uploads\\\/2024\\\/06\\\/arbeidsfelt_arbeidsinkludering_02-1024x576.jpg\",\"datePublished\":\"2024-09-07T06:57:10+00:00\",\"dateModified\":\"2026-02-06T11:49:59+00:00\",\"description\":\"Arbeidsmarkedstiltak godkjent som tiltaksarrang\u00f8r for NAV.\",\"breadcrumb\":{\"@id\":\"https:\\\/\\\/kirkensbymisjon.no\\\/tilbud-enter-jobb\\\/#breadcrumb\"},\"inLanguage\":\"nb-NO\",\"potentialAction\":[{\"@type\":\"ReadAction\",\"target\":[\"https:\\\/\\\/kirkensbymisjon.no\\\/tilbud-enter-jobb\\\/\"]}]},{\"@type\":\"ImageObject\",\"inLanguage\":\"nb-NO\",\"@id\":\"https:\\\/\\\/kirkensbymisjon.no\\\/tilbud-enter-jobb\\\/#primaryimage\",\"url\":\"https:\\\/\\\/kirkensbymisjon.no\\\/content\\\/uploads\\\/2024\\\/06\\\/arbeidsfelt_arbeidsinkludering_02-1024x576.jpg\",\"contentUrl\":\"https:\\\/\\\/kirkensbymisjon.no\\\/content\\\/uploads\\\/2024\\\/06\\\/arbeidsfelt_arbeidsinkludering_02-1024x576.jpg\"},{\"@type\":\"BreadcrumbList\",\"@id\":\"https:\\\/\\\/kirkensbymisjon.no\\\/tilbud-enter-jobb\\\/#breadcrumb\",\"itemListElement\":[{\"@type\":\"ListItem\",\"position\":1,\"name\":\"Hjem\",\"item\":\"https:\\\/\\\/kirkensbymisjon.no\\\/tilbud-enter-jobb\\\/\"},{\"@type\":\"ListItem\",\"position\":2,\"name\":\"Forside\"}]},{\"@type\":\"WebSite\",\"@id\":\"https:\\\/\\\/kirkensbymisjon.no\\\/tilbud-enter-jobb\\\/#website\",\"url\":\"https:\\\/\\\/kirkensbymisjon.no\\\/tilbud-enter-jobb\\\/\",\"name\":\"Enter jobb\",\"description\":\"\",\"potentialAction\":[{\"@type\":\"SearchAction\",\"target\":{\"@type\":\"EntryPoint\",\"urlTemplate\":\"https:\\\/\\\/kirkensbymisjon.no\\\/tilbud-enter-jobb\\\/?s={search_term_string}\"},\"query-input\":{\"@type\":\"PropertyValueSpecification\",\"valueRequired\":true,\"valueName\":\"search_term_string\"}}],\"inLanguage\":\"nb-NO\"}]}<\/script>\n<!-- \/ Yoast SEO Premium plugin. -->","yoast_head_json":{"title":"Kirkens Bymisjon - Enter jobb","description":"Arbeidsmarkedstiltak godkjent som tiltaksarrang\u00f8r for NAV.","robots":{"index":"index","follow":"follow","max-snippet":"max-snippet:-1","max-image-preview":"max-image-preview:large","max-video-preview":"max-video-preview:-1"},"canonical":"https:\/\/kirkensbymisjon.no\/tilbud-enter-jobb\/","og_locale":"nb_NO","og_type":"article","og_title":"Forside","og_description":"Arbeidsmarkedstiltak godkjent som tiltaksarrang\u00f8r for NAV.","og_url":"https:\/\/kirkensbymisjon.no\/tilbud-enter-jobb\/","og_site_name":"Enter jobb","article_modified_time":"2026-02-06T11:49:59+00:00","twitter_card":"summary_large_image","twitter_misc":{"Ansl. lesetid":"2 minutter"},"schema":{"@context":"https:\/\/schema.org","@graph":[{"@type":"WebPage","@id":"https:\/\/kirkensbymisjon.no\/tilbud-enter-jobb\/","url":"https:\/\/kirkensbymisjon.no\/tilbud-enter-jobb\/","name":"Kirkens Bymisjon - Enter jobb","isPartOf":{"@id":"https:\/\/kirkensbymisjon.no\/tilbud-enter-jobb\/#website"},"primaryImageOfPage":{"@id":"https:\/\/kirkensbymisjon.no\/tilbud-enter-jobb\/#primaryimage"},"image":{"@id":"https:\/\/kirkensbymisjon.no\/tilbud-enter-jobb\/#primaryimage"},"thumbnailUrl":"https:\/\/kirkensbymisjon.no\/content\/uploads\/2024\/06\/arbeidsfelt_arbeidsinkludering_02-1024x576.jpg","datePublished":"2024-09-07T06:57:10+00:00","dateModified":"2026-02-06T11:49:59+00:00","description":"Arbeidsmarkedstiltak godkjent som tiltaksarrang\u00f8r for NAV.","breadcrumb":{"@id":"https:\/\/kirkensbymisjon.no\/tilbud-enter-jobb\/#breadcrumb"},"inLanguage":"nb-NO","potentialAction":[{"@type":"ReadAction","target":["https:\/\/kirkensbymisjon.no\/tilbud-enter-jobb\/"]}]},{"@type":"ImageObject","inLanguage":"nb-NO","@id":"https:\/\/kirkensbymisjon.no\/tilbud-enter-jobb\/#primaryimage","url":"https:\/\/kirkensbymisjon.no\/content\/uploads\/2024\/06\/arbeidsfelt_arbeidsinkludering_02-1024x576.jpg","contentUrl":"https:\/\/kirkensbymisjon.no\/content\/uploads\/2024\/06\/arbeidsfelt_arbeidsinkludering_02-1024x576.jpg"},{"@type":"BreadcrumbList","@id":"https:\/\/kirkensbymisjon.no\/tilbud-enter-jobb\/#breadcrumb","itemListElement":[{"@type":"ListItem","position":1,"name":"Hjem","item":"https:\/\/kirkensbymisjon.no\/tilbud-enter-jobb\/"},{"@type":"ListItem","position":2,"name":"Forside"}]},{"@type":"WebSite","@id":"https:\/\/kirkensbymisjon.no\/tilbud-enter-jobb\/#website","url":"https:\/\/kirkensbymisjon.no\/tilbud-enter-jobb\/","name":"Enter jobb","description":"","potentialAction":[{"@type":"SearchAction","target":{"@type":"EntryPoint","urlTemplate":"https:\/\/kirkensbymisjon.no\/tilbud-enter-jobb\/?s={search_term_string}"},"query-input":{"@type":"PropertyValueSpecification","valueRequired":true,"valueName":"search_term_string"}}],"inLanguage":"nb-NO"}]}},"_links":{"self":[{"href":"https:\/\/kirkensbymisjon.no\/tilbud-enter-jobb\/wp-json\/wp\/v2\/pages\/4","targetHints":{"allow":["GET"]}}],"collection":[{"href":"https:\/\/kirkensbymisjon.no\/tilbud-enter-jobb\/wp-json\/wp\/v2\/pages"}],"about":[{"href":"https:\/\/kirkensbymisjon.no\/tilbud-enter-jobb\/wp-json\/wp\/v2\/types\/page"}],"author":[{"embeddable":true,"href":"https:\/\/kirkensbymisjon.no\/tilbud-enter-jobb\/wp-json\/wp\/v2\/users\/5"}],"replies":[{"embeddable":true,"href":"https:\/\/kirkensbymisjon.no\/tilbud-enter-jobb\/wp-json\/wp\/v2\/comments?post=4"}],"version-history":[{"count":5,"href":"https:\/\/kirkensbymisjon.no\/tilbud-enter-jobb\/wp-json\/wp\/v2\/pages\/4\/revisions"}],"predecessor-version":[{"id":41,"href":"https:\/\/kirkensbymisjon.no\/tilbud-enter-jobb\/wp-json\/wp\/v2\/pages\/4\/revisions\/41"}],"wp:attachment":[{"href":"https:\/\/kirkensbymisjon.no\/tilbud-enter-jobb\/wp-json\/wp\/v2\/media?parent=4"}],"curies":[{"name":"wp","href":"https:\/\/api.w.org\/{rel}","templated":true}]}}