{"id":2,"date":"2024-06-14T12:47:28","date_gmt":"2024-06-14T10:47:28","guid":{"rendered":"https:\/\/kirkensbymisjon.no\/tilbud-et-sted-a-hore-til\/?page_id=2"},"modified":"2024-12-11T15:03:20","modified_gmt":"2024-12-11T14:03:20","slug":"forside","status":"publish","type":"page","link":"https:\/\/kirkensbymisjon.no\/tilbud-et-sted-a-hore-til\/","title":{"rendered":"Forside"},"content":{"rendered":"\n<p>Gjennom v\u00e5rt arbeid skaper vi vennskap og naturlige m\u00f8testeder hvor spr\u00e5ket og digitale hjelpemidler brukes som et verkt\u00f8y for l\u00e6ring.<\/p>\n\n\n\n<p>Vi legger til rette for at innvandrere og flyktninger kan f\u00e5 mulighet til \u00e5 oppleve en styrket tilh\u00f8righet og deltagelse i lokalsamfunnet. Mange deltakere ved Arendal voksenoppl\u00e6ring f\u00e5r liten mulighet til \u00e5 snakke norsk annet enn det lille de l\u00e6rer p\u00e5 skolen. N\u00e5r de ikke f\u00e5r praktisert spr\u00e5ket, opplever mange \u00e5 glemme fort mye av det de l\u00e6rer.<\/p>\n\n\n\n<p>Prosjektet er et samarbeid med <a href=\"https:\/\/www.arendal.kommune.no\/avo\/\">Arendal voksenoppl\u00e6ring<\/a>, som et svar p\u00e5 at deltakere ved skolen selv \u00f8nsket seg et mer praksisn\u00e6rt kvalifiseringstilbud.<\/p>\n\n\n\t<div class=\"alignfull wp-block-kbm-gallery\" data-scroll=\"1\">\n\t\t<div class=\"kbm-gallery__scroll\">\n\t\t\t<div class=\"kbm-gallery__wrapper\">\n\t\t\t\t\n\n<figure class=\"wp-block-gallery has-nested-images columns-default is-cropped wp-block-gallery-1 is-layout-flex wp-block-gallery-is-layout-flex\">\n<figure class=\"wp-block-image size-large\"><img loading=\"lazy\" decoding=\"async\" width=\"960\" height=\"454\" data-id=\"3\" src=\"https:\/\/kirkensbymisjon.no\/content\/uploads\/sites\/12\/2024\/06\/Tilbud_Et-sted-a-hore-til_01.jpeg\" alt=\"Tre kvinner som st\u00e5r p\u00e5 et utsiktspunkt og ser utover\" class=\"wp-image-3\" srcset=\"https:\/\/kirkensbymisjon.no\/content\/uploads\/sites\/12\/2024\/06\/Tilbud_Et-sted-a-hore-til_01.jpeg 960w, https:\/\/kirkensbymisjon.no\/content\/uploads\/sites\/12\/2024\/06\/Tilbud_Et-sted-a-hore-til_01-300x142.jpeg 300w, https:\/\/kirkensbymisjon.no\/content\/uploads\/sites\/12\/2024\/06\/Tilbud_Et-sted-a-hore-til_01-768x363.jpeg 768w\" sizes=\"auto, (max-width: 960px) 100vw, 960px\" \/><\/figure>\n\n\n\n<figure class=\"wp-block-image size-large\"><img loading=\"lazy\" decoding=\"async\" width=\"481\" height=\"640\" data-id=\"9\" src=\"https:\/\/kirkensbymisjon.no\/content\/uploads\/sites\/12\/2024\/06\/Tilbud_Et-sted-a-hore-til_07.jpeg\" alt=\"Arbeidstrening ved butikkasse\" class=\"wp-image-9\" srcset=\"https:\/\/kirkensbymisjon.no\/content\/uploads\/sites\/12\/2024\/06\/Tilbud_Et-sted-a-hore-til_07.jpeg 481w, https:\/\/kirkensbymisjon.no\/content\/uploads\/sites\/12\/2024\/06\/Tilbud_Et-sted-a-hore-til_07-225x300.jpeg 225w\" sizes=\"auto, (max-width: 481px) 100vw, 481px\" \/><\/figure>\n\n\n\n<figure class=\"wp-block-image size-large\"><img loading=\"lazy\" decoding=\"async\" width=\"640\" height=\"481\" data-id=\"8\" src=\"https:\/\/kirkensbymisjon.no\/content\/uploads\/sites\/12\/2024\/06\/Tilbud_Et-sted-a-hore-til_06.jpeg\" alt=\"Oppl\u00e6ring og presentasjon i grupper\" class=\"wp-image-8\" srcset=\"https:\/\/kirkensbymisjon.no\/content\/uploads\/sites\/12\/2024\/06\/Tilbud_Et-sted-a-hore-til_06.jpeg 640w, https:\/\/kirkensbymisjon.no\/content\/uploads\/sites\/12\/2024\/06\/Tilbud_Et-sted-a-hore-til_06-300x225.jpeg 300w\" sizes=\"auto, (max-width: 640px) 100vw, 640px\" \/><\/figure>\n\n\n\n<figure class=\"wp-block-image size-large\"><img loading=\"lazy\" decoding=\"async\" width=\"481\" height=\"640\" data-id=\"6\" src=\"https:\/\/kirkensbymisjon.no\/content\/uploads\/sites\/12\/2024\/06\/Tilbud_Et-sted-a-hore-til_04.jpeg\" alt=\"H\u00e5ndarbeid og aktiviteter\" class=\"wp-image-6\" srcset=\"https:\/\/kirkensbymisjon.no\/content\/uploads\/sites\/12\/2024\/06\/Tilbud_Et-sted-a-hore-til_04.jpeg 481w, https:\/\/kirkensbymisjon.no\/content\/uploads\/sites\/12\/2024\/06\/Tilbud_Et-sted-a-hore-til_04-225x300.jpeg 225w\" sizes=\"auto, (max-width: 481px) 100vw, 481px\" \/><\/figure>\n\n\n\n<figure class=\"wp-block-image size-large\"><img loading=\"lazy\" decoding=\"async\" width=\"481\" height=\"640\" data-id=\"5\" src=\"https:\/\/kirkensbymisjon.no\/content\/uploads\/sites\/12\/2024\/06\/Tilbud_Et-sted-a-hore-til_03.jpeg\" alt=\"Arbeidstrening ved butikkasse\" class=\"wp-image-5\" srcset=\"https:\/\/kirkensbymisjon.no\/content\/uploads\/sites\/12\/2024\/06\/Tilbud_Et-sted-a-hore-til_03.jpeg 481w, https:\/\/kirkensbymisjon.no\/content\/uploads\/sites\/12\/2024\/06\/Tilbud_Et-sted-a-hore-til_03-225x300.jpeg 225w\" sizes=\"auto, (max-width: 481px) 100vw, 481px\" \/><\/figure>\n\n\n\n<figure class=\"wp-block-image size-large\"><img loading=\"lazy\" decoding=\"async\" width=\"480\" height=\"640\" data-id=\"4\" src=\"https:\/\/kirkensbymisjon.no\/content\/uploads\/sites\/12\/2024\/06\/Tilbud_Et-sted-a-hore-til_02.jpeg\" alt=\"Spr\u00e5koppl\u00e6ring ved tavle\" class=\"wp-image-4\" srcset=\"https:\/\/kirkensbymisjon.no\/content\/uploads\/sites\/12\/2024\/06\/Tilbud_Et-sted-a-hore-til_02.jpeg 480w, https:\/\/kirkensbymisjon.no\/content\/uploads\/sites\/12\/2024\/06\/Tilbud_Et-sted-a-hore-til_02-225x300.jpeg 225w\" sizes=\"auto, (max-width: 480px) 100vw, 480px\" \/><\/figure>\n<\/figure>\n\n\t\t\t<\/div>\n\t\t<\/div>\n\t<\/div>\n\t\n\n\n<h2 class=\"wp-block-heading\" id=\"h-slik-jobber-vi\"><strong>Slik jobber vi:<\/strong><\/h2>\n\n\n\n<ul class=\"wp-block-list\">\n<li>Deltakerne er p\u00e5 voksenoppl\u00e6ringen p\u00e5 skolen to dager i uka og i v\u00e5re egne lokaler tre dager i uka.<\/li>\n\n\n\n<li>P\u00e5 formiddagen jobber vi med ukas tema. Deretter spiser vi lunsj sammen og prater masse rundt bordene.<\/li>\n\n\n\n<li>Etter lunsj g\u00e5r vi til de ulike arbeidsstasjonene: kj\u00f8kkenet, kafeen, <a href=\"https:\/\/kirkensbymisjon.no\/tilbud-skattkammeret\">Skattkammeret<\/a> og <a href=\"\/tilbud-bruktbutikk\/kontaktinformasjon\/#arendal\">Bazar bruktbutikk<\/a>.<\/li>\n<\/ul>\n\n\n\n<p>Vi snakker med ansatte, frivillige og kunder. Vi bruker norsken vi jobber med i klasserommet og l\u00e6rer stadig nye arbeidsoppgaver.<\/p>\n","protected":false},"excerpt":{"rendered":"<p>Gjennom v\u00e5rt arbeid skaper vi vennskap og naturlige m\u00f8testeder hvor spr\u00e5ket og digitale hjelpemidler brukes&hellip;<\/p>\n","protected":false},"author":1,"featured_media":0,"parent":0,"menu_order":0,"comment_status":"closed","ping_status":"closed","template":"","meta":{"_relevanssi_hide_post":"","_relevanssi_hide_content":"","_relevanssi_pin_for_all":"","_relevanssi_pin_keywords":"","_relevanssi_unpin_keywords":"","_relevanssi_related_keywords":"","_relevanssi_related_include_ids":"","_relevanssi_related_exclude_ids":"","_relevanssi_related_no_append":"","_relevanssi_related_not_related":"","_relevanssi_related_posts":"1","_relevanssi_noindex_reason":"","editor_notices":[],"footnotes":""},"class_list":["post-2","page","type-page","status-publish","hentry"],"yoast_head":"<!-- This site is optimized with the Yoast SEO Premium plugin v27.2 (Yoast SEO v27.2) - https:\/\/yoast.com\/product\/yoast-seo-premium-wordpress\/ -->\n<title>Kirkens Bymisjon - Et sted \u00e5 h\u00f8re til<\/title>\n<meta name=\"description\" content=\"Vi skaper m\u00f8teplasser som bidrar til spr\u00e5koppl\u00e6ring, deltakelse og styrket tilh\u00f8righet i lokalsamfunnet.\" \/>\n<meta name=\"robots\" content=\"index, follow, max-snippet:-1, max-image-preview:large, max-video-preview:-1\" \/>\n<link rel=\"canonical\" href=\"https:\/\/kirkensbymisjon.no\/tilbud-et-sted-a-hore-til\/\" \/>\n<meta property=\"og:locale\" content=\"nb_NO\" \/>\n<meta property=\"og:type\" content=\"article\" \/>\n<meta property=\"og:title\" content=\"Kirkens Bymisjon - Et sted \u00e5 h\u00f8re til\" \/>\n<meta property=\"og:description\" content=\"Vi skaper m\u00f8teplasser som bidrar til spr\u00e5koppl\u00e6ring, deltakelse og styrket tilh\u00f8righet i lokalsamfunnet.\" \/>\n<meta property=\"og:url\" content=\"https:\/\/kirkensbymisjon.no\/tilbud-et-sted-a-hore-til\/\" \/>\n<meta property=\"og:site_name\" content=\"Et sted \u00e5 h\u00f8re til\" \/>\n<meta property=\"article:modified_time\" content=\"2024-12-11T14:03:20+00:00\" \/>\n<meta property=\"og:image\" content=\"https:\/\/kirkensbymisjon.no\/content\/uploads\/sites\/12\/2024\/06\/Tilbud_Et-sted-a-hore-til_01.jpeg\" \/>\n\t<meta property=\"og:image:width\" content=\"960\" \/>\n\t<meta property=\"og:image:height\" content=\"454\" \/>\n\t<meta property=\"og:image:type\" content=\"image\/jpeg\" \/>\n<meta name=\"twitter:card\" content=\"summary_large_image\" \/>\n<meta name=\"twitter:title\" content=\"Forside\" \/>\n<meta name=\"twitter:label1\" content=\"Ansl. lesetid\" \/>\n\t<meta name=\"twitter:data1\" content=\"3 minutter\" \/>\n<script type=\"application\/ld+json\" class=\"yoast-schema-graph\">{\"@context\":\"https:\/\/schema.org\",\"@graph\":[{\"@type\":\"WebPage\",\"@id\":\"https:\/\/kirkensbymisjon.no\/tilbud-et-sted-a-hore-til\/\",\"url\":\"https:\/\/kirkensbymisjon.no\/tilbud-et-sted-a-hore-til\/\",\"name\":\"Kirkens Bymisjon - Et sted \u00e5 h\u00f8re til\",\"isPartOf\":{\"@id\":\"https:\/\/kirkensbymisjon.no\/tilbud-et-sted-a-hore-til\/#website\"},\"primaryImageOfPage\":{\"@id\":\"https:\/\/kirkensbymisjon.no\/tilbud-et-sted-a-hore-til\/#primaryimage\"},\"image\":{\"@id\":\"https:\/\/kirkensbymisjon.no\/tilbud-et-sted-a-hore-til\/#primaryimage\"},\"thumbnailUrl\":\"https:\/\/kirkensbymisjon.no\/content\/uploads\/sites\/12\/2024\/06\/Tilbud_Et-sted-a-hore-til_01.jpeg\",\"datePublished\":\"2024-06-14T10:47:28+00:00\",\"dateModified\":\"2024-12-11T14:03:20+00:00\",\"description\":\"Vi skaper m\u00f8teplasser som bidrar til spr\u00e5koppl\u00e6ring, deltakelse og styrket tilh\u00f8righet i lokalsamfunnet.\",\"breadcrumb\":{\"@id\":\"https:\/\/kirkensbymisjon.no\/tilbud-et-sted-a-hore-til\/#breadcrumb\"},\"inLanguage\":\"nb-NO\",\"potentialAction\":[{\"@type\":\"ReadAction\",\"target\":[\"https:\/\/kirkensbymisjon.no\/tilbud-et-sted-a-hore-til\/\"]}]},{\"@type\":\"ImageObject\",\"inLanguage\":\"nb-NO\",\"@id\":\"https:\/\/kirkensbymisjon.no\/tilbud-et-sted-a-hore-til\/#primaryimage\",\"url\":\"https:\/\/kirkensbymisjon.no\/content\/uploads\/sites\/12\/2024\/06\/Tilbud_Et-sted-a-hore-til_01.jpeg\",\"contentUrl\":\"https:\/\/kirkensbymisjon.no\/content\/uploads\/sites\/12\/2024\/06\/Tilbud_Et-sted-a-hore-til_01.jpeg\"},{\"@type\":\"BreadcrumbList\",\"@id\":\"https:\/\/kirkensbymisjon.no\/tilbud-et-sted-a-hore-til\/#breadcrumb\",\"itemListElement\":[{\"@type\":\"ListItem\",\"position\":1,\"name\":\"Hjem\",\"item\":\"https:\/\/kirkensbymisjon.no\/tilbud-et-sted-a-hore-til\/\"},{\"@type\":\"ListItem\",\"position\":2,\"name\":\"Forside\"}]},{\"@type\":\"WebSite\",\"@id\":\"https:\/\/kirkensbymisjon.no\/tilbud-et-sted-a-hore-til\/#website\",\"url\":\"https:\/\/kirkensbymisjon.no\/tilbud-et-sted-a-hore-til\/\",\"name\":\"Et sted \u00e5 h\u00f8re til\",\"description\":\"\",\"potentialAction\":[{\"@type\":\"SearchAction\",\"target\":{\"@type\":\"EntryPoint\",\"urlTemplate\":\"https:\/\/kirkensbymisjon.no\/tilbud-et-sted-a-hore-til\/?s={search_term_string}\"},\"query-input\":{\"@type\":\"PropertyValueSpecification\",\"valueRequired\":true,\"valueName\":\"search_term_string\"}}],\"inLanguage\":\"nb-NO\"}]}<\/script>\n<!-- \/ Yoast SEO Premium plugin. -->","yoast_head_json":{"title":"Kirkens Bymisjon - Et sted \u00e5 h\u00f8re til","description":"Vi skaper m\u00f8teplasser som bidrar til spr\u00e5koppl\u00e6ring, deltakelse og styrket tilh\u00f8righet i lokalsamfunnet.","robots":{"index":"index","follow":"follow","max-snippet":"max-snippet:-1","max-image-preview":"max-image-preview:large","max-video-preview":"max-video-preview:-1"},"canonical":"https:\/\/kirkensbymisjon.no\/tilbud-et-sted-a-hore-til\/","og_locale":"nb_NO","og_type":"article","og_title":"Kirkens Bymisjon - Et sted \u00e5 h\u00f8re til","og_description":"Vi skaper m\u00f8teplasser som bidrar til spr\u00e5koppl\u00e6ring, deltakelse og styrket tilh\u00f8righet i lokalsamfunnet.","og_url":"https:\/\/kirkensbymisjon.no\/tilbud-et-sted-a-hore-til\/","og_site_name":"Et sted \u00e5 h\u00f8re til","article_modified_time":"2024-12-11T14:03:20+00:00","og_image":[{"width":960,"height":454,"url":"https:\/\/kirkensbymisjon.no\/content\/uploads\/sites\/12\/2024\/06\/Tilbud_Et-sted-a-hore-til_01.jpeg","type":"image\/jpeg"}],"twitter_card":"summary_large_image","twitter_title":"Forside","twitter_misc":{"Ansl. lesetid":"3 minutter"},"schema":{"@context":"https:\/\/schema.org","@graph":[{"@type":"WebPage","@id":"https:\/\/kirkensbymisjon.no\/tilbud-et-sted-a-hore-til\/","url":"https:\/\/kirkensbymisjon.no\/tilbud-et-sted-a-hore-til\/","name":"Kirkens Bymisjon - Et sted \u00e5 h\u00f8re til","isPartOf":{"@id":"https:\/\/kirkensbymisjon.no\/tilbud-et-sted-a-hore-til\/#website"},"primaryImageOfPage":{"@id":"https:\/\/kirkensbymisjon.no\/tilbud-et-sted-a-hore-til\/#primaryimage"},"image":{"@id":"https:\/\/kirkensbymisjon.no\/tilbud-et-sted-a-hore-til\/#primaryimage"},"thumbnailUrl":"https:\/\/kirkensbymisjon.no\/content\/uploads\/sites\/12\/2024\/06\/Tilbud_Et-sted-a-hore-til_01.jpeg","datePublished":"2024-06-14T10:47:28+00:00","dateModified":"2024-12-11T14:03:20+00:00","description":"Vi skaper m\u00f8teplasser som bidrar til spr\u00e5koppl\u00e6ring, deltakelse og styrket tilh\u00f8righet i lokalsamfunnet.","breadcrumb":{"@id":"https:\/\/kirkensbymisjon.no\/tilbud-et-sted-a-hore-til\/#breadcrumb"},"inLanguage":"nb-NO","potentialAction":[{"@type":"ReadAction","target":["https:\/\/kirkensbymisjon.no\/tilbud-et-sted-a-hore-til\/"]}]},{"@type":"ImageObject","inLanguage":"nb-NO","@id":"https:\/\/kirkensbymisjon.no\/tilbud-et-sted-a-hore-til\/#primaryimage","url":"https:\/\/kirkensbymisjon.no\/content\/uploads\/sites\/12\/2024\/06\/Tilbud_Et-sted-a-hore-til_01.jpeg","contentUrl":"https:\/\/kirkensbymisjon.no\/content\/uploads\/sites\/12\/2024\/06\/Tilbud_Et-sted-a-hore-til_01.jpeg"},{"@type":"BreadcrumbList","@id":"https:\/\/kirkensbymisjon.no\/tilbud-et-sted-a-hore-til\/#breadcrumb","itemListElement":[{"@type":"ListItem","position":1,"name":"Hjem","item":"https:\/\/kirkensbymisjon.no\/tilbud-et-sted-a-hore-til\/"},{"@type":"ListItem","position":2,"name":"Forside"}]},{"@type":"WebSite","@id":"https:\/\/kirkensbymisjon.no\/tilbud-et-sted-a-hore-til\/#website","url":"https:\/\/kirkensbymisjon.no\/tilbud-et-sted-a-hore-til\/","name":"Et sted \u00e5 h\u00f8re til","description":"","potentialAction":[{"@type":"SearchAction","target":{"@type":"EntryPoint","urlTemplate":"https:\/\/kirkensbymisjon.no\/tilbud-et-sted-a-hore-til\/?s={search_term_string}"},"query-input":{"@type":"PropertyValueSpecification","valueRequired":true,"valueName":"search_term_string"}}],"inLanguage":"nb-NO"}]}},"_links":{"self":[{"href":"https:\/\/kirkensbymisjon.no\/tilbud-et-sted-a-hore-til\/wp-json\/wp\/v2\/pages\/2","targetHints":{"allow":["GET"]}}],"collection":[{"href":"https:\/\/kirkensbymisjon.no\/tilbud-et-sted-a-hore-til\/wp-json\/wp\/v2\/pages"}],"about":[{"href":"https:\/\/kirkensbymisjon.no\/tilbud-et-sted-a-hore-til\/wp-json\/wp\/v2\/types\/page"}],"author":[{"embeddable":true,"href":"https:\/\/kirkensbymisjon.no\/tilbud-et-sted-a-hore-til\/wp-json\/wp\/v2\/users\/1"}],"replies":[{"embeddable":true,"href":"https:\/\/kirkensbymisjon.no\/tilbud-et-sted-a-hore-til\/wp-json\/wp\/v2\/comments?post=2"}],"version-history":[{"count":5,"href":"https:\/\/kirkensbymisjon.no\/tilbud-et-sted-a-hore-til\/wp-json\/wp\/v2\/pages\/2\/revisions"}],"predecessor-version":[{"id":39,"href":"https:\/\/kirkensbymisjon.no\/tilbud-et-sted-a-hore-til\/wp-json\/wp\/v2\/pages\/2\/revisions\/39"}],"wp:attachment":[{"href":"https:\/\/kirkensbymisjon.no\/tilbud-et-sted-a-hore-til\/wp-json\/wp\/v2\/media?parent=2"}],"curies":[{"name":"wp","href":"https:\/\/api.w.org\/{rel}","templated":true}]}}