{"id":3,"date":"2024-08-15T14:20:33","date_gmt":"2024-08-15T12:20:33","guid":{"rendered":"https:\/\/kirkensbymisjon.no\/tilbud-familieaktiviteter\/forside\/"},"modified":"2024-09-06T15:09:51","modified_gmt":"2024-09-06T13:09:51","slug":"forside","status":"publish","type":"page","link":"https:\/\/kirkensbymisjon.no\/tilbud-familieaktiviteter\/","title":{"rendered":"Forside"},"content":{"rendered":"\n<div class=\"wp-block-media-text alignwide is-stacked-on-mobile is-style-filled\"><figure class=\"wp-block-media-text__media\"><img loading=\"lazy\" decoding=\"async\" width=\"670\" height=\"446\" src=\"https:\/\/kirkensbymisjon.no\/content\/uploads\/sites\/137\/2024\/08\/tilbud_Familieaktiviteter_02.jpg\" alt=\"Barn og unge frivillige p\u00e5 sommerleir\" class=\"wp-image-11 size-full\" srcset=\"https:\/\/kirkensbymisjon.no\/content\/uploads\/sites\/137\/2024\/08\/tilbud_Familieaktiviteter_02.jpg 670w, https:\/\/kirkensbymisjon.no\/content\/uploads\/sites\/137\/2024\/08\/tilbud_Familieaktiviteter_02-300x200.jpg 300w\" sizes=\"auto, (max-width: 670px) 100vw, 670px\" \/><\/figure><div class=\"wp-block-media-text__content\">\n<h2 class=\"wp-block-heading\" id=\"h-ferie-for-alle\">Ferie for alle<\/h2>\n\n\n\n<p>Hver sommer, h\u00f8st og vinter bidrar unge frivillige mellom 18 og 30 \u00e5r til at barnefamilier i Bydel Stovner f\u00e5r gode ferieminner.<\/p>\n\n\n\n<p>Sammen med ansatte ved&nbsp;<a href=\"\/stovner-frivilligsentral\/\">Stovner Frivilligsentral<\/a>, planlegger og gjennomf\u00f8rer unge frivillige familieaktiviteter i h\u00f8st-, vinter-, og sommerferien for barnefamilier.<\/p>\n<\/div><\/div>\n\n\n\t<div class=\"alignwide wp-block-kbm-link-list\">\n\t\t<div class=\"kbm-link-list__items\">\n\t\t\t\n<a class=\"wp-block-kbm-link-list-item\" href=\"https:\/\/kirkensbymisjon.no\/tilbud-familieaktiviteter\/om-familieaktiviteter\/\">\t<svg xmlns=\"http:\/\/www.w3.org\/2000\/svg\" viewBox=\"0 0 48 48\" height=\"24\" width=\"24\" class=\"t2-icon t2-icon-activities\" aria-hidden=\"true\" focusable=\"false\"><path d=\"M22.24 4.082c-1.537.145-3.662.604-4.838 1.044l-.46.172 1.269.657a45.146 45.146 0 0 1 4.402 2.614l1.053.704.92-.914c.658-.654.985-1.046 1.147-1.377.218-.444.227-.509.227-1.635 0-.645-.023-1.196-.051-1.225-.086-.086-2.858-.117-3.669-.04m5.74 1.539c-.067 1.941-.296 2.447-1.809 4.001-.495.508-.809.89-.765.93.076.07 1.89 1.588 2.275 1.904l.215.177 1.268-.757c1.641-.978 3.137-1.715 4.223-2.077.888-.297 3.075-.838 3.388-.839.334 0 .259-.142-.317-.603-2.297-1.839-5.03-3.136-8.227-3.904l-.21-.051-.041 1.219M13.856 6.795a20.046 20.046 0 0 0-7.694 8.241c-.315.627-.379.812-.268.766 1.413-.576 3.008-.981 6.906-1.754 3.858-.766 4.59-.978 6.36-1.847 1.061-.522 2.761-1.532 2.759-1.641 0-.078-2.135-1.427-3.359-2.124-1.038-.59-3.468-1.813-3.93-1.977-.077-.028-.395.111-.774.336m24.264 3.981c-.699.095-2.683.531-3.545.78-1.311.377-3.096 1.234-4.716 2.263l-.421.267.768.857a28.269 28.269 0 0 1 1.336 1.617l.594.795c.015.019.27-.043.566-.138 1.534-.493 3.559-.7 4.628-.471.805.171 1.633.536 2.513 1.104 1.023.662 1.765 1.294 2.977 2.538.561.576 1.02 1.021 1.02.989-.001-.19-.279-1.614-.442-2.259-.458-1.821-1.336-3.917-2.306-5.506-.496-.813-1.395-2.056-1.859-2.57-.304-.335-.41-.361-1.113-.266m-15.24 1.59c-1.741 1.197-3.526 2.102-5.28 2.677-.874.286-1.844.497-5.32 1.157-3.108.591-5.045 1.148-6.645 1.913l-.885.423-.177.752c-.986 4.19-.673 8.369.918 12.272a21.302 21.302 0 0 0 1.646 3.178l.416.649.252-.793c.815-2.568 2.351-5.318 4.551-8.147 3.094-3.98 8.082-8.628 12.844-11.968.462-.324.855-.6.873-.614.018-.013-.036-.1-.12-.194-.197-.219-2.19-1.832-2.26-1.829-.029.001-.395.237-.813.524m3.76 3.576c-7.452 5.349-13.249 11.435-15.791 16.576-.808 1.636-1.403 3.4-1.541 4.575l-.05.424.74.721c1.605 1.564 3.124 2.636 5.162 3.644 1.821.9 3.968 1.59 5.728 1.84l.368.053.367-.838c1.065-2.43 2.307-6.753 3.856-13.417 1.097-4.718 1.602-6.457 2.315-7.967.582-1.232 1.464-2.397 2.278-3.011l.271-.204-.187-.269c-.608-.873-2.331-2.79-2.505-2.788-.05.001-.505.298-1.011.661m8.32 2.816c-.545.092-1.604.34-1.65.385-.01.011.298.651.684 1.424 2.189 4.371 3.69 10.092 4.194 15.976.061.717.128 1.32.149 1.341.103.102 1.694-1.869 2.457-3.044 1.834-2.824 2.809-5.747 3.166-9.492l.051-.532-.819-.988c-1.076-1.298-3.236-3.453-3.992-3.982-1.56-1.093-2.614-1.363-4.24-1.088m-3.855 1.563c-.727.599-1.502 1.938-2.067 3.572-.425 1.231-.688 2.246-1.755 6.787-1.42 6.046-2.342 9.348-3.297 11.8a51.391 51.391 0 0 0-.527 1.393c-.043.146-.001.15 1.108.096 2.232-.109 3.791-.386 5.673-1.006 1.379-.455 2.534-.964 3.68-1.622.914-.525 2.17-1.361 2.325-1.548.123-.148.108-1.055-.05-2.913-.396-4.656-1.498-9.474-3.026-13.228-.445-1.095-1.643-3.572-1.726-3.572-.026 0-.178.108-.338.241\"\/><\/svg>\t<div class=\"kbm-link-list-item__content\">\n\t\t<p class=\"kbm-link-list-item__title\">For hele familien<\/p>\n\t\t\t\t\t<p class=\"kbm-link-list-item__description\">I prosjekt Familier Aktiviteter Fellesskap har vi som m\u00e5l \u00e5 skape gode ferieminner for hele familien, ikke bare barna.<\/p>\n\t\t\t<\/div>\n\t<\/a>\n\n<div class=\"wp-block-kbm-link-list-item\">\t<svg xmlns=\"http:\/\/www.w3.org\/2000\/svg\" viewBox=\"0 0 48 48\" height=\"24\" width=\"24\" class=\"t2-icon t2-icon-volunteering\" aria-hidden=\"true\" focusable=\"false\"><path d=\"M23.33 1.157c-.459.164-.862.527-1.11 1.001l-.22.42v9.211c0 10.395.045 9.659-.603 9.883-.286.098-.356.096-.601-.02-.55-.261-.512.307-.556-8.212-.044-8.585-.004-7.999-.593-8.588-.506-.505-.872-.65-1.647-.65-.55 0-.744.034-1.015.178-.412.219-.843.653-1.039 1.046-.139.28-.148.907-.186 13.494l-.04 13.2-2.888-4.321c-3.002-4.493-3.036-4.536-3.788-4.84-.357-.145-1.245-.13-1.604.026-.899.391-1.4 1.126-1.4 2.055 0 .605.105.842.971 2.201.826 1.295 1.75 3.04 2.71 5.119 1.268 2.745 2.467 5.172 2.981 6.034 2.373 3.98 5.378 5.888 10.151 6.446 1.014.119 3.559.163 4.113.071l.286-.047-3.126-3.048c-1.719-1.675-3.315-3.265-3.546-3.531-.922-1.066-1.411-2.4-1.407-3.845.005-2.62 1.651-4.838 4.227-5.698.58-.193.756-.214 1.88-.218 1.081-.003 1.317.02 1.84.182 1.024.318 1.849.825 2.736 1.681l.456.441.595-.565c1.254-1.192 2.72-1.781 4.436-1.782 1.081-.002 2.292.349 3.19.924l.427.273v-9.73c0-7.226-.024-9.81-.094-10.043-.12-.402-.632-.984-1.056-1.201-.398-.204-1.304-.281-1.783-.152a2.142 2.142 0 0 0-1.345 1.082l-.242.474-.04 6.593-.04 6.593-.19.154c-.427.346-.973.276-1.269-.162l-.181-.27-.001-9.088-.001-9.088-.188-.404c-.611-1.312-2.534-1.66-3.624-.655-.682.629-.621-.199-.666 9.099-.044 9.138-.004 8.51-.556 8.772-.245.116-.315.118-.601.02-.648-.224-.603.512-.603-9.883V2.578l-.223-.427c-.25-.478-.743-.901-1.199-1.027-.418-.116-1.359-.098-1.728.033m1.372 28.611c-1.11.121-2.023.574-2.869 1.423-1.568 1.572-1.855 3.79-.735 5.679.296.499.462.666 7.001 7.043l.698.681.542-.142c3.486-.919 6.794-3.671 8.386-6.979.723-1.504 1.098-2.941 1.243-4.77.11-1.383.113-1.375-.672-1.957-1.021-.758-1.887-1.019-3.21-.968-1.505.057-2.308.439-3.687 1.75-1.07 1.018-1.083 1.019-1.983.172-.928-.873-1.305-1.166-1.862-1.445a5.097 5.097 0 0 0-2.852-.487\"\/><\/svg>\t<div class=\"kbm-link-list-item__content\">\n\t\t<p class=\"kbm-link-list-item__title\">Sprer glede<\/p>\n\t\t\t\t\t<p class=\"kbm-link-list-item__description\">Som frivillig kan du bidra til \u00e5 skape minnerike opplevelser for barnefamilier, og selv f\u00e5 en unik mulighet til \u00e5 f\u00e5 veiledning og verdifull prosjektl\u00e6ring.<\/p>\n\t\t\t<\/div>\n\t<\/div>\n\n<div class=\"wp-block-kbm-link-list-item\">\t<svg xmlns=\"http:\/\/www.w3.org\/2000\/svg\" viewBox=\"0 0 48 48\" height=\"24\" width=\"24\" class=\"t2-icon t2-icon-heart\" aria-hidden=\"true\" focusable=\"false\"><path d=\"M12.608 7.169c-1.695.306-3.132.959-4.579 2.081-1.894 1.468-3.293 3.755-3.79 6.194-.689 3.382.232 7.499 2.57 11.489 2.339 3.991 6.459 8.359 11.511 12.202 1.924 1.463 5.432 3.825 5.682 3.825.244 0 3.789-2.389 5.678-3.826 3.507-2.666 6.767-5.781 9.058-8.654 4.107-5.151 5.927-10.598 5.023-15.036-.867-4.255-4.231-7.559-8.431-8.282-.908-.156-2.546-.157-3.46-.001-3.228.55-6.151 2.758-7.548 5.699-.151.319-.296.58-.32.58-.025 0-.212-.333-.416-.74-1.452-2.905-4.266-4.995-7.456-5.539-.885-.151-2.667-.147-3.522.008\"\/><\/svg>\t<div class=\"kbm-link-list-item__content\">\n\t\t<p class=\"kbm-link-list-item__title\">Bygger bro<\/p>\n\t\t\t\t\t<p class=\"kbm-link-list-item__description\">I v\u00e5re aktiviteter m\u00f8tes mennesker p\u00e5 tvers av generasjoner og kulturer, og bidrar til at vi f\u00e5r \u00f8kt forst\u00e5else for hverandre.<\/p>\n\t\t\t<\/div>\n\t<\/div>\n\t\t<\/div>\n\t<\/div>\n\t\n\n\n<div class=\"wp-block-media-text alignwide is-stacked-on-mobile is-style-filled\"><figure class=\"wp-block-media-text__media\"><img decoding=\"async\" src=\"https:\/\/kirkensbymisjon.no\/content\/uploads\/2024\/09\/Standard_Bli-frivillig_02-1024x633.jpg\" alt=\"Frivillige medarbeidere\" class=\"wp-image-3049 size-full\"\/><\/figure><div class=\"wp-block-media-text__content\">\n<h2 class=\"wp-block-heading\" id=\"h-bli-frivillig-nbsp\"><strong>Bli frivillig!<\/strong>&nbsp;<\/h2>\n\n\n\n<p>Vi trenger deg som \u00f8nsker \u00e5 gj\u00f8re en frivillig innsats til nytte og glede for andre og deg selv. Gjennom frivillig engasjement kan du bruke din erfaring og kompetanse \u2013 eller l\u00e6re noe nytt.&nbsp;<\/p>\n\n\n\n<p><a href=\"\/bli-frivillig\">Les mer om frivillighet<\/a><\/p>\n<\/div><\/div>\n","protected":false},"excerpt":{"rendered":"<p>Ferie for alle Hver sommer, h\u00f8st og vinter bidrar unge frivillige mellom 18 og 30&hellip;<\/p>\n","protected":false},"author":5,"featured_media":0,"parent":0,"menu_order":0,"comment_status":"closed","ping_status":"closed","template":"","meta":{"_relevanssi_hide_post":"","_relevanssi_hide_content":"","_relevanssi_pin_for_all":"","_relevanssi_pin_keywords":"","_relevanssi_unpin_keywords":"","_relevanssi_related_keywords":"","_relevanssi_related_include_ids":"","_relevanssi_related_exclude_ids":"","_relevanssi_related_no_append":"","_relevanssi_related_not_related":"","_relevanssi_related_posts":"1","_relevanssi_noindex_reason":"","editor_notices":[],"footnotes":""},"class_list":["post-3","page","type-page","status-publish","hentry"],"yoast_head":"<!-- This site is optimized with the Yoast SEO Premium plugin v27.2 (Yoast SEO v27.4) - https:\/\/yoast.com\/product\/yoast-seo-premium-wordpress\/ -->\n<title>Kirkens Bymisjon - Familieaktiviteter<\/title>\n<meta name=\"description\" content=\"Vi skaper gode minner ved \u00e5 tilby aktiviteter for barnefamilier i Bydel Stovner gjennom \u00e5ret.\u00a0\" \/>\n<meta name=\"robots\" content=\"index, follow, max-snippet:-1, max-image-preview:large, max-video-preview:-1\" \/>\n<link rel=\"canonical\" href=\"https:\/\/kirkensbymisjon.no\/tilbud-familieaktiviteter\/\" \/>\n<meta property=\"og:locale\" content=\"nb_NO\" \/>\n<meta property=\"og:type\" content=\"article\" \/>\n<meta property=\"og:title\" content=\"Forside\" \/>\n<meta property=\"og:description\" content=\"Vi skaper gode minner ved \u00e5 tilby aktiviteter for barnefamilier i Bydel Stovner gjennom \u00e5ret.\u00a0\" \/>\n<meta property=\"og:url\" content=\"https:\/\/kirkensbymisjon.no\/tilbud-familieaktiviteter\/\" \/>\n<meta property=\"og:site_name\" content=\"Familieaktiviteter\" \/>\n<meta property=\"article:modified_time\" content=\"2024-09-06T13:09:51+00:00\" \/>\n<meta property=\"og:image\" content=\"https:\/\/kirkensbymisjon.no\/content\/uploads\/sites\/137\/2024\/08\/tilbud_Familieaktiviteter_02.jpg\" \/>\n<meta name=\"twitter:card\" content=\"summary_large_image\" \/>\n<meta name=\"twitter:label1\" content=\"Ansl. lesetid\" \/>\n\t<meta name=\"twitter:data1\" content=\"1 minutt\" \/>\n<script type=\"application\/ld+json\" class=\"yoast-schema-graph\">{\"@context\":\"https:\\\/\\\/schema.org\",\"@graph\":[{\"@type\":\"WebPage\",\"@id\":\"https:\\\/\\\/kirkensbymisjon.no\\\/tilbud-familieaktiviteter\\\/\",\"url\":\"https:\\\/\\\/kirkensbymisjon.no\\\/tilbud-familieaktiviteter\\\/\",\"name\":\"Kirkens Bymisjon - Familieaktiviteter\",\"isPartOf\":{\"@id\":\"https:\\\/\\\/kirkensbymisjon.no\\\/tilbud-familieaktiviteter\\\/#website\"},\"primaryImageOfPage\":{\"@id\":\"https:\\\/\\\/kirkensbymisjon.no\\\/tilbud-familieaktiviteter\\\/#primaryimage\"},\"image\":{\"@id\":\"https:\\\/\\\/kirkensbymisjon.no\\\/tilbud-familieaktiviteter\\\/#primaryimage\"},\"thumbnailUrl\":\"https:\\\/\\\/kirkensbymisjon.no\\\/content\\\/uploads\\\/sites\\\/137\\\/2024\\\/08\\\/tilbud_Familieaktiviteter_02.jpg\",\"datePublished\":\"2024-08-15T12:20:33+00:00\",\"dateModified\":\"2024-09-06T13:09:51+00:00\",\"description\":\"Vi skaper gode minner ved \u00e5 tilby aktiviteter for barnefamilier i Bydel Stovner gjennom \u00e5ret.\u00a0\",\"breadcrumb\":{\"@id\":\"https:\\\/\\\/kirkensbymisjon.no\\\/tilbud-familieaktiviteter\\\/#breadcrumb\"},\"inLanguage\":\"nb-NO\",\"potentialAction\":[{\"@type\":\"ReadAction\",\"target\":[\"https:\\\/\\\/kirkensbymisjon.no\\\/tilbud-familieaktiviteter\\\/\"]}]},{\"@type\":\"ImageObject\",\"inLanguage\":\"nb-NO\",\"@id\":\"https:\\\/\\\/kirkensbymisjon.no\\\/tilbud-familieaktiviteter\\\/#primaryimage\",\"url\":\"https:\\\/\\\/kirkensbymisjon.no\\\/content\\\/uploads\\\/sites\\\/137\\\/2024\\\/08\\\/tilbud_Familieaktiviteter_02.jpg\",\"contentUrl\":\"https:\\\/\\\/kirkensbymisjon.no\\\/content\\\/uploads\\\/sites\\\/137\\\/2024\\\/08\\\/tilbud_Familieaktiviteter_02.jpg\"},{\"@type\":\"BreadcrumbList\",\"@id\":\"https:\\\/\\\/kirkensbymisjon.no\\\/tilbud-familieaktiviteter\\\/#breadcrumb\",\"itemListElement\":[{\"@type\":\"ListItem\",\"position\":1,\"name\":\"Hjem\",\"item\":\"https:\\\/\\\/kirkensbymisjon.no\\\/tilbud-familieaktiviteter\\\/\"},{\"@type\":\"ListItem\",\"position\":2,\"name\":\"Forside\"}]},{\"@type\":\"WebSite\",\"@id\":\"https:\\\/\\\/kirkensbymisjon.no\\\/tilbud-familieaktiviteter\\\/#website\",\"url\":\"https:\\\/\\\/kirkensbymisjon.no\\\/tilbud-familieaktiviteter\\\/\",\"name\":\"Familieaktiviteter\",\"description\":\"\",\"potentialAction\":[{\"@type\":\"SearchAction\",\"target\":{\"@type\":\"EntryPoint\",\"urlTemplate\":\"https:\\\/\\\/kirkensbymisjon.no\\\/tilbud-familieaktiviteter\\\/?s={search_term_string}\"},\"query-input\":{\"@type\":\"PropertyValueSpecification\",\"valueRequired\":true,\"valueName\":\"search_term_string\"}}],\"inLanguage\":\"nb-NO\"}]}<\/script>\n<!-- \/ Yoast SEO Premium plugin. -->","yoast_head_json":{"title":"Kirkens Bymisjon - Familieaktiviteter","description":"Vi skaper gode minner ved \u00e5 tilby aktiviteter for barnefamilier i Bydel Stovner gjennom \u00e5ret.\u00a0","robots":{"index":"index","follow":"follow","max-snippet":"max-snippet:-1","max-image-preview":"max-image-preview:large","max-video-preview":"max-video-preview:-1"},"canonical":"https:\/\/kirkensbymisjon.no\/tilbud-familieaktiviteter\/","og_locale":"nb_NO","og_type":"article","og_title":"Forside","og_description":"Vi skaper gode minner ved \u00e5 tilby aktiviteter for barnefamilier i Bydel Stovner gjennom \u00e5ret.\u00a0","og_url":"https:\/\/kirkensbymisjon.no\/tilbud-familieaktiviteter\/","og_site_name":"Familieaktiviteter","article_modified_time":"2024-09-06T13:09:51+00:00","og_image":[{"url":"https:\/\/kirkensbymisjon.no\/content\/uploads\/sites\/137\/2024\/08\/tilbud_Familieaktiviteter_02.jpg","type":"","width":"","height":""}],"twitter_card":"summary_large_image","twitter_misc":{"Ansl. lesetid":"1 minutt"},"schema":{"@context":"https:\/\/schema.org","@graph":[{"@type":"WebPage","@id":"https:\/\/kirkensbymisjon.no\/tilbud-familieaktiviteter\/","url":"https:\/\/kirkensbymisjon.no\/tilbud-familieaktiviteter\/","name":"Kirkens Bymisjon - Familieaktiviteter","isPartOf":{"@id":"https:\/\/kirkensbymisjon.no\/tilbud-familieaktiviteter\/#website"},"primaryImageOfPage":{"@id":"https:\/\/kirkensbymisjon.no\/tilbud-familieaktiviteter\/#primaryimage"},"image":{"@id":"https:\/\/kirkensbymisjon.no\/tilbud-familieaktiviteter\/#primaryimage"},"thumbnailUrl":"https:\/\/kirkensbymisjon.no\/content\/uploads\/sites\/137\/2024\/08\/tilbud_Familieaktiviteter_02.jpg","datePublished":"2024-08-15T12:20:33+00:00","dateModified":"2024-09-06T13:09:51+00:00","description":"Vi skaper gode minner ved \u00e5 tilby aktiviteter for barnefamilier i Bydel Stovner gjennom \u00e5ret.\u00a0","breadcrumb":{"@id":"https:\/\/kirkensbymisjon.no\/tilbud-familieaktiviteter\/#breadcrumb"},"inLanguage":"nb-NO","potentialAction":[{"@type":"ReadAction","target":["https:\/\/kirkensbymisjon.no\/tilbud-familieaktiviteter\/"]}]},{"@type":"ImageObject","inLanguage":"nb-NO","@id":"https:\/\/kirkensbymisjon.no\/tilbud-familieaktiviteter\/#primaryimage","url":"https:\/\/kirkensbymisjon.no\/content\/uploads\/sites\/137\/2024\/08\/tilbud_Familieaktiviteter_02.jpg","contentUrl":"https:\/\/kirkensbymisjon.no\/content\/uploads\/sites\/137\/2024\/08\/tilbud_Familieaktiviteter_02.jpg"},{"@type":"BreadcrumbList","@id":"https:\/\/kirkensbymisjon.no\/tilbud-familieaktiviteter\/#breadcrumb","itemListElement":[{"@type":"ListItem","position":1,"name":"Hjem","item":"https:\/\/kirkensbymisjon.no\/tilbud-familieaktiviteter\/"},{"@type":"ListItem","position":2,"name":"Forside"}]},{"@type":"WebSite","@id":"https:\/\/kirkensbymisjon.no\/tilbud-familieaktiviteter\/#website","url":"https:\/\/kirkensbymisjon.no\/tilbud-familieaktiviteter\/","name":"Familieaktiviteter","description":"","potentialAction":[{"@type":"SearchAction","target":{"@type":"EntryPoint","urlTemplate":"https:\/\/kirkensbymisjon.no\/tilbud-familieaktiviteter\/?s={search_term_string}"},"query-input":{"@type":"PropertyValueSpecification","valueRequired":true,"valueName":"search_term_string"}}],"inLanguage":"nb-NO"}]}},"_links":{"self":[{"href":"https:\/\/kirkensbymisjon.no\/tilbud-familieaktiviteter\/wp-json\/wp\/v2\/pages\/3","targetHints":{"allow":["GET"]}}],"collection":[{"href":"https:\/\/kirkensbymisjon.no\/tilbud-familieaktiviteter\/wp-json\/wp\/v2\/pages"}],"about":[{"href":"https:\/\/kirkensbymisjon.no\/tilbud-familieaktiviteter\/wp-json\/wp\/v2\/types\/page"}],"author":[{"embeddable":true,"href":"https:\/\/kirkensbymisjon.no\/tilbud-familieaktiviteter\/wp-json\/wp\/v2\/users\/5"}],"replies":[{"embeddable":true,"href":"https:\/\/kirkensbymisjon.no\/tilbud-familieaktiviteter\/wp-json\/wp\/v2\/comments?post=3"}],"version-history":[{"count":5,"href":"https:\/\/kirkensbymisjon.no\/tilbud-familieaktiviteter\/wp-json\/wp\/v2\/pages\/3\/revisions"}],"predecessor-version":[{"id":66,"href":"https:\/\/kirkensbymisjon.no\/tilbud-familieaktiviteter\/wp-json\/wp\/v2\/pages\/3\/revisions\/66"}],"wp:attachment":[{"href":"https:\/\/kirkensbymisjon.no\/tilbud-familieaktiviteter\/wp-json\/wp\/v2\/media?parent=3"}],"curies":[{"name":"wp","href":"https:\/\/api.w.org\/{rel}","templated":true}]}}