{"id":3,"date":"2024-09-07T08:30:18","date_gmt":"2024-09-07T06:30:18","guid":{"rendered":"https:\/\/kirkensbymisjon.no\/tilbud-familietid\/forside\/"},"modified":"2024-10-08T14:17:29","modified_gmt":"2024-10-08T12:17:29","slug":"forside","status":"publish","type":"page","link":"https:\/\/kirkensbymisjon.no\/tilbud-familietid\/","title":{"rendered":"Forside"},"content":{"rendered":"\n<p>M\u00f8tested for barnefamilier, hvor man kan bli kjent med andre, ha det hyggelig sammen og delta p\u00e5 aktiviteter, opplevelser, m\u00e5ltidsfellesskap og turer. <\/p>\n\n\n\n<p>Tilbudet er gratis og \u00f8nsker \u00e5 fremme inkludering og positiv psykisk helse. Vi bruker n\u00e6rmilj\u00f8et og v\u00e5re hyggelige lokaler til turer og aktivitet hele \u00e5ret. Familietid stiller med aktivitetsansvarlige og frivillige, men foresatte har det hele og fulle ansvaret for sine barn under aktivitet. Vi tilbyr alltid et gratis m\u00e5ltid under v\u00e5re aktiviteter.<\/p>\n\n\n\n<div class=\"wp-block-media-text alignwide is-stacked-on-mobile is-style-filled\"><figure class=\"wp-block-media-text__media\"><img loading=\"lazy\" decoding=\"async\" width=\"1024\" height=\"633\" src=\"https:\/\/kirkensbymisjon.no\/content\/uploads\/sites\/149\/2024\/09\/Standard_Bli-frivillig_02-1024x633.jpg\" alt=\"Frivillig og barn leker\" class=\"wp-image-9 size-full\" srcset=\"https:\/\/kirkensbymisjon.no\/content\/uploads\/sites\/149\/2024\/09\/Standard_Bli-frivillig_02-1024x633.jpg 1024w, https:\/\/kirkensbymisjon.no\/content\/uploads\/sites\/149\/2024\/09\/Standard_Bli-frivillig_02-300x186.jpg 300w, https:\/\/kirkensbymisjon.no\/content\/uploads\/sites\/149\/2024\/09\/Standard_Bli-frivillig_02-768x475.jpg 768w, https:\/\/kirkensbymisjon.no\/content\/uploads\/sites\/149\/2024\/09\/Standard_Bli-frivillig_02-1536x950.jpg 1536w, https:\/\/kirkensbymisjon.no\/content\/uploads\/sites\/149\/2024\/09\/Standard_Bli-frivillig_02.jpg 1604w\" sizes=\"auto, (max-width: 1024px) 100vw, 1024px\" \/><\/figure><div class=\"wp-block-media-text__content\">\n<h2 class=\"wp-block-heading\" id=\"h-barn-unge-og-familier\">Barn, unge og familier<\/h2>\n\n\n\n<p>En viktig del av v\u00e5r strategi er \u00e5 gj\u00f8re en ekstra innsats for barn og unge. Vi jobber derfor for at barn og unge skal f\u00e5 en god oppvekst, og for \u00e5 skape trygge rammer rundt familiene.&nbsp;&nbsp;<\/p>\n\n\n\n<p><a href=\"\/barn-unge-og-familier\/\">Les mer om v\u00e5re tilbud<\/a><\/p>\n<\/div><\/div>\n\n\n\n<p>Vi s\u00f8ker \u00e5 skape inkludering gjennom \u00e5 tilby en arena hvor barnefamilier kan m\u00f8tes uten \u00e5 bli forhindret av manglende kunnskap om mulige aktiviteter og\/eller \u00f8konomiske utfordringer knyttet til dette.<\/p>\n\n\n\n<p>Familietid er et samarbeidsprosjekt mellom Kirkens Bymisjon og <a href=\"https:\/\/www.rodekors.no\/\" target=\"_blank\" rel=\"noreferrer noopener\">R\u00f8de Kors<\/a>, i partnerskap med Fylkeskommunen. <br>Vi samarbeider ogs\u00e5 med <a href=\"https:\/\/fjordensanitetsforening.no\/\" target=\"_blank\" rel=\"noreferrer noopener\">Fjorden Sanitetsforening<\/a>.<\/p>\n\n\n\n<p><\/p>\n\n\n\n<p><\/p>\n","protected":false},"excerpt":{"rendered":"<p>M\u00f8tested for barnefamilier, hvor man kan bli kjent med andre, ha det hyggelig sammen og&hellip;<\/p>\n","protected":false},"author":5,"featured_media":5,"parent":0,"menu_order":0,"comment_status":"closed","ping_status":"closed","template":"","meta":{"_relevanssi_hide_post":"","_relevanssi_hide_content":"","_relevanssi_pin_for_all":"","_relevanssi_pin_keywords":"","_relevanssi_unpin_keywords":"","_relevanssi_related_keywords":"","_relevanssi_related_include_ids":"","_relevanssi_related_exclude_ids":"","_relevanssi_related_no_append":"","_relevanssi_related_not_related":"","_relevanssi_related_posts":"1","_relevanssi_noindex_reason":"","editor_notices":[],"footnotes":""},"class_list":["post-3","page","type-page","status-publish","has-post-thumbnail","hentry"],"yoast_head":"<!-- This site is optimized with the Yoast SEO Premium plugin v27.2 (Yoast SEO v27.2) - https:\/\/yoast.com\/product\/yoast-seo-premium-wordpress\/ -->\n<title>Kirkens Bymisjon - Familietid<\/title>\n<meta name=\"description\" content=\"M\u00f8tested for barnefamilier med barn i alderen 0\u201316 \u00e5r.\" \/>\n<meta name=\"robots\" content=\"index, follow, max-snippet:-1, max-image-preview:large, max-video-preview:-1\" \/>\n<link rel=\"canonical\" href=\"https:\/\/kirkensbymisjon.no\/tilbud-familietid\/\" \/>\n<meta property=\"og:locale\" content=\"nb_NO\" \/>\n<meta property=\"og:type\" content=\"article\" \/>\n<meta property=\"og:title\" content=\"Forside\" \/>\n<meta property=\"og:description\" content=\"M\u00f8tested for barnefamilier med barn i alderen 0\u201316 \u00e5r.\" \/>\n<meta property=\"og:url\" content=\"https:\/\/kirkensbymisjon.no\/tilbud-familietid\/\" \/>\n<meta property=\"og:site_name\" content=\"Familietid\" \/>\n<meta property=\"article:modified_time\" content=\"2024-10-08T12:17:29+00:00\" \/>\n<meta property=\"og:image\" content=\"https:\/\/kirkensbymisjon.no\/content\/uploads\/sites\/149\/2024\/09\/tilbud_familietid_01.jpg\" \/>\n\t<meta property=\"og:image:width\" content=\"1701\" \/>\n\t<meta property=\"og:image:height\" content=\"1134\" \/>\n\t<meta property=\"og:image:type\" content=\"image\/jpeg\" \/>\n<meta name=\"twitter:card\" content=\"summary_large_image\" \/>\n<meta name=\"twitter:label1\" content=\"Ansl. lesetid\" \/>\n\t<meta name=\"twitter:data1\" content=\"2 minutter\" \/>\n<script type=\"application\/ld+json\" class=\"yoast-schema-graph\">{\"@context\":\"https:\/\/schema.org\",\"@graph\":[{\"@type\":\"WebPage\",\"@id\":\"https:\/\/kirkensbymisjon.no\/tilbud-familietid\/\",\"url\":\"https:\/\/kirkensbymisjon.no\/tilbud-familietid\/\",\"name\":\"Kirkens Bymisjon - Familietid\",\"isPartOf\":{\"@id\":\"https:\/\/kirkensbymisjon.no\/tilbud-familietid\/#website\"},\"primaryImageOfPage\":{\"@id\":\"https:\/\/kirkensbymisjon.no\/tilbud-familietid\/#primaryimage\"},\"image\":{\"@id\":\"https:\/\/kirkensbymisjon.no\/tilbud-familietid\/#primaryimage\"},\"thumbnailUrl\":\"https:\/\/kirkensbymisjon.no\/content\/uploads\/sites\/149\/2024\/09\/tilbud_familietid_01.jpg\",\"datePublished\":\"2024-09-07T06:30:18+00:00\",\"dateModified\":\"2024-10-08T12:17:29+00:00\",\"description\":\"M\u00f8tested for barnefamilier med barn i alderen 0\u201316 \u00e5r.\",\"breadcrumb\":{\"@id\":\"https:\/\/kirkensbymisjon.no\/tilbud-familietid\/#breadcrumb\"},\"inLanguage\":\"nb-NO\",\"potentialAction\":[{\"@type\":\"ReadAction\",\"target\":[\"https:\/\/kirkensbymisjon.no\/tilbud-familietid\/\"]}]},{\"@type\":\"ImageObject\",\"inLanguage\":\"nb-NO\",\"@id\":\"https:\/\/kirkensbymisjon.no\/tilbud-familietid\/#primaryimage\",\"url\":\"https:\/\/kirkensbymisjon.no\/content\/uploads\/sites\/149\/2024\/09\/tilbud_familietid_01.jpg\",\"contentUrl\":\"https:\/\/kirkensbymisjon.no\/content\/uploads\/sites\/149\/2024\/09\/tilbud_familietid_01.jpg\",\"width\":1701,\"height\":1134},{\"@type\":\"BreadcrumbList\",\"@id\":\"https:\/\/kirkensbymisjon.no\/tilbud-familietid\/#breadcrumb\",\"itemListElement\":[{\"@type\":\"ListItem\",\"position\":1,\"name\":\"Hjem\",\"item\":\"https:\/\/kirkensbymisjon.no\/tilbud-familietid\/\"},{\"@type\":\"ListItem\",\"position\":2,\"name\":\"Forside\"}]},{\"@type\":\"WebSite\",\"@id\":\"https:\/\/kirkensbymisjon.no\/tilbud-familietid\/#website\",\"url\":\"https:\/\/kirkensbymisjon.no\/tilbud-familietid\/\",\"name\":\"Familietid\",\"description\":\"\",\"potentialAction\":[{\"@type\":\"SearchAction\",\"target\":{\"@type\":\"EntryPoint\",\"urlTemplate\":\"https:\/\/kirkensbymisjon.no\/tilbud-familietid\/?s={search_term_string}\"},\"query-input\":{\"@type\":\"PropertyValueSpecification\",\"valueRequired\":true,\"valueName\":\"search_term_string\"}}],\"inLanguage\":\"nb-NO\"}]}<\/script>\n<!-- \/ Yoast SEO Premium plugin. -->","yoast_head_json":{"title":"Kirkens Bymisjon - Familietid","description":"M\u00f8tested for barnefamilier med barn i alderen 0\u201316 \u00e5r.","robots":{"index":"index","follow":"follow","max-snippet":"max-snippet:-1","max-image-preview":"max-image-preview:large","max-video-preview":"max-video-preview:-1"},"canonical":"https:\/\/kirkensbymisjon.no\/tilbud-familietid\/","og_locale":"nb_NO","og_type":"article","og_title":"Forside","og_description":"M\u00f8tested for barnefamilier med barn i alderen 0\u201316 \u00e5r.","og_url":"https:\/\/kirkensbymisjon.no\/tilbud-familietid\/","og_site_name":"Familietid","article_modified_time":"2024-10-08T12:17:29+00:00","og_image":[{"width":1701,"height":1134,"url":"https:\/\/kirkensbymisjon.no\/content\/uploads\/sites\/149\/2024\/09\/tilbud_familietid_01.jpg","type":"image\/jpeg"}],"twitter_card":"summary_large_image","twitter_misc":{"Ansl. lesetid":"2 minutter"},"schema":{"@context":"https:\/\/schema.org","@graph":[{"@type":"WebPage","@id":"https:\/\/kirkensbymisjon.no\/tilbud-familietid\/","url":"https:\/\/kirkensbymisjon.no\/tilbud-familietid\/","name":"Kirkens Bymisjon - Familietid","isPartOf":{"@id":"https:\/\/kirkensbymisjon.no\/tilbud-familietid\/#website"},"primaryImageOfPage":{"@id":"https:\/\/kirkensbymisjon.no\/tilbud-familietid\/#primaryimage"},"image":{"@id":"https:\/\/kirkensbymisjon.no\/tilbud-familietid\/#primaryimage"},"thumbnailUrl":"https:\/\/kirkensbymisjon.no\/content\/uploads\/sites\/149\/2024\/09\/tilbud_familietid_01.jpg","datePublished":"2024-09-07T06:30:18+00:00","dateModified":"2024-10-08T12:17:29+00:00","description":"M\u00f8tested for barnefamilier med barn i alderen 0\u201316 \u00e5r.","breadcrumb":{"@id":"https:\/\/kirkensbymisjon.no\/tilbud-familietid\/#breadcrumb"},"inLanguage":"nb-NO","potentialAction":[{"@type":"ReadAction","target":["https:\/\/kirkensbymisjon.no\/tilbud-familietid\/"]}]},{"@type":"ImageObject","inLanguage":"nb-NO","@id":"https:\/\/kirkensbymisjon.no\/tilbud-familietid\/#primaryimage","url":"https:\/\/kirkensbymisjon.no\/content\/uploads\/sites\/149\/2024\/09\/tilbud_familietid_01.jpg","contentUrl":"https:\/\/kirkensbymisjon.no\/content\/uploads\/sites\/149\/2024\/09\/tilbud_familietid_01.jpg","width":1701,"height":1134},{"@type":"BreadcrumbList","@id":"https:\/\/kirkensbymisjon.no\/tilbud-familietid\/#breadcrumb","itemListElement":[{"@type":"ListItem","position":1,"name":"Hjem","item":"https:\/\/kirkensbymisjon.no\/tilbud-familietid\/"},{"@type":"ListItem","position":2,"name":"Forside"}]},{"@type":"WebSite","@id":"https:\/\/kirkensbymisjon.no\/tilbud-familietid\/#website","url":"https:\/\/kirkensbymisjon.no\/tilbud-familietid\/","name":"Familietid","description":"","potentialAction":[{"@type":"SearchAction","target":{"@type":"EntryPoint","urlTemplate":"https:\/\/kirkensbymisjon.no\/tilbud-familietid\/?s={search_term_string}"},"query-input":{"@type":"PropertyValueSpecification","valueRequired":true,"valueName":"search_term_string"}}],"inLanguage":"nb-NO"}]}},"_links":{"self":[{"href":"https:\/\/kirkensbymisjon.no\/tilbud-familietid\/wp-json\/wp\/v2\/pages\/3","targetHints":{"allow":["GET"]}}],"collection":[{"href":"https:\/\/kirkensbymisjon.no\/tilbud-familietid\/wp-json\/wp\/v2\/pages"}],"about":[{"href":"https:\/\/kirkensbymisjon.no\/tilbud-familietid\/wp-json\/wp\/v2\/types\/page"}],"author":[{"embeddable":true,"href":"https:\/\/kirkensbymisjon.no\/tilbud-familietid\/wp-json\/wp\/v2\/users\/5"}],"replies":[{"embeddable":true,"href":"https:\/\/kirkensbymisjon.no\/tilbud-familietid\/wp-json\/wp\/v2\/comments?post=3"}],"version-history":[{"count":5,"href":"https:\/\/kirkensbymisjon.no\/tilbud-familietid\/wp-json\/wp\/v2\/pages\/3\/revisions"}],"predecessor-version":[{"id":25,"href":"https:\/\/kirkensbymisjon.no\/tilbud-familietid\/wp-json\/wp\/v2\/pages\/3\/revisions\/25"}],"wp:featuredmedia":[{"embeddable":true,"href":"https:\/\/kirkensbymisjon.no\/tilbud-familietid\/wp-json\/wp\/v2\/media\/5"}],"wp:attachment":[{"href":"https:\/\/kirkensbymisjon.no\/tilbud-familietid\/wp-json\/wp\/v2\/media?parent=3"}],"curies":[{"name":"wp","href":"https:\/\/api.w.org\/{rel}","templated":true}]}}