{"id":13,"date":"2024-07-02T11:13:46","date_gmt":"2024-07-02T09:13:46","guid":{"rendered":"https:\/\/kirkensbymisjon.no\/tilbud-familieveiledning\/?page_id=13"},"modified":"2026-03-02T10:24:29","modified_gmt":"2026-03-02T09:24:29","slug":"vare-kurs","status":"publish","type":"page","link":"https:\/\/kirkensbymisjon.no\/tilbud-familieveiledning\/vare-kurs\/","title":{"rendered":"V\u00e5re kurs"},"content":{"rendered":"<div class=\"t2-accordion wp-block-t2-accordion\" data-allow-multiple=\"1\" role=\"list\">\n<div class=\"t2-accordion-item wp-block-t2-accordion-item\" role=\"listitem\">\n\t\t\t<h2 class=\"t2-accordion-title\">\n\t\t\t\t<button type=\"button\" class=\"t2-accordion-trigger\" id=\"circle-of-security-parenting-(cosp)\" aria-controls=\"accordion-panel\" aria-expanded=\"false\">\n\t\t\t\t\tCircle of Security &#8211; Parenting (COSP)\n\t\t\t\t\t<span class=\"t2-accordion-icon is-closed-icon\"><svg xmlns=\"http:\/\/www.w3.org\/2000\/svg\" viewBox=\"0 0 24 24\" height=\"24\" width=\"24\" class=\"t2-icon t2-icon-plus\" aria-hidden=\"true\" focusable=\"false\"><path d=\"M11.8 5.037a1.088 1.088 0 0 0-.722.566c-.075.148-.078.25-.078 2.772v2.619l-2.61.016c-1.867.012-2.652.03-2.756.064-.168.055-.438.301-.54.494-.049.092-.07.223-.07.432 0 .34.054.476.282.704.289.289.14.275 3.064.288l2.63.012v2.619c0 2.544.002 2.625.08 2.778.191.372.516.577.92.577s.729-.205.92-.577c.078-.153.08-.234.08-2.778v-2.619l2.63-.012c2.924-.013 2.775.001 3.064-.288.228-.228.282-.364.282-.704 0-.209-.021-.34-.07-.432-.102-.193-.372-.439-.54-.494-.104-.034-.889-.052-2.756-.064L13 10.994V8.375c0-2.522-.003-2.624-.078-2.772-.214-.418-.685-.656-1.122-.566\"\/><\/svg><\/span>\n\t\t\t\t\t<span class=\"t2-accordion-icon is-open-icon\"><svg xmlns=\"http:\/\/www.w3.org\/2000\/svg\" viewBox=\"0 0 24 24\" height=\"24\" width=\"24\" class=\"t2-icon t2-icon-chevronup\" aria-hidden=\"true\" focusable=\"false\"><path d=\"M6.7 14.7c-.2-.2-.3-.4-.3-.7s.1-.5.3-.7l4.6-4.6c.1-.1.2-.2.3-.2.1 0 .2-.1.4-.1.1 0 .3 0 .4.1.1 0 .2.1.3.2l4.6 4.6c.2.2.3.4.3.7s-.1.5-.3.7c-.2.2-.4.3-.7.3s-.5-.1-.7-.3L12 10.8l-3.9 3.9c-.2.2-.4.3-.7.3s-.5-.1-.7-.3z\" fill=\"currentColor\" \/><\/svg><\/span>\n\t\t\t\t<\/button>\n\t\t\t<\/h2>\n\t\t\t<div class=\"t2-accordion-item__inner-container is-layout-flow\" id=\"accordion-panel\" aria-labelledby=\"circle-of-security-parenting-(cosp)\" role=\"region\" hidden>\n\t\t\t\t\n\n<p>Foreldreveiledningsprogrammet Circle of Security \u2013 Parenting (COSP) er et kurs for alle foreldre som \u00f8nsker \u00e5 l\u00e6re mer om \u00e5 v\u00e6re foreldre. Programmet bygger p\u00e5 50 \u00e5rs forskning med tilknytningsteori.<\/p>\n\n\n\n<p><a href=\"https:\/\/forms.office.com\/e\/2saCJkGPU5?origin=lprLink\">G\u00e5 direkte til p\u00e5melding<\/a>.<\/p>\n\n\n\n<p>M\u00e5let med COSP er \u00e5 utvikle foreldrenes evner og kompetanse til \u00e5 bygge en trygg relasjon med sine barn. Derfor legger kurset vekt p\u00e5 \u00e5 l\u00e6re foreldre nye ferdigheter i:<\/p>\n\n\n\n<ul class=\"wp-block-list\">\n<li>Hvordan de observerer og tolker barnets behov?<\/li>\n\n\n\n<li>Foreldres refleksjonsniv\u00e5 og evne til \u00e5 inng\u00e5 i en reflekterende dialog.<\/li>\n\n\n\n<li>Evnen til \u00e5 involvere seg i barna og til \u00e5 regulere barnets f\u00f8lelser.<\/li>\n\n\n\n<li>Empati.<\/li>\n\n\n\n<li>Hvordan takle egen frustrasjon n\u00e5r barnet oppf\u00f8rer seg utfordrende?<\/li>\n<\/ul>\n\n\n\n<p>I COSP er den f\u00f8lelsesmessige og reflekterende delen av programmet viktigere enn \u00e5 l\u00e6re foreldreteknikker om hvordan de kan takle barns atferd.<\/p>\n\n\n\n<p>COSP legger vekt p\u00e5 at alle foreldre har sine \u201ckamper&raquo; og ting de strever med. I stedet for teknikker for \u00e5 takle barns atferd, arbeides det med refleksjon hos foreldre for \u00e5 se hva dette egentlig handler om. P\u00e5 denne m\u00e5ten gis du som forelder flere valg til hvordan du \u00f8nsker \u00e5 l\u00f8se utfordringene. Dette skiller COSP fra en del andre foreldreveiledningsprogrammer.<\/p>\n\n\n\n<p>Fordi man bygger p\u00e5 f\u00f8lelsesmessige og reflekterende forhold mellom barn og foreldre, tror man at kunnskapen om tilknytning og trygghet etableres i foreldrenes bevissthet. P\u00e5 denne m\u00e5ten blir den ogs\u00e5 en varig kunnskap\/kompetanse om hvordan barn signaliserer sine behov og hvordan man m\u00f8ter dem.<\/p>\n\n\n\n<p>Vi gj\u00f8r oppmerksom p\u00e5 at vi p\u00e5 kurset kommer inn p\u00e5 foreldres egne barndomserfaringer. Dere m\u00e5 selv kjenne p\u00e5 om dere er &laquo;klare&raquo; for et kurs som kan ber\u00f8re egne erfaringer, selv om&nbsp;ingen trenger \u00e5 dele mer enn de selv \u00f8nsker i gruppen.<\/p>\n\n\n\n<p>COSP kan brukes helt uavhengig av kulturell bakgrunn. Programmet er amerikansk, men filmer og det skriftlige materialet er p\u00e5 norsk.<\/p>\n\n\n\n<p>COSP kan komme til glede og nytte i alle relasjoner \u2013 ikke bare mellom deg og ditt barn.<\/p>\n\n\n\n<p>Vi har erfart at det er nyttig at alle kursdeltagere har minimum 20 % samv\u00e6r med sine barn. Det tilsvarer at barnet bor hos deg annenhver helg. Da vil det blant annet v\u00e6re lettere \u00e5 teste ut materialet mellom \u00f8ktene.<\/p>\n\n\n\n<p><strong>Oppf\u00f8lging etter kurs<\/strong><\/p>\n\n\n\n<ul class=\"wp-block-list\">\n<li>Vi tilbyr ogs\u00e5 en unik oppf\u00f8lging etter COPS-kurs. Vi inviterer til en samling etter 6 m\u00e5neder for en liten repetisjon, samt dialog om hvordan det har v\u00e6rt \u00e5 bruke den nye kunnskapen i omsorgsrollen. Her legger vi opp til at gruppen selv kan f\u00e5 v\u00e6re med \u00e5 legge inn f\u00f8ringer p\u00e5 hva som skal tematiseres.<\/li>\n\n\n\n<li>Vi inviterer ogs\u00e5 til \u00e5pne temakvelder.<\/li>\n\n\n\n<li>Vi vil ogs\u00e5 f\u00f8lge opp tema p\u00e5 v\u00e5r <a href=\"https:\/\/www.instagram.com\/familieveileder\/\" target=\"_blank\" rel=\"noreferrer noopener\">Instagram<\/a>-konto. Der vi vil komme med tanker, sp\u00f8rsm\u00e5l, refleksjoner rundt temaene p\u00e5 kurset.<\/li>\n\n\n\n<li>I tillegg kan vi tilby samtaler med familieveileder hvis du opplever at kurset ikke var nok for \u00e5 skape den \u00f8nskede endringen i relasjonen mellom deg og barnet ditt.<\/li>\n<\/ul>\n\n\n\n<p><\/p>\n\n\n\t\t\t<\/div>\n\t\t<\/div>\n<\/div>\n\n\n<div class=\"wp-block-media-text alignwide is-stacked-on-mobile is-style-filled\"><figure class=\"wp-block-media-text__media\"><img loading=\"lazy\" decoding=\"async\" width=\"1024\" height=\"682\" src=\"https:\/\/kirkensbymisjon.no\/content\/uploads\/sites\/14\/2024\/08\/tilbud_Familieveiledning_03-1024x682.jpg\" alt=\"Illustrasjonsbilde av to barn. \" class=\"wp-image-81 size-full\" srcset=\"https:\/\/kirkensbymisjon.no\/content\/uploads\/sites\/14\/2024\/08\/tilbud_Familieveiledning_03-1024x682.jpg 1024w, https:\/\/kirkensbymisjon.no\/content\/uploads\/sites\/14\/2024\/08\/tilbud_Familieveiledning_03-300x200.jpg 300w, https:\/\/kirkensbymisjon.no\/content\/uploads\/sites\/14\/2024\/08\/tilbud_Familieveiledning_03-768x512.jpg 768w, https:\/\/kirkensbymisjon.no\/content\/uploads\/sites\/14\/2024\/08\/tilbud_Familieveiledning_03-1536x1024.jpg 1536w, https:\/\/kirkensbymisjon.no\/content\/uploads\/sites\/14\/2024\/08\/tilbud_Familieveiledning_03.jpg 1559w\" sizes=\"auto, (max-width: 1024px) 100vw, 1024px\" \/><\/figure><div class=\"wp-block-media-text__content\">\n<h2 class=\"wp-block-heading\" id=\"pamelding\">P\u00e5melding COSP-kurs<\/h2>\n\n\n\n<p>Nytt kurs vil starte 7.april 2026 <br>Kursledere: Cecilie Storetvedt og Silje Fjeldstad Nerb\u00f8vik. <a href=\"https:\/\/forms.office.com\/e\/h9Tp57x9Rk?origin=lprLink\" target=\"_blank\" rel=\"noreferrer noopener\">G\u00e5 til p\u00e5meldingsskjema<\/a>.<\/p>\n\n\n\n<ul class=\"wp-block-list\">\n<li>Kurset vil g\u00e5 over 8 samlinger. <\/li>\n\n\n\n<li>Kurset er gratis. <\/li>\n\n\n\n<li>Tid: kl. 17.00\u201319.00.<\/li>\n\n\n\n<li>Sted: Kong Oscars gate 62, 5017 Bergen.<\/li>\n<\/ul>\n<\/div><\/div>\n\n\n\n<blockquote class=\"wp-block-quote is-layout-flow wp-block-quote-is-layout-flow\">\n<p>Jeg setter veldig pris p\u00e5 \u00e5 kunne v\u00e6re \u00e6rlig og \u00e5pen i gruppe. Har anbefalt det til flere og tror det er noe alle foreldre har godt av<\/p>\n<cite>Forelder og kursdeltaker (COSP)<\/cite><\/blockquote>\n\n\n\n<blockquote class=\"wp-block-quote is-layout-flow wp-block-quote-is-layout-flow\">\n<p>Veldig interessant. Jeg er blitt mer bevisst og tilstede med barnet mitt. Og s\u00e5 er jeg ogs\u00e5 blitt mer forst\u00e5elsesfull.<\/p>\n<cite>Forelder og kursdeltaker (COSP)<\/cite><\/blockquote>\n\n\n\n<blockquote class=\"wp-block-quote is-layout-flow wp-block-quote-is-layout-flow\">\n<p>Godt at flere har samme \u00abproblem\u00bb. Godt \u00e5 ha et trygt rom \u00e5 dele i.<\/p>\n<cite>Forelder og kursdeltaker (COSP)<\/cite><\/blockquote>\n\n\n\n<blockquote class=\"wp-block-quote is-layout-flow wp-block-quote-is-layout-flow\">\n<p>Jeg har opplevde s\u00e5 mange \u00e5penbaringer disse ukene. Jeg har opplevd mer mestring og gleder meg til \u00e5 fortsette \u00e5 bruke det vi har l\u00e6rt,<\/p>\n<cite>Forelder og kursdeltaker (COSP)<\/cite><\/blockquote>\n","protected":false},"excerpt":{"rendered":"<p>Jeg setter veldig pris p\u00e5 \u00e5 kunne v\u00e6re \u00e6rlig og \u00e5pen i gruppe. Har anbefalt&hellip;<\/p>\n","protected":false},"author":2,"featured_media":7,"parent":0,"menu_order":0,"comment_status":"closed","ping_status":"closed","template":"","meta":{"_relevanssi_hide_post":"","_relevanssi_hide_content":"","_relevanssi_pin_for_all":"","_relevanssi_pin_keywords":"","_relevanssi_unpin_keywords":"","_relevanssi_related_keywords":"","_relevanssi_related_include_ids":"","_relevanssi_related_exclude_ids":"","_relevanssi_related_no_append":"","_relevanssi_related_not_related":"","_relevanssi_related_posts":"1","_relevanssi_noindex_reason":"","editor_notices":[],"footnotes":""},"class_list":["post-13","page","type-page","status-publish","has-post-thumbnail","hentry"],"yoast_head":"<!-- This site is optimized with the Yoast SEO Premium plugin v27.2 (Yoast SEO v27.2) - https:\/\/yoast.com\/product\/yoast-seo-premium-wordpress\/ -->\n<title>Kirkens Bymisjon - Familieveiledning<\/title>\n<meta name=\"description\" content=\"Et tilbud til alle foreldre i Bergen som \u00f8nsker \u00e5 l\u00e6re mer om \u00e5 bli trygge foreldre.\" \/>\n<meta name=\"robots\" content=\"index, follow, max-snippet:-1, max-image-preview:large, max-video-preview:-1\" \/>\n<link rel=\"canonical\" href=\"https:\/\/kirkensbymisjon.no\/tilbud-familieveiledning\/vare-kurs\/\" \/>\n<meta property=\"og:locale\" content=\"nb_NO\" \/>\n<meta property=\"og:type\" content=\"article\" \/>\n<meta property=\"og:title\" content=\"Kirkens Bymisjon - Familieveiledning\" \/>\n<meta property=\"og:description\" content=\"Et tilbud til alle foreldre i Bergen som \u00f8nsker \u00e5 l\u00e6re mer om \u00e5 bli trygge foreldre.\" \/>\n<meta property=\"og:url\" content=\"https:\/\/kirkensbymisjon.no\/tilbud-familieveiledning\/vare-kurs\/\" \/>\n<meta property=\"og:site_name\" content=\"Familieveiledning\" \/>\n<meta property=\"article:modified_time\" content=\"2026-03-02T09:24:29+00:00\" \/>\n<meta property=\"og:image\" content=\"https:\/\/kirkensbymisjon.no\/content\/uploads\/sites\/14\/2024\/06\/Tilbud_Familieveiledning_01.jpeg\" \/>\n\t<meta property=\"og:image:width\" content=\"1290\" \/>\n\t<meta property=\"og:image:height\" content=\"510\" \/>\n\t<meta property=\"og:image:type\" content=\"image\/jpeg\" \/>\n<meta name=\"twitter:card\" content=\"summary_large_image\" \/>\n<meta name=\"twitter:title\" content=\"V\u00e5re kurs\" \/>\n<meta name=\"twitter:label1\" content=\"Ansl. lesetid\" \/>\n\t<meta name=\"twitter:data1\" content=\"4 minutter\" \/>\n<script type=\"application\/ld+json\" class=\"yoast-schema-graph\">{\"@context\":\"https:\/\/schema.org\",\"@graph\":[{\"@type\":\"WebPage\",\"@id\":\"https:\/\/kirkensbymisjon.no\/tilbud-familieveiledning\/vare-kurs\/\",\"url\":\"https:\/\/kirkensbymisjon.no\/tilbud-familieveiledning\/vare-kurs\/\",\"name\":\"Kirkens Bymisjon - Familieveiledning\",\"isPartOf\":{\"@id\":\"https:\/\/kirkensbymisjon.no\/tilbud-familieveiledning\/#website\"},\"primaryImageOfPage\":{\"@id\":\"https:\/\/kirkensbymisjon.no\/tilbud-familieveiledning\/vare-kurs\/#primaryimage\"},\"image\":{\"@id\":\"https:\/\/kirkensbymisjon.no\/tilbud-familieveiledning\/vare-kurs\/#primaryimage\"},\"thumbnailUrl\":\"https:\/\/kirkensbymisjon.no\/content\/uploads\/sites\/14\/2024\/06\/Tilbud_Familieveiledning_01.jpeg\",\"datePublished\":\"2024-07-02T09:13:46+00:00\",\"dateModified\":\"2026-03-02T09:24:29+00:00\",\"description\":\"Et tilbud til alle foreldre i Bergen som \u00f8nsker \u00e5 l\u00e6re mer om \u00e5 bli trygge foreldre.\",\"breadcrumb\":{\"@id\":\"https:\/\/kirkensbymisjon.no\/tilbud-familieveiledning\/vare-kurs\/#breadcrumb\"},\"inLanguage\":\"nb-NO\",\"potentialAction\":[{\"@type\":\"ReadAction\",\"target\":[\"https:\/\/kirkensbymisjon.no\/tilbud-familieveiledning\/vare-kurs\/\"]}]},{\"@type\":\"ImageObject\",\"inLanguage\":\"nb-NO\",\"@id\":\"https:\/\/kirkensbymisjon.no\/tilbud-familieveiledning\/vare-kurs\/#primaryimage\",\"url\":\"https:\/\/kirkensbymisjon.no\/content\/uploads\/sites\/14\/2024\/06\/Tilbud_Familieveiledning_01.jpeg\",\"contentUrl\":\"https:\/\/kirkensbymisjon.no\/content\/uploads\/sites\/14\/2024\/06\/Tilbud_Familieveiledning_01.jpeg\",\"width\":1290,\"height\":510,\"caption\":\"Jente p\u00e5 skulderen til far.\"},{\"@type\":\"BreadcrumbList\",\"@id\":\"https:\/\/kirkensbymisjon.no\/tilbud-familieveiledning\/vare-kurs\/#breadcrumb\",\"itemListElement\":[{\"@type\":\"ListItem\",\"position\":1,\"name\":\"Hjem\",\"item\":\"https:\/\/kirkensbymisjon.no\/tilbud-familieveiledning\/\"},{\"@type\":\"ListItem\",\"position\":2,\"name\":\"V\u00e5re kurs\"}]},{\"@type\":\"WebSite\",\"@id\":\"https:\/\/kirkensbymisjon.no\/tilbud-familieveiledning\/#website\",\"url\":\"https:\/\/kirkensbymisjon.no\/tilbud-familieveiledning\/\",\"name\":\"Familieveiledning\",\"description\":\"\",\"potentialAction\":[{\"@type\":\"SearchAction\",\"target\":{\"@type\":\"EntryPoint\",\"urlTemplate\":\"https:\/\/kirkensbymisjon.no\/tilbud-familieveiledning\/?s={search_term_string}\"},\"query-input\":{\"@type\":\"PropertyValueSpecification\",\"valueRequired\":true,\"valueName\":\"search_term_string\"}}],\"inLanguage\":\"nb-NO\"}]}<\/script>\n<!-- \/ Yoast SEO Premium plugin. -->","yoast_head_json":{"title":"Kirkens Bymisjon - Familieveiledning","description":"Et tilbud til alle foreldre i Bergen som \u00f8nsker \u00e5 l\u00e6re mer om \u00e5 bli trygge foreldre.","robots":{"index":"index","follow":"follow","max-snippet":"max-snippet:-1","max-image-preview":"max-image-preview:large","max-video-preview":"max-video-preview:-1"},"canonical":"https:\/\/kirkensbymisjon.no\/tilbud-familieveiledning\/vare-kurs\/","og_locale":"nb_NO","og_type":"article","og_title":"Kirkens Bymisjon - Familieveiledning","og_description":"Et tilbud til alle foreldre i Bergen som \u00f8nsker \u00e5 l\u00e6re mer om \u00e5 bli trygge foreldre.","og_url":"https:\/\/kirkensbymisjon.no\/tilbud-familieveiledning\/vare-kurs\/","og_site_name":"Familieveiledning","article_modified_time":"2026-03-02T09:24:29+00:00","og_image":[{"width":1290,"height":510,"url":"https:\/\/kirkensbymisjon.no\/content\/uploads\/sites\/14\/2024\/06\/Tilbud_Familieveiledning_01.jpeg","type":"image\/jpeg"}],"twitter_card":"summary_large_image","twitter_title":"V\u00e5re kurs","twitter_misc":{"Ansl. lesetid":"4 minutter"},"schema":{"@context":"https:\/\/schema.org","@graph":[{"@type":"WebPage","@id":"https:\/\/kirkensbymisjon.no\/tilbud-familieveiledning\/vare-kurs\/","url":"https:\/\/kirkensbymisjon.no\/tilbud-familieveiledning\/vare-kurs\/","name":"Kirkens Bymisjon - Familieveiledning","isPartOf":{"@id":"https:\/\/kirkensbymisjon.no\/tilbud-familieveiledning\/#website"},"primaryImageOfPage":{"@id":"https:\/\/kirkensbymisjon.no\/tilbud-familieveiledning\/vare-kurs\/#primaryimage"},"image":{"@id":"https:\/\/kirkensbymisjon.no\/tilbud-familieveiledning\/vare-kurs\/#primaryimage"},"thumbnailUrl":"https:\/\/kirkensbymisjon.no\/content\/uploads\/sites\/14\/2024\/06\/Tilbud_Familieveiledning_01.jpeg","datePublished":"2024-07-02T09:13:46+00:00","dateModified":"2026-03-02T09:24:29+00:00","description":"Et tilbud til alle foreldre i Bergen som \u00f8nsker \u00e5 l\u00e6re mer om \u00e5 bli trygge foreldre.","breadcrumb":{"@id":"https:\/\/kirkensbymisjon.no\/tilbud-familieveiledning\/vare-kurs\/#breadcrumb"},"inLanguage":"nb-NO","potentialAction":[{"@type":"ReadAction","target":["https:\/\/kirkensbymisjon.no\/tilbud-familieveiledning\/vare-kurs\/"]}]},{"@type":"ImageObject","inLanguage":"nb-NO","@id":"https:\/\/kirkensbymisjon.no\/tilbud-familieveiledning\/vare-kurs\/#primaryimage","url":"https:\/\/kirkensbymisjon.no\/content\/uploads\/sites\/14\/2024\/06\/Tilbud_Familieveiledning_01.jpeg","contentUrl":"https:\/\/kirkensbymisjon.no\/content\/uploads\/sites\/14\/2024\/06\/Tilbud_Familieveiledning_01.jpeg","width":1290,"height":510,"caption":"Jente p\u00e5 skulderen til far."},{"@type":"BreadcrumbList","@id":"https:\/\/kirkensbymisjon.no\/tilbud-familieveiledning\/vare-kurs\/#breadcrumb","itemListElement":[{"@type":"ListItem","position":1,"name":"Hjem","item":"https:\/\/kirkensbymisjon.no\/tilbud-familieveiledning\/"},{"@type":"ListItem","position":2,"name":"V\u00e5re kurs"}]},{"@type":"WebSite","@id":"https:\/\/kirkensbymisjon.no\/tilbud-familieveiledning\/#website","url":"https:\/\/kirkensbymisjon.no\/tilbud-familieveiledning\/","name":"Familieveiledning","description":"","potentialAction":[{"@type":"SearchAction","target":{"@type":"EntryPoint","urlTemplate":"https:\/\/kirkensbymisjon.no\/tilbud-familieveiledning\/?s={search_term_string}"},"query-input":{"@type":"PropertyValueSpecification","valueRequired":true,"valueName":"search_term_string"}}],"inLanguage":"nb-NO"}]}},"_links":{"self":[{"href":"https:\/\/kirkensbymisjon.no\/tilbud-familieveiledning\/wp-json\/wp\/v2\/pages\/13","targetHints":{"allow":["GET"]}}],"collection":[{"href":"https:\/\/kirkensbymisjon.no\/tilbud-familieveiledning\/wp-json\/wp\/v2\/pages"}],"about":[{"href":"https:\/\/kirkensbymisjon.no\/tilbud-familieveiledning\/wp-json\/wp\/v2\/types\/page"}],"author":[{"embeddable":true,"href":"https:\/\/kirkensbymisjon.no\/tilbud-familieveiledning\/wp-json\/wp\/v2\/users\/2"}],"replies":[{"embeddable":true,"href":"https:\/\/kirkensbymisjon.no\/tilbud-familieveiledning\/wp-json\/wp\/v2\/comments?post=13"}],"version-history":[{"count":4,"href":"https:\/\/kirkensbymisjon.no\/tilbud-familieveiledning\/wp-json\/wp\/v2\/pages\/13\/revisions"}],"predecessor-version":[{"id":141,"href":"https:\/\/kirkensbymisjon.no\/tilbud-familieveiledning\/wp-json\/wp\/v2\/pages\/13\/revisions\/141"}],"wp:featuredmedia":[{"embeddable":true,"href":"https:\/\/kirkensbymisjon.no\/tilbud-familieveiledning\/wp-json\/wp\/v2\/media\/7"}],"wp:attachment":[{"href":"https:\/\/kirkensbymisjon.no\/tilbud-familieveiledning\/wp-json\/wp\/v2\/media?parent=13"}],"curies":[{"name":"wp","href":"https:\/\/api.w.org\/{rel}","templated":true}]}}