{"id":2,"date":"2024-06-14T12:51:29","date_gmt":"2024-06-14T10:51:29","guid":{"rendered":"https:\/\/kirkensbymisjon.no\/tilbud-familieveiledning\/?page_id=2"},"modified":"2025-09-19T11:32:53","modified_gmt":"2025-09-19T09:32:53","slug":"forside","status":"publish","type":"page","link":"https:\/\/kirkensbymisjon.no\/tilbud-familieveiledning\/","title":{"rendered":"Forside"},"content":{"rendered":"\n<p>\u00c5 v\u00e6re forelder er den st\u00f8rste oppgaven vi f\u00e5r i livet. Det er en berikelse \u2013 men det kan ogs\u00e5 i perioder oppleves krevende. Har du en hverdag preget av uenigheter, krangling og kjefting? F\u00f8ler du at du ikke strekker til i foreldrerollen?&nbsp; Problemer, konflikter og bekymringer kan oppleves overveldende, og da kan det v\u00e6re nyttig \u00e5 prate med en utenforst\u00e5ende for \u00e5 finne gode l\u00f8sninger. <\/p>\n\n\n\n<p>Hos oss kan dere prate om det som er vanskelig. Vi m\u00f8ter dere med en innstilling om at det er dere som er ekspertene i livet deres, og v\u00e5r jobb blir \u00e5 utforske sammen med dere hvordan dere best kan finne l\u00f8sninger p\u00e5 det dere strever med.&nbsp;Tilbudet er \u00e5pent for alle og gratis.&nbsp;<\/p>\n\n\n\n<p><strong>Vi tilbyr<\/strong>:&nbsp;<\/p>\n\n\n\n<ul class=\"wp-block-list\">\n<li>Individuelle samtaler&nbsp;&nbsp;<\/li>\n<\/ul>\n\n\n\n<ul class=\"wp-block-list\">\n<li>Familieveiledning\u00a0\u00a0<\/li>\n<\/ul>\n\n\n\n<ul class=\"wp-block-list\">\n<li>Foreldrekurs (COSP)\u00a0\u00a0<\/li>\n<\/ul>\n\n\n\n<p>Vi arrangerer flere foreldreveiledningskurs hvert \u00e5r. I tillegg tilbyr vi individuelle samtaler og veiledning til familier som bruker noen av v\u00e5re \u00f8vrige tiltak og som midlertidig strever i foreldrerollen.<\/p>\n\n\n\n<h2 class=\"wp-block-heading\" id=\"h-vi-tilbyr-folgende-foreldreveiledningskurs\">Vi tilbyr f\u00f8lgende foreldreveiledningskurs<\/h2>\n\n\n\n<ul class=\"wp-block-list\">\n<li><strong><a href=\"https:\/\/kirkensbymisjon.no\/tilbud-familieveiledning\/vare-kurs\/#circle-of-security-parenting-(cosp)\">COSP-kurs<\/a><\/strong> (Circle of Security \u2013 Parenting): Et kurs for alle foreldre som \u00f8nsker \u00e5 l\u00e6re mer om \u00e5 v\u00e6re foreldre.<\/li>\n<\/ul>\n\n\n\n<div class=\"wp-block-media-text alignwide is-stacked-on-mobile is-style-filled\"><figure class=\"wp-block-media-text__media\"><img loading=\"lazy\" decoding=\"async\" width=\"1024\" height=\"693\" src=\"https:\/\/kirkensbymisjon.no\/content\/uploads\/sites\/14\/2024\/08\/tilbud_Familieveiledning_02-1024x693.jpg\" alt=\"Illustrasjonsbilde mor og to barn\" class=\"wp-image-78 size-full\" srcset=\"https:\/\/kirkensbymisjon.no\/content\/uploads\/sites\/14\/2024\/08\/tilbud_Familieveiledning_02-1024x693.jpg 1024w, https:\/\/kirkensbymisjon.no\/content\/uploads\/sites\/14\/2024\/08\/tilbud_Familieveiledning_02-300x203.jpg 300w, https:\/\/kirkensbymisjon.no\/content\/uploads\/sites\/14\/2024\/08\/tilbud_Familieveiledning_02-768x520.jpg 768w, https:\/\/kirkensbymisjon.no\/content\/uploads\/sites\/14\/2024\/08\/tilbud_Familieveiledning_02-1536x1039.jpg 1536w, https:\/\/kirkensbymisjon.no\/content\/uploads\/sites\/14\/2024\/08\/tilbud_Familieveiledning_02.jpg 1559w\" sizes=\"auto, (max-width: 1024px) 100vw, 1024px\" \/><\/figure><div class=\"wp-block-media-text__content\">\n<h2 class=\"wp-block-heading\" id=\"h-vi-tilbyr-samtale-og-kurs\">Vi tilbyr samtale og kurs<\/h2>\n\n\n\n<p>Vi har fagpersoner som veileder, st\u00f8tter og r\u00e5dgir gjennom samtaler, hjemmebes\u00f8k og oppf\u00f8lging over kortere eller lengre tid.<\/p>\n\n\n\n<p>V\u00e5re tilbud er gratis!<\/p>\n\n\n\n<p><a href=\"\/tilbud-familieveiledning\/kontaktinformasjon\">Ta kontakt med oss her<\/a><\/p>\n<\/div><\/div>\n","protected":false},"excerpt":{"rendered":"<p>\u00c5 v\u00e6re forelder er den st\u00f8rste oppgaven vi f\u00e5r i livet. Det er en berikelse&hellip;<\/p>\n","protected":false},"author":1,"featured_media":7,"parent":0,"menu_order":0,"comment_status":"closed","ping_status":"closed","template":"","meta":{"_relevanssi_hide_post":"","_relevanssi_hide_content":"","_relevanssi_pin_for_all":"","_relevanssi_pin_keywords":"","_relevanssi_unpin_keywords":"","_relevanssi_related_keywords":"","_relevanssi_related_include_ids":"","_relevanssi_related_exclude_ids":"","_relevanssi_related_no_append":"","_relevanssi_related_not_related":"","_relevanssi_related_posts":"1","_relevanssi_noindex_reason":"","editor_notices":[],"footnotes":""},"class_list":["post-2","page","type-page","status-publish","has-post-thumbnail","hentry"],"yoast_head":"<!-- This site is optimized with the Yoast SEO Premium plugin v27.2 (Yoast SEO v27.2) - https:\/\/yoast.com\/product\/yoast-seo-premium-wordpress\/ -->\n<title>Kirkens Bymisjon - Familieveiledning<\/title>\n<meta name=\"description\" content=\"Et tilbud til alle foreldre i Bergen som \u00f8nsker \u00e5 l\u00e6re mer om \u00e5 bli trygge foreldre.\" \/>\n<meta name=\"robots\" content=\"index, follow, max-snippet:-1, max-image-preview:large, max-video-preview:-1\" \/>\n<link rel=\"canonical\" href=\"https:\/\/kirkensbymisjon.no\/tilbud-familieveiledning\/\" \/>\n<meta property=\"og:locale\" content=\"nb_NO\" \/>\n<meta property=\"og:type\" content=\"article\" \/>\n<meta property=\"og:title\" content=\"Kirkens Bymisjon - Forside\" \/>\n<meta property=\"og:description\" content=\"Et tilbud til alle foreldre i Bergen som \u00f8nsker \u00e5 l\u00e6re mer om \u00e5 bli trygge foreldre.\" \/>\n<meta property=\"og:url\" content=\"https:\/\/kirkensbymisjon.no\/tilbud-familieveiledning\/\" \/>\n<meta property=\"og:site_name\" content=\"Familieveiledning\" \/>\n<meta property=\"article:modified_time\" content=\"2025-09-19T09:32:53+00:00\" \/>\n<meta property=\"og:image\" content=\"https:\/\/kirkensbymisjon.no\/content\/uploads\/sites\/14\/2024\/06\/Tilbud_Familieveiledning_01.jpeg\" \/>\n\t<meta property=\"og:image:width\" content=\"1290\" \/>\n\t<meta property=\"og:image:height\" content=\"510\" \/>\n\t<meta property=\"og:image:type\" content=\"image\/jpeg\" \/>\n<meta name=\"twitter:card\" content=\"summary_large_image\" \/>\n<meta name=\"twitter:title\" content=\"Forside\" \/>\n<meta name=\"twitter:label1\" content=\"Ansl. lesetid\" \/>\n\t<meta name=\"twitter:data1\" content=\"2 minutter\" \/>\n<script type=\"application\/ld+json\" class=\"yoast-schema-graph\">{\"@context\":\"https:\/\/schema.org\",\"@graph\":[{\"@type\":\"WebPage\",\"@id\":\"https:\/\/kirkensbymisjon.no\/tilbud-familieveiledning\/\",\"url\":\"https:\/\/kirkensbymisjon.no\/tilbud-familieveiledning\/\",\"name\":\"Kirkens Bymisjon - Familieveiledning\",\"isPartOf\":{\"@id\":\"https:\/\/kirkensbymisjon.no\/tilbud-familieveiledning\/#website\"},\"primaryImageOfPage\":{\"@id\":\"https:\/\/kirkensbymisjon.no\/tilbud-familieveiledning\/#primaryimage\"},\"image\":{\"@id\":\"https:\/\/kirkensbymisjon.no\/tilbud-familieveiledning\/#primaryimage\"},\"thumbnailUrl\":\"https:\/\/kirkensbymisjon.no\/content\/uploads\/sites\/14\/2024\/06\/Tilbud_Familieveiledning_01.jpeg\",\"datePublished\":\"2024-06-14T10:51:29+00:00\",\"dateModified\":\"2025-09-19T09:32:53+00:00\",\"description\":\"Et tilbud til alle foreldre i Bergen som \u00f8nsker \u00e5 l\u00e6re mer om \u00e5 bli trygge foreldre.\",\"breadcrumb\":{\"@id\":\"https:\/\/kirkensbymisjon.no\/tilbud-familieveiledning\/#breadcrumb\"},\"inLanguage\":\"nb-NO\",\"potentialAction\":[{\"@type\":\"ReadAction\",\"target\":[\"https:\/\/kirkensbymisjon.no\/tilbud-familieveiledning\/\"]}]},{\"@type\":\"ImageObject\",\"inLanguage\":\"nb-NO\",\"@id\":\"https:\/\/kirkensbymisjon.no\/tilbud-familieveiledning\/#primaryimage\",\"url\":\"https:\/\/kirkensbymisjon.no\/content\/uploads\/sites\/14\/2024\/06\/Tilbud_Familieveiledning_01.jpeg\",\"contentUrl\":\"https:\/\/kirkensbymisjon.no\/content\/uploads\/sites\/14\/2024\/06\/Tilbud_Familieveiledning_01.jpeg\",\"width\":1290,\"height\":510,\"caption\":\"Jente p\u00e5 skulderen til far.\"},{\"@type\":\"BreadcrumbList\",\"@id\":\"https:\/\/kirkensbymisjon.no\/tilbud-familieveiledning\/#breadcrumb\",\"itemListElement\":[{\"@type\":\"ListItem\",\"position\":1,\"name\":\"Hjem\",\"item\":\"https:\/\/kirkensbymisjon.no\/tilbud-familieveiledning\/\"},{\"@type\":\"ListItem\",\"position\":2,\"name\":\"Forside\"}]},{\"@type\":\"WebSite\",\"@id\":\"https:\/\/kirkensbymisjon.no\/tilbud-familieveiledning\/#website\",\"url\":\"https:\/\/kirkensbymisjon.no\/tilbud-familieveiledning\/\",\"name\":\"Familieveiledning\",\"description\":\"\",\"potentialAction\":[{\"@type\":\"SearchAction\",\"target\":{\"@type\":\"EntryPoint\",\"urlTemplate\":\"https:\/\/kirkensbymisjon.no\/tilbud-familieveiledning\/?s={search_term_string}\"},\"query-input\":{\"@type\":\"PropertyValueSpecification\",\"valueRequired\":true,\"valueName\":\"search_term_string\"}}],\"inLanguage\":\"nb-NO\"}]}<\/script>\n<!-- \/ Yoast SEO Premium plugin. -->","yoast_head_json":{"title":"Kirkens Bymisjon - Familieveiledning","description":"Et tilbud til alle foreldre i Bergen som \u00f8nsker \u00e5 l\u00e6re mer om \u00e5 bli trygge foreldre.","robots":{"index":"index","follow":"follow","max-snippet":"max-snippet:-1","max-image-preview":"max-image-preview:large","max-video-preview":"max-video-preview:-1"},"canonical":"https:\/\/kirkensbymisjon.no\/tilbud-familieveiledning\/","og_locale":"nb_NO","og_type":"article","og_title":"Kirkens Bymisjon - Forside","og_description":"Et tilbud til alle foreldre i Bergen som \u00f8nsker \u00e5 l\u00e6re mer om \u00e5 bli trygge foreldre.","og_url":"https:\/\/kirkensbymisjon.no\/tilbud-familieveiledning\/","og_site_name":"Familieveiledning","article_modified_time":"2025-09-19T09:32:53+00:00","og_image":[{"width":1290,"height":510,"url":"https:\/\/kirkensbymisjon.no\/content\/uploads\/sites\/14\/2024\/06\/Tilbud_Familieveiledning_01.jpeg","type":"image\/jpeg"}],"twitter_card":"summary_large_image","twitter_title":"Forside","twitter_misc":{"Ansl. lesetid":"2 minutter"},"schema":{"@context":"https:\/\/schema.org","@graph":[{"@type":"WebPage","@id":"https:\/\/kirkensbymisjon.no\/tilbud-familieveiledning\/","url":"https:\/\/kirkensbymisjon.no\/tilbud-familieveiledning\/","name":"Kirkens Bymisjon - Familieveiledning","isPartOf":{"@id":"https:\/\/kirkensbymisjon.no\/tilbud-familieveiledning\/#website"},"primaryImageOfPage":{"@id":"https:\/\/kirkensbymisjon.no\/tilbud-familieveiledning\/#primaryimage"},"image":{"@id":"https:\/\/kirkensbymisjon.no\/tilbud-familieveiledning\/#primaryimage"},"thumbnailUrl":"https:\/\/kirkensbymisjon.no\/content\/uploads\/sites\/14\/2024\/06\/Tilbud_Familieveiledning_01.jpeg","datePublished":"2024-06-14T10:51:29+00:00","dateModified":"2025-09-19T09:32:53+00:00","description":"Et tilbud til alle foreldre i Bergen som \u00f8nsker \u00e5 l\u00e6re mer om \u00e5 bli trygge foreldre.","breadcrumb":{"@id":"https:\/\/kirkensbymisjon.no\/tilbud-familieveiledning\/#breadcrumb"},"inLanguage":"nb-NO","potentialAction":[{"@type":"ReadAction","target":["https:\/\/kirkensbymisjon.no\/tilbud-familieveiledning\/"]}]},{"@type":"ImageObject","inLanguage":"nb-NO","@id":"https:\/\/kirkensbymisjon.no\/tilbud-familieveiledning\/#primaryimage","url":"https:\/\/kirkensbymisjon.no\/content\/uploads\/sites\/14\/2024\/06\/Tilbud_Familieveiledning_01.jpeg","contentUrl":"https:\/\/kirkensbymisjon.no\/content\/uploads\/sites\/14\/2024\/06\/Tilbud_Familieveiledning_01.jpeg","width":1290,"height":510,"caption":"Jente p\u00e5 skulderen til far."},{"@type":"BreadcrumbList","@id":"https:\/\/kirkensbymisjon.no\/tilbud-familieveiledning\/#breadcrumb","itemListElement":[{"@type":"ListItem","position":1,"name":"Hjem","item":"https:\/\/kirkensbymisjon.no\/tilbud-familieveiledning\/"},{"@type":"ListItem","position":2,"name":"Forside"}]},{"@type":"WebSite","@id":"https:\/\/kirkensbymisjon.no\/tilbud-familieveiledning\/#website","url":"https:\/\/kirkensbymisjon.no\/tilbud-familieveiledning\/","name":"Familieveiledning","description":"","potentialAction":[{"@type":"SearchAction","target":{"@type":"EntryPoint","urlTemplate":"https:\/\/kirkensbymisjon.no\/tilbud-familieveiledning\/?s={search_term_string}"},"query-input":{"@type":"PropertyValueSpecification","valueRequired":true,"valueName":"search_term_string"}}],"inLanguage":"nb-NO"}]}},"_links":{"self":[{"href":"https:\/\/kirkensbymisjon.no\/tilbud-familieveiledning\/wp-json\/wp\/v2\/pages\/2","targetHints":{"allow":["GET"]}}],"collection":[{"href":"https:\/\/kirkensbymisjon.no\/tilbud-familieveiledning\/wp-json\/wp\/v2\/pages"}],"about":[{"href":"https:\/\/kirkensbymisjon.no\/tilbud-familieveiledning\/wp-json\/wp\/v2\/types\/page"}],"author":[{"embeddable":true,"href":"https:\/\/kirkensbymisjon.no\/tilbud-familieveiledning\/wp-json\/wp\/v2\/users\/1"}],"replies":[{"embeddable":true,"href":"https:\/\/kirkensbymisjon.no\/tilbud-familieveiledning\/wp-json\/wp\/v2\/comments?post=2"}],"version-history":[{"count":5,"href":"https:\/\/kirkensbymisjon.no\/tilbud-familieveiledning\/wp-json\/wp\/v2\/pages\/2\/revisions"}],"predecessor-version":[{"id":131,"href":"https:\/\/kirkensbymisjon.no\/tilbud-familieveiledning\/wp-json\/wp\/v2\/pages\/2\/revisions\/131"}],"wp:featuredmedia":[{"embeddable":true,"href":"https:\/\/kirkensbymisjon.no\/tilbud-familieveiledning\/wp-json\/wp\/v2\/media\/7"}],"wp:attachment":[{"href":"https:\/\/kirkensbymisjon.no\/tilbud-familieveiledning\/wp-json\/wp\/v2\/media?parent=2"}],"curies":[{"name":"wp","href":"https:\/\/api.w.org\/{rel}","templated":true}]}}