{"id":3,"date":"2024-06-26T21:43:05","date_gmt":"2024-06-26T19:43:05","guid":{"rendered":"https:\/\/kirkensbymisjon.no\/tilbud-fattige-tilreisende\/forside\/"},"modified":"2025-01-24T12:54:38","modified_gmt":"2025-01-24T11:54:38","slug":"forside","status":"publish","type":"page","link":"https:\/\/kirkensbymisjon.no\/tilbud-fattige-tilreisende\/","title":{"rendered":"Forside"},"content":{"rendered":"\n<p>M\u00e5let med arbeidet v\u00e5rt er \u00e5 bist\u00e5 enkeltmennesker, og \u00e5 motvirke og forebygge diskriminering og utnytting. Vi jobber tverrfaglig og flerspr\u00e5klig, med sosialarbeidere, milj\u00f8arbeidere, psykiatrisk sykepleier, og jurist. Tilbudet til fattige tilreisende er en del av v\u00e5re tilbud ved\u00a0<a href=\"https:\/\/kirkensbymisjon.no\/tilbud-bymisjonssenteret\/\">Bymisjonssenteret<\/a>\u00a0og <a href=\"\/tilbud-toyenkirken\/\">T\u00f8yenkirken<\/a> i Oslo.<\/p>\n\n\n\n<h2 class=\"wp-block-heading\" id=\"h-slik-jobber-vi\">Slik jobber vi<\/h2>\n\n\n<div class=\"t2-accordion wp-block-t2-accordion\" data-allow-multiple=\"1\" role=\"list\">\n<div class=\"t2-accordion-item wp-block-t2-accordion-item\" role=\"listitem\">\n\t\t\t<h3 class=\"t2-accordion-title\">\n\t\t\t\t<button type=\"button\" class=\"t2-accordion-trigger\" id=\"&lt;strong&gt;opps\u00f8kende-arbeid&lt;\/strong&gt;\" aria-controls=\"accordion-panel\" aria-expanded=\"false\">\n\t\t\t\t\tOpps\u00f8kende arbeid\n\t\t\t\t\t<span class=\"t2-accordion-icon is-closed-icon\"><svg xmlns=\"http:\/\/www.w3.org\/2000\/svg\" viewBox=\"0 0 24 24\" height=\"24\" width=\"24\" class=\"t2-icon t2-icon-plus\" aria-hidden=\"true\" focusable=\"false\"><path d=\"M11.8 5.037a1.088 1.088 0 0 0-.722.566c-.075.148-.078.25-.078 2.772v2.619l-2.61.016c-1.867.012-2.652.03-2.756.064-.168.055-.438.301-.54.494-.049.092-.07.223-.07.432 0 .34.054.476.282.704.289.289.14.275 3.064.288l2.63.012v2.619c0 2.544.002 2.625.08 2.778.191.372.516.577.92.577s.729-.205.92-.577c.078-.153.08-.234.08-2.778v-2.619l2.63-.012c2.924-.013 2.775.001 3.064-.288.228-.228.282-.364.282-.704 0-.209-.021-.34-.07-.432-.102-.193-.372-.439-.54-.494-.104-.034-.889-.052-2.756-.064L13 10.994V8.375c0-2.522-.003-2.624-.078-2.772-.214-.418-.685-.656-1.122-.566\"\/><\/svg><\/span>\n\t\t\t\t\t<span class=\"t2-accordion-icon is-open-icon\"><svg xmlns=\"http:\/\/www.w3.org\/2000\/svg\" viewBox=\"0 0 24 24\" height=\"24\" width=\"24\" class=\"t2-icon t2-icon-chevronup\" aria-hidden=\"true\" focusable=\"false\"><path d=\"M6.7 14.7c-.2-.2-.3-.4-.3-.7s.1-.5.3-.7l4.6-4.6c.1-.1.2-.2.3-.2.1 0 .2-.1.4-.1.1 0 .3 0 .4.1.1 0 .2.1.3.2l4.6 4.6c.2.2.3.4.3.7s-.1.5-.3.7c-.2.2-.4.3-.7.3s-.5-.1-.7-.3L12 10.8l-3.9 3.9c-.2.2-.4.3-.7.3s-.5-.1-.7-.3z\" fill=\"currentColor\" \/><\/svg><\/span>\n\t\t\t\t<\/button>\n\t\t\t<\/h3>\n\t\t\t<div class=\"t2-accordion-item__inner-container is-layout-flow\" id=\"accordion-panel\" aria-labelledby=\"&lt;strong&gt;opps\u00f8kende-arbeid&lt;\/strong&gt;\" role=\"region\" hidden>\n\t\t\t\t\n\n<p>Mange vi kommer i kontakt med er i s\u00e5rbare situasjoner,&nbsp;mangler egen bolig, og oppholder seg utend\u00f8rs. Tirsdager g\u00e5r vi opps\u00f8kende i Oslo sentrum, med fokus p\u00e5 relasjonsbygging og&nbsp;informasjonsarbeid.<\/p>\n\n\n\t\t\t<\/div>\n\t\t<\/div>\n\n<div class=\"t2-accordion-item wp-block-t2-accordion-item\" role=\"listitem\">\n\t\t\t<h3 class=\"t2-accordion-title\">\n\t\t\t\t<button type=\"button\" class=\"t2-accordion-trigger\" id=\"&lt;strong&gt;team-t\u00f8yen-\u2013-r\u00e5d-og-veiledning&lt;\/strong&gt;\" aria-controls=\"accordion-panel-1\" aria-expanded=\"false\">\n\t\t\t\t\tTeam T\u00f8yen \u2013 r\u00e5d og veiledning\n\t\t\t\t\t<span class=\"t2-accordion-icon is-closed-icon\"><svg xmlns=\"http:\/\/www.w3.org\/2000\/svg\" viewBox=\"0 0 24 24\" height=\"24\" width=\"24\" class=\"t2-icon t2-icon-plus\" aria-hidden=\"true\" focusable=\"false\"><path d=\"M11.8 5.037a1.088 1.088 0 0 0-.722.566c-.075.148-.078.25-.078 2.772v2.619l-2.61.016c-1.867.012-2.652.03-2.756.064-.168.055-.438.301-.54.494-.049.092-.07.223-.07.432 0 .34.054.476.282.704.289.289.14.275 3.064.288l2.63.012v2.619c0 2.544.002 2.625.08 2.778.191.372.516.577.92.577s.729-.205.92-.577c.078-.153.08-.234.08-2.778v-2.619l2.63-.012c2.924-.013 2.775.001 3.064-.288.228-.228.282-.364.282-.704 0-.209-.021-.34-.07-.432-.102-.193-.372-.439-.54-.494-.104-.034-.889-.052-2.756-.064L13 10.994V8.375c0-2.522-.003-2.624-.078-2.772-.214-.418-.685-.656-1.122-.566\"\/><\/svg><\/span>\n\t\t\t\t\t<span class=\"t2-accordion-icon is-open-icon\"><svg xmlns=\"http:\/\/www.w3.org\/2000\/svg\" viewBox=\"0 0 24 24\" height=\"24\" width=\"24\" class=\"t2-icon t2-icon-chevronup\" aria-hidden=\"true\" focusable=\"false\"><path d=\"M6.7 14.7c-.2-.2-.3-.4-.3-.7s.1-.5.3-.7l4.6-4.6c.1-.1.2-.2.3-.2.1 0 .2-.1.4-.1.1 0 .3 0 .4.1.1 0 .2.1.3.2l4.6 4.6c.2.2.3.4.3.7s-.1.5-.3.7c-.2.2-.4.3-.7.3s-.5-.1-.7-.3L12 10.8l-3.9 3.9c-.2.2-.4.3-.7.3s-.5-.1-.7-.3z\" fill=\"currentColor\" \/><\/svg><\/span>\n\t\t\t\t<\/button>\n\t\t\t<\/h3>\n\t\t\t<div class=\"t2-accordion-item__inner-container is-layout-flow\" id=\"accordion-panel-1\" aria-labelledby=\"&lt;strong&gt;team-t\u00f8yen-\u2013-r\u00e5d-og-veiledning&lt;\/strong&gt;\" role=\"region\" hidden>\n\t\t\t\t\n\n<p>Team T\u00f8yen er avdelingens arbeid lokalisert p\u00e5 <a href=\"\/tilbud-bymisjonssenteret\/\">Bymisjonssenteret<\/a>. En flerspr\u00e5klig stab er tilgjengelig for r\u00e5d og veiledning. Det kan b\u00e5de v\u00e6re etter avtale eller drop-in. Her tilbyr vi r\u00e5d og veiledning knyttet til rettigheter, opphold, arbeidslivsregler, utnyttelse og mer NAV-relaterte sp\u00f8rsm\u00e5l knyttet til bolig, helse og arbeid.<\/p>\n\n\n\t\t\t<\/div>\n\t\t<\/div>\n\n<div class=\"t2-accordion-item wp-block-t2-accordion-item\" role=\"listitem\">\n\t\t\t<h3 class=\"t2-accordion-title\">\n\t\t\t\t<button type=\"button\" class=\"t2-accordion-trigger\" id=\"vaskeri-og-oppbevaring\" aria-controls=\"accordion-panel-2\" aria-expanded=\"false\">\n\t\t\t\t\tVaskeri og oppbevaring\n\t\t\t\t\t<span class=\"t2-accordion-icon is-closed-icon\"><svg xmlns=\"http:\/\/www.w3.org\/2000\/svg\" viewBox=\"0 0 24 24\" height=\"24\" width=\"24\" class=\"t2-icon t2-icon-plus\" aria-hidden=\"true\" focusable=\"false\"><path d=\"M11.8 5.037a1.088 1.088 0 0 0-.722.566c-.075.148-.078.25-.078 2.772v2.619l-2.61.016c-1.867.012-2.652.03-2.756.064-.168.055-.438.301-.54.494-.049.092-.07.223-.07.432 0 .34.054.476.282.704.289.289.14.275 3.064.288l2.63.012v2.619c0 2.544.002 2.625.08 2.778.191.372.516.577.92.577s.729-.205.92-.577c.078-.153.08-.234.08-2.778v-2.619l2.63-.012c2.924-.013 2.775.001 3.064-.288.228-.228.282-.364.282-.704 0-.209-.021-.34-.07-.432-.102-.193-.372-.439-.54-.494-.104-.034-.889-.052-2.756-.064L13 10.994V8.375c0-2.522-.003-2.624-.078-2.772-.214-.418-.685-.656-1.122-.566\"\/><\/svg><\/span>\n\t\t\t\t\t<span class=\"t2-accordion-icon is-open-icon\"><svg xmlns=\"http:\/\/www.w3.org\/2000\/svg\" viewBox=\"0 0 24 24\" height=\"24\" width=\"24\" class=\"t2-icon t2-icon-chevronup\" aria-hidden=\"true\" focusable=\"false\"><path d=\"M6.7 14.7c-.2-.2-.3-.4-.3-.7s.1-.5.3-.7l4.6-4.6c.1-.1.2-.2.3-.2.1 0 .2-.1.4-.1.1 0 .3 0 .4.1.1 0 .2.1.3.2l4.6 4.6c.2.2.3.4.3.7s-.1.5-.3.7c-.2.2-.4.3-.7.3s-.5-.1-.7-.3L12 10.8l-3.9 3.9c-.2.2-.4.3-.7.3s-.5-.1-.7-.3z\" fill=\"currentColor\" \/><\/svg><\/span>\n\t\t\t\t<\/button>\n\t\t\t<\/h3>\n\t\t\t<div class=\"t2-accordion-item__inner-container is-layout-flow\" id=\"accordion-panel-2\" aria-labelledby=\"vaskeri-og-oppbevaring\" role=\"region\" hidden>\n\t\t\t\t\n\n<p>Vaskeriet holder til i kjelleren p\u00e5 <a href=\"\/tilbud-bymisjonssenteret\/\">Bymisjonssenteret<\/a>. Det er kapasitet til 12 klesvask p\u00e5 hverdager, og 8 i helgene. Kl\u00e6rne hentes ferdig t\u00f8rket samme dag som de leveres.<\/p>\n\n\n\n<p>Det er 93 oppbevaringsskap til leie. Leiekontrakt skrives i vaskeriet p\u00e5 onsdager, og gjelder for 3 m\u00e5neder.<\/p>\n\n\n\t\t\t<\/div>\n\t\t<\/div>\n\n<div class=\"t2-accordion-item wp-block-t2-accordion-item\" role=\"listitem\">\n\t\t\t<h3 class=\"t2-accordion-title\">\n\t\t\t\t<button type=\"button\" class=\"t2-accordion-trigger\" id=\"akuttovernatting\" aria-controls=\"accordion-panel-3\" aria-expanded=\"false\">\n\t\t\t\t\tAkuttovernatting\n\t\t\t\t\t<span class=\"t2-accordion-icon is-closed-icon\"><svg xmlns=\"http:\/\/www.w3.org\/2000\/svg\" viewBox=\"0 0 24 24\" height=\"24\" width=\"24\" class=\"t2-icon t2-icon-plus\" aria-hidden=\"true\" focusable=\"false\"><path d=\"M11.8 5.037a1.088 1.088 0 0 0-.722.566c-.075.148-.078.25-.078 2.772v2.619l-2.61.016c-1.867.012-2.652.03-2.756.064-.168.055-.438.301-.54.494-.049.092-.07.223-.07.432 0 .34.054.476.282.704.289.289.14.275 3.064.288l2.63.012v2.619c0 2.544.002 2.625.08 2.778.191.372.516.577.92.577s.729-.205.92-.577c.078-.153.08-.234.08-2.778v-2.619l2.63-.012c2.924-.013 2.775.001 3.064-.288.228-.228.282-.364.282-.704 0-.209-.021-.34-.07-.432-.102-.193-.372-.439-.54-.494-.104-.034-.889-.052-2.756-.064L13 10.994V8.375c0-2.522-.003-2.624-.078-2.772-.214-.418-.685-.656-1.122-.566\"\/><\/svg><\/span>\n\t\t\t\t\t<span class=\"t2-accordion-icon is-open-icon\"><svg xmlns=\"http:\/\/www.w3.org\/2000\/svg\" viewBox=\"0 0 24 24\" height=\"24\" width=\"24\" class=\"t2-icon t2-icon-chevronup\" aria-hidden=\"true\" focusable=\"false\"><path d=\"M6.7 14.7c-.2-.2-.3-.4-.3-.7s.1-.5.3-.7l4.6-4.6c.1-.1.2-.2.3-.2.1 0 .2-.1.4-.1.1 0 .3 0 .4.1.1 0 .2.1.3.2l4.6 4.6c.2.2.3.4.3.7s-.1.5-.3.7c-.2.2-.4.3-.7.3s-.5-.1-.7-.3L12 10.8l-3.9 3.9c-.2.2-.4.3-.7.3s-.5-.1-.7-.3z\" fill=\"currentColor\" \/><\/svg><\/span>\n\t\t\t\t<\/button>\n\t\t\t<\/h3>\n\t\t\t<div class=\"t2-accordion-item__inner-container is-layout-flow\" id=\"accordion-panel-3\" aria-labelledby=\"akuttovernatting\" role=\"region\" hidden>\n\t\t\t\t\n\n<p>Akuttovernattingen i Oslo disponerer cirka 80 sengeplasser, og kan benyttes av fattige tilreisende kvinner og par. Vi s\u00f8rger for en pute \u00e5 hvile hodet p\u00e5, muligheten for en dusj og en seng for natten, i trygge, rolige og varme omgivelser.<\/p>\n\n\n\n<p><strong>Hvordan?<\/strong><br>Kj\u00f8p av sengeplass skjer ved ankomst til Louises gate 30 i Oslo. Man kan booke seg inn for opptil fem netter av gangen, men det betales kun for \u00e9n natt av gangen, noe som koster 15 kroner. De som har forh\u00e5ndsreservert plass, registreres og slippes inn mellom kl. 18.00\u201321.00. Deretter vil ledige plasser bli fordelt. Er det flere som st\u00e5r i k\u00f8 enn det vi har senger til, vil de resterende plassene bli tildelt ved loddtrekning. Det brukes et enkelt registreringssystem, gjestene viser ID og blir deretter booket inn av ansatte.<\/p>\n\n\n\t\t\t<\/div>\n\t\t<\/div>\n<\/div>\n\n\n<div class=\"wp-block-media-text alignwide is-stacked-on-mobile is-style-filled\"><figure class=\"wp-block-media-text__media\"><img loading=\"lazy\" decoding=\"async\" width=\"1024\" height=\"749\" src=\"https:\/\/kirkensbymisjon.no\/content\/uploads\/sites\/86\/2024\/08\/Tilbud_Fattige_tilreisende_02-1024x749.jpg\" alt=\"Fattige tilreisende\" class=\"wp-image-69 size-full\" srcset=\"https:\/\/kirkensbymisjon.no\/content\/uploads\/sites\/86\/2024\/08\/Tilbud_Fattige_tilreisende_02-1024x749.jpg 1024w, https:\/\/kirkensbymisjon.no\/content\/uploads\/sites\/86\/2024\/08\/Tilbud_Fattige_tilreisende_02-300x220.jpg 300w, https:\/\/kirkensbymisjon.no\/content\/uploads\/sites\/86\/2024\/08\/Tilbud_Fattige_tilreisende_02-768x562.jpg 768w, https:\/\/kirkensbymisjon.no\/content\/uploads\/sites\/86\/2024\/08\/Tilbud_Fattige_tilreisende_02-1536x1124.jpg 1536w, https:\/\/kirkensbymisjon.no\/content\/uploads\/sites\/86\/2024\/08\/Tilbud_Fattige_tilreisende_02.jpg 1701w\" sizes=\"auto, (max-width: 1024px) 100vw, 1024px\" \/><\/figure><div class=\"wp-block-media-text__content\">\n<h2 class=\"wp-block-heading\" id=\"h-kartlegging-av-bostedslose-eu-migranter\">Kartlegging av bostedsl\u00f8se EU-migranter<\/h2>\n\n\n\n<p>Vi vet for lite om hvor mange EU-migranter som er bostedsl\u00f8se. Vi har derfor gjennomf\u00f8rt en kartlegging av bostedsl\u00f8se\u202fEU-migranter\u202fsom oppholder seg i Oslo.<\/p>\n\n\n\n<p><a href=\"https:\/\/kirkensbymisjon.no\/i-count-kartlegging-av-bostedslose-eu-migranter\/\" target=\"_blank\" rel=\"noreferrer noopener\">Les mer om prosjektet<\/a><\/p>\n<\/div><\/div>\n","protected":false},"excerpt":{"rendered":"<p>M\u00e5let med arbeidet v\u00e5rt er \u00e5 bist\u00e5 enkeltmennesker, og \u00e5 motvirke og forebygge diskriminering og&hellip;<\/p>\n","protected":false},"author":5,"featured_media":6,"parent":0,"menu_order":0,"comment_status":"closed","ping_status":"closed","template":"","meta":{"_relevanssi_hide_post":"","_relevanssi_hide_content":"","_relevanssi_pin_for_all":"","_relevanssi_pin_keywords":"","_relevanssi_unpin_keywords":"","_relevanssi_related_keywords":"","_relevanssi_related_include_ids":"","_relevanssi_related_exclude_ids":"","_relevanssi_related_no_append":"","_relevanssi_related_not_related":"","_relevanssi_related_posts":"1","_relevanssi_noindex_reason":"","editor_notices":[],"footnotes":""},"class_list":["post-3","page","type-page","status-publish","has-post-thumbnail","hentry"],"yoast_head":"<!-- This site is optimized with the Yoast SEO Premium plugin v27.2 (Yoast SEO v27.4) - https:\/\/yoast.com\/product\/yoast-seo-premium-wordpress\/ -->\n<title>Kirkens Bymisjon - Fattige tilreisende<\/title>\n<meta name=\"description\" content=\"Vi jobber for \u00e5 forbedre de humanit\u00e6re forholdene for fattige tilreisende EU-borgere i Oslo.\" \/>\n<meta name=\"robots\" content=\"index, follow, max-snippet:-1, max-image-preview:large, max-video-preview:-1\" \/>\n<link rel=\"canonical\" href=\"https:\/\/kirkensbymisjon.no\/tilbud-fattige-tilreisende\/\" \/>\n<meta property=\"og:locale\" content=\"nb_NO\" \/>\n<meta property=\"og:type\" content=\"article\" \/>\n<meta property=\"og:title\" content=\"Kirkens Bymisjon - Fattige tilreisende\" \/>\n<meta property=\"og:description\" content=\"Vi jobber for \u00e5 forbedre de humanit\u00e6re forholdene for fattige tilreisende EU-borgere i Oslo.\" \/>\n<meta property=\"og:url\" content=\"https:\/\/kirkensbymisjon.no\/tilbud-fattige-tilreisende\/\" \/>\n<meta property=\"og:site_name\" content=\"Fattige tilreisende\" \/>\n<meta property=\"article:modified_time\" content=\"2025-01-24T11:54:38+00:00\" \/>\n<meta property=\"og:image\" content=\"https:\/\/kirkensbymisjon.no\/content\/uploads\/sites\/86\/2024\/06\/Tilbud_Fattige_tilreisende_01.jpg\" \/>\n\t<meta property=\"og:image:width\" content=\"1848\" \/>\n\t<meta property=\"og:image:height\" content=\"1240\" \/>\n\t<meta property=\"og:image:type\" content=\"image\/jpeg\" \/>\n<meta name=\"twitter:card\" content=\"summary_large_image\" \/>\n<meta name=\"twitter:title\" content=\"Forside\" \/>\n<meta name=\"twitter:label1\" content=\"Ansl. lesetid\" \/>\n\t<meta name=\"twitter:data1\" content=\"3 minutter\" \/>\n<script type=\"application\/ld+json\" class=\"yoast-schema-graph\">{\"@context\":\"https:\\\/\\\/schema.org\",\"@graph\":[{\"@type\":\"WebPage\",\"@id\":\"https:\\\/\\\/kirkensbymisjon.no\\\/tilbud-fattige-tilreisende\\\/\",\"url\":\"https:\\\/\\\/kirkensbymisjon.no\\\/tilbud-fattige-tilreisende\\\/\",\"name\":\"Kirkens Bymisjon - Fattige tilreisende\",\"isPartOf\":{\"@id\":\"https:\\\/\\\/kirkensbymisjon.no\\\/tilbud-fattige-tilreisende\\\/#website\"},\"primaryImageOfPage\":{\"@id\":\"https:\\\/\\\/kirkensbymisjon.no\\\/tilbud-fattige-tilreisende\\\/#primaryimage\"},\"image\":{\"@id\":\"https:\\\/\\\/kirkensbymisjon.no\\\/tilbud-fattige-tilreisende\\\/#primaryimage\"},\"thumbnailUrl\":\"https:\\\/\\\/kirkensbymisjon.no\\\/content\\\/uploads\\\/sites\\\/86\\\/2024\\\/06\\\/Tilbud_Fattige_tilreisende_01.jpg\",\"datePublished\":\"2024-06-26T19:43:05+00:00\",\"dateModified\":\"2025-01-24T11:54:38+00:00\",\"description\":\"Vi jobber for \u00e5 forbedre de humanit\u00e6re forholdene for fattige tilreisende EU-borgere i Oslo.\",\"breadcrumb\":{\"@id\":\"https:\\\/\\\/kirkensbymisjon.no\\\/tilbud-fattige-tilreisende\\\/#breadcrumb\"},\"inLanguage\":\"nb-NO\",\"potentialAction\":[{\"@type\":\"ReadAction\",\"target\":[\"https:\\\/\\\/kirkensbymisjon.no\\\/tilbud-fattige-tilreisende\\\/\"]}]},{\"@type\":\"ImageObject\",\"inLanguage\":\"nb-NO\",\"@id\":\"https:\\\/\\\/kirkensbymisjon.no\\\/tilbud-fattige-tilreisende\\\/#primaryimage\",\"url\":\"https:\\\/\\\/kirkensbymisjon.no\\\/content\\\/uploads\\\/sites\\\/86\\\/2024\\\/06\\\/Tilbud_Fattige_tilreisende_01.jpg\",\"contentUrl\":\"https:\\\/\\\/kirkensbymisjon.no\\\/content\\\/uploads\\\/sites\\\/86\\\/2024\\\/06\\\/Tilbud_Fattige_tilreisende_01.jpg\",\"width\":1848,\"height\":1240,\"caption\":\"Fattige tilreisende p\u00e5 vei til akuttovernattingen.\"},{\"@type\":\"BreadcrumbList\",\"@id\":\"https:\\\/\\\/kirkensbymisjon.no\\\/tilbud-fattige-tilreisende\\\/#breadcrumb\",\"itemListElement\":[{\"@type\":\"ListItem\",\"position\":1,\"name\":\"Hjem\",\"item\":\"https:\\\/\\\/kirkensbymisjon.no\\\/tilbud-fattige-tilreisende\\\/\"},{\"@type\":\"ListItem\",\"position\":2,\"name\":\"Forside\"}]},{\"@type\":\"WebSite\",\"@id\":\"https:\\\/\\\/kirkensbymisjon.no\\\/tilbud-fattige-tilreisende\\\/#website\",\"url\":\"https:\\\/\\\/kirkensbymisjon.no\\\/tilbud-fattige-tilreisende\\\/\",\"name\":\"Fattige tilreisende\",\"description\":\"\",\"potentialAction\":[{\"@type\":\"SearchAction\",\"target\":{\"@type\":\"EntryPoint\",\"urlTemplate\":\"https:\\\/\\\/kirkensbymisjon.no\\\/tilbud-fattige-tilreisende\\\/?s={search_term_string}\"},\"query-input\":{\"@type\":\"PropertyValueSpecification\",\"valueRequired\":true,\"valueName\":\"search_term_string\"}}],\"inLanguage\":\"nb-NO\"}]}<\/script>\n<!-- \/ Yoast SEO Premium plugin. -->","yoast_head_json":{"title":"Kirkens Bymisjon - Fattige tilreisende","description":"Vi jobber for \u00e5 forbedre de humanit\u00e6re forholdene for fattige tilreisende EU-borgere i Oslo.","robots":{"index":"index","follow":"follow","max-snippet":"max-snippet:-1","max-image-preview":"max-image-preview:large","max-video-preview":"max-video-preview:-1"},"canonical":"https:\/\/kirkensbymisjon.no\/tilbud-fattige-tilreisende\/","og_locale":"nb_NO","og_type":"article","og_title":"Kirkens Bymisjon - Fattige tilreisende","og_description":"Vi jobber for \u00e5 forbedre de humanit\u00e6re forholdene for fattige tilreisende EU-borgere i Oslo.","og_url":"https:\/\/kirkensbymisjon.no\/tilbud-fattige-tilreisende\/","og_site_name":"Fattige tilreisende","article_modified_time":"2025-01-24T11:54:38+00:00","og_image":[{"width":1848,"height":1240,"url":"https:\/\/kirkensbymisjon.no\/content\/uploads\/sites\/86\/2024\/06\/Tilbud_Fattige_tilreisende_01.jpg","type":"image\/jpeg"}],"twitter_card":"summary_large_image","twitter_title":"Forside","twitter_misc":{"Ansl. lesetid":"3 minutter"},"schema":{"@context":"https:\/\/schema.org","@graph":[{"@type":"WebPage","@id":"https:\/\/kirkensbymisjon.no\/tilbud-fattige-tilreisende\/","url":"https:\/\/kirkensbymisjon.no\/tilbud-fattige-tilreisende\/","name":"Kirkens Bymisjon - Fattige tilreisende","isPartOf":{"@id":"https:\/\/kirkensbymisjon.no\/tilbud-fattige-tilreisende\/#website"},"primaryImageOfPage":{"@id":"https:\/\/kirkensbymisjon.no\/tilbud-fattige-tilreisende\/#primaryimage"},"image":{"@id":"https:\/\/kirkensbymisjon.no\/tilbud-fattige-tilreisende\/#primaryimage"},"thumbnailUrl":"https:\/\/kirkensbymisjon.no\/content\/uploads\/sites\/86\/2024\/06\/Tilbud_Fattige_tilreisende_01.jpg","datePublished":"2024-06-26T19:43:05+00:00","dateModified":"2025-01-24T11:54:38+00:00","description":"Vi jobber for \u00e5 forbedre de humanit\u00e6re forholdene for fattige tilreisende EU-borgere i Oslo.","breadcrumb":{"@id":"https:\/\/kirkensbymisjon.no\/tilbud-fattige-tilreisende\/#breadcrumb"},"inLanguage":"nb-NO","potentialAction":[{"@type":"ReadAction","target":["https:\/\/kirkensbymisjon.no\/tilbud-fattige-tilreisende\/"]}]},{"@type":"ImageObject","inLanguage":"nb-NO","@id":"https:\/\/kirkensbymisjon.no\/tilbud-fattige-tilreisende\/#primaryimage","url":"https:\/\/kirkensbymisjon.no\/content\/uploads\/sites\/86\/2024\/06\/Tilbud_Fattige_tilreisende_01.jpg","contentUrl":"https:\/\/kirkensbymisjon.no\/content\/uploads\/sites\/86\/2024\/06\/Tilbud_Fattige_tilreisende_01.jpg","width":1848,"height":1240,"caption":"Fattige tilreisende p\u00e5 vei til akuttovernattingen."},{"@type":"BreadcrumbList","@id":"https:\/\/kirkensbymisjon.no\/tilbud-fattige-tilreisende\/#breadcrumb","itemListElement":[{"@type":"ListItem","position":1,"name":"Hjem","item":"https:\/\/kirkensbymisjon.no\/tilbud-fattige-tilreisende\/"},{"@type":"ListItem","position":2,"name":"Forside"}]},{"@type":"WebSite","@id":"https:\/\/kirkensbymisjon.no\/tilbud-fattige-tilreisende\/#website","url":"https:\/\/kirkensbymisjon.no\/tilbud-fattige-tilreisende\/","name":"Fattige tilreisende","description":"","potentialAction":[{"@type":"SearchAction","target":{"@type":"EntryPoint","urlTemplate":"https:\/\/kirkensbymisjon.no\/tilbud-fattige-tilreisende\/?s={search_term_string}"},"query-input":{"@type":"PropertyValueSpecification","valueRequired":true,"valueName":"search_term_string"}}],"inLanguage":"nb-NO"}]}},"_links":{"self":[{"href":"https:\/\/kirkensbymisjon.no\/tilbud-fattige-tilreisende\/wp-json\/wp\/v2\/pages\/3","targetHints":{"allow":["GET"]}}],"collection":[{"href":"https:\/\/kirkensbymisjon.no\/tilbud-fattige-tilreisende\/wp-json\/wp\/v2\/pages"}],"about":[{"href":"https:\/\/kirkensbymisjon.no\/tilbud-fattige-tilreisende\/wp-json\/wp\/v2\/types\/page"}],"author":[{"embeddable":true,"href":"https:\/\/kirkensbymisjon.no\/tilbud-fattige-tilreisende\/wp-json\/wp\/v2\/users\/5"}],"replies":[{"embeddable":true,"href":"https:\/\/kirkensbymisjon.no\/tilbud-fattige-tilreisende\/wp-json\/wp\/v2\/comments?post=3"}],"version-history":[{"count":5,"href":"https:\/\/kirkensbymisjon.no\/tilbud-fattige-tilreisende\/wp-json\/wp\/v2\/pages\/3\/revisions"}],"predecessor-version":[{"id":106,"href":"https:\/\/kirkensbymisjon.no\/tilbud-fattige-tilreisende\/wp-json\/wp\/v2\/pages\/3\/revisions\/106"}],"wp:featuredmedia":[{"embeddable":true,"href":"https:\/\/kirkensbymisjon.no\/tilbud-fattige-tilreisende\/wp-json\/wp\/v2\/media\/6"}],"wp:attachment":[{"href":"https:\/\/kirkensbymisjon.no\/tilbud-fattige-tilreisende\/wp-json\/wp\/v2\/media?parent=3"}],"curies":[{"name":"wp","href":"https:\/\/api.w.org\/{rel}","templated":true}]}}