{"id":3,"date":"2024-06-26T11:16:10","date_gmt":"2024-06-26T09:16:10","guid":{"rendered":"https:\/\/kirkensbymisjon.no\/tilbud-forandringshuset\/forside\/"},"modified":"2025-05-08T11:26:21","modified_gmt":"2025-05-08T09:26:21","slug":"forside","status":"publish","type":"page","link":"https:\/\/kirkensbymisjon.no\/tilbud-forandringshuset\/","title":{"rendered":"Forside"},"content":{"rendered":"\n<div class=\"wp-block-media-text alignwide is-stacked-on-mobile is-style-filled\"><figure class=\"wp-block-media-text__media\"><img loading=\"lazy\" decoding=\"async\" width=\"1024\" height=\"692\" src=\"https:\/\/kirkensbymisjon.no\/content\/uploads\/sites\/72\/2024\/09\/tilbud_forandringshuset_02-1024x692.jpeg\" alt=\"Illustrasjonsfoto av ungdommer\" class=\"wp-image-19 size-full\" srcset=\"https:\/\/kirkensbymisjon.no\/content\/uploads\/sites\/72\/2024\/09\/tilbud_forandringshuset_02-1024x692.jpeg 1024w, https:\/\/kirkensbymisjon.no\/content\/uploads\/sites\/72\/2024\/09\/tilbud_forandringshuset_02-300x203.jpeg 300w, https:\/\/kirkensbymisjon.no\/content\/uploads\/sites\/72\/2024\/09\/tilbud_forandringshuset_02-768x519.jpeg 768w, https:\/\/kirkensbymisjon.no\/content\/uploads\/sites\/72\/2024\/09\/tilbud_forandringshuset_02-1536x1038.jpeg 1536w, https:\/\/kirkensbymisjon.no\/content\/uploads\/sites\/72\/2024\/09\/tilbud_forandringshuset_02.jpeg 1701w\" sizes=\"auto, (max-width: 1024px) 100vw, 1024px\" \/><\/figure><div class=\"wp-block-media-text__content\">\n<h2 class=\"wp-block-heading\" id=\"h-kultur-aktiviteter-og-moteplasser\">Kultur, aktiviteter og m\u00f8teplasser <\/h2>\n\n\n\n<p>Vi gir rom for unge menneskers liv og engasjement. V\u00e5re aktiviteter retter seg mot alle unge \u2013 uavhengig av kj\u00f8nn eller \u00f8konomisk, religi\u00f8s og kulturell bakgrunn. Vi jobber m\u00e5lrettet med \u00e5 bryte ned barrierer for deltakelse, og s\u00e6rlig med \u00e5 forebygge utenforskap.&nbsp;<\/p>\n<\/div><\/div>\n\n\n\t<div class=\"alignwide wp-block-kbm-link-list\">\n\t\t<div class=\"kbm-link-list__items\">\n\t\t\t\n<a class=\"wp-block-kbm-link-list-item\" href=\"https:\/\/forandringshuset.no\/forandringshuset-bergen\">\t<svg xmlns=\"http:\/\/www.w3.org\/2000\/svg\" viewBox=\"0 0 48 48\" height=\"24\" width=\"24\" class=\"t2-icon t2-icon-activities\" aria-hidden=\"true\" focusable=\"false\"><path d=\"M22.24 4.082c-1.537.145-3.662.604-4.838 1.044l-.46.172 1.269.657a45.146 45.146 0 0 1 4.402 2.614l1.053.704.92-.914c.658-.654.985-1.046 1.147-1.377.218-.444.227-.509.227-1.635 0-.645-.023-1.196-.051-1.225-.086-.086-2.858-.117-3.669-.04m5.74 1.539c-.067 1.941-.296 2.447-1.809 4.001-.495.508-.809.89-.765.93.076.07 1.89 1.588 2.275 1.904l.215.177 1.268-.757c1.641-.978 3.137-1.715 4.223-2.077.888-.297 3.075-.838 3.388-.839.334 0 .259-.142-.317-.603-2.297-1.839-5.03-3.136-8.227-3.904l-.21-.051-.041 1.219M13.856 6.795a20.046 20.046 0 0 0-7.694 8.241c-.315.627-.379.812-.268.766 1.413-.576 3.008-.981 6.906-1.754 3.858-.766 4.59-.978 6.36-1.847 1.061-.522 2.761-1.532 2.759-1.641 0-.078-2.135-1.427-3.359-2.124-1.038-.59-3.468-1.813-3.93-1.977-.077-.028-.395.111-.774.336m24.264 3.981c-.699.095-2.683.531-3.545.78-1.311.377-3.096 1.234-4.716 2.263l-.421.267.768.857a28.269 28.269 0 0 1 1.336 1.617l.594.795c.015.019.27-.043.566-.138 1.534-.493 3.559-.7 4.628-.471.805.171 1.633.536 2.513 1.104 1.023.662 1.765 1.294 2.977 2.538.561.576 1.02 1.021 1.02.989-.001-.19-.279-1.614-.442-2.259-.458-1.821-1.336-3.917-2.306-5.506-.496-.813-1.395-2.056-1.859-2.57-.304-.335-.41-.361-1.113-.266m-15.24 1.59c-1.741 1.197-3.526 2.102-5.28 2.677-.874.286-1.844.497-5.32 1.157-3.108.591-5.045 1.148-6.645 1.913l-.885.423-.177.752c-.986 4.19-.673 8.369.918 12.272a21.302 21.302 0 0 0 1.646 3.178l.416.649.252-.793c.815-2.568 2.351-5.318 4.551-8.147 3.094-3.98 8.082-8.628 12.844-11.968.462-.324.855-.6.873-.614.018-.013-.036-.1-.12-.194-.197-.219-2.19-1.832-2.26-1.829-.029.001-.395.237-.813.524m3.76 3.576c-7.452 5.349-13.249 11.435-15.791 16.576-.808 1.636-1.403 3.4-1.541 4.575l-.05.424.74.721c1.605 1.564 3.124 2.636 5.162 3.644 1.821.9 3.968 1.59 5.728 1.84l.368.053.367-.838c1.065-2.43 2.307-6.753 3.856-13.417 1.097-4.718 1.602-6.457 2.315-7.967.582-1.232 1.464-2.397 2.278-3.011l.271-.204-.187-.269c-.608-.873-2.331-2.79-2.505-2.788-.05.001-.505.298-1.011.661m8.32 2.816c-.545.092-1.604.34-1.65.385-.01.011.298.651.684 1.424 2.189 4.371 3.69 10.092 4.194 15.976.061.717.128 1.32.149 1.341.103.102 1.694-1.869 2.457-3.044 1.834-2.824 2.809-5.747 3.166-9.492l.051-.532-.819-.988c-1.076-1.298-3.236-3.453-3.992-3.982-1.56-1.093-2.614-1.363-4.24-1.088m-3.855 1.563c-.727.599-1.502 1.938-2.067 3.572-.425 1.231-.688 2.246-1.755 6.787-1.42 6.046-2.342 9.348-3.297 11.8a51.391 51.391 0 0 0-.527 1.393c-.043.146-.001.15 1.108.096 2.232-.109 3.791-.386 5.673-1.006 1.379-.455 2.534-.964 3.68-1.622.914-.525 2.17-1.361 2.325-1.548.123-.148.108-1.055-.05-2.913-.396-4.656-1.498-9.474-3.026-13.228-.445-1.095-1.643-3.572-1.726-3.572-.026 0-.178.108-.338.241\"\/><\/svg>\t<div class=\"kbm-link-list-item__content\">\n\t\t<p class=\"kbm-link-list-item__title\">Forandringshuset V13, Bergen<\/p>\n\t\t\t\t\t<p class=\"kbm-link-list-item__description\">Forandringshuset V13, Bergen har som m\u00e5l \u00e5 v\u00e6re et kraftsenter for forebyggende arbeid og ungdomskultur. V\u00e6re og ha et trygt og inkluderende milj\u00f8 der ungdom kan utfolde seg, skape minner og utvikle viktige sosiale ferdigheter. Forandringshuset V13 er delfinansiert av Bergen Kommune, Gjensidigestiftelsen, Integrerings- og mangfoldsdirektoratet og Konfliktr\u00e5det.<\/p>\n\t\t\t<\/div>\n\t<\/a>\n\n<a class=\"wp-block-kbm-link-list-item\" href=\"https:\/\/forandringshuset.no\/forandringshuset-holmlia\">\t<svg xmlns=\"http:\/\/www.w3.org\/2000\/svg\" viewBox=\"0 0 48 48\" height=\"24\" width=\"24\" class=\"t2-icon t2-icon-child\" aria-hidden=\"true\" focusable=\"false\"><path d=\"M22.48 4.083a22.9 22.9 0 0 0-3.643.637c-4.782 1.215-9.055 4.091-11.768 7.92-1.339 1.89-2.379 4.2-2.87 6.374-.107.471-.174.877-.15.902.087.087 4.165.035 4.951-.064 3.552-.445 6.287-1.242 9.377-2.733 5.019-2.422 9.062-6.008 11.68-10.359.454-.755.903-1.587.903-1.674 0-.134-2.46-.708-3.8-.887-1.157-.154-3.632-.216-4.68-.116m10.334 2.053c-.147.277-.484 1.442-.611 2.11-.603 3.166.272 6.614 2.33 9.186 2.143 2.678 5.219 4.283 8.691 4.534l.785.057-.052-.432c-.466-3.924-1.689-6.961-4.022-9.991-.725-.941-2.455-2.645-3.418-3.367a23.81 23.81 0 0 0-2.932-1.863c-.637-.346-.702-.366-.771-.234m-3.385 4.556c-1.996 2.789-4.882 5.435-7.847 7.195-4.513 2.679-9.686 4.12-15.89 4.426-.852.042-1.572.1-1.6.129-.112.112-.04 3.203.098 4.158.331 2.31.953 4.278 2.007 6.346 2.145 4.213 5.559 7.445 9.883 9.359 4.618 2.043 9.756 2.228 14.6.527 1.926-.677 4.461-2.119 6.03-3.43 4.305-3.6 6.941-8.865 7.258-14.502.03-.539.033-.98.007-.98-.026 0-.468-.055-.982-.123-5.668-.743-9.68-3.183-11.634-7.077-.427-.851-.977-2.522-1.158-3.52a23.852 23.852 0 0 1-.23-1.948l-.091-1.189-.451.629M18.84 24.141c.429.222.955.777 1.154 1.219.109.242.163.531.163.88.002.688-.238 1.202-.794 1.702-.971.873-2.304.78-3.187-.223-.556-.631-.715-1.441-.442-2.245.173-.508.883-1.235 1.386-1.419.48-.176 1.292-.135 1.72.086m13.058.008c1.112.567 1.642 1.95 1.146 2.99-.701 1.47-2.463 1.834-3.656.756-.496-.448-.708-.942-.708-1.655 0-.516.033-.66.237-1.028.284-.513.811-.997 1.269-1.166.459-.169 1.275-.121 1.712.103\"\/><\/svg>\t<div class=\"kbm-link-list-item__content\">\n\t\t<p class=\"kbm-link-list-item__title\">Forandringshuset, Holmlia<\/p>\n\t\t\t\t\t<p class=\"kbm-link-list-item__description\">Forandringshuset, Holmlia i Oslo er et lokalt kultur- og aktivitetshus \u2013 av, for og med ungdom. M\u00e5let er \u00e5 skape \u00e5pne og trygge m\u00f8teplasser der barn og unge kan v\u00e6re seg selv og leve og utvikle seg som hele mennesker.\u00a0<\/p>\n\t\t\t<\/div>\n\t<\/a>\n\n<a class=\"wp-block-kbm-link-list-item\" href=\"https:\/\/kfuk-kfum.no\/\">\t<svg xmlns=\"http:\/\/www.w3.org\/2000\/svg\" viewBox=\"0 0 48 48\" height=\"24\" width=\"24\" class=\"t2-icon t2-icon-citiesnetwork\" aria-hidden=\"true\" focusable=\"false\"><path d=\"M8.566 3.127c-.986.193-2.254.801-3.062 1.467-1.357 1.12-2.245 2.768-2.464 4.572-.191 1.574.278 3.37 1.228 4.702.456.638 1.41 1.542 2.019 1.912 1.124.683 2.541 1.056 3.821 1.007l.721-.027 2.821 7.758c1.552 4.266 2.814 7.76 2.806 7.763-.146.05-1.044.814-1.366 1.162-1.208 1.305-1.811 2.871-1.809 4.702.002 3.131 2.144 5.855 5.239 6.661.903.235 2.235.238 3.184.007 3.171-.773 5.341-3.522 5.335-6.76-.003-1.135-.264-2.155-.819-3.199l-.248-.465 4.208-4.209 4.209-4.208.486.259c2.113 1.126 4.746 1.063 6.774-.163 2.257-1.364 3.603-4.046 3.314-6.603-.421-3.719-3.532-6.371-7.225-6.161-1.072.061-1.685.223-2.658.704-1.135.56-2.045 1.34-2.68 2.297l-.12.181-7.753-2.708-7.754-2.707-.013-1.156c-.011-.922-.05-1.284-.193-1.795-.697-2.493-2.753-4.442-5.224-4.953-.664-.137-2.172-.159-2.777-.04M31.235 20.28c.029 1.204.246 2.079.757 3.053l.301.575-4.207 4.197-4.206 4.196-.6-.312c-1.049-.546-2.476-.853-3.52-.756l-.52.049-2.827-7.78-2.827-7.779.184-.122c.435-.285 1.181-.974 1.493-1.379l.337-.437 7.804 2.728 7.805 2.727.026 1.04\"\/><\/svg>\t<div class=\"kbm-link-list-item__content\">\n\t\t<p class=\"kbm-link-list-item__title\">Partnerskap med KFUK-KFUM<\/p>\n\t\t\t\t\t<p class=\"kbm-link-list-item__description\">Vi driver v\u00e5re forandringshus i partnerskap med KFUK-KFUM. Forandringshusets viktigste oppgaver er bygge \u00e5pne, trygge fellesskap, der barn og unge kan v\u00e6re seg selv og leve og utvikle seg som hele mennesker.<\/p>\n\t\t\t<\/div>\n\t<\/a>\n\t\t<\/div>\n\t<\/div>\n\t","protected":false},"excerpt":{"rendered":"<p>Kultur, aktiviteter og m\u00f8teplasser Vi gir rom for unge menneskers liv og engasjement. V\u00e5re aktiviteter&hellip;<\/p>\n","protected":false},"author":5,"featured_media":0,"parent":0,"menu_order":0,"comment_status":"closed","ping_status":"closed","template":"","meta":{"_relevanssi_hide_post":"","_relevanssi_hide_content":"","_relevanssi_pin_for_all":"","_relevanssi_pin_keywords":"","_relevanssi_unpin_keywords":"","_relevanssi_related_keywords":"","_relevanssi_related_include_ids":"","_relevanssi_related_exclude_ids":"","_relevanssi_related_no_append":"","_relevanssi_related_not_related":"","_relevanssi_related_posts":"1","_relevanssi_noindex_reason":"","editor_notices":[],"footnotes":""},"class_list":["post-3","page","type-page","status-publish","hentry"],"yoast_head":"<!-- This site is optimized with the Yoast SEO Premium plugin v27.2 (Yoast SEO v27.2) - https:\/\/yoast.com\/product\/yoast-seo-premium-wordpress\/ -->\n<title>Kirkens Bymisjon - Forandringshuset<\/title>\n<meta name=\"description\" content=\"Forandringshuset er et kultur- og aktivitetshus av, for og med ungdom som drives i partnerskap med KFUK-KFUM og Kirkens Bymisjon.\" \/>\n<meta name=\"robots\" content=\"index, follow, max-snippet:-1, max-image-preview:large, max-video-preview:-1\" \/>\n<link rel=\"canonical\" href=\"https:\/\/kirkensbymisjon.no\/tilbud-forandringshuset\/\" \/>\n<meta property=\"og:locale\" content=\"nb_NO\" \/>\n<meta property=\"og:type\" content=\"article\" \/>\n<meta property=\"og:title\" content=\"Forside\" \/>\n<meta property=\"og:description\" content=\"Forandringshuset er et kultur- og aktivitetshus av, for og med ungdom som drives i partnerskap med KFUK-KFUM og Kirkens Bymisjon.\" \/>\n<meta property=\"og:url\" content=\"https:\/\/kirkensbymisjon.no\/tilbud-forandringshuset\/\" \/>\n<meta property=\"og:site_name\" content=\"Forandringshuset\" \/>\n<meta property=\"article:modified_time\" content=\"2025-05-08T09:26:21+00:00\" \/>\n<meta property=\"og:image\" content=\"https:\/\/kirkensbymisjon.no\/content\/uploads\/sites\/72\/2024\/09\/tilbud_forandringshuset_02.jpeg\" \/>\n\t<meta property=\"og:image:width\" content=\"1701\" \/>\n\t<meta property=\"og:image:height\" content=\"1150\" \/>\n\t<meta property=\"og:image:type\" content=\"image\/jpeg\" \/>\n<meta name=\"twitter:card\" content=\"summary_large_image\" \/>\n<meta name=\"twitter:label1\" content=\"Ansl. lesetid\" \/>\n\t<meta name=\"twitter:data1\" content=\"1 minutt\" \/>\n<script type=\"application\/ld+json\" class=\"yoast-schema-graph\">{\"@context\":\"https:\/\/schema.org\",\"@graph\":[{\"@type\":\"WebPage\",\"@id\":\"https:\/\/kirkensbymisjon.no\/tilbud-forandringshuset\/\",\"url\":\"https:\/\/kirkensbymisjon.no\/tilbud-forandringshuset\/\",\"name\":\"Kirkens Bymisjon - Forandringshuset\",\"isPartOf\":{\"@id\":\"https:\/\/kirkensbymisjon.no\/tilbud-forandringshuset\/#website\"},\"primaryImageOfPage\":{\"@id\":\"https:\/\/kirkensbymisjon.no\/tilbud-forandringshuset\/#primaryimage\"},\"image\":{\"@id\":\"https:\/\/kirkensbymisjon.no\/tilbud-forandringshuset\/#primaryimage\"},\"thumbnailUrl\":\"https:\/\/kirkensbymisjon.no\/content\/uploads\/sites\/72\/2024\/09\/tilbud_forandringshuset_02-1024x692.jpeg\",\"datePublished\":\"2024-06-26T09:16:10+00:00\",\"dateModified\":\"2025-05-08T09:26:21+00:00\",\"description\":\"Forandringshuset er et kultur- og aktivitetshus av, for og med ungdom som drives i partnerskap med KFUK-KFUM og Kirkens Bymisjon.\",\"breadcrumb\":{\"@id\":\"https:\/\/kirkensbymisjon.no\/tilbud-forandringshuset\/#breadcrumb\"},\"inLanguage\":\"nb-NO\",\"potentialAction\":[{\"@type\":\"ReadAction\",\"target\":[\"https:\/\/kirkensbymisjon.no\/tilbud-forandringshuset\/\"]}]},{\"@type\":\"ImageObject\",\"inLanguage\":\"nb-NO\",\"@id\":\"https:\/\/kirkensbymisjon.no\/tilbud-forandringshuset\/#primaryimage\",\"url\":\"https:\/\/kirkensbymisjon.no\/content\/uploads\/sites\/72\/2024\/09\/tilbud_forandringshuset_02-1024x692.jpeg\",\"contentUrl\":\"https:\/\/kirkensbymisjon.no\/content\/uploads\/sites\/72\/2024\/09\/tilbud_forandringshuset_02-1024x692.jpeg\"},{\"@type\":\"BreadcrumbList\",\"@id\":\"https:\/\/kirkensbymisjon.no\/tilbud-forandringshuset\/#breadcrumb\",\"itemListElement\":[{\"@type\":\"ListItem\",\"position\":1,\"name\":\"Hjem\",\"item\":\"https:\/\/kirkensbymisjon.no\/tilbud-forandringshuset\/\"},{\"@type\":\"ListItem\",\"position\":2,\"name\":\"Forside\"}]},{\"@type\":\"WebSite\",\"@id\":\"https:\/\/kirkensbymisjon.no\/tilbud-forandringshuset\/#website\",\"url\":\"https:\/\/kirkensbymisjon.no\/tilbud-forandringshuset\/\",\"name\":\"Forandringshuset\",\"description\":\"\",\"potentialAction\":[{\"@type\":\"SearchAction\",\"target\":{\"@type\":\"EntryPoint\",\"urlTemplate\":\"https:\/\/kirkensbymisjon.no\/tilbud-forandringshuset\/?s={search_term_string}\"},\"query-input\":{\"@type\":\"PropertyValueSpecification\",\"valueRequired\":true,\"valueName\":\"search_term_string\"}}],\"inLanguage\":\"nb-NO\"}]}<\/script>\n<!-- \/ Yoast SEO Premium plugin. -->","yoast_head_json":{"title":"Kirkens Bymisjon - Forandringshuset","description":"Forandringshuset er et kultur- og aktivitetshus av, for og med ungdom som drives i partnerskap med KFUK-KFUM og Kirkens Bymisjon.","robots":{"index":"index","follow":"follow","max-snippet":"max-snippet:-1","max-image-preview":"max-image-preview:large","max-video-preview":"max-video-preview:-1"},"canonical":"https:\/\/kirkensbymisjon.no\/tilbud-forandringshuset\/","og_locale":"nb_NO","og_type":"article","og_title":"Forside","og_description":"Forandringshuset er et kultur- og aktivitetshus av, for og med ungdom som drives i partnerskap med KFUK-KFUM og Kirkens Bymisjon.","og_url":"https:\/\/kirkensbymisjon.no\/tilbud-forandringshuset\/","og_site_name":"Forandringshuset","article_modified_time":"2025-05-08T09:26:21+00:00","og_image":[{"width":1701,"height":1150,"url":"https:\/\/kirkensbymisjon.no\/content\/uploads\/sites\/72\/2024\/09\/tilbud_forandringshuset_02.jpeg","type":"image\/jpeg"}],"twitter_card":"summary_large_image","twitter_misc":{"Ansl. lesetid":"1 minutt"},"schema":{"@context":"https:\/\/schema.org","@graph":[{"@type":"WebPage","@id":"https:\/\/kirkensbymisjon.no\/tilbud-forandringshuset\/","url":"https:\/\/kirkensbymisjon.no\/tilbud-forandringshuset\/","name":"Kirkens Bymisjon - Forandringshuset","isPartOf":{"@id":"https:\/\/kirkensbymisjon.no\/tilbud-forandringshuset\/#website"},"primaryImageOfPage":{"@id":"https:\/\/kirkensbymisjon.no\/tilbud-forandringshuset\/#primaryimage"},"image":{"@id":"https:\/\/kirkensbymisjon.no\/tilbud-forandringshuset\/#primaryimage"},"thumbnailUrl":"https:\/\/kirkensbymisjon.no\/content\/uploads\/sites\/72\/2024\/09\/tilbud_forandringshuset_02-1024x692.jpeg","datePublished":"2024-06-26T09:16:10+00:00","dateModified":"2025-05-08T09:26:21+00:00","description":"Forandringshuset er et kultur- og aktivitetshus av, for og med ungdom som drives i partnerskap med KFUK-KFUM og Kirkens Bymisjon.","breadcrumb":{"@id":"https:\/\/kirkensbymisjon.no\/tilbud-forandringshuset\/#breadcrumb"},"inLanguage":"nb-NO","potentialAction":[{"@type":"ReadAction","target":["https:\/\/kirkensbymisjon.no\/tilbud-forandringshuset\/"]}]},{"@type":"ImageObject","inLanguage":"nb-NO","@id":"https:\/\/kirkensbymisjon.no\/tilbud-forandringshuset\/#primaryimage","url":"https:\/\/kirkensbymisjon.no\/content\/uploads\/sites\/72\/2024\/09\/tilbud_forandringshuset_02-1024x692.jpeg","contentUrl":"https:\/\/kirkensbymisjon.no\/content\/uploads\/sites\/72\/2024\/09\/tilbud_forandringshuset_02-1024x692.jpeg"},{"@type":"BreadcrumbList","@id":"https:\/\/kirkensbymisjon.no\/tilbud-forandringshuset\/#breadcrumb","itemListElement":[{"@type":"ListItem","position":1,"name":"Hjem","item":"https:\/\/kirkensbymisjon.no\/tilbud-forandringshuset\/"},{"@type":"ListItem","position":2,"name":"Forside"}]},{"@type":"WebSite","@id":"https:\/\/kirkensbymisjon.no\/tilbud-forandringshuset\/#website","url":"https:\/\/kirkensbymisjon.no\/tilbud-forandringshuset\/","name":"Forandringshuset","description":"","potentialAction":[{"@type":"SearchAction","target":{"@type":"EntryPoint","urlTemplate":"https:\/\/kirkensbymisjon.no\/tilbud-forandringshuset\/?s={search_term_string}"},"query-input":{"@type":"PropertyValueSpecification","valueRequired":true,"valueName":"search_term_string"}}],"inLanguage":"nb-NO"}]}},"_links":{"self":[{"href":"https:\/\/kirkensbymisjon.no\/tilbud-forandringshuset\/wp-json\/wp\/v2\/pages\/3","targetHints":{"allow":["GET"]}}],"collection":[{"href":"https:\/\/kirkensbymisjon.no\/tilbud-forandringshuset\/wp-json\/wp\/v2\/pages"}],"about":[{"href":"https:\/\/kirkensbymisjon.no\/tilbud-forandringshuset\/wp-json\/wp\/v2\/types\/page"}],"author":[{"embeddable":true,"href":"https:\/\/kirkensbymisjon.no\/tilbud-forandringshuset\/wp-json\/wp\/v2\/users\/5"}],"replies":[{"embeddable":true,"href":"https:\/\/kirkensbymisjon.no\/tilbud-forandringshuset\/wp-json\/wp\/v2\/comments?post=3"}],"version-history":[{"count":5,"href":"https:\/\/kirkensbymisjon.no\/tilbud-forandringshuset\/wp-json\/wp\/v2\/pages\/3\/revisions"}],"predecessor-version":[{"id":48,"href":"https:\/\/kirkensbymisjon.no\/tilbud-forandringshuset\/wp-json\/wp\/v2\/pages\/3\/revisions\/48"}],"wp:attachment":[{"href":"https:\/\/kirkensbymisjon.no\/tilbud-forandringshuset\/wp-json\/wp\/v2\/media?parent=3"}],"curies":[{"name":"wp","href":"https:\/\/api.w.org\/{rel}","templated":true}]}}