{"id":3,"date":"2024-06-26T22:00:16","date_gmt":"2024-06-26T20:00:16","guid":{"rendered":"https:\/\/kirkensbymisjon.no\/tilbud-fri-barn-og-familie\/forside\/"},"modified":"2026-01-15T11:19:47","modified_gmt":"2026-01-15T10:19:47","slug":"forside","status":"publish","type":"page","link":"https:\/\/kirkensbymisjon.no\/tilbud-fri-barn-og-familie\/","title":{"rendered":"Forside"},"content":{"rendered":"\n<div class=\"wp-block-media-text alignwide is-stacked-on-mobile is-style-filled\"><figure class=\"wp-block-media-text__media\"><img loading=\"lazy\" decoding=\"async\" width=\"1024\" height=\"683\" src=\"https:\/\/kirkensbymisjon.no\/content\/uploads\/sites\/88\/2024\/08\/Tilbud_Fri-barn-og-familie_03-1024x683.jpg\" alt=\"Mor og datter\" class=\"wp-image-35 size-full\" srcset=\"https:\/\/kirkensbymisjon.no\/content\/uploads\/sites\/88\/2024\/08\/Tilbud_Fri-barn-og-familie_03-1024x683.jpg 1024w, https:\/\/kirkensbymisjon.no\/content\/uploads\/sites\/88\/2024\/08\/Tilbud_Fri-barn-og-familie_03-300x200.jpg 300w, https:\/\/kirkensbymisjon.no\/content\/uploads\/sites\/88\/2024\/08\/Tilbud_Fri-barn-og-familie_03-768x512.jpg 768w, https:\/\/kirkensbymisjon.no\/content\/uploads\/sites\/88\/2024\/08\/Tilbud_Fri-barn-og-familie_03-1536x1024.jpg 1536w, https:\/\/kirkensbymisjon.no\/content\/uploads\/sites\/88\/2024\/08\/Tilbud_Fri-barn-og-familie_03.jpg 1701w\" sizes=\"auto, (max-width: 1024px) 100vw, 1024px\" \/><\/figure><div class=\"wp-block-media-text__content\">\n<h2 class=\"wp-block-heading\" id=\"h-flere-tusen-barn-har-en-mamma-eller-pappa-som-soner\">Flere tusen barn har en mamma eller pappa som soner<\/h2>\n\n\n\n<p>N\u00e5r en forelder er i fengsel, eller soner p\u00e5 annen m\u00e5te, g\u00e5r straffen utover barna og familien. Vi jobber for \u00e5 redusere disse belastningene, og har en rekke tilbud i flere byer.<\/p>\n<\/div><\/div>\n\n\n\t<div class=\"alignwide wp-block-kbm-link-list\">\n\t\t<div class=\"kbm-link-list__items\">\n\t\t\t\n<a class=\"wp-block-kbm-link-list-item\" href=\"https:\/\/kirkensbymisjon.no\/tilbud-fri-barn-og-familie\/om-fri-barn-og-familie\/#familieaktiviteter\">\t<svg xmlns=\"http:\/\/www.w3.org\/2000\/svg\" viewBox=\"0 0 48 48\" height=\"24\" width=\"24\" class=\"t2-icon t2-icon-activities\" aria-hidden=\"true\" focusable=\"false\"><path d=\"M22.24 4.082c-1.537.145-3.662.604-4.838 1.044l-.46.172 1.269.657a45.146 45.146 0 0 1 4.402 2.614l1.053.704.92-.914c.658-.654.985-1.046 1.147-1.377.218-.444.227-.509.227-1.635 0-.645-.023-1.196-.051-1.225-.086-.086-2.858-.117-3.669-.04m5.74 1.539c-.067 1.941-.296 2.447-1.809 4.001-.495.508-.809.89-.765.93.076.07 1.89 1.588 2.275 1.904l.215.177 1.268-.757c1.641-.978 3.137-1.715 4.223-2.077.888-.297 3.075-.838 3.388-.839.334 0 .259-.142-.317-.603-2.297-1.839-5.03-3.136-8.227-3.904l-.21-.051-.041 1.219M13.856 6.795a20.046 20.046 0 0 0-7.694 8.241c-.315.627-.379.812-.268.766 1.413-.576 3.008-.981 6.906-1.754 3.858-.766 4.59-.978 6.36-1.847 1.061-.522 2.761-1.532 2.759-1.641 0-.078-2.135-1.427-3.359-2.124-1.038-.59-3.468-1.813-3.93-1.977-.077-.028-.395.111-.774.336m24.264 3.981c-.699.095-2.683.531-3.545.78-1.311.377-3.096 1.234-4.716 2.263l-.421.267.768.857a28.269 28.269 0 0 1 1.336 1.617l.594.795c.015.019.27-.043.566-.138 1.534-.493 3.559-.7 4.628-.471.805.171 1.633.536 2.513 1.104 1.023.662 1.765 1.294 2.977 2.538.561.576 1.02 1.021 1.02.989-.001-.19-.279-1.614-.442-2.259-.458-1.821-1.336-3.917-2.306-5.506-.496-.813-1.395-2.056-1.859-2.57-.304-.335-.41-.361-1.113-.266m-15.24 1.59c-1.741 1.197-3.526 2.102-5.28 2.677-.874.286-1.844.497-5.32 1.157-3.108.591-5.045 1.148-6.645 1.913l-.885.423-.177.752c-.986 4.19-.673 8.369.918 12.272a21.302 21.302 0 0 0 1.646 3.178l.416.649.252-.793c.815-2.568 2.351-5.318 4.551-8.147 3.094-3.98 8.082-8.628 12.844-11.968.462-.324.855-.6.873-.614.018-.013-.036-.1-.12-.194-.197-.219-2.19-1.832-2.26-1.829-.029.001-.395.237-.813.524m3.76 3.576c-7.452 5.349-13.249 11.435-15.791 16.576-.808 1.636-1.403 3.4-1.541 4.575l-.05.424.74.721c1.605 1.564 3.124 2.636 5.162 3.644 1.821.9 3.968 1.59 5.728 1.84l.368.053.367-.838c1.065-2.43 2.307-6.753 3.856-13.417 1.097-4.718 1.602-6.457 2.315-7.967.582-1.232 1.464-2.397 2.278-3.011l.271-.204-.187-.269c-.608-.873-2.331-2.79-2.505-2.788-.05.001-.505.298-1.011.661m8.32 2.816c-.545.092-1.604.34-1.65.385-.01.011.298.651.684 1.424 2.189 4.371 3.69 10.092 4.194 15.976.061.717.128 1.32.149 1.341.103.102 1.694-1.869 2.457-3.044 1.834-2.824 2.809-5.747 3.166-9.492l.051-.532-.819-.988c-1.076-1.298-3.236-3.453-3.992-3.982-1.56-1.093-2.614-1.363-4.24-1.088m-3.855 1.563c-.727.599-1.502 1.938-2.067 3.572-.425 1.231-.688 2.246-1.755 6.787-1.42 6.046-2.342 9.348-3.297 11.8a51.391 51.391 0 0 0-.527 1.393c-.043.146-.001.15 1.108.096 2.232-.109 3.791-.386 5.673-1.006 1.379-.455 2.534-.964 3.68-1.622.914-.525 2.17-1.361 2.325-1.548.123-.148.108-1.055-.05-2.913-.396-4.656-1.498-9.474-3.026-13.228-.445-1.095-1.643-3.572-1.726-3.572-.026 0-.178.108-.338.241\"\/><\/svg>\t<div class=\"kbm-link-list-item__content\">\n\t\t<p class=\"kbm-link-list-item__title\">Familieaktiviteter<\/p>\n\t\t\t\t\t<p class=\"kbm-link-list-item__description\">Jevnlig arrangerer vi familieaktiviteter der barn og foreldre kan delta gratis. Det er en fin mulighet til \u00e5 gjenoppta kontakt p\u00e5, eller at familien kan gj\u00f8re noe sammen med den som soner.<\/p>\n\t\t\t<\/div>\n\t<\/a>\n\n<a class=\"wp-block-kbm-link-list-item\" href=\"https:\/\/kirkensbymisjon.no\/tilbud-fri-barn-og-familie\/om-fri-barn-og-familie\/#f%C3%B8lgetjenesten\">\t<svg xmlns=\"http:\/\/www.w3.org\/2000\/svg\" viewBox=\"0 0 48 48\" height=\"24\" width=\"24\" class=\"t2-icon t2-icon-locationaddress\" aria-hidden=\"true\" focusable=\"false\"><path d=\"M21.76 5.193c-3.324.58-6.181 2.225-8.355 4.812-3.172 3.776-4.223 9.001-2.749 13.675 1.282 4.066 5.867 11.461 11.388 18.367C23.389 43.729 23.661 44 24 44c.339 0 .611-.271 1.956-1.953 5.521-6.906 10.106-14.301 11.388-18.367 1.133-3.592.79-7.53-.954-10.957-1.965-3.863-5.477-6.563-9.692-7.452-1.17-.247-3.739-.288-4.938-.078m4 6.929c2.568.674 4.644 2.811 5.293 5.448.246 1.002.246 2.579-.001 3.59-.463 1.893-1.801 3.71-3.447 4.678-1.843 1.084-4.224 1.269-6.203.483-2.18-.866-3.888-2.845-4.454-5.161-.247-1.011-.247-2.588-.001-3.59.691-2.809 2.883-4.94 5.693-5.535.689-.146 2.417-.098 3.12.087\"\/><\/svg>\t<div class=\"kbm-link-list-item__content\">\n\t\t<p class=\"kbm-link-list-item__title\">F\u00f8lgetjenesten<\/p>\n\t\t\t\t\t<p class=\"kbm-link-list-item__description\">Vi tilbyr hjelp med kj\u00f8ring for barn og ungdom som har en forelder i fengsel, og som av ulike \u00e5rsaker ikke f\u00e5r reist p\u00e5 bes\u00f8k. Vi m\u00e5 ha samtaler med b\u00e5de foreldre barn i forkant.<\/p>\n\t\t\t<\/div>\n\t<\/a>\n\n<a class=\"wp-block-kbm-link-list-item\" href=\"https:\/\/kirkensbymisjon.no\/tilbud-fri-barn-og-familie\/om-fri-barn-og-familie\/#foreldreveiledning-og-samtaler\">\t<svg xmlns=\"http:\/\/www.w3.org\/2000\/svg\" viewBox=\"0 0 48 48\" height=\"24\" width=\"24\" class=\"t2-icon t2-icon-substanceabuse\" aria-hidden=\"true\" focusable=\"false\"><path d=\"M12.56 9.154c-1.341.298-2.645 1.02-3.574 1.979C7.697 12.465 7.02 14.139 7.02 16c0 1.434.389 2.738 1.147 3.847 1.839 2.689 5.013 3.786 8.045 2.781 2.343-.777 4.141-2.82 4.672-5.308.157-.736.12-2.2-.074-2.939-.374-1.42-.887-2.311-1.927-3.341-.989-.98-2.132-1.604-3.441-1.88-.683-.143-2.248-.147-2.882-.006m19.96.013c-.635.139-1.595.533-2.262.927-.582.343-1.821 1.582-2.164 2.164-.801 1.355-1.097 2.524-1.03 4.056.053 1.203.179 1.707.694 2.766a6.659 6.659 0 0 0 3.162 3.162c1.198.583 1.617.675 3.08.675s1.882-.092 3.08-.675a6.878 6.878 0 0 0 2.325-1.823c.5-.602 1.152-1.869 1.369-2.659.108-.395.143-.818.143-1.76 0-1.463-.092-1.882-.675-3.08a6.878 6.878 0 0 0-1.823-2.325c-.59-.49-1.865-1.151-2.619-1.357-.694-.191-2.555-.231-3.28-.071M8.438 28.079c-2.389.351-4.344 1.951-5.133 4.201l-.225.64-.024 3.02-.025 3.02h17.586l.048-1.06c.071-1.592.431-2.97 1.156-4.42.413-.828 1.123-1.894 1.7-2.553.219-.251.399-.497.399-.548 0-.149-.879-.956-1.44-1.322a7.39 7.39 0 0 0-1.133-.577c-1.197-.462-1.483-.481-7.257-.47-2.888.005-5.431.037-5.652.069m24.251.006c-1.748.203-3.4.813-4.929 1.82-.842.555-2.146 1.809-2.743 2.638-1.226 1.702-1.977 3.887-1.977 5.747v.67h21.92v-.67c0-1.861-.751-4.045-1.978-5.748-.523-.727-1.755-1.947-2.502-2.478-2.187-1.554-5.092-2.292-7.791-1.979\"\/><\/svg>\t<div class=\"kbm-link-list-item__content\">\n\t\t<p class=\"kbm-link-list-item__title\">Foreldreveiledning og samtaler<\/p>\n\t\t\t\t\t<p class=\"kbm-link-list-item__description\">Hvordan opplever barn og unge \u00e5 ha en forelder i fengsel? Hva kan du som voksen, venn eller fagperson gj\u00f8re? Vi tilbyr samtaler med barn og foreldre, samt foreldreveiledning.<\/p>\n\t\t\t<\/div>\n\t<\/a>\n\t\t<\/div>\n\t<\/div>\n\t\n\n\t<div class=\"alignwide wp-block-kbm-link-list\">\n\t\t<div class=\"kbm-link-list__items\">\n\t\t\t\n<a class=\"wp-block-kbm-link-list-item\" href=\"https:\/\/kirkensbymisjon.no\/tilbud-fri-barn-og-familie\/om-fri-barn-og-familie\/#tilrettelagt-samv%C3%A6r\">\t<svg xmlns=\"http:\/\/www.w3.org\/2000\/svg\" viewBox=\"0 0 48 48\" height=\"24\" width=\"24\" class=\"t2-icon t2-icon-child\" aria-hidden=\"true\" focusable=\"false\"><path d=\"M22.48 4.083a22.9 22.9 0 0 0-3.643.637c-4.782 1.215-9.055 4.091-11.768 7.92-1.339 1.89-2.379 4.2-2.87 6.374-.107.471-.174.877-.15.902.087.087 4.165.035 4.951-.064 3.552-.445 6.287-1.242 9.377-2.733 5.019-2.422 9.062-6.008 11.68-10.359.454-.755.903-1.587.903-1.674 0-.134-2.46-.708-3.8-.887-1.157-.154-3.632-.216-4.68-.116m10.334 2.053c-.147.277-.484 1.442-.611 2.11-.603 3.166.272 6.614 2.33 9.186 2.143 2.678 5.219 4.283 8.691 4.534l.785.057-.052-.432c-.466-3.924-1.689-6.961-4.022-9.991-.725-.941-2.455-2.645-3.418-3.367a23.81 23.81 0 0 0-2.932-1.863c-.637-.346-.702-.366-.771-.234m-3.385 4.556c-1.996 2.789-4.882 5.435-7.847 7.195-4.513 2.679-9.686 4.12-15.89 4.426-.852.042-1.572.1-1.6.129-.112.112-.04 3.203.098 4.158.331 2.31.953 4.278 2.007 6.346 2.145 4.213 5.559 7.445 9.883 9.359 4.618 2.043 9.756 2.228 14.6.527 1.926-.677 4.461-2.119 6.03-3.43 4.305-3.6 6.941-8.865 7.258-14.502.03-.539.033-.98.007-.98-.026 0-.468-.055-.982-.123-5.668-.743-9.68-3.183-11.634-7.077-.427-.851-.977-2.522-1.158-3.52a23.852 23.852 0 0 1-.23-1.948l-.091-1.189-.451.629M18.84 24.141c.429.222.955.777 1.154 1.219.109.242.163.531.163.88.002.688-.238 1.202-.794 1.702-.971.873-2.304.78-3.187-.223-.556-.631-.715-1.441-.442-2.245.173-.508.883-1.235 1.386-1.419.48-.176 1.292-.135 1.72.086m13.058.008c1.112.567 1.642 1.95 1.146 2.99-.701 1.47-2.463 1.834-3.656.756-.496-.448-.708-.942-.708-1.655 0-.516.033-.66.237-1.028.284-.513.811-.997 1.269-1.166.459-.169 1.275-.121 1.712.103\"\/><\/svg>\t<div class=\"kbm-link-list-item__content\">\n\t\t<p class=\"kbm-link-list-item__title\">Tilrettelagt samv\u00e6r<\/p>\n\t\t\t\t\t<p class=\"kbm-link-list-item__description\">Vi har tilgang p\u00e5 egnede lokaler for tilrettelagt samv\u00e6r der foreldre og barn har rett til det. Vi kan ogs\u00e5 bist\u00e5 ved barnebes\u00f8k i fengsel med forberedende samtaler og tilsyn ved bes\u00f8k.<\/p>\n\t\t\t<\/div>\n\t<\/a>\n\n<a class=\"wp-block-kbm-link-list-item\" href=\"https:\/\/kirkensbymisjon.no\/tilbud-fri-barn-og-familie\/om-fri-barn-og-familie\/#oppf%C3%B8lging-rundt-samv%C3%A6r\">\t<svg xmlns=\"http:\/\/www.w3.org\/2000\/svg\" viewBox=\"0 0 48 48\" height=\"24\" width=\"24\" class=\"t2-icon t2-icon-conversations\" aria-hidden=\"true\" focusable=\"false\"><path d=\"M17.32 3.094c-5.657.702-10.128 3.89-11.592 8.266-.429 1.281-.554 2.15-.503 3.48.091 2.359.84 4.177 2.637 6.4l.194.24-1.547 2.48a1047.26 1047.26 0 0 0-2.025 3.256l-.477.776 2.297-.788c1.263-.433 3.316-1.138 4.562-1.568l2.266-.78.934.293c1.466.46 1.347.473 1.814-.197 2.253-3.232 6.618-5.596 11.23-6.078.871-.091 3.664-.057 4.456.054l.326.046.22-.49c.601-1.341.867-2.55.87-3.964.003-1.161-.111-1.889-.471-3-.548-1.693-1.441-3.086-2.858-4.456-2.194-2.121-5.095-3.478-8.345-3.904-.83-.109-3.313-.15-3.988-.066m9.974 16.986c-4.999.527-9.314 3.225-11.195 7-1.41 2.83-1.427 5.935-.047 8.712 2.876 5.789 10.846 8.631 17.838 6.361l.97-.315 4.51 1.553c2.481.855 4.521 1.543 4.534 1.53.014-.013-.878-1.472-1.981-3.242l-2.005-3.219.429-.53c1.19-1.471 1.904-2.945 2.27-4.685.168-.797.184-2.557.031-3.405-.236-1.313-.826-2.755-1.62-3.96-.612-.929-2.306-2.599-3.308-3.26-1.897-1.254-4.01-2.062-6.32-2.418-.979-.151-3.203-.217-4.106-.122\"\/><\/svg>\t<div class=\"kbm-link-list-item__content\">\n\t\t<p class=\"kbm-link-list-item__title\">Oppf\u00f8lging rundt samv\u00e6r<\/p>\n\t\t\t\t\t<p class=\"kbm-link-list-item__description\">Vi gir veiledning i forkant og etterkant av bes\u00f8k\/samv\u00e6r, og bist\u00e5r familier i samarbeid med barnehage, skole, barneverntjenesten, kriminalomsorg og friomsorg.<\/p>\n\t\t\t<\/div>\n\t<\/a>\n\t\t<\/div>\n\t<\/div>\n\t\n\n<div class=\"t2-accordion wp-block-t2-accordion\" data-allow-multiple=\"1\" role=\"list\">\n<div class=\"t2-accordion-item wp-block-t2-accordion-item\" role=\"listitem\">\n\t\t\t<h2 class=\"t2-accordion-title\">\n\t\t\t\t<button type=\"button\" class=\"t2-accordion-trigger\" id=\"personvernerkl\u00e6ring\" aria-controls=\"accordion-panel\" aria-expanded=\"false\">\n\t\t\t\t\tPersonvernerkl\u00e6ring\n\t\t\t\t\t<span class=\"t2-accordion-icon is-closed-icon\"><svg xmlns=\"http:\/\/www.w3.org\/2000\/svg\" viewBox=\"0 0 24 24\" height=\"24\" width=\"24\" class=\"t2-icon t2-icon-plus\" aria-hidden=\"true\" focusable=\"false\"><path d=\"M11.8 5.037a1.088 1.088 0 0 0-.722.566c-.075.148-.078.25-.078 2.772v2.619l-2.61.016c-1.867.012-2.652.03-2.756.064-.168.055-.438.301-.54.494-.049.092-.07.223-.07.432 0 .34.054.476.282.704.289.289.14.275 3.064.288l2.63.012v2.619c0 2.544.002 2.625.08 2.778.191.372.516.577.92.577s.729-.205.92-.577c.078-.153.08-.234.08-2.778v-2.619l2.63-.012c2.924-.013 2.775.001 3.064-.288.228-.228.282-.364.282-.704 0-.209-.021-.34-.07-.432-.102-.193-.372-.439-.54-.494-.104-.034-.889-.052-2.756-.064L13 10.994V8.375c0-2.522-.003-2.624-.078-2.772-.214-.418-.685-.656-1.122-.566\"\/><\/svg><\/span>\n\t\t\t\t\t<span class=\"t2-accordion-icon is-open-icon\"><svg xmlns=\"http:\/\/www.w3.org\/2000\/svg\" viewBox=\"0 0 24 24\" height=\"24\" width=\"24\" class=\"t2-icon t2-icon-chevronup\" aria-hidden=\"true\" focusable=\"false\"><path d=\"M6.7 14.7c-.2-.2-.3-.4-.3-.7s.1-.5.3-.7l4.6-4.6c.1-.1.2-.2.3-.2.1 0 .2-.1.4-.1.1 0 .3 0 .4.1.1 0 .2.1.3.2l4.6 4.6c.2.2.3.4.3.7s-.1.5-.3.7c-.2.2-.4.3-.7.3s-.5-.1-.7-.3L12 10.8l-3.9 3.9c-.2.2-.4.3-.7.3s-.5-.1-.7-.3z\" fill=\"currentColor\" \/><\/svg><\/span>\n\t\t\t\t<\/button>\n\t\t\t<\/h2>\n\t\t\t<div class=\"t2-accordion-item__inner-container is-layout-flow\" id=\"accordion-panel\" aria-labelledby=\"personvernerkl\u00e6ring\" role=\"region\" hidden>\n\t\t\t\t\n\n<p><a href=\"https:\/\/kirkensbymisjon.no\/content\/uploads\/sites\/88\/2025\/04\/Personvernerklaering_FRI_Barn_og_familie-2-1.pdf\" target=\"_blank\" rel=\"noreferrer noopener\">Her kan du laste ned v\u00e5r personvernerkl\u00e6ring<\/a>.<\/p>\n\n\n\t\t\t<\/div>\n\t\t<\/div>\n<\/div>","protected":false},"excerpt":{"rendered":"<p>Flere tusen barn har en mamma eller pappa som soner N\u00e5r en forelder er i&hellip;<\/p>\n","protected":false},"author":5,"featured_media":0,"parent":0,"menu_order":0,"comment_status":"closed","ping_status":"closed","template":"","meta":{"_relevanssi_hide_post":"","_relevanssi_hide_content":"","_relevanssi_pin_for_all":"","_relevanssi_pin_keywords":"","_relevanssi_unpin_keywords":"","_relevanssi_related_keywords":"","_relevanssi_related_include_ids":"","_relevanssi_related_exclude_ids":"","_relevanssi_related_no_append":"","_relevanssi_related_not_related":"","_relevanssi_related_posts":"1","_relevanssi_noindex_reason":"","editor_notices":[],"footnotes":""},"class_list":["post-3","page","type-page","status-publish","hentry"],"yoast_head":"<!-- This site is optimized with the Yoast SEO Premium plugin v27.2 (Yoast SEO v27.2) - https:\/\/yoast.com\/product\/yoast-seo-premium-wordpress\/ -->\n<title>Kirkens Bymisjon - Fri \u2013 barn og familie<\/title>\n<meta name=\"description\" content=\"Vi tilbyr hjelp med samv\u00e6r, veiledning, og har en rekke aktiviteter \u2013 for hele familien.\" \/>\n<meta name=\"robots\" content=\"index, follow, max-snippet:-1, max-image-preview:large, max-video-preview:-1\" \/>\n<link rel=\"canonical\" href=\"https:\/\/kirkensbymisjon.no\/tilbud-fri-barn-og-familie\/\" \/>\n<meta property=\"og:locale\" content=\"nb_NO\" \/>\n<meta property=\"og:type\" content=\"article\" \/>\n<meta property=\"og:title\" content=\"Forside\" \/>\n<meta property=\"og:description\" content=\"Vi tilbyr hjelp med samv\u00e6r, veiledning, og har en rekke aktiviteter \u2013 for hele familien.\" \/>\n<meta property=\"og:url\" content=\"https:\/\/kirkensbymisjon.no\/tilbud-fri-barn-og-familie\/\" \/>\n<meta property=\"og:site_name\" content=\"Fri \u2013 barn og familie\" \/>\n<meta property=\"article:modified_time\" content=\"2026-01-15T10:19:47+00:00\" \/>\n<meta property=\"og:image\" content=\"https:\/\/kirkensbymisjon.no\/content\/uploads\/sites\/88\/2024\/08\/Tilbud_Fri-barn-og-familie_03.jpg\" \/>\n\t<meta property=\"og:image:width\" content=\"1701\" \/>\n\t<meta property=\"og:image:height\" content=\"1134\" \/>\n\t<meta property=\"og:image:type\" content=\"image\/jpeg\" \/>\n<meta name=\"twitter:card\" content=\"summary_large_image\" \/>\n<meta name=\"twitter:label1\" content=\"Ansl. lesetid\" \/>\n\t<meta name=\"twitter:data1\" content=\"1 minutt\" \/>\n<script type=\"application\/ld+json\" class=\"yoast-schema-graph\">{\"@context\":\"https:\/\/schema.org\",\"@graph\":[{\"@type\":\"WebPage\",\"@id\":\"https:\/\/kirkensbymisjon.no\/tilbud-fri-barn-og-familie\/\",\"url\":\"https:\/\/kirkensbymisjon.no\/tilbud-fri-barn-og-familie\/\",\"name\":\"Kirkens Bymisjon - Fri \u2013 barn og familie\",\"isPartOf\":{\"@id\":\"https:\/\/kirkensbymisjon.no\/tilbud-fri-barn-og-familie\/#website\"},\"primaryImageOfPage\":{\"@id\":\"https:\/\/kirkensbymisjon.no\/tilbud-fri-barn-og-familie\/#primaryimage\"},\"image\":{\"@id\":\"https:\/\/kirkensbymisjon.no\/tilbud-fri-barn-og-familie\/#primaryimage\"},\"thumbnailUrl\":\"https:\/\/kirkensbymisjon.no\/content\/uploads\/sites\/88\/2024\/08\/Tilbud_Fri-barn-og-familie_03-1024x683.jpg\",\"datePublished\":\"2024-06-26T20:00:16+00:00\",\"dateModified\":\"2026-01-15T10:19:47+00:00\",\"description\":\"Vi tilbyr hjelp med samv\u00e6r, veiledning, og har en rekke aktiviteter \u2013 for hele familien.\",\"breadcrumb\":{\"@id\":\"https:\/\/kirkensbymisjon.no\/tilbud-fri-barn-og-familie\/#breadcrumb\"},\"inLanguage\":\"nb-NO\",\"potentialAction\":[{\"@type\":\"ReadAction\",\"target\":[\"https:\/\/kirkensbymisjon.no\/tilbud-fri-barn-og-familie\/\"]}]},{\"@type\":\"ImageObject\",\"inLanguage\":\"nb-NO\",\"@id\":\"https:\/\/kirkensbymisjon.no\/tilbud-fri-barn-og-familie\/#primaryimage\",\"url\":\"https:\/\/kirkensbymisjon.no\/content\/uploads\/sites\/88\/2024\/08\/Tilbud_Fri-barn-og-familie_03-1024x683.jpg\",\"contentUrl\":\"https:\/\/kirkensbymisjon.no\/content\/uploads\/sites\/88\/2024\/08\/Tilbud_Fri-barn-og-familie_03-1024x683.jpg\"},{\"@type\":\"BreadcrumbList\",\"@id\":\"https:\/\/kirkensbymisjon.no\/tilbud-fri-barn-og-familie\/#breadcrumb\",\"itemListElement\":[{\"@type\":\"ListItem\",\"position\":1,\"name\":\"Hjem\",\"item\":\"https:\/\/kirkensbymisjon.no\/tilbud-fri-barn-og-familie\/\"},{\"@type\":\"ListItem\",\"position\":2,\"name\":\"Forside\"}]},{\"@type\":\"WebSite\",\"@id\":\"https:\/\/kirkensbymisjon.no\/tilbud-fri-barn-og-familie\/#website\",\"url\":\"https:\/\/kirkensbymisjon.no\/tilbud-fri-barn-og-familie\/\",\"name\":\"Fri \u2013 barn og familie\",\"description\":\"\",\"potentialAction\":[{\"@type\":\"SearchAction\",\"target\":{\"@type\":\"EntryPoint\",\"urlTemplate\":\"https:\/\/kirkensbymisjon.no\/tilbud-fri-barn-og-familie\/?s={search_term_string}\"},\"query-input\":{\"@type\":\"PropertyValueSpecification\",\"valueRequired\":true,\"valueName\":\"search_term_string\"}}],\"inLanguage\":\"nb-NO\"}]}<\/script>\n<!-- \/ Yoast SEO Premium plugin. -->","yoast_head_json":{"title":"Kirkens Bymisjon - Fri \u2013 barn og familie","description":"Vi tilbyr hjelp med samv\u00e6r, veiledning, og har en rekke aktiviteter \u2013 for hele familien.","robots":{"index":"index","follow":"follow","max-snippet":"max-snippet:-1","max-image-preview":"max-image-preview:large","max-video-preview":"max-video-preview:-1"},"canonical":"https:\/\/kirkensbymisjon.no\/tilbud-fri-barn-og-familie\/","og_locale":"nb_NO","og_type":"article","og_title":"Forside","og_description":"Vi tilbyr hjelp med samv\u00e6r, veiledning, og har en rekke aktiviteter \u2013 for hele familien.","og_url":"https:\/\/kirkensbymisjon.no\/tilbud-fri-barn-og-familie\/","og_site_name":"Fri \u2013 barn og familie","article_modified_time":"2026-01-15T10:19:47+00:00","og_image":[{"width":1701,"height":1134,"url":"https:\/\/kirkensbymisjon.no\/content\/uploads\/sites\/88\/2024\/08\/Tilbud_Fri-barn-og-familie_03.jpg","type":"image\/jpeg"}],"twitter_card":"summary_large_image","twitter_misc":{"Ansl. lesetid":"1 minutt"},"schema":{"@context":"https:\/\/schema.org","@graph":[{"@type":"WebPage","@id":"https:\/\/kirkensbymisjon.no\/tilbud-fri-barn-og-familie\/","url":"https:\/\/kirkensbymisjon.no\/tilbud-fri-barn-og-familie\/","name":"Kirkens Bymisjon - Fri \u2013 barn og familie","isPartOf":{"@id":"https:\/\/kirkensbymisjon.no\/tilbud-fri-barn-og-familie\/#website"},"primaryImageOfPage":{"@id":"https:\/\/kirkensbymisjon.no\/tilbud-fri-barn-og-familie\/#primaryimage"},"image":{"@id":"https:\/\/kirkensbymisjon.no\/tilbud-fri-barn-og-familie\/#primaryimage"},"thumbnailUrl":"https:\/\/kirkensbymisjon.no\/content\/uploads\/sites\/88\/2024\/08\/Tilbud_Fri-barn-og-familie_03-1024x683.jpg","datePublished":"2024-06-26T20:00:16+00:00","dateModified":"2026-01-15T10:19:47+00:00","description":"Vi tilbyr hjelp med samv\u00e6r, veiledning, og har en rekke aktiviteter \u2013 for hele familien.","breadcrumb":{"@id":"https:\/\/kirkensbymisjon.no\/tilbud-fri-barn-og-familie\/#breadcrumb"},"inLanguage":"nb-NO","potentialAction":[{"@type":"ReadAction","target":["https:\/\/kirkensbymisjon.no\/tilbud-fri-barn-og-familie\/"]}]},{"@type":"ImageObject","inLanguage":"nb-NO","@id":"https:\/\/kirkensbymisjon.no\/tilbud-fri-barn-og-familie\/#primaryimage","url":"https:\/\/kirkensbymisjon.no\/content\/uploads\/sites\/88\/2024\/08\/Tilbud_Fri-barn-og-familie_03-1024x683.jpg","contentUrl":"https:\/\/kirkensbymisjon.no\/content\/uploads\/sites\/88\/2024\/08\/Tilbud_Fri-barn-og-familie_03-1024x683.jpg"},{"@type":"BreadcrumbList","@id":"https:\/\/kirkensbymisjon.no\/tilbud-fri-barn-og-familie\/#breadcrumb","itemListElement":[{"@type":"ListItem","position":1,"name":"Hjem","item":"https:\/\/kirkensbymisjon.no\/tilbud-fri-barn-og-familie\/"},{"@type":"ListItem","position":2,"name":"Forside"}]},{"@type":"WebSite","@id":"https:\/\/kirkensbymisjon.no\/tilbud-fri-barn-og-familie\/#website","url":"https:\/\/kirkensbymisjon.no\/tilbud-fri-barn-og-familie\/","name":"Fri \u2013 barn og familie","description":"","potentialAction":[{"@type":"SearchAction","target":{"@type":"EntryPoint","urlTemplate":"https:\/\/kirkensbymisjon.no\/tilbud-fri-barn-og-familie\/?s={search_term_string}"},"query-input":{"@type":"PropertyValueSpecification","valueRequired":true,"valueName":"search_term_string"}}],"inLanguage":"nb-NO"}]}},"_links":{"self":[{"href":"https:\/\/kirkensbymisjon.no\/tilbud-fri-barn-og-familie\/wp-json\/wp\/v2\/pages\/3","targetHints":{"allow":["GET"]}}],"collection":[{"href":"https:\/\/kirkensbymisjon.no\/tilbud-fri-barn-og-familie\/wp-json\/wp\/v2\/pages"}],"about":[{"href":"https:\/\/kirkensbymisjon.no\/tilbud-fri-barn-og-familie\/wp-json\/wp\/v2\/types\/page"}],"author":[{"embeddable":true,"href":"https:\/\/kirkensbymisjon.no\/tilbud-fri-barn-og-familie\/wp-json\/wp\/v2\/users\/5"}],"replies":[{"embeddable":true,"href":"https:\/\/kirkensbymisjon.no\/tilbud-fri-barn-og-familie\/wp-json\/wp\/v2\/comments?post=3"}],"version-history":[{"count":5,"href":"https:\/\/kirkensbymisjon.no\/tilbud-fri-barn-og-familie\/wp-json\/wp\/v2\/pages\/3\/revisions"}],"predecessor-version":[{"id":129,"href":"https:\/\/kirkensbymisjon.no\/tilbud-fri-barn-og-familie\/wp-json\/wp\/v2\/pages\/3\/revisions\/129"}],"wp:attachment":[{"href":"https:\/\/kirkensbymisjon.no\/tilbud-fri-barn-og-familie\/wp-json\/wp\/v2\/media?parent=3"}],"curies":[{"name":"wp","href":"https:\/\/api.w.org\/{rel}","templated":true}]}}