{"id":3,"date":"2024-06-26T22:16:32","date_gmt":"2024-06-26T20:16:32","guid":{"rendered":"https:\/\/kirkensbymisjon.no\/tilbud-fri-rus\/forside\/"},"modified":"2024-09-03T09:47:34","modified_gmt":"2024-09-03T07:47:34","slug":"forside","status":"publish","type":"page","link":"https:\/\/kirkensbymisjon.no\/tilbud-fri-rus\/","title":{"rendered":"Forside"},"content":{"rendered":"\n<div class=\"wp-block-media-text alignwide is-stacked-on-mobile is-style-filled\"><figure class=\"wp-block-media-text__media\"><img loading=\"lazy\" decoding=\"async\" width=\"1000\" height=\"500\" src=\"https:\/\/kirkensbymisjon.no\/content\/uploads\/sites\/89\/2024\/08\/Tilbud_Fri-rus_02.jpg\" alt=\"To menn som er tilknyttet tilbudet\" class=\"wp-image-10 size-full\" srcset=\"https:\/\/kirkensbymisjon.no\/content\/uploads\/sites\/89\/2024\/08\/Tilbud_Fri-rus_02.jpg 1000w, https:\/\/kirkensbymisjon.no\/content\/uploads\/sites\/89\/2024\/08\/Tilbud_Fri-rus_02-300x150.jpg 300w, https:\/\/kirkensbymisjon.no\/content\/uploads\/sites\/89\/2024\/08\/Tilbud_Fri-rus_02-768x384.jpg 768w\" sizes=\"auto, (max-width: 1000px) 100vw, 1000px\" \/><\/figure><div class=\"wp-block-media-text__content\">\n<h2 class=\"wp-block-heading\" id=\"h-vi-bistar-med-bolig-arbeid-og-et-rusfritt-nettverk\">Vi bist\u00e5r med bolig, arbeid og et rusfritt nettverk<\/h2>\n\n\n\n<p>Dr\u00f8mmer du om \u00e5 bytte ut rus og kriminalitet, mot en trygg og stabil hverdag? Vi hjelper straffed\u00f8mte som l\u00f8slates fra fengsel eller som har behov for ettervern etter rusbehandling. Vi g\u00e5r rehabiliteringsl\u00f8pet sammen med deg \u2013 og er alltid tilgjengelig for deg.<\/p>\n<\/div><\/div>\n\n\n\t<div class=\"alignwide wp-block-kbm-link-list\">\n\t\t<div class=\"kbm-link-list__items\">\n\t\t\t\n<a class=\"wp-block-kbm-link-list-item\" href=\"https:\/\/kirkensbymisjon.no\/tilbud-fri-rus\/om-fri-rus\/#bolig\">\t<svg xmlns=\"http:\/\/www.w3.org\/2000\/svg\" viewBox=\"0 0 48 48\" height=\"24\" width=\"24\" class=\"t2-icon t2-icon-housing\" aria-hidden=\"true\" focusable=\"false\"><path d=\"M23.546 3.463c-.096.053-4.748 4.237-10.338 9.297l-10.164 9.2 2.478.021L8 22.002v11.087c0 10.096.012 11.111.131 11.362.256.541.306.549 3.393.549 3.033 0 3.006.004 3.335-.498.131-.199.144-.674.181-6.605l.04-6.39.261-.234.262-.233h2.842c3.152 0 3.185.005 3.424.509.118.247.131.901.131 6.451 0 6.834-.019 6.573.511 6.864.23.126.873.136 8.489.136 7.616 0 8.259-.01 8.489-.136.546-.299.511.504.511-11.775V22.002l2.477-.021 2.478-.021-10.128-9.16c-5.57-5.038-10.222-9.223-10.337-9.299-.242-.161-.691-.179-.944-.038\"\/><\/svg>\t<div class=\"kbm-link-list-item__content\">\n\t\t<p class=\"kbm-link-list-item__title\">Bolig<\/p>\n\t\t\t\t\t<p class=\"kbm-link-list-item__description\">Fra hybel i fellesskap, leilighet med oppf\u00f8lging til fremtidig egen bolig. Din vei til \u00e5 oppn\u00e5 boligdr\u00f8mmen.<\/p>\n\t\t\t<\/div>\n\t<\/a>\n\n<a class=\"wp-block-kbm-link-list-item\" href=\"https:\/\/kirkensbymisjon.no\/tilbud-fri-rus\/om-fri-rus\/#arbeidstrening\">\t<svg xmlns=\"http:\/\/www.w3.org\/2000\/svg\" viewBox=\"0 0 48 48\" height=\"24\" width=\"24\" class=\"t2-icon t2-icon-workmeasures\" aria-hidden=\"true\" focusable=\"false\"><path d=\"M21.51 4.224a1.549 1.549 0 0 0-.669.613l-.241.39-.025 2.408-.025 2.408-.855.264c-.47.144-1.373.515-2.007.823l-1.152.561-1.608-1.601c-1.668-1.66-2.027-1.925-2.608-1.928-.69-.003-.847.104-2.387 1.627-.807.798-1.52 1.552-1.584 1.675-.2.382-.228.969-.068 1.395.115.308.458.699 1.777 2.031l1.634 1.65-.548 1.11c-.302.611-.672 1.512-.824 2.004l-.275.894-2.365.026c-2.355.026-2.366.027-2.762.23a1.506 1.506 0 0 0-.637.594l-.241.389-.024 2.13-.023 2.131.227.435c.166.318.331.499.617.676l.39.241 2.407.026 2.406.026.345 1.054c.328 1 .569 1.554 1.093 2.516l.23.422-1.642 1.658c-1.326 1.339-1.67 1.731-1.785 2.039-.172.458-.126 1.063.11 1.445.087.139.8.889 1.584 1.665 1.495 1.48 1.658 1.59 2.345 1.587.581-.003.94-.268 2.609-1.929l1.609-1.602 1.111.549c.611.302 1.514.673 2.006.824l.895.275.025 2.409.025 2.409.241.39c.177.286.358.451.676.617l.435.227 2.131-.023 2.13-.024.389-.241c.276-.17.449-.356.594-.637.203-.396.204-.405.228-2.762l.025-2.364.895-.276c.493-.151 1.396-.522 2.007-.824l1.111-.549 1.609 1.602c1.669 1.661 2.028 1.926 2.609 1.929.687.003.85-.107 2.345-1.587.784-.776 1.497-1.526 1.584-1.665.236-.382.282-.987.11-1.445-.115-.308-.458-.699-1.777-2.031l-1.634-1.65.548-1.11c.302-.611.673-1.513.824-2.006l.276-.895 2.364-.025c2.357-.024 2.366-.025 2.762-.228.281-.145.467-.318.637-.594l.241-.389.025-2.046c.029-2.295 0-2.486-.45-2.984-.511-.567-.564-.577-3.218-.608l-2.362-.027-.275-.894c-.152-.492-.522-1.394-.824-2.005l-.549-1.111 1.602-1.609c1.661-1.669 1.926-2.028 1.929-2.609.003-.684-.11-.853-1.547-2.309-.754-.764-1.508-1.477-1.676-1.584a1.69 1.69 0 0 0-1.474-.146c-.308.115-.699.458-2.031 1.777l-1.651 1.634-1.052-.52a18.032 18.032 0 0 0-2.004-.826l-.952-.306-.025-2.406-.026-2.407-.241-.39a1.549 1.549 0 0 0-.669-.613L26.062 4h-4.124l-.428.224m4.23 11.742c1.798.371 3.479 1.416 4.681 2.913 1.967 2.448 2.35 5.855.977 8.694-1.152 2.381-3.271 4.003-5.901 4.515-3.583.697-7.214-1.122-8.875-4.448-.61-1.221-.822-2.198-.81-3.72.007-.967.043-1.289.213-1.936.864-3.289 3.551-5.681 6.895-6.138.72-.099 2.028-.043 2.82.12\"\/><\/svg>\t<div class=\"kbm-link-list-item__content\">\n\t\t<p class=\"kbm-link-list-item__title\">Arbeidstrening<\/p>\n\t\t\t\t\t<p class=\"kbm-link-list-item__description\">Bli anerkjent for jobben du gj\u00f8r, f\u00e5 \u00f8konomisk selvstendighet og ansvar som kollega og ansatt.<\/p>\n\t\t\t<\/div>\n\t<\/a>\n\n<a class=\"wp-block-kbm-link-list-item\" href=\"https:\/\/kirkensbymisjon.no\/tilbud-fri-rus\/om-fri-rus\/#rusfritt-nettverk\">\t<svg xmlns=\"http:\/\/www.w3.org\/2000\/svg\" viewBox=\"0 0 48 48\" height=\"24\" width=\"24\" class=\"t2-icon t2-icon-substanceabuse\" aria-hidden=\"true\" focusable=\"false\"><path d=\"M12.56 9.154c-1.341.298-2.645 1.02-3.574 1.979C7.697 12.465 7.02 14.139 7.02 16c0 1.434.389 2.738 1.147 3.847 1.839 2.689 5.013 3.786 8.045 2.781 2.343-.777 4.141-2.82 4.672-5.308.157-.736.12-2.2-.074-2.939-.374-1.42-.887-2.311-1.927-3.341-.989-.98-2.132-1.604-3.441-1.88-.683-.143-2.248-.147-2.882-.006m19.96.013c-.635.139-1.595.533-2.262.927-.582.343-1.821 1.582-2.164 2.164-.801 1.355-1.097 2.524-1.03 4.056.053 1.203.179 1.707.694 2.766a6.659 6.659 0 0 0 3.162 3.162c1.198.583 1.617.675 3.08.675s1.882-.092 3.08-.675a6.878 6.878 0 0 0 2.325-1.823c.5-.602 1.152-1.869 1.369-2.659.108-.395.143-.818.143-1.76 0-1.463-.092-1.882-.675-3.08a6.878 6.878 0 0 0-1.823-2.325c-.59-.49-1.865-1.151-2.619-1.357-.694-.191-2.555-.231-3.28-.071M8.438 28.079c-2.389.351-4.344 1.951-5.133 4.201l-.225.64-.024 3.02-.025 3.02h17.586l.048-1.06c.071-1.592.431-2.97 1.156-4.42.413-.828 1.123-1.894 1.7-2.553.219-.251.399-.497.399-.548 0-.149-.879-.956-1.44-1.322a7.39 7.39 0 0 0-1.133-.577c-1.197-.462-1.483-.481-7.257-.47-2.888.005-5.431.037-5.652.069m24.251.006c-1.748.203-3.4.813-4.929 1.82-.842.555-2.146 1.809-2.743 2.638-1.226 1.702-1.977 3.887-1.977 5.747v.67h21.92v-.67c0-1.861-.751-4.045-1.978-5.748-.523-.727-1.755-1.947-2.502-2.478-2.187-1.554-5.092-2.292-7.791-1.979\"\/><\/svg>\t<div class=\"kbm-link-list-item__content\">\n\t\t<p class=\"kbm-link-list-item__title\">Rusfritt nettverk<\/p>\n\t\t\t\t\t<p class=\"kbm-link-list-item__description\">F\u00e5 et nytt sosialt milj\u00f8 og bli inkludert i samfunnet rundt deg. Bli med p\u00e5 v\u00e5re temakvelder og fellesaktiviteter.<\/p>\n\t\t\t<\/div>\n\t<\/a>\n\t\t<\/div>\n\t<\/div>\n\t\n\n\n<div class=\"wp-block-media-text alignwide is-stacked-on-mobile is-style-filled\"><figure class=\"wp-block-media-text__media\"><img loading=\"lazy\" decoding=\"async\" width=\"1024\" height=\"574\" src=\"https:\/\/kirkensbymisjon.no\/content\/uploads\/sites\/89\/2024\/08\/Tilbud_Fri-rus_04-1024x574.jpg\" alt=\"Hender av to personer i samtale\" class=\"wp-image-37 size-full\" srcset=\"https:\/\/kirkensbymisjon.no\/content\/uploads\/sites\/89\/2024\/08\/Tilbud_Fri-rus_04-1024x574.jpg 1024w, https:\/\/kirkensbymisjon.no\/content\/uploads\/sites\/89\/2024\/08\/Tilbud_Fri-rus_04-300x168.jpg 300w, https:\/\/kirkensbymisjon.no\/content\/uploads\/sites\/89\/2024\/08\/Tilbud_Fri-rus_04-768x431.jpg 768w, https:\/\/kirkensbymisjon.no\/content\/uploads\/sites\/89\/2024\/08\/Tilbud_Fri-rus_04-1536x861.jpg 1536w, https:\/\/kirkensbymisjon.no\/content\/uploads\/sites\/89\/2024\/08\/Tilbud_Fri-rus_04.jpg 1701w\" sizes=\"auto, (max-width: 1024px) 100vw, 1024px\" \/><\/figure><div class=\"wp-block-media-text__content\">\n<h2 class=\"wp-block-heading\" id=\"h-bli-deltaker\">Bli deltaker<\/h2>\n\n\n\n<p>Vi samarbeider med kriminalomsorgen i region s\u00f8r. Vi bes\u00f8ker, tilrettelegger og motiverer innsatte som skal l\u00f8slates. Rekrutteringen skjer i samarbeid med friomsorgskontorene og fengslene. Du kan ogs\u00e5 selv melde din interesse via din prim\u00e6rkontakt i fengselet\/p\u00e5 institusjonen, eller ved \u00e5 <a href=\"https:\/\/kirkensbymisjon.no\/tilbud-fri-rus\/kontaktinformasjon\/\">ta kontakt med oss<\/a>.<\/p>\n<\/div><\/div>\n\n\n\t<div class=\"layout-1 wp-block-kbm-testimonials\">\n\t\t<div class=\"kbm-testimonials__inner\">\n\t\t\t<div class=\"swiper\">\n\t\t\t\t<div class=\"swiper-wrapper\">\n\t\t\t\t\t\n\t<div class=\"wp-block-kbm-testimonial-item swiper-slide\">\n\t\t\t\t\t<div class=\"kbm-testimonial-item__image\" style=\"background-position: 50% 50%; background-image: url(https:\/\/kirkensbymisjon.no\/content\/uploads\/sites\/89\/2024\/08\/Tilbud_Fri-rus_testimonial2.jpg);\">\n\t\t\t\t<svg xmlns=\"http:\/\/www.w3.org\/2000\/svg\" viewBox=\"0 0 24 24\" height=\"48\" width=\"48\" class=\"t2-icon t2-icon-quote\" aria-hidden=\"true\" focusable=\"false\"><path d=\"M20 13.7843c0 .4445-.0894.8628-.2682 1.2549-.1651.3791-.3989.719-.7015 1.0196-.3027.2876-.6603.5164-1.0729.6863-.3989.1699-.8322.2549-1.2999.2549-.5915 0-1.1142-.1242-1.5681-.3725-.4402-.2484-.8184-.5687-1.1348-.9608-.3026-.4053-.5364-.8628-.7015-1.3726-.1513-.5229-.227-1.0523-.227-1.5882 0-.5883.0826-1.17.2476-1.7451.1651-.5752.3989-1.11113.7015-1.60786.3164-.49673.7016-.94771 1.1555-1.35294.4539-.40523.9628-.73856 1.5268-1l1.8157.92157c-.3577.33987-.6671.73202-.9285 1.17647-.2476.44444-.3714.90846-.3714 1.39216v.1765c.3989.0653.7703.1895 1.1142.3725.3439.183.6396.4118.8872.6863.2613.2745.4608.5882.5983.9412.1513.3529.227.7255.227 1.1176Zm-8.0261 0c0 .4445-.0894.8628-.2683 1.2549-.165.3791-.3989.719-.7015 1.0196-.3026.2876-.6602.5164-1.07288.6863-.3989.1699-.83218.2549-1.29986.2549-.59147 0-1.11417-.1242-1.56809-.3725-.44016-.2484-.81843-.5687-1.1348-.9608-.30261-.4053-.53645-.8628-.70151-1.3726C5.07565 13.7712 5 13.2418 5 12.7059c0-.5883.08253-1.17.24759-1.7451.16506-.5752.3989-1.11113.70152-1.60786.31636-.49673.70151-.94771 1.15543-1.35294s.96286-.73856 1.52682-1l1.81564.92157c-.3576.33987-.66708.73202-.92843 1.17647-.24759.44444-.37139.90846-.37139 1.39216v.1765c.3989.0653.77029.1895 1.11412.3725.3439.183.6397.4118.8873.6863.2613.2745.4608.5882.5983.9412.1513.3529.227.7255.227 1.1176Z\"\/><\/svg>\t\t\t<\/div>\n\t\t\t\t\n\n<blockquote class=\"wp-block-quote is-layout-flow wp-block-quote-is-layout-flow\">\n<p>Jeg \u00f8nsket \u00e5 v\u00e6re ferdig med livet jeg hadde levd, men jeg var ikke ferdig i hodet. Om jeg ikke hadde blitt tatt h\u00e5nd om, er det ikke godt \u00e5 vite hva som hadde skjedd. Fri har hjulpet meg til \u00e5 holde meg i skinnet og bli rusfri. Kirkens Bymisjon har blitt en del av mitt nettverk og gitt meg muligheten til \u00e5 hjelpe andre ut av et skeivt liv.<\/p>\n<cite>Robert, tideligere deltaker<\/cite><\/blockquote>\n\n\t<\/div>\n\t\n\t\t\t\t<\/div>\n\t\t\t\t\t<div class=\"swiper-navigation\">\n\t\t<div class=\"swiper-button-prev\"><svg xmlns=\"http:\/\/www.w3.org\/2000\/svg\" viewBox=\"0 0 24 24\" height=\"24\" width=\"24\" class=\"t2-icon t2-icon-arrowforward\" aria-hidden=\"true\" focusable=\"false\"><path d=\"M12.78 5.036a1.099 1.099 0 0 0-.497.287c-.208.208-.259.344-.258.684.001.264.016.33.105.465.058.087 1.079 1.14 2.27 2.341l2.165 2.182-5.913.013-5.912.012-.165.088c-.391.209-.551.469-.551.892 0 .34.054.476.282.704.3.299-.236.275 6.347.287l5.913.012-2.167 2.185c-1.191 1.202-2.213 2.255-2.27 2.341-.088.134-.103.201-.104.464-.001.34.05.475.258.684.284.284.676.383 1.038.263.198-.066.423-.281 3.655-3.503l3.444-3.433-2.58-2.585c-2.816-2.822-4.255-4.224-4.433-4.315a1.155 1.155 0 0 0-.627-.068\"\/><\/svg><\/div>\n\t\t<div class=\"swiper-pagination\"><\/div>\n\t\t<div class=\"swiper-button-next\"><svg xmlns=\"http:\/\/www.w3.org\/2000\/svg\" viewBox=\"0 0 24 24\" height=\"24\" width=\"24\" class=\"t2-icon t2-icon-arrowforward\" aria-hidden=\"true\" focusable=\"false\"><path d=\"M12.78 5.036a1.099 1.099 0 0 0-.497.287c-.208.208-.259.344-.258.684.001.264.016.33.105.465.058.087 1.079 1.14 2.27 2.341l2.165 2.182-5.913.013-5.912.012-.165.088c-.391.209-.551.469-.551.892 0 .34.054.476.282.704.3.299-.236.275 6.347.287l5.913.012-2.167 2.185c-1.191 1.202-2.213 2.255-2.27 2.341-.088.134-.103.201-.104.464-.001.34.05.475.258.684.284.284.676.383 1.038.263.198-.066.423-.281 3.655-3.503l3.444-3.433-2.58-2.585c-2.816-2.822-4.255-4.224-4.433-4.315a1.155 1.155 0 0 0-.627-.068\"\/><\/svg><\/div>\n\t<\/div>\n\t\t\t\t<\/div>\n\t\t<\/div>\n\t<\/div>\n\t","protected":false},"excerpt":{"rendered":"<p>Vi bist\u00e5r med bolig, arbeid og et rusfritt nettverk Dr\u00f8mmer du om \u00e5 bytte ut&hellip;<\/p>\n","protected":false},"author":5,"featured_media":0,"parent":0,"menu_order":0,"comment_status":"closed","ping_status":"closed","template":"","meta":{"_relevanssi_hide_post":"","_relevanssi_hide_content":"","_relevanssi_pin_for_all":"","_relevanssi_pin_keywords":"","_relevanssi_unpin_keywords":"","_relevanssi_related_keywords":"","_relevanssi_related_include_ids":"","_relevanssi_related_exclude_ids":"","_relevanssi_related_no_append":"","_relevanssi_related_not_related":"","_relevanssi_related_posts":"1","_relevanssi_noindex_reason":"","editor_notices":[],"footnotes":""},"class_list":["post-3","page","type-page","status-publish","hentry"],"yoast_head":"<!-- This site is optimized with the Yoast SEO Premium plugin v27.2 (Yoast SEO v27.2) - https:\/\/yoast.com\/product\/yoast-seo-premium-wordpress\/ -->\n<title>Forside - Fri \u2013 rus<\/title>\n<meta name=\"description\" content=\"Vi hjelper straffed\u00f8mte som \u00f8nsker \u00e5 bryte med sitt gamle liv og bidra positivt i samfunnet.\" \/>\n<meta name=\"robots\" content=\"index, follow, max-snippet:-1, max-image-preview:large, max-video-preview:-1\" \/>\n<link rel=\"canonical\" href=\"https:\/\/kirkensbymisjon.no\/tilbud-fri-rus\/\" \/>\n<meta property=\"og:locale\" content=\"nb_NO\" \/>\n<meta property=\"og:type\" content=\"article\" \/>\n<meta property=\"og:title\" content=\"Forside\" \/>\n<meta property=\"og:description\" content=\"Vi hjelper straffed\u00f8mte som \u00f8nsker \u00e5 bryte med sitt gamle liv og bidra positivt i samfunnet.\" \/>\n<meta property=\"og:url\" content=\"https:\/\/kirkensbymisjon.no\/tilbud-fri-rus\/\" \/>\n<meta property=\"og:site_name\" content=\"Fri \u2013 rus\" \/>\n<meta property=\"article:modified_time\" content=\"2024-09-03T07:47:34+00:00\" \/>\n<meta property=\"og:image\" content=\"https:\/\/kirkensbymisjon.no\/content\/uploads\/sites\/89\/2024\/08\/Tilbud_Fri-rus_02.jpg\" \/>\n<meta name=\"twitter:card\" content=\"summary_large_image\" \/>\n<meta name=\"twitter:label1\" content=\"Ansl. lesetid\" \/>\n\t<meta name=\"twitter:data1\" content=\"1 minutt\" \/>\n<script type=\"application\/ld+json\" class=\"yoast-schema-graph\">{\"@context\":\"https:\/\/schema.org\",\"@graph\":[{\"@type\":\"WebPage\",\"@id\":\"https:\/\/kirkensbymisjon.no\/tilbud-fri-rus\/\",\"url\":\"https:\/\/kirkensbymisjon.no\/tilbud-fri-rus\/\",\"name\":\"Forside - Fri \u2013 rus\",\"isPartOf\":{\"@id\":\"https:\/\/kirkensbymisjon.no\/tilbud-fri-rus\/#website\"},\"primaryImageOfPage\":{\"@id\":\"https:\/\/kirkensbymisjon.no\/tilbud-fri-rus\/#primaryimage\"},\"image\":{\"@id\":\"https:\/\/kirkensbymisjon.no\/tilbud-fri-rus\/#primaryimage\"},\"thumbnailUrl\":\"https:\/\/kirkensbymisjon.no\/content\/uploads\/sites\/89\/2024\/08\/Tilbud_Fri-rus_02.jpg\",\"datePublished\":\"2024-06-26T20:16:32+00:00\",\"dateModified\":\"2024-09-03T07:47:34+00:00\",\"description\":\"Vi hjelper straffed\u00f8mte som \u00f8nsker \u00e5 bryte med sitt gamle liv og bidra positivt i samfunnet.\",\"breadcrumb\":{\"@id\":\"https:\/\/kirkensbymisjon.no\/tilbud-fri-rus\/#breadcrumb\"},\"inLanguage\":\"nb-NO\",\"potentialAction\":[{\"@type\":\"ReadAction\",\"target\":[\"https:\/\/kirkensbymisjon.no\/tilbud-fri-rus\/\"]}]},{\"@type\":\"ImageObject\",\"inLanguage\":\"nb-NO\",\"@id\":\"https:\/\/kirkensbymisjon.no\/tilbud-fri-rus\/#primaryimage\",\"url\":\"https:\/\/kirkensbymisjon.no\/content\/uploads\/sites\/89\/2024\/08\/Tilbud_Fri-rus_02.jpg\",\"contentUrl\":\"https:\/\/kirkensbymisjon.no\/content\/uploads\/sites\/89\/2024\/08\/Tilbud_Fri-rus_02.jpg\"},{\"@type\":\"BreadcrumbList\",\"@id\":\"https:\/\/kirkensbymisjon.no\/tilbud-fri-rus\/#breadcrumb\",\"itemListElement\":[{\"@type\":\"ListItem\",\"position\":1,\"name\":\"Hjem\",\"item\":\"https:\/\/kirkensbymisjon.no\/tilbud-fri-rus\/\"},{\"@type\":\"ListItem\",\"position\":2,\"name\":\"Forside\"}]},{\"@type\":\"WebSite\",\"@id\":\"https:\/\/kirkensbymisjon.no\/tilbud-fri-rus\/#website\",\"url\":\"https:\/\/kirkensbymisjon.no\/tilbud-fri-rus\/\",\"name\":\"Fri \u2013 rus\",\"description\":\"\",\"potentialAction\":[{\"@type\":\"SearchAction\",\"target\":{\"@type\":\"EntryPoint\",\"urlTemplate\":\"https:\/\/kirkensbymisjon.no\/tilbud-fri-rus\/?s={search_term_string}\"},\"query-input\":{\"@type\":\"PropertyValueSpecification\",\"valueRequired\":true,\"valueName\":\"search_term_string\"}}],\"inLanguage\":\"nb-NO\"}]}<\/script>\n<!-- \/ Yoast SEO Premium plugin. -->","yoast_head_json":{"title":"Forside - Fri \u2013 rus","description":"Vi hjelper straffed\u00f8mte som \u00f8nsker \u00e5 bryte med sitt gamle liv og bidra positivt i samfunnet.","robots":{"index":"index","follow":"follow","max-snippet":"max-snippet:-1","max-image-preview":"max-image-preview:large","max-video-preview":"max-video-preview:-1"},"canonical":"https:\/\/kirkensbymisjon.no\/tilbud-fri-rus\/","og_locale":"nb_NO","og_type":"article","og_title":"Forside","og_description":"Vi hjelper straffed\u00f8mte som \u00f8nsker \u00e5 bryte med sitt gamle liv og bidra positivt i samfunnet.","og_url":"https:\/\/kirkensbymisjon.no\/tilbud-fri-rus\/","og_site_name":"Fri \u2013 rus","article_modified_time":"2024-09-03T07:47:34+00:00","og_image":[{"url":"https:\/\/kirkensbymisjon.no\/content\/uploads\/sites\/89\/2024\/08\/Tilbud_Fri-rus_02.jpg","type":"","width":"","height":""}],"twitter_card":"summary_large_image","twitter_misc":{"Ansl. lesetid":"1 minutt"},"schema":{"@context":"https:\/\/schema.org","@graph":[{"@type":"WebPage","@id":"https:\/\/kirkensbymisjon.no\/tilbud-fri-rus\/","url":"https:\/\/kirkensbymisjon.no\/tilbud-fri-rus\/","name":"Forside - Fri \u2013 rus","isPartOf":{"@id":"https:\/\/kirkensbymisjon.no\/tilbud-fri-rus\/#website"},"primaryImageOfPage":{"@id":"https:\/\/kirkensbymisjon.no\/tilbud-fri-rus\/#primaryimage"},"image":{"@id":"https:\/\/kirkensbymisjon.no\/tilbud-fri-rus\/#primaryimage"},"thumbnailUrl":"https:\/\/kirkensbymisjon.no\/content\/uploads\/sites\/89\/2024\/08\/Tilbud_Fri-rus_02.jpg","datePublished":"2024-06-26T20:16:32+00:00","dateModified":"2024-09-03T07:47:34+00:00","description":"Vi hjelper straffed\u00f8mte som \u00f8nsker \u00e5 bryte med sitt gamle liv og bidra positivt i samfunnet.","breadcrumb":{"@id":"https:\/\/kirkensbymisjon.no\/tilbud-fri-rus\/#breadcrumb"},"inLanguage":"nb-NO","potentialAction":[{"@type":"ReadAction","target":["https:\/\/kirkensbymisjon.no\/tilbud-fri-rus\/"]}]},{"@type":"ImageObject","inLanguage":"nb-NO","@id":"https:\/\/kirkensbymisjon.no\/tilbud-fri-rus\/#primaryimage","url":"https:\/\/kirkensbymisjon.no\/content\/uploads\/sites\/89\/2024\/08\/Tilbud_Fri-rus_02.jpg","contentUrl":"https:\/\/kirkensbymisjon.no\/content\/uploads\/sites\/89\/2024\/08\/Tilbud_Fri-rus_02.jpg"},{"@type":"BreadcrumbList","@id":"https:\/\/kirkensbymisjon.no\/tilbud-fri-rus\/#breadcrumb","itemListElement":[{"@type":"ListItem","position":1,"name":"Hjem","item":"https:\/\/kirkensbymisjon.no\/tilbud-fri-rus\/"},{"@type":"ListItem","position":2,"name":"Forside"}]},{"@type":"WebSite","@id":"https:\/\/kirkensbymisjon.no\/tilbud-fri-rus\/#website","url":"https:\/\/kirkensbymisjon.no\/tilbud-fri-rus\/","name":"Fri \u2013 rus","description":"","potentialAction":[{"@type":"SearchAction","target":{"@type":"EntryPoint","urlTemplate":"https:\/\/kirkensbymisjon.no\/tilbud-fri-rus\/?s={search_term_string}"},"query-input":{"@type":"PropertyValueSpecification","valueRequired":true,"valueName":"search_term_string"}}],"inLanguage":"nb-NO"}]}},"_links":{"self":[{"href":"https:\/\/kirkensbymisjon.no\/tilbud-fri-rus\/wp-json\/wp\/v2\/pages\/3","targetHints":{"allow":["GET"]}}],"collection":[{"href":"https:\/\/kirkensbymisjon.no\/tilbud-fri-rus\/wp-json\/wp\/v2\/pages"}],"about":[{"href":"https:\/\/kirkensbymisjon.no\/tilbud-fri-rus\/wp-json\/wp\/v2\/types\/page"}],"author":[{"embeddable":true,"href":"https:\/\/kirkensbymisjon.no\/tilbud-fri-rus\/wp-json\/wp\/v2\/users\/5"}],"replies":[{"embeddable":true,"href":"https:\/\/kirkensbymisjon.no\/tilbud-fri-rus\/wp-json\/wp\/v2\/comments?post=3"}],"version-history":[{"count":5,"href":"https:\/\/kirkensbymisjon.no\/tilbud-fri-rus\/wp-json\/wp\/v2\/pages\/3\/revisions"}],"predecessor-version":[{"id":96,"href":"https:\/\/kirkensbymisjon.no\/tilbud-fri-rus\/wp-json\/wp\/v2\/pages\/3\/revisions\/96"}],"wp:attachment":[{"href":"https:\/\/kirkensbymisjon.no\/tilbud-fri-rus\/wp-json\/wp\/v2\/media?parent=3"}],"curies":[{"name":"wp","href":"https:\/\/api.w.org\/{rel}","templated":true}]}}