{"id":13,"date":"2024-07-24T12:03:12","date_gmt":"2024-07-24T10:03:12","guid":{"rendered":"https:\/\/kirkensbymisjon.no\/tilbud-friminuttet\/?page_id=13"},"modified":"2024-09-06T15:43:43","modified_gmt":"2024-09-06T13:43:43","slug":"bli-deltaker","status":"publish","type":"page","link":"https:\/\/kirkensbymisjon.no\/tilbud-friminuttet\/bli-deltaker\/","title":{"rendered":"Bli deltaker"},"content":{"rendered":"\n<h2 class=\"wp-block-heading\" id=\"h-vil-du-delta-i-friminuttet-nbsp\"><strong>Vil du delta i Friminuttet?<\/strong>&nbsp;<\/h2>\n\n\n\n<h3 class=\"wp-block-heading\" id=\"h-hvem-er-tilbudet-for-nbsp\"><strong>Hvem er tilbudet for?<\/strong>&nbsp;<\/h3>\n\n\n\n<p>Friminuttet er et tilbud for barn som er bosatt i Drammen kommune, g\u00e5r i 1.-7. trinn p\u00e5 skolen, og som har behov for ekstra oppf\u00f8lging p\u00e5 fritiden. Barn som kanskje kommer fra en familie med rusproblemer, psykisk sykdom, vokser opp i en lavinntektsfamilie, barn som blir mobbet eller som mobber andre, som kanskje har en familie med et lite nettverk, eller som har andre utfordringer i hverdagen. Tilbudet er gratis.&nbsp;<\/p>\n\n\n\n<p>&nbsp;<\/p>\n\n\n\n<h3 class=\"wp-block-heading\" id=\"h-hvordan-tildeles-plassene-nbsp\"><strong>Hvordan tildeles plassene?<\/strong>&nbsp;<\/h3>\n\n\n\n<p>For \u00e5 f\u00e5 plass p\u00e5 Friminuttet m\u00e5 en offentlig person bekrefte behov for plassen. Det kan v\u00e6re en l\u00e6rer, helses\u00f8ster, barneverntjenesten eller andre. I tillegg m\u00e5 foreldre og barnet selv \u00f8nske plass hos oss.&nbsp;<\/p>\n\n\n\n<p>Ved venteliste er det avdelingsleder som foretar prioritering etter hvilket barn som har st\u00f8rst behov, gruppesammensetning de ulike dagene og s\u00e5 videre.\u00a0<\/p>\n\n\n\n<div class=\"wp-block-media-text alignwide is-stacked-on-mobile is-style-filled\"><figure class=\"wp-block-media-text__media\"><img loading=\"lazy\" decoding=\"async\" width=\"1024\" height=\"682\" src=\"https:\/\/kirkensbymisjon.no\/content\/uploads\/sites\/90\/2024\/09\/tilbud_friminuttet_03-1024x682.jpg\" alt=\"Illustrasjonsfoto av barn. \" class=\"wp-image-134 size-full\" srcset=\"https:\/\/kirkensbymisjon.no\/content\/uploads\/sites\/90\/2024\/09\/tilbud_friminuttet_03-1024x682.jpg 1024w, https:\/\/kirkensbymisjon.no\/content\/uploads\/sites\/90\/2024\/09\/tilbud_friminuttet_03-300x200.jpg 300w, https:\/\/kirkensbymisjon.no\/content\/uploads\/sites\/90\/2024\/09\/tilbud_friminuttet_03-768x512.jpg 768w, https:\/\/kirkensbymisjon.no\/content\/uploads\/sites\/90\/2024\/09\/tilbud_friminuttet_03-1536x1024.jpg 1536w, https:\/\/kirkensbymisjon.no\/content\/uploads\/sites\/90\/2024\/09\/tilbud_friminuttet_03.jpg 1559w\" sizes=\"auto, (max-width: 1024px) 100vw, 1024px\" \/><\/figure><div class=\"wp-block-media-text__content\">\n<h2 class=\"wp-block-heading\" id=\"h-barn-unge-og-familier\">Barn, unge og familier<\/h2>\n\n\n\n<p>En viktig del av v\u00e5r strategi er \u00e5 gj\u00f8re en ekstra innsats for barn og unge. Vi jobber derfor for at barn og unge skal f\u00e5 en god oppvekst, og for \u00e5 skape trygge rammer rundt familiene.&nbsp;&nbsp;<\/p>\n\n\n\n<p><a href=\"\/barn-unge-og-familier\/\">Les mer om v\u00e5re tilbud<\/a><\/p>\n<\/div><\/div>\n","protected":false},"excerpt":{"rendered":"<p>Vil du delta i Friminuttet?&nbsp; Hvem er tilbudet for?&nbsp; Friminuttet er et tilbud for barn&hellip;<\/p>\n","protected":false},"author":6,"featured_media":0,"parent":0,"menu_order":0,"comment_status":"closed","ping_status":"closed","template":"","meta":{"_relevanssi_hide_post":"","_relevanssi_hide_content":"","_relevanssi_pin_for_all":"","_relevanssi_pin_keywords":"","_relevanssi_unpin_keywords":"","_relevanssi_related_keywords":"","_relevanssi_related_include_ids":"","_relevanssi_related_exclude_ids":"","_relevanssi_related_no_append":"","_relevanssi_related_not_related":"","_relevanssi_related_posts":"1","_relevanssi_noindex_reason":"","editor_notices":[],"footnotes":""},"class_list":["post-13","page","type-page","status-publish","hentry"],"yoast_head":"<!-- This site is optimized with the Yoast SEO Premium plugin v27.2 (Yoast SEO v27.2) - https:\/\/yoast.com\/product\/yoast-seo-premium-wordpress\/ -->\n<title>Bli deltaker - Friminuttet<\/title>\n<meta name=\"robots\" content=\"index, follow, max-snippet:-1, max-image-preview:large, max-video-preview:-1\" \/>\n<link rel=\"canonical\" href=\"https:\/\/kirkensbymisjon.no\/tilbud-friminuttet\/bli-deltaker\/\" \/>\n<meta property=\"og:locale\" content=\"nb_NO\" \/>\n<meta property=\"og:type\" content=\"article\" \/>\n<meta property=\"og:title\" content=\"Bli deltaker\" \/>\n<meta property=\"og:description\" content=\"Vil du delta i Friminuttet?&nbsp; Hvem er tilbudet for?&nbsp; Friminuttet er et tilbud for barn&hellip;\" \/>\n<meta property=\"og:url\" content=\"https:\/\/kirkensbymisjon.no\/tilbud-friminuttet\/bli-deltaker\/\" \/>\n<meta property=\"og:site_name\" content=\"Friminuttet\" \/>\n<meta property=\"article:modified_time\" content=\"2024-09-06T13:43:43+00:00\" \/>\n<meta property=\"og:image\" content=\"https:\/\/kirkensbymisjon.no\/content\/uploads\/sites\/90\/2024\/09\/tilbud_friminuttet_03-1024x682.jpg\" \/>\n<meta name=\"twitter:card\" content=\"summary_large_image\" \/>\n<meta name=\"twitter:label1\" content=\"Ansl. lesetid\" \/>\n\t<meta name=\"twitter:data1\" content=\"2 minutter\" \/>\n<script type=\"application\/ld+json\" class=\"yoast-schema-graph\">{\"@context\":\"https:\/\/schema.org\",\"@graph\":[{\"@type\":\"WebPage\",\"@id\":\"https:\/\/kirkensbymisjon.no\/tilbud-friminuttet\/bli-deltaker\/\",\"url\":\"https:\/\/kirkensbymisjon.no\/tilbud-friminuttet\/bli-deltaker\/\",\"name\":\"Bli deltaker - Friminuttet\",\"isPartOf\":{\"@id\":\"https:\/\/kirkensbymisjon.no\/tilbud-friminuttet\/#website\"},\"primaryImageOfPage\":{\"@id\":\"https:\/\/kirkensbymisjon.no\/tilbud-friminuttet\/bli-deltaker\/#primaryimage\"},\"image\":{\"@id\":\"https:\/\/kirkensbymisjon.no\/tilbud-friminuttet\/bli-deltaker\/#primaryimage\"},\"thumbnailUrl\":\"https:\/\/kirkensbymisjon.no\/content\/uploads\/sites\/90\/2024\/09\/tilbud_friminuttet_03-1024x682.jpg\",\"datePublished\":\"2024-07-24T10:03:12+00:00\",\"dateModified\":\"2024-09-06T13:43:43+00:00\",\"breadcrumb\":{\"@id\":\"https:\/\/kirkensbymisjon.no\/tilbud-friminuttet\/bli-deltaker\/#breadcrumb\"},\"inLanguage\":\"nb-NO\",\"potentialAction\":[{\"@type\":\"ReadAction\",\"target\":[\"https:\/\/kirkensbymisjon.no\/tilbud-friminuttet\/bli-deltaker\/\"]}]},{\"@type\":\"ImageObject\",\"inLanguage\":\"nb-NO\",\"@id\":\"https:\/\/kirkensbymisjon.no\/tilbud-friminuttet\/bli-deltaker\/#primaryimage\",\"url\":\"https:\/\/kirkensbymisjon.no\/content\/uploads\/sites\/90\/2024\/09\/tilbud_friminuttet_03-1024x682.jpg\",\"contentUrl\":\"https:\/\/kirkensbymisjon.no\/content\/uploads\/sites\/90\/2024\/09\/tilbud_friminuttet_03-1024x682.jpg\"},{\"@type\":\"BreadcrumbList\",\"@id\":\"https:\/\/kirkensbymisjon.no\/tilbud-friminuttet\/bli-deltaker\/#breadcrumb\",\"itemListElement\":[{\"@type\":\"ListItem\",\"position\":1,\"name\":\"Hjem\",\"item\":\"https:\/\/kirkensbymisjon.no\/tilbud-friminuttet\/\"},{\"@type\":\"ListItem\",\"position\":2,\"name\":\"Bli deltaker\"}]},{\"@type\":\"WebSite\",\"@id\":\"https:\/\/kirkensbymisjon.no\/tilbud-friminuttet\/#website\",\"url\":\"https:\/\/kirkensbymisjon.no\/tilbud-friminuttet\/\",\"name\":\"Friminuttet\",\"description\":\"\",\"potentialAction\":[{\"@type\":\"SearchAction\",\"target\":{\"@type\":\"EntryPoint\",\"urlTemplate\":\"https:\/\/kirkensbymisjon.no\/tilbud-friminuttet\/?s={search_term_string}\"},\"query-input\":{\"@type\":\"PropertyValueSpecification\",\"valueRequired\":true,\"valueName\":\"search_term_string\"}}],\"inLanguage\":\"nb-NO\"}]}<\/script>\n<!-- \/ Yoast SEO Premium plugin. -->","yoast_head_json":{"title":"Bli deltaker - Friminuttet","robots":{"index":"index","follow":"follow","max-snippet":"max-snippet:-1","max-image-preview":"max-image-preview:large","max-video-preview":"max-video-preview:-1"},"canonical":"https:\/\/kirkensbymisjon.no\/tilbud-friminuttet\/bli-deltaker\/","og_locale":"nb_NO","og_type":"article","og_title":"Bli deltaker","og_description":"Vil du delta i Friminuttet?&nbsp; Hvem er tilbudet for?&nbsp; Friminuttet er et tilbud for barn&hellip;","og_url":"https:\/\/kirkensbymisjon.no\/tilbud-friminuttet\/bli-deltaker\/","og_site_name":"Friminuttet","article_modified_time":"2024-09-06T13:43:43+00:00","og_image":[{"url":"https:\/\/kirkensbymisjon.no\/content\/uploads\/sites\/90\/2024\/09\/tilbud_friminuttet_03-1024x682.jpg","type":"","width":"","height":""}],"twitter_card":"summary_large_image","twitter_misc":{"Ansl. lesetid":"2 minutter"},"schema":{"@context":"https:\/\/schema.org","@graph":[{"@type":"WebPage","@id":"https:\/\/kirkensbymisjon.no\/tilbud-friminuttet\/bli-deltaker\/","url":"https:\/\/kirkensbymisjon.no\/tilbud-friminuttet\/bli-deltaker\/","name":"Bli deltaker - Friminuttet","isPartOf":{"@id":"https:\/\/kirkensbymisjon.no\/tilbud-friminuttet\/#website"},"primaryImageOfPage":{"@id":"https:\/\/kirkensbymisjon.no\/tilbud-friminuttet\/bli-deltaker\/#primaryimage"},"image":{"@id":"https:\/\/kirkensbymisjon.no\/tilbud-friminuttet\/bli-deltaker\/#primaryimage"},"thumbnailUrl":"https:\/\/kirkensbymisjon.no\/content\/uploads\/sites\/90\/2024\/09\/tilbud_friminuttet_03-1024x682.jpg","datePublished":"2024-07-24T10:03:12+00:00","dateModified":"2024-09-06T13:43:43+00:00","breadcrumb":{"@id":"https:\/\/kirkensbymisjon.no\/tilbud-friminuttet\/bli-deltaker\/#breadcrumb"},"inLanguage":"nb-NO","potentialAction":[{"@type":"ReadAction","target":["https:\/\/kirkensbymisjon.no\/tilbud-friminuttet\/bli-deltaker\/"]}]},{"@type":"ImageObject","inLanguage":"nb-NO","@id":"https:\/\/kirkensbymisjon.no\/tilbud-friminuttet\/bli-deltaker\/#primaryimage","url":"https:\/\/kirkensbymisjon.no\/content\/uploads\/sites\/90\/2024\/09\/tilbud_friminuttet_03-1024x682.jpg","contentUrl":"https:\/\/kirkensbymisjon.no\/content\/uploads\/sites\/90\/2024\/09\/tilbud_friminuttet_03-1024x682.jpg"},{"@type":"BreadcrumbList","@id":"https:\/\/kirkensbymisjon.no\/tilbud-friminuttet\/bli-deltaker\/#breadcrumb","itemListElement":[{"@type":"ListItem","position":1,"name":"Hjem","item":"https:\/\/kirkensbymisjon.no\/tilbud-friminuttet\/"},{"@type":"ListItem","position":2,"name":"Bli deltaker"}]},{"@type":"WebSite","@id":"https:\/\/kirkensbymisjon.no\/tilbud-friminuttet\/#website","url":"https:\/\/kirkensbymisjon.no\/tilbud-friminuttet\/","name":"Friminuttet","description":"","potentialAction":[{"@type":"SearchAction","target":{"@type":"EntryPoint","urlTemplate":"https:\/\/kirkensbymisjon.no\/tilbud-friminuttet\/?s={search_term_string}"},"query-input":{"@type":"PropertyValueSpecification","valueRequired":true,"valueName":"search_term_string"}}],"inLanguage":"nb-NO"}]}},"_links":{"self":[{"href":"https:\/\/kirkensbymisjon.no\/tilbud-friminuttet\/wp-json\/wp\/v2\/pages\/13","targetHints":{"allow":["GET"]}}],"collection":[{"href":"https:\/\/kirkensbymisjon.no\/tilbud-friminuttet\/wp-json\/wp\/v2\/pages"}],"about":[{"href":"https:\/\/kirkensbymisjon.no\/tilbud-friminuttet\/wp-json\/wp\/v2\/types\/page"}],"author":[{"embeddable":true,"href":"https:\/\/kirkensbymisjon.no\/tilbud-friminuttet\/wp-json\/wp\/v2\/users\/6"}],"replies":[{"embeddable":true,"href":"https:\/\/kirkensbymisjon.no\/tilbud-friminuttet\/wp-json\/wp\/v2\/comments?post=13"}],"version-history":[{"count":4,"href":"https:\/\/kirkensbymisjon.no\/tilbud-friminuttet\/wp-json\/wp\/v2\/pages\/13\/revisions"}],"predecessor-version":[{"id":135,"href":"https:\/\/kirkensbymisjon.no\/tilbud-friminuttet\/wp-json\/wp\/v2\/pages\/13\/revisions\/135"}],"wp:attachment":[{"href":"https:\/\/kirkensbymisjon.no\/tilbud-friminuttet\/wp-json\/wp\/v2\/media?parent=13"}],"curies":[{"name":"wp","href":"https:\/\/api.w.org\/{rel}","templated":true}]}}