{"id":9,"date":"2024-07-24T12:02:45","date_gmt":"2024-07-24T10:02:45","guid":{"rendered":"https:\/\/kirkensbymisjon.no\/tilbud-friminuttet\/?page_id=9"},"modified":"2024-11-06T13:37:48","modified_gmt":"2024-11-06T12:37:48","slug":"om-friminuttet","status":"publish","type":"page","link":"https:\/\/kirkensbymisjon.no\/tilbud-friminuttet\/om-friminuttet\/","title":{"rendered":"Om Friminuttet"},"content":{"rendered":"\n<h2 class=\"wp-block-heading\" id=\"h-om-friminuttet\">Om Friminuttet<\/h2>\n\n\n\n<h3 class=\"wp-block-heading\" id=\"h-mestring-kreativitet-fellesskap-nbsp\"><br><strong>Mestring, kreativitet, fellesskap<\/strong>&nbsp;<\/h3>\n\n\n\n<p>Friminuttet ble etablert i 2008, og er et tilbud under Kirkens Bymisjon Drammen. Friminuttet er et gratis tilbud for de som har behov for det. Vi har ingen betalte plasser, og rapporterer ikke til noen instanser, med mindre et samarbeid er avtalt med foreldrene.&nbsp;<\/p>\n\n\n\n<p>P\u00e5 Friminuttet skal barna oppleve \u00e5 bli sett hver eneste dag. De skal oppleve rause og trygge voksne. Friminuttet har som m\u00e5l \u00e5 gi barna et \u00abfriminutt\u00bb fra hverdagens utfordringer.&nbsp;<\/p>\n\n\n\n<p>M\u00e5let v\u00e5rt er \u00e5 bidra til en trygg oppvekst og gode opplevelser. Gjennom mestring, kreativitet, fellesskap og kontinuitet skal vi gi barna styrke og kunnskap til \u00e5 h\u00e5ndtere ulike utfordringer i livet.&nbsp;<\/p>\n\n\n\n<h3 class=\"wp-block-heading\" id=\"h-trygge-voksne-nbsp\"><strong>Trygge voksne<\/strong>&nbsp;<\/h3>\n\n\n\n<p>De voksne p\u00e5 Friminuttet har ulik erfaringskompetanse og ulik formalkompetanse. Det er blant annet pedagoger, barne- og ungdomsarbeidere, utdannelse innen arbeid med utsatte barn og unge, helses\u00f8stre og s\u00e5 videre. Alle ansatte og frivillige samles flere ganger i \u00e5ret for faglig p\u00e5fyll og for \u00e5 sammen planlegge hvordan vi kan m\u00f8te barna hos oss enda bedre. Alle voksne m\u00e5 dessuten levere politiattest for \u00e5 jobbe her.\u00a0<\/p>\n\n\n\n<h3 class=\"wp-block-heading\" id=\"h-god-dialog-med-foreldre-nbsp\"><strong>God dialog med foreldre<\/strong>&nbsp;<\/h3>\n\n\n\n<p>Friminuttet vektlegger god kontakt med foreldre og andre rundt barna som er p\u00e5 Friminuttet. Vi samarbeider ogs\u00e5 tett med skoler og andre n\u00f8dvendige instanser i forhold til tilrettelegging av tiltak for enkeltfamilier\/barn.&nbsp;<\/p>\n\n\n\n<h2 class=\"wp-block-heading\" id=\"h-vare-frivillige-nbsp\"><strong>V\u00e5re frivillige<\/strong>&nbsp;<\/h2>\n\n\n\n<p>For barna er det ikke viktig om en er ansatt, frivillig eller student. Hos oss er alle voksne like viktige i det gode arbeidet som gj\u00f8res. Som frivillig er du med i alle aktivitetene vi gj\u00f8r med barna v\u00e5re. Du vil f\u00e5 en fast dag i uken og blir godt kjent med b\u00e5de barna og de voksne.&nbsp;<\/p>\n\n\n\n<p>Friminuttet er stadig i behov for flere nye frivillige. Vi \u00f8nsker oss voksne frivillige i alle aldre, begge kj\u00f8nn, fra ulike kulturer og med ulik erfaring. Vi \u00f8nsker frivillige som er glad i barn, og som \u00f8nsker \u00e5 gj\u00f8re en forskjell. Fordi vi arbeider med barn med ekstra behov for trygghet, er stabilitet viktig hos oss. Vi \u00f8nsker prim\u00e6rt frivillige som \u00f8nsker \u00e5 v\u00e6re her for en lengre periode, dette for \u00e5 hindre for mange bytter for barna v\u00e5re. Alle frivillige m\u00e5 skrive under p\u00e5 en taushetserkl\u00e6ring og Kirkens Bymisjon sitt verdigrunnlag f\u00f8r oppstart. I tillegg m\u00e5 frivillige p\u00e5 Friminuttet levere politiattest.\u00a0<\/p>\n\n\n\n<p>Alle frivillige inviteres p\u00e5 introduksjonskurs med frivillighetsansvarlig i Kirkens Bymisjon. I tillegg inviteres de frivillige til minimum to samlinger p\u00e5 avdelingen per \u00e5r. Les mer om det \u00e5 <a href=\"https:\/\/kirkensbymisjon.no\/bli-frivillig\/\">v\u00e6re frivillig<\/a> i Kirkens Bymisjon her.<\/p>\n\n\n\n<div class=\"wp-block-media-text alignwide is-stacked-on-mobile is-style-filled\"><figure class=\"wp-block-media-text__media\"><img decoding=\"async\" src=\"https:\/\/kirkensbymisjon.no\/content\/uploads\/2024\/09\/Standard_Bli-frivillig_02-1024x633.jpg\" alt=\"Frivillige medarbeidere\" class=\"wp-image-3049 size-full\" \/><\/figure><div class=\"wp-block-media-text__content\">\n<h2 class=\"wp-block-heading\" id=\"h-bli-frivillig-nbsp\"><strong>Bli frivillig!<\/strong>&nbsp;<\/h2>\n\n\n\n<p>Vi trenger deg som \u00f8nsker \u00e5 gj\u00f8re en frivillig innsats til nytte og glede for andre og deg selv. Gjennom frivillig engasjement kan du bruke din erfaring og kompetanse \u2013 eller l\u00e6re noe nytt.&nbsp;<\/p>\n\n\n\n<p><a href=\"\/bli-frivillig\">Les mer om frivillighet<\/a><\/p>\n<\/div><\/div>\n\n\n\n<p>\u00d8nsker du \u00e5 bli frivillig p\u00e5 Friminuttet? <br>Ta kontakt med frivillighetskoordinator Liv Marit B\u00f8rstad p\u00e5 telefon <a href=\"tel:+4790721275\">907 21 275<\/a>. \u00a0<\/p>\n","protected":false},"excerpt":{"rendered":"<p>Om Friminuttet Mestring, kreativitet, fellesskap&nbsp; Friminuttet ble etablert i 2008, og er et tilbud under&hellip;<\/p>\n","protected":false},"author":6,"featured_media":0,"parent":0,"menu_order":0,"comment_status":"closed","ping_status":"closed","template":"","meta":{"_relevanssi_hide_post":"","_relevanssi_hide_content":"","_relevanssi_pin_for_all":"","_relevanssi_pin_keywords":"","_relevanssi_unpin_keywords":"","_relevanssi_related_keywords":"","_relevanssi_related_include_ids":"","_relevanssi_related_exclude_ids":"","_relevanssi_related_no_append":"","_relevanssi_related_not_related":"","_relevanssi_related_posts":"1","_relevanssi_noindex_reason":"","editor_notices":[],"footnotes":""},"class_list":["post-9","page","type-page","status-publish","hentry"],"yoast_head":"<!-- This site is optimized with the Yoast SEO Premium plugin v27.2 (Yoast SEO v27.2) - https:\/\/yoast.com\/product\/yoast-seo-premium-wordpress\/ -->\n<title>Om Friminuttet - Friminuttet<\/title>\n<meta name=\"robots\" content=\"index, follow, max-snippet:-1, max-image-preview:large, max-video-preview:-1\" \/>\n<link rel=\"canonical\" href=\"https:\/\/kirkensbymisjon.no\/tilbud-friminuttet\/om-friminuttet\/\" \/>\n<meta property=\"og:locale\" content=\"nb_NO\" \/>\n<meta property=\"og:type\" content=\"article\" \/>\n<meta property=\"og:title\" content=\"Om Friminuttet\" \/>\n<meta property=\"og:description\" content=\"Om Friminuttet Mestring, kreativitet, fellesskap&nbsp; Friminuttet ble etablert i 2008, og er et tilbud under&hellip;\" \/>\n<meta property=\"og:url\" content=\"https:\/\/kirkensbymisjon.no\/tilbud-friminuttet\/om-friminuttet\/\" \/>\n<meta property=\"og:site_name\" content=\"Friminuttet\" \/>\n<meta property=\"article:modified_time\" content=\"2024-11-06T12:37:48+00:00\" \/>\n<meta name=\"twitter:card\" content=\"summary_large_image\" \/>\n<meta name=\"twitter:label1\" content=\"Ansl. lesetid\" \/>\n\t<meta name=\"twitter:data1\" content=\"3 minutter\" \/>\n<script type=\"application\/ld+json\" class=\"yoast-schema-graph\">{\"@context\":\"https:\/\/schema.org\",\"@graph\":[{\"@type\":\"WebPage\",\"@id\":\"https:\/\/kirkensbymisjon.no\/tilbud-friminuttet\/om-friminuttet\/\",\"url\":\"https:\/\/kirkensbymisjon.no\/tilbud-friminuttet\/om-friminuttet\/\",\"name\":\"Om Friminuttet - Friminuttet\",\"isPartOf\":{\"@id\":\"https:\/\/kirkensbymisjon.no\/tilbud-friminuttet\/#website\"},\"primaryImageOfPage\":{\"@id\":\"https:\/\/kirkensbymisjon.no\/tilbud-friminuttet\/om-friminuttet\/#primaryimage\"},\"image\":{\"@id\":\"https:\/\/kirkensbymisjon.no\/tilbud-friminuttet\/om-friminuttet\/#primaryimage\"},\"thumbnailUrl\":\"https:\/\/kirkensbymisjon.no\/content\/uploads\/2024\/09\/Standard_Bli-frivillig_02-1024x633.jpg\",\"datePublished\":\"2024-07-24T10:02:45+00:00\",\"dateModified\":\"2024-11-06T12:37:48+00:00\",\"breadcrumb\":{\"@id\":\"https:\/\/kirkensbymisjon.no\/tilbud-friminuttet\/om-friminuttet\/#breadcrumb\"},\"inLanguage\":\"nb-NO\",\"potentialAction\":[{\"@type\":\"ReadAction\",\"target\":[\"https:\/\/kirkensbymisjon.no\/tilbud-friminuttet\/om-friminuttet\/\"]}]},{\"@type\":\"ImageObject\",\"inLanguage\":\"nb-NO\",\"@id\":\"https:\/\/kirkensbymisjon.no\/tilbud-friminuttet\/om-friminuttet\/#primaryimage\",\"url\":\"https:\/\/kirkensbymisjon.no\/content\/uploads\/2024\/09\/Standard_Bli-frivillig_02-1024x633.jpg\",\"contentUrl\":\"https:\/\/kirkensbymisjon.no\/content\/uploads\/2024\/09\/Standard_Bli-frivillig_02-1024x633.jpg\"},{\"@type\":\"BreadcrumbList\",\"@id\":\"https:\/\/kirkensbymisjon.no\/tilbud-friminuttet\/om-friminuttet\/#breadcrumb\",\"itemListElement\":[{\"@type\":\"ListItem\",\"position\":1,\"name\":\"Hjem\",\"item\":\"https:\/\/kirkensbymisjon.no\/tilbud-friminuttet\/\"},{\"@type\":\"ListItem\",\"position\":2,\"name\":\"Om Friminuttet\"}]},{\"@type\":\"WebSite\",\"@id\":\"https:\/\/kirkensbymisjon.no\/tilbud-friminuttet\/#website\",\"url\":\"https:\/\/kirkensbymisjon.no\/tilbud-friminuttet\/\",\"name\":\"Friminuttet\",\"description\":\"\",\"potentialAction\":[{\"@type\":\"SearchAction\",\"target\":{\"@type\":\"EntryPoint\",\"urlTemplate\":\"https:\/\/kirkensbymisjon.no\/tilbud-friminuttet\/?s={search_term_string}\"},\"query-input\":{\"@type\":\"PropertyValueSpecification\",\"valueRequired\":true,\"valueName\":\"search_term_string\"}}],\"inLanguage\":\"nb-NO\"}]}<\/script>\n<!-- \/ Yoast SEO Premium plugin. -->","yoast_head_json":{"title":"Om Friminuttet - Friminuttet","robots":{"index":"index","follow":"follow","max-snippet":"max-snippet:-1","max-image-preview":"max-image-preview:large","max-video-preview":"max-video-preview:-1"},"canonical":"https:\/\/kirkensbymisjon.no\/tilbud-friminuttet\/om-friminuttet\/","og_locale":"nb_NO","og_type":"article","og_title":"Om Friminuttet","og_description":"Om Friminuttet Mestring, kreativitet, fellesskap&nbsp; Friminuttet ble etablert i 2008, og er et tilbud under&hellip;","og_url":"https:\/\/kirkensbymisjon.no\/tilbud-friminuttet\/om-friminuttet\/","og_site_name":"Friminuttet","article_modified_time":"2024-11-06T12:37:48+00:00","twitter_card":"summary_large_image","twitter_misc":{"Ansl. lesetid":"3 minutter"},"schema":{"@context":"https:\/\/schema.org","@graph":[{"@type":"WebPage","@id":"https:\/\/kirkensbymisjon.no\/tilbud-friminuttet\/om-friminuttet\/","url":"https:\/\/kirkensbymisjon.no\/tilbud-friminuttet\/om-friminuttet\/","name":"Om Friminuttet - Friminuttet","isPartOf":{"@id":"https:\/\/kirkensbymisjon.no\/tilbud-friminuttet\/#website"},"primaryImageOfPage":{"@id":"https:\/\/kirkensbymisjon.no\/tilbud-friminuttet\/om-friminuttet\/#primaryimage"},"image":{"@id":"https:\/\/kirkensbymisjon.no\/tilbud-friminuttet\/om-friminuttet\/#primaryimage"},"thumbnailUrl":"https:\/\/kirkensbymisjon.no\/content\/uploads\/2024\/09\/Standard_Bli-frivillig_02-1024x633.jpg","datePublished":"2024-07-24T10:02:45+00:00","dateModified":"2024-11-06T12:37:48+00:00","breadcrumb":{"@id":"https:\/\/kirkensbymisjon.no\/tilbud-friminuttet\/om-friminuttet\/#breadcrumb"},"inLanguage":"nb-NO","potentialAction":[{"@type":"ReadAction","target":["https:\/\/kirkensbymisjon.no\/tilbud-friminuttet\/om-friminuttet\/"]}]},{"@type":"ImageObject","inLanguage":"nb-NO","@id":"https:\/\/kirkensbymisjon.no\/tilbud-friminuttet\/om-friminuttet\/#primaryimage","url":"https:\/\/kirkensbymisjon.no\/content\/uploads\/2024\/09\/Standard_Bli-frivillig_02-1024x633.jpg","contentUrl":"https:\/\/kirkensbymisjon.no\/content\/uploads\/2024\/09\/Standard_Bli-frivillig_02-1024x633.jpg"},{"@type":"BreadcrumbList","@id":"https:\/\/kirkensbymisjon.no\/tilbud-friminuttet\/om-friminuttet\/#breadcrumb","itemListElement":[{"@type":"ListItem","position":1,"name":"Hjem","item":"https:\/\/kirkensbymisjon.no\/tilbud-friminuttet\/"},{"@type":"ListItem","position":2,"name":"Om Friminuttet"}]},{"@type":"WebSite","@id":"https:\/\/kirkensbymisjon.no\/tilbud-friminuttet\/#website","url":"https:\/\/kirkensbymisjon.no\/tilbud-friminuttet\/","name":"Friminuttet","description":"","potentialAction":[{"@type":"SearchAction","target":{"@type":"EntryPoint","urlTemplate":"https:\/\/kirkensbymisjon.no\/tilbud-friminuttet\/?s={search_term_string}"},"query-input":{"@type":"PropertyValueSpecification","valueRequired":true,"valueName":"search_term_string"}}],"inLanguage":"nb-NO"}]}},"_links":{"self":[{"href":"https:\/\/kirkensbymisjon.no\/tilbud-friminuttet\/wp-json\/wp\/v2\/pages\/9","targetHints":{"allow":["GET"]}}],"collection":[{"href":"https:\/\/kirkensbymisjon.no\/tilbud-friminuttet\/wp-json\/wp\/v2\/pages"}],"about":[{"href":"https:\/\/kirkensbymisjon.no\/tilbud-friminuttet\/wp-json\/wp\/v2\/types\/page"}],"author":[{"embeddable":true,"href":"https:\/\/kirkensbymisjon.no\/tilbud-friminuttet\/wp-json\/wp\/v2\/users\/6"}],"replies":[{"embeddable":true,"href":"https:\/\/kirkensbymisjon.no\/tilbud-friminuttet\/wp-json\/wp\/v2\/comments?post=9"}],"version-history":[{"count":5,"href":"https:\/\/kirkensbymisjon.no\/tilbud-friminuttet\/wp-json\/wp\/v2\/pages\/9\/revisions"}],"predecessor-version":[{"id":145,"href":"https:\/\/kirkensbymisjon.no\/tilbud-friminuttet\/wp-json\/wp\/v2\/pages\/9\/revisions\/145"}],"wp:attachment":[{"href":"https:\/\/kirkensbymisjon.no\/tilbud-friminuttet\/wp-json\/wp\/v2\/media?parent=9"}],"curies":[{"name":"wp","href":"https:\/\/api.w.org\/{rel}","templated":true}]}}