{"id":3,"date":"2024-07-04T10:58:13","date_gmt":"2024-07-04T08:58:13","guid":{"rendered":"https:\/\/kirkensbymisjon.no\/tilbud-fritidshuset-tonsberg\/forside\/"},"modified":"2024-09-06T17:12:27","modified_gmt":"2024-09-06T15:12:27","slug":"forside","status":"publish","type":"page","link":"https:\/\/kirkensbymisjon.no\/tilbud-fritidshuset\/","title":{"rendered":"Forside"},"content":{"rendered":"\n<p>Vi bruker v\u00e5re varme lokaler og n\u00e6rmilj\u00f8et til \u00e5 tilby en rekke ulike fritidstilbud og aktiviteter. M\u00e5let er at barn og voksne skal ha gode opplevelser sammen og oppleve mestring og sosialt fellesskap. Her kan man bli kjent med nye mennesker, ha det hyggelig sammen og delta p\u00e5 aktiviteter og ferier.<\/p>\n\n\n\n<h2 class=\"wp-block-heading\" id=\"h-vi-tilbyr-blant-annet\">Vi tilbyr blant annet:<\/h2>\n\n\n\n<ul class=\"wp-block-list\">\n<li>En rekke fritidstilbud.<\/li>\n\n\n\n<li>Samlende m\u00e5ltider.<\/li>\n\n\n\n<li>Kreativt verksted.<\/li>\n\n\n\n<li>Fysisk aktivitet.<\/li>\n\n\n\n<li>Ferietilbud i skolenes ferier.<\/li>\n<\/ul>\n\n\n\n<div class=\"wp-block-media-text alignwide is-stacked-on-mobile is-style-filled\"><figure class=\"wp-block-media-text__media\"><img decoding=\"async\" src=\"https:\/\/kirkensbymisjon.no\/content\/uploads\/2024\/06\/arbeidsfelt_barnunge_04-1024x683.jpg\" alt=\"Ansatt i samtale med jente\" class=\"wp-image-147 size-full\"\/><\/figure><div class=\"wp-block-media-text__content\">\n<h2 class=\"wp-block-heading\" id=\"h-barn-unge-og-familier\">Barn, unge og familier<\/h2>\n\n\n\n<p>En viktig del av v\u00e5r strategi er \u00e5 gj\u00f8re en ekstra innsats for barn og unge. Vi jobber derfor for at barn og unge skal f\u00e5 en god oppvekst, og for \u00e5 skape trygge rammer rundt familiene.&nbsp;&nbsp;<\/p>\n\n\n\n<p><a href=\"\/barn-unge-og-familier\/\">Les mer om v\u00e5re tilbud<\/a><\/p>\n<\/div><\/div>\n","protected":false},"excerpt":{"rendered":"<p>Vi bruker v\u00e5re varme lokaler og n\u00e6rmilj\u00f8et til \u00e5 tilby en rekke ulike fritidstilbud og&hellip;<\/p>\n","protected":false},"author":2,"featured_media":0,"parent":0,"menu_order":0,"comment_status":"closed","ping_status":"closed","template":"","meta":{"_relevanssi_hide_post":"","_relevanssi_hide_content":"","_relevanssi_pin_for_all":"","_relevanssi_pin_keywords":"","_relevanssi_unpin_keywords":"","_relevanssi_related_keywords":"","_relevanssi_related_include_ids":"","_relevanssi_related_exclude_ids":"","_relevanssi_related_no_append":"","_relevanssi_related_not_related":"","_relevanssi_related_posts":"1","_relevanssi_noindex_reason":"","editor_notices":[],"footnotes":""},"class_list":["post-3","page","type-page","status-publish","hentry"],"yoast_head":"<!-- This site is optimized with the Yoast SEO Premium plugin v27.2 (Yoast SEO v27.2) - https:\/\/yoast.com\/product\/yoast-seo-premium-wordpress\/ -->\n<title>Kirkens Bymisjon - Fritidshuset<\/title>\n<meta name=\"description\" content=\"Et inkluderende m\u00f8tested for barnefamilier i Holmestrand og T\u00f8nsberg. Alle v\u00e5re aktiviteter er gratis.\" \/>\n<meta name=\"robots\" content=\"index, follow, max-snippet:-1, max-image-preview:large, max-video-preview:-1\" \/>\n<link rel=\"canonical\" href=\"https:\/\/kirkensbymisjon.no\/tilbud-fritidshuset\/\" \/>\n<meta property=\"og:locale\" content=\"nb_NO\" \/>\n<meta property=\"og:type\" content=\"article\" \/>\n<meta property=\"og:title\" content=\"Kirkens Bymisjon - Fritidshuset\" \/>\n<meta property=\"og:description\" content=\"Et inkluderende m\u00f8tested for barnefamilier i Holmestrand og T\u00f8nsberg. Alle v\u00e5re aktiviteter er gratis.\" \/>\n<meta property=\"og:url\" content=\"https:\/\/kirkensbymisjon.no\/tilbud-fritidshuset\/\" \/>\n<meta property=\"og:site_name\" content=\"Fritidshuset\" \/>\n<meta property=\"article:modified_time\" content=\"2024-09-06T15:12:27+00:00\" \/>\n<meta property=\"og:image\" content=\"https:\/\/kirkensbymisjon.no\/content\/uploads\/2024\/06\/arbeidsfelt_barnunge_04-1024x683.jpg\" \/>\n<meta name=\"twitter:card\" content=\"summary_large_image\" \/>\n<meta name=\"twitter:title\" content=\"Forside\" \/>\n<meta name=\"twitter:label1\" content=\"Ansl. lesetid\" \/>\n\t<meta name=\"twitter:data1\" content=\"1 minutt\" \/>\n<script type=\"application\/ld+json\" class=\"yoast-schema-graph\">{\"@context\":\"https:\/\/schema.org\",\"@graph\":[{\"@type\":\"WebPage\",\"@id\":\"https:\/\/kirkensbymisjon.no\/tilbud-fritidshuset\/\",\"url\":\"https:\/\/kirkensbymisjon.no\/tilbud-fritidshuset\/\",\"name\":\"Kirkens Bymisjon - Fritidshuset\",\"isPartOf\":{\"@id\":\"https:\/\/kirkensbymisjon.no\/tilbud-fritidshuset\/#website\"},\"primaryImageOfPage\":{\"@id\":\"https:\/\/kirkensbymisjon.no\/tilbud-fritidshuset\/#primaryimage\"},\"image\":{\"@id\":\"https:\/\/kirkensbymisjon.no\/tilbud-fritidshuset\/#primaryimage\"},\"thumbnailUrl\":\"https:\/\/kirkensbymisjon.no\/content\/uploads\/2024\/06\/arbeidsfelt_barnunge_04-1024x683.jpg\",\"datePublished\":\"2024-07-04T08:58:13+00:00\",\"dateModified\":\"2024-09-06T15:12:27+00:00\",\"description\":\"Et inkluderende m\u00f8tested for barnefamilier i Holmestrand og T\u00f8nsberg. Alle v\u00e5re aktiviteter er gratis.\",\"breadcrumb\":{\"@id\":\"https:\/\/kirkensbymisjon.no\/tilbud-fritidshuset\/#breadcrumb\"},\"inLanguage\":\"nb-NO\",\"potentialAction\":[{\"@type\":\"ReadAction\",\"target\":[\"https:\/\/kirkensbymisjon.no\/tilbud-fritidshuset\/\"]}]},{\"@type\":\"ImageObject\",\"inLanguage\":\"nb-NO\",\"@id\":\"https:\/\/kirkensbymisjon.no\/tilbud-fritidshuset\/#primaryimage\",\"url\":\"https:\/\/kirkensbymisjon.no\/content\/uploads\/2024\/06\/arbeidsfelt_barnunge_04-1024x683.jpg\",\"contentUrl\":\"https:\/\/kirkensbymisjon.no\/content\/uploads\/2024\/06\/arbeidsfelt_barnunge_04-1024x683.jpg\"},{\"@type\":\"BreadcrumbList\",\"@id\":\"https:\/\/kirkensbymisjon.no\/tilbud-fritidshuset\/#breadcrumb\",\"itemListElement\":[{\"@type\":\"ListItem\",\"position\":1,\"name\":\"Hjem\",\"item\":\"https:\/\/kirkensbymisjon.no\/tilbud-fritidshuset\/\"},{\"@type\":\"ListItem\",\"position\":2,\"name\":\"Forside\"}]},{\"@type\":\"WebSite\",\"@id\":\"https:\/\/kirkensbymisjon.no\/tilbud-fritidshuset\/#website\",\"url\":\"https:\/\/kirkensbymisjon.no\/tilbud-fritidshuset\/\",\"name\":\"Fritidshuset\",\"description\":\"\",\"potentialAction\":[{\"@type\":\"SearchAction\",\"target\":{\"@type\":\"EntryPoint\",\"urlTemplate\":\"https:\/\/kirkensbymisjon.no\/tilbud-fritidshuset\/?s={search_term_string}\"},\"query-input\":{\"@type\":\"PropertyValueSpecification\",\"valueRequired\":true,\"valueName\":\"search_term_string\"}}],\"inLanguage\":\"nb-NO\"}]}<\/script>\n<!-- \/ Yoast SEO Premium plugin. -->","yoast_head_json":{"title":"Kirkens Bymisjon - Fritidshuset","description":"Et inkluderende m\u00f8tested for barnefamilier i Holmestrand og T\u00f8nsberg. Alle v\u00e5re aktiviteter er gratis.","robots":{"index":"index","follow":"follow","max-snippet":"max-snippet:-1","max-image-preview":"max-image-preview:large","max-video-preview":"max-video-preview:-1"},"canonical":"https:\/\/kirkensbymisjon.no\/tilbud-fritidshuset\/","og_locale":"nb_NO","og_type":"article","og_title":"Kirkens Bymisjon - Fritidshuset","og_description":"Et inkluderende m\u00f8tested for barnefamilier i Holmestrand og T\u00f8nsberg. Alle v\u00e5re aktiviteter er gratis.","og_url":"https:\/\/kirkensbymisjon.no\/tilbud-fritidshuset\/","og_site_name":"Fritidshuset","article_modified_time":"2024-09-06T15:12:27+00:00","og_image":[{"url":"https:\/\/kirkensbymisjon.no\/content\/uploads\/2024\/06\/arbeidsfelt_barnunge_04-1024x683.jpg","type":"","width":"","height":""}],"twitter_card":"summary_large_image","twitter_title":"Forside","twitter_misc":{"Ansl. lesetid":"1 minutt"},"schema":{"@context":"https:\/\/schema.org","@graph":[{"@type":"WebPage","@id":"https:\/\/kirkensbymisjon.no\/tilbud-fritidshuset\/","url":"https:\/\/kirkensbymisjon.no\/tilbud-fritidshuset\/","name":"Kirkens Bymisjon - Fritidshuset","isPartOf":{"@id":"https:\/\/kirkensbymisjon.no\/tilbud-fritidshuset\/#website"},"primaryImageOfPage":{"@id":"https:\/\/kirkensbymisjon.no\/tilbud-fritidshuset\/#primaryimage"},"image":{"@id":"https:\/\/kirkensbymisjon.no\/tilbud-fritidshuset\/#primaryimage"},"thumbnailUrl":"https:\/\/kirkensbymisjon.no\/content\/uploads\/2024\/06\/arbeidsfelt_barnunge_04-1024x683.jpg","datePublished":"2024-07-04T08:58:13+00:00","dateModified":"2024-09-06T15:12:27+00:00","description":"Et inkluderende m\u00f8tested for barnefamilier i Holmestrand og T\u00f8nsberg. Alle v\u00e5re aktiviteter er gratis.","breadcrumb":{"@id":"https:\/\/kirkensbymisjon.no\/tilbud-fritidshuset\/#breadcrumb"},"inLanguage":"nb-NO","potentialAction":[{"@type":"ReadAction","target":["https:\/\/kirkensbymisjon.no\/tilbud-fritidshuset\/"]}]},{"@type":"ImageObject","inLanguage":"nb-NO","@id":"https:\/\/kirkensbymisjon.no\/tilbud-fritidshuset\/#primaryimage","url":"https:\/\/kirkensbymisjon.no\/content\/uploads\/2024\/06\/arbeidsfelt_barnunge_04-1024x683.jpg","contentUrl":"https:\/\/kirkensbymisjon.no\/content\/uploads\/2024\/06\/arbeidsfelt_barnunge_04-1024x683.jpg"},{"@type":"BreadcrumbList","@id":"https:\/\/kirkensbymisjon.no\/tilbud-fritidshuset\/#breadcrumb","itemListElement":[{"@type":"ListItem","position":1,"name":"Hjem","item":"https:\/\/kirkensbymisjon.no\/tilbud-fritidshuset\/"},{"@type":"ListItem","position":2,"name":"Forside"}]},{"@type":"WebSite","@id":"https:\/\/kirkensbymisjon.no\/tilbud-fritidshuset\/#website","url":"https:\/\/kirkensbymisjon.no\/tilbud-fritidshuset\/","name":"Fritidshuset","description":"","potentialAction":[{"@type":"SearchAction","target":{"@type":"EntryPoint","urlTemplate":"https:\/\/kirkensbymisjon.no\/tilbud-fritidshuset\/?s={search_term_string}"},"query-input":{"@type":"PropertyValueSpecification","valueRequired":true,"valueName":"search_term_string"}}],"inLanguage":"nb-NO"}]}},"_links":{"self":[{"href":"https:\/\/kirkensbymisjon.no\/tilbud-fritidshuset\/wp-json\/wp\/v2\/pages\/3","targetHints":{"allow":["GET"]}}],"collection":[{"href":"https:\/\/kirkensbymisjon.no\/tilbud-fritidshuset\/wp-json\/wp\/v2\/pages"}],"about":[{"href":"https:\/\/kirkensbymisjon.no\/tilbud-fritidshuset\/wp-json\/wp\/v2\/types\/page"}],"author":[{"embeddable":true,"href":"https:\/\/kirkensbymisjon.no\/tilbud-fritidshuset\/wp-json\/wp\/v2\/users\/2"}],"replies":[{"embeddable":true,"href":"https:\/\/kirkensbymisjon.no\/tilbud-fritidshuset\/wp-json\/wp\/v2\/comments?post=3"}],"version-history":[{"count":5,"href":"https:\/\/kirkensbymisjon.no\/tilbud-fritidshuset\/wp-json\/wp\/v2\/pages\/3\/revisions"}],"predecessor-version":[{"id":43,"href":"https:\/\/kirkensbymisjon.no\/tilbud-fritidshuset\/wp-json\/wp\/v2\/pages\/3\/revisions\/43"}],"wp:attachment":[{"href":"https:\/\/kirkensbymisjon.no\/tilbud-fritidshuset\/wp-json\/wp\/v2\/media?parent=3"}],"curies":[{"name":"wp","href":"https:\/\/api.w.org\/{rel}","templated":true}]}}