{"id":3,"date":"2024-06-20T14:50:45","date_gmt":"2024-06-20T12:50:45","guid":{"rendered":"https:\/\/kirkensbymisjon.no\/tilbud-frivilligsentralen-kristiansand\/forside\/"},"modified":"2025-12-12T12:50:40","modified_gmt":"2025-12-12T11:50:40","slug":"forside","status":"publish","type":"page","link":"https:\/\/kirkensbymisjon.no\/tilbud-frivilligsentralen-kristiansand\/","title":{"rendered":"Forside"},"content":{"rendered":"\n<p>Frivilligsentralen i Kristiansand er en del av Kirkens Bymisjon. Vi jobber for et mer rettferdig samfunn, og sammen med v\u00e5re frivillige skaper vi inkluderende fellesskap over hele landet. Med v\u00e5re verdier, <em>respekt, rettferdighet og omsorg<\/em>, er vi med p\u00e5 \u00e5 bekjempe fattigdom og utenforskap. Vil du bli med \u00e5 skape et varmere samfunn?<\/p>\n\n\n\n<h2 class=\"wp-block-heading\" id=\"h-frivilligsentralen-i-kristiansand-har-frivillige-i-alle-vare-tilbud-pa-alle-vare-moteplasser-og-i-alle-aktiviteter\"><strong>Frivilligsentralen i Kristiansand har frivillige i alle v\u00e5re tilbud, p\u00e5 alle v\u00e5re m\u00f8teplasser og i alle aktiviteter.<\/strong><\/h2>\n\n\n<div class=\"t2-accordion wp-block-t2-accordion\" data-allow-multiple=\"1\" role=\"list\">\n<div class=\"t2-accordion-item wp-block-t2-accordion-item\" role=\"listitem\">\n\t\t\t<h2 class=\"t2-accordion-title\">\n\t\t\t\t<button type=\"button\" class=\"t2-accordion-trigger\" id=\"v\u00e5re-tilbud\" aria-controls=\"accordion-panel\" aria-expanded=\"false\">\n\t\t\t\t\tV\u00e5re tilbud\n\t\t\t\t\t<span class=\"t2-accordion-icon is-closed-icon\"><svg xmlns=\"http:\/\/www.w3.org\/2000\/svg\" viewBox=\"0 0 24 24\" height=\"24\" width=\"24\" class=\"t2-icon t2-icon-plus\" aria-hidden=\"true\" focusable=\"false\"><path d=\"M11.8 5.037a1.088 1.088 0 0 0-.722.566c-.075.148-.078.25-.078 2.772v2.619l-2.61.016c-1.867.012-2.652.03-2.756.064-.168.055-.438.301-.54.494-.049.092-.07.223-.07.432 0 .34.054.476.282.704.289.289.14.275 3.064.288l2.63.012v2.619c0 2.544.002 2.625.08 2.778.191.372.516.577.92.577s.729-.205.92-.577c.078-.153.08-.234.08-2.778v-2.619l2.63-.012c2.924-.013 2.775.001 3.064-.288.228-.228.282-.364.282-.704 0-.209-.021-.34-.07-.432-.102-.193-.372-.439-.54-.494-.104-.034-.889-.052-2.756-.064L13 10.994V8.375c0-2.522-.003-2.624-.078-2.772-.214-.418-.685-.656-1.122-.566\"\/><\/svg><\/span>\n\t\t\t\t\t<span class=\"t2-accordion-icon is-open-icon\"><svg xmlns=\"http:\/\/www.w3.org\/2000\/svg\" viewBox=\"0 0 24 24\" height=\"24\" width=\"24\" class=\"t2-icon t2-icon-chevronup\" aria-hidden=\"true\" focusable=\"false\"><path d=\"M6.7 14.7c-.2-.2-.3-.4-.3-.7s.1-.5.3-.7l4.6-4.6c.1-.1.2-.2.3-.2.1 0 .2-.1.4-.1.1 0 .3 0 .4.1.1 0 .2.1.3.2l4.6 4.6c.2.2.3.4.3.7s-.1.5-.3.7c-.2.2-.4.3-.7.3s-.5-.1-.7-.3L12 10.8l-3.9 3.9c-.2.2-.4.3-.7.3s-.5-.1-.7-.3z\" fill=\"currentColor\" \/><\/svg><\/span>\n\t\t\t\t<\/button>\n\t\t\t<\/h2>\n\t\t\t<div class=\"t2-accordion-item__inner-container is-layout-flow\" id=\"accordion-panel\" aria-labelledby=\"v\u00e5re-tilbud\" role=\"region\" hidden>\n\t\t\t\t\n\n<p><strong>Frivilligsentralen i Kristiansand har f\u00f8lgende tilbud, der du kan bli frivillig:<\/strong><\/p>\n\n\n\n<ul class=\"wp-block-list\">\n<li><a href=\"https:\/\/kirkensbymisjon.no\/tilbud-kafeer-og-motesteder\/bymisjonskafe-kristiansand\/\" target=\"_blank\" rel=\"noreferrer noopener\">Bymisjonskafeen<\/a>.<\/li>\n\n\n\n<li><a href=\"https:\/\/kirkensbymisjon.no\/tilbud-kudos\/\" target=\"_blank\" rel=\"noreferrer noopener\">Ungdomskafeen Kudos.<\/a><\/li>\n\n\n\n<li><a href=\"https:\/\/kirkensbymisjon.no\/tilbud-portalen\/\" target=\"_blank\" rel=\"noreferrer noopener\">Portalen snekkerverksted.<\/a><\/li>\n\n\n\n<li>Arbeid ute.<\/li>\n\n\n\n<li>Kunst &amp; Kvinneverkstedet.<\/li>\n\n\n\n<li><a href=\"https:\/\/kirkensbymisjon.no\/tilbud-pedalen-sykkelverksted\/\" target=\"_blank\" rel=\"noreferrer noopener\">Pedalen Sykkelverksted- og butikk.<\/a><\/li>\n\n\n\n<li><a href=\"https:\/\/kirkensbymisjon.no\/tilbud-gatejuristen\/kontakt-oss\/kristiansand\/\" target=\"_blank\" rel=\"noreferrer noopener\">Gatejuristen.<\/a><\/li>\n\n\n\n<li><a href=\"https:\/\/kirkensbymisjon.no\/tilbud-ung-rettshjelp\/kontakt-oss\/kristiansand\/\" target=\"_blank\" rel=\"noreferrer noopener\">Ung rettshjelp.<\/a><\/li>\n\n\n\n<li>Prestetjeneste.<\/li>\n\n\n\n<li><a href=\"https:\/\/www.batteriet.no\/kristiansand\/\" target=\"_blank\" rel=\"noreferrer noopener\">Batteriet.<\/a><\/li>\n\n\n\n<li><a href=\"https:\/\/kirkensbymisjon.no\/tilbud-enter-fritid\/\" target=\"_blank\" rel=\"noreferrer noopener\">Enter Fritid.<\/a><\/li>\n\n\n\n<li><a href=\"https:\/\/kirkensbymisjon.no\/tilbud-fri-barn-og-familie\/\" target=\"_blank\" rel=\"noreferrer noopener\">Fri Barn og Familie<\/a>.<\/li>\n<\/ul>\n\n\n\t\t\t<\/div>\n\t\t<\/div>\n\n<div class=\"t2-accordion-item wp-block-t2-accordion-item\" role=\"listitem\">\n\t\t\t<h2 class=\"t2-accordion-title\">\n\t\t\t\t<button type=\"button\" class=\"t2-accordion-trigger\" id=\"v\u00e5re-m\u00f8teplasser\" aria-controls=\"accordion-panel-1\" aria-expanded=\"false\">\n\t\t\t\t\tV\u00e5re m\u00f8teplasser\n\t\t\t\t\t<span class=\"t2-accordion-icon is-closed-icon\"><svg xmlns=\"http:\/\/www.w3.org\/2000\/svg\" viewBox=\"0 0 24 24\" height=\"24\" width=\"24\" class=\"t2-icon t2-icon-plus\" aria-hidden=\"true\" focusable=\"false\"><path d=\"M11.8 5.037a1.088 1.088 0 0 0-.722.566c-.075.148-.078.25-.078 2.772v2.619l-2.61.016c-1.867.012-2.652.03-2.756.064-.168.055-.438.301-.54.494-.049.092-.07.223-.07.432 0 .34.054.476.282.704.289.289.14.275 3.064.288l2.63.012v2.619c0 2.544.002 2.625.08 2.778.191.372.516.577.92.577s.729-.205.92-.577c.078-.153.08-.234.08-2.778v-2.619l2.63-.012c2.924-.013 2.775.001 3.064-.288.228-.228.282-.364.282-.704 0-.209-.021-.34-.07-.432-.102-.193-.372-.439-.54-.494-.104-.034-.889-.052-2.756-.064L13 10.994V8.375c0-2.522-.003-2.624-.078-2.772-.214-.418-.685-.656-1.122-.566\"\/><\/svg><\/span>\n\t\t\t\t\t<span class=\"t2-accordion-icon is-open-icon\"><svg xmlns=\"http:\/\/www.w3.org\/2000\/svg\" viewBox=\"0 0 24 24\" height=\"24\" width=\"24\" class=\"t2-icon t2-icon-chevronup\" aria-hidden=\"true\" focusable=\"false\"><path d=\"M6.7 14.7c-.2-.2-.3-.4-.3-.7s.1-.5.3-.7l4.6-4.6c.1-.1.2-.2.3-.2.1 0 .2-.1.4-.1.1 0 .3 0 .4.1.1 0 .2.1.3.2l4.6 4.6c.2.2.3.4.3.7s-.1.5-.3.7c-.2.2-.4.3-.7.3s-.5-.1-.7-.3L12 10.8l-3.9 3.9c-.2.2-.4.3-.7.3s-.5-.1-.7-.3z\" fill=\"currentColor\" \/><\/svg><\/span>\n\t\t\t\t<\/button>\n\t\t\t<\/h2>\n\t\t\t<div class=\"t2-accordion-item__inner-container is-layout-flow\" id=\"accordion-panel-1\" aria-labelledby=\"v\u00e5re-m\u00f8teplasser\" role=\"region\" hidden>\n\t\t\t\t\n\n<p><strong>Frivilligsentralen i Kristiansand har f\u00f8lgende m\u00f8teplasser, der du kan bli frivillig:<\/strong><\/p>\n\n\n\n<ul class=\"wp-block-list\">\n<li><a href=\"https:\/\/kirkensbymisjon.no\/tilbud-kafeer-og-motesteder\/bymisjonskafe-kristiansand\/\" target=\"_blank\" rel=\"noreferrer noopener\">Bymisjonskafeen<\/a>.<\/li>\n\n\n\n<li>Samsnakk, spr\u00e5kkafe.<\/li>\n\n\n\n<li><a href=\"https:\/\/kirkensbymisjon.no\/tilbud-kudos\/\" target=\"_blank\" rel=\"noreferrer noopener\">Ungdomskafeen Kudos.<\/a><\/li>\n\n\n\n<li>Varm torsdag i Gravane 6.<\/li>\n\n\n\n<li>Strikkekafe.<\/li>\n\n\n\n<li>Kunstkafe.<\/li>\n\n\n\n<li>Hverdagsmesse.<\/li>\n\n\n\n<li><a href=\"https:\/\/kirkensbymisjon.no\/tilbud-enter-fritid\/\" target=\"_blank\" rel=\"noreferrer noopener\">Enter Fritid.<\/a><\/li>\n<\/ul>\n\n\n\t\t\t<\/div>\n\t\t<\/div>\n<\/div>\n\n\n<h2 class=\"wp-block-heading\" id=\"h-hvorfor-vaere-frivillig\"><strong>Hvorfor v\u00e6re frivillig?<\/strong><\/h2>\n\n\n\n<p>Er du nysgjerrig p\u00e5 dette med \u00e5 bli frivillig, men er usikker p\u00e5 om det er noe for deg? Er du usikker p\u00e5 hva det betyr? Lurer du p\u00e5 hva du kan bidra med?<\/p>\n\n\n\n<p>Hos oss finnes en stor variasjon av frivillige oppdrag, men felles for dem alle er at du blir del av et felleskap hvor du f\u00e5r nye gode venner, du f\u00e5r gj\u00f8re noe som virkelig gir mening i hverdagen, og du f\u00e5r utl\u00f8p for et engasjement. For frivilligheten handler om \u00e5 gj\u00f8re akkurat det: en forskjell, b\u00e5de for andre og for deg selv. For: <em>\u201d\u00c5 gj\u00f8re noe for andre, gj\u00f8r noe med deg!\u201d<\/em><\/p>\n\n\n\n<p><strong>Har sp\u00f8rsm\u00e5l om \u00e5 bli frivillig ved Frivilligsentralen i Kristiansand sine tilbud\/m\u00f8teplasser, <a href=\"https:\/\/kirkensbymisjon.no\/tilbud-frivilligsentralen-kristiansand\/kontaktinformasjon\/#kontaktpersoner\">ta kontakt her.<\/a><\/strong><\/p>\n\n\n\n<div class=\"wp-block-media-text alignwide is-stacked-on-mobile is-style-filled\"><figure class=\"wp-block-media-text__media\"><img decoding=\"async\" src=\"https:\/\/kirkensbymisjon.no\/content\/uploads\/2024\/09\/Standard_Bli-frivillig_01-1024x751.jpg\" alt=\"Frivillige i samtale med gjest i kafeen. Foto: Kirkens Bymisjon\" class=\"wp-image-3078 size-full\"\/><\/figure><div class=\"wp-block-media-text__content\">\n<h2 class=\"wp-block-heading\" id=\"h-bli-frivillig-nbsp\"><strong>Bli frivillig!<\/strong>&nbsp;<\/h2>\n\n\n\n<p>Vi trenger deg som \u00f8nsker \u00e5 gj\u00f8re en frivillig innsats til nytte og glede for andre og deg selv. Gjennom frivillig engasjement kan du bruke din erfaring og kompetanse \u2013 eller l\u00e6re noe nytt.&nbsp;<\/p>\n\n\n\n<p><a href=\"\/bli-frivillig\">Les mer om frivillighet<\/a><\/p>\n<\/div><\/div>\n","protected":false},"excerpt":{"rendered":"<p>Frivilligsentralen i Kristiansand er en del av Kirkens Bymisjon. Vi jobber for et mer rettferdig&hellip;<\/p>\n","protected":false},"author":5,"featured_media":6,"parent":0,"menu_order":0,"comment_status":"closed","ping_status":"closed","template":"","meta":{"_relevanssi_hide_post":"","_relevanssi_hide_content":"","_relevanssi_pin_for_all":"","_relevanssi_pin_keywords":"","_relevanssi_unpin_keywords":"","_relevanssi_related_keywords":"","_relevanssi_related_include_ids":"","_relevanssi_related_exclude_ids":"","_relevanssi_related_no_append":"","_relevanssi_related_not_related":"","_relevanssi_related_posts":"1","_relevanssi_noindex_reason":"","editor_notices":[],"footnotes":""},"class_list":["post-3","page","type-page","status-publish","has-post-thumbnail","hentry"],"yoast_head":"<!-- This site is optimized with the Yoast SEO Premium plugin v27.2 (Yoast SEO v27.4) - https:\/\/yoast.com\/product\/yoast-seo-premium-wordpress\/ -->\n<title>Kirkens Bymisjon - Frivilligsentralen, Kristiansand<\/title>\n<meta name=\"description\" content=\"V\u00e5r oppgave er \u00e5 skape en inkluderende arena for frivillig innsats i n\u00e6rmilj\u00f8et, og \u00e5 koordinere det frivillige arbeidet.\" \/>\n<meta name=\"robots\" content=\"index, follow, max-snippet:-1, max-image-preview:large, max-video-preview:-1\" \/>\n<link rel=\"canonical\" href=\"https:\/\/kirkensbymisjon.no\/tilbud-frivilligsentralen-kristiansand\/\" \/>\n<meta property=\"og:locale\" content=\"nb_NO\" \/>\n<meta property=\"og:type\" content=\"article\" \/>\n<meta property=\"og:title\" content=\"Kirkens Bymisjon - Frivilligsentralen, Kristiansand\" \/>\n<meta property=\"og:description\" content=\"V\u00e5r oppgave er \u00e5 skape en inkluderende arena for frivillig innsats i n\u00e6rmilj\u00f8et, og \u00e5 koordinere det frivillige arbeidet.\" \/>\n<meta property=\"og:url\" content=\"https:\/\/kirkensbymisjon.no\/tilbud-frivilligsentralen-kristiansand\/\" \/>\n<meta property=\"og:site_name\" content=\"Frivilligsentralen, Kristiansand\" \/>\n<meta property=\"article:modified_time\" content=\"2025-12-12T11:50:40+00:00\" \/>\n<meta property=\"og:image\" content=\"https:\/\/kirkensbymisjon.no\/content\/uploads\/sites\/69\/2024\/06\/Tilbud_Frivilligsentralen-Kristians_01.jpg\" \/>\n\t<meta property=\"og:image:width\" content=\"1192\" \/>\n\t<meta property=\"og:image:height\" content=\"730\" \/>\n\t<meta property=\"og:image:type\" content=\"image\/jpeg\" \/>\n<meta name=\"twitter:card\" content=\"summary_large_image\" \/>\n<meta name=\"twitter:title\" content=\"Forside\" \/>\n<meta name=\"twitter:label1\" content=\"Ansl. lesetid\" \/>\n\t<meta name=\"twitter:data1\" content=\"3 minutter\" \/>\n<script type=\"application\/ld+json\" class=\"yoast-schema-graph\">{\"@context\":\"https:\\\/\\\/schema.org\",\"@graph\":[{\"@type\":\"WebPage\",\"@id\":\"https:\\\/\\\/kirkensbymisjon.no\\\/tilbud-frivilligsentralen-kristiansand\\\/\",\"url\":\"https:\\\/\\\/kirkensbymisjon.no\\\/tilbud-frivilligsentralen-kristiansand\\\/\",\"name\":\"Kirkens Bymisjon - Frivilligsentralen, Kristiansand\",\"isPartOf\":{\"@id\":\"https:\\\/\\\/kirkensbymisjon.no\\\/tilbud-frivilligsentralen-kristiansand\\\/#website\"},\"primaryImageOfPage\":{\"@id\":\"https:\\\/\\\/kirkensbymisjon.no\\\/tilbud-frivilligsentralen-kristiansand\\\/#primaryimage\"},\"image\":{\"@id\":\"https:\\\/\\\/kirkensbymisjon.no\\\/tilbud-frivilligsentralen-kristiansand\\\/#primaryimage\"},\"thumbnailUrl\":\"https:\\\/\\\/kirkensbymisjon.no\\\/content\\\/uploads\\\/sites\\\/69\\\/2024\\\/06\\\/Tilbud_Frivilligsentralen-Kristians_01.jpg\",\"datePublished\":\"2024-06-20T12:50:45+00:00\",\"dateModified\":\"2025-12-12T11:50:40+00:00\",\"description\":\"V\u00e5r oppgave er \u00e5 skape en inkluderende arena for frivillig innsats i n\u00e6rmilj\u00f8et, og \u00e5 koordinere det frivillige arbeidet.\",\"breadcrumb\":{\"@id\":\"https:\\\/\\\/kirkensbymisjon.no\\\/tilbud-frivilligsentralen-kristiansand\\\/#breadcrumb\"},\"inLanguage\":\"nb-NO\",\"potentialAction\":[{\"@type\":\"ReadAction\",\"target\":[\"https:\\\/\\\/kirkensbymisjon.no\\\/tilbud-frivilligsentralen-kristiansand\\\/\"]}]},{\"@type\":\"ImageObject\",\"inLanguage\":\"nb-NO\",\"@id\":\"https:\\\/\\\/kirkensbymisjon.no\\\/tilbud-frivilligsentralen-kristiansand\\\/#primaryimage\",\"url\":\"https:\\\/\\\/kirkensbymisjon.no\\\/content\\\/uploads\\\/sites\\\/69\\\/2024\\\/06\\\/Tilbud_Frivilligsentralen-Kristians_01.jpg\",\"contentUrl\":\"https:\\\/\\\/kirkensbymisjon.no\\\/content\\\/uploads\\\/sites\\\/69\\\/2024\\\/06\\\/Tilbud_Frivilligsentralen-Kristians_01.jpg\",\"width\":1192,\"height\":730,\"caption\":\"Frivillige i fellesskap\"},{\"@type\":\"BreadcrumbList\",\"@id\":\"https:\\\/\\\/kirkensbymisjon.no\\\/tilbud-frivilligsentralen-kristiansand\\\/#breadcrumb\",\"itemListElement\":[{\"@type\":\"ListItem\",\"position\":1,\"name\":\"Hjem\",\"item\":\"https:\\\/\\\/kirkensbymisjon.no\\\/tilbud-frivilligsentralen-kristiansand\\\/\"},{\"@type\":\"ListItem\",\"position\":2,\"name\":\"Forside\"}]},{\"@type\":\"WebSite\",\"@id\":\"https:\\\/\\\/kirkensbymisjon.no\\\/tilbud-frivilligsentralen-kristiansand\\\/#website\",\"url\":\"https:\\\/\\\/kirkensbymisjon.no\\\/tilbud-frivilligsentralen-kristiansand\\\/\",\"name\":\"Frivilligsentralen, Kristiansand\",\"description\":\"\",\"potentialAction\":[{\"@type\":\"SearchAction\",\"target\":{\"@type\":\"EntryPoint\",\"urlTemplate\":\"https:\\\/\\\/kirkensbymisjon.no\\\/tilbud-frivilligsentralen-kristiansand\\\/?s={search_term_string}\"},\"query-input\":{\"@type\":\"PropertyValueSpecification\",\"valueRequired\":true,\"valueName\":\"search_term_string\"}}],\"inLanguage\":\"nb-NO\"}]}<\/script>\n<!-- \/ Yoast SEO Premium plugin. -->","yoast_head_json":{"title":"Kirkens Bymisjon - Frivilligsentralen, Kristiansand","description":"V\u00e5r oppgave er \u00e5 skape en inkluderende arena for frivillig innsats i n\u00e6rmilj\u00f8et, og \u00e5 koordinere det frivillige arbeidet.","robots":{"index":"index","follow":"follow","max-snippet":"max-snippet:-1","max-image-preview":"max-image-preview:large","max-video-preview":"max-video-preview:-1"},"canonical":"https:\/\/kirkensbymisjon.no\/tilbud-frivilligsentralen-kristiansand\/","og_locale":"nb_NO","og_type":"article","og_title":"Kirkens Bymisjon - Frivilligsentralen, Kristiansand","og_description":"V\u00e5r oppgave er \u00e5 skape en inkluderende arena for frivillig innsats i n\u00e6rmilj\u00f8et, og \u00e5 koordinere det frivillige arbeidet.","og_url":"https:\/\/kirkensbymisjon.no\/tilbud-frivilligsentralen-kristiansand\/","og_site_name":"Frivilligsentralen, Kristiansand","article_modified_time":"2025-12-12T11:50:40+00:00","og_image":[{"width":1192,"height":730,"url":"https:\/\/kirkensbymisjon.no\/content\/uploads\/sites\/69\/2024\/06\/Tilbud_Frivilligsentralen-Kristians_01.jpg","type":"image\/jpeg"}],"twitter_card":"summary_large_image","twitter_title":"Forside","twitter_misc":{"Ansl. lesetid":"3 minutter"},"schema":{"@context":"https:\/\/schema.org","@graph":[{"@type":"WebPage","@id":"https:\/\/kirkensbymisjon.no\/tilbud-frivilligsentralen-kristiansand\/","url":"https:\/\/kirkensbymisjon.no\/tilbud-frivilligsentralen-kristiansand\/","name":"Kirkens Bymisjon - Frivilligsentralen, Kristiansand","isPartOf":{"@id":"https:\/\/kirkensbymisjon.no\/tilbud-frivilligsentralen-kristiansand\/#website"},"primaryImageOfPage":{"@id":"https:\/\/kirkensbymisjon.no\/tilbud-frivilligsentralen-kristiansand\/#primaryimage"},"image":{"@id":"https:\/\/kirkensbymisjon.no\/tilbud-frivilligsentralen-kristiansand\/#primaryimage"},"thumbnailUrl":"https:\/\/kirkensbymisjon.no\/content\/uploads\/sites\/69\/2024\/06\/Tilbud_Frivilligsentralen-Kristians_01.jpg","datePublished":"2024-06-20T12:50:45+00:00","dateModified":"2025-12-12T11:50:40+00:00","description":"V\u00e5r oppgave er \u00e5 skape en inkluderende arena for frivillig innsats i n\u00e6rmilj\u00f8et, og \u00e5 koordinere det frivillige arbeidet.","breadcrumb":{"@id":"https:\/\/kirkensbymisjon.no\/tilbud-frivilligsentralen-kristiansand\/#breadcrumb"},"inLanguage":"nb-NO","potentialAction":[{"@type":"ReadAction","target":["https:\/\/kirkensbymisjon.no\/tilbud-frivilligsentralen-kristiansand\/"]}]},{"@type":"ImageObject","inLanguage":"nb-NO","@id":"https:\/\/kirkensbymisjon.no\/tilbud-frivilligsentralen-kristiansand\/#primaryimage","url":"https:\/\/kirkensbymisjon.no\/content\/uploads\/sites\/69\/2024\/06\/Tilbud_Frivilligsentralen-Kristians_01.jpg","contentUrl":"https:\/\/kirkensbymisjon.no\/content\/uploads\/sites\/69\/2024\/06\/Tilbud_Frivilligsentralen-Kristians_01.jpg","width":1192,"height":730,"caption":"Frivillige i fellesskap"},{"@type":"BreadcrumbList","@id":"https:\/\/kirkensbymisjon.no\/tilbud-frivilligsentralen-kristiansand\/#breadcrumb","itemListElement":[{"@type":"ListItem","position":1,"name":"Hjem","item":"https:\/\/kirkensbymisjon.no\/tilbud-frivilligsentralen-kristiansand\/"},{"@type":"ListItem","position":2,"name":"Forside"}]},{"@type":"WebSite","@id":"https:\/\/kirkensbymisjon.no\/tilbud-frivilligsentralen-kristiansand\/#website","url":"https:\/\/kirkensbymisjon.no\/tilbud-frivilligsentralen-kristiansand\/","name":"Frivilligsentralen, Kristiansand","description":"","potentialAction":[{"@type":"SearchAction","target":{"@type":"EntryPoint","urlTemplate":"https:\/\/kirkensbymisjon.no\/tilbud-frivilligsentralen-kristiansand\/?s={search_term_string}"},"query-input":{"@type":"PropertyValueSpecification","valueRequired":true,"valueName":"search_term_string"}}],"inLanguage":"nb-NO"}]}},"_links":{"self":[{"href":"https:\/\/kirkensbymisjon.no\/tilbud-frivilligsentralen-kristiansand\/wp-json\/wp\/v2\/pages\/3","targetHints":{"allow":["GET"]}}],"collection":[{"href":"https:\/\/kirkensbymisjon.no\/tilbud-frivilligsentralen-kristiansand\/wp-json\/wp\/v2\/pages"}],"about":[{"href":"https:\/\/kirkensbymisjon.no\/tilbud-frivilligsentralen-kristiansand\/wp-json\/wp\/v2\/types\/page"}],"author":[{"embeddable":true,"href":"https:\/\/kirkensbymisjon.no\/tilbud-frivilligsentralen-kristiansand\/wp-json\/wp\/v2\/users\/5"}],"replies":[{"embeddable":true,"href":"https:\/\/kirkensbymisjon.no\/tilbud-frivilligsentralen-kristiansand\/wp-json\/wp\/v2\/comments?post=3"}],"version-history":[{"count":5,"href":"https:\/\/kirkensbymisjon.no\/tilbud-frivilligsentralen-kristiansand\/wp-json\/wp\/v2\/pages\/3\/revisions"}],"predecessor-version":[{"id":43,"href":"https:\/\/kirkensbymisjon.no\/tilbud-frivilligsentralen-kristiansand\/wp-json\/wp\/v2\/pages\/3\/revisions\/43"}],"wp:featuredmedia":[{"embeddable":true,"href":"https:\/\/kirkensbymisjon.no\/tilbud-frivilligsentralen-kristiansand\/wp-json\/wp\/v2\/media\/6"}],"wp:attachment":[{"href":"https:\/\/kirkensbymisjon.no\/tilbud-frivilligsentralen-kristiansand\/wp-json\/wp\/v2\/media?parent=3"}],"curies":[{"name":"wp","href":"https:\/\/api.w.org\/{rel}","templated":true}]}}