{"id":13,"date":"2024-07-25T09:44:40","date_gmt":"2024-07-25T07:44:40","guid":{"rendered":"https:\/\/kirkensbymisjon.no\/tilbud-gatejuristen\/?page_id=13"},"modified":"2026-02-20T14:02:00","modified_gmt":"2026-02-20T13:02:00","slug":"frivillighet","status":"publish","type":"page","link":"https:\/\/kirkensbymisjon.no\/tilbud-gatejuristen\/frivillighet\/","title":{"rendered":"Bli frivillig"},"content":{"rendered":"\n<h2 class=\"wp-block-heading\" id=\"h-frivillighet-i-gatejuristen\">Frivillighet i Gatejuristen<\/h2>\n\n\n\n<p>Frivillige gj\u00f8r en uvurderlig innsats for Gatejuristens klienter over hele landet. De f\u00e5r muligheten til \u00e5 bist\u00e5 mennesker som ellers ikke ville f\u00e5tt rettshjelp, og legger til sammen ned tusentalls timer som bidrar til at vi kan gi rettshjelp av god kvalitet til stadig flere klienter.<\/p>\n\n\n\n<p>Her kan du lese mer om det \u00e5 v\u00e6re <a href=\"\/bli-frivillig\"><strong>frivillig i Kirkens Bymisjon<\/strong><\/a>.<\/p>\n\n\n\n<h3 class=\"wp-block-heading\" id=\"h-et-opphold-som-frivillig-hos-gatejuristen-gir-deg\"><strong>Et opphold som frivillig hos Gatejuristen gir deg:<\/strong><\/h3>\n\n\n\n<ul class=\"wp-block-list\">\n<li>Systematisk oppl\u00e6ring og unike erfaringer som vil kunne ha betydning for resten av yrkeskarrieren din.<\/li>\n\n\n\n<li>Interessante, juridiske utfordringer og l\u00e6rerik erfaring p\u00e5 en rekke rettsomr\u00e5der.<\/li>\n\n\n\n<li>Klientkontakt.<\/li>\n\n\n\n<li>Et stort nettverk av jurister og advokater.<\/li>\n\n\n\n<li>Et inspirerende milj\u00f8 og vissheten om at innsatsen din kan utgj\u00f8re en viktig forskjell i et annet menneskes liv.<\/li>\n<\/ul>\n\n\n\n<p><a href=\"https:\/\/kirkensbymisjon.no\/tilbud-gatejuristen\/frivillighet\/stillingsannonse\/\">Vi s\u00f8ker etter frivillige jusstudenter p\u00e5 Oslo kontoret, s\u00f8knadsfrist: 07.04.2026, klikk her for stillingsannonsen!<\/a><\/p>\n\n\n\n<h3 class=\"wp-block-heading\" id=\"h-slik-blir-du-frivillig-i-gatejuristen\">Slik blir du frivillig i Gatejuristen:<\/h3>\n\n\n<div class=\"t2-accordion wp-block-t2-accordion\" data-allow-multiple=\"1\" role=\"list\">\n<div class=\"t2-accordion-item wp-block-t2-accordion-item\" role=\"listitem\">\n\t\t\t<h4 class=\"t2-accordion-title\">\n\t\t\t\t<button type=\"button\" class=\"t2-accordion-trigger\" id=\"bli-frivillig-i-oslo\" aria-controls=\"accordion-panel\" aria-expanded=\"false\">\n\t\t\t\t\tBli frivillig i Oslo\n\t\t\t\t\t<span class=\"t2-accordion-icon is-closed-icon\"><svg xmlns=\"http:\/\/www.w3.org\/2000\/svg\" viewBox=\"0 0 24 24\" height=\"24\" width=\"24\" class=\"t2-icon t2-icon-plus\" aria-hidden=\"true\" focusable=\"false\"><path d=\"M11.8 5.037a1.088 1.088 0 0 0-.722.566c-.075.148-.078.25-.078 2.772v2.619l-2.61.016c-1.867.012-2.652.03-2.756.064-.168.055-.438.301-.54.494-.049.092-.07.223-.07.432 0 .34.054.476.282.704.289.289.14.275 3.064.288l2.63.012v2.619c0 2.544.002 2.625.08 2.778.191.372.516.577.92.577s.729-.205.92-.577c.078-.153.08-.234.08-2.778v-2.619l2.63-.012c2.924-.013 2.775.001 3.064-.288.228-.228.282-.364.282-.704 0-.209-.021-.34-.07-.432-.102-.193-.372-.439-.54-.494-.104-.034-.889-.052-2.756-.064L13 10.994V8.375c0-2.522-.003-2.624-.078-2.772-.214-.418-.685-.656-1.122-.566\"\/><\/svg><\/span>\n\t\t\t\t\t<span class=\"t2-accordion-icon is-open-icon\"><svg xmlns=\"http:\/\/www.w3.org\/2000\/svg\" viewBox=\"0 0 24 24\" height=\"24\" width=\"24\" class=\"t2-icon t2-icon-chevronup\" aria-hidden=\"true\" focusable=\"false\"><path d=\"M6.7 14.7c-.2-.2-.3-.4-.3-.7s.1-.5.3-.7l4.6-4.6c.1-.1.2-.2.3-.2.1 0 .2-.1.4-.1.1 0 .3 0 .4.1.1 0 .2.1.3.2l4.6 4.6c.2.2.3.4.3.7s-.1.5-.3.7c-.2.2-.4.3-.7.3s-.5-.1-.7-.3L12 10.8l-3.9 3.9c-.2.2-.4.3-.7.3s-.5-.1-.7-.3z\" fill=\"currentColor\" \/><\/svg><\/span>\n\t\t\t\t<\/button>\n\t\t\t<\/h4>\n\t\t\t<div class=\"t2-accordion-item__inner-container is-layout-flow\" id=\"accordion-panel\" aria-labelledby=\"bli-frivillig-i-oslo\" role=\"region\" hidden>\n\t\t\t\t\n\n<p><strong><u>Hvem kan v\u00e6re frivillig?<\/u><\/strong><br>Vi s\u00f8ker deg som er ambisi\u00f8s og samfunnsinteressert, og som \u00f8nsker \u00e5 gj\u00f8re en forskjell for utsatte grupper. Du vil f\u00e5 grundig oppl\u00e6ring og oppf\u00f8lging, samt en unik erfaring med saksbehandling og klientkontakt. Vi tar inn nye frivillige med jevne mellomrom. <br>Ta kontakt med oss p\u00e5&nbsp;<a href=\"mailto:gatejuristen.oslo@bymisjon.no\">gatejuristen.oslo@bymisjon.no<\/a> om du er interessert og vil ta en prat om det \u00e5 v\u00e6re frivillig.<\/p>\n\n\n\n<p><strong><u>Frivillig saksbehandler<br><\/u><\/strong>For \u00e5 v\u00e6re frivillig saksbehandler, m\u00e5 du enten v\u00e6re jurist eller jusstudent. Du vil i arbeidet hos oss v\u00e6re ansvarlig for oppf\u00f8lging av egne saker og klienter, men vil f\u00e5 tett og god veiledning fra en av v\u00e5re ansatte jurister. Som frivillig saksbehandler arbeider man i utgangspunktet fast \u00e9n dag i uken. B\u00e5de jusstudenter, ferdigutdannede jurister med mulighet for \u00e5 jobbe p\u00e5 dagtid, samt pensjonerte jurister er velkomne til \u00e5 s\u00f8ke om \u00e5 bli frivillige saksbehandlere hos oss. Det er mulighet for tilpasning og tilrettelegging i forbindelse med avvikling av eksamen, deltidsjobb og ferier.<br><\/p>\n\n\n\n<p><strong><u>Frivillige som fagressurs<\/u><\/strong><br>Vi jobber bredt&nbsp;med mange rettsomr\u00e5der, og er avhengige av \u00e5&nbsp;ha tilgang til dyktige folk som kan kontaktes ved behov&nbsp;for r\u00e5d og veiledning.<\/p>\n\n\n\n<p>For deg som er jurist eller advokat og ikke har mulighet til \u00e5 jobbe fast p\u00e5 dagtid, er det mulig \u00e5 engasjere seg som frivillig ressursperson. \u00c5 v\u00e6re ressursperson inneb\u00e6rer at man st\u00e5r p\u00e5 en liste over personer som ansatte og frivillige kan kontakte for sparring og r\u00e5dgivning innenfor sine spesialfelt. Det st\u00e5r i dag oppf\u00f8rt ca. 50 frivillige jurister og advokater p\u00e5 denne listen.<\/p>\n\n\n\t\t\t<\/div>\n\t\t<\/div>\n\n<div class=\"t2-accordion-item wp-block-t2-accordion-item\" role=\"listitem\">\n\t\t\t<h4 class=\"t2-accordion-title\">\n\t\t\t\t<button type=\"button\" class=\"t2-accordion-trigger\" id=\"bli-frivillig-i-bergen\" aria-controls=\"accordion-panel-1\" aria-expanded=\"false\">\n\t\t\t\t\tBli frivillig i Bergen\n\t\t\t\t\t<span class=\"t2-accordion-icon is-closed-icon\"><svg xmlns=\"http:\/\/www.w3.org\/2000\/svg\" viewBox=\"0 0 24 24\" height=\"24\" width=\"24\" class=\"t2-icon t2-icon-plus\" aria-hidden=\"true\" focusable=\"false\"><path d=\"M11.8 5.037a1.088 1.088 0 0 0-.722.566c-.075.148-.078.25-.078 2.772v2.619l-2.61.016c-1.867.012-2.652.03-2.756.064-.168.055-.438.301-.54.494-.049.092-.07.223-.07.432 0 .34.054.476.282.704.289.289.14.275 3.064.288l2.63.012v2.619c0 2.544.002 2.625.08 2.778.191.372.516.577.92.577s.729-.205.92-.577c.078-.153.08-.234.08-2.778v-2.619l2.63-.012c2.924-.013 2.775.001 3.064-.288.228-.228.282-.364.282-.704 0-.209-.021-.34-.07-.432-.102-.193-.372-.439-.54-.494-.104-.034-.889-.052-2.756-.064L13 10.994V8.375c0-2.522-.003-2.624-.078-2.772-.214-.418-.685-.656-1.122-.566\"\/><\/svg><\/span>\n\t\t\t\t\t<span class=\"t2-accordion-icon is-open-icon\"><svg xmlns=\"http:\/\/www.w3.org\/2000\/svg\" viewBox=\"0 0 24 24\" height=\"24\" width=\"24\" class=\"t2-icon t2-icon-chevronup\" aria-hidden=\"true\" focusable=\"false\"><path d=\"M6.7 14.7c-.2-.2-.3-.4-.3-.7s.1-.5.3-.7l4.6-4.6c.1-.1.2-.2.3-.2.1 0 .2-.1.4-.1.1 0 .3 0 .4.1.1 0 .2.1.3.2l4.6 4.6c.2.2.3.4.3.7s-.1.5-.3.7c-.2.2-.4.3-.7.3s-.5-.1-.7-.3L12 10.8l-3.9 3.9c-.2.2-.4.3-.7.3s-.5-.1-.7-.3z\" fill=\"currentColor\" \/><\/svg><\/span>\n\t\t\t\t<\/button>\n\t\t\t<\/h4>\n\t\t\t<div class=\"t2-accordion-item__inner-container is-layout-flow\" id=\"accordion-panel-1\" aria-labelledby=\"bli-frivillig-i-bergen\" role=\"region\" hidden>\n\t\t\t\t\n\n<p>Vi har b\u00e5de jusstudenter, jurister og advokater i v\u00e5r frivilligstab.<\/p>\n\n\n\n<p>Gatejuristen i Bergen tar inn jusstudenter som er ferdig med andre \u00e5ret av jusstudiet. Hovedopptaket av nye frivillige studenter skjer hver v\u00e5r, og ellers fortl\u00f8pende gjennom \u00e5ret ved behov. Som frivillig student jobber du \u00e9n fast dag i uken (20 % stilling) fra kl. 08.00 til 15.30. N\u00e5r vi rekrutterer nye frivillige, vil informasjon og utlysning ligge p\u00e5 <a href=\"https:\/\/frivillig.no\/kirkens-bymisjon-bergen\/frivillig-saksbehandler-i-gatejuristen-bergen-eller-ung-rettshjelp-bergen\">frivillig.no<\/a>.<\/p>\n\n\n\n<p>V\u00e5re frivillige jurister og advokater bidrar med veiledning av ansatte og jusstudenter i konkrete saker. Dersom du \u00f8nsker det, vil du kunne f\u00e5 ansvar for egne saker og klienter. Dette er mest aktuelt for personer som kan jobbe fra v\u00e5rt kontor p\u00e5 dagtid. Ta kontakt med oss dersom du \u00f8nsker \u00e5 bli frivillig.<\/p>\n\n\n\n<p>E-post: <a href=\"mailto:gatejuristen.bergen@bymisjon.no\">gatejuristen.bergen@bymisjon.no<\/a><\/p>\n\n\n\t\t\t<\/div>\n\t\t<\/div>\n\n<div class=\"t2-accordion-item wp-block-t2-accordion-item\" role=\"listitem\">\n\t\t\t<h4 class=\"t2-accordion-title\">\n\t\t\t\t<button type=\"button\" class=\"t2-accordion-trigger\" id=\"bli-frivillig-i-trondheim\" aria-controls=\"accordion-panel-2\" aria-expanded=\"false\">\n\t\t\t\t\tBli frivillig i Trondheim\n\t\t\t\t\t<span class=\"t2-accordion-icon is-closed-icon\"><svg xmlns=\"http:\/\/www.w3.org\/2000\/svg\" viewBox=\"0 0 24 24\" height=\"24\" width=\"24\" class=\"t2-icon t2-icon-plus\" aria-hidden=\"true\" focusable=\"false\"><path d=\"M11.8 5.037a1.088 1.088 0 0 0-.722.566c-.075.148-.078.25-.078 2.772v2.619l-2.61.016c-1.867.012-2.652.03-2.756.064-.168.055-.438.301-.54.494-.049.092-.07.223-.07.432 0 .34.054.476.282.704.289.289.14.275 3.064.288l2.63.012v2.619c0 2.544.002 2.625.08 2.778.191.372.516.577.92.577s.729-.205.92-.577c.078-.153.08-.234.08-2.778v-2.619l2.63-.012c2.924-.013 2.775.001 3.064-.288.228-.228.282-.364.282-.704 0-.209-.021-.34-.07-.432-.102-.193-.372-.439-.54-.494-.104-.034-.889-.052-2.756-.064L13 10.994V8.375c0-2.522-.003-2.624-.078-2.772-.214-.418-.685-.656-1.122-.566\"\/><\/svg><\/span>\n\t\t\t\t\t<span class=\"t2-accordion-icon is-open-icon\"><svg xmlns=\"http:\/\/www.w3.org\/2000\/svg\" viewBox=\"0 0 24 24\" height=\"24\" width=\"24\" class=\"t2-icon t2-icon-chevronup\" aria-hidden=\"true\" focusable=\"false\"><path d=\"M6.7 14.7c-.2-.2-.3-.4-.3-.7s.1-.5.3-.7l4.6-4.6c.1-.1.2-.2.3-.2.1 0 .2-.1.4-.1.1 0 .3 0 .4.1.1 0 .2.1.3.2l4.6 4.6c.2.2.3.4.3.7s-.1.5-.3.7c-.2.2-.4.3-.7.3s-.5-.1-.7-.3L12 10.8l-3.9 3.9c-.2.2-.4.3-.7.3s-.5-.1-.7-.3z\" fill=\"currentColor\" \/><\/svg><\/span>\n\t\t\t\t<\/button>\n\t\t\t<\/h4>\n\t\t\t<div class=\"t2-accordion-item__inner-container is-layout-flow\" id=\"accordion-panel-2\" aria-labelledby=\"bli-frivillig-i-trondheim\" role=\"region\" hidden>\n\t\t\t\t\n\n<p>Gatejuristen Trondheim har ingen frivilligordning per i dag.<\/p>\n\n\n\t\t\t<\/div>\n\t\t<\/div>\n\n<div class=\"t2-accordion-item wp-block-t2-accordion-item\" role=\"listitem\">\n\t\t\t<h4 class=\"t2-accordion-title\">\n\t\t\t\t<button type=\"button\" class=\"t2-accordion-trigger\" id=\"bli-frivillig-i-stavanger\" aria-controls=\"accordion-panel-3\" aria-expanded=\"false\">\n\t\t\t\t\tBli frivillig i Stavanger\n\t\t\t\t\t<span class=\"t2-accordion-icon is-closed-icon\"><svg xmlns=\"http:\/\/www.w3.org\/2000\/svg\" viewBox=\"0 0 24 24\" height=\"24\" width=\"24\" class=\"t2-icon t2-icon-plus\" aria-hidden=\"true\" focusable=\"false\"><path d=\"M11.8 5.037a1.088 1.088 0 0 0-.722.566c-.075.148-.078.25-.078 2.772v2.619l-2.61.016c-1.867.012-2.652.03-2.756.064-.168.055-.438.301-.54.494-.049.092-.07.223-.07.432 0 .34.054.476.282.704.289.289.14.275 3.064.288l2.63.012v2.619c0 2.544.002 2.625.08 2.778.191.372.516.577.92.577s.729-.205.92-.577c.078-.153.08-.234.08-2.778v-2.619l2.63-.012c2.924-.013 2.775.001 3.064-.288.228-.228.282-.364.282-.704 0-.209-.021-.34-.07-.432-.102-.193-.372-.439-.54-.494-.104-.034-.889-.052-2.756-.064L13 10.994V8.375c0-2.522-.003-2.624-.078-2.772-.214-.418-.685-.656-1.122-.566\"\/><\/svg><\/span>\n\t\t\t\t\t<span class=\"t2-accordion-icon is-open-icon\"><svg xmlns=\"http:\/\/www.w3.org\/2000\/svg\" viewBox=\"0 0 24 24\" height=\"24\" width=\"24\" class=\"t2-icon t2-icon-chevronup\" aria-hidden=\"true\" focusable=\"false\"><path d=\"M6.7 14.7c-.2-.2-.3-.4-.3-.7s.1-.5.3-.7l4.6-4.6c.1-.1.2-.2.3-.2.1 0 .2-.1.4-.1.1 0 .3 0 .4.1.1 0 .2.1.3.2l4.6 4.6c.2.2.3.4.3.7s-.1.5-.3.7c-.2.2-.4.3-.7.3s-.5-.1-.7-.3L12 10.8l-3.9 3.9c-.2.2-.4.3-.7.3s-.5-.1-.7-.3z\" fill=\"currentColor\" \/><\/svg><\/span>\n\t\t\t\t<\/button>\n\t\t\t<\/h4>\n\t\t\t<div class=\"t2-accordion-item__inner-container is-layout-flow\" id=\"accordion-panel-3\" aria-labelledby=\"bli-frivillig-i-stavanger\" role=\"region\" hidden>\n\t\t\t\t\n\n<p>Vi har b\u00e5de jusstudenter, jurister og advokater i v\u00e5r frivilligstab.<\/p>\n\n\n\n<p>Gatejuristen i Stavanger tar inn jusstudenter som er ferdig med f\u00f8rste \u00e5ret av jusstudiet. Hovedopptaket av nye frivillige studenter skjer hver v\u00e5r, og ellers fortl\u00f8pende gjennom \u00e5ret ved behov. Som frivillig student jobber du \u00e9n fast dag i uken. N\u00e5r vi rekrutterer nye frivillige, vil informasjon og utlysning ligge p\u00e5&nbsp;<a href=\"https:\/\/eur02.safelinks.protection.outlook.com\/?url=https%3A%2F%2Ffrivillig.no%2Fkirkens-bymisjon-bergen%2Ffrivillig-saksbehandler-i-gatejuristen-bergen-eller-ung-rettshjelp-bergen&amp;data=05%7C02%7Cnett%40bymisjon.no%7Caaca066058754e30373408dd8330cb1b%7C02202e82b2884acb8b0a7f8404a47cdb%7C1%7C0%7C638810967768201877%7CUnknown%7CTWFpbGZsb3d8eyJFbXB0eU1hcGkiOnRydWUsIlYiOiIwLjAuMDAwMCIsIlAiOiJXaW4zMiIsIkFOIjoiTWFpbCIsIldUIjoyfQ%3D%3D%7C0%7C%7C%7C&amp;sdata=qgfNempBd5FAp3F5cQO%2Bvr19IhkS1IeJEuC8LWBhLUA%3D&amp;reserved=0\">frivillig.no<\/a>.<\/p>\n\n\n\n<p>V\u00e5re frivillige jurister og advokater bidrar med veiledning av ansatte og jusstudenter i konkrete saker. Dersom du \u00f8nsker det, vil du kunne f\u00e5 ansvar for egne saker og klienter. Dette er mest aktuelt for personer som kan jobbe fra v\u00e5rt kontor p\u00e5 dagtid. Ta kontakt med oss dersom du \u00f8nsker \u00e5 bli frivillig.<\/p>\n\n\n\n<p><strong>E-post:<\/strong> <a href=\"mailto:Gatejuristen.rogaland@bymisjon.no\">gatejuristen.rogaland@bymisjon.no<\/a><\/p>\n\n\n\t\t\t<\/div>\n\t\t<\/div>\n\n<div class=\"t2-accordion-item wp-block-t2-accordion-item\" role=\"listitem\">\n\t\t\t<h4 class=\"t2-accordion-title\">\n\t\t\t\t<button type=\"button\" class=\"t2-accordion-trigger\" id=\"bli-frivillig-i-troms\u00f8\" aria-controls=\"accordion-panel-4\" aria-expanded=\"false\">\n\t\t\t\t\tBli frivillig i Troms\u00f8\n\t\t\t\t\t<span class=\"t2-accordion-icon is-closed-icon\"><svg xmlns=\"http:\/\/www.w3.org\/2000\/svg\" viewBox=\"0 0 24 24\" height=\"24\" width=\"24\" class=\"t2-icon t2-icon-plus\" aria-hidden=\"true\" focusable=\"false\"><path d=\"M11.8 5.037a1.088 1.088 0 0 0-.722.566c-.075.148-.078.25-.078 2.772v2.619l-2.61.016c-1.867.012-2.652.03-2.756.064-.168.055-.438.301-.54.494-.049.092-.07.223-.07.432 0 .34.054.476.282.704.289.289.14.275 3.064.288l2.63.012v2.619c0 2.544.002 2.625.08 2.778.191.372.516.577.92.577s.729-.205.92-.577c.078-.153.08-.234.08-2.778v-2.619l2.63-.012c2.924-.013 2.775.001 3.064-.288.228-.228.282-.364.282-.704 0-.209-.021-.34-.07-.432-.102-.193-.372-.439-.54-.494-.104-.034-.889-.052-2.756-.064L13 10.994V8.375c0-2.522-.003-2.624-.078-2.772-.214-.418-.685-.656-1.122-.566\"\/><\/svg><\/span>\n\t\t\t\t\t<span class=\"t2-accordion-icon is-open-icon\"><svg xmlns=\"http:\/\/www.w3.org\/2000\/svg\" viewBox=\"0 0 24 24\" height=\"24\" width=\"24\" class=\"t2-icon t2-icon-chevronup\" aria-hidden=\"true\" focusable=\"false\"><path d=\"M6.7 14.7c-.2-.2-.3-.4-.3-.7s.1-.5.3-.7l4.6-4.6c.1-.1.2-.2.3-.2.1 0 .2-.1.4-.1.1 0 .3 0 .4.1.1 0 .2.1.3.2l4.6 4.6c.2.2.3.4.3.7s-.1.5-.3.7c-.2.2-.4.3-.7.3s-.5-.1-.7-.3L12 10.8l-3.9 3.9c-.2.2-.4.3-.7.3s-.5-.1-.7-.3z\" fill=\"currentColor\" \/><\/svg><\/span>\n\t\t\t\t<\/button>\n\t\t\t<\/h4>\n\t\t\t<div class=\"t2-accordion-item__inner-container is-layout-flow\" id=\"accordion-panel-4\" aria-labelledby=\"bli-frivillig-i-troms\u00f8\" role=\"region\" hidden>\n\t\t\t\t\n\n<p>Vi er alltid p\u00e5 jakt etter nye dyktige frivillige!<br><a href=\"https:\/\/kirkensbymisjon.no\/tilbud-gatejuristen\/kontakt-oss\/tromso\/\">Ta kontakt<\/a> om du vil prate om det \u00e5 v\u00e6re frivillig.<\/p>\n\n\n\n<p>Vi har b\u00e5de studenter og ferdige jurister i v\u00e5r frivilligstab.<br>For \u00e5 v\u00e6re frivillig student m\u00e5 du v\u00e6re ferdig med 3. avdeling.<\/p>\n\n\n\n<p>V\u00e5re studentfrivillige forplikter seg til \u00e5 jobbe \u00e9n fast dag i uken i ett \u00e5r  \u2013 tilsvarende 300 timer. Det er mulig \u00e5 forlenge engasjementet som frivillig utover ett \u00e5r.<\/p>\n\n\n\n<p>Vi lyser ut frivilligstillinger \u00e9n til to ganger i \u00e5ret. <br>Er du interessert, er det bare \u00e5 ta kontakt for n\u00e6rmere informasjon.<\/p>\n\n\n\n<p>E-post:&nbsp;<a href=\"mailto:post@gatejuristentromso.no\">post@gatejuristentromso.no<\/a>&nbsp;<\/p>\n\n\n\t\t\t<\/div>\n\t\t<\/div>\n\n<div class=\"t2-accordion-item wp-block-t2-accordion-item\" role=\"listitem\">\n\t\t\t<h4 class=\"t2-accordion-title\">\n\t\t\t\t<button type=\"button\" class=\"t2-accordion-trigger\" id=\"bli-frivillig-i-kristiansand\" aria-controls=\"accordion-panel-5\" aria-expanded=\"false\">\n\t\t\t\t\tBli frivillig i Kristiansand\n\t\t\t\t\t<span class=\"t2-accordion-icon is-closed-icon\"><svg xmlns=\"http:\/\/www.w3.org\/2000\/svg\" viewBox=\"0 0 24 24\" height=\"24\" width=\"24\" class=\"t2-icon t2-icon-plus\" aria-hidden=\"true\" focusable=\"false\"><path d=\"M11.8 5.037a1.088 1.088 0 0 0-.722.566c-.075.148-.078.25-.078 2.772v2.619l-2.61.016c-1.867.012-2.652.03-2.756.064-.168.055-.438.301-.54.494-.049.092-.07.223-.07.432 0 .34.054.476.282.704.289.289.14.275 3.064.288l2.63.012v2.619c0 2.544.002 2.625.08 2.778.191.372.516.577.92.577s.729-.205.92-.577c.078-.153.08-.234.08-2.778v-2.619l2.63-.012c2.924-.013 2.775.001 3.064-.288.228-.228.282-.364.282-.704 0-.209-.021-.34-.07-.432-.102-.193-.372-.439-.54-.494-.104-.034-.889-.052-2.756-.064L13 10.994V8.375c0-2.522-.003-2.624-.078-2.772-.214-.418-.685-.656-1.122-.566\"\/><\/svg><\/span>\n\t\t\t\t\t<span class=\"t2-accordion-icon is-open-icon\"><svg xmlns=\"http:\/\/www.w3.org\/2000\/svg\" viewBox=\"0 0 24 24\" height=\"24\" width=\"24\" class=\"t2-icon t2-icon-chevronup\" aria-hidden=\"true\" focusable=\"false\"><path d=\"M6.7 14.7c-.2-.2-.3-.4-.3-.7s.1-.5.3-.7l4.6-4.6c.1-.1.2-.2.3-.2.1 0 .2-.1.4-.1.1 0 .3 0 .4.1.1 0 .2.1.3.2l4.6 4.6c.2.2.3.4.3.7s-.1.5-.3.7c-.2.2-.4.3-.7.3s-.5-.1-.7-.3L12 10.8l-3.9 3.9c-.2.2-.4.3-.7.3s-.5-.1-.7-.3z\" fill=\"currentColor\" \/><\/svg><\/span>\n\t\t\t\t<\/button>\n\t\t\t<\/h4>\n\t\t\t<div class=\"t2-accordion-item__inner-container is-layout-flow\" id=\"accordion-panel-5\" aria-labelledby=\"bli-frivillig-i-kristiansand\" role=\"region\" hidden>\n\t\t\t\t\n\n<p>Vi rekrutterer nye frivillige jusstudenter fra UiA p\u00e5 forsommeren, med oppstart i august hvert \u00e5r. Studentene er hos oss ett \u00e5r av gangen, og er p\u00e5 kontoret \u00e9n dag i uka. Ta gjerne kontakt dersom du lurer p\u00e5 hvordan det er \u00e5 v\u00e6re frivillig student hos oss:<\/p>\n\n\n\n<p>Telefon:&nbsp;<a href=\"tel:94141765\">941 41 765<\/a><br>E-post: <a href=\"mailto:gatejuristen@skbk.no\">gatejuristen@skbk.no<\/a><\/p>\n\n\n\n<p>Vi er alltid p\u00e5 jakt etter nye, dyktige, frivillige jurister og advokater \u2013 ta kontakt om du vil prate om det \u00e5 v\u00e6re frivillig.<\/p>\n\n\n\t\t\t<\/div>\n\t\t<\/div>\n<\/div>","protected":false},"excerpt":{"rendered":"<p>Frivillighet i Gatejuristen Frivillige gj\u00f8r en uvurderlig innsats for Gatejuristens klienter over hele landet. De&hellip;<\/p>\n","protected":false},"author":4,"featured_media":0,"parent":0,"menu_order":0,"comment_status":"closed","ping_status":"closed","template":"","meta":{"_relevanssi_hide_post":"","_relevanssi_hide_content":"","_relevanssi_pin_for_all":"","_relevanssi_pin_keywords":"","_relevanssi_unpin_keywords":"","_relevanssi_related_keywords":"","_relevanssi_related_include_ids":"","_relevanssi_related_exclude_ids":"","_relevanssi_related_no_append":"","_relevanssi_related_not_related":"","_relevanssi_related_posts":"1","_relevanssi_noindex_reason":"","editor_notices":[],"footnotes":""},"class_list":["post-13","page","type-page","status-publish","hentry"],"yoast_head":"<!-- This site is optimized with the Yoast SEO Premium plugin v27.2 (Yoast SEO v27.2) - https:\/\/yoast.com\/product\/yoast-seo-premium-wordpress\/ -->\n<title>Bli frivillig - Gatejuristen<\/title>\n<meta name=\"robots\" content=\"index, follow, max-snippet:-1, max-image-preview:large, max-video-preview:-1\" \/>\n<link rel=\"canonical\" href=\"https:\/\/kirkensbymisjon.no\/tilbud-gatejuristen\/frivillighet\/\" \/>\n<meta property=\"og:locale\" content=\"nb_NO\" \/>\n<meta property=\"og:type\" content=\"article\" \/>\n<meta property=\"og:title\" content=\"Bli frivillig\" \/>\n<meta property=\"og:description\" content=\"Frivillighet i Gatejuristen Frivillige gj\u00f8r en uvurderlig innsats for Gatejuristens klienter over hele landet. De&hellip;\" \/>\n<meta property=\"og:url\" content=\"https:\/\/kirkensbymisjon.no\/tilbud-gatejuristen\/frivillighet\/\" \/>\n<meta property=\"og:site_name\" content=\"Gatejuristen\" \/>\n<meta property=\"article:modified_time\" content=\"2026-02-20T13:02:00+00:00\" \/>\n<meta name=\"twitter:card\" content=\"summary_large_image\" \/>\n<meta name=\"twitter:label1\" content=\"Ansl. lesetid\" \/>\n\t<meta name=\"twitter:data1\" content=\"5 minutter\" \/>\n<script type=\"application\/ld+json\" class=\"yoast-schema-graph\">{\"@context\":\"https:\/\/schema.org\",\"@graph\":[{\"@type\":\"WebPage\",\"@id\":\"https:\/\/kirkensbymisjon.no\/tilbud-gatejuristen\/frivillighet\/\",\"url\":\"https:\/\/kirkensbymisjon.no\/tilbud-gatejuristen\/frivillighet\/\",\"name\":\"Bli frivillig - Gatejuristen\",\"isPartOf\":{\"@id\":\"https:\/\/kirkensbymisjon.no\/tilbud-gatejuristen\/#website\"},\"datePublished\":\"2024-07-25T07:44:40+00:00\",\"dateModified\":\"2026-02-20T13:02:00+00:00\",\"breadcrumb\":{\"@id\":\"https:\/\/kirkensbymisjon.no\/tilbud-gatejuristen\/frivillighet\/#breadcrumb\"},\"inLanguage\":\"nb-NO\",\"potentialAction\":[{\"@type\":\"ReadAction\",\"target\":[\"https:\/\/kirkensbymisjon.no\/tilbud-gatejuristen\/frivillighet\/\"]}]},{\"@type\":\"BreadcrumbList\",\"@id\":\"https:\/\/kirkensbymisjon.no\/tilbud-gatejuristen\/frivillighet\/#breadcrumb\",\"itemListElement\":[{\"@type\":\"ListItem\",\"position\":1,\"name\":\"Hjem\",\"item\":\"https:\/\/kirkensbymisjon.no\/tilbud-gatejuristen\/\"},{\"@type\":\"ListItem\",\"position\":2,\"name\":\"Bli frivillig\"}]},{\"@type\":\"WebSite\",\"@id\":\"https:\/\/kirkensbymisjon.no\/tilbud-gatejuristen\/#website\",\"url\":\"https:\/\/kirkensbymisjon.no\/tilbud-gatejuristen\/\",\"name\":\"Gatejuristen\",\"description\":\"\",\"potentialAction\":[{\"@type\":\"SearchAction\",\"target\":{\"@type\":\"EntryPoint\",\"urlTemplate\":\"https:\/\/kirkensbymisjon.no\/tilbud-gatejuristen\/?s={search_term_string}\"},\"query-input\":{\"@type\":\"PropertyValueSpecification\",\"valueRequired\":true,\"valueName\":\"search_term_string\"}}],\"inLanguage\":\"nb-NO\"}]}<\/script>\n<!-- \/ Yoast SEO Premium plugin. -->","yoast_head_json":{"title":"Bli frivillig - Gatejuristen","robots":{"index":"index","follow":"follow","max-snippet":"max-snippet:-1","max-image-preview":"max-image-preview:large","max-video-preview":"max-video-preview:-1"},"canonical":"https:\/\/kirkensbymisjon.no\/tilbud-gatejuristen\/frivillighet\/","og_locale":"nb_NO","og_type":"article","og_title":"Bli frivillig","og_description":"Frivillighet i Gatejuristen Frivillige gj\u00f8r en uvurderlig innsats for Gatejuristens klienter over hele landet. De&hellip;","og_url":"https:\/\/kirkensbymisjon.no\/tilbud-gatejuristen\/frivillighet\/","og_site_name":"Gatejuristen","article_modified_time":"2026-02-20T13:02:00+00:00","twitter_card":"summary_large_image","twitter_misc":{"Ansl. lesetid":"5 minutter"},"schema":{"@context":"https:\/\/schema.org","@graph":[{"@type":"WebPage","@id":"https:\/\/kirkensbymisjon.no\/tilbud-gatejuristen\/frivillighet\/","url":"https:\/\/kirkensbymisjon.no\/tilbud-gatejuristen\/frivillighet\/","name":"Bli frivillig - Gatejuristen","isPartOf":{"@id":"https:\/\/kirkensbymisjon.no\/tilbud-gatejuristen\/#website"},"datePublished":"2024-07-25T07:44:40+00:00","dateModified":"2026-02-20T13:02:00+00:00","breadcrumb":{"@id":"https:\/\/kirkensbymisjon.no\/tilbud-gatejuristen\/frivillighet\/#breadcrumb"},"inLanguage":"nb-NO","potentialAction":[{"@type":"ReadAction","target":["https:\/\/kirkensbymisjon.no\/tilbud-gatejuristen\/frivillighet\/"]}]},{"@type":"BreadcrumbList","@id":"https:\/\/kirkensbymisjon.no\/tilbud-gatejuristen\/frivillighet\/#breadcrumb","itemListElement":[{"@type":"ListItem","position":1,"name":"Hjem","item":"https:\/\/kirkensbymisjon.no\/tilbud-gatejuristen\/"},{"@type":"ListItem","position":2,"name":"Bli frivillig"}]},{"@type":"WebSite","@id":"https:\/\/kirkensbymisjon.no\/tilbud-gatejuristen\/#website","url":"https:\/\/kirkensbymisjon.no\/tilbud-gatejuristen\/","name":"Gatejuristen","description":"","potentialAction":[{"@type":"SearchAction","target":{"@type":"EntryPoint","urlTemplate":"https:\/\/kirkensbymisjon.no\/tilbud-gatejuristen\/?s={search_term_string}"},"query-input":{"@type":"PropertyValueSpecification","valueRequired":true,"valueName":"search_term_string"}}],"inLanguage":"nb-NO"}]}},"_links":{"self":[{"href":"https:\/\/kirkensbymisjon.no\/tilbud-gatejuristen\/wp-json\/wp\/v2\/pages\/13","targetHints":{"allow":["GET"]}}],"collection":[{"href":"https:\/\/kirkensbymisjon.no\/tilbud-gatejuristen\/wp-json\/wp\/v2\/pages"}],"about":[{"href":"https:\/\/kirkensbymisjon.no\/tilbud-gatejuristen\/wp-json\/wp\/v2\/types\/page"}],"author":[{"embeddable":true,"href":"https:\/\/kirkensbymisjon.no\/tilbud-gatejuristen\/wp-json\/wp\/v2\/users\/4"}],"replies":[{"embeddable":true,"href":"https:\/\/kirkensbymisjon.no\/tilbud-gatejuristen\/wp-json\/wp\/v2\/comments?post=13"}],"version-history":[{"count":5,"href":"https:\/\/kirkensbymisjon.no\/tilbud-gatejuristen\/wp-json\/wp\/v2\/pages\/13\/revisions"}],"predecessor-version":[{"id":958,"href":"https:\/\/kirkensbymisjon.no\/tilbud-gatejuristen\/wp-json\/wp\/v2\/pages\/13\/revisions\/958"}],"wp:attachment":[{"href":"https:\/\/kirkensbymisjon.no\/tilbud-gatejuristen\/wp-json\/wp\/v2\/media?parent=13"}],"curies":[{"name":"wp","href":"https:\/\/api.w.org\/{rel}","templated":true}]}}