{"id":15,"date":"2024-07-25T09:44:59","date_gmt":"2024-07-25T07:44:59","guid":{"rendered":"https:\/\/kirkensbymisjon.no\/tilbud-gatejuristen\/?page_id=15"},"modified":"2026-03-12T13:13:00","modified_gmt":"2026-03-12T12:13:00","slug":"gatas-stemme","status":"publish","type":"page","link":"https:\/\/kirkensbymisjon.no\/tilbud-gatejuristen\/gatas-stemme\/","title":{"rendered":"Gatas stemme"},"content":{"rendered":"\n<h2 class=\"wp-block-heading\" id=\"h-gatas-stemme\">Gatas stemme<\/h2>\n\n\n\n<p><strong>Gatas stemme var et 2-\u00e5rig rettspolitisk prosjekt med deltakere fra alle Gatejuristkontorene i Norge, som ble ferdigstilt h\u00f8sten 2025.<\/strong><\/p>\n\n\n\n<p>Gjennom v\u00e5re kontorer i Oslo, Bergen, Trondheim, Stavanger, Troms\u00f8 og Kristiansand behandler Gatejuristen nesten 4000 saker hvert \u00e5r. Vi opplever ofte at m\u00e5lgruppen m\u00f8ter p\u00e5 de samme utfordringene p\u00e5 tvers av byer, og \u00e5r etter \u00e5r. Gjennom Gatas stemme \u00f8nsket vi \u00e5 l\u00f8fte disse utfordringene p\u00e5 en m\u00e5te som kan bedre klientenes rettsstilling, og stadfeste Gatejuristens posisjon som rettspolitisk akt\u00f8r.<\/p>\n\n\n\n<p>Form\u00e5let med prosjektet var \u00e5 samle og l\u00f8fte de st\u00f8rste rettighetsutfordringene vi ser i v\u00e5r saksbehandling, og bruke dette aktivt i p\u00e5virkningsarbeid. Prosjektet ble finansiert med st\u00f8tte fra <a href=\"https:\/\/dam.no\/\" target=\"_blank\" rel=\"noreferrer noopener\">Stiftelsen Dam<\/a>.<\/p>\n\n\n\n<h3 class=\"wp-block-heading\" id=\"h-les-mer-om-siste-aktiviteter-i-prosjektet\"><strong>Les mer om siste aktiviteter i prosjektet<\/strong><\/h3>\n\n\n\n<p><a href=\"https:\/\/kirkensbymisjon.no\/tilbud-gatejuristen\/gatas-stemme\/undersokelse-av-boligsosialloven-i-praksis\/\" target=\"_blank\" rel=\"noreferrer noopener\">Unders\u00f8kelse av boligsosialloven i praksis<\/a>.<\/p>\n\n\n\n<div class=\"wp-block-media-text alignwide is-stacked-on-mobile is-style-filled\"><figure class=\"wp-block-media-text__media\"><img loading=\"lazy\" decoding=\"async\" width=\"962\" height=\"768\" src=\"https:\/\/kirkensbymisjon.no\/content\/uploads\/sites\/26\/2025\/07\/Tilbud_Gatejuristen_Gatas_Stemme_002.png\" alt=\"\" class=\"wp-image-897 size-full\" srcset=\"https:\/\/kirkensbymisjon.no\/content\/uploads\/sites\/26\/2025\/07\/Tilbud_Gatejuristen_Gatas_Stemme_002.png 962w, https:\/\/kirkensbymisjon.no\/content\/uploads\/sites\/26\/2025\/07\/Tilbud_Gatejuristen_Gatas_Stemme_002-300x240.png 300w, https:\/\/kirkensbymisjon.no\/content\/uploads\/sites\/26\/2025\/07\/Tilbud_Gatejuristen_Gatas_Stemme_002-768x613.png 768w\" sizes=\"auto, (max-width: 962px) 100vw, 962px\" \/><\/figure><div class=\"wp-block-media-text__content\">\n<h3 class=\"wp-block-heading\" id=\"h-har-du-sporsmal-eller-andre-henvendelser-om-gatas-stemme\">Har du sp\u00f8rsm\u00e5l eller andre henvendelser om Gatas stemme?<\/h3>\n\n\n\n<p>Ta gjerne kontakt med prosjektleder:<br><strong>Line Brekke Andersen<\/strong><br>e-post: <a href=\"mailto:linebrekke.andersen@bymisjon.no\">linebrekke.andersen@bymisjon.no<\/a><br>telefon: <a href=\"tel:+4791822040\">918 22&nbsp;040<\/a><\/p>\n<\/div><\/div>\n","protected":false},"excerpt":{"rendered":"<p>Gatas stemme Gatas stemme var et 2-\u00e5rig rettspolitisk prosjekt med deltakere fra alle Gatejuristkontorene i&hellip;<\/p>\n","protected":false},"author":4,"featured_media":0,"parent":0,"menu_order":0,"comment_status":"closed","ping_status":"closed","template":"","meta":{"_relevanssi_hide_post":"","_relevanssi_hide_content":"","_relevanssi_pin_for_all":"","_relevanssi_pin_keywords":"","_relevanssi_unpin_keywords":"","_relevanssi_related_keywords":"","_relevanssi_related_include_ids":"","_relevanssi_related_exclude_ids":"","_relevanssi_related_no_append":"","_relevanssi_related_not_related":"","_relevanssi_related_posts":"1","_relevanssi_noindex_reason":"","editor_notices":[],"footnotes":""},"class_list":["post-15","page","type-page","status-publish","hentry"],"yoast_head":"<!-- This site is optimized with the Yoast SEO Premium plugin v27.2 (Yoast SEO v27.4) - https:\/\/yoast.com\/product\/yoast-seo-premium-wordpress\/ -->\n<title>Gatas stemme - Gatejuristen<\/title>\n<meta name=\"robots\" content=\"index, follow, max-snippet:-1, max-image-preview:large, max-video-preview:-1\" \/>\n<link rel=\"canonical\" href=\"https:\/\/kirkensbymisjon.no\/tilbud-gatejuristen\/gatas-stemme\/\" \/>\n<meta property=\"og:locale\" content=\"nb_NO\" \/>\n<meta property=\"og:type\" content=\"article\" \/>\n<meta property=\"og:title\" content=\"Gatas stemme\" \/>\n<meta property=\"og:description\" content=\"Gatas stemme Gatas stemme var et 2-\u00e5rig rettspolitisk prosjekt med deltakere fra alle Gatejuristkontorene i&hellip;\" \/>\n<meta property=\"og:url\" content=\"https:\/\/kirkensbymisjon.no\/tilbud-gatejuristen\/gatas-stemme\/\" \/>\n<meta property=\"og:site_name\" content=\"Gatejuristen\" \/>\n<meta property=\"article:modified_time\" content=\"2026-03-12T12:13:00+00:00\" \/>\n<meta property=\"og:image\" content=\"https:\/\/kirkensbymisjon.no\/content\/uploads\/sites\/26\/2025\/07\/Tilbud_Gatejuristen_Gatas_Stemme_002.png\" \/>\n\t<meta property=\"og:image:width\" content=\"962\" \/>\n\t<meta property=\"og:image:height\" content=\"768\" \/>\n\t<meta property=\"og:image:type\" content=\"image\/png\" \/>\n<meta name=\"twitter:card\" content=\"summary_large_image\" \/>\n<meta name=\"twitter:label1\" content=\"Ansl. lesetid\" \/>\n\t<meta name=\"twitter:data1\" content=\"1 minutt\" \/>\n<script type=\"application\/ld+json\" class=\"yoast-schema-graph\">{\"@context\":\"https:\\\/\\\/schema.org\",\"@graph\":[{\"@type\":\"WebPage\",\"@id\":\"https:\\\/\\\/kirkensbymisjon.no\\\/tilbud-gatejuristen\\\/gatas-stemme\\\/\",\"url\":\"https:\\\/\\\/kirkensbymisjon.no\\\/tilbud-gatejuristen\\\/gatas-stemme\\\/\",\"name\":\"Gatas stemme - Gatejuristen\",\"isPartOf\":{\"@id\":\"https:\\\/\\\/kirkensbymisjon.no\\\/tilbud-gatejuristen\\\/#website\"},\"primaryImageOfPage\":{\"@id\":\"https:\\\/\\\/kirkensbymisjon.no\\\/tilbud-gatejuristen\\\/gatas-stemme\\\/#primaryimage\"},\"image\":{\"@id\":\"https:\\\/\\\/kirkensbymisjon.no\\\/tilbud-gatejuristen\\\/gatas-stemme\\\/#primaryimage\"},\"thumbnailUrl\":\"https:\\\/\\\/kirkensbymisjon.no\\\/content\\\/uploads\\\/sites\\\/26\\\/2025\\\/07\\\/Tilbud_Gatejuristen_Gatas_Stemme_002.png\",\"datePublished\":\"2024-07-25T07:44:59+00:00\",\"dateModified\":\"2026-03-12T12:13:00+00:00\",\"breadcrumb\":{\"@id\":\"https:\\\/\\\/kirkensbymisjon.no\\\/tilbud-gatejuristen\\\/gatas-stemme\\\/#breadcrumb\"},\"inLanguage\":\"nb-NO\",\"potentialAction\":[{\"@type\":\"ReadAction\",\"target\":[\"https:\\\/\\\/kirkensbymisjon.no\\\/tilbud-gatejuristen\\\/gatas-stemme\\\/\"]}]},{\"@type\":\"ImageObject\",\"inLanguage\":\"nb-NO\",\"@id\":\"https:\\\/\\\/kirkensbymisjon.no\\\/tilbud-gatejuristen\\\/gatas-stemme\\\/#primaryimage\",\"url\":\"https:\\\/\\\/kirkensbymisjon.no\\\/content\\\/uploads\\\/sites\\\/26\\\/2025\\\/07\\\/Tilbud_Gatejuristen_Gatas_Stemme_002.png\",\"contentUrl\":\"https:\\\/\\\/kirkensbymisjon.no\\\/content\\\/uploads\\\/sites\\\/26\\\/2025\\\/07\\\/Tilbud_Gatejuristen_Gatas_Stemme_002.png\"},{\"@type\":\"BreadcrumbList\",\"@id\":\"https:\\\/\\\/kirkensbymisjon.no\\\/tilbud-gatejuristen\\\/gatas-stemme\\\/#breadcrumb\",\"itemListElement\":[{\"@type\":\"ListItem\",\"position\":1,\"name\":\"Hjem\",\"item\":\"https:\\\/\\\/kirkensbymisjon.no\\\/tilbud-gatejuristen\\\/\"},{\"@type\":\"ListItem\",\"position\":2,\"name\":\"Gatas stemme\"}]},{\"@type\":\"WebSite\",\"@id\":\"https:\\\/\\\/kirkensbymisjon.no\\\/tilbud-gatejuristen\\\/#website\",\"url\":\"https:\\\/\\\/kirkensbymisjon.no\\\/tilbud-gatejuristen\\\/\",\"name\":\"Gatejuristen\",\"description\":\"\",\"potentialAction\":[{\"@type\":\"SearchAction\",\"target\":{\"@type\":\"EntryPoint\",\"urlTemplate\":\"https:\\\/\\\/kirkensbymisjon.no\\\/tilbud-gatejuristen\\\/?s={search_term_string}\"},\"query-input\":{\"@type\":\"PropertyValueSpecification\",\"valueRequired\":true,\"valueName\":\"search_term_string\"}}],\"inLanguage\":\"nb-NO\"}]}<\/script>\n<!-- \/ Yoast SEO Premium plugin. -->","yoast_head_json":{"title":"Gatas stemme - Gatejuristen","robots":{"index":"index","follow":"follow","max-snippet":"max-snippet:-1","max-image-preview":"max-image-preview:large","max-video-preview":"max-video-preview:-1"},"canonical":"https:\/\/kirkensbymisjon.no\/tilbud-gatejuristen\/gatas-stemme\/","og_locale":"nb_NO","og_type":"article","og_title":"Gatas stemme","og_description":"Gatas stemme Gatas stemme var et 2-\u00e5rig rettspolitisk prosjekt med deltakere fra alle Gatejuristkontorene i&hellip;","og_url":"https:\/\/kirkensbymisjon.no\/tilbud-gatejuristen\/gatas-stemme\/","og_site_name":"Gatejuristen","article_modified_time":"2026-03-12T12:13:00+00:00","og_image":[{"width":962,"height":768,"url":"https:\/\/kirkensbymisjon.no\/content\/uploads\/sites\/26\/2025\/07\/Tilbud_Gatejuristen_Gatas_Stemme_002.png","type":"image\/png"}],"twitter_card":"summary_large_image","twitter_misc":{"Ansl. lesetid":"1 minutt"},"schema":{"@context":"https:\/\/schema.org","@graph":[{"@type":"WebPage","@id":"https:\/\/kirkensbymisjon.no\/tilbud-gatejuristen\/gatas-stemme\/","url":"https:\/\/kirkensbymisjon.no\/tilbud-gatejuristen\/gatas-stemme\/","name":"Gatas stemme - Gatejuristen","isPartOf":{"@id":"https:\/\/kirkensbymisjon.no\/tilbud-gatejuristen\/#website"},"primaryImageOfPage":{"@id":"https:\/\/kirkensbymisjon.no\/tilbud-gatejuristen\/gatas-stemme\/#primaryimage"},"image":{"@id":"https:\/\/kirkensbymisjon.no\/tilbud-gatejuristen\/gatas-stemme\/#primaryimage"},"thumbnailUrl":"https:\/\/kirkensbymisjon.no\/content\/uploads\/sites\/26\/2025\/07\/Tilbud_Gatejuristen_Gatas_Stemme_002.png","datePublished":"2024-07-25T07:44:59+00:00","dateModified":"2026-03-12T12:13:00+00:00","breadcrumb":{"@id":"https:\/\/kirkensbymisjon.no\/tilbud-gatejuristen\/gatas-stemme\/#breadcrumb"},"inLanguage":"nb-NO","potentialAction":[{"@type":"ReadAction","target":["https:\/\/kirkensbymisjon.no\/tilbud-gatejuristen\/gatas-stemme\/"]}]},{"@type":"ImageObject","inLanguage":"nb-NO","@id":"https:\/\/kirkensbymisjon.no\/tilbud-gatejuristen\/gatas-stemme\/#primaryimage","url":"https:\/\/kirkensbymisjon.no\/content\/uploads\/sites\/26\/2025\/07\/Tilbud_Gatejuristen_Gatas_Stemme_002.png","contentUrl":"https:\/\/kirkensbymisjon.no\/content\/uploads\/sites\/26\/2025\/07\/Tilbud_Gatejuristen_Gatas_Stemme_002.png"},{"@type":"BreadcrumbList","@id":"https:\/\/kirkensbymisjon.no\/tilbud-gatejuristen\/gatas-stemme\/#breadcrumb","itemListElement":[{"@type":"ListItem","position":1,"name":"Hjem","item":"https:\/\/kirkensbymisjon.no\/tilbud-gatejuristen\/"},{"@type":"ListItem","position":2,"name":"Gatas stemme"}]},{"@type":"WebSite","@id":"https:\/\/kirkensbymisjon.no\/tilbud-gatejuristen\/#website","url":"https:\/\/kirkensbymisjon.no\/tilbud-gatejuristen\/","name":"Gatejuristen","description":"","potentialAction":[{"@type":"SearchAction","target":{"@type":"EntryPoint","urlTemplate":"https:\/\/kirkensbymisjon.no\/tilbud-gatejuristen\/?s={search_term_string}"},"query-input":{"@type":"PropertyValueSpecification","valueRequired":true,"valueName":"search_term_string"}}],"inLanguage":"nb-NO"}]}},"_links":{"self":[{"href":"https:\/\/kirkensbymisjon.no\/tilbud-gatejuristen\/wp-json\/wp\/v2\/pages\/15","targetHints":{"allow":["GET"]}}],"collection":[{"href":"https:\/\/kirkensbymisjon.no\/tilbud-gatejuristen\/wp-json\/wp\/v2\/pages"}],"about":[{"href":"https:\/\/kirkensbymisjon.no\/tilbud-gatejuristen\/wp-json\/wp\/v2\/types\/page"}],"author":[{"embeddable":true,"href":"https:\/\/kirkensbymisjon.no\/tilbud-gatejuristen\/wp-json\/wp\/v2\/users\/4"}],"replies":[{"embeddable":true,"href":"https:\/\/kirkensbymisjon.no\/tilbud-gatejuristen\/wp-json\/wp\/v2\/comments?post=15"}],"version-history":[{"count":4,"href":"https:\/\/kirkensbymisjon.no\/tilbud-gatejuristen\/wp-json\/wp\/v2\/pages\/15\/revisions"}],"predecessor-version":[{"id":972,"href":"https:\/\/kirkensbymisjon.no\/tilbud-gatejuristen\/wp-json\/wp\/v2\/pages\/15\/revisions\/972"}],"wp:attachment":[{"href":"https:\/\/kirkensbymisjon.no\/tilbud-gatejuristen\/wp-json\/wp\/v2\/media?parent=15"}],"curies":[{"name":"wp","href":"https:\/\/api.w.org\/{rel}","templated":true}]}}