{"id":2,"date":"2024-06-17T15:55:41","date_gmt":"2024-06-17T13:55:41","guid":{"rendered":"https:\/\/kirkensbymisjon.no\/tilbud-gatejuristen\/?page_id=2"},"modified":"2026-04-10T12:11:48","modified_gmt":"2026-04-10T10:11:48","slug":"forside","status":"publish","type":"page","link":"https:\/\/kirkensbymisjon.no\/tilbud-gatejuristen\/","title":{"rendered":"Forside"},"content":{"rendered":"\n<div class=\"wp-block-media-text alignwide is-stacked-on-mobile is-style-default\"><figure class=\"wp-block-media-text__media\"><img loading=\"lazy\" decoding=\"async\" width=\"1024\" height=\"669\" src=\"https:\/\/kirkensbymisjon.no\/content\/uploads\/sites\/26\/2024\/07\/Tilbud_Gatejuristen_05-1024x669.jpg\" alt=\"Frivillige jurister i opps\u00f8kende gatearbeid. \" class=\"wp-image-148 size-full\" srcset=\"https:\/\/kirkensbymisjon.no\/content\/uploads\/sites\/26\/2024\/07\/Tilbud_Gatejuristen_05-1024x669.jpg 1024w, https:\/\/kirkensbymisjon.no\/content\/uploads\/sites\/26\/2024\/07\/Tilbud_Gatejuristen_05-300x196.jpg 300w, https:\/\/kirkensbymisjon.no\/content\/uploads\/sites\/26\/2024\/07\/Tilbud_Gatejuristen_05-768x502.jpg 768w, https:\/\/kirkensbymisjon.no\/content\/uploads\/sites\/26\/2024\/07\/Tilbud_Gatejuristen_05.jpg 1228w\" sizes=\"auto, (max-width: 1024px) 100vw, 1024px\" \/><\/figure><div class=\"wp-block-media-text__content\">\n<h2 class=\"wp-block-heading\" id=\"h-det-er-stor-forskjell-pa-a-ha-rett-og-det-a-fa-rett\">Det er stor forskjell p\u00e5 \u00e5 ha rett, <br>og det \u00e5 f\u00e5 rett!<\/h2>\n\n\n\n<p>Gatejuristen er til stede i 15 byer, og gir opps\u00f8kende rettshjelp til mennesker som ikke er i stand til \u00e5 hevde sin rett. For det hjelper ikke \u00e5 ha rett, hvis man ikke f\u00e5r rett.<\/p>\n\n\n\n<p><a href=\"\/tilbud-gatejuristen\/om-gatejuristen\">Les mer om Gatejuristen og hva vi gj\u00f8r<\/a><\/p>\n<\/div><\/div>\n\n\n\t<div class=\"layout-3 alignfull is-style-filled wp-block-kbm-statistics\">\n\t\t<div class=\"kbm-statistics__inner\">\n\t\t\t\t\t\t\t<h2 class=\"kbm-statistics__title\">Gatejuristen hadde i 2023<\/h2>\n\t\t\t\t\t\t<div class=\"swiper\">\n\t\t\t\t<div class=\"swiper-wrapper\">\n\t\t\t\t\t\n\t<div class=\"wp-block-kbm-key-number swiper-slide\">\n\t\t<div class=\"kbm-key-number__inner\">\n\t\t\t<p class=\"kbm-key-number__number\">166<\/p>\n\t\t\t\t\t\t\t<p class=\"kbm-key-number__description\">frivillige advokater, jurister og jusstudenter<\/p>\n\t\t\t\t\t<\/div>\n\t<\/div>\n\t\n\n\t<div class=\"wp-block-kbm-key-number swiper-slide\">\n\t\t<div class=\"kbm-key-number__inner\">\n\t\t\t<p class=\"kbm-key-number__number\">2190<\/p>\n\t\t\t\t\t\t\t<p class=\"kbm-key-number__description\">klienter over hele landet<\/p>\n\t\t\t\t\t<\/div>\n\t<\/div>\n\t\n\n\t<div class=\"wp-block-kbm-key-number swiper-slide\">\n\t\t<div class=\"kbm-key-number__inner\">\n\t\t\t<p class=\"kbm-key-number__number\">3968<\/p>\n\t\t\t\t\t\t\t<p class=\"kbm-key-number__description\">saker der vi ga r\u00e5d, veiledning og representasjon<\/p>\n\t\t\t\t\t<\/div>\n\t<\/div>\n\t\n\t\t\t\t<\/div>\n\t\t\t\t\t<div class=\"swiper-navigation\">\n\t\t<div class=\"swiper-button-prev\"><svg xmlns=\"http:\/\/www.w3.org\/2000\/svg\" viewBox=\"0 0 24 24\" height=\"24\" width=\"24\" class=\"t2-icon t2-icon-arrowforward\" aria-hidden=\"true\" focusable=\"false\"><path d=\"M12.78 5.036a1.099 1.099 0 0 0-.497.287c-.208.208-.259.344-.258.684.001.264.016.33.105.465.058.087 1.079 1.14 2.27 2.341l2.165 2.182-5.913.013-5.912.012-.165.088c-.391.209-.551.469-.551.892 0 .34.054.476.282.704.3.299-.236.275 6.347.287l5.913.012-2.167 2.185c-1.191 1.202-2.213 2.255-2.27 2.341-.088.134-.103.201-.104.464-.001.34.05.475.258.684.284.284.676.383 1.038.263.198-.066.423-.281 3.655-3.503l3.444-3.433-2.58-2.585c-2.816-2.822-4.255-4.224-4.433-4.315a1.155 1.155 0 0 0-.627-.068\"\/><\/svg><\/div>\n\t\t<div class=\"swiper-pagination\"><\/div>\n\t\t<div class=\"swiper-button-next\"><svg xmlns=\"http:\/\/www.w3.org\/2000\/svg\" viewBox=\"0 0 24 24\" height=\"24\" width=\"24\" class=\"t2-icon t2-icon-arrowforward\" aria-hidden=\"true\" focusable=\"false\"><path d=\"M12.78 5.036a1.099 1.099 0 0 0-.497.287c-.208.208-.259.344-.258.684.001.264.016.33.105.465.058.087 1.079 1.14 2.27 2.341l2.165 2.182-5.913.013-5.912.012-.165.088c-.391.209-.551.469-.551.892 0 .34.054.476.282.704.3.299-.236.275 6.347.287l5.913.012-2.167 2.185c-1.191 1.202-2.213 2.255-2.27 2.341-.088.134-.103.201-.104.464-.001.34.05.475.258.684.284.284.676.383 1.038.263.198-.066.423-.281 3.655-3.503l3.444-3.433-2.58-2.585c-2.816-2.822-4.255-4.224-4.433-4.315a1.155 1.155 0 0 0-.627-.068\"\/><\/svg><\/div>\n\t<\/div>\n\t\t\t\t<\/div>\n\t\t<\/div>\n\t<\/div>\n\t\n\n\n<blockquote class=\"wp-block-quote is-layout-flow wp-block-quote-is-layout-flow\">\n<p>N\u00e5r en klient ringer, takker deg og sier at de setter pris p\u00e5 din hjelp, gj\u00f8r det at de slitsomme og harde studie\u00e5rene ikke f\u00f8les like slitsomme lenger.<\/p>\n<cite>Frivillig hos Gatejuristen<\/cite><\/blockquote>\n\n\n\n<blockquote class=\"wp-block-quote is-layout-flow wp-block-quote-is-layout-flow\">\n<p>Hos Gatejuristen har jeg kunnet snakke med noen som faktisk bryr seg. Hjelpen jeg har f\u00e5tt har v\u00e6rt uvurderlig.<\/p>\n<cite>Klient hos Gatejuristen<\/cite><\/blockquote>\n\n\n\n<p><a href=\"\/tilbud-gatejuristen\/frivillighet\">Vil du bidra? Her kan du finne ut hvordan du blir frivillig i Gatejuristen.<\/a><\/p>\n\n\n\n<div class=\"wp-block-media-text alignwide is-stacked-on-mobile is-style-filled\"><figure class=\"wp-block-media-text__media\"><img loading=\"lazy\" decoding=\"async\" width=\"1024\" height=\"683\" src=\"https:\/\/kirkensbymisjon.no\/content\/uploads\/sites\/26\/2024\/07\/Tilbud_Gatejuristen_02.jpg-1024x683.jpg\" alt=\"portrett av ung jente foran himmel\" class=\"wp-image-135 size-full\" srcset=\"https:\/\/kirkensbymisjon.no\/content\/uploads\/sites\/26\/2024\/07\/Tilbud_Gatejuristen_02.jpg-1024x683.jpg 1024w, https:\/\/kirkensbymisjon.no\/content\/uploads\/sites\/26\/2024\/07\/Tilbud_Gatejuristen_02.jpg-300x200.jpg 300w, https:\/\/kirkensbymisjon.no\/content\/uploads\/sites\/26\/2024\/07\/Tilbud_Gatejuristen_02.jpg-768x512.jpg 768w, https:\/\/kirkensbymisjon.no\/content\/uploads\/sites\/26\/2024\/07\/Tilbud_Gatejuristen_02.jpg-1536x1024.jpg 1536w, https:\/\/kirkensbymisjon.no\/content\/uploads\/sites\/26\/2024\/07\/Tilbud_Gatejuristen_02.jpg-2048x1365.jpg 2048w\" sizes=\"auto, (max-width: 1024px) 100vw, 1024px\" \/><\/figure><div class=\"wp-block-media-text__content\">\n<h2 class=\"wp-block-heading\" id=\"h-er-du-under-25-ar-og-trenger-rettshjelp\">Er du under 25 \u00e5r og trenger rettshjelp?<\/h2>\n\n\n\n<p>Ung rettshjelp er et annet rettighetstilbud drevet av Kirkens Bymisjon, der vi tilbyr gratis rettshjelp for barn og unge.<\/p>\n\n\n\n<p><a href=\"\/tilbud-ung-rettshjelp\">Les mer p\u00e5 sidene til Ung rettshjelp<\/a><\/p>\n<\/div><\/div>\n","protected":false},"excerpt":{"rendered":"<p>Det er stor forskjell p\u00e5 \u00e5 ha rett, og det \u00e5 f\u00e5 rett! Gatejuristen er&hellip;<\/p>\n","protected":false},"author":1,"featured_media":0,"parent":0,"menu_order":0,"comment_status":"closed","ping_status":"closed","template":"","meta":{"_relevanssi_hide_post":"","_relevanssi_hide_content":"","_relevanssi_pin_for_all":"","_relevanssi_pin_keywords":"","_relevanssi_unpin_keywords":"","_relevanssi_related_keywords":"","_relevanssi_related_include_ids":"","_relevanssi_related_exclude_ids":"","_relevanssi_related_no_append":"","_relevanssi_related_not_related":"","_relevanssi_related_posts":"1","_relevanssi_noindex_reason":"","editor_notices":[],"footnotes":""},"class_list":["post-2","page","type-page","status-publish","hentry"],"yoast_head":"<!-- This site is optimized with the Yoast SEO Premium plugin v27.2 (Yoast SEO v27.2) - https:\/\/yoast.com\/product\/yoast-seo-premium-wordpress\/ -->\n<title>Kirkens Bymisjon - Gatejuristen<\/title>\n<meta name=\"description\" content=\"Gratis rettshjelp til mennesker som har eller har hatt rusproblemer.\" \/>\n<meta name=\"robots\" content=\"index, follow, max-snippet:-1, max-image-preview:large, max-video-preview:-1\" \/>\n<link rel=\"canonical\" href=\"https:\/\/kirkensbymisjon.no\/tilbud-gatejuristen\/\" \/>\n<meta property=\"og:locale\" content=\"nb_NO\" \/>\n<meta property=\"og:type\" content=\"article\" \/>\n<meta property=\"og:title\" content=\"Forside\" \/>\n<meta property=\"og:description\" content=\"Gratis rettshjelp til mennesker som har eller har hatt rusproblemer.\" \/>\n<meta property=\"og:url\" content=\"https:\/\/kirkensbymisjon.no\/tilbud-gatejuristen\/\" \/>\n<meta property=\"og:site_name\" content=\"Gatejuristen\" \/>\n<meta property=\"article:modified_time\" content=\"2026-04-10T10:11:48+00:00\" \/>\n<meta property=\"og:image\" content=\"https:\/\/kirkensbymisjon.no\/content\/uploads\/sites\/26\/2024\/07\/Tilbud_Gatejuristen_05.jpg\" \/>\n\t<meta property=\"og:image:width\" content=\"1228\" \/>\n\t<meta property=\"og:image:height\" content=\"802\" \/>\n\t<meta property=\"og:image:type\" content=\"image\/jpeg\" \/>\n<meta name=\"twitter:card\" content=\"summary_large_image\" \/>\n<meta name=\"twitter:label1\" content=\"Ansl. lesetid\" \/>\n\t<meta name=\"twitter:data1\" content=\"1 minutt\" \/>\n<script type=\"application\/ld+json\" class=\"yoast-schema-graph\">{\"@context\":\"https:\/\/schema.org\",\"@graph\":[{\"@type\":\"WebPage\",\"@id\":\"https:\/\/kirkensbymisjon.no\/tilbud-gatejuristen\/\",\"url\":\"https:\/\/kirkensbymisjon.no\/tilbud-gatejuristen\/\",\"name\":\"Kirkens Bymisjon - Gatejuristen\",\"isPartOf\":{\"@id\":\"https:\/\/kirkensbymisjon.no\/tilbud-gatejuristen\/#website\"},\"primaryImageOfPage\":{\"@id\":\"https:\/\/kirkensbymisjon.no\/tilbud-gatejuristen\/#primaryimage\"},\"image\":{\"@id\":\"https:\/\/kirkensbymisjon.no\/tilbud-gatejuristen\/#primaryimage\"},\"thumbnailUrl\":\"https:\/\/kirkensbymisjon.no\/content\/uploads\/sites\/26\/2024\/07\/Tilbud_Gatejuristen_05-1024x669.jpg\",\"datePublished\":\"2024-06-17T13:55:41+00:00\",\"dateModified\":\"2026-04-10T10:11:48+00:00\",\"description\":\"Gratis rettshjelp til mennesker som har eller har hatt rusproblemer.\",\"breadcrumb\":{\"@id\":\"https:\/\/kirkensbymisjon.no\/tilbud-gatejuristen\/#breadcrumb\"},\"inLanguage\":\"nb-NO\",\"potentialAction\":[{\"@type\":\"ReadAction\",\"target\":[\"https:\/\/kirkensbymisjon.no\/tilbud-gatejuristen\/\"]}]},{\"@type\":\"ImageObject\",\"inLanguage\":\"nb-NO\",\"@id\":\"https:\/\/kirkensbymisjon.no\/tilbud-gatejuristen\/#primaryimage\",\"url\":\"https:\/\/kirkensbymisjon.no\/content\/uploads\/sites\/26\/2024\/07\/Tilbud_Gatejuristen_05-1024x669.jpg\",\"contentUrl\":\"https:\/\/kirkensbymisjon.no\/content\/uploads\/sites\/26\/2024\/07\/Tilbud_Gatejuristen_05-1024x669.jpg\"},{\"@type\":\"BreadcrumbList\",\"@id\":\"https:\/\/kirkensbymisjon.no\/tilbud-gatejuristen\/#breadcrumb\",\"itemListElement\":[{\"@type\":\"ListItem\",\"position\":1,\"name\":\"Hjem\",\"item\":\"https:\/\/kirkensbymisjon.no\/tilbud-gatejuristen\/\"},{\"@type\":\"ListItem\",\"position\":2,\"name\":\"Forside\"}]},{\"@type\":\"WebSite\",\"@id\":\"https:\/\/kirkensbymisjon.no\/tilbud-gatejuristen\/#website\",\"url\":\"https:\/\/kirkensbymisjon.no\/tilbud-gatejuristen\/\",\"name\":\"Gatejuristen\",\"description\":\"\",\"potentialAction\":[{\"@type\":\"SearchAction\",\"target\":{\"@type\":\"EntryPoint\",\"urlTemplate\":\"https:\/\/kirkensbymisjon.no\/tilbud-gatejuristen\/?s={search_term_string}\"},\"query-input\":{\"@type\":\"PropertyValueSpecification\",\"valueRequired\":true,\"valueName\":\"search_term_string\"}}],\"inLanguage\":\"nb-NO\"}]}<\/script>\n<!-- \/ Yoast SEO Premium plugin. -->","yoast_head_json":{"title":"Kirkens Bymisjon - Gatejuristen","description":"Gratis rettshjelp til mennesker som har eller har hatt rusproblemer.","robots":{"index":"index","follow":"follow","max-snippet":"max-snippet:-1","max-image-preview":"max-image-preview:large","max-video-preview":"max-video-preview:-1"},"canonical":"https:\/\/kirkensbymisjon.no\/tilbud-gatejuristen\/","og_locale":"nb_NO","og_type":"article","og_title":"Forside","og_description":"Gratis rettshjelp til mennesker som har eller har hatt rusproblemer.","og_url":"https:\/\/kirkensbymisjon.no\/tilbud-gatejuristen\/","og_site_name":"Gatejuristen","article_modified_time":"2026-04-10T10:11:48+00:00","og_image":[{"width":1228,"height":802,"url":"https:\/\/kirkensbymisjon.no\/content\/uploads\/sites\/26\/2024\/07\/Tilbud_Gatejuristen_05.jpg","type":"image\/jpeg"}],"twitter_card":"summary_large_image","twitter_misc":{"Ansl. lesetid":"1 minutt"},"schema":{"@context":"https:\/\/schema.org","@graph":[{"@type":"WebPage","@id":"https:\/\/kirkensbymisjon.no\/tilbud-gatejuristen\/","url":"https:\/\/kirkensbymisjon.no\/tilbud-gatejuristen\/","name":"Kirkens Bymisjon - Gatejuristen","isPartOf":{"@id":"https:\/\/kirkensbymisjon.no\/tilbud-gatejuristen\/#website"},"primaryImageOfPage":{"@id":"https:\/\/kirkensbymisjon.no\/tilbud-gatejuristen\/#primaryimage"},"image":{"@id":"https:\/\/kirkensbymisjon.no\/tilbud-gatejuristen\/#primaryimage"},"thumbnailUrl":"https:\/\/kirkensbymisjon.no\/content\/uploads\/sites\/26\/2024\/07\/Tilbud_Gatejuristen_05-1024x669.jpg","datePublished":"2024-06-17T13:55:41+00:00","dateModified":"2026-04-10T10:11:48+00:00","description":"Gratis rettshjelp til mennesker som har eller har hatt rusproblemer.","breadcrumb":{"@id":"https:\/\/kirkensbymisjon.no\/tilbud-gatejuristen\/#breadcrumb"},"inLanguage":"nb-NO","potentialAction":[{"@type":"ReadAction","target":["https:\/\/kirkensbymisjon.no\/tilbud-gatejuristen\/"]}]},{"@type":"ImageObject","inLanguage":"nb-NO","@id":"https:\/\/kirkensbymisjon.no\/tilbud-gatejuristen\/#primaryimage","url":"https:\/\/kirkensbymisjon.no\/content\/uploads\/sites\/26\/2024\/07\/Tilbud_Gatejuristen_05-1024x669.jpg","contentUrl":"https:\/\/kirkensbymisjon.no\/content\/uploads\/sites\/26\/2024\/07\/Tilbud_Gatejuristen_05-1024x669.jpg"},{"@type":"BreadcrumbList","@id":"https:\/\/kirkensbymisjon.no\/tilbud-gatejuristen\/#breadcrumb","itemListElement":[{"@type":"ListItem","position":1,"name":"Hjem","item":"https:\/\/kirkensbymisjon.no\/tilbud-gatejuristen\/"},{"@type":"ListItem","position":2,"name":"Forside"}]},{"@type":"WebSite","@id":"https:\/\/kirkensbymisjon.no\/tilbud-gatejuristen\/#website","url":"https:\/\/kirkensbymisjon.no\/tilbud-gatejuristen\/","name":"Gatejuristen","description":"","potentialAction":[{"@type":"SearchAction","target":{"@type":"EntryPoint","urlTemplate":"https:\/\/kirkensbymisjon.no\/tilbud-gatejuristen\/?s={search_term_string}"},"query-input":{"@type":"PropertyValueSpecification","valueRequired":true,"valueName":"search_term_string"}}],"inLanguage":"nb-NO"}]}},"_links":{"self":[{"href":"https:\/\/kirkensbymisjon.no\/tilbud-gatejuristen\/wp-json\/wp\/v2\/pages\/2","targetHints":{"allow":["GET"]}}],"collection":[{"href":"https:\/\/kirkensbymisjon.no\/tilbud-gatejuristen\/wp-json\/wp\/v2\/pages"}],"about":[{"href":"https:\/\/kirkensbymisjon.no\/tilbud-gatejuristen\/wp-json\/wp\/v2\/types\/page"}],"author":[{"embeddable":true,"href":"https:\/\/kirkensbymisjon.no\/tilbud-gatejuristen\/wp-json\/wp\/v2\/users\/1"}],"replies":[{"embeddable":true,"href":"https:\/\/kirkensbymisjon.no\/tilbud-gatejuristen\/wp-json\/wp\/v2\/comments?post=2"}],"version-history":[{"count":5,"href":"https:\/\/kirkensbymisjon.no\/tilbud-gatejuristen\/wp-json\/wp\/v2\/pages\/2\/revisions"}],"predecessor-version":[{"id":1028,"href":"https:\/\/kirkensbymisjon.no\/tilbud-gatejuristen\/wp-json\/wp\/v2\/pages\/2\/revisions\/1028"}],"wp:attachment":[{"href":"https:\/\/kirkensbymisjon.no\/tilbud-gatejuristen\/wp-json\/wp\/v2\/media?parent=2"}],"curies":[{"name":"wp","href":"https:\/\/api.w.org\/{rel}","templated":true}]}}