{"id":851,"date":"2025-06-06T16:04:44","date_gmt":"2025-06-06T14:04:44","guid":{"rendered":"https:\/\/kirkensbymisjon.no\/tilbud-gatejuristen\/?page_id=851"},"modified":"2025-06-06T16:28:57","modified_gmt":"2025-06-06T14:28:57","slug":"undersokelse-av-boligsosialloven-i-praksis","status":"publish","type":"page","link":"https:\/\/kirkensbymisjon.no\/tilbud-gatejuristen\/gatas-stemme\/undersokelse-av-boligsosialloven-i-praksis\/","title":{"rendered":"Unders\u00f8kelse av boligsosialloven i praksis"},"content":{"rendered":"\n<h2 class=\"wp-block-heading\" id=\"h-boligsosialloven-i-praksis-papirlov-eller-boligsosialt-loft\"><strong>Boligsosialloven i praksis: Papirlov eller boligsosialt l\u00f8ft?<\/strong><\/h2>\n\n\n\n<p><strong>Stadig flere i Norge mangler et stabilt og godt sted \u00e5 bo. Etter en periode med forholdvis lav bostedsl\u00f8shet, peker n\u00e5 alle piler oppover i en urovekkende fart. <\/strong><strong>En d\u00e5rlig eller ustabil bosituasjon f\u00e5r store ringvirkninger for alt annet i livet. Likevel er tilgangen til bolig er lite regulert og rettighetsfestet sammenlignet med andre velferdsomr\u00e5der.<\/strong><\/p>\n\n\n\n<p><a href=\"https:\/\/lovdata.no\/lov\/2022-12-20-121\/\u00a77\" target=\"_blank\" rel=\"noreferrer noopener\">Boligsosialloven<\/a>, som tr\u00e5dte i kraft i juli 2023, skulle klargj\u00f8re kommunenes ansvar p\u00e5 det boligsosiale omr\u00e5det, og sikre at flere vanskeligstilte f\u00e5r n\u00f8dvendig bistand til \u00e5 skaffe eller beholde et sted \u00e5 bo.<\/p>\n\n\n\n<p>Gjennom rettshjelpstiltaket Gatejuristen m\u00f8ter vi mennesker med boligutfordringer hver dag. H\u00f8sten 2024 hadde vi likevel ikke sett et eneste vedtak etter boligsosialloven. Vi \u00f8nsket derfor \u00e5 unders\u00f8ke hvordan loven brukes i praksis, over 1,5 \u00e5r etter at den ble vedtatt. H\u00f8sten og vinteren i 2024\/25 sendte vi n\u00e6rmere 50 s\u00f8knader om boligsosial bistand til 17 forskjellige kommuner.<\/p>\n\n\n\n<figure class=\"wp-block-image size-full\"><img loading=\"lazy\" decoding=\"async\" width=\"2082\" height=\"1417\" src=\"https:\/\/kirkensbymisjon.no\/content\/uploads\/sites\/26\/2025\/06\/boligsosialloven_lansering.png\" alt=\"\" class=\"wp-image-861\" srcset=\"https:\/\/kirkensbymisjon.no\/content\/uploads\/sites\/26\/2025\/06\/boligsosialloven_lansering.png 2082w, https:\/\/kirkensbymisjon.no\/content\/uploads\/sites\/26\/2025\/06\/boligsosialloven_lansering-300x204.png 300w, https:\/\/kirkensbymisjon.no\/content\/uploads\/sites\/26\/2025\/06\/boligsosialloven_lansering-1024x697.png 1024w, https:\/\/kirkensbymisjon.no\/content\/uploads\/sites\/26\/2025\/06\/boligsosialloven_lansering-768x523.png 768w, https:\/\/kirkensbymisjon.no\/content\/uploads\/sites\/26\/2025\/06\/boligsosialloven_lansering-1536x1045.png 1536w, https:\/\/kirkensbymisjon.no\/content\/uploads\/sites\/26\/2025\/06\/boligsosialloven_lansering-2048x1394.png 2048w\" sizes=\"auto, (max-width: 2082px) 100vw, 2082px\" \/><figcaption class=\"wp-element-caption\"><em>Bilde fra lanseringen av unders\u00f8kelsen 23. mai, der blant andre Kommunal- og distriktsminister Kjersti Stenseng deltok.<\/em><\/figcaption><\/figure>\n\n\n\n<p>Unders\u00f8kelsen v\u00e5r viser at de f\u00e6rreste av kommunene er i gang med \u00e5 bruke loven, og flere mangler ressurser og rutiner for \u00e5 f\u00f8lge den opp. Det er vanskelig \u00e5 f\u00e5 vedtak, og kommuner bruker lang tid p\u00e5 \u00e5 behandle s\u00f8knader. I enkelte saker har Gatejuristen sendt opp mot 8\u201310 henvendelser uten \u00e5 f\u00e5 svar. Det er illusorisk at de som faktisk trenger hjelp, og st\u00e5r i krevende livssituasjoner, kan f\u00f8lge opp p\u00e5 samme m\u00e5te. Vi ser dessuten at f\u00e5 vanskeligstilte i det hele tatt kjenner til loven og rettighetene den gir dem.<\/p>\n\n\n\n<p>Vi mener boligsosialloven er et skritt i riktig retning p\u00e5 et felt preget av lite rettighetsfesting. Loven styrker rettighetene til vanskeligstilte p\u00e5 boligmarkedet, og legger til rette for at det blir lettere \u00e5 be om og \u00e5 f\u00e5 utl\u00f8st kommunal bistand. Samtidig illustrerer v\u00e5re funn at det trengs rask og m\u00e5lrettet innsats for \u00e5 forhindre at loven ender som en \u00abpapirlov\u00bb uten reell betydning.<\/p>\n\n\n\n<p><strong>Basert p\u00e5 v\u00e5r unders\u00f8kelse anbefaler vi f\u00f8lgende tiltak:<\/strong><\/p>\n\n\n\n<ul class=\"wp-block-list\">\n<li>\u00d8kte ressurser<\/li>\n\n\n\n<li>Faglig veileder til kommunene<\/li>\n\n\n\n<li>Rettighetsinformasjon og lavterskel bistand til vanskeligstilte<\/li>\n\n\n\n<li>Tilsynsordning<\/li>\n\n\n\n<li>Rutiner og verkt\u00f8y for \u00e5 ta i bruk loven<\/li>\n\n\n\n<li>Boligsosial strategi<\/li>\n<\/ul>\n\n\n\n<p><em>Unders\u00f8kelsen er gjennomf\u00f8rt som en del av det rettspolitiske prosjektet Gatas stemme, st\u00f8ttet av <a href=\"https:\/\/dam.no\/\" target=\"_blank\" rel=\"noreferrer noopener\">Stiftelsen Dam<\/a>.<\/em><\/p>\n\n\n\t<div class=\"wp-block-kbm-files\">\n\t\t<div class=\"kbm-files__items\">\n\t\t\t\n\t<a class=\"wp-block-kbm-file-item\" download=\"1\" href=\"https:\/\/kirkensbymisjon.no\/content\/uploads\/sites\/26\/2025\/06\/Boligsosialloven_rapport.pdf\">\n\t\t<div class=\"kbm-file-item__thumbnail\">\n\t\t\t<span class=\"kbm-file-item__icon\"><\/span>\n\t\t\t<div class=\"kbm-file-item__image\" style=\"background-position: 50% 50%; background-image: url(https:\/\/kirkensbymisjon.no\/content\/uploads\/sites\/26\/2025\/06\/Boligsosialloven_rapport.jpg);\"><\/div>\n\t\t<\/div>\n\t\t<p class=\"kbm-file-item__category\">Rapport 2025<\/p>\n\t\t<p class=\"kbm-file-item__title\">Boligsosialloven: Papirlov eller boligsosialt l\u00f8ft?<\/p>\n\t<\/a>\n\t\n\n\t<a class=\"wp-block-kbm-file-item\" download=\"1\" href=\"https:\/\/kirkensbymisjon.no\/content\/uploads\/sites\/26\/2025\/06\/Boligsosialloven_Kortversjon.pdf\">\n\t\t<div class=\"kbm-file-item__thumbnail\">\n\t\t\t<span class=\"kbm-file-item__icon\"><\/span>\n\t\t\t<div class=\"kbm-file-item__image\" style=\"background-position: 50% 50%; background-image: url(https:\/\/kirkensbymisjon.no\/content\/uploads\/sites\/26\/2025\/06\/Boligsosialloven_kortversjon.jpg);\"><\/div>\n\t\t<\/div>\n\t\t<p class=\"kbm-file-item__category\">Kortversjon 2025<\/p>\n\t\t<p class=\"kbm-file-item__title\">Boligsosialloven: Papirlov eller boligsosialt l\u00f8ft?<\/p>\n\t<\/a>\n\t\n\t\t<\/div>\n\t<\/div>\n\t\n\n\n<p><em>Les mer om Kirkens Bymisjons arbeid innen\u00a0<a href=\"https:\/\/kirkensbymisjon.no\/bostedsloshet\" target=\"_blank\" rel=\"noreferrer noopener\">bostedsl\u00f8shet<\/a>.<\/em><\/p>\n","protected":false},"excerpt":{"rendered":"<p>Boligsosialloven i praksis: Papirlov eller boligsosialt l\u00f8ft? Stadig flere i Norge mangler et stabilt og&hellip;<\/p>\n","protected":false},"author":5,"featured_media":0,"parent":15,"menu_order":0,"comment_status":"closed","ping_status":"closed","template":"","meta":{"_relevanssi_hide_post":"","_relevanssi_hide_content":"","_relevanssi_pin_for_all":"","_relevanssi_pin_keywords":"","_relevanssi_unpin_keywords":"","_relevanssi_related_keywords":"","_relevanssi_related_include_ids":"","_relevanssi_related_exclude_ids":"","_relevanssi_related_no_append":"","_relevanssi_related_not_related":"","_relevanssi_related_posts":"1","_relevanssi_noindex_reason":"","editor_notices":[],"footnotes":""},"class_list":["post-851","page","type-page","status-publish","hentry"],"yoast_head":"<!-- This site is optimized with the Yoast SEO Premium plugin v27.2 (Yoast SEO v27.4) - https:\/\/yoast.com\/product\/yoast-seo-premium-wordpress\/ -->\n<title>Unders\u00f8kelse av boligsosialloven i praksis - Gatejuristen<\/title>\n<meta name=\"robots\" content=\"index, follow, max-snippet:-1, max-image-preview:large, max-video-preview:-1\" \/>\n<link rel=\"canonical\" href=\"https:\/\/kirkensbymisjon.no\/tilbud-gatejuristen\/gatas-stemme\/undersokelse-av-boligsosialloven-i-praksis\/\" \/>\n<meta property=\"og:locale\" content=\"nb_NO\" \/>\n<meta property=\"og:type\" content=\"article\" \/>\n<meta property=\"og:title\" content=\"Unders\u00f8kelse av boligsosialloven i praksis\" \/>\n<meta property=\"og:description\" content=\"Boligsosialloven i praksis: Papirlov eller boligsosialt l\u00f8ft? Stadig flere i Norge mangler et stabilt og&hellip;\" \/>\n<meta property=\"og:url\" content=\"https:\/\/kirkensbymisjon.no\/tilbud-gatejuristen\/gatas-stemme\/undersokelse-av-boligsosialloven-i-praksis\/\" \/>\n<meta property=\"og:site_name\" content=\"Gatejuristen\" \/>\n<meta property=\"article:modified_time\" content=\"2025-06-06T14:28:57+00:00\" \/>\n<meta property=\"og:image\" content=\"https:\/\/kirkensbymisjon.no\/content\/uploads\/sites\/26\/2025\/06\/boligsosialloven_lansering-1024x697.png\" \/>\n\t<meta property=\"og:image:width\" content=\"1024\" \/>\n\t<meta property=\"og:image:height\" content=\"697\" \/>\n\t<meta property=\"og:image:type\" content=\"image\/png\" \/>\n<meta name=\"twitter:card\" content=\"summary_large_image\" \/>\n<meta name=\"twitter:label1\" content=\"Ansl. lesetid\" \/>\n\t<meta name=\"twitter:data1\" content=\"3 minutter\" \/>\n<script type=\"application\/ld+json\" class=\"yoast-schema-graph\">{\"@context\":\"https:\\\/\\\/schema.org\",\"@graph\":[{\"@type\":\"WebPage\",\"@id\":\"https:\\\/\\\/kirkensbymisjon.no\\\/tilbud-gatejuristen\\\/gatas-stemme\\\/undersokelse-av-boligsosialloven-i-praksis\\\/\",\"url\":\"https:\\\/\\\/kirkensbymisjon.no\\\/tilbud-gatejuristen\\\/gatas-stemme\\\/undersokelse-av-boligsosialloven-i-praksis\\\/\",\"name\":\"Unders\u00f8kelse av boligsosialloven i praksis - Gatejuristen\",\"isPartOf\":{\"@id\":\"https:\\\/\\\/kirkensbymisjon.no\\\/tilbud-gatejuristen\\\/#website\"},\"primaryImageOfPage\":{\"@id\":\"https:\\\/\\\/kirkensbymisjon.no\\\/tilbud-gatejuristen\\\/gatas-stemme\\\/undersokelse-av-boligsosialloven-i-praksis\\\/#primaryimage\"},\"image\":{\"@id\":\"https:\\\/\\\/kirkensbymisjon.no\\\/tilbud-gatejuristen\\\/gatas-stemme\\\/undersokelse-av-boligsosialloven-i-praksis\\\/#primaryimage\"},\"thumbnailUrl\":\"https:\\\/\\\/kirkensbymisjon.no\\\/content\\\/uploads\\\/sites\\\/26\\\/2025\\\/06\\\/boligsosialloven_lansering.png\",\"datePublished\":\"2025-06-06T14:04:44+00:00\",\"dateModified\":\"2025-06-06T14:28:57+00:00\",\"breadcrumb\":{\"@id\":\"https:\\\/\\\/kirkensbymisjon.no\\\/tilbud-gatejuristen\\\/gatas-stemme\\\/undersokelse-av-boligsosialloven-i-praksis\\\/#breadcrumb\"},\"inLanguage\":\"nb-NO\",\"potentialAction\":[{\"@type\":\"ReadAction\",\"target\":[\"https:\\\/\\\/kirkensbymisjon.no\\\/tilbud-gatejuristen\\\/gatas-stemme\\\/undersokelse-av-boligsosialloven-i-praksis\\\/\"]}]},{\"@type\":\"ImageObject\",\"inLanguage\":\"nb-NO\",\"@id\":\"https:\\\/\\\/kirkensbymisjon.no\\\/tilbud-gatejuristen\\\/gatas-stemme\\\/undersokelse-av-boligsosialloven-i-praksis\\\/#primaryimage\",\"url\":\"https:\\\/\\\/kirkensbymisjon.no\\\/content\\\/uploads\\\/sites\\\/26\\\/2025\\\/06\\\/boligsosialloven_lansering.png\",\"contentUrl\":\"https:\\\/\\\/kirkensbymisjon.no\\\/content\\\/uploads\\\/sites\\\/26\\\/2025\\\/06\\\/boligsosialloven_lansering.png\"},{\"@type\":\"BreadcrumbList\",\"@id\":\"https:\\\/\\\/kirkensbymisjon.no\\\/tilbud-gatejuristen\\\/gatas-stemme\\\/undersokelse-av-boligsosialloven-i-praksis\\\/#breadcrumb\",\"itemListElement\":[{\"@type\":\"ListItem\",\"position\":1,\"name\":\"Hjem\",\"item\":\"https:\\\/\\\/kirkensbymisjon.no\\\/tilbud-gatejuristen\\\/\"},{\"@type\":\"ListItem\",\"position\":2,\"name\":\"Gatas stemme\",\"item\":\"https:\\\/\\\/kirkensbymisjon.no\\\/tilbud-gatejuristen\\\/gatas-stemme\\\/\"},{\"@type\":\"ListItem\",\"position\":3,\"name\":\"Unders\u00f8kelse av boligsosialloven i praksis\"}]},{\"@type\":\"WebSite\",\"@id\":\"https:\\\/\\\/kirkensbymisjon.no\\\/tilbud-gatejuristen\\\/#website\",\"url\":\"https:\\\/\\\/kirkensbymisjon.no\\\/tilbud-gatejuristen\\\/\",\"name\":\"Gatejuristen\",\"description\":\"\",\"potentialAction\":[{\"@type\":\"SearchAction\",\"target\":{\"@type\":\"EntryPoint\",\"urlTemplate\":\"https:\\\/\\\/kirkensbymisjon.no\\\/tilbud-gatejuristen\\\/?s={search_term_string}\"},\"query-input\":{\"@type\":\"PropertyValueSpecification\",\"valueRequired\":true,\"valueName\":\"search_term_string\"}}],\"inLanguage\":\"nb-NO\"}]}<\/script>\n<!-- \/ Yoast SEO Premium plugin. -->","yoast_head_json":{"title":"Unders\u00f8kelse av boligsosialloven i praksis - Gatejuristen","robots":{"index":"index","follow":"follow","max-snippet":"max-snippet:-1","max-image-preview":"max-image-preview:large","max-video-preview":"max-video-preview:-1"},"canonical":"https:\/\/kirkensbymisjon.no\/tilbud-gatejuristen\/gatas-stemme\/undersokelse-av-boligsosialloven-i-praksis\/","og_locale":"nb_NO","og_type":"article","og_title":"Unders\u00f8kelse av boligsosialloven i praksis","og_description":"Boligsosialloven i praksis: Papirlov eller boligsosialt l\u00f8ft? Stadig flere i Norge mangler et stabilt og&hellip;","og_url":"https:\/\/kirkensbymisjon.no\/tilbud-gatejuristen\/gatas-stemme\/undersokelse-av-boligsosialloven-i-praksis\/","og_site_name":"Gatejuristen","article_modified_time":"2025-06-06T14:28:57+00:00","og_image":[{"width":1024,"height":697,"url":"https:\/\/kirkensbymisjon.no\/content\/uploads\/sites\/26\/2025\/06\/boligsosialloven_lansering-1024x697.png","type":"image\/png"}],"twitter_card":"summary_large_image","twitter_misc":{"Ansl. lesetid":"3 minutter"},"schema":{"@context":"https:\/\/schema.org","@graph":[{"@type":"WebPage","@id":"https:\/\/kirkensbymisjon.no\/tilbud-gatejuristen\/gatas-stemme\/undersokelse-av-boligsosialloven-i-praksis\/","url":"https:\/\/kirkensbymisjon.no\/tilbud-gatejuristen\/gatas-stemme\/undersokelse-av-boligsosialloven-i-praksis\/","name":"Unders\u00f8kelse av boligsosialloven i praksis - Gatejuristen","isPartOf":{"@id":"https:\/\/kirkensbymisjon.no\/tilbud-gatejuristen\/#website"},"primaryImageOfPage":{"@id":"https:\/\/kirkensbymisjon.no\/tilbud-gatejuristen\/gatas-stemme\/undersokelse-av-boligsosialloven-i-praksis\/#primaryimage"},"image":{"@id":"https:\/\/kirkensbymisjon.no\/tilbud-gatejuristen\/gatas-stemme\/undersokelse-av-boligsosialloven-i-praksis\/#primaryimage"},"thumbnailUrl":"https:\/\/kirkensbymisjon.no\/content\/uploads\/sites\/26\/2025\/06\/boligsosialloven_lansering.png","datePublished":"2025-06-06T14:04:44+00:00","dateModified":"2025-06-06T14:28:57+00:00","breadcrumb":{"@id":"https:\/\/kirkensbymisjon.no\/tilbud-gatejuristen\/gatas-stemme\/undersokelse-av-boligsosialloven-i-praksis\/#breadcrumb"},"inLanguage":"nb-NO","potentialAction":[{"@type":"ReadAction","target":["https:\/\/kirkensbymisjon.no\/tilbud-gatejuristen\/gatas-stemme\/undersokelse-av-boligsosialloven-i-praksis\/"]}]},{"@type":"ImageObject","inLanguage":"nb-NO","@id":"https:\/\/kirkensbymisjon.no\/tilbud-gatejuristen\/gatas-stemme\/undersokelse-av-boligsosialloven-i-praksis\/#primaryimage","url":"https:\/\/kirkensbymisjon.no\/content\/uploads\/sites\/26\/2025\/06\/boligsosialloven_lansering.png","contentUrl":"https:\/\/kirkensbymisjon.no\/content\/uploads\/sites\/26\/2025\/06\/boligsosialloven_lansering.png"},{"@type":"BreadcrumbList","@id":"https:\/\/kirkensbymisjon.no\/tilbud-gatejuristen\/gatas-stemme\/undersokelse-av-boligsosialloven-i-praksis\/#breadcrumb","itemListElement":[{"@type":"ListItem","position":1,"name":"Hjem","item":"https:\/\/kirkensbymisjon.no\/tilbud-gatejuristen\/"},{"@type":"ListItem","position":2,"name":"Gatas stemme","item":"https:\/\/kirkensbymisjon.no\/tilbud-gatejuristen\/gatas-stemme\/"},{"@type":"ListItem","position":3,"name":"Unders\u00f8kelse av boligsosialloven i praksis"}]},{"@type":"WebSite","@id":"https:\/\/kirkensbymisjon.no\/tilbud-gatejuristen\/#website","url":"https:\/\/kirkensbymisjon.no\/tilbud-gatejuristen\/","name":"Gatejuristen","description":"","potentialAction":[{"@type":"SearchAction","target":{"@type":"EntryPoint","urlTemplate":"https:\/\/kirkensbymisjon.no\/tilbud-gatejuristen\/?s={search_term_string}"},"query-input":{"@type":"PropertyValueSpecification","valueRequired":true,"valueName":"search_term_string"}}],"inLanguage":"nb-NO"}]}},"_links":{"self":[{"href":"https:\/\/kirkensbymisjon.no\/tilbud-gatejuristen\/wp-json\/wp\/v2\/pages\/851","targetHints":{"allow":["GET"]}}],"collection":[{"href":"https:\/\/kirkensbymisjon.no\/tilbud-gatejuristen\/wp-json\/wp\/v2\/pages"}],"about":[{"href":"https:\/\/kirkensbymisjon.no\/tilbud-gatejuristen\/wp-json\/wp\/v2\/types\/page"}],"author":[{"embeddable":true,"href":"https:\/\/kirkensbymisjon.no\/tilbud-gatejuristen\/wp-json\/wp\/v2\/users\/5"}],"replies":[{"embeddable":true,"href":"https:\/\/kirkensbymisjon.no\/tilbud-gatejuristen\/wp-json\/wp\/v2\/comments?post=851"}],"version-history":[{"count":5,"href":"https:\/\/kirkensbymisjon.no\/tilbud-gatejuristen\/wp-json\/wp\/v2\/pages\/851\/revisions"}],"predecessor-version":[{"id":879,"href":"https:\/\/kirkensbymisjon.no\/tilbud-gatejuristen\/wp-json\/wp\/v2\/pages\/851\/revisions\/879"}],"up":[{"embeddable":true,"href":"https:\/\/kirkensbymisjon.no\/tilbud-gatejuristen\/wp-json\/wp\/v2\/pages\/15"}],"wp:attachment":[{"href":"https:\/\/kirkensbymisjon.no\/tilbud-gatejuristen\/wp-json\/wp\/v2\/media?parent=851"}],"curies":[{"name":"wp","href":"https:\/\/api.w.org\/{rel}","templated":true}]}}