{"id":956,"date":"2026-02-20T14:01:20","date_gmt":"2026-02-20T13:01:20","guid":{"rendered":"https:\/\/kirkensbymisjon.no\/tilbud-gatejuristen\/?page_id=956"},"modified":"2026-02-20T14:01:20","modified_gmt":"2026-02-20T13:01:20","slug":"stillingsannonse","status":"publish","type":"page","link":"https:\/\/kirkensbymisjon.no\/tilbud-gatejuristen\/frivillighet\/stillingsannonse\/","title":{"rendered":"Stillingsannonse"},"content":{"rendered":"\n<h3 class=\"wp-block-heading\" id=\"h-er-du-jusstudent-som-har-lyst-til-a-bruke-din-kompetanse-og-kapasitet-til-a-gjore-en-forskjell-i-samfunnet-og-for-menneskene-rundt-deg\">Er du jusstudent som har lyst til \u00e5 bruke din kompetanse og kapasitet til \u00e5 gj\u00f8re en forskjell i samfunnet og for menneskene rundt deg?<\/h3>\n\n\n\n<p><strong>Frivillig saksbehandler<\/strong><\/p>\n\n\n\n<p>Gatejuristen gir rettshjelp til personer som har eller har hatt rusutfordringer. Vi<br>gir juridisk bistand innenfor et bredt spekter av rettsomr\u00e5der, med s\u00e6rlig fokus p\u00e5 sosialrett, helserett, trygd, boligrett, erstatningsrett, utlendingsrett og gjeld. Vi s\u00f8ker n\u00e5 frivillige saksbehandlere til arbeid p\u00e5 kontoret i Oslo. De frivillige bist\u00e5r juristene p\u00e5 kontoret med juridiske og praktiske oppgaver knyttet til oppf\u00f8lging av enkeltsaker. Alt arbeidet kvalitetssikres av en fast ansatt. Stillingen krever at den frivillige jobber en fast dag i uken, i ca. ett \u00e5r, med mulighet for forlengelse. Arbeidsdagen er fra kl. 9-16. Mot slutten av frivillighetsperioden legges det opp til at den frivillige jobber hver dag i en arbeidsuke i juni eller august. Alle frivillige har for \u00f8vrig fri rundt jul og p\u00e5ske, og andre helligdager. Frivillige f\u00e5r eksamensfri ved behov. Arbeidet er ubetalt.<\/p>\n\n\n\n<p><strong>Arbeidsoppgaver<\/strong><\/p>\n\n\n\n<ul class=\"wp-block-list\">\n<li>Juridisk utredningsarbeid og brevskriving.<\/li>\n\n\n\n<li>Klientkontakt p\u00e5 telefon og deltakelse i m\u00f8ter.<\/li>\n\n\n\n<li>Delta p\u00e5 saksmottak p\u00e5 kontoret og p\u00e5 eksterne saksmottak.<\/li>\n<\/ul>\n\n\n\n<p><strong>Kvalifikasjoner og egenskaper<\/strong><\/p>\n\n\n\n<ul class=\"wp-block-list\">\n<li>Jusstudent. Det stilles krav om at s\u00f8keren har best\u00e5tt eller fullf\u00f8rer 3. studie\u00e5r i l\u00f8pet av frivillighetsperioden.<\/li>\n\n\n\n<li>Send inn karakterutskrift\/vitnem\u00e5l, samt eventuelle attester sammen med s\u00f8knaden.<\/li>\n<\/ul>\n\n\n\n<p><strong>Vi kan tilby<\/strong><\/p>\n\n\n\n<ul class=\"wp-block-list\">\n<li>Arbeid med enkeltsaker under tett oppf\u00f8lging fra en fast jurist.<\/li>\n\n\n\n<li>Erfaring fra m\u00f8ter med klienter og med opps\u00f8kende arbeid.<\/li>\n\n\n\n<li>Godt faglig og sosialt milj\u00f8 i virksomheten Rettshjelp \u00d8st og p\u00e5 Jusshuset, som inkluderer rettshjelpstiltakene Jussbuss, Jurk, Ung rettshjelp og Rettshjelp A-krim.<\/li>\n\n\n\n<li>Verdifull innsikt hvordan jussen kan p\u00e5virke menneskers dagligliv.<\/li>\n\n\n\n<li>En meningsfull jobb med stor mulighet for p\u00e5virkning.<\/li>\n<\/ul>\n\n\n\n<p>Ved sp\u00f8rsm\u00e5l om stillingen, ta gjerne kontakt med Anette Angelsen Haanes, tiltakskoordinator i Gatejuristen, mail: <a href=\"mailto:gatejuristen.oslo@bymisjon.no\">gatejuristen.oslo@bymisjon.no<\/a> eller p\u00e5 tlf. <a href=\"tel:23103890\">23 10 38 90<\/a><\/p>\n\n\n\n<p><strong>S\u00f8knadsfrist: 07.04.2026.<\/strong><br>Det legges opp til intervjuer i uke 16, og oppl\u00e6ringsdager i uke 34.<\/p>\n\n\n\n<p><strong>Tiltredelse: etter avtale<\/strong><\/p>\n\n\n\n<p><strong>S\u00f8knaden sendes til: <a href=\"mailto:gatejuristen.oslo@bymisjon.no\">gatejuristen.oslo@bymisjon.no<\/a><\/strong><\/p>\n","protected":false},"excerpt":{"rendered":"<p>Er du jusstudent som har lyst til \u00e5 bruke din kompetanse og kapasitet til \u00e5&hellip;<\/p>\n","protected":false},"author":4,"featured_media":0,"parent":13,"menu_order":0,"comment_status":"closed","ping_status":"closed","template":"","meta":{"_relevanssi_hide_post":"","_relevanssi_hide_content":"","_relevanssi_pin_for_all":"","_relevanssi_pin_keywords":"","_relevanssi_unpin_keywords":"","_relevanssi_related_keywords":"","_relevanssi_related_include_ids":"","_relevanssi_related_exclude_ids":"","_relevanssi_related_no_append":"","_relevanssi_related_not_related":"","_relevanssi_related_posts":"1","_relevanssi_noindex_reason":"","editor_notices":[],"footnotes":""},"class_list":["post-956","page","type-page","status-publish","hentry"],"yoast_head":"<!-- This site is optimized with the Yoast SEO Premium plugin v27.2 (Yoast SEO v27.2) - https:\/\/yoast.com\/product\/yoast-seo-premium-wordpress\/ -->\n<title>Stillingsannonse - Gatejuristen<\/title>\n<meta name=\"robots\" content=\"index, follow, max-snippet:-1, max-image-preview:large, max-video-preview:-1\" \/>\n<link rel=\"canonical\" href=\"https:\/\/kirkensbymisjon.no\/tilbud-gatejuristen\/frivillighet\/stillingsannonse\/\" \/>\n<meta property=\"og:locale\" content=\"nb_NO\" \/>\n<meta property=\"og:type\" content=\"article\" \/>\n<meta property=\"og:title\" content=\"Stillingsannonse\" \/>\n<meta property=\"og:description\" content=\"Er du jusstudent som har lyst til \u00e5 bruke din kompetanse og kapasitet til \u00e5&hellip;\" \/>\n<meta property=\"og:url\" content=\"https:\/\/kirkensbymisjon.no\/tilbud-gatejuristen\/frivillighet\/stillingsannonse\/\" \/>\n<meta property=\"og:site_name\" content=\"Gatejuristen\" \/>\n<meta name=\"twitter:card\" content=\"summary_large_image\" \/>\n<meta name=\"twitter:label1\" content=\"Ansl. lesetid\" \/>\n\t<meta name=\"twitter:data1\" content=\"2 minutter\" \/>\n<script type=\"application\/ld+json\" class=\"yoast-schema-graph\">{\"@context\":\"https:\/\/schema.org\",\"@graph\":[{\"@type\":\"WebPage\",\"@id\":\"https:\/\/kirkensbymisjon.no\/tilbud-gatejuristen\/frivillighet\/stillingsannonse\/\",\"url\":\"https:\/\/kirkensbymisjon.no\/tilbud-gatejuristen\/frivillighet\/stillingsannonse\/\",\"name\":\"Stillingsannonse - Gatejuristen\",\"isPartOf\":{\"@id\":\"https:\/\/kirkensbymisjon.no\/tilbud-gatejuristen\/#website\"},\"datePublished\":\"2026-02-20T13:01:20+00:00\",\"breadcrumb\":{\"@id\":\"https:\/\/kirkensbymisjon.no\/tilbud-gatejuristen\/frivillighet\/stillingsannonse\/#breadcrumb\"},\"inLanguage\":\"nb-NO\",\"potentialAction\":[{\"@type\":\"ReadAction\",\"target\":[\"https:\/\/kirkensbymisjon.no\/tilbud-gatejuristen\/frivillighet\/stillingsannonse\/\"]}]},{\"@type\":\"BreadcrumbList\",\"@id\":\"https:\/\/kirkensbymisjon.no\/tilbud-gatejuristen\/frivillighet\/stillingsannonse\/#breadcrumb\",\"itemListElement\":[{\"@type\":\"ListItem\",\"position\":1,\"name\":\"Hjem\",\"item\":\"https:\/\/kirkensbymisjon.no\/tilbud-gatejuristen\/\"},{\"@type\":\"ListItem\",\"position\":2,\"name\":\"Bli frivillig\",\"item\":\"https:\/\/kirkensbymisjon.no\/tilbud-gatejuristen\/frivillighet\/\"},{\"@type\":\"ListItem\",\"position\":3,\"name\":\"Stillingsannonse\"}]},{\"@type\":\"WebSite\",\"@id\":\"https:\/\/kirkensbymisjon.no\/tilbud-gatejuristen\/#website\",\"url\":\"https:\/\/kirkensbymisjon.no\/tilbud-gatejuristen\/\",\"name\":\"Gatejuristen\",\"description\":\"\",\"potentialAction\":[{\"@type\":\"SearchAction\",\"target\":{\"@type\":\"EntryPoint\",\"urlTemplate\":\"https:\/\/kirkensbymisjon.no\/tilbud-gatejuristen\/?s={search_term_string}\"},\"query-input\":{\"@type\":\"PropertyValueSpecification\",\"valueRequired\":true,\"valueName\":\"search_term_string\"}}],\"inLanguage\":\"nb-NO\"}]}<\/script>\n<!-- \/ Yoast SEO Premium plugin. -->","yoast_head_json":{"title":"Stillingsannonse - Gatejuristen","robots":{"index":"index","follow":"follow","max-snippet":"max-snippet:-1","max-image-preview":"max-image-preview:large","max-video-preview":"max-video-preview:-1"},"canonical":"https:\/\/kirkensbymisjon.no\/tilbud-gatejuristen\/frivillighet\/stillingsannonse\/","og_locale":"nb_NO","og_type":"article","og_title":"Stillingsannonse","og_description":"Er du jusstudent som har lyst til \u00e5 bruke din kompetanse og kapasitet til \u00e5&hellip;","og_url":"https:\/\/kirkensbymisjon.no\/tilbud-gatejuristen\/frivillighet\/stillingsannonse\/","og_site_name":"Gatejuristen","twitter_card":"summary_large_image","twitter_misc":{"Ansl. lesetid":"2 minutter"},"schema":{"@context":"https:\/\/schema.org","@graph":[{"@type":"WebPage","@id":"https:\/\/kirkensbymisjon.no\/tilbud-gatejuristen\/frivillighet\/stillingsannonse\/","url":"https:\/\/kirkensbymisjon.no\/tilbud-gatejuristen\/frivillighet\/stillingsannonse\/","name":"Stillingsannonse - Gatejuristen","isPartOf":{"@id":"https:\/\/kirkensbymisjon.no\/tilbud-gatejuristen\/#website"},"datePublished":"2026-02-20T13:01:20+00:00","breadcrumb":{"@id":"https:\/\/kirkensbymisjon.no\/tilbud-gatejuristen\/frivillighet\/stillingsannonse\/#breadcrumb"},"inLanguage":"nb-NO","potentialAction":[{"@type":"ReadAction","target":["https:\/\/kirkensbymisjon.no\/tilbud-gatejuristen\/frivillighet\/stillingsannonse\/"]}]},{"@type":"BreadcrumbList","@id":"https:\/\/kirkensbymisjon.no\/tilbud-gatejuristen\/frivillighet\/stillingsannonse\/#breadcrumb","itemListElement":[{"@type":"ListItem","position":1,"name":"Hjem","item":"https:\/\/kirkensbymisjon.no\/tilbud-gatejuristen\/"},{"@type":"ListItem","position":2,"name":"Bli frivillig","item":"https:\/\/kirkensbymisjon.no\/tilbud-gatejuristen\/frivillighet\/"},{"@type":"ListItem","position":3,"name":"Stillingsannonse"}]},{"@type":"WebSite","@id":"https:\/\/kirkensbymisjon.no\/tilbud-gatejuristen\/#website","url":"https:\/\/kirkensbymisjon.no\/tilbud-gatejuristen\/","name":"Gatejuristen","description":"","potentialAction":[{"@type":"SearchAction","target":{"@type":"EntryPoint","urlTemplate":"https:\/\/kirkensbymisjon.no\/tilbud-gatejuristen\/?s={search_term_string}"},"query-input":{"@type":"PropertyValueSpecification","valueRequired":true,"valueName":"search_term_string"}}],"inLanguage":"nb-NO"}]}},"_links":{"self":[{"href":"https:\/\/kirkensbymisjon.no\/tilbud-gatejuristen\/wp-json\/wp\/v2\/pages\/956","targetHints":{"allow":["GET"]}}],"collection":[{"href":"https:\/\/kirkensbymisjon.no\/tilbud-gatejuristen\/wp-json\/wp\/v2\/pages"}],"about":[{"href":"https:\/\/kirkensbymisjon.no\/tilbud-gatejuristen\/wp-json\/wp\/v2\/types\/page"}],"author":[{"embeddable":true,"href":"https:\/\/kirkensbymisjon.no\/tilbud-gatejuristen\/wp-json\/wp\/v2\/users\/4"}],"replies":[{"embeddable":true,"href":"https:\/\/kirkensbymisjon.no\/tilbud-gatejuristen\/wp-json\/wp\/v2\/comments?post=956"}],"version-history":[{"count":1,"href":"https:\/\/kirkensbymisjon.no\/tilbud-gatejuristen\/wp-json\/wp\/v2\/pages\/956\/revisions"}],"predecessor-version":[{"id":957,"href":"https:\/\/kirkensbymisjon.no\/tilbud-gatejuristen\/wp-json\/wp\/v2\/pages\/956\/revisions\/957"}],"up":[{"embeddable":true,"href":"https:\/\/kirkensbymisjon.no\/tilbud-gatejuristen\/wp-json\/wp\/v2\/pages\/13"}],"wp:attachment":[{"href":"https:\/\/kirkensbymisjon.no\/tilbud-gatejuristen\/wp-json\/wp\/v2\/media?parent=956"}],"curies":[{"name":"wp","href":"https:\/\/api.w.org\/{rel}","templated":true}]}}