{"id":4,"date":"2024-11-08T12:30:57","date_gmt":"2024-11-08T11:30:57","guid":{"rendered":"https:\/\/kirkensbymisjon.no\/tilbud-basen\/forside-2\/"},"modified":"2025-02-19T12:21:48","modified_gmt":"2025-02-19T11:21:48","slug":"forside-2","status":"publish","type":"page","link":"https:\/\/kirkensbymisjon.no\/tilbud-gateklinikken\/","title":{"rendered":"Forside"},"content":{"rendered":"\n<div class=\"wp-block-media-text alignwide is-stacked-on-mobile is-style-filled\"><figure class=\"wp-block-media-text__media\"><img loading=\"lazy\" decoding=\"async\" width=\"1024\" height=\"731\" src=\"https:\/\/kirkensbymisjon.no\/content\/uploads\/sites\/167\/2024\/12\/Tilbud_Gateklinikken_03-1024x731.jpg\" alt=\"\" class=\"wp-image-25 size-full\" srcset=\"https:\/\/kirkensbymisjon.no\/content\/uploads\/sites\/167\/2024\/12\/Tilbud_Gateklinikken_03-1024x731.jpg 1024w, https:\/\/kirkensbymisjon.no\/content\/uploads\/sites\/167\/2024\/12\/Tilbud_Gateklinikken_03-300x214.jpg 300w, https:\/\/kirkensbymisjon.no\/content\/uploads\/sites\/167\/2024\/12\/Tilbud_Gateklinikken_03-768x548.jpg 768w, https:\/\/kirkensbymisjon.no\/content\/uploads\/sites\/167\/2024\/12\/Tilbud_Gateklinikken_03-1536x1097.jpg 1536w, https:\/\/kirkensbymisjon.no\/content\/uploads\/sites\/167\/2024\/12\/Tilbud_Gateklinikken_03-2048x1463.jpg 2048w\" sizes=\"auto, (max-width: 1024px) 100vw, 1024px\" \/><\/figure><div class=\"wp-block-media-text__content\">\n<h2 class=\"wp-block-heading\" id=\"h-rom-for-alle\">Rom for alle<\/h2>\n\n\n\n<p>Gateklinikken er et tilbud for mennesker i rus- og gatemilj\u00f8et i Oslo, som ikke n\u00e5s av det ordin\u00e6re hjelpeapparatet. Du kan komme til oss selv om du ikke er registrert som Oslo-borger, vi bist\u00e5r ogs\u00e5 utenbysregistrerte og utenlandske borgere.<\/p>\n\n\n\n<p>Vi er opptatt av \u00e5 bygge relasjon og tillit med de vi m\u00f8ter, og jobber for \u00e5 fremme helse, livskvalitet og tilh\u00f8righet. Gateklinikken ligger like ved  <a href=\"https:\/\/eur02.safelinks.protection.outlook.com\/?url=https%3A%2F%2Fkirkensbymisjon.no%2Ftilbud-motestedet%2F&amp;data=05%7C02%7Clillian.setran%40bymisjon.no%7C69a1f9f0623d4e3d305a08dd02fdb05c%7C02202e82b2884acb8b0a7f8404a47cdb%7C1%7C0%7C638670010785198286%7CUnknown%7CTWFpbGZsb3d8eyJFbXB0eU1hcGkiOnRydWUsIlYiOiIwLjAuMDAwMCIsIlAiOiJXaW4zMiIsIkFOIjoiTWFpbCIsIldUIjoyfQ%3D%3D%7C0%7C%7C%7C&amp;sdata=OygD%2F5bU%2BNcUAf%2Bf9p%2FYXq5siXrGB8qAVHURug4thLY%3D&amp;reserved=0\">M\u00f8testedet<\/a>. P\u00e5 M\u00f8testedet kan man f\u00e5 et varmt m\u00e5ltid, felleskap og veiledning. <\/p>\n<\/div><\/div>\n\n\n\t<div class=\"alignwide wp-block-kbm-link-list\">\n\t\t<div class=\"kbm-link-list__items\">\n\t\t\t\n<div class=\"wp-block-kbm-link-list-item\">\t<svg xmlns=\"http:\/\/www.w3.org\/2000\/svg\" viewBox=\"0 0 48 48\" height=\"24\" width=\"24\" class=\"t2-icon t2-icon-treatmenthealthcare\" aria-hidden=\"true\" focusable=\"false\"><path d=\"M17.536 4.134c-.558.275-.532-.02-.576 6.48l-.04 5.853-.194.207a1.242 1.242 0 0 1-.48.286c-.177.049-2.434.079-5.91.08-6.211 0-5.954-.021-6.205.509C4.013 17.796 4 18.45 4 24s.013 6.204.131 6.451c.271.572-.033.544 6.487.589l5.858.04.222.222.222.222.04 5.858c.045 6.52.017 6.216.589 6.487.247.118.901.131 6.451.131s6.204-.013 6.451-.131c.572-.271.544.033.589-6.487l.04-5.858.222-.222.222-.222 5.858-.04c6.52-.045 6.216-.017 6.487-.589.118-.247.131-.901.131-6.451s-.013-6.204-.131-6.451c-.251-.53.006-.509-6.205-.509-3.476-.001-5.733-.031-5.91-.08a1.242 1.242 0 0 1-.48-.286l-.194-.207-.04-5.853c-.045-6.516-.017-6.212-.589-6.483-.247-.118-.899-.131-6.463-.129-5.552.001-6.215.015-6.452.132\"\/><\/svg>\t<div class=\"kbm-link-list-item__content\">\n\t\t<p class=\"kbm-link-list-item__title\">Helsehjelp- og oppf\u00f8lging<\/p>\n\t\t\t\t\t<p class=\"kbm-link-list-item__description\">Vi tilbyr st\u00f8tte til rus- og helserelaterte utfordringer. Hos oss jobber b\u00e5de lege, spesialsykepleier og sykepleier. Vi deler ogs\u00e5 ut brukerutstyr, nalokson og kondomer. <\/p>\n\t\t\t<\/div>\n\t<\/div>\n\n<div class=\"wp-block-kbm-link-list-item\">\t<svg xmlns=\"http:\/\/www.w3.org\/2000\/svg\" viewBox=\"0 0 48 48\" height=\"24\" width=\"24\" class=\"t2-icon t2-icon-conversations\" aria-hidden=\"true\" focusable=\"false\"><path d=\"M17.32 3.094c-5.657.702-10.128 3.89-11.592 8.266-.429 1.281-.554 2.15-.503 3.48.091 2.359.84 4.177 2.637 6.4l.194.24-1.547 2.48a1047.26 1047.26 0 0 0-2.025 3.256l-.477.776 2.297-.788c1.263-.433 3.316-1.138 4.562-1.568l2.266-.78.934.293c1.466.46 1.347.473 1.814-.197 2.253-3.232 6.618-5.596 11.23-6.078.871-.091 3.664-.057 4.456.054l.326.046.22-.49c.601-1.341.867-2.55.87-3.964.003-1.161-.111-1.889-.471-3-.548-1.693-1.441-3.086-2.858-4.456-2.194-2.121-5.095-3.478-8.345-3.904-.83-.109-3.313-.15-3.988-.066m9.974 16.986c-4.999.527-9.314 3.225-11.195 7-1.41 2.83-1.427 5.935-.047 8.712 2.876 5.789 10.846 8.631 17.838 6.361l.97-.315 4.51 1.553c2.481.855 4.521 1.543 4.534 1.53.014-.013-.878-1.472-1.981-3.242l-2.005-3.219.429-.53c1.19-1.471 1.904-2.945 2.27-4.685.168-.797.184-2.557.031-3.405-.236-1.313-.826-2.755-1.62-3.96-.612-.929-2.306-2.599-3.308-3.26-1.897-1.254-4.01-2.062-6.32-2.418-.979-.151-3.203-.217-4.106-.122\"\/><\/svg>\t<div class=\"kbm-link-list-item__content\">\n\t\t<p class=\"kbm-link-list-item__title\">Sosialfaglig bistand<\/p>\n\t\t\t\t\t<p class=\"kbm-link-list-item__description\">Vi bist\u00e5r deg med \u00e5 komme i kontakt med riktige akt\u00f8rer for \u00e5 f\u00e5 hjelpen du trenger. Vi har sosionom og milj\u00f8arbeider tilgjengelig. <\/p>\n\t\t\t<\/div>\n\t<\/div>\n\n<div class=\"wp-block-kbm-link-list-item\">\t<svg xmlns=\"http:\/\/www.w3.org\/2000\/svg\" viewBox=\"0 0 48 48\" height=\"24\" width=\"24\" class=\"t2-icon t2-icon-volunteering\" aria-hidden=\"true\" focusable=\"false\"><path d=\"M23.33 1.157c-.459.164-.862.527-1.11 1.001l-.22.42v9.211c0 10.395.045 9.659-.603 9.883-.286.098-.356.096-.601-.02-.55-.261-.512.307-.556-8.212-.044-8.585-.004-7.999-.593-8.588-.506-.505-.872-.65-1.647-.65-.55 0-.744.034-1.015.178-.412.219-.843.653-1.039 1.046-.139.28-.148.907-.186 13.494l-.04 13.2-2.888-4.321c-3.002-4.493-3.036-4.536-3.788-4.84-.357-.145-1.245-.13-1.604.026-.899.391-1.4 1.126-1.4 2.055 0 .605.105.842.971 2.201.826 1.295 1.75 3.04 2.71 5.119 1.268 2.745 2.467 5.172 2.981 6.034 2.373 3.98 5.378 5.888 10.151 6.446 1.014.119 3.559.163 4.113.071l.286-.047-3.126-3.048c-1.719-1.675-3.315-3.265-3.546-3.531-.922-1.066-1.411-2.4-1.407-3.845.005-2.62 1.651-4.838 4.227-5.698.58-.193.756-.214 1.88-.218 1.081-.003 1.317.02 1.84.182 1.024.318 1.849.825 2.736 1.681l.456.441.595-.565c1.254-1.192 2.72-1.781 4.436-1.782 1.081-.002 2.292.349 3.19.924l.427.273v-9.73c0-7.226-.024-9.81-.094-10.043-.12-.402-.632-.984-1.056-1.201-.398-.204-1.304-.281-1.783-.152a2.142 2.142 0 0 0-1.345 1.082l-.242.474-.04 6.593-.04 6.593-.19.154c-.427.346-.973.276-1.269-.162l-.181-.27-.001-9.088-.001-9.088-.188-.404c-.611-1.312-2.534-1.66-3.624-.655-.682.629-.621-.199-.666 9.099-.044 9.138-.004 8.51-.556 8.772-.245.116-.315.118-.601.02-.648-.224-.603.512-.603-9.883V2.578l-.223-.427c-.25-.478-.743-.901-1.199-1.027-.418-.116-1.359-.098-1.728.033m1.372 28.611c-1.11.121-2.023.574-2.869 1.423-1.568 1.572-1.855 3.79-.735 5.679.296.499.462.666 7.001 7.043l.698.681.542-.142c3.486-.919 6.794-3.671 8.386-6.979.723-1.504 1.098-2.941 1.243-4.77.11-1.383.113-1.375-.672-1.957-1.021-.758-1.887-1.019-3.21-.968-1.505.057-2.308.439-3.687 1.75-1.07 1.018-1.083 1.019-1.983.172-.928-.873-1.305-1.166-1.862-1.445a5.097 5.097 0 0 0-2.852-.487\"\/><\/svg>\t<div class=\"kbm-link-list-item__content\">\n\t\t<p class=\"kbm-link-list-item__title\">Dekking av basisbehov, stabilitet og hvile<\/p>\n\t\t\t\t\t<p class=\"kbm-link-list-item__description\">Hos oss kan du ta en pust i bakken n\u00e5r du trenger det. Vi tilbyr ogs\u00e5 mat, dusj og klesvask. <\/p>\n\t\t\t<\/div>\n\t<\/div>\n\t\t<\/div>\n\t<\/div>\n\t","protected":false},"excerpt":{"rendered":"<p>Rom for alle Gateklinikken er et tilbud for mennesker i rus- og gatemilj\u00f8et i Oslo,&hellip;<\/p>\n","protected":false},"author":4,"featured_media":0,"parent":0,"menu_order":0,"comment_status":"closed","ping_status":"closed","template":"","meta":{"_relevanssi_hide_post":"","_relevanssi_hide_content":"","_relevanssi_pin_for_all":"","_relevanssi_pin_keywords":"","_relevanssi_unpin_keywords":"","_relevanssi_related_keywords":"","_relevanssi_related_include_ids":"","_relevanssi_related_exclude_ids":"","_relevanssi_related_no_append":"","_relevanssi_related_not_related":"","_relevanssi_related_posts":"1","_relevanssi_noindex_reason":"","editor_notices":[],"footnotes":""},"class_list":["post-4","page","type-page","status-publish","hentry"],"yoast_head":"<!-- This site is optimized with the Yoast SEO Premium plugin v27.2 (Yoast SEO v27.4) - https:\/\/yoast.com\/product\/yoast-seo-premium-wordpress\/ -->\n<title>Kirkens Bymisjon - Gateklinikken<\/title>\n<meta name=\"description\" content=\"Gateklinikken er et tilbud for mennesker i rus- og gatemilj\u00f8et i Oslo, som ikke n\u00e5s av det ordin\u00e6re hjelpeapparatet.\" \/>\n<meta name=\"robots\" content=\"index, follow, max-snippet:-1, max-image-preview:large, max-video-preview:-1\" \/>\n<link rel=\"canonical\" href=\"https:\/\/kirkensbymisjon.no\/tilbud-gateklinikken\/\" \/>\n<meta property=\"og:locale\" content=\"nb_NO\" \/>\n<meta property=\"og:type\" content=\"article\" \/>\n<meta property=\"og:title\" content=\"Forside\" \/>\n<meta property=\"og:description\" content=\"Gateklinikken er et tilbud for mennesker i rus- og gatemilj\u00f8et i Oslo, som ikke n\u00e5s av det ordin\u00e6re hjelpeapparatet.\" \/>\n<meta property=\"og:url\" content=\"https:\/\/kirkensbymisjon.no\/tilbud-gateklinikken\/\" \/>\n<meta property=\"og:site_name\" content=\"Gateklinikken\" \/>\n<meta property=\"article:modified_time\" content=\"2025-02-19T11:21:48+00:00\" \/>\n<meta property=\"og:image\" content=\"https:\/\/kirkensbymisjon.no\/content\/uploads\/sites\/167\/2024\/12\/Tilbud_Gateklinikken_03-scaled.jpg\" \/>\n\t<meta property=\"og:image:width\" content=\"2560\" \/>\n\t<meta property=\"og:image:height\" content=\"1828\" \/>\n\t<meta property=\"og:image:type\" content=\"image\/jpeg\" \/>\n<meta name=\"twitter:card\" content=\"summary_large_image\" \/>\n<meta name=\"twitter:label1\" content=\"Ansl. lesetid\" \/>\n\t<meta name=\"twitter:data1\" content=\"1 minutt\" \/>\n<script type=\"application\/ld+json\" class=\"yoast-schema-graph\">{\"@context\":\"https:\\\/\\\/schema.org\",\"@graph\":[{\"@type\":\"WebPage\",\"@id\":\"https:\\\/\\\/kirkensbymisjon.no\\\/tilbud-gateklinikken\\\/\",\"url\":\"https:\\\/\\\/kirkensbymisjon.no\\\/tilbud-gateklinikken\\\/\",\"name\":\"Kirkens Bymisjon - Gateklinikken\",\"isPartOf\":{\"@id\":\"https:\\\/\\\/kirkensbymisjon.no\\\/tilbud-gateklinikken\\\/#website\"},\"primaryImageOfPage\":{\"@id\":\"https:\\\/\\\/kirkensbymisjon.no\\\/tilbud-gateklinikken\\\/#primaryimage\"},\"image\":{\"@id\":\"https:\\\/\\\/kirkensbymisjon.no\\\/tilbud-gateklinikken\\\/#primaryimage\"},\"thumbnailUrl\":\"https:\\\/\\\/kirkensbymisjon.no\\\/content\\\/uploads\\\/sites\\\/167\\\/2024\\\/12\\\/Tilbud_Gateklinikken_03-1024x731.jpg\",\"datePublished\":\"2024-11-08T11:30:57+00:00\",\"dateModified\":\"2025-02-19T11:21:48+00:00\",\"description\":\"Gateklinikken er et tilbud for mennesker i rus- og gatemilj\u00f8et i Oslo, som ikke n\u00e5s av det ordin\u00e6re hjelpeapparatet.\",\"breadcrumb\":{\"@id\":\"https:\\\/\\\/kirkensbymisjon.no\\\/tilbud-gateklinikken\\\/#breadcrumb\"},\"inLanguage\":\"nb-NO\",\"potentialAction\":[{\"@type\":\"ReadAction\",\"target\":[\"https:\\\/\\\/kirkensbymisjon.no\\\/tilbud-gateklinikken\\\/\"]}]},{\"@type\":\"ImageObject\",\"inLanguage\":\"nb-NO\",\"@id\":\"https:\\\/\\\/kirkensbymisjon.no\\\/tilbud-gateklinikken\\\/#primaryimage\",\"url\":\"https:\\\/\\\/kirkensbymisjon.no\\\/content\\\/uploads\\\/sites\\\/167\\\/2024\\\/12\\\/Tilbud_Gateklinikken_03-1024x731.jpg\",\"contentUrl\":\"https:\\\/\\\/kirkensbymisjon.no\\\/content\\\/uploads\\\/sites\\\/167\\\/2024\\\/12\\\/Tilbud_Gateklinikken_03-1024x731.jpg\"},{\"@type\":\"BreadcrumbList\",\"@id\":\"https:\\\/\\\/kirkensbymisjon.no\\\/tilbud-gateklinikken\\\/#breadcrumb\",\"itemListElement\":[{\"@type\":\"ListItem\",\"position\":1,\"name\":\"Hjem\",\"item\":\"https:\\\/\\\/kirkensbymisjon.no\\\/tilbud-gateklinikken\\\/\"},{\"@type\":\"ListItem\",\"position\":2,\"name\":\"Forside\"}]},{\"@type\":\"WebSite\",\"@id\":\"https:\\\/\\\/kirkensbymisjon.no\\\/tilbud-gateklinikken\\\/#website\",\"url\":\"https:\\\/\\\/kirkensbymisjon.no\\\/tilbud-gateklinikken\\\/\",\"name\":\"Gateklinikken\",\"description\":\"\",\"potentialAction\":[{\"@type\":\"SearchAction\",\"target\":{\"@type\":\"EntryPoint\",\"urlTemplate\":\"https:\\\/\\\/kirkensbymisjon.no\\\/tilbud-gateklinikken\\\/?s={search_term_string}\"},\"query-input\":{\"@type\":\"PropertyValueSpecification\",\"valueRequired\":true,\"valueName\":\"search_term_string\"}}],\"inLanguage\":\"nb-NO\"}]}<\/script>\n<!-- \/ Yoast SEO Premium plugin. -->","yoast_head_json":{"title":"Kirkens Bymisjon - Gateklinikken","description":"Gateklinikken er et tilbud for mennesker i rus- og gatemilj\u00f8et i Oslo, som ikke n\u00e5s av det ordin\u00e6re hjelpeapparatet.","robots":{"index":"index","follow":"follow","max-snippet":"max-snippet:-1","max-image-preview":"max-image-preview:large","max-video-preview":"max-video-preview:-1"},"canonical":"https:\/\/kirkensbymisjon.no\/tilbud-gateklinikken\/","og_locale":"nb_NO","og_type":"article","og_title":"Forside","og_description":"Gateklinikken er et tilbud for mennesker i rus- og gatemilj\u00f8et i Oslo, som ikke n\u00e5s av det ordin\u00e6re hjelpeapparatet.","og_url":"https:\/\/kirkensbymisjon.no\/tilbud-gateklinikken\/","og_site_name":"Gateklinikken","article_modified_time":"2025-02-19T11:21:48+00:00","og_image":[{"width":2560,"height":1828,"url":"https:\/\/kirkensbymisjon.no\/content\/uploads\/sites\/167\/2024\/12\/Tilbud_Gateklinikken_03-scaled.jpg","type":"image\/jpeg"}],"twitter_card":"summary_large_image","twitter_misc":{"Ansl. lesetid":"1 minutt"},"schema":{"@context":"https:\/\/schema.org","@graph":[{"@type":"WebPage","@id":"https:\/\/kirkensbymisjon.no\/tilbud-gateklinikken\/","url":"https:\/\/kirkensbymisjon.no\/tilbud-gateklinikken\/","name":"Kirkens Bymisjon - Gateklinikken","isPartOf":{"@id":"https:\/\/kirkensbymisjon.no\/tilbud-gateklinikken\/#website"},"primaryImageOfPage":{"@id":"https:\/\/kirkensbymisjon.no\/tilbud-gateklinikken\/#primaryimage"},"image":{"@id":"https:\/\/kirkensbymisjon.no\/tilbud-gateklinikken\/#primaryimage"},"thumbnailUrl":"https:\/\/kirkensbymisjon.no\/content\/uploads\/sites\/167\/2024\/12\/Tilbud_Gateklinikken_03-1024x731.jpg","datePublished":"2024-11-08T11:30:57+00:00","dateModified":"2025-02-19T11:21:48+00:00","description":"Gateklinikken er et tilbud for mennesker i rus- og gatemilj\u00f8et i Oslo, som ikke n\u00e5s av det ordin\u00e6re hjelpeapparatet.","breadcrumb":{"@id":"https:\/\/kirkensbymisjon.no\/tilbud-gateklinikken\/#breadcrumb"},"inLanguage":"nb-NO","potentialAction":[{"@type":"ReadAction","target":["https:\/\/kirkensbymisjon.no\/tilbud-gateklinikken\/"]}]},{"@type":"ImageObject","inLanguage":"nb-NO","@id":"https:\/\/kirkensbymisjon.no\/tilbud-gateklinikken\/#primaryimage","url":"https:\/\/kirkensbymisjon.no\/content\/uploads\/sites\/167\/2024\/12\/Tilbud_Gateklinikken_03-1024x731.jpg","contentUrl":"https:\/\/kirkensbymisjon.no\/content\/uploads\/sites\/167\/2024\/12\/Tilbud_Gateklinikken_03-1024x731.jpg"},{"@type":"BreadcrumbList","@id":"https:\/\/kirkensbymisjon.no\/tilbud-gateklinikken\/#breadcrumb","itemListElement":[{"@type":"ListItem","position":1,"name":"Hjem","item":"https:\/\/kirkensbymisjon.no\/tilbud-gateklinikken\/"},{"@type":"ListItem","position":2,"name":"Forside"}]},{"@type":"WebSite","@id":"https:\/\/kirkensbymisjon.no\/tilbud-gateklinikken\/#website","url":"https:\/\/kirkensbymisjon.no\/tilbud-gateklinikken\/","name":"Gateklinikken","description":"","potentialAction":[{"@type":"SearchAction","target":{"@type":"EntryPoint","urlTemplate":"https:\/\/kirkensbymisjon.no\/tilbud-gateklinikken\/?s={search_term_string}"},"query-input":{"@type":"PropertyValueSpecification","valueRequired":true,"valueName":"search_term_string"}}],"inLanguage":"nb-NO"}]}},"_links":{"self":[{"href":"https:\/\/kirkensbymisjon.no\/tilbud-gateklinikken\/wp-json\/wp\/v2\/pages\/4","targetHints":{"allow":["GET"]}}],"collection":[{"href":"https:\/\/kirkensbymisjon.no\/tilbud-gateklinikken\/wp-json\/wp\/v2\/pages"}],"about":[{"href":"https:\/\/kirkensbymisjon.no\/tilbud-gateklinikken\/wp-json\/wp\/v2\/types\/page"}],"author":[{"embeddable":true,"href":"https:\/\/kirkensbymisjon.no\/tilbud-gateklinikken\/wp-json\/wp\/v2\/users\/4"}],"replies":[{"embeddable":true,"href":"https:\/\/kirkensbymisjon.no\/tilbud-gateklinikken\/wp-json\/wp\/v2\/comments?post=4"}],"version-history":[{"count":5,"href":"https:\/\/kirkensbymisjon.no\/tilbud-gateklinikken\/wp-json\/wp\/v2\/pages\/4\/revisions"}],"predecessor-version":[{"id":43,"href":"https:\/\/kirkensbymisjon.no\/tilbud-gateklinikken\/wp-json\/wp\/v2\/pages\/4\/revisions\/43"}],"wp:attachment":[{"href":"https:\/\/kirkensbymisjon.no\/tilbud-gateklinikken\/wp-json\/wp\/v2\/media?parent=4"}],"curies":[{"name":"wp","href":"https:\/\/api.w.org\/{rel}","templated":true}]}}