{"id":2,"date":"2024-06-14T13:08:57","date_gmt":"2024-06-14T11:08:57","guid":{"rendered":"https:\/\/kirkensbymisjon.no\/tilbud-gatemagasinet-asfalt\/?page_id=2"},"modified":"2024-09-06T18:19:17","modified_gmt":"2024-09-06T16:19:17","slug":"forside","status":"publish","type":"page","link":"https:\/\/kirkensbymisjon.no\/tilbud-gatemagasinet-asfalt\/","title":{"rendered":"Forside"},"content":{"rendered":"\n<p>Gatemagasinet Asfalt \u00f8nsker \u00e5 skape forst\u00e5else og dialog mellom ulike sosiale grupperinger, og samtidig bidra til \u00e5 rive ned en del av samfunnets fordommer.<\/p>\n\n\n\n<p>Selgerne kj\u00f8per bladet for 50 kroner og selger det videre for 100 kroner. Mellomlegget beholder selgeren som l\u00f8nn. Gatemagasinet Asfalt \u00f8nsker p\u00e5 denne m\u00e5ten \u00e5 gi medmennesker en mulighet til \u00e5 skaffe seg en inntekt p\u00e5 en verdig m\u00e5te. En m\u00e5te som bidrar til \u00e5 gi et fotfeste, \u00f8kt selvbilde og livskvalitet, og som gj\u00f8r at en kan f\u00f8le seg som en del av noe st\u00f8rre.<br><br>Les v\u00e5re artikler p\u00e5 <a href=\"https:\/\/gatemagasinetasfalt.no\/\" target=\"_blank\" rel=\"noreferrer noopener\">gatemagasinetasfalt.no<\/a>.<\/p>\n\n\n\n<div class=\"wp-block-media-text alignwide is-stacked-on-mobile is-style-filled\"><figure class=\"wp-block-media-text__media\"><img decoding=\"async\" src=\"https:\/\/kirkensbymisjon.no\/content\/uploads\/2024\/06\/arbeidsfelt_arbeidsinkludering_02-1024x576.jpg\" alt=\"Ung jente i arbeidstrening ved Ung p\u00e5 dagtid i Halden\" class=\"wp-image-365 size-full\"\/><\/figure><div class=\"wp-block-media-text__content\">\n<h2 class=\"wp-block-heading\" id=\"h-arbeidsinkuldering\">Arbeidsinkuldering <\/h2>\n\n\n\n<p>Vi driver en rekke tilbud for \u00e5 hjelpe mennesker ut i arbeid. Det \u00e5 ha noe \u00e5 g\u00e5 til er viktig av mange grunner. For mange er arbeid et alternativ til noe vanskelig. Det kan handle om rus, ensomhet eller andre utfordringer. Gjennom v\u00e5rt arbeid kan vi bidra arbeidsfellesskap, mestring og inntekt.&nbsp;<\/p>\n\n\n\n<p><a href=\"\/arbeidsinkludering\">Les mer om v\u00e5re tilbud<\/a><\/p>\n<\/div><\/div>\n","protected":false},"excerpt":{"rendered":"<p>Gatemagasinet Asfalt \u00f8nsker \u00e5 skape forst\u00e5else og dialog mellom ulike sosiale grupperinger, og samtidig bidra&hellip;<\/p>\n","protected":false},"author":1,"featured_media":29,"parent":0,"menu_order":0,"comment_status":"closed","ping_status":"closed","template":"","meta":{"_relevanssi_hide_post":"","_relevanssi_hide_content":"","_relevanssi_pin_for_all":"","_relevanssi_pin_keywords":"","_relevanssi_unpin_keywords":"","_relevanssi_related_keywords":"","_relevanssi_related_include_ids":"","_relevanssi_related_exclude_ids":"","_relevanssi_related_no_append":"","_relevanssi_related_not_related":"","_relevanssi_related_posts":"1","_relevanssi_noindex_reason":"","editor_notices":[],"footnotes":""},"class_list":["post-2","page","type-page","status-publish","has-post-thumbnail","hentry"],"yoast_head":"<!-- This site is optimized with the Yoast SEO Premium plugin v27.2 (Yoast SEO v27.2) - https:\/\/yoast.com\/product\/yoast-seo-premium-wordpress\/ -->\n<title>Kirkens Bymisjon - Gatemagasinet Asfalt<\/title>\n<meta name=\"description\" content=\"Vi er et salgskontor for Gatemagasinet Asfalt som selges av mennesker med ruserfaring og som er i en vanskelig livssituasjon.\" \/>\n<meta name=\"robots\" content=\"index, follow, max-snippet:-1, max-image-preview:large, max-video-preview:-1\" \/>\n<link rel=\"canonical\" href=\"https:\/\/kirkensbymisjon.no\/tilbud-gatemagasinet-asfalt\/\" \/>\n<meta property=\"og:locale\" content=\"nb_NO\" \/>\n<meta property=\"og:type\" content=\"article\" \/>\n<meta property=\"og:title\" content=\"Kirkens Bymisjon - Gatemagasinet Asfalt\" \/>\n<meta property=\"og:description\" content=\"Vi er et salgskontor for Gatemagasinet Asfalt som selges av mennesker med ruserfaring og som er i en vanskelig livssituasjon.\" \/>\n<meta property=\"og:url\" content=\"https:\/\/kirkensbymisjon.no\/tilbud-gatemagasinet-asfalt\/\" \/>\n<meta property=\"og:site_name\" content=\"Gatemagasinet Asfalt\" \/>\n<meta property=\"article:modified_time\" content=\"2024-09-06T16:19:17+00:00\" \/>\n<meta property=\"og:image\" content=\"https:\/\/kirkensbymisjon.no\/content\/uploads\/sites\/17\/2024\/06\/Tilbud_Gatemagasinet_Asfalt_01.jpeg\" \/>\n\t<meta property=\"og:image:width\" content=\"1373\" \/>\n\t<meta property=\"og:image:height\" content=\"906\" \/>\n\t<meta property=\"og:image:type\" content=\"image\/jpeg\" \/>\n<meta name=\"twitter:card\" content=\"summary_large_image\" \/>\n<meta name=\"twitter:title\" content=\"Forside\" \/>\n<meta name=\"twitter:label1\" content=\"Ansl. lesetid\" \/>\n\t<meta name=\"twitter:data1\" content=\"2 minutter\" \/>\n<script type=\"application\/ld+json\" class=\"yoast-schema-graph\">{\"@context\":\"https:\/\/schema.org\",\"@graph\":[{\"@type\":\"WebPage\",\"@id\":\"https:\/\/kirkensbymisjon.no\/tilbud-gatemagasinet-asfalt\/\",\"url\":\"https:\/\/kirkensbymisjon.no\/tilbud-gatemagasinet-asfalt\/\",\"name\":\"Kirkens Bymisjon - Gatemagasinet Asfalt\",\"isPartOf\":{\"@id\":\"https:\/\/kirkensbymisjon.no\/tilbud-gatemagasinet-asfalt\/#website\"},\"primaryImageOfPage\":{\"@id\":\"https:\/\/kirkensbymisjon.no\/tilbud-gatemagasinet-asfalt\/#primaryimage\"},\"image\":{\"@id\":\"https:\/\/kirkensbymisjon.no\/tilbud-gatemagasinet-asfalt\/#primaryimage\"},\"thumbnailUrl\":\"https:\/\/kirkensbymisjon.no\/content\/uploads\/sites\/17\/2024\/06\/Tilbud_Gatemagasinet_Asfalt_01.jpeg\",\"datePublished\":\"2024-06-14T11:08:57+00:00\",\"dateModified\":\"2024-09-06T16:19:17+00:00\",\"description\":\"Vi er et salgskontor for Gatemagasinet Asfalt som selges av mennesker med ruserfaring og som er i en vanskelig livssituasjon.\",\"breadcrumb\":{\"@id\":\"https:\/\/kirkensbymisjon.no\/tilbud-gatemagasinet-asfalt\/#breadcrumb\"},\"inLanguage\":\"nb-NO\",\"potentialAction\":[{\"@type\":\"ReadAction\",\"target\":[\"https:\/\/kirkensbymisjon.no\/tilbud-gatemagasinet-asfalt\/\"]}]},{\"@type\":\"ImageObject\",\"inLanguage\":\"nb-NO\",\"@id\":\"https:\/\/kirkensbymisjon.no\/tilbud-gatemagasinet-asfalt\/#primaryimage\",\"url\":\"https:\/\/kirkensbymisjon.no\/content\/uploads\/sites\/17\/2024\/06\/Tilbud_Gatemagasinet_Asfalt_01.jpeg\",\"contentUrl\":\"https:\/\/kirkensbymisjon.no\/content\/uploads\/sites\/17\/2024\/06\/Tilbud_Gatemagasinet_Asfalt_01.jpeg\",\"width\":1373,\"height\":906,\"caption\":\"Magasinselgere som viser fram utgaver\"},{\"@type\":\"BreadcrumbList\",\"@id\":\"https:\/\/kirkensbymisjon.no\/tilbud-gatemagasinet-asfalt\/#breadcrumb\",\"itemListElement\":[{\"@type\":\"ListItem\",\"position\":1,\"name\":\"Hjem\",\"item\":\"https:\/\/kirkensbymisjon.no\/tilbud-gatemagasinet-asfalt\/\"},{\"@type\":\"ListItem\",\"position\":2,\"name\":\"Forside\"}]},{\"@type\":\"WebSite\",\"@id\":\"https:\/\/kirkensbymisjon.no\/tilbud-gatemagasinet-asfalt\/#website\",\"url\":\"https:\/\/kirkensbymisjon.no\/tilbud-gatemagasinet-asfalt\/\",\"name\":\"Gatemagasinet Asfalt\",\"description\":\"\",\"potentialAction\":[{\"@type\":\"SearchAction\",\"target\":{\"@type\":\"EntryPoint\",\"urlTemplate\":\"https:\/\/kirkensbymisjon.no\/tilbud-gatemagasinet-asfalt\/?s={search_term_string}\"},\"query-input\":{\"@type\":\"PropertyValueSpecification\",\"valueRequired\":true,\"valueName\":\"search_term_string\"}}],\"inLanguage\":\"nb-NO\"}]}<\/script>\n<!-- \/ Yoast SEO Premium plugin. -->","yoast_head_json":{"title":"Kirkens Bymisjon - Gatemagasinet Asfalt","description":"Vi er et salgskontor for Gatemagasinet Asfalt som selges av mennesker med ruserfaring og som er i en vanskelig livssituasjon.","robots":{"index":"index","follow":"follow","max-snippet":"max-snippet:-1","max-image-preview":"max-image-preview:large","max-video-preview":"max-video-preview:-1"},"canonical":"https:\/\/kirkensbymisjon.no\/tilbud-gatemagasinet-asfalt\/","og_locale":"nb_NO","og_type":"article","og_title":"Kirkens Bymisjon - Gatemagasinet Asfalt","og_description":"Vi er et salgskontor for Gatemagasinet Asfalt som selges av mennesker med ruserfaring og som er i en vanskelig livssituasjon.","og_url":"https:\/\/kirkensbymisjon.no\/tilbud-gatemagasinet-asfalt\/","og_site_name":"Gatemagasinet Asfalt","article_modified_time":"2024-09-06T16:19:17+00:00","og_image":[{"width":1373,"height":906,"url":"https:\/\/kirkensbymisjon.no\/content\/uploads\/sites\/17\/2024\/06\/Tilbud_Gatemagasinet_Asfalt_01.jpeg","type":"image\/jpeg"}],"twitter_card":"summary_large_image","twitter_title":"Forside","twitter_misc":{"Ansl. lesetid":"2 minutter"},"schema":{"@context":"https:\/\/schema.org","@graph":[{"@type":"WebPage","@id":"https:\/\/kirkensbymisjon.no\/tilbud-gatemagasinet-asfalt\/","url":"https:\/\/kirkensbymisjon.no\/tilbud-gatemagasinet-asfalt\/","name":"Kirkens Bymisjon - Gatemagasinet Asfalt","isPartOf":{"@id":"https:\/\/kirkensbymisjon.no\/tilbud-gatemagasinet-asfalt\/#website"},"primaryImageOfPage":{"@id":"https:\/\/kirkensbymisjon.no\/tilbud-gatemagasinet-asfalt\/#primaryimage"},"image":{"@id":"https:\/\/kirkensbymisjon.no\/tilbud-gatemagasinet-asfalt\/#primaryimage"},"thumbnailUrl":"https:\/\/kirkensbymisjon.no\/content\/uploads\/sites\/17\/2024\/06\/Tilbud_Gatemagasinet_Asfalt_01.jpeg","datePublished":"2024-06-14T11:08:57+00:00","dateModified":"2024-09-06T16:19:17+00:00","description":"Vi er et salgskontor for Gatemagasinet Asfalt som selges av mennesker med ruserfaring og som er i en vanskelig livssituasjon.","breadcrumb":{"@id":"https:\/\/kirkensbymisjon.no\/tilbud-gatemagasinet-asfalt\/#breadcrumb"},"inLanguage":"nb-NO","potentialAction":[{"@type":"ReadAction","target":["https:\/\/kirkensbymisjon.no\/tilbud-gatemagasinet-asfalt\/"]}]},{"@type":"ImageObject","inLanguage":"nb-NO","@id":"https:\/\/kirkensbymisjon.no\/tilbud-gatemagasinet-asfalt\/#primaryimage","url":"https:\/\/kirkensbymisjon.no\/content\/uploads\/sites\/17\/2024\/06\/Tilbud_Gatemagasinet_Asfalt_01.jpeg","contentUrl":"https:\/\/kirkensbymisjon.no\/content\/uploads\/sites\/17\/2024\/06\/Tilbud_Gatemagasinet_Asfalt_01.jpeg","width":1373,"height":906,"caption":"Magasinselgere som viser fram utgaver"},{"@type":"BreadcrumbList","@id":"https:\/\/kirkensbymisjon.no\/tilbud-gatemagasinet-asfalt\/#breadcrumb","itemListElement":[{"@type":"ListItem","position":1,"name":"Hjem","item":"https:\/\/kirkensbymisjon.no\/tilbud-gatemagasinet-asfalt\/"},{"@type":"ListItem","position":2,"name":"Forside"}]},{"@type":"WebSite","@id":"https:\/\/kirkensbymisjon.no\/tilbud-gatemagasinet-asfalt\/#website","url":"https:\/\/kirkensbymisjon.no\/tilbud-gatemagasinet-asfalt\/","name":"Gatemagasinet Asfalt","description":"","potentialAction":[{"@type":"SearchAction","target":{"@type":"EntryPoint","urlTemplate":"https:\/\/kirkensbymisjon.no\/tilbud-gatemagasinet-asfalt\/?s={search_term_string}"},"query-input":{"@type":"PropertyValueSpecification","valueRequired":true,"valueName":"search_term_string"}}],"inLanguage":"nb-NO"}]}},"_links":{"self":[{"href":"https:\/\/kirkensbymisjon.no\/tilbud-gatemagasinet-asfalt\/wp-json\/wp\/v2\/pages\/2","targetHints":{"allow":["GET"]}}],"collection":[{"href":"https:\/\/kirkensbymisjon.no\/tilbud-gatemagasinet-asfalt\/wp-json\/wp\/v2\/pages"}],"about":[{"href":"https:\/\/kirkensbymisjon.no\/tilbud-gatemagasinet-asfalt\/wp-json\/wp\/v2\/types\/page"}],"author":[{"embeddable":true,"href":"https:\/\/kirkensbymisjon.no\/tilbud-gatemagasinet-asfalt\/wp-json\/wp\/v2\/users\/1"}],"replies":[{"embeddable":true,"href":"https:\/\/kirkensbymisjon.no\/tilbud-gatemagasinet-asfalt\/wp-json\/wp\/v2\/comments?post=2"}],"version-history":[{"count":5,"href":"https:\/\/kirkensbymisjon.no\/tilbud-gatemagasinet-asfalt\/wp-json\/wp\/v2\/pages\/2\/revisions"}],"predecessor-version":[{"id":68,"href":"https:\/\/kirkensbymisjon.no\/tilbud-gatemagasinet-asfalt\/wp-json\/wp\/v2\/pages\/2\/revisions\/68"}],"wp:featuredmedia":[{"embeddable":true,"href":"https:\/\/kirkensbymisjon.no\/tilbud-gatemagasinet-asfalt\/wp-json\/wp\/v2\/media\/29"}],"wp:attachment":[{"href":"https:\/\/kirkensbymisjon.no\/tilbud-gatemagasinet-asfalt\/wp-json\/wp\/v2\/media?parent=2"}],"curies":[{"name":"wp","href":"https:\/\/api.w.org\/{rel}","templated":true}]}}